{"id":9918,"date":"2021-11-29T13:32:26","date_gmt":"2021-11-29T12:32:26","guid":{"rendered":"https:\/\/www.allscore.de\/shop\/?post_type=product&#038;p=9918"},"modified":"2026-05-03T19:14:55","modified_gmt":"2026-05-03T17:14:55","slug":"inspector-lestrade-faksimile-der-angst-fall-13","status":"publish","type":"product","link":"https:\/\/www.allscore.de\/shop\/produkt\/inspector-lestrade-faksimile-der-angst-fall-13\/","title":{"rendered":"Inspector Lestrade 13: Faksimile der Angst"},"content":{"rendered":"<p>Inspector Lestrade: Faksimile der Angst (Fall 13)<\/p>\n<p>Dem Gro\u00dfen Veneficus gelingt auf der B\u00fchne, was niemand vor ihm geschafft hat: Er erweckt Totes wieder zum Leben. Publikum und Presse sind begeistert, zumal der Magier steif und fest behauptet, tats\u00e4chlich Macht \u00fcber den Tod zu besitzen. Aber nicht alle glauben das. Ein Priester, der den Magier als L\u00fcgner beschimpft, wird kurz danach von einem \u201eWiedererweckten\u201c grausam get\u00f6tet. Und seltsamerweise gibt der Magier offen zu, den Leichnam ins Leben zur\u00fcckgerufen zu haben. Lestrade nimmt seine Ermittlungen auf, in einem Fall, der bizarrer nicht sein k\u00f6nnte.<\/p>\n<p>Inspector Lestrade: Lutz Harder<br \/>\nInspector Dash: Michael Pink<br \/>\nMcKinstry: Tino Kie\u00dfling<br \/>\nCommissioner Cedric Hawksley: Bodo Wolf<br \/>\nDr. Thomas Lovell: J\u00f6rg Hengstler<br \/>\nSergeant Rigby: Heiko Akrap<br \/>\nMrs. Lestrade: Margrit Stra\u00dfburger<br \/>\nAnthony Wimbush: Manuel Straube<br \/>\nVeneficus: Lothar Hinze<br \/>\nDennis Leaman: Bastian Sierich<br \/>\nPatsy Dawes: Josephine Schmidt<br \/>\nSir Edward Grey: Reinhard Scheunemann<br \/>\nTotengr\u00e4ber: Stefan Staudinger<br \/>\nW\u00e4rter: Tommy Morgenstern<br \/>\nButler: Bernd Vollbrecht<\/p>\n<p>Regie: Gerd Naumann<br \/>\nBuch und Idee: Andreas Masuth<br \/>\nMusik: Christian Bluthardt<br \/>\nSounddesign, Mischung &amp; Master: Tom Steinbrecher<\/p>\n","protected":false},"excerpt":{"rendered":"<p>Inspector Lestrade: Faksimile der Angst (Fall 13) Dem Gro\u00dfen Veneficus gelingt auf der B\u00fchne, was niemand vor ihm geschafft hat: Er erweckt Totes wieder zum Leben. Publikum und Presse sind begeistert, zumal der Magier steif und fest behauptet, tats\u00e4chlich Macht \u00fcber den Tod zu besitzen. Aber nicht alle glauben das. Ein Priester, der den Magier&#8230;<\/p>\n<p><a rel=\"bookmark\" class=\"vonzot-button-simple wvc-button wvc-button-size-sm\" href=\"https:\/\/www.allscore.de\/shop\/produkt\/inspector-lestrade-faksimile-der-angst-fall-13\/\"><span>Read more<\/span><\/a><\/p>\n","protected":false},"featured_media":9916,"template":"","meta":[],"product_brand":[],"product_cat":[72,217],"product_tag":[],"class_list":{"0":"post-9918","1":"product","2":"type-product","3":"status-publish","4":"has-post-thumbnail","6":"product_cat-hoerspiele","7":"product_cat-inspector-lestrade","8":"product_shipping_class-tontraeger-cd","9":"entry","10":"clearfix","11":"entry-grid","12":"entry-columns-3","13":"entry-product-module-layout-sidebar-right","14":"thumbnail-color-tone-dark","15":"entry-product","17":"entry-product-grid","19":"first","20":"instock","21":"taxable","22":"shipping-taxable","23":"purchasable","24":"product-type-simple"},"yoast_head":"<!-- This site is optimized with the Yoast SEO plugin v27.4 - https:\/\/yoast.com\/product\/yoast-seo-wordpress\/ -->\n<title>Inspector Lestrade 13: Faksimile der Angst<\/title>\n<meta name=\"description\" content=\"Inspector Lestrade: Faksimile der Angst (Fall 13) Dem Gro\u00dfen Veneficus gelingt auf der B\u00fchne, was niemand vor ihm geschafft hat: Er erweckt Totes wieder\" \/>\n<meta name=\"robots\" content=\"index, follow, max-snippet:-1, max-image-preview:large, max-video-preview:-1\" \/>\n<link rel=\"canonical\" href=\"https:\/\/www.allscore.de\/shop\/produkt\/inspector-lestrade-faksimile-der-angst-fall-13\/\" \/>\n<meta property=\"og:locale\" content=\"de_DE\" \/>\n<meta property=\"og:type\" content=\"article\" \/>\n<meta property=\"og:title\" content=\"Inspector Lestrade 13: Faksimile der Angst\" \/>\n<meta property=\"og:description\" content=\"Inspector Lestrade: Faksimile der Angst (Fall 13) Dem Gro\u00dfen Veneficus gelingt auf der B\u00fchne, was niemand vor ihm geschafft hat: Er erweckt Totes wieder\" \/>\n<meta property=\"og:url\" content=\"https:\/\/www.allscore.de\/shop\/produkt\/inspector-lestrade-faksimile-der-angst-fall-13\/\" \/>\n<meta property=\"og:site_name\" content=\"Allscore Shop\" \/>\n<meta property=\"article:modified_time\" content=\"2026-05-03T17:14:55+00:00\" \/>\n<meta property=\"og:image\" content=\"https:\/\/www.allscore.de\/shop\/wp-content\/uploads\/2021\/04\/Lest13_1200x1200.jpg\" \/>\n\t<meta property=\"og:image:width\" content=\"1200\" \/>\n\t<meta property=\"og:image:height\" content=\"1200\" \/>\n\t<meta property=\"og:image:type\" content=\"image\/jpeg\" \/>\n<meta name=\"twitter:card\" content=\"summary_large_image\" \/>\n<meta name=\"twitter:label1\" content=\"Gesch\u00e4tzte Lesezeit\" \/>\n\t<meta name=\"twitter:data1\" content=\"1\u00a0Minute\" \/>\n<script type=\"application\/ld+json\" class=\"yoast-schema-graph\">{\"@context\":\"https:\\\/\\\/schema.org\",\"@graph\":[{\"@type\":\"WebPage\",\"@id\":\"https:\\\/\\\/www.allscore.de\\\/shop\\\/produkt\\\/inspector-lestrade-faksimile-der-angst-fall-13\\\/\",\"url\":\"https:\\\/\\\/www.allscore.de\\\/shop\\\/produkt\\\/inspector-lestrade-faksimile-der-angst-fall-13\\\/\",\"name\":\"Inspector Lestrade 13: Faksimile der Angst\",\"isPartOf\":{\"@id\":\"https:\\\/\\\/www.allscore.de\\\/shop\\\/#website\"},\"primaryImageOfPage\":{\"@id\":\"https:\\\/\\\/www.allscore.de\\\/shop\\\/produkt\\\/inspector-lestrade-faksimile-der-angst-fall-13\\\/#primaryimage\"},\"image\":{\"@id\":\"https:\\\/\\\/www.allscore.de\\\/shop\\\/produkt\\\/inspector-lestrade-faksimile-der-angst-fall-13\\\/#primaryimage\"},\"thumbnailUrl\":\"https:\\\/\\\/www.allscore.de\\\/shop\\\/wp-content\\\/uploads\\\/2021\\\/04\\\/Lest13_1200x1200.jpg\",\"datePublished\":\"2021-11-29T12:32:26+00:00\",\"dateModified\":\"2026-05-03T17:14:55+00:00\",\"description\":\"Inspector Lestrade: Faksimile der Angst (Fall 13) Dem Gro\u00dfen Veneficus gelingt auf der B\u00fchne, was niemand vor ihm geschafft hat: Er erweckt Totes wieder\",\"breadcrumb\":{\"@id\":\"https:\\\/\\\/www.allscore.de\\\/shop\\\/produkt\\\/inspector-lestrade-faksimile-der-angst-fall-13\\\/#breadcrumb\"},\"inLanguage\":\"de\",\"potentialAction\":[{\"@type\":\"ReadAction\",\"target\":[\"https:\\\/\\\/www.allscore.de\\\/shop\\\/produkt\\\/inspector-lestrade-faksimile-der-angst-fall-13\\\/\"]}]},{\"@type\":\"ImageObject\",\"inLanguage\":\"de\",\"@id\":\"https:\\\/\\\/www.allscore.de\\\/shop\\\/produkt\\\/inspector-lestrade-faksimile-der-angst-fall-13\\\/#primaryimage\",\"url\":\"https:\\\/\\\/www.allscore.de\\\/shop\\\/wp-content\\\/uploads\\\/2021\\\/04\\\/Lest13_1200x1200.jpg\",\"contentUrl\":\"https:\\\/\\\/www.allscore.de\\\/shop\\\/wp-content\\\/uploads\\\/2021\\\/04\\\/Lest13_1200x1200.jpg\",\"width\":1200,\"height\":1200,\"caption\":\"Inspector Lestrade (13): Faksimile der Angst\"},{\"@type\":\"BreadcrumbList\",\"@id\":\"https:\\\/\\\/www.allscore.de\\\/shop\\\/produkt\\\/inspector-lestrade-faksimile-der-angst-fall-13\\\/#breadcrumb\",\"itemListElement\":[{\"@type\":\"ListItem\",\"position\":1,\"name\":\"Startseite\",\"item\":\"https:\\\/\\\/www.allscore.de\\\/shop\\\/\"},{\"@type\":\"ListItem\",\"position\":2,\"name\":\"Produkte\",\"item\":\"https:\\\/\\\/www.allscore.de\\\/shop\\\/shop\\\/\"},{\"@type\":\"ListItem\",\"position\":3,\"name\":\"Inspector Lestrade 13: Faksimile der Angst\"}]},{\"@type\":\"WebSite\",\"@id\":\"https:\\\/\\\/www.allscore.de\\\/shop\\\/#website\",\"url\":\"https:\\\/\\\/www.allscore.de\\\/shop\\\/\",\"name\":\"Allscore Shop\",\"description\":\"All Score Media\",\"publisher\":{\"@id\":\"https:\\\/\\\/www.allscore.de\\\/shop\\\/#organization\"},\"potentialAction\":[{\"@type\":\"SearchAction\",\"target\":{\"@type\":\"EntryPoint\",\"urlTemplate\":\"https:\\\/\\\/www.allscore.de\\\/shop\\\/?s={search_term_string}\"},\"query-input\":{\"@type\":\"PropertyValueSpecification\",\"valueRequired\":true,\"valueName\":\"search_term_string\"}}],\"inLanguage\":\"de\"},{\"@type\":\"Organization\",\"@id\":\"https:\\\/\\\/www.allscore.de\\\/shop\\\/#organization\",\"name\":\"All Score Media\",\"alternateName\":\"Allscore\",\"url\":\"https:\\\/\\\/www.allscore.de\\\/shop\\\/\",\"logo\":{\"@type\":\"ImageObject\",\"inLanguage\":\"de\",\"@id\":\"https:\\\/\\\/www.allscore.de\\\/shop\\\/#\\\/schema\\\/logo\\\/image\\\/\",\"url\":\"https:\\\/\\\/www.allscore.de\\\/shop\\\/wp-content\\\/uploads\\\/2026\\\/01\\\/Logo_Yoast_Shop_2026.png\",\"contentUrl\":\"https:\\\/\\\/www.allscore.de\\\/shop\\\/wp-content\\\/uploads\\\/2026\\\/01\\\/Logo_Yoast_Shop_2026.png\",\"width\":696,\"height\":696,\"caption\":\"All Score Media\"},\"image\":{\"@id\":\"https:\\\/\\\/www.allscore.de\\\/shop\\\/#\\\/schema\\\/logo\\\/image\\\/\"}}]}<\/script>\n<!-- \/ Yoast SEO plugin. -->","yoast_head_json":{"title":"Inspector Lestrade 13: Faksimile der Angst","description":"Inspector Lestrade: Faksimile der Angst (Fall 13) Dem Gro\u00dfen Veneficus gelingt auf der B\u00fchne, was niemand vor ihm geschafft hat: Er erweckt Totes wieder","robots":{"index":"index","follow":"follow","max-snippet":"max-snippet:-1","max-image-preview":"max-image-preview:large","max-video-preview":"max-video-preview:-1"},"canonical":"https:\/\/www.allscore.de\/shop\/produkt\/inspector-lestrade-faksimile-der-angst-fall-13\/","og_locale":"de_DE","og_type":"article","og_title":"Inspector Lestrade 13: Faksimile der Angst","og_description":"Inspector Lestrade: Faksimile der Angst (Fall 13) Dem Gro\u00dfen Veneficus gelingt auf der B\u00fchne, was niemand vor ihm geschafft hat: Er erweckt Totes wieder","og_url":"https:\/\/www.allscore.de\/shop\/produkt\/inspector-lestrade-faksimile-der-angst-fall-13\/","og_site_name":"Allscore Shop","article_modified_time":"2026-05-03T17:14:55+00:00","og_image":[{"width":1200,"height":1200,"url":"https:\/\/www.allscore.de\/shop\/wp-content\/uploads\/2021\/04\/Lest13_1200x1200.jpg","type":"image\/jpeg"}],"twitter_card":"summary_large_image","twitter_misc":{"Gesch\u00e4tzte Lesezeit":"1\u00a0Minute"},"schema":{"@context":"https:\/\/schema.org","@graph":[{"@type":"WebPage","@id":"https:\/\/www.allscore.de\/shop\/produkt\/inspector-lestrade-faksimile-der-angst-fall-13\/","url":"https:\/\/www.allscore.de\/shop\/produkt\/inspector-lestrade-faksimile-der-angst-fall-13\/","name":"Inspector Lestrade 13: Faksimile der Angst","isPartOf":{"@id":"https:\/\/www.allscore.de\/shop\/#website"},"primaryImageOfPage":{"@id":"https:\/\/www.allscore.de\/shop\/produkt\/inspector-lestrade-faksimile-der-angst-fall-13\/#primaryimage"},"image":{"@id":"https:\/\/www.allscore.de\/shop\/produkt\/inspector-lestrade-faksimile-der-angst-fall-13\/#primaryimage"},"thumbnailUrl":"https:\/\/www.allscore.de\/shop\/wp-content\/uploads\/2021\/04\/Lest13_1200x1200.jpg","datePublished":"2021-11-29T12:32:26+00:00","dateModified":"2026-05-03T17:14:55+00:00","description":"Inspector Lestrade: Faksimile der Angst (Fall 13) Dem Gro\u00dfen Veneficus gelingt auf der B\u00fchne, was niemand vor ihm geschafft hat: Er erweckt Totes wieder","breadcrumb":{"@id":"https:\/\/www.allscore.de\/shop\/produkt\/inspector-lestrade-faksimile-der-angst-fall-13\/#breadcrumb"},"inLanguage":"de","potentialAction":[{"@type":"ReadAction","target":["https:\/\/www.allscore.de\/shop\/produkt\/inspector-lestrade-faksimile-der-angst-fall-13\/"]}]},{"@type":"ImageObject","inLanguage":"de","@id":"https:\/\/www.allscore.de\/shop\/produkt\/inspector-lestrade-faksimile-der-angst-fall-13\/#primaryimage","url":"https:\/\/www.allscore.de\/shop\/wp-content\/uploads\/2021\/04\/Lest13_1200x1200.jpg","contentUrl":"https:\/\/www.allscore.de\/shop\/wp-content\/uploads\/2021\/04\/Lest13_1200x1200.jpg","width":1200,"height":1200,"caption":"Inspector Lestrade (13): Faksimile der Angst"},{"@type":"BreadcrumbList","@id":"https:\/\/www.allscore.de\/shop\/produkt\/inspector-lestrade-faksimile-der-angst-fall-13\/#breadcrumb","itemListElement":[{"@type":"ListItem","position":1,"name":"Startseite","item":"https:\/\/www.allscore.de\/shop\/"},{"@type":"ListItem","position":2,"name":"Produkte","item":"https:\/\/www.allscore.de\/shop\/shop\/"},{"@type":"ListItem","position":3,"name":"Inspector Lestrade 13: Faksimile der Angst"}]},{"@type":"WebSite","@id":"https:\/\/www.allscore.de\/shop\/#website","url":"https:\/\/www.allscore.de\/shop\/","name":"Allscore Shop","description":"All Score Media","publisher":{"@id":"https:\/\/www.allscore.de\/shop\/#organization"},"potentialAction":[{"@type":"SearchAction","target":{"@type":"EntryPoint","urlTemplate":"https:\/\/www.allscore.de\/shop\/?s={search_term_string}"},"query-input":{"@type":"PropertyValueSpecification","valueRequired":true,"valueName":"search_term_string"}}],"inLanguage":"de"},{"@type":"Organization","@id":"https:\/\/www.allscore.de\/shop\/#organization","name":"All Score Media","alternateName":"Allscore","url":"https:\/\/www.allscore.de\/shop\/","logo":{"@type":"ImageObject","inLanguage":"de","@id":"https:\/\/www.allscore.de\/shop\/#\/schema\/logo\/image\/","url":"https:\/\/www.allscore.de\/shop\/wp-content\/uploads\/2026\/01\/Logo_Yoast_Shop_2026.png","contentUrl":"https:\/\/www.allscore.de\/shop\/wp-content\/uploads\/2026\/01\/Logo_Yoast_Shop_2026.png","width":696,"height":696,"caption":"All Score Media"},"image":{"@id":"https:\/\/www.allscore.de\/shop\/#\/schema\/logo\/image\/"}}]}},"_links":{"self":[{"href":"https:\/\/www.allscore.de\/shop\/wp-json\/wp\/v2\/product\/9918","targetHints":{"allow":["GET"]}}],"collection":[{"href":"https:\/\/www.allscore.de\/shop\/wp-json\/wp\/v2\/product"}],"about":[{"href":"https:\/\/www.allscore.de\/shop\/wp-json\/wp\/v2\/types\/product"}],"wp:featuredmedia":[{"embeddable":true,"href":"https:\/\/www.allscore.de\/shop\/wp-json\/wp\/v2\/media\/9916"}],"wp:attachment":[{"href":"https:\/\/www.allscore.de\/shop\/wp-json\/wp\/v2\/media?parent=9918"}],"wp:term":[{"taxonomy":"product_brand","embeddable":true,"href":"https:\/\/www.allscore.de\/shop\/wp-json\/wp\/v2\/product_brand?post=9918"},{"taxonomy":"product_cat","embeddable":true,"href":"https:\/\/www.allscore.de\/shop\/wp-json\/wp\/v2\/product_cat?post=9918"},{"taxonomy":"product_tag","embeddable":true,"href":"https:\/\/www.allscore.de\/shop\/wp-json\/wp\/v2\/product_tag?post=9918"}],"curies":[{"name":"wp","href":"https:\/\/api.w.org\/{rel}","templated":true}]}}