{"id":9912,"date":"2021-09-29T12:49:10","date_gmt":"2021-09-29T10:49:10","guid":{"rendered":"https:\/\/www.allscore.de\/shop\/?post_type=product&#038;p=9912"},"modified":"2026-05-03T19:16:00","modified_gmt":"2026-05-03T17:16:00","slug":"inspector-lestrade-lady-merediths-erbe-fall-12","status":"publish","type":"product","link":"https:\/\/www.allscore.de\/shop\/produkt\/inspector-lestrade-lady-merediths-erbe-fall-12\/","title":{"rendered":"Inspector Lestrade 12: Lady Merediths Erbe"},"content":{"rendered":"<p>Inspector Lestrade: Lady Merediths Erbe (Fall 12)<\/p>\n<p>Betty Goldston wird blut\u00fcberstr\u00f6mt im Park aufgefunden und ins Krankenhaus gebracht. Dennoch gelingt es dem unbekannten T\u00e4ter, dort sein schreckliches Werk zu vollenden. Sogar ein anwesender Arzt bezahlt mit seinem Leben. Die Best\u00fcrzung \u00fcber das brutale Vorgehen weicht der Frage, warum der T\u00e4ter soviel riskiert, um ein einfaches Dienstm\u00e4dchen zu ermorden. Lestrade erkennt sehr sp\u00e4t, dass das Motiv so schwer wiegt, dass es die Welt f\u00fcr immer ver\u00e4ndern k\u00f6nnte&#8230;<\/p>\n<p>Inspector Lestrade: Lutz Harder<br \/>\nInspector Dash: Michael Pink<br \/>\nMcKinstry: Tino Kie\u00dfling<br \/>\nCommissioner Cedric Hawksley: Bodo Wolf<br \/>\nSergeant Rigby: Heiko Akrap<br \/>\nMrs. Lestrade: Margrit Stra\u00dfburger<br \/>\nAnthony Wimbush: Manuel Straube<br \/>\nLady Meredith Worsley: Marion von Stengel<br \/>\nMi\u0161ko Jovanovi\u0107: Torsten M\u00fcnchow<br \/>\nConstable: Tommy Morgenstern<br \/>\nK\u00f6chin: Jasmin Stiegler<br \/>\nErnest : Reinhard Scheunemann<br \/>\nKate: Dana Friedrich<br \/>\nBetty Goldston: Jenny Maria Meyer<br \/>\nAm\u00fcsierdame: Josephine Schmidt<br \/>\nKiller: Thomas Schmuckert<br \/>\nStewart: Stefan Staudinger<br \/>\nZeitungsjunge: Nicolai Tegeler<\/p>\n<p>Regie: Gerd Naumann<br \/>\nBuch und Idee: Andreas Masuth<br \/>\nMusik: Christian Bluthardt<br \/>\nSounddesign, Mischung &amp; Master: Tom Steinbrecher<\/p>\n<p>Spieldauer: ca. 64 Minuten<\/p>\n","protected":false},"excerpt":{"rendered":"<p>Inspector Lestrade: Lady Merediths Erbe (Fall 12) Betty Goldston wird blut\u00fcberstr\u00f6mt im Park aufgefunden und ins Krankenhaus gebracht. Dennoch gelingt es dem unbekannten T\u00e4ter, dort sein schreckliches Werk zu vollenden. Sogar ein anwesender Arzt bezahlt mit seinem Leben. Die Best\u00fcrzung \u00fcber das brutale Vorgehen weicht der Frage, warum der T\u00e4ter soviel riskiert, um ein einfaches&#8230;<\/p>\n<p><a rel=\"bookmark\" class=\"vonzot-button-simple wvc-button wvc-button-size-sm\" href=\"https:\/\/www.allscore.de\/shop\/produkt\/inspector-lestrade-lady-merediths-erbe-fall-12\/\"><span>Read more<\/span><\/a><\/p>\n","protected":false},"featured_media":9914,"template":"","meta":[],"product_brand":[],"product_cat":[72,217],"product_tag":[],"class_list":{"0":"post-9912","1":"product","2":"type-product","3":"status-publish","4":"has-post-thumbnail","6":"product_cat-hoerspiele","7":"product_cat-inspector-lestrade","8":"product_shipping_class-tontraeger-cd","9":"entry","10":"clearfix","11":"entry-grid","12":"entry-columns-3","13":"entry-product-module-layout-sidebar-right","14":"thumbnail-color-tone-dark","15":"entry-product","17":"entry-product-grid","19":"first","20":"instock","21":"taxable","22":"shipping-taxable","23":"purchasable","24":"product-type-simple"},"yoast_head":"<!-- This site is optimized with the Yoast SEO plugin v27.4 - https:\/\/yoast.com\/product\/yoast-seo-wordpress\/ -->\n<title>Inspector Lestrade 12: Lady Merediths Erbe<\/title>\n<meta name=\"description\" content=\"Inspector Lestrade: Lady Merediths Erbe (Fall 12) Betty Goldston wird blut\u00fcberstr\u00f6mt im Park aufgefunden und ins Krankenhaus gebracht. Dennoch gelingt es\" \/>\n<meta name=\"robots\" content=\"index, follow, max-snippet:-1, max-image-preview:large, max-video-preview:-1\" \/>\n<link rel=\"canonical\" href=\"https:\/\/www.allscore.de\/shop\/produkt\/inspector-lestrade-lady-merediths-erbe-fall-12\/\" \/>\n<meta property=\"og:locale\" content=\"de_DE\" \/>\n<meta property=\"og:type\" content=\"article\" \/>\n<meta property=\"og:title\" content=\"Inspector Lestrade 12: Lady Merediths Erbe\" \/>\n<meta property=\"og:description\" content=\"Inspector Lestrade: Lady Merediths Erbe (Fall 12) Betty Goldston wird blut\u00fcberstr\u00f6mt im Park aufgefunden und ins Krankenhaus gebracht. Dennoch gelingt es\" \/>\n<meta property=\"og:url\" content=\"https:\/\/www.allscore.de\/shop\/produkt\/inspector-lestrade-lady-merediths-erbe-fall-12\/\" \/>\n<meta property=\"og:site_name\" content=\"Allscore Shop\" \/>\n<meta property=\"article:modified_time\" content=\"2026-05-03T17:16:00+00:00\" \/>\n<meta property=\"og:image\" content=\"https:\/\/www.allscore.de\/shop\/wp-content\/uploads\/2021\/04\/Lest12_1200x1200.jpg\" \/>\n\t<meta property=\"og:image:width\" content=\"1200\" \/>\n\t<meta property=\"og:image:height\" content=\"1200\" \/>\n\t<meta property=\"og:image:type\" content=\"image\/jpeg\" \/>\n<meta name=\"twitter:card\" content=\"summary_large_image\" \/>\n<meta name=\"twitter:label1\" content=\"Gesch\u00e4tzte Lesezeit\" \/>\n\t<meta name=\"twitter:data1\" content=\"1\u00a0Minute\" \/>\n<script type=\"application\/ld+json\" class=\"yoast-schema-graph\">{\"@context\":\"https:\\\/\\\/schema.org\",\"@graph\":[{\"@type\":\"WebPage\",\"@id\":\"https:\\\/\\\/www.allscore.de\\\/shop\\\/produkt\\\/inspector-lestrade-lady-merediths-erbe-fall-12\\\/\",\"url\":\"https:\\\/\\\/www.allscore.de\\\/shop\\\/produkt\\\/inspector-lestrade-lady-merediths-erbe-fall-12\\\/\",\"name\":\"Inspector Lestrade 12: Lady Merediths Erbe\",\"isPartOf\":{\"@id\":\"https:\\\/\\\/www.allscore.de\\\/shop\\\/#website\"},\"primaryImageOfPage\":{\"@id\":\"https:\\\/\\\/www.allscore.de\\\/shop\\\/produkt\\\/inspector-lestrade-lady-merediths-erbe-fall-12\\\/#primaryimage\"},\"image\":{\"@id\":\"https:\\\/\\\/www.allscore.de\\\/shop\\\/produkt\\\/inspector-lestrade-lady-merediths-erbe-fall-12\\\/#primaryimage\"},\"thumbnailUrl\":\"https:\\\/\\\/www.allscore.de\\\/shop\\\/wp-content\\\/uploads\\\/2021\\\/04\\\/Lest12_1200x1200.jpg\",\"datePublished\":\"2021-09-29T10:49:10+00:00\",\"dateModified\":\"2026-05-03T17:16:00+00:00\",\"description\":\"Inspector Lestrade: Lady Merediths Erbe (Fall 12) Betty Goldston wird blut\u00fcberstr\u00f6mt im Park aufgefunden und ins Krankenhaus gebracht. Dennoch gelingt es\",\"breadcrumb\":{\"@id\":\"https:\\\/\\\/www.allscore.de\\\/shop\\\/produkt\\\/inspector-lestrade-lady-merediths-erbe-fall-12\\\/#breadcrumb\"},\"inLanguage\":\"de\",\"potentialAction\":[{\"@type\":\"ReadAction\",\"target\":[\"https:\\\/\\\/www.allscore.de\\\/shop\\\/produkt\\\/inspector-lestrade-lady-merediths-erbe-fall-12\\\/\"]}]},{\"@type\":\"ImageObject\",\"inLanguage\":\"de\",\"@id\":\"https:\\\/\\\/www.allscore.de\\\/shop\\\/produkt\\\/inspector-lestrade-lady-merediths-erbe-fall-12\\\/#primaryimage\",\"url\":\"https:\\\/\\\/www.allscore.de\\\/shop\\\/wp-content\\\/uploads\\\/2021\\\/04\\\/Lest12_1200x1200.jpg\",\"contentUrl\":\"https:\\\/\\\/www.allscore.de\\\/shop\\\/wp-content\\\/uploads\\\/2021\\\/04\\\/Lest12_1200x1200.jpg\",\"width\":1200,\"height\":1200,\"caption\":\"Inspector Lestrade (12): Lady Merediths Erbe\"},{\"@type\":\"BreadcrumbList\",\"@id\":\"https:\\\/\\\/www.allscore.de\\\/shop\\\/produkt\\\/inspector-lestrade-lady-merediths-erbe-fall-12\\\/#breadcrumb\",\"itemListElement\":[{\"@type\":\"ListItem\",\"position\":1,\"name\":\"Startseite\",\"item\":\"https:\\\/\\\/www.allscore.de\\\/shop\\\/\"},{\"@type\":\"ListItem\",\"position\":2,\"name\":\"Produkte\",\"item\":\"https:\\\/\\\/www.allscore.de\\\/shop\\\/shop\\\/\"},{\"@type\":\"ListItem\",\"position\":3,\"name\":\"Inspector Lestrade 12: Lady Merediths Erbe\"}]},{\"@type\":\"WebSite\",\"@id\":\"https:\\\/\\\/www.allscore.de\\\/shop\\\/#website\",\"url\":\"https:\\\/\\\/www.allscore.de\\\/shop\\\/\",\"name\":\"Allscore Shop\",\"description\":\"All Score Media\",\"publisher\":{\"@id\":\"https:\\\/\\\/www.allscore.de\\\/shop\\\/#organization\"},\"potentialAction\":[{\"@type\":\"SearchAction\",\"target\":{\"@type\":\"EntryPoint\",\"urlTemplate\":\"https:\\\/\\\/www.allscore.de\\\/shop\\\/?s={search_term_string}\"},\"query-input\":{\"@type\":\"PropertyValueSpecification\",\"valueRequired\":true,\"valueName\":\"search_term_string\"}}],\"inLanguage\":\"de\"},{\"@type\":\"Organization\",\"@id\":\"https:\\\/\\\/www.allscore.de\\\/shop\\\/#organization\",\"name\":\"All Score Media\",\"alternateName\":\"Allscore\",\"url\":\"https:\\\/\\\/www.allscore.de\\\/shop\\\/\",\"logo\":{\"@type\":\"ImageObject\",\"inLanguage\":\"de\",\"@id\":\"https:\\\/\\\/www.allscore.de\\\/shop\\\/#\\\/schema\\\/logo\\\/image\\\/\",\"url\":\"https:\\\/\\\/www.allscore.de\\\/shop\\\/wp-content\\\/uploads\\\/2026\\\/01\\\/Logo_Yoast_Shop_2026.png\",\"contentUrl\":\"https:\\\/\\\/www.allscore.de\\\/shop\\\/wp-content\\\/uploads\\\/2026\\\/01\\\/Logo_Yoast_Shop_2026.png\",\"width\":696,\"height\":696,\"caption\":\"All Score Media\"},\"image\":{\"@id\":\"https:\\\/\\\/www.allscore.de\\\/shop\\\/#\\\/schema\\\/logo\\\/image\\\/\"}}]}<\/script>\n<!-- \/ Yoast SEO plugin. -->","yoast_head_json":{"title":"Inspector Lestrade 12: Lady Merediths Erbe","description":"Inspector Lestrade: Lady Merediths Erbe (Fall 12) Betty Goldston wird blut\u00fcberstr\u00f6mt im Park aufgefunden und ins Krankenhaus gebracht. Dennoch gelingt es","robots":{"index":"index","follow":"follow","max-snippet":"max-snippet:-1","max-image-preview":"max-image-preview:large","max-video-preview":"max-video-preview:-1"},"canonical":"https:\/\/www.allscore.de\/shop\/produkt\/inspector-lestrade-lady-merediths-erbe-fall-12\/","og_locale":"de_DE","og_type":"article","og_title":"Inspector Lestrade 12: Lady Merediths Erbe","og_description":"Inspector Lestrade: Lady Merediths Erbe (Fall 12) Betty Goldston wird blut\u00fcberstr\u00f6mt im Park aufgefunden und ins Krankenhaus gebracht. Dennoch gelingt es","og_url":"https:\/\/www.allscore.de\/shop\/produkt\/inspector-lestrade-lady-merediths-erbe-fall-12\/","og_site_name":"Allscore Shop","article_modified_time":"2026-05-03T17:16:00+00:00","og_image":[{"width":1200,"height":1200,"url":"https:\/\/www.allscore.de\/shop\/wp-content\/uploads\/2021\/04\/Lest12_1200x1200.jpg","type":"image\/jpeg"}],"twitter_card":"summary_large_image","twitter_misc":{"Gesch\u00e4tzte Lesezeit":"1\u00a0Minute"},"schema":{"@context":"https:\/\/schema.org","@graph":[{"@type":"WebPage","@id":"https:\/\/www.allscore.de\/shop\/produkt\/inspector-lestrade-lady-merediths-erbe-fall-12\/","url":"https:\/\/www.allscore.de\/shop\/produkt\/inspector-lestrade-lady-merediths-erbe-fall-12\/","name":"Inspector Lestrade 12: Lady Merediths Erbe","isPartOf":{"@id":"https:\/\/www.allscore.de\/shop\/#website"},"primaryImageOfPage":{"@id":"https:\/\/www.allscore.de\/shop\/produkt\/inspector-lestrade-lady-merediths-erbe-fall-12\/#primaryimage"},"image":{"@id":"https:\/\/www.allscore.de\/shop\/produkt\/inspector-lestrade-lady-merediths-erbe-fall-12\/#primaryimage"},"thumbnailUrl":"https:\/\/www.allscore.de\/shop\/wp-content\/uploads\/2021\/04\/Lest12_1200x1200.jpg","datePublished":"2021-09-29T10:49:10+00:00","dateModified":"2026-05-03T17:16:00+00:00","description":"Inspector Lestrade: Lady Merediths Erbe (Fall 12) Betty Goldston wird blut\u00fcberstr\u00f6mt im Park aufgefunden und ins Krankenhaus gebracht. Dennoch gelingt es","breadcrumb":{"@id":"https:\/\/www.allscore.de\/shop\/produkt\/inspector-lestrade-lady-merediths-erbe-fall-12\/#breadcrumb"},"inLanguage":"de","potentialAction":[{"@type":"ReadAction","target":["https:\/\/www.allscore.de\/shop\/produkt\/inspector-lestrade-lady-merediths-erbe-fall-12\/"]}]},{"@type":"ImageObject","inLanguage":"de","@id":"https:\/\/www.allscore.de\/shop\/produkt\/inspector-lestrade-lady-merediths-erbe-fall-12\/#primaryimage","url":"https:\/\/www.allscore.de\/shop\/wp-content\/uploads\/2021\/04\/Lest12_1200x1200.jpg","contentUrl":"https:\/\/www.allscore.de\/shop\/wp-content\/uploads\/2021\/04\/Lest12_1200x1200.jpg","width":1200,"height":1200,"caption":"Inspector Lestrade (12): Lady Merediths Erbe"},{"@type":"BreadcrumbList","@id":"https:\/\/www.allscore.de\/shop\/produkt\/inspector-lestrade-lady-merediths-erbe-fall-12\/#breadcrumb","itemListElement":[{"@type":"ListItem","position":1,"name":"Startseite","item":"https:\/\/www.allscore.de\/shop\/"},{"@type":"ListItem","position":2,"name":"Produkte","item":"https:\/\/www.allscore.de\/shop\/shop\/"},{"@type":"ListItem","position":3,"name":"Inspector Lestrade 12: Lady Merediths Erbe"}]},{"@type":"WebSite","@id":"https:\/\/www.allscore.de\/shop\/#website","url":"https:\/\/www.allscore.de\/shop\/","name":"Allscore Shop","description":"All Score Media","publisher":{"@id":"https:\/\/www.allscore.de\/shop\/#organization"},"potentialAction":[{"@type":"SearchAction","target":{"@type":"EntryPoint","urlTemplate":"https:\/\/www.allscore.de\/shop\/?s={search_term_string}"},"query-input":{"@type":"PropertyValueSpecification","valueRequired":true,"valueName":"search_term_string"}}],"inLanguage":"de"},{"@type":"Organization","@id":"https:\/\/www.allscore.de\/shop\/#organization","name":"All Score Media","alternateName":"Allscore","url":"https:\/\/www.allscore.de\/shop\/","logo":{"@type":"ImageObject","inLanguage":"de","@id":"https:\/\/www.allscore.de\/shop\/#\/schema\/logo\/image\/","url":"https:\/\/www.allscore.de\/shop\/wp-content\/uploads\/2026\/01\/Logo_Yoast_Shop_2026.png","contentUrl":"https:\/\/www.allscore.de\/shop\/wp-content\/uploads\/2026\/01\/Logo_Yoast_Shop_2026.png","width":696,"height":696,"caption":"All Score Media"},"image":{"@id":"https:\/\/www.allscore.de\/shop\/#\/schema\/logo\/image\/"}}]}},"_links":{"self":[{"href":"https:\/\/www.allscore.de\/shop\/wp-json\/wp\/v2\/product\/9912","targetHints":{"allow":["GET"]}}],"collection":[{"href":"https:\/\/www.allscore.de\/shop\/wp-json\/wp\/v2\/product"}],"about":[{"href":"https:\/\/www.allscore.de\/shop\/wp-json\/wp\/v2\/types\/product"}],"wp:featuredmedia":[{"embeddable":true,"href":"https:\/\/www.allscore.de\/shop\/wp-json\/wp\/v2\/media\/9914"}],"wp:attachment":[{"href":"https:\/\/www.allscore.de\/shop\/wp-json\/wp\/v2\/media?parent=9912"}],"wp:term":[{"taxonomy":"product_brand","embeddable":true,"href":"https:\/\/www.allscore.de\/shop\/wp-json\/wp\/v2\/product_brand?post=9912"},{"taxonomy":"product_cat","embeddable":true,"href":"https:\/\/www.allscore.de\/shop\/wp-json\/wp\/v2\/product_cat?post=9912"},{"taxonomy":"product_tag","embeddable":true,"href":"https:\/\/www.allscore.de\/shop\/wp-json\/wp\/v2\/product_tag?post=9912"}],"curies":[{"name":"wp","href":"https:\/\/api.w.org\/{rel}","templated":true}]}}