{"id":9856,"date":"2022-11-24T13:07:08","date_gmt":"2022-11-24T12:07:08","guid":{"rendered":"https:\/\/www.allscore.de\/shop\/?post_type=product&#038;p=9856"},"modified":"2025-12-17T12:19:11","modified_gmt":"2025-12-17T11:19:11","slug":"geister-schocker-soundtrack-part-12-bundle-lps","status":"publish","type":"product","link":"https:\/\/www.allscore.de\/shop\/produkt\/geister-schocker-soundtrack-part-12-bundle-lps\/","title":{"rendered":"Geister-Schocker: Soundtrack Part 1+2-Bundle (LPs)"},"content":{"rendered":"<p>Geister-Schocker: Soundtrack Part 1+2-Bundle (LPs)<\/p>\n<p>Melodien des Grauens<\/p>\n<p>Geister-Schocker Vinyl-LPs aus dem Hause Romantruhe! Liebhaber von Gruselromanen der 70er und 80er Jahre kommen hier voll auf ihre Kosten &#8211; Spannung und G\u00e4nsehaut sind garantiert! Geheimnisvolle, d\u00fcstere Schl\u00f6sser und Burgen, verlassene Friedh\u00f6fe, teuflisch-geniale Wissenschaftler, die ihr Wissen missbrauchen, um das Grauen in die Welt zu tragen. Vampire, die ihre Opfer jagen, Werw\u00f6lfe, die durch die Nacht hetzen, Fl\u00fcche aus l\u00e4ngst vergangenen Kulturen, die Angst und Schrecken verbreiten &#8230; das alles und vieles mehr, bietet die Reihe &#8222;Geister-Schocker&#8220;.<\/p>\n<p>Soundtrack LP 1 und LP 2 enthalten jeweils eine Auswahl der sch\u00f6nsten Musikst\u00fccke zur ber\u00fchmten H\u00f6rspiel-Reihe.<\/p>\n<p>Musik: Tom Steinbrecher &#038; Alexander Schiborr<\/p>\n","protected":false},"excerpt":{"rendered":"<p>2 LPs aus schwarzem Vinyl zum g\u00fcnstigen Paketpreis.<\/p>\n","protected":false},"featured_media":9833,"template":"","meta":[],"product_brand":[],"product_cat":[247,74,229,72,105,153],"product_tag":[],"class_list":{"0":"post-9856","1":"product","2":"type-product","3":"status-publish","4":"has-post-thumbnail","6":"product_cat-bundles","7":"product_cat-geister-schocker","8":"product_cat-horror","9":"product_cat-hoerspiele","10":"product_cat-soundtracks","11":"product_cat-specials","12":"product_shipping_class-tontraeger-schallplatte","13":"entry","14":"clearfix","15":"entry-grid","16":"entry-columns-3","17":"entry-product-module-layout-sidebar-right","18":"thumbnail-color-tone-dark","19":"entry-product","21":"entry-product-grid","23":"first","24":"instock","25":"sale","26":"taxable","27":"shipping-taxable","28":"purchasable","29":"product-type-simple"},"yoast_head":"<!-- This site is optimized with the Yoast SEO plugin v27.3 - https:\/\/yoast.com\/product\/yoast-seo-wordpress\/ -->\n<title>Geister-Schocker: Soundtrack Part 1+2-Bundle (LPs)<\/title>\n<meta name=\"description\" content=\"2 LPs aus schwarzem Vinyl zum g\u00fcnstigen Paketpreis.\" \/>\n<meta name=\"robots\" content=\"index, follow, max-snippet:-1, max-image-preview:large, max-video-preview:-1\" \/>\n<link rel=\"canonical\" href=\"https:\/\/www.allscore.de\/shop\/produkt\/geister-schocker-soundtrack-part-12-bundle-lps\/\" \/>\n<meta property=\"og:locale\" content=\"de_DE\" \/>\n<meta property=\"og:type\" content=\"article\" \/>\n<meta property=\"og:title\" content=\"Geister-Schocker: Soundtrack Part 1+2-Bundle (LPs)\" \/>\n<meta property=\"og:description\" content=\"2 LPs aus schwarzem Vinyl zum g\u00fcnstigen Paketpreis.\" \/>\n<meta property=\"og:url\" content=\"https:\/\/www.allscore.de\/shop\/produkt\/geister-schocker-soundtrack-part-12-bundle-lps\/\" \/>\n<meta property=\"og:site_name\" content=\"Allscore Shop\" \/>\n<meta property=\"article:modified_time\" content=\"2025-12-17T11:19:11+00:00\" \/>\n<meta property=\"og:image\" content=\"https:\/\/www.allscore.de\/shop\/wp-content\/uploads\/2021\/04\/GSLP09_1000px.jpg\" \/>\n\t<meta property=\"og:image:width\" content=\"1000\" \/>\n\t<meta property=\"og:image:height\" content=\"1000\" \/>\n\t<meta property=\"og:image:type\" content=\"image\/jpeg\" \/>\n<meta name=\"twitter:card\" content=\"summary_large_image\" \/>\n<meta name=\"twitter:label1\" content=\"Gesch\u00e4tzte Lesezeit\" \/>\n\t<meta name=\"twitter:data1\" content=\"1\u00a0Minute\" \/>\n<script type=\"application\/ld+json\" class=\"yoast-schema-graph\">{\"@context\":\"https:\\\/\\\/schema.org\",\"@graph\":[{\"@type\":\"WebPage\",\"@id\":\"https:\\\/\\\/www.allscore.de\\\/shop\\\/produkt\\\/geister-schocker-soundtrack-part-12-bundle-lps\\\/\",\"url\":\"https:\\\/\\\/www.allscore.de\\\/shop\\\/produkt\\\/geister-schocker-soundtrack-part-12-bundle-lps\\\/\",\"name\":\"Geister-Schocker: Soundtrack Part 1+2-Bundle (LPs)\",\"isPartOf\":{\"@id\":\"https:\\\/\\\/www.allscore.de\\\/shop\\\/#website\"},\"primaryImageOfPage\":{\"@id\":\"https:\\\/\\\/www.allscore.de\\\/shop\\\/produkt\\\/geister-schocker-soundtrack-part-12-bundle-lps\\\/#primaryimage\"},\"image\":{\"@id\":\"https:\\\/\\\/www.allscore.de\\\/shop\\\/produkt\\\/geister-schocker-soundtrack-part-12-bundle-lps\\\/#primaryimage\"},\"thumbnailUrl\":\"https:\\\/\\\/www.allscore.de\\\/shop\\\/wp-content\\\/uploads\\\/2021\\\/04\\\/GSLP09_1000px.jpg\",\"datePublished\":\"2022-11-24T12:07:08+00:00\",\"dateModified\":\"2025-12-17T11:19:11+00:00\",\"description\":\"2 LPs aus schwarzem Vinyl zum g\u00fcnstigen Paketpreis.\",\"breadcrumb\":{\"@id\":\"https:\\\/\\\/www.allscore.de\\\/shop\\\/produkt\\\/geister-schocker-soundtrack-part-12-bundle-lps\\\/#breadcrumb\"},\"inLanguage\":\"de\",\"potentialAction\":[{\"@type\":\"ReadAction\",\"target\":[\"https:\\\/\\\/www.allscore.de\\\/shop\\\/produkt\\\/geister-schocker-soundtrack-part-12-bundle-lps\\\/\"]}]},{\"@type\":\"ImageObject\",\"inLanguage\":\"de\",\"@id\":\"https:\\\/\\\/www.allscore.de\\\/shop\\\/produkt\\\/geister-schocker-soundtrack-part-12-bundle-lps\\\/#primaryimage\",\"url\":\"https:\\\/\\\/www.allscore.de\\\/shop\\\/wp-content\\\/uploads\\\/2021\\\/04\\\/GSLP09_1000px.jpg\",\"contentUrl\":\"https:\\\/\\\/www.allscore.de\\\/shop\\\/wp-content\\\/uploads\\\/2021\\\/04\\\/GSLP09_1000px.jpg\",\"width\":1000,\"height\":1000,\"caption\":\"Geister-Schocker: Soundtrack Part 2 (LP)\"},{\"@type\":\"BreadcrumbList\",\"@id\":\"https:\\\/\\\/www.allscore.de\\\/shop\\\/produkt\\\/geister-schocker-soundtrack-part-12-bundle-lps\\\/#breadcrumb\",\"itemListElement\":[{\"@type\":\"ListItem\",\"position\":1,\"name\":\"Startseite\",\"item\":\"https:\\\/\\\/www.allscore.de\\\/shop\\\/\"},{\"@type\":\"ListItem\",\"position\":2,\"name\":\"Produkte\",\"item\":\"https:\\\/\\\/www.allscore.de\\\/shop\\\/shop\\\/\"},{\"@type\":\"ListItem\",\"position\":3,\"name\":\"Geister-Schocker: Soundtrack Part 1+2-Bundle (LPs)\"}]},{\"@type\":\"WebSite\",\"@id\":\"https:\\\/\\\/www.allscore.de\\\/shop\\\/#website\",\"url\":\"https:\\\/\\\/www.allscore.de\\\/shop\\\/\",\"name\":\"Allscore Shop\",\"description\":\"All Score Media\",\"publisher\":{\"@id\":\"https:\\\/\\\/www.allscore.de\\\/shop\\\/#organization\"},\"potentialAction\":[{\"@type\":\"SearchAction\",\"target\":{\"@type\":\"EntryPoint\",\"urlTemplate\":\"https:\\\/\\\/www.allscore.de\\\/shop\\\/?s={search_term_string}\"},\"query-input\":{\"@type\":\"PropertyValueSpecification\",\"valueRequired\":true,\"valueName\":\"search_term_string\"}}],\"inLanguage\":\"de\"},{\"@type\":\"Organization\",\"@id\":\"https:\\\/\\\/www.allscore.de\\\/shop\\\/#organization\",\"name\":\"All Score Media\",\"alternateName\":\"Allscore\",\"url\":\"https:\\\/\\\/www.allscore.de\\\/shop\\\/\",\"logo\":{\"@type\":\"ImageObject\",\"inLanguage\":\"de\",\"@id\":\"https:\\\/\\\/www.allscore.de\\\/shop\\\/#\\\/schema\\\/logo\\\/image\\\/\",\"url\":\"https:\\\/\\\/www.allscore.de\\\/shop\\\/wp-content\\\/uploads\\\/2026\\\/01\\\/Logo_Yoast_Shop_2026.png\",\"contentUrl\":\"https:\\\/\\\/www.allscore.de\\\/shop\\\/wp-content\\\/uploads\\\/2026\\\/01\\\/Logo_Yoast_Shop_2026.png\",\"width\":696,\"height\":696,\"caption\":\"All Score Media\"},\"image\":{\"@id\":\"https:\\\/\\\/www.allscore.de\\\/shop\\\/#\\\/schema\\\/logo\\\/image\\\/\"}}]}<\/script>\n<!-- \/ Yoast SEO plugin. -->","yoast_head_json":{"title":"Geister-Schocker: Soundtrack Part 1+2-Bundle (LPs)","description":"2 LPs aus schwarzem Vinyl zum g\u00fcnstigen Paketpreis.","robots":{"index":"index","follow":"follow","max-snippet":"max-snippet:-1","max-image-preview":"max-image-preview:large","max-video-preview":"max-video-preview:-1"},"canonical":"https:\/\/www.allscore.de\/shop\/produkt\/geister-schocker-soundtrack-part-12-bundle-lps\/","og_locale":"de_DE","og_type":"article","og_title":"Geister-Schocker: Soundtrack Part 1+2-Bundle (LPs)","og_description":"2 LPs aus schwarzem Vinyl zum g\u00fcnstigen Paketpreis.","og_url":"https:\/\/www.allscore.de\/shop\/produkt\/geister-schocker-soundtrack-part-12-bundle-lps\/","og_site_name":"Allscore Shop","article_modified_time":"2025-12-17T11:19:11+00:00","og_image":[{"width":1000,"height":1000,"url":"https:\/\/www.allscore.de\/shop\/wp-content\/uploads\/2021\/04\/GSLP09_1000px.jpg","type":"image\/jpeg"}],"twitter_card":"summary_large_image","twitter_misc":{"Gesch\u00e4tzte Lesezeit":"1\u00a0Minute"},"schema":{"@context":"https:\/\/schema.org","@graph":[{"@type":"WebPage","@id":"https:\/\/www.allscore.de\/shop\/produkt\/geister-schocker-soundtrack-part-12-bundle-lps\/","url":"https:\/\/www.allscore.de\/shop\/produkt\/geister-schocker-soundtrack-part-12-bundle-lps\/","name":"Geister-Schocker: Soundtrack Part 1+2-Bundle (LPs)","isPartOf":{"@id":"https:\/\/www.allscore.de\/shop\/#website"},"primaryImageOfPage":{"@id":"https:\/\/www.allscore.de\/shop\/produkt\/geister-schocker-soundtrack-part-12-bundle-lps\/#primaryimage"},"image":{"@id":"https:\/\/www.allscore.de\/shop\/produkt\/geister-schocker-soundtrack-part-12-bundle-lps\/#primaryimage"},"thumbnailUrl":"https:\/\/www.allscore.de\/shop\/wp-content\/uploads\/2021\/04\/GSLP09_1000px.jpg","datePublished":"2022-11-24T12:07:08+00:00","dateModified":"2025-12-17T11:19:11+00:00","description":"2 LPs aus schwarzem Vinyl zum g\u00fcnstigen Paketpreis.","breadcrumb":{"@id":"https:\/\/www.allscore.de\/shop\/produkt\/geister-schocker-soundtrack-part-12-bundle-lps\/#breadcrumb"},"inLanguage":"de","potentialAction":[{"@type":"ReadAction","target":["https:\/\/www.allscore.de\/shop\/produkt\/geister-schocker-soundtrack-part-12-bundle-lps\/"]}]},{"@type":"ImageObject","inLanguage":"de","@id":"https:\/\/www.allscore.de\/shop\/produkt\/geister-schocker-soundtrack-part-12-bundle-lps\/#primaryimage","url":"https:\/\/www.allscore.de\/shop\/wp-content\/uploads\/2021\/04\/GSLP09_1000px.jpg","contentUrl":"https:\/\/www.allscore.de\/shop\/wp-content\/uploads\/2021\/04\/GSLP09_1000px.jpg","width":1000,"height":1000,"caption":"Geister-Schocker: Soundtrack Part 2 (LP)"},{"@type":"BreadcrumbList","@id":"https:\/\/www.allscore.de\/shop\/produkt\/geister-schocker-soundtrack-part-12-bundle-lps\/#breadcrumb","itemListElement":[{"@type":"ListItem","position":1,"name":"Startseite","item":"https:\/\/www.allscore.de\/shop\/"},{"@type":"ListItem","position":2,"name":"Produkte","item":"https:\/\/www.allscore.de\/shop\/shop\/"},{"@type":"ListItem","position":3,"name":"Geister-Schocker: Soundtrack Part 1+2-Bundle (LPs)"}]},{"@type":"WebSite","@id":"https:\/\/www.allscore.de\/shop\/#website","url":"https:\/\/www.allscore.de\/shop\/","name":"Allscore Shop","description":"All Score Media","publisher":{"@id":"https:\/\/www.allscore.de\/shop\/#organization"},"potentialAction":[{"@type":"SearchAction","target":{"@type":"EntryPoint","urlTemplate":"https:\/\/www.allscore.de\/shop\/?s={search_term_string}"},"query-input":{"@type":"PropertyValueSpecification","valueRequired":true,"valueName":"search_term_string"}}],"inLanguage":"de"},{"@type":"Organization","@id":"https:\/\/www.allscore.de\/shop\/#organization","name":"All Score Media","alternateName":"Allscore","url":"https:\/\/www.allscore.de\/shop\/","logo":{"@type":"ImageObject","inLanguage":"de","@id":"https:\/\/www.allscore.de\/shop\/#\/schema\/logo\/image\/","url":"https:\/\/www.allscore.de\/shop\/wp-content\/uploads\/2026\/01\/Logo_Yoast_Shop_2026.png","contentUrl":"https:\/\/www.allscore.de\/shop\/wp-content\/uploads\/2026\/01\/Logo_Yoast_Shop_2026.png","width":696,"height":696,"caption":"All Score Media"},"image":{"@id":"https:\/\/www.allscore.de\/shop\/#\/schema\/logo\/image\/"}}]}},"_links":{"self":[{"href":"https:\/\/www.allscore.de\/shop\/wp-json\/wp\/v2\/product\/9856","targetHints":{"allow":["GET"]}}],"collection":[{"href":"https:\/\/www.allscore.de\/shop\/wp-json\/wp\/v2\/product"}],"about":[{"href":"https:\/\/www.allscore.de\/shop\/wp-json\/wp\/v2\/types\/product"}],"wp:featuredmedia":[{"embeddable":true,"href":"https:\/\/www.allscore.de\/shop\/wp-json\/wp\/v2\/media\/9833"}],"wp:attachment":[{"href":"https:\/\/www.allscore.de\/shop\/wp-json\/wp\/v2\/media?parent=9856"}],"wp:term":[{"taxonomy":"product_brand","embeddable":true,"href":"https:\/\/www.allscore.de\/shop\/wp-json\/wp\/v2\/product_brand?post=9856"},{"taxonomy":"product_cat","embeddable":true,"href":"https:\/\/www.allscore.de\/shop\/wp-json\/wp\/v2\/product_cat?post=9856"},{"taxonomy":"product_tag","embeddable":true,"href":"https:\/\/www.allscore.de\/shop\/wp-json\/wp\/v2\/product_tag?post=9856"}],"curies":[{"name":"wp","href":"https:\/\/api.w.org\/{rel}","templated":true}]}}