{"id":9800,"date":"2022-02-09T17:41:40","date_gmt":"2022-02-09T16:41:40","guid":{"rendered":"https:\/\/www.allscore.de\/shop\/?post_type=product&#038;p=9800"},"modified":"2026-03-16T17:17:18","modified_gmt":"2026-03-16T16:17:18","slug":"sherlock-holmes-neue-faelle-51-ein-schilling-fuer-den-tod","status":"publish","type":"product","link":"https:\/\/www.allscore.de\/shop\/produkt\/sherlock-holmes-neue-faelle-51-ein-schilling-fuer-den-tod\/","title":{"rendered":"Sherlock Holmes, neue F\u00e4lle 51: Ein Schilling f\u00fcr den Tod"},"content":{"rendered":"<p>Sherlock Holmes, neue F\u00e4lle 51: Ein Schilling f\u00fcr den Tod<\/p>\n<p>Das altehrw\u00fcrdige Londoner Natural History Museum wird Schauplatz grauenvoller Geschehnisse. Einer der Besucher ist nicht so lebendig wie er scheint\u2026 Holmes und Watson begeben sich auf Spurensuche. Was haben der Museumsdirektor Saunders, seine Angestellte Ruth McCallum und der windige Bauunternehmer Sir Isaac Unsworth mit der Sache zu tun?<\/p>\n<p>Sherlock Holmes: Christian Rode<br \/>\nWatson \/ Erz\u00e4hler: Peter Groeger<br \/>\nInspector Lestrade: Lutz Harder<br \/>\nProfessor Saunders: Rainer Brandt<br \/>\nRuth McCallum: Marion Elskis<br \/>\nSir Isaac Unsworth: Erik Sch\u00e4ffler<br \/>\nW\u00e4rter: Joachim Kaps<br \/>\nStanley Harris: Thomas Schmuckert<br \/>\nAlbert Harris: Uwe Jellinek<br \/>\nVermieterin: Arianne Borbach<\/p>\n<p>Regie: Gerd Naumann<br \/>\nBuch und Idee: Andreas Masuth<br \/>\nKomponist: Stephan Eicke<br \/>\nSounddesign, Mischung &amp; Master: Tom Steinbrecher<\/p>\n<p>Spieldauer: ca. 78 Minuten<\/p>\n","protected":false},"excerpt":{"rendered":"<p>Sherlock Holmes, neue F\u00e4lle 51: Ein Schilling f\u00fcr den Tod Das altehrw\u00fcrdige Londoner Natural History Museum wird Schauplatz grauenvoller Geschehnisse. Einer der Besucher ist nicht so lebendig wie er scheint\u2026 Holmes und Watson begeben sich auf Spurensuche. Was haben der Museumsdirektor Saunders, seine Angestellte Ruth McCallum und der windige Bauunternehmer Sir Isaac Unsworth mit der&#8230;<\/p>\n<p><a rel=\"bookmark\" class=\"vonzot-button-simple wvc-button wvc-button-size-sm\" href=\"https:\/\/www.allscore.de\/shop\/produkt\/sherlock-holmes-neue-faelle-51-ein-schilling-fuer-den-tod\/\"><span>Read more<\/span><\/a><\/p>\n","protected":false},"featured_media":7525,"template":"","meta":[],"product_brand":[],"product_cat":[72,213,249],"product_tag":[],"class_list":{"0":"post-9800","1":"product","2":"type-product","3":"status-publish","4":"has-post-thumbnail","6":"product_cat-hoerspiele","7":"product_cat-sherlock-holmes-die-neuen-faelle","8":"product_cat-sonderangebote","9":"product_shipping_class-tontraeger-cd","10":"entry","11":"clearfix","12":"entry-grid","13":"entry-columns-3","14":"entry-product-module-layout-sidebar-right","15":"thumbnail-color-tone-dark","16":"entry-product","18":"entry-product-grid","20":"first","21":"instock","22":"sale","23":"taxable","24":"shipping-taxable","25":"purchasable","26":"product-type-simple"},"yoast_head":"<!-- This site is optimized with the Yoast SEO plugin v27.4 - https:\/\/yoast.com\/product\/yoast-seo-wordpress\/ -->\n<title>Sherlock Holmes, neue F\u00e4lle 51: Ein Schilling f\u00fcr den Tod<\/title>\n<meta name=\"description\" content=\"Sherlock Holmes, neue F\u00e4lle 51: Ein Schilling f\u00fcr den Tod Das altehrw\u00fcrdige Londoner Natural History Museum wird Schauplatz grauenvoller Geschehnisse.\" \/>\n<meta name=\"robots\" content=\"index, follow, max-snippet:-1, max-image-preview:large, max-video-preview:-1\" \/>\n<link rel=\"canonical\" href=\"https:\/\/www.allscore.de\/shop\/produkt\/sherlock-holmes-neue-faelle-51-ein-schilling-fuer-den-tod\/\" \/>\n<meta property=\"og:locale\" content=\"de_DE\" \/>\n<meta property=\"og:type\" content=\"article\" \/>\n<meta property=\"og:title\" content=\"Sherlock Holmes - Die neuen F\u00e4lle 51: Ein Schilling f\u00fcr den Tod\" \/>\n<meta property=\"og:description\" content=\"Jetzt im Allscore Shop! Sherlock Holmes - Die neuen F\u00e4lle 51: Das altehrw\u00fcrdige Londoner Natural History Museum wird Schauplatz grauenvoller Geschehnisse. Einer der Besucher ist nicht so lebendig wie er scheint\u2026 Holmes und Watson begeben sich auf Spurensuche. Was haben der Museumsdirektor Saunders, seine Angestellte Ruth McCallum und der windige Bauunternehmer Sir Isaac Unsworth mit der Sache zu tun?\" \/>\n<meta property=\"og:url\" content=\"https:\/\/www.allscore.de\/shop\/produkt\/sherlock-holmes-neue-faelle-51-ein-schilling-fuer-den-tod\/\" \/>\n<meta property=\"og:site_name\" content=\"Allscore Shop\" \/>\n<meta property=\"article:modified_time\" content=\"2026-03-16T16:17:18+00:00\" \/>\n<meta property=\"og:image\" content=\"https:\/\/www.allscore.de\/shop\/wp-content\/uploads\/2020\/09\/SH51_1200x1200.jpg\" \/>\n\t<meta property=\"og:image:width\" content=\"1200\" \/>\n\t<meta property=\"og:image:height\" content=\"1200\" \/>\n\t<meta property=\"og:image:type\" content=\"image\/jpeg\" \/>\n<meta name=\"twitter:card\" content=\"summary_large_image\" \/>\n<meta name=\"twitter:label1\" content=\"Gesch\u00e4tzte Lesezeit\" \/>\n\t<meta name=\"twitter:data1\" content=\"1\u00a0Minute\" \/>\n<script type=\"application\/ld+json\" class=\"yoast-schema-graph\">{\"@context\":\"https:\\\/\\\/schema.org\",\"@graph\":[{\"@type\":\"WebPage\",\"@id\":\"https:\\\/\\\/www.allscore.de\\\/shop\\\/produkt\\\/sherlock-holmes-neue-faelle-51-ein-schilling-fuer-den-tod\\\/\",\"url\":\"https:\\\/\\\/www.allscore.de\\\/shop\\\/produkt\\\/sherlock-holmes-neue-faelle-51-ein-schilling-fuer-den-tod\\\/\",\"name\":\"Sherlock Holmes, neue F\u00e4lle 51: Ein Schilling f\u00fcr den Tod\",\"isPartOf\":{\"@id\":\"https:\\\/\\\/www.allscore.de\\\/shop\\\/#website\"},\"primaryImageOfPage\":{\"@id\":\"https:\\\/\\\/www.allscore.de\\\/shop\\\/produkt\\\/sherlock-holmes-neue-faelle-51-ein-schilling-fuer-den-tod\\\/#primaryimage\"},\"image\":{\"@id\":\"https:\\\/\\\/www.allscore.de\\\/shop\\\/produkt\\\/sherlock-holmes-neue-faelle-51-ein-schilling-fuer-den-tod\\\/#primaryimage\"},\"thumbnailUrl\":\"https:\\\/\\\/www.allscore.de\\\/shop\\\/wp-content\\\/uploads\\\/2020\\\/09\\\/SH51_1200x1200.jpg\",\"datePublished\":\"2022-02-09T16:41:40+00:00\",\"dateModified\":\"2026-03-16T16:17:18+00:00\",\"description\":\"Sherlock Holmes, neue F\u00e4lle 51: Ein Schilling f\u00fcr den Tod Das altehrw\u00fcrdige Londoner Natural History Museum wird Schauplatz grauenvoller Geschehnisse.\",\"breadcrumb\":{\"@id\":\"https:\\\/\\\/www.allscore.de\\\/shop\\\/produkt\\\/sherlock-holmes-neue-faelle-51-ein-schilling-fuer-den-tod\\\/#breadcrumb\"},\"inLanguage\":\"de\",\"potentialAction\":[{\"@type\":\"ReadAction\",\"target\":[\"https:\\\/\\\/www.allscore.de\\\/shop\\\/produkt\\\/sherlock-holmes-neue-faelle-51-ein-schilling-fuer-den-tod\\\/\"]}]},{\"@type\":\"ImageObject\",\"inLanguage\":\"de\",\"@id\":\"https:\\\/\\\/www.allscore.de\\\/shop\\\/produkt\\\/sherlock-holmes-neue-faelle-51-ein-schilling-fuer-den-tod\\\/#primaryimage\",\"url\":\"https:\\\/\\\/www.allscore.de\\\/shop\\\/wp-content\\\/uploads\\\/2020\\\/09\\\/SH51_1200x1200.jpg\",\"contentUrl\":\"https:\\\/\\\/www.allscore.de\\\/shop\\\/wp-content\\\/uploads\\\/2020\\\/09\\\/SH51_1200x1200.jpg\",\"width\":1200,\"height\":1200,\"caption\":\"Sherlock Holmes - Die neuen F\u00e4lle (51): Ein Schilling f\u00fcr den Tod\"},{\"@type\":\"BreadcrumbList\",\"@id\":\"https:\\\/\\\/www.allscore.de\\\/shop\\\/produkt\\\/sherlock-holmes-neue-faelle-51-ein-schilling-fuer-den-tod\\\/#breadcrumb\",\"itemListElement\":[{\"@type\":\"ListItem\",\"position\":1,\"name\":\"Startseite\",\"item\":\"https:\\\/\\\/www.allscore.de\\\/shop\\\/\"},{\"@type\":\"ListItem\",\"position\":2,\"name\":\"Produkte\",\"item\":\"https:\\\/\\\/www.allscore.de\\\/shop\\\/shop\\\/\"},{\"@type\":\"ListItem\",\"position\":3,\"name\":\"Sherlock Holmes, neue F\u00e4lle 51: Ein Schilling f\u00fcr den Tod\"}]},{\"@type\":\"WebSite\",\"@id\":\"https:\\\/\\\/www.allscore.de\\\/shop\\\/#website\",\"url\":\"https:\\\/\\\/www.allscore.de\\\/shop\\\/\",\"name\":\"Allscore Shop\",\"description\":\"All Score Media\",\"publisher\":{\"@id\":\"https:\\\/\\\/www.allscore.de\\\/shop\\\/#organization\"},\"potentialAction\":[{\"@type\":\"SearchAction\",\"target\":{\"@type\":\"EntryPoint\",\"urlTemplate\":\"https:\\\/\\\/www.allscore.de\\\/shop\\\/?s={search_term_string}\"},\"query-input\":{\"@type\":\"PropertyValueSpecification\",\"valueRequired\":true,\"valueName\":\"search_term_string\"}}],\"inLanguage\":\"de\"},{\"@type\":\"Organization\",\"@id\":\"https:\\\/\\\/www.allscore.de\\\/shop\\\/#organization\",\"name\":\"All Score Media\",\"alternateName\":\"Allscore\",\"url\":\"https:\\\/\\\/www.allscore.de\\\/shop\\\/\",\"logo\":{\"@type\":\"ImageObject\",\"inLanguage\":\"de\",\"@id\":\"https:\\\/\\\/www.allscore.de\\\/shop\\\/#\\\/schema\\\/logo\\\/image\\\/\",\"url\":\"https:\\\/\\\/www.allscore.de\\\/shop\\\/wp-content\\\/uploads\\\/2026\\\/01\\\/Logo_Yoast_Shop_2026.png\",\"contentUrl\":\"https:\\\/\\\/www.allscore.de\\\/shop\\\/wp-content\\\/uploads\\\/2026\\\/01\\\/Logo_Yoast_Shop_2026.png\",\"width\":696,\"height\":696,\"caption\":\"All Score Media\"},\"image\":{\"@id\":\"https:\\\/\\\/www.allscore.de\\\/shop\\\/#\\\/schema\\\/logo\\\/image\\\/\"}}]}<\/script>\n<!-- \/ Yoast SEO plugin. -->","yoast_head_json":{"title":"Sherlock Holmes, neue F\u00e4lle 51: Ein Schilling f\u00fcr den Tod","description":"Sherlock Holmes, neue F\u00e4lle 51: Ein Schilling f\u00fcr den Tod Das altehrw\u00fcrdige Londoner Natural History Museum wird Schauplatz grauenvoller Geschehnisse.","robots":{"index":"index","follow":"follow","max-snippet":"max-snippet:-1","max-image-preview":"max-image-preview:large","max-video-preview":"max-video-preview:-1"},"canonical":"https:\/\/www.allscore.de\/shop\/produkt\/sherlock-holmes-neue-faelle-51-ein-schilling-fuer-den-tod\/","og_locale":"de_DE","og_type":"article","og_title":"Sherlock Holmes - Die neuen F\u00e4lle 51: Ein Schilling f\u00fcr den Tod","og_description":"Jetzt im Allscore Shop! Sherlock Holmes - Die neuen F\u00e4lle 51: Das altehrw\u00fcrdige Londoner Natural History Museum wird Schauplatz grauenvoller Geschehnisse. Einer der Besucher ist nicht so lebendig wie er scheint\u2026 Holmes und Watson begeben sich auf Spurensuche. Was haben der Museumsdirektor Saunders, seine Angestellte Ruth McCallum und der windige Bauunternehmer Sir Isaac Unsworth mit der Sache zu tun?","og_url":"https:\/\/www.allscore.de\/shop\/produkt\/sherlock-holmes-neue-faelle-51-ein-schilling-fuer-den-tod\/","og_site_name":"Allscore Shop","article_modified_time":"2026-03-16T16:17:18+00:00","og_image":[{"width":1200,"height":1200,"url":"https:\/\/www.allscore.de\/shop\/wp-content\/uploads\/2020\/09\/SH51_1200x1200.jpg","type":"image\/jpeg"}],"twitter_card":"summary_large_image","twitter_misc":{"Gesch\u00e4tzte Lesezeit":"1\u00a0Minute"},"schema":{"@context":"https:\/\/schema.org","@graph":[{"@type":"WebPage","@id":"https:\/\/www.allscore.de\/shop\/produkt\/sherlock-holmes-neue-faelle-51-ein-schilling-fuer-den-tod\/","url":"https:\/\/www.allscore.de\/shop\/produkt\/sherlock-holmes-neue-faelle-51-ein-schilling-fuer-den-tod\/","name":"Sherlock Holmes, neue F\u00e4lle 51: Ein Schilling f\u00fcr den Tod","isPartOf":{"@id":"https:\/\/www.allscore.de\/shop\/#website"},"primaryImageOfPage":{"@id":"https:\/\/www.allscore.de\/shop\/produkt\/sherlock-holmes-neue-faelle-51-ein-schilling-fuer-den-tod\/#primaryimage"},"image":{"@id":"https:\/\/www.allscore.de\/shop\/produkt\/sherlock-holmes-neue-faelle-51-ein-schilling-fuer-den-tod\/#primaryimage"},"thumbnailUrl":"https:\/\/www.allscore.de\/shop\/wp-content\/uploads\/2020\/09\/SH51_1200x1200.jpg","datePublished":"2022-02-09T16:41:40+00:00","dateModified":"2026-03-16T16:17:18+00:00","description":"Sherlock Holmes, neue F\u00e4lle 51: Ein Schilling f\u00fcr den Tod Das altehrw\u00fcrdige Londoner Natural History Museum wird Schauplatz grauenvoller Geschehnisse.","breadcrumb":{"@id":"https:\/\/www.allscore.de\/shop\/produkt\/sherlock-holmes-neue-faelle-51-ein-schilling-fuer-den-tod\/#breadcrumb"},"inLanguage":"de","potentialAction":[{"@type":"ReadAction","target":["https:\/\/www.allscore.de\/shop\/produkt\/sherlock-holmes-neue-faelle-51-ein-schilling-fuer-den-tod\/"]}]},{"@type":"ImageObject","inLanguage":"de","@id":"https:\/\/www.allscore.de\/shop\/produkt\/sherlock-holmes-neue-faelle-51-ein-schilling-fuer-den-tod\/#primaryimage","url":"https:\/\/www.allscore.de\/shop\/wp-content\/uploads\/2020\/09\/SH51_1200x1200.jpg","contentUrl":"https:\/\/www.allscore.de\/shop\/wp-content\/uploads\/2020\/09\/SH51_1200x1200.jpg","width":1200,"height":1200,"caption":"Sherlock Holmes - Die neuen F\u00e4lle (51): Ein Schilling f\u00fcr den Tod"},{"@type":"BreadcrumbList","@id":"https:\/\/www.allscore.de\/shop\/produkt\/sherlock-holmes-neue-faelle-51-ein-schilling-fuer-den-tod\/#breadcrumb","itemListElement":[{"@type":"ListItem","position":1,"name":"Startseite","item":"https:\/\/www.allscore.de\/shop\/"},{"@type":"ListItem","position":2,"name":"Produkte","item":"https:\/\/www.allscore.de\/shop\/shop\/"},{"@type":"ListItem","position":3,"name":"Sherlock Holmes, neue F\u00e4lle 51: Ein Schilling f\u00fcr den Tod"}]},{"@type":"WebSite","@id":"https:\/\/www.allscore.de\/shop\/#website","url":"https:\/\/www.allscore.de\/shop\/","name":"Allscore Shop","description":"All Score Media","publisher":{"@id":"https:\/\/www.allscore.de\/shop\/#organization"},"potentialAction":[{"@type":"SearchAction","target":{"@type":"EntryPoint","urlTemplate":"https:\/\/www.allscore.de\/shop\/?s={search_term_string}"},"query-input":{"@type":"PropertyValueSpecification","valueRequired":true,"valueName":"search_term_string"}}],"inLanguage":"de"},{"@type":"Organization","@id":"https:\/\/www.allscore.de\/shop\/#organization","name":"All Score Media","alternateName":"Allscore","url":"https:\/\/www.allscore.de\/shop\/","logo":{"@type":"ImageObject","inLanguage":"de","@id":"https:\/\/www.allscore.de\/shop\/#\/schema\/logo\/image\/","url":"https:\/\/www.allscore.de\/shop\/wp-content\/uploads\/2026\/01\/Logo_Yoast_Shop_2026.png","contentUrl":"https:\/\/www.allscore.de\/shop\/wp-content\/uploads\/2026\/01\/Logo_Yoast_Shop_2026.png","width":696,"height":696,"caption":"All Score Media"},"image":{"@id":"https:\/\/www.allscore.de\/shop\/#\/schema\/logo\/image\/"}}]}},"_links":{"self":[{"href":"https:\/\/www.allscore.de\/shop\/wp-json\/wp\/v2\/product\/9800","targetHints":{"allow":["GET"]}}],"collection":[{"href":"https:\/\/www.allscore.de\/shop\/wp-json\/wp\/v2\/product"}],"about":[{"href":"https:\/\/www.allscore.de\/shop\/wp-json\/wp\/v2\/types\/product"}],"wp:featuredmedia":[{"embeddable":true,"href":"https:\/\/www.allscore.de\/shop\/wp-json\/wp\/v2\/media\/7525"}],"wp:attachment":[{"href":"https:\/\/www.allscore.de\/shop\/wp-json\/wp\/v2\/media?parent=9800"}],"wp:term":[{"taxonomy":"product_brand","embeddable":true,"href":"https:\/\/www.allscore.de\/shop\/wp-json\/wp\/v2\/product_brand?post=9800"},{"taxonomy":"product_cat","embeddable":true,"href":"https:\/\/www.allscore.de\/shop\/wp-json\/wp\/v2\/product_cat?post=9800"},{"taxonomy":"product_tag","embeddable":true,"href":"https:\/\/www.allscore.de\/shop\/wp-json\/wp\/v2\/product_tag?post=9800"}],"curies":[{"name":"wp","href":"https:\/\/api.w.org\/{rel}","templated":true}]}}