{"id":9788,"date":"2021-04-05T17:02:23","date_gmt":"2021-04-05T15:02:23","guid":{"rendered":"https:\/\/www.allscore.de\/shop\/?post_type=product&#038;p=9788"},"modified":"2025-12-08T14:51:37","modified_gmt":"2025-12-08T13:51:37","slug":"sherlock-holmes-neue-faelle-48-der-keim-des-boesen","status":"publish","type":"product","link":"https:\/\/www.allscore.de\/shop\/produkt\/sherlock-holmes-neue-faelle-48-der-keim-des-boesen\/","title":{"rendered":"Sherlock Holmes, neue F\u00e4lle 48: Der Keim des B\u00f6sen"},"content":{"rendered":"<p>Sherlock Holmes, neue F\u00e4lle 48: Der Keim des B\u00f6sen<\/p>\n<p>Ein unheimliches Internat an der nordenglischen Ostk\u00fcste. Der Schriftexperte Ned Hurling reist zusammen mit Holmes und Watson dorthin, um ein geheimnisvolles Manuskript zu untersuchen, das angeblich von niemand Geringerem als William Shakespeare verfasst wurde. Doch es hat den Anschein, als l\u00e4ge ein Schatten \u00fcber dem alten Gem\u00e4uer. Ger\u00fcchten zufolge verschwinden Menschen spurlos aus dem Stratfort-Internat. Als dann sogar ein Mord geschieht, kommt ein dunkles Geheimnis ans Tageslicht.<\/p>\n<p>Sherlock Holmes: Christian Rode<br \/>\nWatson \/ Erz\u00e4hler: Peter Groeger<br \/>\nWarren Oates: Wolfgang Draeger<br \/>\nPreston Loudermilk: Erich R\u00e4uker<br \/>\nMelvin Batefield: Joachim Kaps<br \/>\nHelen Miles: Jenny L\u00f6ffler<br \/>\nColin Barstow: Arne Stephan<br \/>\nHerbert Bloom: Wolf Frass<br \/>\nGordon Heppner: Peter Weis<br \/>\nElla Heppner: Dagmar Dreke<br \/>\nNed Hurling: Thomas Schmuckert<\/p>\n<p>Regie: Gerd Naumann<br \/>\nBuch und Idee: Marc Freund<br \/>\nKomponist: Stephan Eicke<br \/>\nSounddesign, Mischung &amp; Master: Tom Steinbrecher<\/p>\n<p>Spieldauer: ca. 71 Minuten<\/p>\n","protected":false},"excerpt":{"rendered":"<p>Sherlock Holmes, neue F\u00e4lle 48: Der Keim des B\u00f6sen Ein unheimliches Internat an der nordenglischen Ostk\u00fcste. Der Schriftexperte Ned Hurling reist zusammen mit Holmes und Watson dorthin, um ein geheimnisvolles Manuskript zu untersuchen, das angeblich von niemand Geringerem als William Shakespeare verfasst wurde. Doch es hat den Anschein, als l\u00e4ge ein Schatten \u00fcber dem alten&#8230;<\/p>\n<p><a rel=\"bookmark\" class=\"vonzot-button-simple wvc-button wvc-button-size-sm\" href=\"https:\/\/www.allscore.de\/shop\/produkt\/sherlock-holmes-neue-faelle-48-der-keim-des-boesen\/\"><span>Read more<\/span><\/a><\/p>\n","protected":false},"featured_media":7522,"template":"","meta":[],"product_brand":[],"product_cat":[72,213],"product_tag":[],"class_list":{"0":"post-9788","1":"product","2":"type-product","3":"status-publish","4":"has-post-thumbnail","6":"product_cat-hoerspiele","7":"product_cat-sherlock-holmes-die-neuen-faelle","8":"product_shipping_class-tontraeger-cd","9":"entry","10":"clearfix","11":"entry-grid","12":"entry-columns-3","13":"entry-product-module-layout-sidebar-right","14":"thumbnail-color-tone-dark","15":"entry-product","17":"entry-product-grid","19":"first","20":"instock","21":"taxable","22":"shipping-taxable","23":"purchasable","24":"product-type-simple"},"yoast_head":"<!-- This site is optimized with the Yoast SEO plugin v27.4 - https:\/\/yoast.com\/product\/yoast-seo-wordpress\/ -->\n<title>Sherlock Holmes, neue F\u00e4lle 48: Der Keim des B\u00f6sen<\/title>\n<meta name=\"description\" content=\"Sherlock Holmes, neue F\u00e4lle 48: Der Keim des B\u00f6sen Ein unheimliches Internat an der nordenglischen Ostk\u00fcste. Der Schriftexperte Ned Hurling reist zusammen\" \/>\n<meta name=\"robots\" content=\"index, follow, max-snippet:-1, max-image-preview:large, max-video-preview:-1\" \/>\n<link rel=\"canonical\" href=\"https:\/\/www.allscore.de\/shop\/produkt\/sherlock-holmes-neue-faelle-48-der-keim-des-boesen\/\" \/>\n<meta property=\"og:locale\" content=\"de_DE\" \/>\n<meta property=\"og:type\" content=\"article\" \/>\n<meta property=\"og:title\" content=\"Sherlock Holmes, neue F\u00e4lle 48: Der Keim des B\u00f6sen\" \/>\n<meta property=\"og:description\" content=\"Sherlock Holmes, neue F\u00e4lle 48: Der Keim des B\u00f6sen Ein unheimliches Internat an der nordenglischen Ostk\u00fcste. Der Schriftexperte Ned Hurling reist zusammen\" \/>\n<meta property=\"og:url\" content=\"https:\/\/www.allscore.de\/shop\/produkt\/sherlock-holmes-neue-faelle-48-der-keim-des-boesen\/\" \/>\n<meta property=\"og:site_name\" content=\"Allscore Shop\" \/>\n<meta property=\"article:modified_time\" content=\"2025-12-08T13:51:37+00:00\" \/>\n<meta property=\"og:image\" content=\"https:\/\/www.allscore.de\/shop\/wp-content\/uploads\/2020\/09\/SH48_1200x1200.jpg\" \/>\n\t<meta property=\"og:image:width\" content=\"1200\" \/>\n\t<meta property=\"og:image:height\" content=\"1200\" \/>\n\t<meta property=\"og:image:type\" content=\"image\/jpeg\" \/>\n<meta name=\"twitter:card\" content=\"summary_large_image\" \/>\n<meta name=\"twitter:label1\" content=\"Gesch\u00e4tzte Lesezeit\" \/>\n\t<meta name=\"twitter:data1\" content=\"1\u00a0Minute\" \/>\n<script type=\"application\/ld+json\" class=\"yoast-schema-graph\">{\"@context\":\"https:\\\/\\\/schema.org\",\"@graph\":[{\"@type\":\"WebPage\",\"@id\":\"https:\\\/\\\/www.allscore.de\\\/shop\\\/produkt\\\/sherlock-holmes-neue-faelle-48-der-keim-des-boesen\\\/\",\"url\":\"https:\\\/\\\/www.allscore.de\\\/shop\\\/produkt\\\/sherlock-holmes-neue-faelle-48-der-keim-des-boesen\\\/\",\"name\":\"Sherlock Holmes, neue F\u00e4lle 48: Der Keim des B\u00f6sen\",\"isPartOf\":{\"@id\":\"https:\\\/\\\/www.allscore.de\\\/shop\\\/#website\"},\"primaryImageOfPage\":{\"@id\":\"https:\\\/\\\/www.allscore.de\\\/shop\\\/produkt\\\/sherlock-holmes-neue-faelle-48-der-keim-des-boesen\\\/#primaryimage\"},\"image\":{\"@id\":\"https:\\\/\\\/www.allscore.de\\\/shop\\\/produkt\\\/sherlock-holmes-neue-faelle-48-der-keim-des-boesen\\\/#primaryimage\"},\"thumbnailUrl\":\"https:\\\/\\\/www.allscore.de\\\/shop\\\/wp-content\\\/uploads\\\/2020\\\/09\\\/SH48_1200x1200.jpg\",\"datePublished\":\"2021-04-05T15:02:23+00:00\",\"dateModified\":\"2025-12-08T13:51:37+00:00\",\"description\":\"Sherlock Holmes, neue F\u00e4lle 48: Der Keim des B\u00f6sen Ein unheimliches Internat an der nordenglischen Ostk\u00fcste. Der Schriftexperte Ned Hurling reist zusammen\",\"breadcrumb\":{\"@id\":\"https:\\\/\\\/www.allscore.de\\\/shop\\\/produkt\\\/sherlock-holmes-neue-faelle-48-der-keim-des-boesen\\\/#breadcrumb\"},\"inLanguage\":\"de\",\"potentialAction\":[{\"@type\":\"ReadAction\",\"target\":[\"https:\\\/\\\/www.allscore.de\\\/shop\\\/produkt\\\/sherlock-holmes-neue-faelle-48-der-keim-des-boesen\\\/\"]}]},{\"@type\":\"ImageObject\",\"inLanguage\":\"de\",\"@id\":\"https:\\\/\\\/www.allscore.de\\\/shop\\\/produkt\\\/sherlock-holmes-neue-faelle-48-der-keim-des-boesen\\\/#primaryimage\",\"url\":\"https:\\\/\\\/www.allscore.de\\\/shop\\\/wp-content\\\/uploads\\\/2020\\\/09\\\/SH48_1200x1200.jpg\",\"contentUrl\":\"https:\\\/\\\/www.allscore.de\\\/shop\\\/wp-content\\\/uploads\\\/2020\\\/09\\\/SH48_1200x1200.jpg\",\"width\":1200,\"height\":1200,\"caption\":\"Sherlock Holmes - Die neuen F\u00e4lle (48): Der Keim des B\u00f6sen\"},{\"@type\":\"BreadcrumbList\",\"@id\":\"https:\\\/\\\/www.allscore.de\\\/shop\\\/produkt\\\/sherlock-holmes-neue-faelle-48-der-keim-des-boesen\\\/#breadcrumb\",\"itemListElement\":[{\"@type\":\"ListItem\",\"position\":1,\"name\":\"Startseite\",\"item\":\"https:\\\/\\\/www.allscore.de\\\/shop\\\/\"},{\"@type\":\"ListItem\",\"position\":2,\"name\":\"Produkte\",\"item\":\"https:\\\/\\\/www.allscore.de\\\/shop\\\/shop\\\/\"},{\"@type\":\"ListItem\",\"position\":3,\"name\":\"Sherlock Holmes, neue F\u00e4lle 48: Der Keim des B\u00f6sen\"}]},{\"@type\":\"WebSite\",\"@id\":\"https:\\\/\\\/www.allscore.de\\\/shop\\\/#website\",\"url\":\"https:\\\/\\\/www.allscore.de\\\/shop\\\/\",\"name\":\"Allscore Shop\",\"description\":\"All Score Media\",\"publisher\":{\"@id\":\"https:\\\/\\\/www.allscore.de\\\/shop\\\/#organization\"},\"potentialAction\":[{\"@type\":\"SearchAction\",\"target\":{\"@type\":\"EntryPoint\",\"urlTemplate\":\"https:\\\/\\\/www.allscore.de\\\/shop\\\/?s={search_term_string}\"},\"query-input\":{\"@type\":\"PropertyValueSpecification\",\"valueRequired\":true,\"valueName\":\"search_term_string\"}}],\"inLanguage\":\"de\"},{\"@type\":\"Organization\",\"@id\":\"https:\\\/\\\/www.allscore.de\\\/shop\\\/#organization\",\"name\":\"All Score Media\",\"alternateName\":\"Allscore\",\"url\":\"https:\\\/\\\/www.allscore.de\\\/shop\\\/\",\"logo\":{\"@type\":\"ImageObject\",\"inLanguage\":\"de\",\"@id\":\"https:\\\/\\\/www.allscore.de\\\/shop\\\/#\\\/schema\\\/logo\\\/image\\\/\",\"url\":\"https:\\\/\\\/www.allscore.de\\\/shop\\\/wp-content\\\/uploads\\\/2026\\\/01\\\/Logo_Yoast_Shop_2026.png\",\"contentUrl\":\"https:\\\/\\\/www.allscore.de\\\/shop\\\/wp-content\\\/uploads\\\/2026\\\/01\\\/Logo_Yoast_Shop_2026.png\",\"width\":696,\"height\":696,\"caption\":\"All Score Media\"},\"image\":{\"@id\":\"https:\\\/\\\/www.allscore.de\\\/shop\\\/#\\\/schema\\\/logo\\\/image\\\/\"}}]}<\/script>\n<!-- \/ Yoast SEO plugin. -->","yoast_head_json":{"title":"Sherlock Holmes, neue F\u00e4lle 48: Der Keim des B\u00f6sen","description":"Sherlock Holmes, neue F\u00e4lle 48: Der Keim des B\u00f6sen Ein unheimliches Internat an der nordenglischen Ostk\u00fcste. Der Schriftexperte Ned Hurling reist zusammen","robots":{"index":"index","follow":"follow","max-snippet":"max-snippet:-1","max-image-preview":"max-image-preview:large","max-video-preview":"max-video-preview:-1"},"canonical":"https:\/\/www.allscore.de\/shop\/produkt\/sherlock-holmes-neue-faelle-48-der-keim-des-boesen\/","og_locale":"de_DE","og_type":"article","og_title":"Sherlock Holmes, neue F\u00e4lle 48: Der Keim des B\u00f6sen","og_description":"Sherlock Holmes, neue F\u00e4lle 48: Der Keim des B\u00f6sen Ein unheimliches Internat an der nordenglischen Ostk\u00fcste. Der Schriftexperte Ned Hurling reist zusammen","og_url":"https:\/\/www.allscore.de\/shop\/produkt\/sherlock-holmes-neue-faelle-48-der-keim-des-boesen\/","og_site_name":"Allscore Shop","article_modified_time":"2025-12-08T13:51:37+00:00","og_image":[{"width":1200,"height":1200,"url":"https:\/\/www.allscore.de\/shop\/wp-content\/uploads\/2020\/09\/SH48_1200x1200.jpg","type":"image\/jpeg"}],"twitter_card":"summary_large_image","twitter_misc":{"Gesch\u00e4tzte Lesezeit":"1\u00a0Minute"},"schema":{"@context":"https:\/\/schema.org","@graph":[{"@type":"WebPage","@id":"https:\/\/www.allscore.de\/shop\/produkt\/sherlock-holmes-neue-faelle-48-der-keim-des-boesen\/","url":"https:\/\/www.allscore.de\/shop\/produkt\/sherlock-holmes-neue-faelle-48-der-keim-des-boesen\/","name":"Sherlock Holmes, neue F\u00e4lle 48: Der Keim des B\u00f6sen","isPartOf":{"@id":"https:\/\/www.allscore.de\/shop\/#website"},"primaryImageOfPage":{"@id":"https:\/\/www.allscore.de\/shop\/produkt\/sherlock-holmes-neue-faelle-48-der-keim-des-boesen\/#primaryimage"},"image":{"@id":"https:\/\/www.allscore.de\/shop\/produkt\/sherlock-holmes-neue-faelle-48-der-keim-des-boesen\/#primaryimage"},"thumbnailUrl":"https:\/\/www.allscore.de\/shop\/wp-content\/uploads\/2020\/09\/SH48_1200x1200.jpg","datePublished":"2021-04-05T15:02:23+00:00","dateModified":"2025-12-08T13:51:37+00:00","description":"Sherlock Holmes, neue F\u00e4lle 48: Der Keim des B\u00f6sen Ein unheimliches Internat an der nordenglischen Ostk\u00fcste. Der Schriftexperte Ned Hurling reist zusammen","breadcrumb":{"@id":"https:\/\/www.allscore.de\/shop\/produkt\/sherlock-holmes-neue-faelle-48-der-keim-des-boesen\/#breadcrumb"},"inLanguage":"de","potentialAction":[{"@type":"ReadAction","target":["https:\/\/www.allscore.de\/shop\/produkt\/sherlock-holmes-neue-faelle-48-der-keim-des-boesen\/"]}]},{"@type":"ImageObject","inLanguage":"de","@id":"https:\/\/www.allscore.de\/shop\/produkt\/sherlock-holmes-neue-faelle-48-der-keim-des-boesen\/#primaryimage","url":"https:\/\/www.allscore.de\/shop\/wp-content\/uploads\/2020\/09\/SH48_1200x1200.jpg","contentUrl":"https:\/\/www.allscore.de\/shop\/wp-content\/uploads\/2020\/09\/SH48_1200x1200.jpg","width":1200,"height":1200,"caption":"Sherlock Holmes - Die neuen F\u00e4lle (48): Der Keim des B\u00f6sen"},{"@type":"BreadcrumbList","@id":"https:\/\/www.allscore.de\/shop\/produkt\/sherlock-holmes-neue-faelle-48-der-keim-des-boesen\/#breadcrumb","itemListElement":[{"@type":"ListItem","position":1,"name":"Startseite","item":"https:\/\/www.allscore.de\/shop\/"},{"@type":"ListItem","position":2,"name":"Produkte","item":"https:\/\/www.allscore.de\/shop\/shop\/"},{"@type":"ListItem","position":3,"name":"Sherlock Holmes, neue F\u00e4lle 48: Der Keim des B\u00f6sen"}]},{"@type":"WebSite","@id":"https:\/\/www.allscore.de\/shop\/#website","url":"https:\/\/www.allscore.de\/shop\/","name":"Allscore Shop","description":"All Score Media","publisher":{"@id":"https:\/\/www.allscore.de\/shop\/#organization"},"potentialAction":[{"@type":"SearchAction","target":{"@type":"EntryPoint","urlTemplate":"https:\/\/www.allscore.de\/shop\/?s={search_term_string}"},"query-input":{"@type":"PropertyValueSpecification","valueRequired":true,"valueName":"search_term_string"}}],"inLanguage":"de"},{"@type":"Organization","@id":"https:\/\/www.allscore.de\/shop\/#organization","name":"All Score Media","alternateName":"Allscore","url":"https:\/\/www.allscore.de\/shop\/","logo":{"@type":"ImageObject","inLanguage":"de","@id":"https:\/\/www.allscore.de\/shop\/#\/schema\/logo\/image\/","url":"https:\/\/www.allscore.de\/shop\/wp-content\/uploads\/2026\/01\/Logo_Yoast_Shop_2026.png","contentUrl":"https:\/\/www.allscore.de\/shop\/wp-content\/uploads\/2026\/01\/Logo_Yoast_Shop_2026.png","width":696,"height":696,"caption":"All Score Media"},"image":{"@id":"https:\/\/www.allscore.de\/shop\/#\/schema\/logo\/image\/"}}]}},"_links":{"self":[{"href":"https:\/\/www.allscore.de\/shop\/wp-json\/wp\/v2\/product\/9788","targetHints":{"allow":["GET"]}}],"collection":[{"href":"https:\/\/www.allscore.de\/shop\/wp-json\/wp\/v2\/product"}],"about":[{"href":"https:\/\/www.allscore.de\/shop\/wp-json\/wp\/v2\/types\/product"}],"wp:featuredmedia":[{"embeddable":true,"href":"https:\/\/www.allscore.de\/shop\/wp-json\/wp\/v2\/media\/7522"}],"wp:attachment":[{"href":"https:\/\/www.allscore.de\/shop\/wp-json\/wp\/v2\/media?parent=9788"}],"wp:term":[{"taxonomy":"product_brand","embeddable":true,"href":"https:\/\/www.allscore.de\/shop\/wp-json\/wp\/v2\/product_brand?post=9788"},{"taxonomy":"product_cat","embeddable":true,"href":"https:\/\/www.allscore.de\/shop\/wp-json\/wp\/v2\/product_cat?post=9788"},{"taxonomy":"product_tag","embeddable":true,"href":"https:\/\/www.allscore.de\/shop\/wp-json\/wp\/v2\/product_tag?post=9788"}],"curies":[{"name":"wp","href":"https:\/\/api.w.org\/{rel}","templated":true}]}}