{"id":9782,"date":"2021-06-01T17:43:31","date_gmt":"2021-06-01T15:43:31","guid":{"rendered":"https:\/\/www.allscore.de\/shop\/?post_type=product&#038;p=9782"},"modified":"2025-10-24T19:13:15","modified_gmt":"2025-10-24T17:13:15","slug":"sherlock-holmes-und-co-64-puppenspieler","status":"publish","type":"product","link":"https:\/\/www.allscore.de\/shop\/produkt\/sherlock-holmes-und-co-64-puppenspieler\/","title":{"rendered":"Sherlock Holmes und Co. 64: Puppenspieler"},"content":{"rendered":"","protected":false},"excerpt":{"rendered":"<p>Die gr\u00f6\u00dften F\u00e4lle von Scotland Yard.<\/p>\n<p>Namhafte Politiker des Landes werden auf perfide Weise erpresst, um v\u00f6llig absurde Forderungen f\u00fcr Gesetzes\u00e4nderungen durchzudr\u00fccken. Gehen sie nicht darauf ein, drohen grausame Bestrafungen. Geoffrey Stafford vermutet den Zirkel der Sieben hinter den Taten, Inspector Cross hat eine andere Theorie, so dass die beiden sich bei den Ermittlungen ein Duell liefern.<\/p>\n<p>ca. 60 Minuten Laufzeit<\/p>\n<p>Autor: Markus Duschek<\/p>\n<p>Sprecher: Bj\u00f6rn Schalla, Rainer Fritzsche, Reent Reins, Dietmar Wunder, Torsten Michaelis, Sven Hasper, Sarah Alles, Udo Schenk, Tammo Kaulbarsch, Alexander Kruuse Mettin, Marc Sch\u00fclert, Wolfgang Bahro, Jens Wendland, Lutz Mackensy<\/p>\n","protected":false},"featured_media":9741,"template":"","meta":[],"product_brand":[],"product_cat":[72,424],"product_tag":[],"class_list":{"0":"post-9782","1":"product","2":"type-product","3":"status-publish","4":"has-post-thumbnail","6":"product_cat-hoerspiele","7":"product_cat-sherlock-holmes-und-co","8":"product_shipping_class-tontraeger-cd","9":"entry","10":"clearfix","11":"entry-grid","12":"entry-columns-3","13":"entry-product-module-layout-sidebar-right","14":"thumbnail-color-tone-dark","15":"entry-product","17":"entry-product-grid","19":"first","20":"instock","21":"sale","22":"taxable","23":"shipping-taxable","24":"purchasable","25":"product-type-simple"},"yoast_head":"<!-- This site is optimized with the Yoast SEO plugin v27.4 - https:\/\/yoast.com\/product\/yoast-seo-wordpress\/ -->\n<title>Sherlock Holmes und Co. 64: Puppenspieler<\/title>\n<meta name=\"description\" content=\"Die gr\u00f6\u00dften F\u00e4lle von Scotland Yard.  Namhafte Politiker des Landes werden auf perfide Weise erpresst, um v\u00f6llig absurde Forderungen f\u00fcr Gesetzes\u00e4nderungen durchzudr\u00fccken. Gehen sie nicht darauf ein, drohen grausame Bestrafungen. Geoffrey Stafford vermutet den Zirkel der Sieben hinter den Taten, Inspector Cross hat eine andere Theorie, so dass die beiden sich bei den Ermittlungen ein Duell liefern.  ca. 60 Minuten Laufzeit  Autor: Markus Duschek  Sprecher: Bj\u00f6rn Schalla, Rainer Fritzsche, Reent Reins, Dietmar Wunder, Torsten Michaelis, Sven Hasper, Sarah Alles, Udo Schenk, Tammo Kaulbarsch, Alexander Kruuse Mettin, Marc Sch\u00fclert, Wolfgang Bahro, Jens Wendland, Lutz Mackensy\" \/>\n<meta name=\"robots\" content=\"index, follow, max-snippet:-1, max-image-preview:large, max-video-preview:-1\" \/>\n<link rel=\"canonical\" href=\"https:\/\/www.allscore.de\/shop\/produkt\/sherlock-holmes-und-co-64-puppenspieler\/\" \/>\n<meta property=\"og:locale\" content=\"de_DE\" \/>\n<meta property=\"og:type\" content=\"article\" \/>\n<meta property=\"og:title\" content=\"Sherlock Holmes und Co. 64: Puppenspieler\" \/>\n<meta property=\"og:description\" content=\"Die gr\u00f6\u00dften F\u00e4lle von Scotland Yard.  Namhafte Politiker des Landes werden auf perfide Weise erpresst, um v\u00f6llig absurde Forderungen f\u00fcr Gesetzes\u00e4nderungen durchzudr\u00fccken. Gehen sie nicht darauf ein, drohen grausame Bestrafungen. Geoffrey Stafford vermutet den Zirkel der Sieben hinter den Taten, Inspector Cross hat eine andere Theorie, so dass die beiden sich bei den Ermittlungen ein Duell liefern.  ca. 60 Minuten Laufzeit  Autor: Markus Duschek  Sprecher: Bj\u00f6rn Schalla, Rainer Fritzsche, Reent Reins, Dietmar Wunder, Torsten Michaelis, Sven Hasper, Sarah Alles, Udo Schenk, Tammo Kaulbarsch, Alexander Kruuse Mettin, Marc Sch\u00fclert, Wolfgang Bahro, Jens Wendland, Lutz Mackensy\" \/>\n<meta property=\"og:url\" content=\"https:\/\/www.allscore.de\/shop\/produkt\/sherlock-holmes-und-co-64-puppenspieler\/\" \/>\n<meta property=\"og:site_name\" content=\"Allscore Shop\" \/>\n<meta property=\"article:modified_time\" content=\"2025-10-24T17:13:15+00:00\" \/>\n<meta property=\"og:image\" content=\"https:\/\/www.allscore.de\/shop\/wp-content\/uploads\/2021\/03\/SHCo64_1200px.jpg\" \/>\n\t<meta property=\"og:image:width\" content=\"1200\" \/>\n\t<meta property=\"og:image:height\" content=\"1200\" \/>\n\t<meta property=\"og:image:type\" content=\"image\/jpeg\" \/>\n<meta name=\"twitter:card\" content=\"summary_large_image\" \/>\n<script type=\"application\/ld+json\" class=\"yoast-schema-graph\">{\"@context\":\"https:\\\/\\\/schema.org\",\"@graph\":[{\"@type\":\"WebPage\",\"@id\":\"https:\\\/\\\/www.allscore.de\\\/shop\\\/produkt\\\/sherlock-holmes-und-co-64-puppenspieler\\\/\",\"url\":\"https:\\\/\\\/www.allscore.de\\\/shop\\\/produkt\\\/sherlock-holmes-und-co-64-puppenspieler\\\/\",\"name\":\"Sherlock Holmes und Co. 64: Puppenspieler\",\"isPartOf\":{\"@id\":\"https:\\\/\\\/www.allscore.de\\\/shop\\\/#website\"},\"primaryImageOfPage\":{\"@id\":\"https:\\\/\\\/www.allscore.de\\\/shop\\\/produkt\\\/sherlock-holmes-und-co-64-puppenspieler\\\/#primaryimage\"},\"image\":{\"@id\":\"https:\\\/\\\/www.allscore.de\\\/shop\\\/produkt\\\/sherlock-holmes-und-co-64-puppenspieler\\\/#primaryimage\"},\"thumbnailUrl\":\"https:\\\/\\\/www.allscore.de\\\/shop\\\/wp-content\\\/uploads\\\/2021\\\/03\\\/SHCo64_1200px.jpg\",\"datePublished\":\"2021-06-01T15:43:31+00:00\",\"dateModified\":\"2025-10-24T17:13:15+00:00\",\"description\":\"Die gr\u00f6\u00dften F\u00e4lle von Scotland Yard. Namhafte Politiker des Landes werden auf perfide Weise erpresst, um v\u00f6llig absurde Forderungen f\u00fcr Gesetzes\u00e4nderungen durchzudr\u00fccken. Gehen sie nicht darauf ein, drohen grausame Bestrafungen. Geoffrey Stafford vermutet den Zirkel der Sieben hinter den Taten, Inspector Cross hat eine andere Theorie, so dass die beiden sich bei den Ermittlungen ein Duell liefern. ca. 60 Minuten Laufzeit Autor: Markus Duschek Sprecher: Bj\u00f6rn Schalla, Rainer Fritzsche, Reent Reins, Dietmar Wunder, Torsten Michaelis, Sven Hasper, Sarah Alles, Udo Schenk, Tammo Kaulbarsch, Alexander Kruuse Mettin, Marc Sch\u00fclert, Wolfgang Bahro, Jens Wendland, Lutz Mackensy\",\"breadcrumb\":{\"@id\":\"https:\\\/\\\/www.allscore.de\\\/shop\\\/produkt\\\/sherlock-holmes-und-co-64-puppenspieler\\\/#breadcrumb\"},\"inLanguage\":\"de\",\"potentialAction\":[{\"@type\":\"ReadAction\",\"target\":[\"https:\\\/\\\/www.allscore.de\\\/shop\\\/produkt\\\/sherlock-holmes-und-co-64-puppenspieler\\\/\"]}]},{\"@type\":\"ImageObject\",\"inLanguage\":\"de\",\"@id\":\"https:\\\/\\\/www.allscore.de\\\/shop\\\/produkt\\\/sherlock-holmes-und-co-64-puppenspieler\\\/#primaryimage\",\"url\":\"https:\\\/\\\/www.allscore.de\\\/shop\\\/wp-content\\\/uploads\\\/2021\\\/03\\\/SHCo64_1200px.jpg\",\"contentUrl\":\"https:\\\/\\\/www.allscore.de\\\/shop\\\/wp-content\\\/uploads\\\/2021\\\/03\\\/SHCo64_1200px.jpg\",\"width\":1200,\"height\":1200,\"caption\":\"Sherlock Holmes und Co. 64: Puppenspieler\"},{\"@type\":\"BreadcrumbList\",\"@id\":\"https:\\\/\\\/www.allscore.de\\\/shop\\\/produkt\\\/sherlock-holmes-und-co-64-puppenspieler\\\/#breadcrumb\",\"itemListElement\":[{\"@type\":\"ListItem\",\"position\":1,\"name\":\"Startseite\",\"item\":\"https:\\\/\\\/www.allscore.de\\\/shop\\\/\"},{\"@type\":\"ListItem\",\"position\":2,\"name\":\"Produkte\",\"item\":\"https:\\\/\\\/www.allscore.de\\\/shop\\\/shop\\\/\"},{\"@type\":\"ListItem\",\"position\":3,\"name\":\"Sherlock Holmes und Co. 64: Puppenspieler\"}]},{\"@type\":\"WebSite\",\"@id\":\"https:\\\/\\\/www.allscore.de\\\/shop\\\/#website\",\"url\":\"https:\\\/\\\/www.allscore.de\\\/shop\\\/\",\"name\":\"Allscore Shop\",\"description\":\"All Score Media\",\"publisher\":{\"@id\":\"https:\\\/\\\/www.allscore.de\\\/shop\\\/#organization\"},\"potentialAction\":[{\"@type\":\"SearchAction\",\"target\":{\"@type\":\"EntryPoint\",\"urlTemplate\":\"https:\\\/\\\/www.allscore.de\\\/shop\\\/?s={search_term_string}\"},\"query-input\":{\"@type\":\"PropertyValueSpecification\",\"valueRequired\":true,\"valueName\":\"search_term_string\"}}],\"inLanguage\":\"de\"},{\"@type\":\"Organization\",\"@id\":\"https:\\\/\\\/www.allscore.de\\\/shop\\\/#organization\",\"name\":\"All Score Media\",\"alternateName\":\"Allscore\",\"url\":\"https:\\\/\\\/www.allscore.de\\\/shop\\\/\",\"logo\":{\"@type\":\"ImageObject\",\"inLanguage\":\"de\",\"@id\":\"https:\\\/\\\/www.allscore.de\\\/shop\\\/#\\\/schema\\\/logo\\\/image\\\/\",\"url\":\"https:\\\/\\\/www.allscore.de\\\/shop\\\/wp-content\\\/uploads\\\/2026\\\/01\\\/Logo_Yoast_Shop_2026.png\",\"contentUrl\":\"https:\\\/\\\/www.allscore.de\\\/shop\\\/wp-content\\\/uploads\\\/2026\\\/01\\\/Logo_Yoast_Shop_2026.png\",\"width\":696,\"height\":696,\"caption\":\"All Score Media\"},\"image\":{\"@id\":\"https:\\\/\\\/www.allscore.de\\\/shop\\\/#\\\/schema\\\/logo\\\/image\\\/\"}}]}<\/script>\n<!-- \/ Yoast SEO plugin. -->","yoast_head_json":{"title":"Sherlock Holmes und Co. 64: Puppenspieler","description":"Die gr\u00f6\u00dften F\u00e4lle von Scotland Yard.  Namhafte Politiker des Landes werden auf perfide Weise erpresst, um v\u00f6llig absurde Forderungen f\u00fcr Gesetzes\u00e4nderungen durchzudr\u00fccken. Gehen sie nicht darauf ein, drohen grausame Bestrafungen. Geoffrey Stafford vermutet den Zirkel der Sieben hinter den Taten, Inspector Cross hat eine andere Theorie, so dass die beiden sich bei den Ermittlungen ein Duell liefern.  ca. 60 Minuten Laufzeit  Autor: Markus Duschek  Sprecher: Bj\u00f6rn Schalla, Rainer Fritzsche, Reent Reins, Dietmar Wunder, Torsten Michaelis, Sven Hasper, Sarah Alles, Udo Schenk, Tammo Kaulbarsch, Alexander Kruuse Mettin, Marc Sch\u00fclert, Wolfgang Bahro, Jens Wendland, Lutz Mackensy","robots":{"index":"index","follow":"follow","max-snippet":"max-snippet:-1","max-image-preview":"max-image-preview:large","max-video-preview":"max-video-preview:-1"},"canonical":"https:\/\/www.allscore.de\/shop\/produkt\/sherlock-holmes-und-co-64-puppenspieler\/","og_locale":"de_DE","og_type":"article","og_title":"Sherlock Holmes und Co. 64: Puppenspieler","og_description":"Die gr\u00f6\u00dften F\u00e4lle von Scotland Yard.  Namhafte Politiker des Landes werden auf perfide Weise erpresst, um v\u00f6llig absurde Forderungen f\u00fcr Gesetzes\u00e4nderungen durchzudr\u00fccken. Gehen sie nicht darauf ein, drohen grausame Bestrafungen. Geoffrey Stafford vermutet den Zirkel der Sieben hinter den Taten, Inspector Cross hat eine andere Theorie, so dass die beiden sich bei den Ermittlungen ein Duell liefern.  ca. 60 Minuten Laufzeit  Autor: Markus Duschek  Sprecher: Bj\u00f6rn Schalla, Rainer Fritzsche, Reent Reins, Dietmar Wunder, Torsten Michaelis, Sven Hasper, Sarah Alles, Udo Schenk, Tammo Kaulbarsch, Alexander Kruuse Mettin, Marc Sch\u00fclert, Wolfgang Bahro, Jens Wendland, Lutz Mackensy","og_url":"https:\/\/www.allscore.de\/shop\/produkt\/sherlock-holmes-und-co-64-puppenspieler\/","og_site_name":"Allscore Shop","article_modified_time":"2025-10-24T17:13:15+00:00","og_image":[{"width":1200,"height":1200,"url":"https:\/\/www.allscore.de\/shop\/wp-content\/uploads\/2021\/03\/SHCo64_1200px.jpg","type":"image\/jpeg"}],"twitter_card":"summary_large_image","schema":{"@context":"https:\/\/schema.org","@graph":[{"@type":"WebPage","@id":"https:\/\/www.allscore.de\/shop\/produkt\/sherlock-holmes-und-co-64-puppenspieler\/","url":"https:\/\/www.allscore.de\/shop\/produkt\/sherlock-holmes-und-co-64-puppenspieler\/","name":"Sherlock Holmes und Co. 64: Puppenspieler","isPartOf":{"@id":"https:\/\/www.allscore.de\/shop\/#website"},"primaryImageOfPage":{"@id":"https:\/\/www.allscore.de\/shop\/produkt\/sherlock-holmes-und-co-64-puppenspieler\/#primaryimage"},"image":{"@id":"https:\/\/www.allscore.de\/shop\/produkt\/sherlock-holmes-und-co-64-puppenspieler\/#primaryimage"},"thumbnailUrl":"https:\/\/www.allscore.de\/shop\/wp-content\/uploads\/2021\/03\/SHCo64_1200px.jpg","datePublished":"2021-06-01T15:43:31+00:00","dateModified":"2025-10-24T17:13:15+00:00","description":"Die gr\u00f6\u00dften F\u00e4lle von Scotland Yard. Namhafte Politiker des Landes werden auf perfide Weise erpresst, um v\u00f6llig absurde Forderungen f\u00fcr Gesetzes\u00e4nderungen durchzudr\u00fccken. Gehen sie nicht darauf ein, drohen grausame Bestrafungen. Geoffrey Stafford vermutet den Zirkel der Sieben hinter den Taten, Inspector Cross hat eine andere Theorie, so dass die beiden sich bei den Ermittlungen ein Duell liefern. ca. 60 Minuten Laufzeit Autor: Markus Duschek Sprecher: Bj\u00f6rn Schalla, Rainer Fritzsche, Reent Reins, Dietmar Wunder, Torsten Michaelis, Sven Hasper, Sarah Alles, Udo Schenk, Tammo Kaulbarsch, Alexander Kruuse Mettin, Marc Sch\u00fclert, Wolfgang Bahro, Jens Wendland, Lutz Mackensy","breadcrumb":{"@id":"https:\/\/www.allscore.de\/shop\/produkt\/sherlock-holmes-und-co-64-puppenspieler\/#breadcrumb"},"inLanguage":"de","potentialAction":[{"@type":"ReadAction","target":["https:\/\/www.allscore.de\/shop\/produkt\/sherlock-holmes-und-co-64-puppenspieler\/"]}]},{"@type":"ImageObject","inLanguage":"de","@id":"https:\/\/www.allscore.de\/shop\/produkt\/sherlock-holmes-und-co-64-puppenspieler\/#primaryimage","url":"https:\/\/www.allscore.de\/shop\/wp-content\/uploads\/2021\/03\/SHCo64_1200px.jpg","contentUrl":"https:\/\/www.allscore.de\/shop\/wp-content\/uploads\/2021\/03\/SHCo64_1200px.jpg","width":1200,"height":1200,"caption":"Sherlock Holmes und Co. 64: Puppenspieler"},{"@type":"BreadcrumbList","@id":"https:\/\/www.allscore.de\/shop\/produkt\/sherlock-holmes-und-co-64-puppenspieler\/#breadcrumb","itemListElement":[{"@type":"ListItem","position":1,"name":"Startseite","item":"https:\/\/www.allscore.de\/shop\/"},{"@type":"ListItem","position":2,"name":"Produkte","item":"https:\/\/www.allscore.de\/shop\/shop\/"},{"@type":"ListItem","position":3,"name":"Sherlock Holmes und Co. 64: Puppenspieler"}]},{"@type":"WebSite","@id":"https:\/\/www.allscore.de\/shop\/#website","url":"https:\/\/www.allscore.de\/shop\/","name":"Allscore Shop","description":"All Score Media","publisher":{"@id":"https:\/\/www.allscore.de\/shop\/#organization"},"potentialAction":[{"@type":"SearchAction","target":{"@type":"EntryPoint","urlTemplate":"https:\/\/www.allscore.de\/shop\/?s={search_term_string}"},"query-input":{"@type":"PropertyValueSpecification","valueRequired":true,"valueName":"search_term_string"}}],"inLanguage":"de"},{"@type":"Organization","@id":"https:\/\/www.allscore.de\/shop\/#organization","name":"All Score Media","alternateName":"Allscore","url":"https:\/\/www.allscore.de\/shop\/","logo":{"@type":"ImageObject","inLanguage":"de","@id":"https:\/\/www.allscore.de\/shop\/#\/schema\/logo\/image\/","url":"https:\/\/www.allscore.de\/shop\/wp-content\/uploads\/2026\/01\/Logo_Yoast_Shop_2026.png","contentUrl":"https:\/\/www.allscore.de\/shop\/wp-content\/uploads\/2026\/01\/Logo_Yoast_Shop_2026.png","width":696,"height":696,"caption":"All Score Media"},"image":{"@id":"https:\/\/www.allscore.de\/shop\/#\/schema\/logo\/image\/"}}]}},"_links":{"self":[{"href":"https:\/\/www.allscore.de\/shop\/wp-json\/wp\/v2\/product\/9782","targetHints":{"allow":["GET"]}}],"collection":[{"href":"https:\/\/www.allscore.de\/shop\/wp-json\/wp\/v2\/product"}],"about":[{"href":"https:\/\/www.allscore.de\/shop\/wp-json\/wp\/v2\/types\/product"}],"wp:featuredmedia":[{"embeddable":true,"href":"https:\/\/www.allscore.de\/shop\/wp-json\/wp\/v2\/media\/9741"}],"wp:attachment":[{"href":"https:\/\/www.allscore.de\/shop\/wp-json\/wp\/v2\/media?parent=9782"}],"wp:term":[{"taxonomy":"product_brand","embeddable":true,"href":"https:\/\/www.allscore.de\/shop\/wp-json\/wp\/v2\/product_brand?post=9782"},{"taxonomy":"product_cat","embeddable":true,"href":"https:\/\/www.allscore.de\/shop\/wp-json\/wp\/v2\/product_cat?post=9782"},{"taxonomy":"product_tag","embeddable":true,"href":"https:\/\/www.allscore.de\/shop\/wp-json\/wp\/v2\/product_tag?post=9782"}],"curies":[{"name":"wp","href":"https:\/\/api.w.org\/{rel}","templated":true}]}}