{"id":9772,"date":"2021-02-01T17:26:21","date_gmt":"2021-02-01T16:26:21","guid":{"rendered":"https:\/\/www.allscore.de\/shop\/?post_type=product&#038;p=9772"},"modified":"2025-10-24T19:13:16","modified_gmt":"2025-10-24T17:13:16","slug":"sherlock-holmes-und-co-59-dein-freund-und-helfer","status":"publish","type":"product","link":"https:\/\/www.allscore.de\/shop\/produkt\/sherlock-holmes-und-co-59-dein-freund-und-helfer\/","title":{"rendered":"Sherlock Holmes und Co. 59: Dein Freund und Helfer"},"content":{"rendered":"","protected":false},"excerpt":{"rendered":"<p>Ein Abenteuer mit der Denkmaschine<\/p>\n<p>Unter New Yorks Polizisten bricht pl\u00f6tzlich eine Welle schwerer Verbrechen und Amokl\u00e4ufe aus. Es kommt zu Raub, Mord und Totschlag. Das Police Department ist in seinen Grundfesten ersch\u00fcttert und Panik macht sich in der \u00d6ffentlichkeit breit. Hutchison Hatch und Professor Van Dusen suchen fieberhaft nach der Ursache. Was treibt die Polizisten in den Wahnsinn? Verfolgt jemand im Hintergrund damit gezielt eine Absicht und wenn ja, Welche? Ihre Ermittlungen bringen sie in die Schusslinie eines skrupellosen Gegners.<\/p>\n<p>ca. 60 Minuten Laufzeit<\/p>\n<p>Autor: Markus Duschek<\/p>\n<p>Sprecher: Martin Ke\u00dfler, Norbert Langer, Bodo Wolf, Daniel Zillmann, Marcel Coll\u00e9, Romanus Fuhrmann, Sina Zadra, Stefan Krause, Tom Solo, J\u00f6rg Pintsch, Werner Wilkening, Marcel Mann, Peter Kirchberger, Sebastian Winkler, Patrick Holtheuer, Lutz Mackensy<\/p>\n","protected":false},"featured_media":9731,"template":"","meta":[],"product_brand":[],"product_cat":[72,424],"product_tag":[],"class_list":{"0":"post-9772","1":"product","2":"type-product","3":"status-publish","4":"has-post-thumbnail","6":"product_cat-hoerspiele","7":"product_cat-sherlock-holmes-und-co","8":"product_shipping_class-tontraeger-cd","9":"entry","10":"clearfix","11":"entry-grid","12":"entry-columns-3","13":"entry-product-module-layout-sidebar-right","14":"thumbnail-color-tone-dark","15":"entry-product","17":"entry-product-grid","19":"first","20":"instock","21":"sale","22":"taxable","23":"shipping-taxable","24":"purchasable","25":"product-type-simple"},"yoast_head":"<!-- This site is optimized with the Yoast SEO plugin v27.4 - https:\/\/yoast.com\/product\/yoast-seo-wordpress\/ -->\n<title>Sherlock Holmes und Co. 59: Dein Freund und Helfer<\/title>\n<meta name=\"description\" content=\"Ein Abenteuer mit der Denkmaschine  Unter New Yorks Polizisten bricht pl\u00f6tzlich eine Welle schwerer Verbrechen und Amokl\u00e4ufe aus. Es kommt zu Raub, Mord und Totschlag. Das Police Department ist in seinen Grundfesten ersch\u00fcttert und Panik macht sich in der \u00d6ffentlichkeit breit. Hutchison Hatch und Professor Van Dusen suchen fieberhaft nach der Ursache. Was treibt die Polizisten in den Wahnsinn? Verfolgt jemand im Hintergrund damit gezielt eine Absicht und wenn ja, Welche? Ihre Ermittlungen bringen sie in die Schusslinie eines skrupellosen Gegners.  ca. 60 Minuten Laufzeit  Autor: Markus Duschek  Sprecher: Martin Ke\u00dfler, Norbert Langer, Bodo Wolf, Daniel Zillmann, Marcel Coll\u00e9, Romanus Fuhrmann, Sina Zadra, Stefan Krause, Tom Solo, J\u00f6rg Pintsch, Werner Wilkening, Marcel Mann, Peter Kirchberger, Sebastian Winkler, Patrick Holtheuer, Lutz Mackensy\" \/>\n<meta name=\"robots\" content=\"index, follow, max-snippet:-1, max-image-preview:large, max-video-preview:-1\" \/>\n<link rel=\"canonical\" href=\"https:\/\/www.allscore.de\/shop\/produkt\/sherlock-holmes-und-co-59-dein-freund-und-helfer\/\" \/>\n<meta property=\"og:locale\" content=\"de_DE\" \/>\n<meta property=\"og:type\" content=\"article\" \/>\n<meta property=\"og:title\" content=\"Sherlock Holmes und Co. 59: Dein Freund und Helfer\" \/>\n<meta property=\"og:description\" content=\"Ein Abenteuer mit der Denkmaschine  Unter New Yorks Polizisten bricht pl\u00f6tzlich eine Welle schwerer Verbrechen und Amokl\u00e4ufe aus. Es kommt zu Raub, Mord und Totschlag. Das Police Department ist in seinen Grundfesten ersch\u00fcttert und Panik macht sich in der \u00d6ffentlichkeit breit. Hutchison Hatch und Professor Van Dusen suchen fieberhaft nach der Ursache. Was treibt die Polizisten in den Wahnsinn? Verfolgt jemand im Hintergrund damit gezielt eine Absicht und wenn ja, Welche? Ihre Ermittlungen bringen sie in die Schusslinie eines skrupellosen Gegners.  ca. 60 Minuten Laufzeit  Autor: Markus Duschek  Sprecher: Martin Ke\u00dfler, Norbert Langer, Bodo Wolf, Daniel Zillmann, Marcel Coll\u00e9, Romanus Fuhrmann, Sina Zadra, Stefan Krause, Tom Solo, J\u00f6rg Pintsch, Werner Wilkening, Marcel Mann, Peter Kirchberger, Sebastian Winkler, Patrick Holtheuer, Lutz Mackensy\" \/>\n<meta property=\"og:url\" content=\"https:\/\/www.allscore.de\/shop\/produkt\/sherlock-holmes-und-co-59-dein-freund-und-helfer\/\" \/>\n<meta property=\"og:site_name\" content=\"Allscore Shop\" \/>\n<meta property=\"article:modified_time\" content=\"2025-10-24T17:13:16+00:00\" \/>\n<meta property=\"og:image\" content=\"https:\/\/www.allscore.de\/shop\/wp-content\/uploads\/2021\/03\/SHCo59_1200px.jpg\" \/>\n\t<meta property=\"og:image:width\" content=\"1200\" \/>\n\t<meta property=\"og:image:height\" content=\"1200\" \/>\n\t<meta property=\"og:image:type\" content=\"image\/jpeg\" \/>\n<meta name=\"twitter:card\" content=\"summary_large_image\" \/>\n<script type=\"application\/ld+json\" class=\"yoast-schema-graph\">{\"@context\":\"https:\\\/\\\/schema.org\",\"@graph\":[{\"@type\":\"WebPage\",\"@id\":\"https:\\\/\\\/www.allscore.de\\\/shop\\\/produkt\\\/sherlock-holmes-und-co-59-dein-freund-und-helfer\\\/\",\"url\":\"https:\\\/\\\/www.allscore.de\\\/shop\\\/produkt\\\/sherlock-holmes-und-co-59-dein-freund-und-helfer\\\/\",\"name\":\"Sherlock Holmes und Co. 59: Dein Freund und Helfer\",\"isPartOf\":{\"@id\":\"https:\\\/\\\/www.allscore.de\\\/shop\\\/#website\"},\"primaryImageOfPage\":{\"@id\":\"https:\\\/\\\/www.allscore.de\\\/shop\\\/produkt\\\/sherlock-holmes-und-co-59-dein-freund-und-helfer\\\/#primaryimage\"},\"image\":{\"@id\":\"https:\\\/\\\/www.allscore.de\\\/shop\\\/produkt\\\/sherlock-holmes-und-co-59-dein-freund-und-helfer\\\/#primaryimage\"},\"thumbnailUrl\":\"https:\\\/\\\/www.allscore.de\\\/shop\\\/wp-content\\\/uploads\\\/2021\\\/03\\\/SHCo59_1200px.jpg\",\"datePublished\":\"2021-02-01T16:26:21+00:00\",\"dateModified\":\"2025-10-24T17:13:16+00:00\",\"description\":\"Ein Abenteuer mit der Denkmaschine Unter New Yorks Polizisten bricht pl\u00f6tzlich eine Welle schwerer Verbrechen und Amokl\u00e4ufe aus. Es kommt zu Raub, Mord und Totschlag. Das Police Department ist in seinen Grundfesten ersch\u00fcttert und Panik macht sich in der \u00d6ffentlichkeit breit. Hutchison Hatch und Professor Van Dusen suchen fieberhaft nach der Ursache. Was treibt die Polizisten in den Wahnsinn? Verfolgt jemand im Hintergrund damit gezielt eine Absicht und wenn ja, Welche? Ihre Ermittlungen bringen sie in die Schusslinie eines skrupellosen Gegners. ca. 60 Minuten Laufzeit Autor: Markus Duschek Sprecher: Martin Ke\u00dfler, Norbert Langer, Bodo Wolf, Daniel Zillmann, Marcel Coll\u00e9, Romanus Fuhrmann, Sina Zadra, Stefan Krause, Tom Solo, J\u00f6rg Pintsch, Werner Wilkening, Marcel Mann, Peter Kirchberger, Sebastian Winkler, Patrick Holtheuer, Lutz Mackensy\",\"breadcrumb\":{\"@id\":\"https:\\\/\\\/www.allscore.de\\\/shop\\\/produkt\\\/sherlock-holmes-und-co-59-dein-freund-und-helfer\\\/#breadcrumb\"},\"inLanguage\":\"de\",\"potentialAction\":[{\"@type\":\"ReadAction\",\"target\":[\"https:\\\/\\\/www.allscore.de\\\/shop\\\/produkt\\\/sherlock-holmes-und-co-59-dein-freund-und-helfer\\\/\"]}]},{\"@type\":\"ImageObject\",\"inLanguage\":\"de\",\"@id\":\"https:\\\/\\\/www.allscore.de\\\/shop\\\/produkt\\\/sherlock-holmes-und-co-59-dein-freund-und-helfer\\\/#primaryimage\",\"url\":\"https:\\\/\\\/www.allscore.de\\\/shop\\\/wp-content\\\/uploads\\\/2021\\\/03\\\/SHCo59_1200px.jpg\",\"contentUrl\":\"https:\\\/\\\/www.allscore.de\\\/shop\\\/wp-content\\\/uploads\\\/2021\\\/03\\\/SHCo59_1200px.jpg\",\"width\":1200,\"height\":1200,\"caption\":\"Sherlock Holmes und Co. 59: Dein Freund und Helfer\"},{\"@type\":\"BreadcrumbList\",\"@id\":\"https:\\\/\\\/www.allscore.de\\\/shop\\\/produkt\\\/sherlock-holmes-und-co-59-dein-freund-und-helfer\\\/#breadcrumb\",\"itemListElement\":[{\"@type\":\"ListItem\",\"position\":1,\"name\":\"Startseite\",\"item\":\"https:\\\/\\\/www.allscore.de\\\/shop\\\/\"},{\"@type\":\"ListItem\",\"position\":2,\"name\":\"Produkte\",\"item\":\"https:\\\/\\\/www.allscore.de\\\/shop\\\/shop\\\/\"},{\"@type\":\"ListItem\",\"position\":3,\"name\":\"Sherlock Holmes und Co. 59: Dein Freund und Helfer\"}]},{\"@type\":\"WebSite\",\"@id\":\"https:\\\/\\\/www.allscore.de\\\/shop\\\/#website\",\"url\":\"https:\\\/\\\/www.allscore.de\\\/shop\\\/\",\"name\":\"Allscore Shop\",\"description\":\"All Score Media\",\"publisher\":{\"@id\":\"https:\\\/\\\/www.allscore.de\\\/shop\\\/#organization\"},\"potentialAction\":[{\"@type\":\"SearchAction\",\"target\":{\"@type\":\"EntryPoint\",\"urlTemplate\":\"https:\\\/\\\/www.allscore.de\\\/shop\\\/?s={search_term_string}\"},\"query-input\":{\"@type\":\"PropertyValueSpecification\",\"valueRequired\":true,\"valueName\":\"search_term_string\"}}],\"inLanguage\":\"de\"},{\"@type\":\"Organization\",\"@id\":\"https:\\\/\\\/www.allscore.de\\\/shop\\\/#organization\",\"name\":\"All Score Media\",\"alternateName\":\"Allscore\",\"url\":\"https:\\\/\\\/www.allscore.de\\\/shop\\\/\",\"logo\":{\"@type\":\"ImageObject\",\"inLanguage\":\"de\",\"@id\":\"https:\\\/\\\/www.allscore.de\\\/shop\\\/#\\\/schema\\\/logo\\\/image\\\/\",\"url\":\"https:\\\/\\\/www.allscore.de\\\/shop\\\/wp-content\\\/uploads\\\/2026\\\/01\\\/Logo_Yoast_Shop_2026.png\",\"contentUrl\":\"https:\\\/\\\/www.allscore.de\\\/shop\\\/wp-content\\\/uploads\\\/2026\\\/01\\\/Logo_Yoast_Shop_2026.png\",\"width\":696,\"height\":696,\"caption\":\"All Score Media\"},\"image\":{\"@id\":\"https:\\\/\\\/www.allscore.de\\\/shop\\\/#\\\/schema\\\/logo\\\/image\\\/\"}}]}<\/script>\n<!-- \/ Yoast SEO plugin. -->","yoast_head_json":{"title":"Sherlock Holmes und Co. 59: Dein Freund und Helfer","description":"Ein Abenteuer mit der Denkmaschine  Unter New Yorks Polizisten bricht pl\u00f6tzlich eine Welle schwerer Verbrechen und Amokl\u00e4ufe aus. Es kommt zu Raub, Mord und Totschlag. Das Police Department ist in seinen Grundfesten ersch\u00fcttert und Panik macht sich in der \u00d6ffentlichkeit breit. Hutchison Hatch und Professor Van Dusen suchen fieberhaft nach der Ursache. Was treibt die Polizisten in den Wahnsinn? Verfolgt jemand im Hintergrund damit gezielt eine Absicht und wenn ja, Welche? Ihre Ermittlungen bringen sie in die Schusslinie eines skrupellosen Gegners.  ca. 60 Minuten Laufzeit  Autor: Markus Duschek  Sprecher: Martin Ke\u00dfler, Norbert Langer, Bodo Wolf, Daniel Zillmann, Marcel Coll\u00e9, Romanus Fuhrmann, Sina Zadra, Stefan Krause, Tom Solo, J\u00f6rg Pintsch, Werner Wilkening, Marcel Mann, Peter Kirchberger, Sebastian Winkler, Patrick Holtheuer, Lutz Mackensy","robots":{"index":"index","follow":"follow","max-snippet":"max-snippet:-1","max-image-preview":"max-image-preview:large","max-video-preview":"max-video-preview:-1"},"canonical":"https:\/\/www.allscore.de\/shop\/produkt\/sherlock-holmes-und-co-59-dein-freund-und-helfer\/","og_locale":"de_DE","og_type":"article","og_title":"Sherlock Holmes und Co. 59: Dein Freund und Helfer","og_description":"Ein Abenteuer mit der Denkmaschine  Unter New Yorks Polizisten bricht pl\u00f6tzlich eine Welle schwerer Verbrechen und Amokl\u00e4ufe aus. Es kommt zu Raub, Mord und Totschlag. Das Police Department ist in seinen Grundfesten ersch\u00fcttert und Panik macht sich in der \u00d6ffentlichkeit breit. Hutchison Hatch und Professor Van Dusen suchen fieberhaft nach der Ursache. Was treibt die Polizisten in den Wahnsinn? Verfolgt jemand im Hintergrund damit gezielt eine Absicht und wenn ja, Welche? Ihre Ermittlungen bringen sie in die Schusslinie eines skrupellosen Gegners.  ca. 60 Minuten Laufzeit  Autor: Markus Duschek  Sprecher: Martin Ke\u00dfler, Norbert Langer, Bodo Wolf, Daniel Zillmann, Marcel Coll\u00e9, Romanus Fuhrmann, Sina Zadra, Stefan Krause, Tom Solo, J\u00f6rg Pintsch, Werner Wilkening, Marcel Mann, Peter Kirchberger, Sebastian Winkler, Patrick Holtheuer, Lutz Mackensy","og_url":"https:\/\/www.allscore.de\/shop\/produkt\/sherlock-holmes-und-co-59-dein-freund-und-helfer\/","og_site_name":"Allscore Shop","article_modified_time":"2025-10-24T17:13:16+00:00","og_image":[{"width":1200,"height":1200,"url":"https:\/\/www.allscore.de\/shop\/wp-content\/uploads\/2021\/03\/SHCo59_1200px.jpg","type":"image\/jpeg"}],"twitter_card":"summary_large_image","schema":{"@context":"https:\/\/schema.org","@graph":[{"@type":"WebPage","@id":"https:\/\/www.allscore.de\/shop\/produkt\/sherlock-holmes-und-co-59-dein-freund-und-helfer\/","url":"https:\/\/www.allscore.de\/shop\/produkt\/sherlock-holmes-und-co-59-dein-freund-und-helfer\/","name":"Sherlock Holmes und Co. 59: Dein Freund und Helfer","isPartOf":{"@id":"https:\/\/www.allscore.de\/shop\/#website"},"primaryImageOfPage":{"@id":"https:\/\/www.allscore.de\/shop\/produkt\/sherlock-holmes-und-co-59-dein-freund-und-helfer\/#primaryimage"},"image":{"@id":"https:\/\/www.allscore.de\/shop\/produkt\/sherlock-holmes-und-co-59-dein-freund-und-helfer\/#primaryimage"},"thumbnailUrl":"https:\/\/www.allscore.de\/shop\/wp-content\/uploads\/2021\/03\/SHCo59_1200px.jpg","datePublished":"2021-02-01T16:26:21+00:00","dateModified":"2025-10-24T17:13:16+00:00","description":"Ein Abenteuer mit der Denkmaschine Unter New Yorks Polizisten bricht pl\u00f6tzlich eine Welle schwerer Verbrechen und Amokl\u00e4ufe aus. Es kommt zu Raub, Mord und Totschlag. Das Police Department ist in seinen Grundfesten ersch\u00fcttert und Panik macht sich in der \u00d6ffentlichkeit breit. Hutchison Hatch und Professor Van Dusen suchen fieberhaft nach der Ursache. Was treibt die Polizisten in den Wahnsinn? Verfolgt jemand im Hintergrund damit gezielt eine Absicht und wenn ja, Welche? Ihre Ermittlungen bringen sie in die Schusslinie eines skrupellosen Gegners. ca. 60 Minuten Laufzeit Autor: Markus Duschek Sprecher: Martin Ke\u00dfler, Norbert Langer, Bodo Wolf, Daniel Zillmann, Marcel Coll\u00e9, Romanus Fuhrmann, Sina Zadra, Stefan Krause, Tom Solo, J\u00f6rg Pintsch, Werner Wilkening, Marcel Mann, Peter Kirchberger, Sebastian Winkler, Patrick Holtheuer, Lutz Mackensy","breadcrumb":{"@id":"https:\/\/www.allscore.de\/shop\/produkt\/sherlock-holmes-und-co-59-dein-freund-und-helfer\/#breadcrumb"},"inLanguage":"de","potentialAction":[{"@type":"ReadAction","target":["https:\/\/www.allscore.de\/shop\/produkt\/sherlock-holmes-und-co-59-dein-freund-und-helfer\/"]}]},{"@type":"ImageObject","inLanguage":"de","@id":"https:\/\/www.allscore.de\/shop\/produkt\/sherlock-holmes-und-co-59-dein-freund-und-helfer\/#primaryimage","url":"https:\/\/www.allscore.de\/shop\/wp-content\/uploads\/2021\/03\/SHCo59_1200px.jpg","contentUrl":"https:\/\/www.allscore.de\/shop\/wp-content\/uploads\/2021\/03\/SHCo59_1200px.jpg","width":1200,"height":1200,"caption":"Sherlock Holmes und Co. 59: Dein Freund und Helfer"},{"@type":"BreadcrumbList","@id":"https:\/\/www.allscore.de\/shop\/produkt\/sherlock-holmes-und-co-59-dein-freund-und-helfer\/#breadcrumb","itemListElement":[{"@type":"ListItem","position":1,"name":"Startseite","item":"https:\/\/www.allscore.de\/shop\/"},{"@type":"ListItem","position":2,"name":"Produkte","item":"https:\/\/www.allscore.de\/shop\/shop\/"},{"@type":"ListItem","position":3,"name":"Sherlock Holmes und Co. 59: Dein Freund und Helfer"}]},{"@type":"WebSite","@id":"https:\/\/www.allscore.de\/shop\/#website","url":"https:\/\/www.allscore.de\/shop\/","name":"Allscore Shop","description":"All Score Media","publisher":{"@id":"https:\/\/www.allscore.de\/shop\/#organization"},"potentialAction":[{"@type":"SearchAction","target":{"@type":"EntryPoint","urlTemplate":"https:\/\/www.allscore.de\/shop\/?s={search_term_string}"},"query-input":{"@type":"PropertyValueSpecification","valueRequired":true,"valueName":"search_term_string"}}],"inLanguage":"de"},{"@type":"Organization","@id":"https:\/\/www.allscore.de\/shop\/#organization","name":"All Score Media","alternateName":"Allscore","url":"https:\/\/www.allscore.de\/shop\/","logo":{"@type":"ImageObject","inLanguage":"de","@id":"https:\/\/www.allscore.de\/shop\/#\/schema\/logo\/image\/","url":"https:\/\/www.allscore.de\/shop\/wp-content\/uploads\/2026\/01\/Logo_Yoast_Shop_2026.png","contentUrl":"https:\/\/www.allscore.de\/shop\/wp-content\/uploads\/2026\/01\/Logo_Yoast_Shop_2026.png","width":696,"height":696,"caption":"All Score Media"},"image":{"@id":"https:\/\/www.allscore.de\/shop\/#\/schema\/logo\/image\/"}}]}},"_links":{"self":[{"href":"https:\/\/www.allscore.de\/shop\/wp-json\/wp\/v2\/product\/9772","targetHints":{"allow":["GET"]}}],"collection":[{"href":"https:\/\/www.allscore.de\/shop\/wp-json\/wp\/v2\/product"}],"about":[{"href":"https:\/\/www.allscore.de\/shop\/wp-json\/wp\/v2\/types\/product"}],"wp:featuredmedia":[{"embeddable":true,"href":"https:\/\/www.allscore.de\/shop\/wp-json\/wp\/v2\/media\/9731"}],"wp:attachment":[{"href":"https:\/\/www.allscore.de\/shop\/wp-json\/wp\/v2\/media?parent=9772"}],"wp:term":[{"taxonomy":"product_brand","embeddable":true,"href":"https:\/\/www.allscore.de\/shop\/wp-json\/wp\/v2\/product_brand?post=9772"},{"taxonomy":"product_cat","embeddable":true,"href":"https:\/\/www.allscore.de\/shop\/wp-json\/wp\/v2\/product_cat?post=9772"},{"taxonomy":"product_tag","embeddable":true,"href":"https:\/\/www.allscore.de\/shop\/wp-json\/wp\/v2\/product_tag?post=9772"}],"curies":[{"name":"wp","href":"https:\/\/api.w.org\/{rel}","templated":true}]}}