{"id":9770,"date":"2021-01-01T17:23:19","date_gmt":"2021-01-01T16:23:19","guid":{"rendered":"https:\/\/www.allscore.de\/shop\/?post_type=product&#038;p=9770"},"modified":"2026-03-30T12:33:15","modified_gmt":"2026-03-30T10:33:15","slug":"sherlock-holmes-und-co-58-unheilvolle-beute","status":"publish","type":"product","link":"https:\/\/www.allscore.de\/shop\/produkt\/sherlock-holmes-und-co-58-unheilvolle-beute\/","title":{"rendered":"Sherlock Holmes und Co. 58: Unheilvolle Beute"},"content":{"rendered":"","protected":false},"excerpt":{"rendered":"<p>Die gr\u00f6\u00dften F\u00e4lle von Scotland Yard<\/p>\n<p>Inspector Cross und Geoffrey Stafford bekommen es mit einer Serie spektakul\u00e4rer \u00dcberf\u00e4lle auf Eisenbahnz\u00fcge zu tun, die in der \u00d6ffentlichkeit f\u00fcr gro\u00dfe Unruhe sorgen. Scotland Yard, der Verbrecherbande auf der Spur, will die T\u00e4ter auf frischer Tat ertappen. Sie ahnen bereits, welcher Zug das n\u00e4chste Ziel der R\u00e4uber sein wird. Was sie nicht wissen: an Bord des Zuges befindet sich auch eine Fracht, die f\u00fcr den Zirkel der Sieben von h\u00f6chstem Interesse ist\u0085<\/p>\n<p>ca. 60 Minuten Laufzeit<\/p>\n<p>Autor: Markus Duschek<\/p>\n<p>Sprecher: Bj\u00f6rn Schalla, Rainer Fritzsche, Mia Diekow, Gabrielle Pietermann, Torsten Michaelis, Dirc Simpson, Kevin Kasper, Janis Zaurins, Peter Kirchberger, Torsten M\u00fcnchow, Detlef Tams, Lutz Mackensy<\/p>\n","protected":false},"featured_media":9729,"template":"","meta":[],"product_brand":[],"product_cat":[72,424],"product_tag":[],"class_list":{"0":"post-9770","1":"product","2":"type-product","3":"status-publish","4":"has-post-thumbnail","6":"product_cat-hoerspiele","7":"product_cat-sherlock-holmes-und-co","8":"product_shipping_class-tontraeger-cd","9":"entry","10":"clearfix","11":"entry-grid","12":"entry-columns-3","13":"entry-product-module-layout-sidebar-right","14":"thumbnail-color-tone-dark","15":"entry-product","17":"entry-product-grid","19":"first","20":"instock","21":"sale","22":"taxable","23":"shipping-taxable","24":"purchasable","25":"product-type-simple"},"yoast_head":"<!-- This site is optimized with the Yoast SEO plugin v27.3 - https:\/\/yoast.com\/product\/yoast-seo-wordpress\/ -->\n<title>Sherlock Holmes und Co. 58: Unheilvolle Beute<\/title>\n<meta name=\"description\" content=\"Die gr\u00f6\u00dften F\u00e4lle von Scotland Yard  Inspector Cross und Geoffrey Stafford bekommen es mit einer Serie spektakul\u00e4rer \u00dcberf\u00e4lle auf Eisenbahnz\u00fcge zu tun, die in der \u00d6ffentlichkeit f\u00fcr gro\u00dfe Unruhe sorgen. Scotland Yard, der Verbrecherbande auf der Spur, will die T\u00e4ter auf frischer Tat ertappen. Sie ahnen bereits, welcher Zug das n\u00e4chste Ziel der R\u00e4uber sein wird. Was sie nicht wissen: an Bord des Zuges befindet sich auch eine Fracht, die f\u00fcr den Zirkel der Sieben von h\u00f6chstem Interesse ist\u0085  ca. 60 Minuten Laufzeit  Autor: Markus Duschek  Sprecher: Bj\u00f6rn Schalla, Rainer Fritzsche, Mia Diekow, Gabrielle Pietermann, Torsten Michaelis, Dirc Simpson, Kevin Kasper, Janis Zaurins, Peter Kirchberger, Torsten M\u00fcnchow, Detlef Tams, Lutz Mackensy\" \/>\n<meta name=\"robots\" content=\"index, follow, max-snippet:-1, max-image-preview:large, max-video-preview:-1\" \/>\n<link rel=\"canonical\" href=\"https:\/\/www.allscore.de\/shop\/produkt\/sherlock-holmes-und-co-58-unheilvolle-beute\/\" \/>\n<meta property=\"og:locale\" content=\"de_DE\" \/>\n<meta property=\"og:type\" content=\"article\" \/>\n<meta property=\"og:title\" content=\"Sherlock Holmes und Co. 58: Unheilvolle Beute\" \/>\n<meta property=\"og:description\" content=\"Die gr\u00f6\u00dften F\u00e4lle von Scotland Yard  Inspector Cross und Geoffrey Stafford bekommen es mit einer Serie spektakul\u00e4rer \u00dcberf\u00e4lle auf Eisenbahnz\u00fcge zu tun, die in der \u00d6ffentlichkeit f\u00fcr gro\u00dfe Unruhe sorgen. Scotland Yard, der Verbrecherbande auf der Spur, will die T\u00e4ter auf frischer Tat ertappen. Sie ahnen bereits, welcher Zug das n\u00e4chste Ziel der R\u00e4uber sein wird. Was sie nicht wissen: an Bord des Zuges befindet sich auch eine Fracht, die f\u00fcr den Zirkel der Sieben von h\u00f6chstem Interesse ist\u0085  ca. 60 Minuten Laufzeit  Autor: Markus Duschek  Sprecher: Bj\u00f6rn Schalla, Rainer Fritzsche, Mia Diekow, Gabrielle Pietermann, Torsten Michaelis, Dirc Simpson, Kevin Kasper, Janis Zaurins, Peter Kirchberger, Torsten M\u00fcnchow, Detlef Tams, Lutz Mackensy\" \/>\n<meta property=\"og:url\" content=\"https:\/\/www.allscore.de\/shop\/produkt\/sherlock-holmes-und-co-58-unheilvolle-beute\/\" \/>\n<meta property=\"og:site_name\" content=\"Allscore Shop\" \/>\n<meta property=\"article:modified_time\" content=\"2026-03-30T10:33:15+00:00\" \/>\n<meta property=\"og:image\" content=\"https:\/\/www.allscore.de\/shop\/wp-content\/uploads\/2021\/03\/SHCo58_1200px.jpg\" \/>\n\t<meta property=\"og:image:width\" content=\"1200\" \/>\n\t<meta property=\"og:image:height\" content=\"1200\" \/>\n\t<meta property=\"og:image:type\" content=\"image\/jpeg\" \/>\n<meta name=\"twitter:card\" content=\"summary_large_image\" \/>\n<script type=\"application\/ld+json\" class=\"yoast-schema-graph\">{\"@context\":\"https:\\\/\\\/schema.org\",\"@graph\":[{\"@type\":\"WebPage\",\"@id\":\"https:\\\/\\\/www.allscore.de\\\/shop\\\/produkt\\\/sherlock-holmes-und-co-58-unheilvolle-beute\\\/\",\"url\":\"https:\\\/\\\/www.allscore.de\\\/shop\\\/produkt\\\/sherlock-holmes-und-co-58-unheilvolle-beute\\\/\",\"name\":\"Sherlock Holmes und Co. 58: Unheilvolle Beute\",\"isPartOf\":{\"@id\":\"https:\\\/\\\/www.allscore.de\\\/shop\\\/#website\"},\"primaryImageOfPage\":{\"@id\":\"https:\\\/\\\/www.allscore.de\\\/shop\\\/produkt\\\/sherlock-holmes-und-co-58-unheilvolle-beute\\\/#primaryimage\"},\"image\":{\"@id\":\"https:\\\/\\\/www.allscore.de\\\/shop\\\/produkt\\\/sherlock-holmes-und-co-58-unheilvolle-beute\\\/#primaryimage\"},\"thumbnailUrl\":\"https:\\\/\\\/www.allscore.de\\\/shop\\\/wp-content\\\/uploads\\\/2021\\\/03\\\/SHCo58_1200px.jpg\",\"datePublished\":\"2021-01-01T16:23:19+00:00\",\"dateModified\":\"2026-03-30T10:33:15+00:00\",\"description\":\"Die gr\u00f6\u00dften F\u00e4lle von Scotland Yard Inspector Cross und Geoffrey Stafford bekommen es mit einer Serie spektakul\u00e4rer \u00dcberf\u00e4lle auf Eisenbahnz\u00fcge zu tun, die in der \u00d6ffentlichkeit f\u00fcr gro\u00dfe Unruhe sorgen. Scotland Yard, der Verbrecherbande auf der Spur, will die T\u00e4ter auf frischer Tat ertappen. Sie ahnen bereits, welcher Zug das n\u00e4chste Ziel der R\u00e4uber sein wird. Was sie nicht wissen: an Bord des Zuges befindet sich auch eine Fracht, die f\u00fcr den Zirkel der Sieben von h\u00f6chstem Interesse ist\u0085 ca. 60 Minuten Laufzeit Autor: Markus Duschek Sprecher: Bj\u00f6rn Schalla, Rainer Fritzsche, Mia Diekow, Gabrielle Pietermann, Torsten Michaelis, Dirc Simpson, Kevin Kasper, Janis Zaurins, Peter Kirchberger, Torsten M\u00fcnchow, Detlef Tams, Lutz Mackensy\",\"breadcrumb\":{\"@id\":\"https:\\\/\\\/www.allscore.de\\\/shop\\\/produkt\\\/sherlock-holmes-und-co-58-unheilvolle-beute\\\/#breadcrumb\"},\"inLanguage\":\"de\",\"potentialAction\":[{\"@type\":\"ReadAction\",\"target\":[\"https:\\\/\\\/www.allscore.de\\\/shop\\\/produkt\\\/sherlock-holmes-und-co-58-unheilvolle-beute\\\/\"]}]},{\"@type\":\"ImageObject\",\"inLanguage\":\"de\",\"@id\":\"https:\\\/\\\/www.allscore.de\\\/shop\\\/produkt\\\/sherlock-holmes-und-co-58-unheilvolle-beute\\\/#primaryimage\",\"url\":\"https:\\\/\\\/www.allscore.de\\\/shop\\\/wp-content\\\/uploads\\\/2021\\\/03\\\/SHCo58_1200px.jpg\",\"contentUrl\":\"https:\\\/\\\/www.allscore.de\\\/shop\\\/wp-content\\\/uploads\\\/2021\\\/03\\\/SHCo58_1200px.jpg\",\"width\":1200,\"height\":1200,\"caption\":\"Sherlock Holmes und Co. 58: Unheilvolle Beute\"},{\"@type\":\"BreadcrumbList\",\"@id\":\"https:\\\/\\\/www.allscore.de\\\/shop\\\/produkt\\\/sherlock-holmes-und-co-58-unheilvolle-beute\\\/#breadcrumb\",\"itemListElement\":[{\"@type\":\"ListItem\",\"position\":1,\"name\":\"Startseite\",\"item\":\"https:\\\/\\\/www.allscore.de\\\/shop\\\/\"},{\"@type\":\"ListItem\",\"position\":2,\"name\":\"Produkte\",\"item\":\"https:\\\/\\\/www.allscore.de\\\/shop\\\/shop\\\/\"},{\"@type\":\"ListItem\",\"position\":3,\"name\":\"Sherlock Holmes und Co. 58: Unheilvolle Beute\"}]},{\"@type\":\"WebSite\",\"@id\":\"https:\\\/\\\/www.allscore.de\\\/shop\\\/#website\",\"url\":\"https:\\\/\\\/www.allscore.de\\\/shop\\\/\",\"name\":\"Allscore Shop\",\"description\":\"All Score Media\",\"publisher\":{\"@id\":\"https:\\\/\\\/www.allscore.de\\\/shop\\\/#organization\"},\"potentialAction\":[{\"@type\":\"SearchAction\",\"target\":{\"@type\":\"EntryPoint\",\"urlTemplate\":\"https:\\\/\\\/www.allscore.de\\\/shop\\\/?s={search_term_string}\"},\"query-input\":{\"@type\":\"PropertyValueSpecification\",\"valueRequired\":true,\"valueName\":\"search_term_string\"}}],\"inLanguage\":\"de\"},{\"@type\":\"Organization\",\"@id\":\"https:\\\/\\\/www.allscore.de\\\/shop\\\/#organization\",\"name\":\"All Score Media\",\"alternateName\":\"Allscore\",\"url\":\"https:\\\/\\\/www.allscore.de\\\/shop\\\/\",\"logo\":{\"@type\":\"ImageObject\",\"inLanguage\":\"de\",\"@id\":\"https:\\\/\\\/www.allscore.de\\\/shop\\\/#\\\/schema\\\/logo\\\/image\\\/\",\"url\":\"https:\\\/\\\/www.allscore.de\\\/shop\\\/wp-content\\\/uploads\\\/2026\\\/01\\\/Logo_Yoast_Shop_2026.png\",\"contentUrl\":\"https:\\\/\\\/www.allscore.de\\\/shop\\\/wp-content\\\/uploads\\\/2026\\\/01\\\/Logo_Yoast_Shop_2026.png\",\"width\":696,\"height\":696,\"caption\":\"All Score Media\"},\"image\":{\"@id\":\"https:\\\/\\\/www.allscore.de\\\/shop\\\/#\\\/schema\\\/logo\\\/image\\\/\"}}]}<\/script>\n<!-- \/ Yoast SEO plugin. -->","yoast_head_json":{"title":"Sherlock Holmes und Co. 58: Unheilvolle Beute","description":"Die gr\u00f6\u00dften F\u00e4lle von Scotland Yard  Inspector Cross und Geoffrey Stafford bekommen es mit einer Serie spektakul\u00e4rer \u00dcberf\u00e4lle auf Eisenbahnz\u00fcge zu tun, die in der \u00d6ffentlichkeit f\u00fcr gro\u00dfe Unruhe sorgen. Scotland Yard, der Verbrecherbande auf der Spur, will die T\u00e4ter auf frischer Tat ertappen. Sie ahnen bereits, welcher Zug das n\u00e4chste Ziel der R\u00e4uber sein wird. Was sie nicht wissen: an Bord des Zuges befindet sich auch eine Fracht, die f\u00fcr den Zirkel der Sieben von h\u00f6chstem Interesse ist\u0085  ca. 60 Minuten Laufzeit  Autor: Markus Duschek  Sprecher: Bj\u00f6rn Schalla, Rainer Fritzsche, Mia Diekow, Gabrielle Pietermann, Torsten Michaelis, Dirc Simpson, Kevin Kasper, Janis Zaurins, Peter Kirchberger, Torsten M\u00fcnchow, Detlef Tams, Lutz Mackensy","robots":{"index":"index","follow":"follow","max-snippet":"max-snippet:-1","max-image-preview":"max-image-preview:large","max-video-preview":"max-video-preview:-1"},"canonical":"https:\/\/www.allscore.de\/shop\/produkt\/sherlock-holmes-und-co-58-unheilvolle-beute\/","og_locale":"de_DE","og_type":"article","og_title":"Sherlock Holmes und Co. 58: Unheilvolle Beute","og_description":"Die gr\u00f6\u00dften F\u00e4lle von Scotland Yard  Inspector Cross und Geoffrey Stafford bekommen es mit einer Serie spektakul\u00e4rer \u00dcberf\u00e4lle auf Eisenbahnz\u00fcge zu tun, die in der \u00d6ffentlichkeit f\u00fcr gro\u00dfe Unruhe sorgen. Scotland Yard, der Verbrecherbande auf der Spur, will die T\u00e4ter auf frischer Tat ertappen. Sie ahnen bereits, welcher Zug das n\u00e4chste Ziel der R\u00e4uber sein wird. Was sie nicht wissen: an Bord des Zuges befindet sich auch eine Fracht, die f\u00fcr den Zirkel der Sieben von h\u00f6chstem Interesse ist\u0085  ca. 60 Minuten Laufzeit  Autor: Markus Duschek  Sprecher: Bj\u00f6rn Schalla, Rainer Fritzsche, Mia Diekow, Gabrielle Pietermann, Torsten Michaelis, Dirc Simpson, Kevin Kasper, Janis Zaurins, Peter Kirchberger, Torsten M\u00fcnchow, Detlef Tams, Lutz Mackensy","og_url":"https:\/\/www.allscore.de\/shop\/produkt\/sherlock-holmes-und-co-58-unheilvolle-beute\/","og_site_name":"Allscore Shop","article_modified_time":"2026-03-30T10:33:15+00:00","og_image":[{"width":1200,"height":1200,"url":"https:\/\/www.allscore.de\/shop\/wp-content\/uploads\/2021\/03\/SHCo58_1200px.jpg","type":"image\/jpeg"}],"twitter_card":"summary_large_image","schema":{"@context":"https:\/\/schema.org","@graph":[{"@type":"WebPage","@id":"https:\/\/www.allscore.de\/shop\/produkt\/sherlock-holmes-und-co-58-unheilvolle-beute\/","url":"https:\/\/www.allscore.de\/shop\/produkt\/sherlock-holmes-und-co-58-unheilvolle-beute\/","name":"Sherlock Holmes und Co. 58: Unheilvolle Beute","isPartOf":{"@id":"https:\/\/www.allscore.de\/shop\/#website"},"primaryImageOfPage":{"@id":"https:\/\/www.allscore.de\/shop\/produkt\/sherlock-holmes-und-co-58-unheilvolle-beute\/#primaryimage"},"image":{"@id":"https:\/\/www.allscore.de\/shop\/produkt\/sherlock-holmes-und-co-58-unheilvolle-beute\/#primaryimage"},"thumbnailUrl":"https:\/\/www.allscore.de\/shop\/wp-content\/uploads\/2021\/03\/SHCo58_1200px.jpg","datePublished":"2021-01-01T16:23:19+00:00","dateModified":"2026-03-30T10:33:15+00:00","description":"Die gr\u00f6\u00dften F\u00e4lle von Scotland Yard Inspector Cross und Geoffrey Stafford bekommen es mit einer Serie spektakul\u00e4rer \u00dcberf\u00e4lle auf Eisenbahnz\u00fcge zu tun, die in der \u00d6ffentlichkeit f\u00fcr gro\u00dfe Unruhe sorgen. Scotland Yard, der Verbrecherbande auf der Spur, will die T\u00e4ter auf frischer Tat ertappen. Sie ahnen bereits, welcher Zug das n\u00e4chste Ziel der R\u00e4uber sein wird. Was sie nicht wissen: an Bord des Zuges befindet sich auch eine Fracht, die f\u00fcr den Zirkel der Sieben von h\u00f6chstem Interesse ist\u0085 ca. 60 Minuten Laufzeit Autor: Markus Duschek Sprecher: Bj\u00f6rn Schalla, Rainer Fritzsche, Mia Diekow, Gabrielle Pietermann, Torsten Michaelis, Dirc Simpson, Kevin Kasper, Janis Zaurins, Peter Kirchberger, Torsten M\u00fcnchow, Detlef Tams, Lutz Mackensy","breadcrumb":{"@id":"https:\/\/www.allscore.de\/shop\/produkt\/sherlock-holmes-und-co-58-unheilvolle-beute\/#breadcrumb"},"inLanguage":"de","potentialAction":[{"@type":"ReadAction","target":["https:\/\/www.allscore.de\/shop\/produkt\/sherlock-holmes-und-co-58-unheilvolle-beute\/"]}]},{"@type":"ImageObject","inLanguage":"de","@id":"https:\/\/www.allscore.de\/shop\/produkt\/sherlock-holmes-und-co-58-unheilvolle-beute\/#primaryimage","url":"https:\/\/www.allscore.de\/shop\/wp-content\/uploads\/2021\/03\/SHCo58_1200px.jpg","contentUrl":"https:\/\/www.allscore.de\/shop\/wp-content\/uploads\/2021\/03\/SHCo58_1200px.jpg","width":1200,"height":1200,"caption":"Sherlock Holmes und Co. 58: Unheilvolle Beute"},{"@type":"BreadcrumbList","@id":"https:\/\/www.allscore.de\/shop\/produkt\/sherlock-holmes-und-co-58-unheilvolle-beute\/#breadcrumb","itemListElement":[{"@type":"ListItem","position":1,"name":"Startseite","item":"https:\/\/www.allscore.de\/shop\/"},{"@type":"ListItem","position":2,"name":"Produkte","item":"https:\/\/www.allscore.de\/shop\/shop\/"},{"@type":"ListItem","position":3,"name":"Sherlock Holmes und Co. 58: Unheilvolle Beute"}]},{"@type":"WebSite","@id":"https:\/\/www.allscore.de\/shop\/#website","url":"https:\/\/www.allscore.de\/shop\/","name":"Allscore Shop","description":"All Score Media","publisher":{"@id":"https:\/\/www.allscore.de\/shop\/#organization"},"potentialAction":[{"@type":"SearchAction","target":{"@type":"EntryPoint","urlTemplate":"https:\/\/www.allscore.de\/shop\/?s={search_term_string}"},"query-input":{"@type":"PropertyValueSpecification","valueRequired":true,"valueName":"search_term_string"}}],"inLanguage":"de"},{"@type":"Organization","@id":"https:\/\/www.allscore.de\/shop\/#organization","name":"All Score Media","alternateName":"Allscore","url":"https:\/\/www.allscore.de\/shop\/","logo":{"@type":"ImageObject","inLanguage":"de","@id":"https:\/\/www.allscore.de\/shop\/#\/schema\/logo\/image\/","url":"https:\/\/www.allscore.de\/shop\/wp-content\/uploads\/2026\/01\/Logo_Yoast_Shop_2026.png","contentUrl":"https:\/\/www.allscore.de\/shop\/wp-content\/uploads\/2026\/01\/Logo_Yoast_Shop_2026.png","width":696,"height":696,"caption":"All Score Media"},"image":{"@id":"https:\/\/www.allscore.de\/shop\/#\/schema\/logo\/image\/"}}]}},"_links":{"self":[{"href":"https:\/\/www.allscore.de\/shop\/wp-json\/wp\/v2\/product\/9770","targetHints":{"allow":["GET"]}}],"collection":[{"href":"https:\/\/www.allscore.de\/shop\/wp-json\/wp\/v2\/product"}],"about":[{"href":"https:\/\/www.allscore.de\/shop\/wp-json\/wp\/v2\/types\/product"}],"wp:featuredmedia":[{"embeddable":true,"href":"https:\/\/www.allscore.de\/shop\/wp-json\/wp\/v2\/media\/9729"}],"wp:attachment":[{"href":"https:\/\/www.allscore.de\/shop\/wp-json\/wp\/v2\/media?parent=9770"}],"wp:term":[{"taxonomy":"product_brand","embeddable":true,"href":"https:\/\/www.allscore.de\/shop\/wp-json\/wp\/v2\/product_brand?post=9770"},{"taxonomy":"product_cat","embeddable":true,"href":"https:\/\/www.allscore.de\/shop\/wp-json\/wp\/v2\/product_cat?post=9770"},{"taxonomy":"product_tag","embeddable":true,"href":"https:\/\/www.allscore.de\/shop\/wp-json\/wp\/v2\/product_tag?post=9770"}],"curies":[{"name":"wp","href":"https:\/\/api.w.org\/{rel}","templated":true}]}}