{"id":9694,"date":"2021-11-19T15:42:56","date_gmt":"2021-11-19T14:42:56","guid":{"rendered":"https:\/\/www.allscore.de\/shop\/?post_type=product&#038;p=9694"},"modified":"2025-10-24T19:13:12","modified_gmt":"2025-10-24T17:13:12","slug":"geister-schocker-96-das-phantom-von-xanten","status":"publish","type":"product","link":"https:\/\/www.allscore.de\/shop\/produkt\/geister-schocker-96-das-phantom-von-xanten\/","title":{"rendered":"Geister-Schocker 96: Das Phantom von Xanten"},"content":{"rendered":"<p>Geister-Schocker 96: Das Phantom von Xanten<\/p>\n<p><strong><u>Inhalt:<br \/>\n<\/u><\/strong>Ein Phantom geht um im Arch\u00e4ologiepark von Xanten. Ein Unsichtbarer t\u00f6tet auf grausige Art mehrere Frauen, indem er ihnen die Kehle aufschlitzt. Stets hinterl\u00e4sst er dabei Botschaften f\u00fcr Christoph Schwarz. Ein Fall, der f\u00fcr den &#8222;Detektiv des \u00dcbersinnlichen&#8220; besonders schwer wird &#8211; wurde doch seine damalige Freundin Nadine Weyer auf eben diese Weise get\u00f6tet. Ein Besuch bei ihrem M\u00f6rder bringt keinen Hinweis. Oder doch? Das gesamte Team ist gefordert, denn immer mehr Menschen fallen dem M\u00f6rder zum Opfer. Im Laufe der Ermittlungen sto\u00dfen sie auf eine unglaubliche Verwicklung und m\u00fcssen am Ende Grenzen \u00fcberschreiten, um den Killer zu stoppen. Zumal sich dieser einen neuen Tatort auserkoren hat &#8230; Burg Rauenfels!<\/p>\n<p><strong><u>Sprecher:<br \/>\n<\/u><\/strong>Sascha Rotermund, Marie Bierstedt, Karen Schulz-Vobach, Dagmar Bittner, Ingo Abel, Matthias Ubert, Christin Deuker, Melinda Rachfahl, Franciska Friede, Robert Kerick, Sonitha Sodhi<\/p>\n<p><strong><u>Autor:<br \/>\n<\/u><\/strong>G. Arentzen<\/p>\n","protected":false},"excerpt":{"rendered":"<p>Geister-Schocker 96: Das Phantom von Xanten Inhalt: Ein Phantom geht um im Arch\u00e4ologiepark von Xanten. Ein Unsichtbarer t\u00f6tet auf grausige Art mehrere Frauen, indem er ihnen die Kehle aufschlitzt. Stets hinterl\u00e4sst er dabei Botschaften f\u00fcr Christoph Schwarz. Ein Fall, der f\u00fcr den &#8222;Detektiv des \u00dcbersinnlichen&#8220; besonders schwer wird &#8211; wurde doch seine damalige Freundin Nadine&#8230;<\/p>\n<p><a rel=\"bookmark\" class=\"vonzot-button-simple wvc-button wvc-button-size-sm\" href=\"https:\/\/www.allscore.de\/shop\/produkt\/geister-schocker-96-das-phantom-von-xanten\/\"><span>Read more<\/span><\/a><\/p>\n","protected":false},"featured_media":9414,"template":"","meta":[],"product_brand":[],"product_cat":[74,72],"product_tag":[],"class_list":{"0":"post-9694","1":"product","2":"type-product","3":"status-publish","4":"has-post-thumbnail","6":"product_cat-geister-schocker","7":"product_cat-hoerspiele","8":"product_shipping_class-tontraeger-cd","9":"entry","10":"clearfix","11":"entry-grid","12":"entry-columns-3","13":"entry-product-module-layout-sidebar-right","14":"thumbnail-color-tone-dark","15":"entry-product","17":"entry-product-grid","19":"first","20":"instock","21":"taxable","22":"shipping-taxable","23":"purchasable","24":"product-type-simple"},"yoast_head":"<!-- This site is optimized with the Yoast SEO plugin v27.3 - https:\/\/yoast.com\/product\/yoast-seo-wordpress\/ -->\n<title>Geister-Schocker 96: Das Phantom von Xanten<\/title>\n<meta name=\"description\" content=\"Geister-Schocker 96: Das Phantom von Xanten Inhalt: Ein Phantom geht um im Arch\u00e4ologiepark von Xanten. Ein Unsichtbarer t\u00f6tet auf grausige Art mehrere\" \/>\n<meta name=\"robots\" content=\"index, follow, max-snippet:-1, max-image-preview:large, max-video-preview:-1\" \/>\n<link rel=\"canonical\" href=\"https:\/\/www.allscore.de\/shop\/produkt\/geister-schocker-96-das-phantom-von-xanten\/\" \/>\n<meta property=\"og:locale\" content=\"de_DE\" \/>\n<meta property=\"og:type\" content=\"article\" \/>\n<meta property=\"og:title\" content=\"Geister-Schocker 96: Das Phantom von Xanten\" \/>\n<meta property=\"og:description\" content=\"Geister-Schocker 96: Das Phantom von Xanten Inhalt: Ein Phantom geht um im Arch\u00e4ologiepark von Xanten. Ein Unsichtbarer t\u00f6tet auf grausige Art mehrere\" \/>\n<meta property=\"og:url\" content=\"https:\/\/www.allscore.de\/shop\/produkt\/geister-schocker-96-das-phantom-von-xanten\/\" \/>\n<meta property=\"og:site_name\" content=\"Allscore Shop\" \/>\n<meta property=\"article:modified_time\" content=\"2025-10-24T17:13:12+00:00\" \/>\n<meta property=\"og:image\" content=\"https:\/\/www.allscore.de\/shop\/wp-content\/uploads\/2021\/03\/GS96_1200px.jpg\" \/>\n\t<meta property=\"og:image:width\" content=\"1500\" \/>\n\t<meta property=\"og:image:height\" content=\"1500\" \/>\n\t<meta property=\"og:image:type\" content=\"image\/jpeg\" \/>\n<meta name=\"twitter:card\" content=\"summary_large_image\" \/>\n<meta name=\"twitter:label1\" content=\"Gesch\u00e4tzte Lesezeit\" \/>\n\t<meta name=\"twitter:data1\" content=\"1\u00a0Minute\" \/>\n<script type=\"application\/ld+json\" class=\"yoast-schema-graph\">{\"@context\":\"https:\\\/\\\/schema.org\",\"@graph\":[{\"@type\":\"WebPage\",\"@id\":\"https:\\\/\\\/www.allscore.de\\\/shop\\\/produkt\\\/geister-schocker-96-das-phantom-von-xanten\\\/\",\"url\":\"https:\\\/\\\/www.allscore.de\\\/shop\\\/produkt\\\/geister-schocker-96-das-phantom-von-xanten\\\/\",\"name\":\"Geister-Schocker 96: Das Phantom von Xanten\",\"isPartOf\":{\"@id\":\"https:\\\/\\\/www.allscore.de\\\/shop\\\/#website\"},\"primaryImageOfPage\":{\"@id\":\"https:\\\/\\\/www.allscore.de\\\/shop\\\/produkt\\\/geister-schocker-96-das-phantom-von-xanten\\\/#primaryimage\"},\"image\":{\"@id\":\"https:\\\/\\\/www.allscore.de\\\/shop\\\/produkt\\\/geister-schocker-96-das-phantom-von-xanten\\\/#primaryimage\"},\"thumbnailUrl\":\"https:\\\/\\\/www.allscore.de\\\/shop\\\/wp-content\\\/uploads\\\/2021\\\/03\\\/GS96_1200px.jpg\",\"datePublished\":\"2021-11-19T14:42:56+00:00\",\"dateModified\":\"2025-10-24T17:13:12+00:00\",\"description\":\"Geister-Schocker 96: Das Phantom von Xanten Inhalt: Ein Phantom geht um im Arch\u00e4ologiepark von Xanten. Ein Unsichtbarer t\u00f6tet auf grausige Art mehrere\",\"breadcrumb\":{\"@id\":\"https:\\\/\\\/www.allscore.de\\\/shop\\\/produkt\\\/geister-schocker-96-das-phantom-von-xanten\\\/#breadcrumb\"},\"inLanguage\":\"de\",\"potentialAction\":[{\"@type\":\"ReadAction\",\"target\":[\"https:\\\/\\\/www.allscore.de\\\/shop\\\/produkt\\\/geister-schocker-96-das-phantom-von-xanten\\\/\"]}]},{\"@type\":\"ImageObject\",\"inLanguage\":\"de\",\"@id\":\"https:\\\/\\\/www.allscore.de\\\/shop\\\/produkt\\\/geister-schocker-96-das-phantom-von-xanten\\\/#primaryimage\",\"url\":\"https:\\\/\\\/www.allscore.de\\\/shop\\\/wp-content\\\/uploads\\\/2021\\\/03\\\/GS96_1200px.jpg\",\"contentUrl\":\"https:\\\/\\\/www.allscore.de\\\/shop\\\/wp-content\\\/uploads\\\/2021\\\/03\\\/GS96_1200px.jpg\",\"width\":1500,\"height\":1500,\"caption\":\"Geister-Schocker (96): Das Phantom von Xanten\"},{\"@type\":\"BreadcrumbList\",\"@id\":\"https:\\\/\\\/www.allscore.de\\\/shop\\\/produkt\\\/geister-schocker-96-das-phantom-von-xanten\\\/#breadcrumb\",\"itemListElement\":[{\"@type\":\"ListItem\",\"position\":1,\"name\":\"Startseite\",\"item\":\"https:\\\/\\\/www.allscore.de\\\/shop\\\/\"},{\"@type\":\"ListItem\",\"position\":2,\"name\":\"Produkte\",\"item\":\"https:\\\/\\\/www.allscore.de\\\/shop\\\/shop\\\/\"},{\"@type\":\"ListItem\",\"position\":3,\"name\":\"Geister-Schocker 96: Das Phantom von Xanten\"}]},{\"@type\":\"WebSite\",\"@id\":\"https:\\\/\\\/www.allscore.de\\\/shop\\\/#website\",\"url\":\"https:\\\/\\\/www.allscore.de\\\/shop\\\/\",\"name\":\"Allscore Shop\",\"description\":\"All Score Media\",\"publisher\":{\"@id\":\"https:\\\/\\\/www.allscore.de\\\/shop\\\/#organization\"},\"potentialAction\":[{\"@type\":\"SearchAction\",\"target\":{\"@type\":\"EntryPoint\",\"urlTemplate\":\"https:\\\/\\\/www.allscore.de\\\/shop\\\/?s={search_term_string}\"},\"query-input\":{\"@type\":\"PropertyValueSpecification\",\"valueRequired\":true,\"valueName\":\"search_term_string\"}}],\"inLanguage\":\"de\"},{\"@type\":\"Organization\",\"@id\":\"https:\\\/\\\/www.allscore.de\\\/shop\\\/#organization\",\"name\":\"All Score Media\",\"alternateName\":\"Allscore\",\"url\":\"https:\\\/\\\/www.allscore.de\\\/shop\\\/\",\"logo\":{\"@type\":\"ImageObject\",\"inLanguage\":\"de\",\"@id\":\"https:\\\/\\\/www.allscore.de\\\/shop\\\/#\\\/schema\\\/logo\\\/image\\\/\",\"url\":\"https:\\\/\\\/www.allscore.de\\\/shop\\\/wp-content\\\/uploads\\\/2026\\\/01\\\/Logo_Yoast_Shop_2026.png\",\"contentUrl\":\"https:\\\/\\\/www.allscore.de\\\/shop\\\/wp-content\\\/uploads\\\/2026\\\/01\\\/Logo_Yoast_Shop_2026.png\",\"width\":696,\"height\":696,\"caption\":\"All Score Media\"},\"image\":{\"@id\":\"https:\\\/\\\/www.allscore.de\\\/shop\\\/#\\\/schema\\\/logo\\\/image\\\/\"}}]}<\/script>\n<!-- \/ Yoast SEO plugin. -->","yoast_head_json":{"title":"Geister-Schocker 96: Das Phantom von Xanten","description":"Geister-Schocker 96: Das Phantom von Xanten Inhalt: Ein Phantom geht um im Arch\u00e4ologiepark von Xanten. Ein Unsichtbarer t\u00f6tet auf grausige Art mehrere","robots":{"index":"index","follow":"follow","max-snippet":"max-snippet:-1","max-image-preview":"max-image-preview:large","max-video-preview":"max-video-preview:-1"},"canonical":"https:\/\/www.allscore.de\/shop\/produkt\/geister-schocker-96-das-phantom-von-xanten\/","og_locale":"de_DE","og_type":"article","og_title":"Geister-Schocker 96: Das Phantom von Xanten","og_description":"Geister-Schocker 96: Das Phantom von Xanten Inhalt: Ein Phantom geht um im Arch\u00e4ologiepark von Xanten. Ein Unsichtbarer t\u00f6tet auf grausige Art mehrere","og_url":"https:\/\/www.allscore.de\/shop\/produkt\/geister-schocker-96-das-phantom-von-xanten\/","og_site_name":"Allscore Shop","article_modified_time":"2025-10-24T17:13:12+00:00","og_image":[{"width":1500,"height":1500,"url":"https:\/\/www.allscore.de\/shop\/wp-content\/uploads\/2021\/03\/GS96_1200px.jpg","type":"image\/jpeg"}],"twitter_card":"summary_large_image","twitter_misc":{"Gesch\u00e4tzte Lesezeit":"1\u00a0Minute"},"schema":{"@context":"https:\/\/schema.org","@graph":[{"@type":"WebPage","@id":"https:\/\/www.allscore.de\/shop\/produkt\/geister-schocker-96-das-phantom-von-xanten\/","url":"https:\/\/www.allscore.de\/shop\/produkt\/geister-schocker-96-das-phantom-von-xanten\/","name":"Geister-Schocker 96: Das Phantom von Xanten","isPartOf":{"@id":"https:\/\/www.allscore.de\/shop\/#website"},"primaryImageOfPage":{"@id":"https:\/\/www.allscore.de\/shop\/produkt\/geister-schocker-96-das-phantom-von-xanten\/#primaryimage"},"image":{"@id":"https:\/\/www.allscore.de\/shop\/produkt\/geister-schocker-96-das-phantom-von-xanten\/#primaryimage"},"thumbnailUrl":"https:\/\/www.allscore.de\/shop\/wp-content\/uploads\/2021\/03\/GS96_1200px.jpg","datePublished":"2021-11-19T14:42:56+00:00","dateModified":"2025-10-24T17:13:12+00:00","description":"Geister-Schocker 96: Das Phantom von Xanten Inhalt: Ein Phantom geht um im Arch\u00e4ologiepark von Xanten. Ein Unsichtbarer t\u00f6tet auf grausige Art mehrere","breadcrumb":{"@id":"https:\/\/www.allscore.de\/shop\/produkt\/geister-schocker-96-das-phantom-von-xanten\/#breadcrumb"},"inLanguage":"de","potentialAction":[{"@type":"ReadAction","target":["https:\/\/www.allscore.de\/shop\/produkt\/geister-schocker-96-das-phantom-von-xanten\/"]}]},{"@type":"ImageObject","inLanguage":"de","@id":"https:\/\/www.allscore.de\/shop\/produkt\/geister-schocker-96-das-phantom-von-xanten\/#primaryimage","url":"https:\/\/www.allscore.de\/shop\/wp-content\/uploads\/2021\/03\/GS96_1200px.jpg","contentUrl":"https:\/\/www.allscore.de\/shop\/wp-content\/uploads\/2021\/03\/GS96_1200px.jpg","width":1500,"height":1500,"caption":"Geister-Schocker (96): Das Phantom von Xanten"},{"@type":"BreadcrumbList","@id":"https:\/\/www.allscore.de\/shop\/produkt\/geister-schocker-96-das-phantom-von-xanten\/#breadcrumb","itemListElement":[{"@type":"ListItem","position":1,"name":"Startseite","item":"https:\/\/www.allscore.de\/shop\/"},{"@type":"ListItem","position":2,"name":"Produkte","item":"https:\/\/www.allscore.de\/shop\/shop\/"},{"@type":"ListItem","position":3,"name":"Geister-Schocker 96: Das Phantom von Xanten"}]},{"@type":"WebSite","@id":"https:\/\/www.allscore.de\/shop\/#website","url":"https:\/\/www.allscore.de\/shop\/","name":"Allscore Shop","description":"All Score Media","publisher":{"@id":"https:\/\/www.allscore.de\/shop\/#organization"},"potentialAction":[{"@type":"SearchAction","target":{"@type":"EntryPoint","urlTemplate":"https:\/\/www.allscore.de\/shop\/?s={search_term_string}"},"query-input":{"@type":"PropertyValueSpecification","valueRequired":true,"valueName":"search_term_string"}}],"inLanguage":"de"},{"@type":"Organization","@id":"https:\/\/www.allscore.de\/shop\/#organization","name":"All Score Media","alternateName":"Allscore","url":"https:\/\/www.allscore.de\/shop\/","logo":{"@type":"ImageObject","inLanguage":"de","@id":"https:\/\/www.allscore.de\/shop\/#\/schema\/logo\/image\/","url":"https:\/\/www.allscore.de\/shop\/wp-content\/uploads\/2026\/01\/Logo_Yoast_Shop_2026.png","contentUrl":"https:\/\/www.allscore.de\/shop\/wp-content\/uploads\/2026\/01\/Logo_Yoast_Shop_2026.png","width":696,"height":696,"caption":"All Score Media"},"image":{"@id":"https:\/\/www.allscore.de\/shop\/#\/schema\/logo\/image\/"}}]}},"_links":{"self":[{"href":"https:\/\/www.allscore.de\/shop\/wp-json\/wp\/v2\/product\/9694","targetHints":{"allow":["GET"]}}],"collection":[{"href":"https:\/\/www.allscore.de\/shop\/wp-json\/wp\/v2\/product"}],"about":[{"href":"https:\/\/www.allscore.de\/shop\/wp-json\/wp\/v2\/types\/product"}],"wp:featuredmedia":[{"embeddable":true,"href":"https:\/\/www.allscore.de\/shop\/wp-json\/wp\/v2\/media\/9414"}],"wp:attachment":[{"href":"https:\/\/www.allscore.de\/shop\/wp-json\/wp\/v2\/media?parent=9694"}],"wp:term":[{"taxonomy":"product_brand","embeddable":true,"href":"https:\/\/www.allscore.de\/shop\/wp-json\/wp\/v2\/product_brand?post=9694"},{"taxonomy":"product_cat","embeddable":true,"href":"https:\/\/www.allscore.de\/shop\/wp-json\/wp\/v2\/product_cat?post=9694"},{"taxonomy":"product_tag","embeddable":true,"href":"https:\/\/www.allscore.de\/shop\/wp-json\/wp\/v2\/product_tag?post=9694"}],"curies":[{"name":"wp","href":"https:\/\/api.w.org\/{rel}","templated":true}]}}