{"id":9692,"date":"2021-09-24T15:39:27","date_gmt":"2021-09-24T13:39:27","guid":{"rendered":"https:\/\/www.allscore.de\/shop\/?post_type=product&#038;p=9692"},"modified":"2025-10-24T19:13:14","modified_gmt":"2025-10-24T17:13:14","slug":"geister-schocker-95-grossalarm-die-bestien-kommen","status":"publish","type":"product","link":"https:\/\/www.allscore.de\/shop\/produkt\/geister-schocker-95-grossalarm-die-bestien-kommen\/","title":{"rendered":"Geister-Schocker 95: Gro\u00dfalarm \u2013 die Bestien kommen"},"content":{"rendered":"<p>Geister-Schocker 95: Gro\u00dfalarm \u2013 die Bestien kommen<\/p>\n<p><strong><u>Inhalt:<br \/>\n<\/u><\/strong>Samuel Twigger war kein Fr\u00fchaufsteher. Seit er vor einigen Jahren in Pension gegangen war, genoss er seine Freiheit und lie\u00df sich Zeit in allem, was er tat. Auch an diesem Morgen hatte er es nicht eilig, aus dem Bett zu kommen. Das Fenster stand offen. Pl\u00f6tzlich h\u00f6rte Samuel Twigger ein knackendes Ger\u00e4usch. Entschlossen stieg er aus dem Bett, trat an das Fenster, um hinauszuschauen. Pl\u00f6tzlich fiel etwas auf seine Schulter. Twigger schrie auf, als h\u00e4tte er einen elektrischen Schlag erhalten. Fassungslos starrte der Alte auf das ekelhafte Gew\u00fcrm. Ein gl\u00fchender Schmerz durchzuckte ihn. Er griff nach seinem Nacken. Dabei bemerkte er zu seinem Entsetzen, dass er den Kopf nicht mehr bewegen konnte\u2026<\/p>\n<p><strong><u>Sprecher:<br \/>\n<\/u><\/strong>Katja Br\u00fcgger, Franciska Friede, Peter Weis, Tom Steinbrecher, Werner Wilkening, Marc Sch\u00fclert, Silke Sch\u00fclert, Ruby Sch\u00fclert, Jule Sch\u00fclert, Sascha Servadio<\/p>\n<p><strong><u>Autor:<br \/>\n<\/u><\/strong>Hal W. Leon<\/p>\n","protected":false},"excerpt":{"rendered":"<p>Geister-Schocker 95: Gro\u00dfalarm \u2013 die Bestien kommen Inhalt: Samuel Twigger war kein Fr\u00fchaufsteher. Seit er vor einigen Jahren in Pension gegangen war, genoss er seine Freiheit und lie\u00df sich Zeit in allem, was er tat. Auch an diesem Morgen hatte er es nicht eilig, aus dem Bett zu kommen. Das Fenster stand offen. Pl\u00f6tzlich h\u00f6rte&#8230;<\/p>\n<p><a rel=\"bookmark\" class=\"vonzot-button-simple wvc-button wvc-button-size-sm\" href=\"https:\/\/www.allscore.de\/shop\/produkt\/geister-schocker-95-grossalarm-die-bestien-kommen\/\"><span>Read more<\/span><\/a><\/p>\n","protected":false},"featured_media":9412,"template":"","meta":[],"product_brand":[],"product_cat":[74,72],"product_tag":[],"class_list":{"0":"post-9692","1":"product","2":"type-product","3":"status-publish","4":"has-post-thumbnail","6":"product_cat-geister-schocker","7":"product_cat-hoerspiele","8":"product_shipping_class-tontraeger-cd","9":"entry","10":"clearfix","11":"entry-grid","12":"entry-columns-3","13":"entry-product-module-layout-sidebar-right","14":"thumbnail-color-tone-dark","15":"entry-product","17":"entry-product-grid","19":"first","20":"instock","21":"sale","22":"taxable","23":"shipping-taxable","24":"purchasable","25":"product-type-simple"},"yoast_head":"<!-- This site is optimized with the Yoast SEO plugin v27.4 - https:\/\/yoast.com\/product\/yoast-seo-wordpress\/ -->\n<title>Geister-Schocker 95: Gro\u00dfalarm \u2013 die Bestien kommen<\/title>\n<meta name=\"description\" content=\"Geister-Schocker 95: Gro\u00dfalarm \u2013 die Bestien kommen Inhalt: Samuel Twigger war kein Fr\u00fchaufsteher. Seit er vor einigen Jahren in Pension gegangen war,\" \/>\n<meta name=\"robots\" content=\"index, follow, max-snippet:-1, max-image-preview:large, max-video-preview:-1\" \/>\n<link rel=\"canonical\" href=\"https:\/\/www.allscore.de\/shop\/produkt\/geister-schocker-95-grossalarm-die-bestien-kommen\/\" \/>\n<meta property=\"og:locale\" content=\"de_DE\" \/>\n<meta property=\"og:type\" content=\"article\" \/>\n<meta property=\"og:title\" content=\"Geister-Schocker 95: Gro\u00dfalarm \u2013 die Bestien kommen\" \/>\n<meta property=\"og:description\" content=\"Geister-Schocker 95: Gro\u00dfalarm \u2013 die Bestien kommen Inhalt: Samuel Twigger war kein Fr\u00fchaufsteher. Seit er vor einigen Jahren in Pension gegangen war,\" \/>\n<meta property=\"og:url\" content=\"https:\/\/www.allscore.de\/shop\/produkt\/geister-schocker-95-grossalarm-die-bestien-kommen\/\" \/>\n<meta property=\"og:site_name\" content=\"Allscore Shop\" \/>\n<meta property=\"article:modified_time\" content=\"2025-10-24T17:13:14+00:00\" \/>\n<meta property=\"og:image\" content=\"https:\/\/www.allscore.de\/shop\/wp-content\/uploads\/2021\/03\/GS95_1200px.jpg\" \/>\n\t<meta property=\"og:image:width\" content=\"1200\" \/>\n\t<meta property=\"og:image:height\" content=\"1200\" \/>\n\t<meta property=\"og:image:type\" content=\"image\/jpeg\" \/>\n<meta name=\"twitter:card\" content=\"summary_large_image\" \/>\n<meta name=\"twitter:label1\" content=\"Gesch\u00e4tzte Lesezeit\" \/>\n\t<meta name=\"twitter:data1\" content=\"1\u00a0Minute\" \/>\n<script type=\"application\/ld+json\" class=\"yoast-schema-graph\">{\"@context\":\"https:\\\/\\\/schema.org\",\"@graph\":[{\"@type\":\"WebPage\",\"@id\":\"https:\\\/\\\/www.allscore.de\\\/shop\\\/produkt\\\/geister-schocker-95-grossalarm-die-bestien-kommen\\\/\",\"url\":\"https:\\\/\\\/www.allscore.de\\\/shop\\\/produkt\\\/geister-schocker-95-grossalarm-die-bestien-kommen\\\/\",\"name\":\"Geister-Schocker 95: Gro\u00dfalarm \u2013 die Bestien kommen\",\"isPartOf\":{\"@id\":\"https:\\\/\\\/www.allscore.de\\\/shop\\\/#website\"},\"primaryImageOfPage\":{\"@id\":\"https:\\\/\\\/www.allscore.de\\\/shop\\\/produkt\\\/geister-schocker-95-grossalarm-die-bestien-kommen\\\/#primaryimage\"},\"image\":{\"@id\":\"https:\\\/\\\/www.allscore.de\\\/shop\\\/produkt\\\/geister-schocker-95-grossalarm-die-bestien-kommen\\\/#primaryimage\"},\"thumbnailUrl\":\"https:\\\/\\\/www.allscore.de\\\/shop\\\/wp-content\\\/uploads\\\/2021\\\/03\\\/GS95_1200px.jpg\",\"datePublished\":\"2021-09-24T13:39:27+00:00\",\"dateModified\":\"2025-10-24T17:13:14+00:00\",\"description\":\"Geister-Schocker 95: Gro\u00dfalarm \u2013 die Bestien kommen Inhalt: Samuel Twigger war kein Fr\u00fchaufsteher. Seit er vor einigen Jahren in Pension gegangen war,\",\"breadcrumb\":{\"@id\":\"https:\\\/\\\/www.allscore.de\\\/shop\\\/produkt\\\/geister-schocker-95-grossalarm-die-bestien-kommen\\\/#breadcrumb\"},\"inLanguage\":\"de\",\"potentialAction\":[{\"@type\":\"ReadAction\",\"target\":[\"https:\\\/\\\/www.allscore.de\\\/shop\\\/produkt\\\/geister-schocker-95-grossalarm-die-bestien-kommen\\\/\"]}]},{\"@type\":\"ImageObject\",\"inLanguage\":\"de\",\"@id\":\"https:\\\/\\\/www.allscore.de\\\/shop\\\/produkt\\\/geister-schocker-95-grossalarm-die-bestien-kommen\\\/#primaryimage\",\"url\":\"https:\\\/\\\/www.allscore.de\\\/shop\\\/wp-content\\\/uploads\\\/2021\\\/03\\\/GS95_1200px.jpg\",\"contentUrl\":\"https:\\\/\\\/www.allscore.de\\\/shop\\\/wp-content\\\/uploads\\\/2021\\\/03\\\/GS95_1200px.jpg\",\"width\":1200,\"height\":1200,\"caption\":\"Geister-Schocker (95): Gro\u00dfalarm \u2013 die Bestien kommen\"},{\"@type\":\"BreadcrumbList\",\"@id\":\"https:\\\/\\\/www.allscore.de\\\/shop\\\/produkt\\\/geister-schocker-95-grossalarm-die-bestien-kommen\\\/#breadcrumb\",\"itemListElement\":[{\"@type\":\"ListItem\",\"position\":1,\"name\":\"Startseite\",\"item\":\"https:\\\/\\\/www.allscore.de\\\/shop\\\/\"},{\"@type\":\"ListItem\",\"position\":2,\"name\":\"Produkte\",\"item\":\"https:\\\/\\\/www.allscore.de\\\/shop\\\/shop\\\/\"},{\"@type\":\"ListItem\",\"position\":3,\"name\":\"Geister-Schocker 95: Gro\u00dfalarm \u2013 die Bestien kommen\"}]},{\"@type\":\"WebSite\",\"@id\":\"https:\\\/\\\/www.allscore.de\\\/shop\\\/#website\",\"url\":\"https:\\\/\\\/www.allscore.de\\\/shop\\\/\",\"name\":\"Allscore Shop\",\"description\":\"All Score Media\",\"publisher\":{\"@id\":\"https:\\\/\\\/www.allscore.de\\\/shop\\\/#organization\"},\"potentialAction\":[{\"@type\":\"SearchAction\",\"target\":{\"@type\":\"EntryPoint\",\"urlTemplate\":\"https:\\\/\\\/www.allscore.de\\\/shop\\\/?s={search_term_string}\"},\"query-input\":{\"@type\":\"PropertyValueSpecification\",\"valueRequired\":true,\"valueName\":\"search_term_string\"}}],\"inLanguage\":\"de\"},{\"@type\":\"Organization\",\"@id\":\"https:\\\/\\\/www.allscore.de\\\/shop\\\/#organization\",\"name\":\"All Score Media\",\"alternateName\":\"Allscore\",\"url\":\"https:\\\/\\\/www.allscore.de\\\/shop\\\/\",\"logo\":{\"@type\":\"ImageObject\",\"inLanguage\":\"de\",\"@id\":\"https:\\\/\\\/www.allscore.de\\\/shop\\\/#\\\/schema\\\/logo\\\/image\\\/\",\"url\":\"https:\\\/\\\/www.allscore.de\\\/shop\\\/wp-content\\\/uploads\\\/2026\\\/01\\\/Logo_Yoast_Shop_2026.png\",\"contentUrl\":\"https:\\\/\\\/www.allscore.de\\\/shop\\\/wp-content\\\/uploads\\\/2026\\\/01\\\/Logo_Yoast_Shop_2026.png\",\"width\":696,\"height\":696,\"caption\":\"All Score Media\"},\"image\":{\"@id\":\"https:\\\/\\\/www.allscore.de\\\/shop\\\/#\\\/schema\\\/logo\\\/image\\\/\"}}]}<\/script>\n<!-- \/ Yoast SEO plugin. -->","yoast_head_json":{"title":"Geister-Schocker 95: Gro\u00dfalarm \u2013 die Bestien kommen","description":"Geister-Schocker 95: Gro\u00dfalarm \u2013 die Bestien kommen Inhalt: Samuel Twigger war kein Fr\u00fchaufsteher. Seit er vor einigen Jahren in Pension gegangen war,","robots":{"index":"index","follow":"follow","max-snippet":"max-snippet:-1","max-image-preview":"max-image-preview:large","max-video-preview":"max-video-preview:-1"},"canonical":"https:\/\/www.allscore.de\/shop\/produkt\/geister-schocker-95-grossalarm-die-bestien-kommen\/","og_locale":"de_DE","og_type":"article","og_title":"Geister-Schocker 95: Gro\u00dfalarm \u2013 die Bestien kommen","og_description":"Geister-Schocker 95: Gro\u00dfalarm \u2013 die Bestien kommen Inhalt: Samuel Twigger war kein Fr\u00fchaufsteher. Seit er vor einigen Jahren in Pension gegangen war,","og_url":"https:\/\/www.allscore.de\/shop\/produkt\/geister-schocker-95-grossalarm-die-bestien-kommen\/","og_site_name":"Allscore Shop","article_modified_time":"2025-10-24T17:13:14+00:00","og_image":[{"width":1200,"height":1200,"url":"https:\/\/www.allscore.de\/shop\/wp-content\/uploads\/2021\/03\/GS95_1200px.jpg","type":"image\/jpeg"}],"twitter_card":"summary_large_image","twitter_misc":{"Gesch\u00e4tzte Lesezeit":"1\u00a0Minute"},"schema":{"@context":"https:\/\/schema.org","@graph":[{"@type":"WebPage","@id":"https:\/\/www.allscore.de\/shop\/produkt\/geister-schocker-95-grossalarm-die-bestien-kommen\/","url":"https:\/\/www.allscore.de\/shop\/produkt\/geister-schocker-95-grossalarm-die-bestien-kommen\/","name":"Geister-Schocker 95: Gro\u00dfalarm \u2013 die Bestien kommen","isPartOf":{"@id":"https:\/\/www.allscore.de\/shop\/#website"},"primaryImageOfPage":{"@id":"https:\/\/www.allscore.de\/shop\/produkt\/geister-schocker-95-grossalarm-die-bestien-kommen\/#primaryimage"},"image":{"@id":"https:\/\/www.allscore.de\/shop\/produkt\/geister-schocker-95-grossalarm-die-bestien-kommen\/#primaryimage"},"thumbnailUrl":"https:\/\/www.allscore.de\/shop\/wp-content\/uploads\/2021\/03\/GS95_1200px.jpg","datePublished":"2021-09-24T13:39:27+00:00","dateModified":"2025-10-24T17:13:14+00:00","description":"Geister-Schocker 95: Gro\u00dfalarm \u2013 die Bestien kommen Inhalt: Samuel Twigger war kein Fr\u00fchaufsteher. Seit er vor einigen Jahren in Pension gegangen war,","breadcrumb":{"@id":"https:\/\/www.allscore.de\/shop\/produkt\/geister-schocker-95-grossalarm-die-bestien-kommen\/#breadcrumb"},"inLanguage":"de","potentialAction":[{"@type":"ReadAction","target":["https:\/\/www.allscore.de\/shop\/produkt\/geister-schocker-95-grossalarm-die-bestien-kommen\/"]}]},{"@type":"ImageObject","inLanguage":"de","@id":"https:\/\/www.allscore.de\/shop\/produkt\/geister-schocker-95-grossalarm-die-bestien-kommen\/#primaryimage","url":"https:\/\/www.allscore.de\/shop\/wp-content\/uploads\/2021\/03\/GS95_1200px.jpg","contentUrl":"https:\/\/www.allscore.de\/shop\/wp-content\/uploads\/2021\/03\/GS95_1200px.jpg","width":1200,"height":1200,"caption":"Geister-Schocker (95): Gro\u00dfalarm \u2013 die Bestien kommen"},{"@type":"BreadcrumbList","@id":"https:\/\/www.allscore.de\/shop\/produkt\/geister-schocker-95-grossalarm-die-bestien-kommen\/#breadcrumb","itemListElement":[{"@type":"ListItem","position":1,"name":"Startseite","item":"https:\/\/www.allscore.de\/shop\/"},{"@type":"ListItem","position":2,"name":"Produkte","item":"https:\/\/www.allscore.de\/shop\/shop\/"},{"@type":"ListItem","position":3,"name":"Geister-Schocker 95: Gro\u00dfalarm \u2013 die Bestien kommen"}]},{"@type":"WebSite","@id":"https:\/\/www.allscore.de\/shop\/#website","url":"https:\/\/www.allscore.de\/shop\/","name":"Allscore Shop","description":"All Score Media","publisher":{"@id":"https:\/\/www.allscore.de\/shop\/#organization"},"potentialAction":[{"@type":"SearchAction","target":{"@type":"EntryPoint","urlTemplate":"https:\/\/www.allscore.de\/shop\/?s={search_term_string}"},"query-input":{"@type":"PropertyValueSpecification","valueRequired":true,"valueName":"search_term_string"}}],"inLanguage":"de"},{"@type":"Organization","@id":"https:\/\/www.allscore.de\/shop\/#organization","name":"All Score Media","alternateName":"Allscore","url":"https:\/\/www.allscore.de\/shop\/","logo":{"@type":"ImageObject","inLanguage":"de","@id":"https:\/\/www.allscore.de\/shop\/#\/schema\/logo\/image\/","url":"https:\/\/www.allscore.de\/shop\/wp-content\/uploads\/2026\/01\/Logo_Yoast_Shop_2026.png","contentUrl":"https:\/\/www.allscore.de\/shop\/wp-content\/uploads\/2026\/01\/Logo_Yoast_Shop_2026.png","width":696,"height":696,"caption":"All Score Media"},"image":{"@id":"https:\/\/www.allscore.de\/shop\/#\/schema\/logo\/image\/"}}]}},"_links":{"self":[{"href":"https:\/\/www.allscore.de\/shop\/wp-json\/wp\/v2\/product\/9692","targetHints":{"allow":["GET"]}}],"collection":[{"href":"https:\/\/www.allscore.de\/shop\/wp-json\/wp\/v2\/product"}],"about":[{"href":"https:\/\/www.allscore.de\/shop\/wp-json\/wp\/v2\/types\/product"}],"wp:featuredmedia":[{"embeddable":true,"href":"https:\/\/www.allscore.de\/shop\/wp-json\/wp\/v2\/media\/9412"}],"wp:attachment":[{"href":"https:\/\/www.allscore.de\/shop\/wp-json\/wp\/v2\/media?parent=9692"}],"wp:term":[{"taxonomy":"product_brand","embeddable":true,"href":"https:\/\/www.allscore.de\/shop\/wp-json\/wp\/v2\/product_brand?post=9692"},{"taxonomy":"product_cat","embeddable":true,"href":"https:\/\/www.allscore.de\/shop\/wp-json\/wp\/v2\/product_cat?post=9692"},{"taxonomy":"product_tag","embeddable":true,"href":"https:\/\/www.allscore.de\/shop\/wp-json\/wp\/v2\/product_tag?post=9692"}],"curies":[{"name":"wp","href":"https:\/\/api.w.org\/{rel}","templated":true}]}}