{"id":9690,"date":"2021-07-30T15:36:37","date_gmt":"2021-07-30T13:36:37","guid":{"rendered":"https:\/\/www.allscore.de\/shop\/?post_type=product&#038;p=9690"},"modified":"2026-01-21T13:08:50","modified_gmt":"2026-01-21T12:08:50","slug":"geister-schocker-94-henkersfrist-bis-mitternacht","status":"publish","type":"product","link":"https:\/\/www.allscore.de\/shop\/produkt\/geister-schocker-94-henkersfrist-bis-mitternacht\/","title":{"rendered":"Geister-Schocker 94: Henkersfrist bis Mitternacht"},"content":{"rendered":"<p>Geister-Schocker 94: Henkersfrist bis Mitternacht<\/p>\n<p><strong><u>Inhalt:<br \/>\n<\/u><\/strong>In dem zweist\u00f6ckigen, Penthouse auf dem Dach eines B\u00fcrowolkenkratzers in der City von London herrschte eine Bombenstimmung. Das war nicht anders zu erwarten, da die Partys des Hausherrn in ganz London ber\u00fchmt und ber\u00fcchtigt waren wegen der ausgefallenen und oft sogar makabren Mittel, mit denen Mr. Robert Brookland seine G\u00e4ste unterhielt. Auch Jack Callum, Reporter des Londoner Nachrichtenmagazins NEWS, bekam die Gelegenheit, Mr. Brooklands Superparty mitzuerleben. Nat\u00fcrlich wusste niemand, was um Mitternacht geschehen sollte, aber gerade das erh\u00f6hte die Spannung. Und dann brach das Grauen los\u2026<\/p>\n<p><strong><u>Sprecher:<br \/>\n<\/u><\/strong>Christian Stark, Ingo Abel, Franciska Friede, Tanja Dohse, Carsten Steenbergen, Marc Sch\u00fclert, Marion Gretchen Schmitz, Stephan Chrzescinski, Tom Steinbrecher,\u00a0 Reent Reins, Dagmar Bittner, Helgo Liebig<\/p>\n<p><strong><u>Autor:<br \/>\n<\/u><\/strong>Bob Collins<\/p>\n","protected":false},"excerpt":{"rendered":"<p>Geister-Schocker 94: Henkersfrist bis Mitternacht Inhalt: In dem zweist\u00f6ckigen, Penthouse auf dem Dach eines B\u00fcrowolkenkratzers in der City von London herrschte eine Bombenstimmung. Das war nicht anders zu erwarten, da die Partys des Hausherrn in ganz London ber\u00fchmt und ber\u00fcchtigt waren wegen der ausgefallenen und oft sogar makabren Mittel, mit denen Mr. Robert Brookland seine&#8230;<\/p>\n<p><a rel=\"bookmark\" class=\"vonzot-button-simple wvc-button wvc-button-size-sm\" href=\"https:\/\/www.allscore.de\/shop\/produkt\/geister-schocker-94-henkersfrist-bis-mitternacht\/\"><span>Read more<\/span><\/a><\/p>\n","protected":false},"featured_media":9410,"template":"","meta":[],"product_brand":[],"product_cat":[74,72],"product_tag":[],"class_list":{"0":"post-9690","1":"product","2":"type-product","3":"status-publish","4":"has-post-thumbnail","6":"product_cat-geister-schocker","7":"product_cat-hoerspiele","8":"product_shipping_class-tontraeger-cd","9":"entry","10":"clearfix","11":"entry-grid","12":"entry-columns-3","13":"entry-product-module-layout-sidebar-right","14":"thumbnail-color-tone-dark","15":"entry-product","17":"entry-product-grid","19":"first","20":"instock","21":"taxable","22":"shipping-taxable","23":"purchasable","24":"product-type-simple"},"yoast_head":"<!-- This site is optimized with the Yoast SEO plugin v27.4 - https:\/\/yoast.com\/product\/yoast-seo-wordpress\/ -->\n<title>Geister-Schocker 94: Henkersfrist bis Mitternacht<\/title>\n<meta name=\"description\" content=\"Geister-Schocker 94: Henkersfrist bis Mitternacht Inhalt: In dem zweist\u00f6ckigen, Penthouse auf dem Dach eines B\u00fcrowolkenkratzers in der City von London\" \/>\n<meta name=\"robots\" content=\"index, follow, max-snippet:-1, max-image-preview:large, max-video-preview:-1\" \/>\n<link rel=\"canonical\" href=\"https:\/\/www.allscore.de\/shop\/produkt\/geister-schocker-94-henkersfrist-bis-mitternacht\/\" \/>\n<meta property=\"og:locale\" content=\"de_DE\" \/>\n<meta property=\"og:type\" content=\"article\" \/>\n<meta property=\"og:title\" content=\"Geister-Schocker 94: Henkersfrist bis Mitternacht\" \/>\n<meta property=\"og:description\" content=\"Geister-Schocker 94: Henkersfrist bis Mitternacht Inhalt: In dem zweist\u00f6ckigen, Penthouse auf dem Dach eines B\u00fcrowolkenkratzers in der City von London\" \/>\n<meta property=\"og:url\" content=\"https:\/\/www.allscore.de\/shop\/produkt\/geister-schocker-94-henkersfrist-bis-mitternacht\/\" \/>\n<meta property=\"og:site_name\" content=\"Allscore Shop\" \/>\n<meta property=\"article:modified_time\" content=\"2026-01-21T12:08:50+00:00\" \/>\n<meta property=\"og:image\" content=\"https:\/\/www.allscore.de\/shop\/wp-content\/uploads\/2021\/03\/GS94_1200px.jpg\" \/>\n\t<meta property=\"og:image:width\" content=\"1500\" \/>\n\t<meta property=\"og:image:height\" content=\"1500\" \/>\n\t<meta property=\"og:image:type\" content=\"image\/jpeg\" \/>\n<meta name=\"twitter:card\" content=\"summary_large_image\" \/>\n<meta name=\"twitter:label1\" content=\"Gesch\u00e4tzte Lesezeit\" \/>\n\t<meta name=\"twitter:data1\" content=\"1\u00a0Minute\" \/>\n<script type=\"application\/ld+json\" class=\"yoast-schema-graph\">{\"@context\":\"https:\\\/\\\/schema.org\",\"@graph\":[{\"@type\":\"WebPage\",\"@id\":\"https:\\\/\\\/www.allscore.de\\\/shop\\\/produkt\\\/geister-schocker-94-henkersfrist-bis-mitternacht\\\/\",\"url\":\"https:\\\/\\\/www.allscore.de\\\/shop\\\/produkt\\\/geister-schocker-94-henkersfrist-bis-mitternacht\\\/\",\"name\":\"Geister-Schocker 94: Henkersfrist bis Mitternacht\",\"isPartOf\":{\"@id\":\"https:\\\/\\\/www.allscore.de\\\/shop\\\/#website\"},\"primaryImageOfPage\":{\"@id\":\"https:\\\/\\\/www.allscore.de\\\/shop\\\/produkt\\\/geister-schocker-94-henkersfrist-bis-mitternacht\\\/#primaryimage\"},\"image\":{\"@id\":\"https:\\\/\\\/www.allscore.de\\\/shop\\\/produkt\\\/geister-schocker-94-henkersfrist-bis-mitternacht\\\/#primaryimage\"},\"thumbnailUrl\":\"https:\\\/\\\/www.allscore.de\\\/shop\\\/wp-content\\\/uploads\\\/2021\\\/03\\\/GS94_1200px.jpg\",\"datePublished\":\"2021-07-30T13:36:37+00:00\",\"dateModified\":\"2026-01-21T12:08:50+00:00\",\"description\":\"Geister-Schocker 94: Henkersfrist bis Mitternacht Inhalt: In dem zweist\u00f6ckigen, Penthouse auf dem Dach eines B\u00fcrowolkenkratzers in der City von London\",\"breadcrumb\":{\"@id\":\"https:\\\/\\\/www.allscore.de\\\/shop\\\/produkt\\\/geister-schocker-94-henkersfrist-bis-mitternacht\\\/#breadcrumb\"},\"inLanguage\":\"de\",\"potentialAction\":[{\"@type\":\"ReadAction\",\"target\":[\"https:\\\/\\\/www.allscore.de\\\/shop\\\/produkt\\\/geister-schocker-94-henkersfrist-bis-mitternacht\\\/\"]}]},{\"@type\":\"ImageObject\",\"inLanguage\":\"de\",\"@id\":\"https:\\\/\\\/www.allscore.de\\\/shop\\\/produkt\\\/geister-schocker-94-henkersfrist-bis-mitternacht\\\/#primaryimage\",\"url\":\"https:\\\/\\\/www.allscore.de\\\/shop\\\/wp-content\\\/uploads\\\/2021\\\/03\\\/GS94_1200px.jpg\",\"contentUrl\":\"https:\\\/\\\/www.allscore.de\\\/shop\\\/wp-content\\\/uploads\\\/2021\\\/03\\\/GS94_1200px.jpg\",\"width\":1500,\"height\":1500,\"caption\":\"Geister-Schocker (94): Henkersfrist bis Mitternacht\"},{\"@type\":\"BreadcrumbList\",\"@id\":\"https:\\\/\\\/www.allscore.de\\\/shop\\\/produkt\\\/geister-schocker-94-henkersfrist-bis-mitternacht\\\/#breadcrumb\",\"itemListElement\":[{\"@type\":\"ListItem\",\"position\":1,\"name\":\"Startseite\",\"item\":\"https:\\\/\\\/www.allscore.de\\\/shop\\\/\"},{\"@type\":\"ListItem\",\"position\":2,\"name\":\"Produkte\",\"item\":\"https:\\\/\\\/www.allscore.de\\\/shop\\\/shop\\\/\"},{\"@type\":\"ListItem\",\"position\":3,\"name\":\"Geister-Schocker 94: Henkersfrist bis Mitternacht\"}]},{\"@type\":\"WebSite\",\"@id\":\"https:\\\/\\\/www.allscore.de\\\/shop\\\/#website\",\"url\":\"https:\\\/\\\/www.allscore.de\\\/shop\\\/\",\"name\":\"Allscore Shop\",\"description\":\"All Score Media\",\"publisher\":{\"@id\":\"https:\\\/\\\/www.allscore.de\\\/shop\\\/#organization\"},\"potentialAction\":[{\"@type\":\"SearchAction\",\"target\":{\"@type\":\"EntryPoint\",\"urlTemplate\":\"https:\\\/\\\/www.allscore.de\\\/shop\\\/?s={search_term_string}\"},\"query-input\":{\"@type\":\"PropertyValueSpecification\",\"valueRequired\":true,\"valueName\":\"search_term_string\"}}],\"inLanguage\":\"de\"},{\"@type\":\"Organization\",\"@id\":\"https:\\\/\\\/www.allscore.de\\\/shop\\\/#organization\",\"name\":\"All Score Media\",\"alternateName\":\"Allscore\",\"url\":\"https:\\\/\\\/www.allscore.de\\\/shop\\\/\",\"logo\":{\"@type\":\"ImageObject\",\"inLanguage\":\"de\",\"@id\":\"https:\\\/\\\/www.allscore.de\\\/shop\\\/#\\\/schema\\\/logo\\\/image\\\/\",\"url\":\"https:\\\/\\\/www.allscore.de\\\/shop\\\/wp-content\\\/uploads\\\/2026\\\/01\\\/Logo_Yoast_Shop_2026.png\",\"contentUrl\":\"https:\\\/\\\/www.allscore.de\\\/shop\\\/wp-content\\\/uploads\\\/2026\\\/01\\\/Logo_Yoast_Shop_2026.png\",\"width\":696,\"height\":696,\"caption\":\"All Score Media\"},\"image\":{\"@id\":\"https:\\\/\\\/www.allscore.de\\\/shop\\\/#\\\/schema\\\/logo\\\/image\\\/\"}}]}<\/script>\n<!-- \/ Yoast SEO plugin. -->","yoast_head_json":{"title":"Geister-Schocker 94: Henkersfrist bis Mitternacht","description":"Geister-Schocker 94: Henkersfrist bis Mitternacht Inhalt: In dem zweist\u00f6ckigen, Penthouse auf dem Dach eines B\u00fcrowolkenkratzers in der City von London","robots":{"index":"index","follow":"follow","max-snippet":"max-snippet:-1","max-image-preview":"max-image-preview:large","max-video-preview":"max-video-preview:-1"},"canonical":"https:\/\/www.allscore.de\/shop\/produkt\/geister-schocker-94-henkersfrist-bis-mitternacht\/","og_locale":"de_DE","og_type":"article","og_title":"Geister-Schocker 94: Henkersfrist bis Mitternacht","og_description":"Geister-Schocker 94: Henkersfrist bis Mitternacht Inhalt: In dem zweist\u00f6ckigen, Penthouse auf dem Dach eines B\u00fcrowolkenkratzers in der City von London","og_url":"https:\/\/www.allscore.de\/shop\/produkt\/geister-schocker-94-henkersfrist-bis-mitternacht\/","og_site_name":"Allscore Shop","article_modified_time":"2026-01-21T12:08:50+00:00","og_image":[{"width":1500,"height":1500,"url":"https:\/\/www.allscore.de\/shop\/wp-content\/uploads\/2021\/03\/GS94_1200px.jpg","type":"image\/jpeg"}],"twitter_card":"summary_large_image","twitter_misc":{"Gesch\u00e4tzte Lesezeit":"1\u00a0Minute"},"schema":{"@context":"https:\/\/schema.org","@graph":[{"@type":"WebPage","@id":"https:\/\/www.allscore.de\/shop\/produkt\/geister-schocker-94-henkersfrist-bis-mitternacht\/","url":"https:\/\/www.allscore.de\/shop\/produkt\/geister-schocker-94-henkersfrist-bis-mitternacht\/","name":"Geister-Schocker 94: Henkersfrist bis Mitternacht","isPartOf":{"@id":"https:\/\/www.allscore.de\/shop\/#website"},"primaryImageOfPage":{"@id":"https:\/\/www.allscore.de\/shop\/produkt\/geister-schocker-94-henkersfrist-bis-mitternacht\/#primaryimage"},"image":{"@id":"https:\/\/www.allscore.de\/shop\/produkt\/geister-schocker-94-henkersfrist-bis-mitternacht\/#primaryimage"},"thumbnailUrl":"https:\/\/www.allscore.de\/shop\/wp-content\/uploads\/2021\/03\/GS94_1200px.jpg","datePublished":"2021-07-30T13:36:37+00:00","dateModified":"2026-01-21T12:08:50+00:00","description":"Geister-Schocker 94: Henkersfrist bis Mitternacht Inhalt: In dem zweist\u00f6ckigen, Penthouse auf dem Dach eines B\u00fcrowolkenkratzers in der City von London","breadcrumb":{"@id":"https:\/\/www.allscore.de\/shop\/produkt\/geister-schocker-94-henkersfrist-bis-mitternacht\/#breadcrumb"},"inLanguage":"de","potentialAction":[{"@type":"ReadAction","target":["https:\/\/www.allscore.de\/shop\/produkt\/geister-schocker-94-henkersfrist-bis-mitternacht\/"]}]},{"@type":"ImageObject","inLanguage":"de","@id":"https:\/\/www.allscore.de\/shop\/produkt\/geister-schocker-94-henkersfrist-bis-mitternacht\/#primaryimage","url":"https:\/\/www.allscore.de\/shop\/wp-content\/uploads\/2021\/03\/GS94_1200px.jpg","contentUrl":"https:\/\/www.allscore.de\/shop\/wp-content\/uploads\/2021\/03\/GS94_1200px.jpg","width":1500,"height":1500,"caption":"Geister-Schocker (94): Henkersfrist bis Mitternacht"},{"@type":"BreadcrumbList","@id":"https:\/\/www.allscore.de\/shop\/produkt\/geister-schocker-94-henkersfrist-bis-mitternacht\/#breadcrumb","itemListElement":[{"@type":"ListItem","position":1,"name":"Startseite","item":"https:\/\/www.allscore.de\/shop\/"},{"@type":"ListItem","position":2,"name":"Produkte","item":"https:\/\/www.allscore.de\/shop\/shop\/"},{"@type":"ListItem","position":3,"name":"Geister-Schocker 94: Henkersfrist bis Mitternacht"}]},{"@type":"WebSite","@id":"https:\/\/www.allscore.de\/shop\/#website","url":"https:\/\/www.allscore.de\/shop\/","name":"Allscore Shop","description":"All Score Media","publisher":{"@id":"https:\/\/www.allscore.de\/shop\/#organization"},"potentialAction":[{"@type":"SearchAction","target":{"@type":"EntryPoint","urlTemplate":"https:\/\/www.allscore.de\/shop\/?s={search_term_string}"},"query-input":{"@type":"PropertyValueSpecification","valueRequired":true,"valueName":"search_term_string"}}],"inLanguage":"de"},{"@type":"Organization","@id":"https:\/\/www.allscore.de\/shop\/#organization","name":"All Score Media","alternateName":"Allscore","url":"https:\/\/www.allscore.de\/shop\/","logo":{"@type":"ImageObject","inLanguage":"de","@id":"https:\/\/www.allscore.de\/shop\/#\/schema\/logo\/image\/","url":"https:\/\/www.allscore.de\/shop\/wp-content\/uploads\/2026\/01\/Logo_Yoast_Shop_2026.png","contentUrl":"https:\/\/www.allscore.de\/shop\/wp-content\/uploads\/2026\/01\/Logo_Yoast_Shop_2026.png","width":696,"height":696,"caption":"All Score Media"},"image":{"@id":"https:\/\/www.allscore.de\/shop\/#\/schema\/logo\/image\/"}}]}},"_links":{"self":[{"href":"https:\/\/www.allscore.de\/shop\/wp-json\/wp\/v2\/product\/9690","targetHints":{"allow":["GET"]}}],"collection":[{"href":"https:\/\/www.allscore.de\/shop\/wp-json\/wp\/v2\/product"}],"about":[{"href":"https:\/\/www.allscore.de\/shop\/wp-json\/wp\/v2\/types\/product"}],"wp:featuredmedia":[{"embeddable":true,"href":"https:\/\/www.allscore.de\/shop\/wp-json\/wp\/v2\/media\/9410"}],"wp:attachment":[{"href":"https:\/\/www.allscore.de\/shop\/wp-json\/wp\/v2\/media?parent=9690"}],"wp:term":[{"taxonomy":"product_brand","embeddable":true,"href":"https:\/\/www.allscore.de\/shop\/wp-json\/wp\/v2\/product_brand?post=9690"},{"taxonomy":"product_cat","embeddable":true,"href":"https:\/\/www.allscore.de\/shop\/wp-json\/wp\/v2\/product_cat?post=9690"},{"taxonomy":"product_tag","embeddable":true,"href":"https:\/\/www.allscore.de\/shop\/wp-json\/wp\/v2\/product_tag?post=9690"}],"curies":[{"name":"wp","href":"https:\/\/api.w.org\/{rel}","templated":true}]}}