{"id":9682,"date":"2020-11-13T15:26:10","date_gmt":"2020-11-13T14:26:10","guid":{"rendered":"https:\/\/www.allscore.de\/shop\/?post_type=product&#038;p=9682"},"modified":"2025-12-15T18:21:07","modified_gmt":"2025-12-15T17:21:07","slug":"geister-schocker-90-botin-der-unterwelt","status":"publish","type":"product","link":"https:\/\/www.allscore.de\/shop\/produkt\/geister-schocker-90-botin-der-unterwelt\/","title":{"rendered":"Geister-Schocker 90: Botin der Unterwelt"},"content":{"rendered":"<p>Geister-Schocker 90: Botin der Unterwelt<\/p>\n<p><strong><u>Inhalt:<br \/>\n<\/u><\/strong>Colonel Webster sah das Ende auf sich zukommen. Die sch\u00f6ne Fremde stand jetzt dicht vor ihm. Langsam hob sie die Hand mit dem Dolch, dessen Spitze auf sein Herz zielte. Er war nicht imstande, die unheimliche R\u00e4cherin zu verstehen, die in verschlossene R\u00e4ume eindrang und durch Tische hindurchging. Eine Frau, die er mit eigenen Augen erblickte und die doch l\u00e4ngst tot war, tot sein musste, weil er sie selbst get\u00f6tet hatte! Mit einer verzweifelten Anstrengung schlug er mit dem Offiziersstab auf die Fremde ein, immer wieder, doch keiner seiner Schl\u00e4ge traf. Der Stab fand keinen Widerstand und das Gesicht der Frau verzerrte sich im wilden Hass, ihre Lippen l\u00e4chelten triumphierend \u2026<\/p>\n<p><strong><u>Sprecher:<br \/>\n<\/u><\/strong>Reent Reins, Patrick Bach, R\u00fcdiger Schulzki, Peter Groeger, Sabrina Heuer, Marc Sch\u00fclert, Werner Wilkening, Hildegard Meier, Detlef Tams, Claus Wilcke, Robert Missler, Dirk Hardegen, Tom Steinbrecher<\/p>\n<p><strong><u>Autor:<br \/>\n<\/u><\/strong>Bob Collins<\/p>\n","protected":false},"excerpt":{"rendered":"<p>Geister-Schocker 90: Botin der Unterwelt Inhalt: Colonel Webster sah das Ende auf sich zukommen. Die sch\u00f6ne Fremde stand jetzt dicht vor ihm. Langsam hob sie die Hand mit dem Dolch, dessen Spitze auf sein Herz zielte. Er war nicht imstande, die unheimliche R\u00e4cherin zu verstehen, die in verschlossene R\u00e4ume eindrang und durch Tische hindurchging. Eine&#8230;<\/p>\n<p><a rel=\"bookmark\" class=\"vonzot-button-simple wvc-button wvc-button-size-sm\" href=\"https:\/\/www.allscore.de\/shop\/produkt\/geister-schocker-90-botin-der-unterwelt\/\"><span>Read more<\/span><\/a><\/p>\n","protected":false},"featured_media":9402,"template":"","meta":[],"product_brand":[],"product_cat":[74,72],"product_tag":[],"class_list":{"0":"post-9682","1":"product","2":"type-product","3":"status-publish","4":"has-post-thumbnail","6":"product_cat-geister-schocker","7":"product_cat-hoerspiele","8":"product_shipping_class-tontraeger-cd","9":"entry","10":"clearfix","11":"entry-grid","12":"entry-columns-3","13":"entry-product-module-layout-sidebar-right","14":"thumbnail-color-tone-dark","15":"entry-product","17":"entry-product-grid","19":"first","20":"instock","21":"sale","22":"taxable","23":"shipping-taxable","24":"purchasable","25":"product-type-simple"},"yoast_head":"<!-- This site is optimized with the Yoast SEO plugin v27.4 - https:\/\/yoast.com\/product\/yoast-seo-wordpress\/ -->\n<title>Geister-Schocker 90: Botin der Unterwelt<\/title>\n<meta name=\"description\" content=\"Geister-Schocker 90: Botin der Unterwelt Inhalt: Colonel Webster sah das Ende auf sich zukommen. Die sch\u00f6ne Fremde stand jetzt dicht vor ihm. Langsam hob\" \/>\n<meta name=\"robots\" content=\"index, follow, max-snippet:-1, max-image-preview:large, max-video-preview:-1\" \/>\n<link rel=\"canonical\" href=\"https:\/\/www.allscore.de\/shop\/produkt\/geister-schocker-90-botin-der-unterwelt\/\" \/>\n<meta property=\"og:locale\" content=\"de_DE\" \/>\n<meta property=\"og:type\" content=\"article\" \/>\n<meta property=\"og:title\" content=\"Geister-Schocker 90: Botin der Unterwelt\" \/>\n<meta property=\"og:description\" content=\"Geister-Schocker 90: Botin der Unterwelt Inhalt: Colonel Webster sah das Ende auf sich zukommen. Die sch\u00f6ne Fremde stand jetzt dicht vor ihm. Langsam hob\" \/>\n<meta property=\"og:url\" content=\"https:\/\/www.allscore.de\/shop\/produkt\/geister-schocker-90-botin-der-unterwelt\/\" \/>\n<meta property=\"og:site_name\" content=\"Allscore Shop\" \/>\n<meta property=\"article:modified_time\" content=\"2025-12-15T17:21:07+00:00\" \/>\n<meta property=\"og:image\" content=\"https:\/\/www.allscore.de\/shop\/wp-content\/uploads\/2021\/03\/GS90_1200px.jpg\" \/>\n\t<meta property=\"og:image:width\" content=\"1200\" \/>\n\t<meta property=\"og:image:height\" content=\"1200\" \/>\n\t<meta property=\"og:image:type\" content=\"image\/jpeg\" \/>\n<meta name=\"twitter:card\" content=\"summary_large_image\" \/>\n<meta name=\"twitter:label1\" content=\"Gesch\u00e4tzte Lesezeit\" \/>\n\t<meta name=\"twitter:data1\" content=\"1\u00a0Minute\" \/>\n<script type=\"application\/ld+json\" class=\"yoast-schema-graph\">{\"@context\":\"https:\\\/\\\/schema.org\",\"@graph\":[{\"@type\":\"WebPage\",\"@id\":\"https:\\\/\\\/www.allscore.de\\\/shop\\\/produkt\\\/geister-schocker-90-botin-der-unterwelt\\\/\",\"url\":\"https:\\\/\\\/www.allscore.de\\\/shop\\\/produkt\\\/geister-schocker-90-botin-der-unterwelt\\\/\",\"name\":\"Geister-Schocker 90: Botin der Unterwelt\",\"isPartOf\":{\"@id\":\"https:\\\/\\\/www.allscore.de\\\/shop\\\/#website\"},\"primaryImageOfPage\":{\"@id\":\"https:\\\/\\\/www.allscore.de\\\/shop\\\/produkt\\\/geister-schocker-90-botin-der-unterwelt\\\/#primaryimage\"},\"image\":{\"@id\":\"https:\\\/\\\/www.allscore.de\\\/shop\\\/produkt\\\/geister-schocker-90-botin-der-unterwelt\\\/#primaryimage\"},\"thumbnailUrl\":\"https:\\\/\\\/www.allscore.de\\\/shop\\\/wp-content\\\/uploads\\\/2021\\\/03\\\/GS90_1200px.jpg\",\"datePublished\":\"2020-11-13T14:26:10+00:00\",\"dateModified\":\"2025-12-15T17:21:07+00:00\",\"description\":\"Geister-Schocker 90: Botin der Unterwelt Inhalt: Colonel Webster sah das Ende auf sich zukommen. Die sch\u00f6ne Fremde stand jetzt dicht vor ihm. Langsam hob\",\"breadcrumb\":{\"@id\":\"https:\\\/\\\/www.allscore.de\\\/shop\\\/produkt\\\/geister-schocker-90-botin-der-unterwelt\\\/#breadcrumb\"},\"inLanguage\":\"de\",\"potentialAction\":[{\"@type\":\"ReadAction\",\"target\":[\"https:\\\/\\\/www.allscore.de\\\/shop\\\/produkt\\\/geister-schocker-90-botin-der-unterwelt\\\/\"]}]},{\"@type\":\"ImageObject\",\"inLanguage\":\"de\",\"@id\":\"https:\\\/\\\/www.allscore.de\\\/shop\\\/produkt\\\/geister-schocker-90-botin-der-unterwelt\\\/#primaryimage\",\"url\":\"https:\\\/\\\/www.allscore.de\\\/shop\\\/wp-content\\\/uploads\\\/2021\\\/03\\\/GS90_1200px.jpg\",\"contentUrl\":\"https:\\\/\\\/www.allscore.de\\\/shop\\\/wp-content\\\/uploads\\\/2021\\\/03\\\/GS90_1200px.jpg\",\"width\":1200,\"height\":1200,\"caption\":\"Geister-Schocker (90): Botin der Unterwelt\"},{\"@type\":\"BreadcrumbList\",\"@id\":\"https:\\\/\\\/www.allscore.de\\\/shop\\\/produkt\\\/geister-schocker-90-botin-der-unterwelt\\\/#breadcrumb\",\"itemListElement\":[{\"@type\":\"ListItem\",\"position\":1,\"name\":\"Startseite\",\"item\":\"https:\\\/\\\/www.allscore.de\\\/shop\\\/\"},{\"@type\":\"ListItem\",\"position\":2,\"name\":\"Produkte\",\"item\":\"https:\\\/\\\/www.allscore.de\\\/shop\\\/shop\\\/\"},{\"@type\":\"ListItem\",\"position\":3,\"name\":\"Geister-Schocker 90: Botin der Unterwelt\"}]},{\"@type\":\"WebSite\",\"@id\":\"https:\\\/\\\/www.allscore.de\\\/shop\\\/#website\",\"url\":\"https:\\\/\\\/www.allscore.de\\\/shop\\\/\",\"name\":\"Allscore Shop\",\"description\":\"All Score Media\",\"publisher\":{\"@id\":\"https:\\\/\\\/www.allscore.de\\\/shop\\\/#organization\"},\"potentialAction\":[{\"@type\":\"SearchAction\",\"target\":{\"@type\":\"EntryPoint\",\"urlTemplate\":\"https:\\\/\\\/www.allscore.de\\\/shop\\\/?s={search_term_string}\"},\"query-input\":{\"@type\":\"PropertyValueSpecification\",\"valueRequired\":true,\"valueName\":\"search_term_string\"}}],\"inLanguage\":\"de\"},{\"@type\":\"Organization\",\"@id\":\"https:\\\/\\\/www.allscore.de\\\/shop\\\/#organization\",\"name\":\"All Score Media\",\"alternateName\":\"Allscore\",\"url\":\"https:\\\/\\\/www.allscore.de\\\/shop\\\/\",\"logo\":{\"@type\":\"ImageObject\",\"inLanguage\":\"de\",\"@id\":\"https:\\\/\\\/www.allscore.de\\\/shop\\\/#\\\/schema\\\/logo\\\/image\\\/\",\"url\":\"https:\\\/\\\/www.allscore.de\\\/shop\\\/wp-content\\\/uploads\\\/2026\\\/01\\\/Logo_Yoast_Shop_2026.png\",\"contentUrl\":\"https:\\\/\\\/www.allscore.de\\\/shop\\\/wp-content\\\/uploads\\\/2026\\\/01\\\/Logo_Yoast_Shop_2026.png\",\"width\":696,\"height\":696,\"caption\":\"All Score Media\"},\"image\":{\"@id\":\"https:\\\/\\\/www.allscore.de\\\/shop\\\/#\\\/schema\\\/logo\\\/image\\\/\"}}]}<\/script>\n<!-- \/ Yoast SEO plugin. -->","yoast_head_json":{"title":"Geister-Schocker 90: Botin der Unterwelt","description":"Geister-Schocker 90: Botin der Unterwelt Inhalt: Colonel Webster sah das Ende auf sich zukommen. Die sch\u00f6ne Fremde stand jetzt dicht vor ihm. Langsam hob","robots":{"index":"index","follow":"follow","max-snippet":"max-snippet:-1","max-image-preview":"max-image-preview:large","max-video-preview":"max-video-preview:-1"},"canonical":"https:\/\/www.allscore.de\/shop\/produkt\/geister-schocker-90-botin-der-unterwelt\/","og_locale":"de_DE","og_type":"article","og_title":"Geister-Schocker 90: Botin der Unterwelt","og_description":"Geister-Schocker 90: Botin der Unterwelt Inhalt: Colonel Webster sah das Ende auf sich zukommen. Die sch\u00f6ne Fremde stand jetzt dicht vor ihm. Langsam hob","og_url":"https:\/\/www.allscore.de\/shop\/produkt\/geister-schocker-90-botin-der-unterwelt\/","og_site_name":"Allscore Shop","article_modified_time":"2025-12-15T17:21:07+00:00","og_image":[{"width":1200,"height":1200,"url":"https:\/\/www.allscore.de\/shop\/wp-content\/uploads\/2021\/03\/GS90_1200px.jpg","type":"image\/jpeg"}],"twitter_card":"summary_large_image","twitter_misc":{"Gesch\u00e4tzte Lesezeit":"1\u00a0Minute"},"schema":{"@context":"https:\/\/schema.org","@graph":[{"@type":"WebPage","@id":"https:\/\/www.allscore.de\/shop\/produkt\/geister-schocker-90-botin-der-unterwelt\/","url":"https:\/\/www.allscore.de\/shop\/produkt\/geister-schocker-90-botin-der-unterwelt\/","name":"Geister-Schocker 90: Botin der Unterwelt","isPartOf":{"@id":"https:\/\/www.allscore.de\/shop\/#website"},"primaryImageOfPage":{"@id":"https:\/\/www.allscore.de\/shop\/produkt\/geister-schocker-90-botin-der-unterwelt\/#primaryimage"},"image":{"@id":"https:\/\/www.allscore.de\/shop\/produkt\/geister-schocker-90-botin-der-unterwelt\/#primaryimage"},"thumbnailUrl":"https:\/\/www.allscore.de\/shop\/wp-content\/uploads\/2021\/03\/GS90_1200px.jpg","datePublished":"2020-11-13T14:26:10+00:00","dateModified":"2025-12-15T17:21:07+00:00","description":"Geister-Schocker 90: Botin der Unterwelt Inhalt: Colonel Webster sah das Ende auf sich zukommen. Die sch\u00f6ne Fremde stand jetzt dicht vor ihm. Langsam hob","breadcrumb":{"@id":"https:\/\/www.allscore.de\/shop\/produkt\/geister-schocker-90-botin-der-unterwelt\/#breadcrumb"},"inLanguage":"de","potentialAction":[{"@type":"ReadAction","target":["https:\/\/www.allscore.de\/shop\/produkt\/geister-schocker-90-botin-der-unterwelt\/"]}]},{"@type":"ImageObject","inLanguage":"de","@id":"https:\/\/www.allscore.de\/shop\/produkt\/geister-schocker-90-botin-der-unterwelt\/#primaryimage","url":"https:\/\/www.allscore.de\/shop\/wp-content\/uploads\/2021\/03\/GS90_1200px.jpg","contentUrl":"https:\/\/www.allscore.de\/shop\/wp-content\/uploads\/2021\/03\/GS90_1200px.jpg","width":1200,"height":1200,"caption":"Geister-Schocker (90): Botin der Unterwelt"},{"@type":"BreadcrumbList","@id":"https:\/\/www.allscore.de\/shop\/produkt\/geister-schocker-90-botin-der-unterwelt\/#breadcrumb","itemListElement":[{"@type":"ListItem","position":1,"name":"Startseite","item":"https:\/\/www.allscore.de\/shop\/"},{"@type":"ListItem","position":2,"name":"Produkte","item":"https:\/\/www.allscore.de\/shop\/shop\/"},{"@type":"ListItem","position":3,"name":"Geister-Schocker 90: Botin der Unterwelt"}]},{"@type":"WebSite","@id":"https:\/\/www.allscore.de\/shop\/#website","url":"https:\/\/www.allscore.de\/shop\/","name":"Allscore Shop","description":"All Score Media","publisher":{"@id":"https:\/\/www.allscore.de\/shop\/#organization"},"potentialAction":[{"@type":"SearchAction","target":{"@type":"EntryPoint","urlTemplate":"https:\/\/www.allscore.de\/shop\/?s={search_term_string}"},"query-input":{"@type":"PropertyValueSpecification","valueRequired":true,"valueName":"search_term_string"}}],"inLanguage":"de"},{"@type":"Organization","@id":"https:\/\/www.allscore.de\/shop\/#organization","name":"All Score Media","alternateName":"Allscore","url":"https:\/\/www.allscore.de\/shop\/","logo":{"@type":"ImageObject","inLanguage":"de","@id":"https:\/\/www.allscore.de\/shop\/#\/schema\/logo\/image\/","url":"https:\/\/www.allscore.de\/shop\/wp-content\/uploads\/2026\/01\/Logo_Yoast_Shop_2026.png","contentUrl":"https:\/\/www.allscore.de\/shop\/wp-content\/uploads\/2026\/01\/Logo_Yoast_Shop_2026.png","width":696,"height":696,"caption":"All Score Media"},"image":{"@id":"https:\/\/www.allscore.de\/shop\/#\/schema\/logo\/image\/"}}]}},"_links":{"self":[{"href":"https:\/\/www.allscore.de\/shop\/wp-json\/wp\/v2\/product\/9682","targetHints":{"allow":["GET"]}}],"collection":[{"href":"https:\/\/www.allscore.de\/shop\/wp-json\/wp\/v2\/product"}],"about":[{"href":"https:\/\/www.allscore.de\/shop\/wp-json\/wp\/v2\/types\/product"}],"wp:featuredmedia":[{"embeddable":true,"href":"https:\/\/www.allscore.de\/shop\/wp-json\/wp\/v2\/media\/9402"}],"wp:attachment":[{"href":"https:\/\/www.allscore.de\/shop\/wp-json\/wp\/v2\/media?parent=9682"}],"wp:term":[{"taxonomy":"product_brand","embeddable":true,"href":"https:\/\/www.allscore.de\/shop\/wp-json\/wp\/v2\/product_brand?post=9682"},{"taxonomy":"product_cat","embeddable":true,"href":"https:\/\/www.allscore.de\/shop\/wp-json\/wp\/v2\/product_cat?post=9682"},{"taxonomy":"product_tag","embeddable":true,"href":"https:\/\/www.allscore.de\/shop\/wp-json\/wp\/v2\/product_tag?post=9682"}],"curies":[{"name":"wp","href":"https:\/\/api.w.org\/{rel}","templated":true}]}}