{"id":9678,"date":"2020-07-20T15:21:35","date_gmt":"2020-07-20T13:21:35","guid":{"rendered":"https:\/\/www.allscore.de\/shop\/?post_type=product&#038;p=9678"},"modified":"2026-01-05T20:07:06","modified_gmt":"2026-01-05T19:07:06","slug":"geister-schocker-88-das-stille-volk","status":"publish","type":"product","link":"https:\/\/www.allscore.de\/shop\/produkt\/geister-schocker-88-das-stille-volk\/","title":{"rendered":"Geister-Schocker 88: Das stille Volk"},"content":{"rendered":"<p>Geister-Schocker 88: Das stille Volk<\/p>\n<p><strong><u>Inhalt:<br \/>\n<\/u><\/strong>Familie Max nutzt die Gelegenheit, sich von ihrem stressigen Alltag zu erholen. Bei sch\u00f6nem Ausflugswetter besuchen sie die hessische Burg Plesse.<br \/>\nDer Ausflug scheint gelungen, bis ihr Sohn Kevin von einer seltsam anmutenden Gestalt entf\u00fchrt und in den Burgbrunnen verschleppt wird. Die Polizei nimmt den Schacht unter die Lupe, findet aber keine Spur von Opfer und Entf\u00fchrer. Als sie mit den Ermittlungen nicht weiter kommen, rufen die verzweifelten Eltern den Menschen zur Hilfe, dem sie in solch einem Fall vertrauen \u2013 ihrem Freund Christoph Schwarz. Und der macht eine unglaubliche Entdeckung\u2026 Ein neuer Fall mit dem Detektiv des \u00dcbersinnlichen \u2013 Christoph Schwarz.<\/p>\n<p><strong><u>Sprecher:<br \/>\n<\/u><\/strong>Sascha Rotermund, Marie Bierstedt, Karen Schulz-Vobach, Kerstin Draeger, Gordon Piedesack, Christin Deuker, Melinda Rachfahl, Markus Raab, Dagmar Bittner, Werner Wilkening, Sascha Kr\u00fcger, Jenny Maria Meyer, Leonie Landa, Marion Gretchen Schmitz, Katja Br\u00fcgger, Patrick Borl\u00e9<\/p>\n<p><strong><u>Autor:<br \/>\n<\/u><\/strong>G. Arentzen<\/p>\n","protected":false},"excerpt":{"rendered":"<p>Geister-Schocker 88: Das stille Volk Inhalt: Familie Max nutzt die Gelegenheit, sich von ihrem stressigen Alltag zu erholen. Bei sch\u00f6nem Ausflugswetter besuchen sie die hessische Burg Plesse. Der Ausflug scheint gelungen, bis ihr Sohn Kevin von einer seltsam anmutenden Gestalt entf\u00fchrt und in den Burgbrunnen verschleppt wird. Die Polizei nimmt den Schacht unter die Lupe,&#8230;<\/p>\n<p><a rel=\"bookmark\" class=\"vonzot-button-simple wvc-button wvc-button-size-sm\" href=\"https:\/\/www.allscore.de\/shop\/produkt\/geister-schocker-88-das-stille-volk\/\"><span>Read more<\/span><\/a><\/p>\n","protected":false},"featured_media":9398,"template":"","meta":[],"product_brand":[],"product_cat":[74,72],"product_tag":[],"class_list":{"0":"post-9678","1":"product","2":"type-product","3":"status-publish","4":"has-post-thumbnail","6":"product_cat-geister-schocker","7":"product_cat-hoerspiele","8":"product_shipping_class-tontraeger-cd","9":"entry","10":"clearfix","11":"entry-grid","12":"entry-columns-3","13":"entry-product-module-layout-sidebar-right","14":"thumbnail-color-tone-dark","15":"entry-product","17":"entry-product-grid","19":"first","20":"instock","21":"taxable","22":"shipping-taxable","23":"purchasable","24":"product-type-simple"},"yoast_head":"<!-- This site is optimized with the Yoast SEO plugin v27.4 - https:\/\/yoast.com\/product\/yoast-seo-wordpress\/ -->\n<title>Geister-Schocker 88: Das stille Volk<\/title>\n<meta name=\"description\" content=\"Geister-Schocker 88: Das stille Volk Inhalt: Familie Max nutzt die Gelegenheit, sich von ihrem stressigen Alltag zu erholen. Bei sch\u00f6nem Ausflugswetter\" \/>\n<meta name=\"robots\" content=\"index, follow, max-snippet:-1, max-image-preview:large, max-video-preview:-1\" \/>\n<link rel=\"canonical\" href=\"https:\/\/www.allscore.de\/shop\/produkt\/geister-schocker-88-das-stille-volk\/\" \/>\n<meta property=\"og:locale\" content=\"de_DE\" \/>\n<meta property=\"og:type\" content=\"article\" \/>\n<meta property=\"og:title\" content=\"Geister-Schocker 88: Das stille Volk\" \/>\n<meta property=\"og:description\" content=\"Geister-Schocker 88: Das stille Volk Inhalt: Familie Max nutzt die Gelegenheit, sich von ihrem stressigen Alltag zu erholen. Bei sch\u00f6nem Ausflugswetter\" \/>\n<meta property=\"og:url\" content=\"https:\/\/www.allscore.de\/shop\/produkt\/geister-schocker-88-das-stille-volk\/\" \/>\n<meta property=\"og:site_name\" content=\"Allscore Shop\" \/>\n<meta property=\"article:modified_time\" content=\"2026-01-05T19:07:06+00:00\" \/>\n<meta property=\"og:image\" content=\"https:\/\/www.allscore.de\/shop\/wp-content\/uploads\/2021\/03\/GS88_1200px.jpg\" \/>\n\t<meta property=\"og:image:width\" content=\"1200\" \/>\n\t<meta property=\"og:image:height\" content=\"1200\" \/>\n\t<meta property=\"og:image:type\" content=\"image\/jpeg\" \/>\n<meta name=\"twitter:card\" content=\"summary_large_image\" \/>\n<meta name=\"twitter:label1\" content=\"Gesch\u00e4tzte Lesezeit\" \/>\n\t<meta name=\"twitter:data1\" content=\"1\u00a0Minute\" \/>\n<script type=\"application\/ld+json\" class=\"yoast-schema-graph\">{\"@context\":\"https:\\\/\\\/schema.org\",\"@graph\":[{\"@type\":\"WebPage\",\"@id\":\"https:\\\/\\\/www.allscore.de\\\/shop\\\/produkt\\\/geister-schocker-88-das-stille-volk\\\/\",\"url\":\"https:\\\/\\\/www.allscore.de\\\/shop\\\/produkt\\\/geister-schocker-88-das-stille-volk\\\/\",\"name\":\"Geister-Schocker 88: Das stille Volk\",\"isPartOf\":{\"@id\":\"https:\\\/\\\/www.allscore.de\\\/shop\\\/#website\"},\"primaryImageOfPage\":{\"@id\":\"https:\\\/\\\/www.allscore.de\\\/shop\\\/produkt\\\/geister-schocker-88-das-stille-volk\\\/#primaryimage\"},\"image\":{\"@id\":\"https:\\\/\\\/www.allscore.de\\\/shop\\\/produkt\\\/geister-schocker-88-das-stille-volk\\\/#primaryimage\"},\"thumbnailUrl\":\"https:\\\/\\\/www.allscore.de\\\/shop\\\/wp-content\\\/uploads\\\/2021\\\/03\\\/GS88_1200px.jpg\",\"datePublished\":\"2020-07-20T13:21:35+00:00\",\"dateModified\":\"2026-01-05T19:07:06+00:00\",\"description\":\"Geister-Schocker 88: Das stille Volk Inhalt: Familie Max nutzt die Gelegenheit, sich von ihrem stressigen Alltag zu erholen. Bei sch\u00f6nem Ausflugswetter\",\"breadcrumb\":{\"@id\":\"https:\\\/\\\/www.allscore.de\\\/shop\\\/produkt\\\/geister-schocker-88-das-stille-volk\\\/#breadcrumb\"},\"inLanguage\":\"de\",\"potentialAction\":[{\"@type\":\"ReadAction\",\"target\":[\"https:\\\/\\\/www.allscore.de\\\/shop\\\/produkt\\\/geister-schocker-88-das-stille-volk\\\/\"]}]},{\"@type\":\"ImageObject\",\"inLanguage\":\"de\",\"@id\":\"https:\\\/\\\/www.allscore.de\\\/shop\\\/produkt\\\/geister-schocker-88-das-stille-volk\\\/#primaryimage\",\"url\":\"https:\\\/\\\/www.allscore.de\\\/shop\\\/wp-content\\\/uploads\\\/2021\\\/03\\\/GS88_1200px.jpg\",\"contentUrl\":\"https:\\\/\\\/www.allscore.de\\\/shop\\\/wp-content\\\/uploads\\\/2021\\\/03\\\/GS88_1200px.jpg\",\"width\":1200,\"height\":1200,\"caption\":\"Geister-Schocker (88): Das stille Volk\"},{\"@type\":\"BreadcrumbList\",\"@id\":\"https:\\\/\\\/www.allscore.de\\\/shop\\\/produkt\\\/geister-schocker-88-das-stille-volk\\\/#breadcrumb\",\"itemListElement\":[{\"@type\":\"ListItem\",\"position\":1,\"name\":\"Startseite\",\"item\":\"https:\\\/\\\/www.allscore.de\\\/shop\\\/\"},{\"@type\":\"ListItem\",\"position\":2,\"name\":\"Produkte\",\"item\":\"https:\\\/\\\/www.allscore.de\\\/shop\\\/shop\\\/\"},{\"@type\":\"ListItem\",\"position\":3,\"name\":\"Geister-Schocker 88: Das stille Volk\"}]},{\"@type\":\"WebSite\",\"@id\":\"https:\\\/\\\/www.allscore.de\\\/shop\\\/#website\",\"url\":\"https:\\\/\\\/www.allscore.de\\\/shop\\\/\",\"name\":\"Allscore Shop\",\"description\":\"All Score Media\",\"publisher\":{\"@id\":\"https:\\\/\\\/www.allscore.de\\\/shop\\\/#organization\"},\"potentialAction\":[{\"@type\":\"SearchAction\",\"target\":{\"@type\":\"EntryPoint\",\"urlTemplate\":\"https:\\\/\\\/www.allscore.de\\\/shop\\\/?s={search_term_string}\"},\"query-input\":{\"@type\":\"PropertyValueSpecification\",\"valueRequired\":true,\"valueName\":\"search_term_string\"}}],\"inLanguage\":\"de\"},{\"@type\":\"Organization\",\"@id\":\"https:\\\/\\\/www.allscore.de\\\/shop\\\/#organization\",\"name\":\"All Score Media\",\"alternateName\":\"Allscore\",\"url\":\"https:\\\/\\\/www.allscore.de\\\/shop\\\/\",\"logo\":{\"@type\":\"ImageObject\",\"inLanguage\":\"de\",\"@id\":\"https:\\\/\\\/www.allscore.de\\\/shop\\\/#\\\/schema\\\/logo\\\/image\\\/\",\"url\":\"https:\\\/\\\/www.allscore.de\\\/shop\\\/wp-content\\\/uploads\\\/2026\\\/01\\\/Logo_Yoast_Shop_2026.png\",\"contentUrl\":\"https:\\\/\\\/www.allscore.de\\\/shop\\\/wp-content\\\/uploads\\\/2026\\\/01\\\/Logo_Yoast_Shop_2026.png\",\"width\":696,\"height\":696,\"caption\":\"All Score Media\"},\"image\":{\"@id\":\"https:\\\/\\\/www.allscore.de\\\/shop\\\/#\\\/schema\\\/logo\\\/image\\\/\"}}]}<\/script>\n<!-- \/ Yoast SEO plugin. -->","yoast_head_json":{"title":"Geister-Schocker 88: Das stille Volk","description":"Geister-Schocker 88: Das stille Volk Inhalt: Familie Max nutzt die Gelegenheit, sich von ihrem stressigen Alltag zu erholen. Bei sch\u00f6nem Ausflugswetter","robots":{"index":"index","follow":"follow","max-snippet":"max-snippet:-1","max-image-preview":"max-image-preview:large","max-video-preview":"max-video-preview:-1"},"canonical":"https:\/\/www.allscore.de\/shop\/produkt\/geister-schocker-88-das-stille-volk\/","og_locale":"de_DE","og_type":"article","og_title":"Geister-Schocker 88: Das stille Volk","og_description":"Geister-Schocker 88: Das stille Volk Inhalt: Familie Max nutzt die Gelegenheit, sich von ihrem stressigen Alltag zu erholen. Bei sch\u00f6nem Ausflugswetter","og_url":"https:\/\/www.allscore.de\/shop\/produkt\/geister-schocker-88-das-stille-volk\/","og_site_name":"Allscore Shop","article_modified_time":"2026-01-05T19:07:06+00:00","og_image":[{"width":1200,"height":1200,"url":"https:\/\/www.allscore.de\/shop\/wp-content\/uploads\/2021\/03\/GS88_1200px.jpg","type":"image\/jpeg"}],"twitter_card":"summary_large_image","twitter_misc":{"Gesch\u00e4tzte Lesezeit":"1\u00a0Minute"},"schema":{"@context":"https:\/\/schema.org","@graph":[{"@type":"WebPage","@id":"https:\/\/www.allscore.de\/shop\/produkt\/geister-schocker-88-das-stille-volk\/","url":"https:\/\/www.allscore.de\/shop\/produkt\/geister-schocker-88-das-stille-volk\/","name":"Geister-Schocker 88: Das stille Volk","isPartOf":{"@id":"https:\/\/www.allscore.de\/shop\/#website"},"primaryImageOfPage":{"@id":"https:\/\/www.allscore.de\/shop\/produkt\/geister-schocker-88-das-stille-volk\/#primaryimage"},"image":{"@id":"https:\/\/www.allscore.de\/shop\/produkt\/geister-schocker-88-das-stille-volk\/#primaryimage"},"thumbnailUrl":"https:\/\/www.allscore.de\/shop\/wp-content\/uploads\/2021\/03\/GS88_1200px.jpg","datePublished":"2020-07-20T13:21:35+00:00","dateModified":"2026-01-05T19:07:06+00:00","description":"Geister-Schocker 88: Das stille Volk Inhalt: Familie Max nutzt die Gelegenheit, sich von ihrem stressigen Alltag zu erholen. Bei sch\u00f6nem Ausflugswetter","breadcrumb":{"@id":"https:\/\/www.allscore.de\/shop\/produkt\/geister-schocker-88-das-stille-volk\/#breadcrumb"},"inLanguage":"de","potentialAction":[{"@type":"ReadAction","target":["https:\/\/www.allscore.de\/shop\/produkt\/geister-schocker-88-das-stille-volk\/"]}]},{"@type":"ImageObject","inLanguage":"de","@id":"https:\/\/www.allscore.de\/shop\/produkt\/geister-schocker-88-das-stille-volk\/#primaryimage","url":"https:\/\/www.allscore.de\/shop\/wp-content\/uploads\/2021\/03\/GS88_1200px.jpg","contentUrl":"https:\/\/www.allscore.de\/shop\/wp-content\/uploads\/2021\/03\/GS88_1200px.jpg","width":1200,"height":1200,"caption":"Geister-Schocker (88): Das stille Volk"},{"@type":"BreadcrumbList","@id":"https:\/\/www.allscore.de\/shop\/produkt\/geister-schocker-88-das-stille-volk\/#breadcrumb","itemListElement":[{"@type":"ListItem","position":1,"name":"Startseite","item":"https:\/\/www.allscore.de\/shop\/"},{"@type":"ListItem","position":2,"name":"Produkte","item":"https:\/\/www.allscore.de\/shop\/shop\/"},{"@type":"ListItem","position":3,"name":"Geister-Schocker 88: Das stille Volk"}]},{"@type":"WebSite","@id":"https:\/\/www.allscore.de\/shop\/#website","url":"https:\/\/www.allscore.de\/shop\/","name":"Allscore Shop","description":"All Score Media","publisher":{"@id":"https:\/\/www.allscore.de\/shop\/#organization"},"potentialAction":[{"@type":"SearchAction","target":{"@type":"EntryPoint","urlTemplate":"https:\/\/www.allscore.de\/shop\/?s={search_term_string}"},"query-input":{"@type":"PropertyValueSpecification","valueRequired":true,"valueName":"search_term_string"}}],"inLanguage":"de"},{"@type":"Organization","@id":"https:\/\/www.allscore.de\/shop\/#organization","name":"All Score Media","alternateName":"Allscore","url":"https:\/\/www.allscore.de\/shop\/","logo":{"@type":"ImageObject","inLanguage":"de","@id":"https:\/\/www.allscore.de\/shop\/#\/schema\/logo\/image\/","url":"https:\/\/www.allscore.de\/shop\/wp-content\/uploads\/2026\/01\/Logo_Yoast_Shop_2026.png","contentUrl":"https:\/\/www.allscore.de\/shop\/wp-content\/uploads\/2026\/01\/Logo_Yoast_Shop_2026.png","width":696,"height":696,"caption":"All Score Media"},"image":{"@id":"https:\/\/www.allscore.de\/shop\/#\/schema\/logo\/image\/"}}]}},"_links":{"self":[{"href":"https:\/\/www.allscore.de\/shop\/wp-json\/wp\/v2\/product\/9678","targetHints":{"allow":["GET"]}}],"collection":[{"href":"https:\/\/www.allscore.de\/shop\/wp-json\/wp\/v2\/product"}],"about":[{"href":"https:\/\/www.allscore.de\/shop\/wp-json\/wp\/v2\/types\/product"}],"wp:featuredmedia":[{"embeddable":true,"href":"https:\/\/www.allscore.de\/shop\/wp-json\/wp\/v2\/media\/9398"}],"wp:attachment":[{"href":"https:\/\/www.allscore.de\/shop\/wp-json\/wp\/v2\/media?parent=9678"}],"wp:term":[{"taxonomy":"product_brand","embeddable":true,"href":"https:\/\/www.allscore.de\/shop\/wp-json\/wp\/v2\/product_brand?post=9678"},{"taxonomy":"product_cat","embeddable":true,"href":"https:\/\/www.allscore.de\/shop\/wp-json\/wp\/v2\/product_cat?post=9678"},{"taxonomy":"product_tag","embeddable":true,"href":"https:\/\/www.allscore.de\/shop\/wp-json\/wp\/v2\/product_tag?post=9678"}],"curies":[{"name":"wp","href":"https:\/\/api.w.org\/{rel}","templated":true}]}}