{"id":9676,"date":"2020-06-05T15:19:04","date_gmt":"2020-06-05T13:19:04","guid":{"rendered":"https:\/\/www.allscore.de\/shop\/?post_type=product&#038;p=9676"},"modified":"2025-08-28T13:48:50","modified_gmt":"2025-08-28T11:48:50","slug":"geister-schocker-87-land-der-lebenden-toten","status":"publish","type":"product","link":"https:\/\/www.allscore.de\/shop\/produkt\/geister-schocker-87-land-der-lebenden-toten\/","title":{"rendered":"Geister-Schocker 87: Land der lebenden Toten"},"content":{"rendered":"<p>Geister-Schocker 87: Land der lebenden Toten<\/p>\n<p><strong><u>Inhalt:<br \/>\n<\/u><\/strong>Nur mit knapper Not sind Laura Janssen, Dylan Christopher und Sam Ellis der Zombieh\u00f6lle Afrika entkommen. An Bord der Linienmaschine, die die drei Freunde zur\u00fcck in die USA bringen soll, treten bei einigen Passagieren, pl\u00f6tzlich merkw\u00fcrdige Krankheitsf\u00e4lle auf. Doch wie kann das sein? Der Virus war doch zerst\u00f6rt? Jetzt geht es f\u00fcr alle Beteiligten nur noch um das nackte \u00dcberleben, denn auch aus Washington und dem restlichen Land erreichen die drei Freunde grauenvolle Nachrichten \u2026<\/p>\n<p><strong><u>Sprecher:<br \/>\n<\/u><\/strong>Christoph Memmert, Martin Sabel, Markus Raab, Detlef Tams, Kerstin Draeger, Ingo Abel, Christiane Marx, Dagmar Bittner, G\u00fcnter Karl, Kim Hasper, Sven Matthias, Tanja Niehoff, Fabian Harloff, Boris Baumann, Werner Wilkening, Sascha Kr\u00fcger<\/p>\n<p><strong><u>Autor:<br \/>\n<\/u><\/strong>Markus Topf<\/p>\n","protected":false},"excerpt":{"rendered":"<p>Geister-Schocker 87: Land der lebenden Toten Inhalt: Nur mit knapper Not sind Laura Janssen, Dylan Christopher und Sam Ellis der Zombieh\u00f6lle Afrika entkommen. An Bord der Linienmaschine, die die drei Freunde zur\u00fcck in die USA bringen soll, treten bei einigen Passagieren, pl\u00f6tzlich merkw\u00fcrdige Krankheitsf\u00e4lle auf. Doch wie kann das sein? Der Virus war doch zerst\u00f6rt?&#8230;<\/p>\n<p><a rel=\"bookmark\" class=\"vonzot-button-simple wvc-button wvc-button-size-sm\" href=\"https:\/\/www.allscore.de\/shop\/produkt\/geister-schocker-87-land-der-lebenden-toten\/\"><span>Read more<\/span><\/a><\/p>\n","protected":false},"featured_media":9396,"template":"","meta":[],"product_brand":[],"product_cat":[74,72],"product_tag":[],"class_list":{"0":"post-9676","1":"product","2":"type-product","3":"status-publish","4":"has-post-thumbnail","6":"product_cat-geister-schocker","7":"product_cat-hoerspiele","8":"product_shipping_class-tontraeger-cd","9":"entry","10":"clearfix","11":"entry-grid","12":"entry-columns-3","13":"entry-product-module-layout-sidebar-right","14":"thumbnail-color-tone-dark","15":"entry-product","17":"entry-product-grid","19":"first","20":"instock","21":"sale","22":"taxable","23":"shipping-taxable","24":"purchasable","25":"product-type-simple"},"yoast_head":"<!-- This site is optimized with the Yoast SEO plugin v27.3 - https:\/\/yoast.com\/product\/yoast-seo-wordpress\/ -->\n<title>Geister-Schocker 87: Land der lebenden Toten<\/title>\n<meta name=\"description\" content=\"Geister-Schocker 87: Land der lebenden Toten Inhalt: Nur mit knapper Not sind Laura Janssen, Dylan Christopher und Sam Ellis der Zombieh\u00f6lle Afrika\" \/>\n<meta name=\"robots\" content=\"index, follow, max-snippet:-1, max-image-preview:large, max-video-preview:-1\" \/>\n<link rel=\"canonical\" href=\"https:\/\/www.allscore.de\/shop\/produkt\/geister-schocker-87-land-der-lebenden-toten\/\" \/>\n<meta property=\"og:locale\" content=\"de_DE\" \/>\n<meta property=\"og:type\" content=\"article\" \/>\n<meta property=\"og:title\" content=\"Geister-Schocker 87: Land der lebenden Toten\" \/>\n<meta property=\"og:description\" content=\"Geister-Schocker 87: Land der lebenden Toten Inhalt: Nur mit knapper Not sind Laura Janssen, Dylan Christopher und Sam Ellis der Zombieh\u00f6lle Afrika\" \/>\n<meta property=\"og:url\" content=\"https:\/\/www.allscore.de\/shop\/produkt\/geister-schocker-87-land-der-lebenden-toten\/\" \/>\n<meta property=\"og:site_name\" content=\"Allscore Shop\" \/>\n<meta property=\"article:modified_time\" content=\"2025-08-28T11:48:50+00:00\" \/>\n<meta property=\"og:image\" content=\"https:\/\/www.allscore.de\/shop\/wp-content\/uploads\/2021\/03\/GS87_1200px.jpg\" \/>\n\t<meta property=\"og:image:width\" content=\"1200\" \/>\n\t<meta property=\"og:image:height\" content=\"1200\" \/>\n\t<meta property=\"og:image:type\" content=\"image\/jpeg\" \/>\n<meta name=\"twitter:card\" content=\"summary_large_image\" \/>\n<meta name=\"twitter:label1\" content=\"Gesch\u00e4tzte Lesezeit\" \/>\n\t<meta name=\"twitter:data1\" content=\"1\u00a0Minute\" \/>\n<script type=\"application\/ld+json\" class=\"yoast-schema-graph\">{\"@context\":\"https:\\\/\\\/schema.org\",\"@graph\":[{\"@type\":\"WebPage\",\"@id\":\"https:\\\/\\\/www.allscore.de\\\/shop\\\/produkt\\\/geister-schocker-87-land-der-lebenden-toten\\\/\",\"url\":\"https:\\\/\\\/www.allscore.de\\\/shop\\\/produkt\\\/geister-schocker-87-land-der-lebenden-toten\\\/\",\"name\":\"Geister-Schocker 87: Land der lebenden Toten\",\"isPartOf\":{\"@id\":\"https:\\\/\\\/www.allscore.de\\\/shop\\\/#website\"},\"primaryImageOfPage\":{\"@id\":\"https:\\\/\\\/www.allscore.de\\\/shop\\\/produkt\\\/geister-schocker-87-land-der-lebenden-toten\\\/#primaryimage\"},\"image\":{\"@id\":\"https:\\\/\\\/www.allscore.de\\\/shop\\\/produkt\\\/geister-schocker-87-land-der-lebenden-toten\\\/#primaryimage\"},\"thumbnailUrl\":\"https:\\\/\\\/www.allscore.de\\\/shop\\\/wp-content\\\/uploads\\\/2021\\\/03\\\/GS87_1200px.jpg\",\"datePublished\":\"2020-06-05T13:19:04+00:00\",\"dateModified\":\"2025-08-28T11:48:50+00:00\",\"description\":\"Geister-Schocker 87: Land der lebenden Toten Inhalt: Nur mit knapper Not sind Laura Janssen, Dylan Christopher und Sam Ellis der Zombieh\u00f6lle Afrika\",\"breadcrumb\":{\"@id\":\"https:\\\/\\\/www.allscore.de\\\/shop\\\/produkt\\\/geister-schocker-87-land-der-lebenden-toten\\\/#breadcrumb\"},\"inLanguage\":\"de\",\"potentialAction\":[{\"@type\":\"ReadAction\",\"target\":[\"https:\\\/\\\/www.allscore.de\\\/shop\\\/produkt\\\/geister-schocker-87-land-der-lebenden-toten\\\/\"]}]},{\"@type\":\"ImageObject\",\"inLanguage\":\"de\",\"@id\":\"https:\\\/\\\/www.allscore.de\\\/shop\\\/produkt\\\/geister-schocker-87-land-der-lebenden-toten\\\/#primaryimage\",\"url\":\"https:\\\/\\\/www.allscore.de\\\/shop\\\/wp-content\\\/uploads\\\/2021\\\/03\\\/GS87_1200px.jpg\",\"contentUrl\":\"https:\\\/\\\/www.allscore.de\\\/shop\\\/wp-content\\\/uploads\\\/2021\\\/03\\\/GS87_1200px.jpg\",\"width\":1200,\"height\":1200,\"caption\":\"Geister-Schocker (87): Land der lebenden Toten\"},{\"@type\":\"BreadcrumbList\",\"@id\":\"https:\\\/\\\/www.allscore.de\\\/shop\\\/produkt\\\/geister-schocker-87-land-der-lebenden-toten\\\/#breadcrumb\",\"itemListElement\":[{\"@type\":\"ListItem\",\"position\":1,\"name\":\"Startseite\",\"item\":\"https:\\\/\\\/www.allscore.de\\\/shop\\\/\"},{\"@type\":\"ListItem\",\"position\":2,\"name\":\"Produkte\",\"item\":\"https:\\\/\\\/www.allscore.de\\\/shop\\\/shop\\\/\"},{\"@type\":\"ListItem\",\"position\":3,\"name\":\"Geister-Schocker 87: Land der lebenden Toten\"}]},{\"@type\":\"WebSite\",\"@id\":\"https:\\\/\\\/www.allscore.de\\\/shop\\\/#website\",\"url\":\"https:\\\/\\\/www.allscore.de\\\/shop\\\/\",\"name\":\"Allscore Shop\",\"description\":\"All Score Media\",\"publisher\":{\"@id\":\"https:\\\/\\\/www.allscore.de\\\/shop\\\/#organization\"},\"potentialAction\":[{\"@type\":\"SearchAction\",\"target\":{\"@type\":\"EntryPoint\",\"urlTemplate\":\"https:\\\/\\\/www.allscore.de\\\/shop\\\/?s={search_term_string}\"},\"query-input\":{\"@type\":\"PropertyValueSpecification\",\"valueRequired\":true,\"valueName\":\"search_term_string\"}}],\"inLanguage\":\"de\"},{\"@type\":\"Organization\",\"@id\":\"https:\\\/\\\/www.allscore.de\\\/shop\\\/#organization\",\"name\":\"All Score Media\",\"alternateName\":\"Allscore\",\"url\":\"https:\\\/\\\/www.allscore.de\\\/shop\\\/\",\"logo\":{\"@type\":\"ImageObject\",\"inLanguage\":\"de\",\"@id\":\"https:\\\/\\\/www.allscore.de\\\/shop\\\/#\\\/schema\\\/logo\\\/image\\\/\",\"url\":\"https:\\\/\\\/www.allscore.de\\\/shop\\\/wp-content\\\/uploads\\\/2026\\\/01\\\/Logo_Yoast_Shop_2026.png\",\"contentUrl\":\"https:\\\/\\\/www.allscore.de\\\/shop\\\/wp-content\\\/uploads\\\/2026\\\/01\\\/Logo_Yoast_Shop_2026.png\",\"width\":696,\"height\":696,\"caption\":\"All Score Media\"},\"image\":{\"@id\":\"https:\\\/\\\/www.allscore.de\\\/shop\\\/#\\\/schema\\\/logo\\\/image\\\/\"}}]}<\/script>\n<!-- \/ Yoast SEO plugin. -->","yoast_head_json":{"title":"Geister-Schocker 87: Land der lebenden Toten","description":"Geister-Schocker 87: Land der lebenden Toten Inhalt: Nur mit knapper Not sind Laura Janssen, Dylan Christopher und Sam Ellis der Zombieh\u00f6lle Afrika","robots":{"index":"index","follow":"follow","max-snippet":"max-snippet:-1","max-image-preview":"max-image-preview:large","max-video-preview":"max-video-preview:-1"},"canonical":"https:\/\/www.allscore.de\/shop\/produkt\/geister-schocker-87-land-der-lebenden-toten\/","og_locale":"de_DE","og_type":"article","og_title":"Geister-Schocker 87: Land der lebenden Toten","og_description":"Geister-Schocker 87: Land der lebenden Toten Inhalt: Nur mit knapper Not sind Laura Janssen, Dylan Christopher und Sam Ellis der Zombieh\u00f6lle Afrika","og_url":"https:\/\/www.allscore.de\/shop\/produkt\/geister-schocker-87-land-der-lebenden-toten\/","og_site_name":"Allscore Shop","article_modified_time":"2025-08-28T11:48:50+00:00","og_image":[{"width":1200,"height":1200,"url":"https:\/\/www.allscore.de\/shop\/wp-content\/uploads\/2021\/03\/GS87_1200px.jpg","type":"image\/jpeg"}],"twitter_card":"summary_large_image","twitter_misc":{"Gesch\u00e4tzte Lesezeit":"1\u00a0Minute"},"schema":{"@context":"https:\/\/schema.org","@graph":[{"@type":"WebPage","@id":"https:\/\/www.allscore.de\/shop\/produkt\/geister-schocker-87-land-der-lebenden-toten\/","url":"https:\/\/www.allscore.de\/shop\/produkt\/geister-schocker-87-land-der-lebenden-toten\/","name":"Geister-Schocker 87: Land der lebenden Toten","isPartOf":{"@id":"https:\/\/www.allscore.de\/shop\/#website"},"primaryImageOfPage":{"@id":"https:\/\/www.allscore.de\/shop\/produkt\/geister-schocker-87-land-der-lebenden-toten\/#primaryimage"},"image":{"@id":"https:\/\/www.allscore.de\/shop\/produkt\/geister-schocker-87-land-der-lebenden-toten\/#primaryimage"},"thumbnailUrl":"https:\/\/www.allscore.de\/shop\/wp-content\/uploads\/2021\/03\/GS87_1200px.jpg","datePublished":"2020-06-05T13:19:04+00:00","dateModified":"2025-08-28T11:48:50+00:00","description":"Geister-Schocker 87: Land der lebenden Toten Inhalt: Nur mit knapper Not sind Laura Janssen, Dylan Christopher und Sam Ellis der Zombieh\u00f6lle Afrika","breadcrumb":{"@id":"https:\/\/www.allscore.de\/shop\/produkt\/geister-schocker-87-land-der-lebenden-toten\/#breadcrumb"},"inLanguage":"de","potentialAction":[{"@type":"ReadAction","target":["https:\/\/www.allscore.de\/shop\/produkt\/geister-schocker-87-land-der-lebenden-toten\/"]}]},{"@type":"ImageObject","inLanguage":"de","@id":"https:\/\/www.allscore.de\/shop\/produkt\/geister-schocker-87-land-der-lebenden-toten\/#primaryimage","url":"https:\/\/www.allscore.de\/shop\/wp-content\/uploads\/2021\/03\/GS87_1200px.jpg","contentUrl":"https:\/\/www.allscore.de\/shop\/wp-content\/uploads\/2021\/03\/GS87_1200px.jpg","width":1200,"height":1200,"caption":"Geister-Schocker (87): Land der lebenden Toten"},{"@type":"BreadcrumbList","@id":"https:\/\/www.allscore.de\/shop\/produkt\/geister-schocker-87-land-der-lebenden-toten\/#breadcrumb","itemListElement":[{"@type":"ListItem","position":1,"name":"Startseite","item":"https:\/\/www.allscore.de\/shop\/"},{"@type":"ListItem","position":2,"name":"Produkte","item":"https:\/\/www.allscore.de\/shop\/shop\/"},{"@type":"ListItem","position":3,"name":"Geister-Schocker 87: Land der lebenden Toten"}]},{"@type":"WebSite","@id":"https:\/\/www.allscore.de\/shop\/#website","url":"https:\/\/www.allscore.de\/shop\/","name":"Allscore Shop","description":"All Score Media","publisher":{"@id":"https:\/\/www.allscore.de\/shop\/#organization"},"potentialAction":[{"@type":"SearchAction","target":{"@type":"EntryPoint","urlTemplate":"https:\/\/www.allscore.de\/shop\/?s={search_term_string}"},"query-input":{"@type":"PropertyValueSpecification","valueRequired":true,"valueName":"search_term_string"}}],"inLanguage":"de"},{"@type":"Organization","@id":"https:\/\/www.allscore.de\/shop\/#organization","name":"All Score Media","alternateName":"Allscore","url":"https:\/\/www.allscore.de\/shop\/","logo":{"@type":"ImageObject","inLanguage":"de","@id":"https:\/\/www.allscore.de\/shop\/#\/schema\/logo\/image\/","url":"https:\/\/www.allscore.de\/shop\/wp-content\/uploads\/2026\/01\/Logo_Yoast_Shop_2026.png","contentUrl":"https:\/\/www.allscore.de\/shop\/wp-content\/uploads\/2026\/01\/Logo_Yoast_Shop_2026.png","width":696,"height":696,"caption":"All Score Media"},"image":{"@id":"https:\/\/www.allscore.de\/shop\/#\/schema\/logo\/image\/"}}]}},"_links":{"self":[{"href":"https:\/\/www.allscore.de\/shop\/wp-json\/wp\/v2\/product\/9676","targetHints":{"allow":["GET"]}}],"collection":[{"href":"https:\/\/www.allscore.de\/shop\/wp-json\/wp\/v2\/product"}],"about":[{"href":"https:\/\/www.allscore.de\/shop\/wp-json\/wp\/v2\/types\/product"}],"wp:featuredmedia":[{"embeddable":true,"href":"https:\/\/www.allscore.de\/shop\/wp-json\/wp\/v2\/media\/9396"}],"wp:attachment":[{"href":"https:\/\/www.allscore.de\/shop\/wp-json\/wp\/v2\/media?parent=9676"}],"wp:term":[{"taxonomy":"product_brand","embeddable":true,"href":"https:\/\/www.allscore.de\/shop\/wp-json\/wp\/v2\/product_brand?post=9676"},{"taxonomy":"product_cat","embeddable":true,"href":"https:\/\/www.allscore.de\/shop\/wp-json\/wp\/v2\/product_cat?post=9676"},{"taxonomy":"product_tag","embeddable":true,"href":"https:\/\/www.allscore.de\/shop\/wp-json\/wp\/v2\/product_tag?post=9676"}],"curies":[{"name":"wp","href":"https:\/\/api.w.org\/{rel}","templated":true}]}}