{"id":9668,"date":"2019-05-24T14:46:26","date_gmt":"2019-05-24T12:46:26","guid":{"rendered":"https:\/\/www.allscore.de\/shop\/?post_type=product&#038;p=9668"},"modified":"2026-01-13T00:36:30","modified_gmt":"2026-01-12T23:36:30","slug":"geister-schocker-81-das-unsichtbare-grauen","status":"publish","type":"product","link":"https:\/\/www.allscore.de\/shop\/produkt\/geister-schocker-81-das-unsichtbare-grauen\/","title":{"rendered":"Geister-Schocker 81: Das unsichtbare Grauen"},"content":{"rendered":"<p>Geister-Schocker 81: Das unsichtbare Grauen<\/p>\n<p><strong><u>Inhalt:<br \/>\n<\/u><\/strong>Frank Hilliard war so in Bewunderung f\u00fcr Mrs. Ruth Poole versunken, dass er nur Augen f\u00fcr ihren gertenschlanken K\u00f6rper mit den vollen Br\u00fcsten hatte. Daher fiel ihm gar nicht auf, dass sie pl\u00f6tz\u00adlich im Satz verstummte. Erst ihr schril\u00adler, nervenzerfetzender Schrei riss ihn aus seinen Gedanken. Sein Kopf ruckte herum. Erschrocken starrte er die Frau an, in deren Augen blankes Entsetzen stand. Schon \u00f6ffnete er den Mund, um nach dem Grund f\u00fcr ihre pani\u00adsche Angst zu fragen, als sein Blick auf seine linke Hand fiel &#8211; auf die Stelle, an der er einmal eine Hand gehabt hatte! Im Saal brach eine Panik aus. Die Men\u00adschen wurden von Grauen vor dem Unbe\u00adgreiflichen gepackt. In wilder Hast flohen sie aus seiner N\u00e4he, als h\u00e4tte er eine ansteckende Krankheit. Der blutrote Armstumpf ragte ankla\u00adgend in die Luft, ohne dass er es wahrnahm. Eine tiefe Ohnmacht hatte ihn erl\u00f6st &#8211; wenigstens vor\u00fcbergehend. Das Schlimmste stand ihm aber noch bevor. Das unsichtbare Grauen! Ein neuer Fall f\u00fcr Rick Masters \u2026<\/p>\n<p><strong><u>Sprecher:<br \/>\n<\/u><\/strong>Patrick Bach, Reent Reins, Sonja Schreiber, Christiane Marx, Kim Hasper, Sascha Rotermund, Boris Baumann, Michael Gerdes, Matthias Ubert, G\u00fcnter Karl, Viktor Hacker, Dagmar Bittner, Michael Gerdes, Kerstin Draeger, Sonita Sodhi<\/p>\n<p><strong><u>Autor:<br \/>\n<\/u><\/strong>Andrew Hathaway<\/p>\n","protected":false},"excerpt":{"rendered":"<p>Geister-Schocker 81: Das unsichtbare Grauen Inhalt: Frank Hilliard war so in Bewunderung f\u00fcr Mrs. Ruth Poole versunken, dass er nur Augen f\u00fcr ihren gertenschlanken K\u00f6rper mit den vollen Br\u00fcsten hatte. Daher fiel ihm gar nicht auf, dass sie pl\u00f6tz\u00adlich im Satz verstummte. Erst ihr schril\u00adler, nervenzerfetzender Schrei riss ihn aus seinen Gedanken. Sein Kopf ruckte&#8230;<\/p>\n<p><a rel=\"bookmark\" class=\"vonzot-button-simple wvc-button wvc-button-size-sm\" href=\"https:\/\/www.allscore.de\/shop\/produkt\/geister-schocker-81-das-unsichtbare-grauen\/\"><span>Read more<\/span><\/a><\/p>\n","protected":false},"featured_media":9388,"template":"","meta":[],"product_brand":[],"product_cat":[74,72],"product_tag":[],"class_list":{"0":"post-9668","1":"product","2":"type-product","3":"status-publish","4":"has-post-thumbnail","6":"product_cat-geister-schocker","7":"product_cat-hoerspiele","8":"product_shipping_class-tontraeger-cd","9":"entry","10":"clearfix","11":"entry-grid","12":"entry-columns-3","13":"entry-product-module-layout-sidebar-right","14":"thumbnail-color-tone-dark","15":"entry-product","17":"entry-product-grid","19":"first","20":"instock","21":"sale","22":"taxable","23":"shipping-taxable","24":"purchasable","25":"product-type-simple"},"yoast_head":"<!-- This site is optimized with the Yoast SEO plugin v27.4 - https:\/\/yoast.com\/product\/yoast-seo-wordpress\/ -->\n<title>Geister-Schocker 81: Das unsichtbare Grauen<\/title>\n<meta name=\"description\" content=\"Geister-Schocker 81: Das unsichtbare Grauen Inhalt: Frank Hilliard war so in Bewunderung f\u00fcr Mrs. Ruth Poole versunken, dass er nur Augen f\u00fcr ihren\" \/>\n<meta name=\"robots\" content=\"index, follow, max-snippet:-1, max-image-preview:large, max-video-preview:-1\" \/>\n<link rel=\"canonical\" href=\"https:\/\/www.allscore.de\/shop\/produkt\/geister-schocker-81-das-unsichtbare-grauen\/\" \/>\n<meta property=\"og:locale\" content=\"de_DE\" \/>\n<meta property=\"og:type\" content=\"article\" \/>\n<meta property=\"og:title\" content=\"Geister-Schocker 81: Das unsichtbare Grauen\" \/>\n<meta property=\"og:description\" content=\"Geister-Schocker 81: Das unsichtbare Grauen Inhalt: Frank Hilliard war so in Bewunderung f\u00fcr Mrs. Ruth Poole versunken, dass er nur Augen f\u00fcr ihren\" \/>\n<meta property=\"og:url\" content=\"https:\/\/www.allscore.de\/shop\/produkt\/geister-schocker-81-das-unsichtbare-grauen\/\" \/>\n<meta property=\"og:site_name\" content=\"Allscore Shop\" \/>\n<meta property=\"article:modified_time\" content=\"2026-01-12T23:36:30+00:00\" \/>\n<meta property=\"og:image\" content=\"https:\/\/www.allscore.de\/shop\/wp-content\/uploads\/2021\/03\/GS81_1000px.jpg\" \/>\n\t<meta property=\"og:image:width\" content=\"1000\" \/>\n\t<meta property=\"og:image:height\" content=\"1000\" \/>\n\t<meta property=\"og:image:type\" content=\"image\/jpeg\" \/>\n<meta name=\"twitter:card\" content=\"summary_large_image\" \/>\n<script type=\"application\/ld+json\" class=\"yoast-schema-graph\">{\"@context\":\"https:\\\/\\\/schema.org\",\"@graph\":[{\"@type\":\"WebPage\",\"@id\":\"https:\\\/\\\/www.allscore.de\\\/shop\\\/produkt\\\/geister-schocker-81-das-unsichtbare-grauen\\\/\",\"url\":\"https:\\\/\\\/www.allscore.de\\\/shop\\\/produkt\\\/geister-schocker-81-das-unsichtbare-grauen\\\/\",\"name\":\"Geister-Schocker 81: Das unsichtbare Grauen\",\"isPartOf\":{\"@id\":\"https:\\\/\\\/www.allscore.de\\\/shop\\\/#website\"},\"primaryImageOfPage\":{\"@id\":\"https:\\\/\\\/www.allscore.de\\\/shop\\\/produkt\\\/geister-schocker-81-das-unsichtbare-grauen\\\/#primaryimage\"},\"image\":{\"@id\":\"https:\\\/\\\/www.allscore.de\\\/shop\\\/produkt\\\/geister-schocker-81-das-unsichtbare-grauen\\\/#primaryimage\"},\"thumbnailUrl\":\"https:\\\/\\\/www.allscore.de\\\/shop\\\/wp-content\\\/uploads\\\/2021\\\/03\\\/GS81_1000px.jpg\",\"datePublished\":\"2019-05-24T12:46:26+00:00\",\"dateModified\":\"2026-01-12T23:36:30+00:00\",\"description\":\"Geister-Schocker 81: Das unsichtbare Grauen Inhalt: Frank Hilliard war so in Bewunderung f\u00fcr Mrs. Ruth Poole versunken, dass er nur Augen f\u00fcr ihren\",\"breadcrumb\":{\"@id\":\"https:\\\/\\\/www.allscore.de\\\/shop\\\/produkt\\\/geister-schocker-81-das-unsichtbare-grauen\\\/#breadcrumb\"},\"inLanguage\":\"de\",\"potentialAction\":[{\"@type\":\"ReadAction\",\"target\":[\"https:\\\/\\\/www.allscore.de\\\/shop\\\/produkt\\\/geister-schocker-81-das-unsichtbare-grauen\\\/\"]}]},{\"@type\":\"ImageObject\",\"inLanguage\":\"de\",\"@id\":\"https:\\\/\\\/www.allscore.de\\\/shop\\\/produkt\\\/geister-schocker-81-das-unsichtbare-grauen\\\/#primaryimage\",\"url\":\"https:\\\/\\\/www.allscore.de\\\/shop\\\/wp-content\\\/uploads\\\/2021\\\/03\\\/GS81_1000px.jpg\",\"contentUrl\":\"https:\\\/\\\/www.allscore.de\\\/shop\\\/wp-content\\\/uploads\\\/2021\\\/03\\\/GS81_1000px.jpg\",\"width\":1000,\"height\":1000,\"caption\":\"Geister-Schocker (81): Das unsichtbare Grauen\"},{\"@type\":\"BreadcrumbList\",\"@id\":\"https:\\\/\\\/www.allscore.de\\\/shop\\\/produkt\\\/geister-schocker-81-das-unsichtbare-grauen\\\/#breadcrumb\",\"itemListElement\":[{\"@type\":\"ListItem\",\"position\":1,\"name\":\"Startseite\",\"item\":\"https:\\\/\\\/www.allscore.de\\\/shop\\\/\"},{\"@type\":\"ListItem\",\"position\":2,\"name\":\"Produkte\",\"item\":\"https:\\\/\\\/www.allscore.de\\\/shop\\\/shop\\\/\"},{\"@type\":\"ListItem\",\"position\":3,\"name\":\"Geister-Schocker 81: Das unsichtbare Grauen\"}]},{\"@type\":\"WebSite\",\"@id\":\"https:\\\/\\\/www.allscore.de\\\/shop\\\/#website\",\"url\":\"https:\\\/\\\/www.allscore.de\\\/shop\\\/\",\"name\":\"Allscore Shop\",\"description\":\"All Score Media\",\"publisher\":{\"@id\":\"https:\\\/\\\/www.allscore.de\\\/shop\\\/#organization\"},\"potentialAction\":[{\"@type\":\"SearchAction\",\"target\":{\"@type\":\"EntryPoint\",\"urlTemplate\":\"https:\\\/\\\/www.allscore.de\\\/shop\\\/?s={search_term_string}\"},\"query-input\":{\"@type\":\"PropertyValueSpecification\",\"valueRequired\":true,\"valueName\":\"search_term_string\"}}],\"inLanguage\":\"de\"},{\"@type\":\"Organization\",\"@id\":\"https:\\\/\\\/www.allscore.de\\\/shop\\\/#organization\",\"name\":\"All Score Media\",\"alternateName\":\"Allscore\",\"url\":\"https:\\\/\\\/www.allscore.de\\\/shop\\\/\",\"logo\":{\"@type\":\"ImageObject\",\"inLanguage\":\"de\",\"@id\":\"https:\\\/\\\/www.allscore.de\\\/shop\\\/#\\\/schema\\\/logo\\\/image\\\/\",\"url\":\"https:\\\/\\\/www.allscore.de\\\/shop\\\/wp-content\\\/uploads\\\/2026\\\/01\\\/Logo_Yoast_Shop_2026.png\",\"contentUrl\":\"https:\\\/\\\/www.allscore.de\\\/shop\\\/wp-content\\\/uploads\\\/2026\\\/01\\\/Logo_Yoast_Shop_2026.png\",\"width\":696,\"height\":696,\"caption\":\"All Score Media\"},\"image\":{\"@id\":\"https:\\\/\\\/www.allscore.de\\\/shop\\\/#\\\/schema\\\/logo\\\/image\\\/\"}}]}<\/script>\n<!-- \/ Yoast SEO plugin. -->","yoast_head_json":{"title":"Geister-Schocker 81: Das unsichtbare Grauen","description":"Geister-Schocker 81: Das unsichtbare Grauen Inhalt: Frank Hilliard war so in Bewunderung f\u00fcr Mrs. Ruth Poole versunken, dass er nur Augen f\u00fcr ihren","robots":{"index":"index","follow":"follow","max-snippet":"max-snippet:-1","max-image-preview":"max-image-preview:large","max-video-preview":"max-video-preview:-1"},"canonical":"https:\/\/www.allscore.de\/shop\/produkt\/geister-schocker-81-das-unsichtbare-grauen\/","og_locale":"de_DE","og_type":"article","og_title":"Geister-Schocker 81: Das unsichtbare Grauen","og_description":"Geister-Schocker 81: Das unsichtbare Grauen Inhalt: Frank Hilliard war so in Bewunderung f\u00fcr Mrs. Ruth Poole versunken, dass er nur Augen f\u00fcr ihren","og_url":"https:\/\/www.allscore.de\/shop\/produkt\/geister-schocker-81-das-unsichtbare-grauen\/","og_site_name":"Allscore Shop","article_modified_time":"2026-01-12T23:36:30+00:00","og_image":[{"width":1000,"height":1000,"url":"https:\/\/www.allscore.de\/shop\/wp-content\/uploads\/2021\/03\/GS81_1000px.jpg","type":"image\/jpeg"}],"twitter_card":"summary_large_image","schema":{"@context":"https:\/\/schema.org","@graph":[{"@type":"WebPage","@id":"https:\/\/www.allscore.de\/shop\/produkt\/geister-schocker-81-das-unsichtbare-grauen\/","url":"https:\/\/www.allscore.de\/shop\/produkt\/geister-schocker-81-das-unsichtbare-grauen\/","name":"Geister-Schocker 81: Das unsichtbare Grauen","isPartOf":{"@id":"https:\/\/www.allscore.de\/shop\/#website"},"primaryImageOfPage":{"@id":"https:\/\/www.allscore.de\/shop\/produkt\/geister-schocker-81-das-unsichtbare-grauen\/#primaryimage"},"image":{"@id":"https:\/\/www.allscore.de\/shop\/produkt\/geister-schocker-81-das-unsichtbare-grauen\/#primaryimage"},"thumbnailUrl":"https:\/\/www.allscore.de\/shop\/wp-content\/uploads\/2021\/03\/GS81_1000px.jpg","datePublished":"2019-05-24T12:46:26+00:00","dateModified":"2026-01-12T23:36:30+00:00","description":"Geister-Schocker 81: Das unsichtbare Grauen Inhalt: Frank Hilliard war so in Bewunderung f\u00fcr Mrs. Ruth Poole versunken, dass er nur Augen f\u00fcr ihren","breadcrumb":{"@id":"https:\/\/www.allscore.de\/shop\/produkt\/geister-schocker-81-das-unsichtbare-grauen\/#breadcrumb"},"inLanguage":"de","potentialAction":[{"@type":"ReadAction","target":["https:\/\/www.allscore.de\/shop\/produkt\/geister-schocker-81-das-unsichtbare-grauen\/"]}]},{"@type":"ImageObject","inLanguage":"de","@id":"https:\/\/www.allscore.de\/shop\/produkt\/geister-schocker-81-das-unsichtbare-grauen\/#primaryimage","url":"https:\/\/www.allscore.de\/shop\/wp-content\/uploads\/2021\/03\/GS81_1000px.jpg","contentUrl":"https:\/\/www.allscore.de\/shop\/wp-content\/uploads\/2021\/03\/GS81_1000px.jpg","width":1000,"height":1000,"caption":"Geister-Schocker (81): Das unsichtbare Grauen"},{"@type":"BreadcrumbList","@id":"https:\/\/www.allscore.de\/shop\/produkt\/geister-schocker-81-das-unsichtbare-grauen\/#breadcrumb","itemListElement":[{"@type":"ListItem","position":1,"name":"Startseite","item":"https:\/\/www.allscore.de\/shop\/"},{"@type":"ListItem","position":2,"name":"Produkte","item":"https:\/\/www.allscore.de\/shop\/shop\/"},{"@type":"ListItem","position":3,"name":"Geister-Schocker 81: Das unsichtbare Grauen"}]},{"@type":"WebSite","@id":"https:\/\/www.allscore.de\/shop\/#website","url":"https:\/\/www.allscore.de\/shop\/","name":"Allscore Shop","description":"All Score Media","publisher":{"@id":"https:\/\/www.allscore.de\/shop\/#organization"},"potentialAction":[{"@type":"SearchAction","target":{"@type":"EntryPoint","urlTemplate":"https:\/\/www.allscore.de\/shop\/?s={search_term_string}"},"query-input":{"@type":"PropertyValueSpecification","valueRequired":true,"valueName":"search_term_string"}}],"inLanguage":"de"},{"@type":"Organization","@id":"https:\/\/www.allscore.de\/shop\/#organization","name":"All Score Media","alternateName":"Allscore","url":"https:\/\/www.allscore.de\/shop\/","logo":{"@type":"ImageObject","inLanguage":"de","@id":"https:\/\/www.allscore.de\/shop\/#\/schema\/logo\/image\/","url":"https:\/\/www.allscore.de\/shop\/wp-content\/uploads\/2026\/01\/Logo_Yoast_Shop_2026.png","contentUrl":"https:\/\/www.allscore.de\/shop\/wp-content\/uploads\/2026\/01\/Logo_Yoast_Shop_2026.png","width":696,"height":696,"caption":"All Score Media"},"image":{"@id":"https:\/\/www.allscore.de\/shop\/#\/schema\/logo\/image\/"}}]}},"_links":{"self":[{"href":"https:\/\/www.allscore.de\/shop\/wp-json\/wp\/v2\/product\/9668","targetHints":{"allow":["GET"]}}],"collection":[{"href":"https:\/\/www.allscore.de\/shop\/wp-json\/wp\/v2\/product"}],"about":[{"href":"https:\/\/www.allscore.de\/shop\/wp-json\/wp\/v2\/types\/product"}],"wp:featuredmedia":[{"embeddable":true,"href":"https:\/\/www.allscore.de\/shop\/wp-json\/wp\/v2\/media\/9388"}],"wp:attachment":[{"href":"https:\/\/www.allscore.de\/shop\/wp-json\/wp\/v2\/media?parent=9668"}],"wp:term":[{"taxonomy":"product_brand","embeddable":true,"href":"https:\/\/www.allscore.de\/shop\/wp-json\/wp\/v2\/product_brand?post=9668"},{"taxonomy":"product_cat","embeddable":true,"href":"https:\/\/www.allscore.de\/shop\/wp-json\/wp\/v2\/product_cat?post=9668"},{"taxonomy":"product_tag","embeddable":true,"href":"https:\/\/www.allscore.de\/shop\/wp-json\/wp\/v2\/product_tag?post=9668"}],"curies":[{"name":"wp","href":"https:\/\/api.w.org\/{rel}","templated":true}]}}