{"id":9658,"date":"2018-07-27T14:36:22","date_gmt":"2018-07-27T12:36:22","guid":{"rendered":"https:\/\/www.allscore.de\/shop\/?post_type=product&#038;p=9658"},"modified":"2025-08-27T18:50:24","modified_gmt":"2025-08-27T16:50:24","slug":"geister-schocker-76-kreuzfahrt-in-die-hoelle","status":"publish","type":"product","link":"https:\/\/www.allscore.de\/shop\/produkt\/geister-schocker-76-kreuzfahrt-in-die-hoelle\/","title":{"rendered":"Geister-Schocker 76: Kreuzfahrt in die H\u00f6lle"},"content":{"rendered":"<p>Geister-Schocker 76: Kreuzfahrt in die H\u00f6lle<\/p>\n<p><strong><u>Inhalt:<br \/>\n<\/u><\/strong>San Cristobal, Galapagos-Inseln. Montag, 3. August, 12.00 Uhr. Niemand der zweihundertf\u00fcnfzig Passagiere der SARDONIA achtete auf die drei M\u00e4nner, die in letzter Minute an Bord gingen. Auch die Besatzung war ahnungslos, wer den Luxuskreuzer betrat. Nur der Kapit\u00e4n war eingeweiht. Unbehaglich blickte er den Neuank\u00f6mmlingen entgegen. Schlie\u00dflich war einer von ihnen ein gef\u00e4hrlicher M\u00f6rder. Der Kapit\u00e4n \u00fcbernahm es pers\u00f6nlich, gemeinsam mit seinem Zahlmeister den ungebetenen Fahrg\u00e4sten ihre Kabine zu zeigen. Noch lag die SARDONIA im Hafen von San Cristobal. Noch h\u00e4tte der Kapit\u00e4n sich und sein Schiff vor dem drohenden Unheil bewahren k\u00f6nnen. Doch p\u00fcnktlich um 12.30 Uhr gab er den Befehl zum Auslaufen. Das Verh\u00e4ngnis war nicht mehr aufzuhalten. Die M\u00e4chte der Finsternis und des B\u00f6sen griffen nach der SARDONIA \u2026<\/p>\n<p><strong><u>Sprecher:<br \/>\n<\/u><\/strong>Alexander Doering, Martin Kessler, Tanja Geke, Tim Knauer, Dirk Hardegen, J\u00f6rg Adae, Wolfgang Strauss, Marius Claren, Helmut Gauss, Jo Jung, David Russel, Bernd Stumpf, Marc Sch\u00fclert, Tom Steinbrecher<\/p>\n<p><strong><u>Autor:<\/u><\/strong><br \/>\nBob Collins<\/p>\n","protected":false},"excerpt":{"rendered":"<p>Geister-Schocker 76: Kreuzfahrt in die H\u00f6lle Inhalt: San Cristobal, Galapagos-Inseln. Montag, 3. August, 12.00 Uhr. Niemand der zweihundertf\u00fcnfzig Passagiere der SARDONIA achtete auf die drei M\u00e4nner, die in letzter Minute an Bord gingen. Auch die Besatzung war ahnungslos, wer den Luxuskreuzer betrat. Nur der Kapit\u00e4n war eingeweiht. Unbehaglich blickte er den Neuank\u00f6mmlingen entgegen. Schlie\u00dflich war&#8230;<\/p>\n<p><a rel=\"bookmark\" class=\"vonzot-button-simple wvc-button wvc-button-size-sm\" href=\"https:\/\/www.allscore.de\/shop\/produkt\/geister-schocker-76-kreuzfahrt-in-die-hoelle\/\"><span>Read more<\/span><\/a><\/p>\n","protected":false},"featured_media":9378,"template":"","meta":[],"product_brand":[],"product_cat":[74,72],"product_tag":[],"class_list":{"0":"post-9658","1":"product","2":"type-product","3":"status-publish","4":"has-post-thumbnail","6":"product_cat-geister-schocker","7":"product_cat-hoerspiele","8":"product_shipping_class-tontraeger-cd","9":"entry","10":"clearfix","11":"entry-grid","12":"entry-columns-3","13":"entry-product-module-layout-sidebar-right","14":"thumbnail-color-tone-dark","15":"entry-product","17":"entry-product-grid","19":"first","20":"instock","21":"sale","22":"taxable","23":"shipping-taxable","24":"purchasable","25":"product-type-simple"},"yoast_head":"<!-- This site is optimized with the Yoast SEO plugin v27.3 - https:\/\/yoast.com\/product\/yoast-seo-wordpress\/ -->\n<title>Geister-Schocker 76: Kreuzfahrt in die H\u00f6lle<\/title>\n<meta name=\"description\" content=\"Geister-Schocker 76: Kreuzfahrt in die H\u00f6lle Inhalt: San Cristobal, Galapagos-Inseln. Montag, 3. August, 12.00 Uhr. Niemand der zweihundertf\u00fcnfzig\" \/>\n<meta name=\"robots\" content=\"index, follow, max-snippet:-1, max-image-preview:large, max-video-preview:-1\" \/>\n<link rel=\"canonical\" href=\"https:\/\/www.allscore.de\/shop\/produkt\/geister-schocker-76-kreuzfahrt-in-die-hoelle\/\" \/>\n<meta property=\"og:locale\" content=\"de_DE\" \/>\n<meta property=\"og:type\" content=\"article\" \/>\n<meta property=\"og:title\" content=\"Geister-Schocker 76: Kreuzfahrt in die H\u00f6lle\" \/>\n<meta property=\"og:description\" content=\"Geister-Schocker 76: Kreuzfahrt in die H\u00f6lle Inhalt: San Cristobal, Galapagos-Inseln. Montag, 3. August, 12.00 Uhr. Niemand der zweihundertf\u00fcnfzig\" \/>\n<meta property=\"og:url\" content=\"https:\/\/www.allscore.de\/shop\/produkt\/geister-schocker-76-kreuzfahrt-in-die-hoelle\/\" \/>\n<meta property=\"og:site_name\" content=\"Allscore Shop\" \/>\n<meta property=\"article:modified_time\" content=\"2025-08-27T16:50:24+00:00\" \/>\n<meta property=\"og:image\" content=\"https:\/\/www.allscore.de\/shop\/wp-content\/uploads\/2021\/03\/GS76_1000px.jpg\" \/>\n\t<meta property=\"og:image:width\" content=\"1000\" \/>\n\t<meta property=\"og:image:height\" content=\"1000\" \/>\n\t<meta property=\"og:image:type\" content=\"image\/jpeg\" \/>\n<meta name=\"twitter:card\" content=\"summary_large_image\" \/>\n<meta name=\"twitter:label1\" content=\"Gesch\u00e4tzte Lesezeit\" \/>\n\t<meta name=\"twitter:data1\" content=\"1\u00a0Minute\" \/>\n<script type=\"application\/ld+json\" class=\"yoast-schema-graph\">{\"@context\":\"https:\\\/\\\/schema.org\",\"@graph\":[{\"@type\":\"WebPage\",\"@id\":\"https:\\\/\\\/www.allscore.de\\\/shop\\\/produkt\\\/geister-schocker-76-kreuzfahrt-in-die-hoelle\\\/\",\"url\":\"https:\\\/\\\/www.allscore.de\\\/shop\\\/produkt\\\/geister-schocker-76-kreuzfahrt-in-die-hoelle\\\/\",\"name\":\"Geister-Schocker 76: Kreuzfahrt in die H\u00f6lle\",\"isPartOf\":{\"@id\":\"https:\\\/\\\/www.allscore.de\\\/shop\\\/#website\"},\"primaryImageOfPage\":{\"@id\":\"https:\\\/\\\/www.allscore.de\\\/shop\\\/produkt\\\/geister-schocker-76-kreuzfahrt-in-die-hoelle\\\/#primaryimage\"},\"image\":{\"@id\":\"https:\\\/\\\/www.allscore.de\\\/shop\\\/produkt\\\/geister-schocker-76-kreuzfahrt-in-die-hoelle\\\/#primaryimage\"},\"thumbnailUrl\":\"https:\\\/\\\/www.allscore.de\\\/shop\\\/wp-content\\\/uploads\\\/2021\\\/03\\\/GS76_1000px.jpg\",\"datePublished\":\"2018-07-27T12:36:22+00:00\",\"dateModified\":\"2025-08-27T16:50:24+00:00\",\"description\":\"Geister-Schocker 76: Kreuzfahrt in die H\u00f6lle Inhalt: San Cristobal, Galapagos-Inseln. Montag, 3. August, 12.00 Uhr. Niemand der zweihundertf\u00fcnfzig\",\"breadcrumb\":{\"@id\":\"https:\\\/\\\/www.allscore.de\\\/shop\\\/produkt\\\/geister-schocker-76-kreuzfahrt-in-die-hoelle\\\/#breadcrumb\"},\"inLanguage\":\"de\",\"potentialAction\":[{\"@type\":\"ReadAction\",\"target\":[\"https:\\\/\\\/www.allscore.de\\\/shop\\\/produkt\\\/geister-schocker-76-kreuzfahrt-in-die-hoelle\\\/\"]}]},{\"@type\":\"ImageObject\",\"inLanguage\":\"de\",\"@id\":\"https:\\\/\\\/www.allscore.de\\\/shop\\\/produkt\\\/geister-schocker-76-kreuzfahrt-in-die-hoelle\\\/#primaryimage\",\"url\":\"https:\\\/\\\/www.allscore.de\\\/shop\\\/wp-content\\\/uploads\\\/2021\\\/03\\\/GS76_1000px.jpg\",\"contentUrl\":\"https:\\\/\\\/www.allscore.de\\\/shop\\\/wp-content\\\/uploads\\\/2021\\\/03\\\/GS76_1000px.jpg\",\"width\":1000,\"height\":1000,\"caption\":\"Geister-Schocker (76): Kreuzfahrt in die H\u00f6lle\"},{\"@type\":\"BreadcrumbList\",\"@id\":\"https:\\\/\\\/www.allscore.de\\\/shop\\\/produkt\\\/geister-schocker-76-kreuzfahrt-in-die-hoelle\\\/#breadcrumb\",\"itemListElement\":[{\"@type\":\"ListItem\",\"position\":1,\"name\":\"Startseite\",\"item\":\"https:\\\/\\\/www.allscore.de\\\/shop\\\/\"},{\"@type\":\"ListItem\",\"position\":2,\"name\":\"Produkte\",\"item\":\"https:\\\/\\\/www.allscore.de\\\/shop\\\/shop\\\/\"},{\"@type\":\"ListItem\",\"position\":3,\"name\":\"Geister-Schocker 76: Kreuzfahrt in die H\u00f6lle\"}]},{\"@type\":\"WebSite\",\"@id\":\"https:\\\/\\\/www.allscore.de\\\/shop\\\/#website\",\"url\":\"https:\\\/\\\/www.allscore.de\\\/shop\\\/\",\"name\":\"Allscore Shop\",\"description\":\"All Score Media\",\"publisher\":{\"@id\":\"https:\\\/\\\/www.allscore.de\\\/shop\\\/#organization\"},\"potentialAction\":[{\"@type\":\"SearchAction\",\"target\":{\"@type\":\"EntryPoint\",\"urlTemplate\":\"https:\\\/\\\/www.allscore.de\\\/shop\\\/?s={search_term_string}\"},\"query-input\":{\"@type\":\"PropertyValueSpecification\",\"valueRequired\":true,\"valueName\":\"search_term_string\"}}],\"inLanguage\":\"de\"},{\"@type\":\"Organization\",\"@id\":\"https:\\\/\\\/www.allscore.de\\\/shop\\\/#organization\",\"name\":\"All Score Media\",\"alternateName\":\"Allscore\",\"url\":\"https:\\\/\\\/www.allscore.de\\\/shop\\\/\",\"logo\":{\"@type\":\"ImageObject\",\"inLanguage\":\"de\",\"@id\":\"https:\\\/\\\/www.allscore.de\\\/shop\\\/#\\\/schema\\\/logo\\\/image\\\/\",\"url\":\"https:\\\/\\\/www.allscore.de\\\/shop\\\/wp-content\\\/uploads\\\/2026\\\/01\\\/Logo_Yoast_Shop_2026.png\",\"contentUrl\":\"https:\\\/\\\/www.allscore.de\\\/shop\\\/wp-content\\\/uploads\\\/2026\\\/01\\\/Logo_Yoast_Shop_2026.png\",\"width\":696,\"height\":696,\"caption\":\"All Score Media\"},\"image\":{\"@id\":\"https:\\\/\\\/www.allscore.de\\\/shop\\\/#\\\/schema\\\/logo\\\/image\\\/\"}}]}<\/script>\n<!-- \/ Yoast SEO plugin. -->","yoast_head_json":{"title":"Geister-Schocker 76: Kreuzfahrt in die H\u00f6lle","description":"Geister-Schocker 76: Kreuzfahrt in die H\u00f6lle Inhalt: San Cristobal, Galapagos-Inseln. Montag, 3. August, 12.00 Uhr. Niemand der zweihundertf\u00fcnfzig","robots":{"index":"index","follow":"follow","max-snippet":"max-snippet:-1","max-image-preview":"max-image-preview:large","max-video-preview":"max-video-preview:-1"},"canonical":"https:\/\/www.allscore.de\/shop\/produkt\/geister-schocker-76-kreuzfahrt-in-die-hoelle\/","og_locale":"de_DE","og_type":"article","og_title":"Geister-Schocker 76: Kreuzfahrt in die H\u00f6lle","og_description":"Geister-Schocker 76: Kreuzfahrt in die H\u00f6lle Inhalt: San Cristobal, Galapagos-Inseln. Montag, 3. August, 12.00 Uhr. Niemand der zweihundertf\u00fcnfzig","og_url":"https:\/\/www.allscore.de\/shop\/produkt\/geister-schocker-76-kreuzfahrt-in-die-hoelle\/","og_site_name":"Allscore Shop","article_modified_time":"2025-08-27T16:50:24+00:00","og_image":[{"width":1000,"height":1000,"url":"https:\/\/www.allscore.de\/shop\/wp-content\/uploads\/2021\/03\/GS76_1000px.jpg","type":"image\/jpeg"}],"twitter_card":"summary_large_image","twitter_misc":{"Gesch\u00e4tzte Lesezeit":"1\u00a0Minute"},"schema":{"@context":"https:\/\/schema.org","@graph":[{"@type":"WebPage","@id":"https:\/\/www.allscore.de\/shop\/produkt\/geister-schocker-76-kreuzfahrt-in-die-hoelle\/","url":"https:\/\/www.allscore.de\/shop\/produkt\/geister-schocker-76-kreuzfahrt-in-die-hoelle\/","name":"Geister-Schocker 76: Kreuzfahrt in die H\u00f6lle","isPartOf":{"@id":"https:\/\/www.allscore.de\/shop\/#website"},"primaryImageOfPage":{"@id":"https:\/\/www.allscore.de\/shop\/produkt\/geister-schocker-76-kreuzfahrt-in-die-hoelle\/#primaryimage"},"image":{"@id":"https:\/\/www.allscore.de\/shop\/produkt\/geister-schocker-76-kreuzfahrt-in-die-hoelle\/#primaryimage"},"thumbnailUrl":"https:\/\/www.allscore.de\/shop\/wp-content\/uploads\/2021\/03\/GS76_1000px.jpg","datePublished":"2018-07-27T12:36:22+00:00","dateModified":"2025-08-27T16:50:24+00:00","description":"Geister-Schocker 76: Kreuzfahrt in die H\u00f6lle Inhalt: San Cristobal, Galapagos-Inseln. Montag, 3. August, 12.00 Uhr. Niemand der zweihundertf\u00fcnfzig","breadcrumb":{"@id":"https:\/\/www.allscore.de\/shop\/produkt\/geister-schocker-76-kreuzfahrt-in-die-hoelle\/#breadcrumb"},"inLanguage":"de","potentialAction":[{"@type":"ReadAction","target":["https:\/\/www.allscore.de\/shop\/produkt\/geister-schocker-76-kreuzfahrt-in-die-hoelle\/"]}]},{"@type":"ImageObject","inLanguage":"de","@id":"https:\/\/www.allscore.de\/shop\/produkt\/geister-schocker-76-kreuzfahrt-in-die-hoelle\/#primaryimage","url":"https:\/\/www.allscore.de\/shop\/wp-content\/uploads\/2021\/03\/GS76_1000px.jpg","contentUrl":"https:\/\/www.allscore.de\/shop\/wp-content\/uploads\/2021\/03\/GS76_1000px.jpg","width":1000,"height":1000,"caption":"Geister-Schocker (76): Kreuzfahrt in die H\u00f6lle"},{"@type":"BreadcrumbList","@id":"https:\/\/www.allscore.de\/shop\/produkt\/geister-schocker-76-kreuzfahrt-in-die-hoelle\/#breadcrumb","itemListElement":[{"@type":"ListItem","position":1,"name":"Startseite","item":"https:\/\/www.allscore.de\/shop\/"},{"@type":"ListItem","position":2,"name":"Produkte","item":"https:\/\/www.allscore.de\/shop\/shop\/"},{"@type":"ListItem","position":3,"name":"Geister-Schocker 76: Kreuzfahrt in die H\u00f6lle"}]},{"@type":"WebSite","@id":"https:\/\/www.allscore.de\/shop\/#website","url":"https:\/\/www.allscore.de\/shop\/","name":"Allscore Shop","description":"All Score Media","publisher":{"@id":"https:\/\/www.allscore.de\/shop\/#organization"},"potentialAction":[{"@type":"SearchAction","target":{"@type":"EntryPoint","urlTemplate":"https:\/\/www.allscore.de\/shop\/?s={search_term_string}"},"query-input":{"@type":"PropertyValueSpecification","valueRequired":true,"valueName":"search_term_string"}}],"inLanguage":"de"},{"@type":"Organization","@id":"https:\/\/www.allscore.de\/shop\/#organization","name":"All Score Media","alternateName":"Allscore","url":"https:\/\/www.allscore.de\/shop\/","logo":{"@type":"ImageObject","inLanguage":"de","@id":"https:\/\/www.allscore.de\/shop\/#\/schema\/logo\/image\/","url":"https:\/\/www.allscore.de\/shop\/wp-content\/uploads\/2026\/01\/Logo_Yoast_Shop_2026.png","contentUrl":"https:\/\/www.allscore.de\/shop\/wp-content\/uploads\/2026\/01\/Logo_Yoast_Shop_2026.png","width":696,"height":696,"caption":"All Score Media"},"image":{"@id":"https:\/\/www.allscore.de\/shop\/#\/schema\/logo\/image\/"}}]}},"_links":{"self":[{"href":"https:\/\/www.allscore.de\/shop\/wp-json\/wp\/v2\/product\/9658","targetHints":{"allow":["GET"]}}],"collection":[{"href":"https:\/\/www.allscore.de\/shop\/wp-json\/wp\/v2\/product"}],"about":[{"href":"https:\/\/www.allscore.de\/shop\/wp-json\/wp\/v2\/types\/product"}],"wp:featuredmedia":[{"embeddable":true,"href":"https:\/\/www.allscore.de\/shop\/wp-json\/wp\/v2\/media\/9378"}],"wp:attachment":[{"href":"https:\/\/www.allscore.de\/shop\/wp-json\/wp\/v2\/media?parent=9658"}],"wp:term":[{"taxonomy":"product_brand","embeddable":true,"href":"https:\/\/www.allscore.de\/shop\/wp-json\/wp\/v2\/product_brand?post=9658"},{"taxonomy":"product_cat","embeddable":true,"href":"https:\/\/www.allscore.de\/shop\/wp-json\/wp\/v2\/product_cat?post=9658"},{"taxonomy":"product_tag","embeddable":true,"href":"https:\/\/www.allscore.de\/shop\/wp-json\/wp\/v2\/product_tag?post=9658"}],"curies":[{"name":"wp","href":"https:\/\/api.w.org\/{rel}","templated":true}]}}