{"id":9656,"date":"2018-05-25T14:34:16","date_gmt":"2018-05-25T12:34:16","guid":{"rendered":"https:\/\/www.allscore.de\/shop\/?post_type=product&#038;p=9656"},"modified":"2025-08-27T18:50:24","modified_gmt":"2025-08-27T16:50:24","slug":"geister-schocker-75-der-diamantengeist","status":"publish","type":"product","link":"https:\/\/www.allscore.de\/shop\/produkt\/geister-schocker-75-der-diamantengeist\/","title":{"rendered":"Geister-Schocker 75: Der Diamantengeist"},"content":{"rendered":"<p>Geister-Schocker 75: Der Diamantengeist<\/p>\n<p><strong><u>Inhalt:<br \/>\n<\/u><\/strong>Die Zinnen von Windcliff Castle heul\u00adten im Sturm wie die Pfeifen einer riesi\u00adgen Orgel. Dumpfe, klagende Laute, da\u00adzwischen grelles Kreischen und das Grollen eines nahenden Gewitters weck\u00adten Noel Allister gegen zwei Uhr mor\u00adgens. Verschlafen setzte sich der grob\u00adschl\u00e4chtige Mann im Bett auf und griff sich verwirrt an den Kopf. Da h\u00f6rte er \u00fcber sich ein Ger\u00e4usch. Aus ungl\u00e4ubig geweiteten Augen starrte er auf die H\u00e4nde, die aus dem Nichts kamen. Sie umklammerten eine bluttriefende Spitzhacke. Noel Allister kam nicht mehr dazu, Angst zu versp\u00fcren. Weit holten die k\u00f6rperlosen H\u00e4nde aus. Die Spitzhacke beschrieb einen Bogen. Mit einem h\u00e4sslichen Ger\u00e4usch bohrte sich das schwere Werkzeug in die Brust des Mannes, durchstie\u00df sie m\u00fchelos und drang in die Matratze. In diesem Moment brach die H\u00f6lle los \u2026 Ein neuer Fall f\u00fcr Rick Masters \u2026<\/p>\n<p><strong><u>Sprecher:<br \/>\n<\/u><\/strong>Patrick Bach, Reent Reins, R\u00fcdiger Schulzki, Christin Deucker, Patrick Steiner, Andrea Aust, Dagmar Bittner, Tom Steinbrecher, Rainer Schmitt, Ingo Abel, Paul Burghardt, Werner Wilkening, Jenny Maria Meyer, Robert Missler, Erik Albrodt, Tanja Niehoff<\/p>\n<p><strong><u>Autor:<br \/>\n<\/u><\/strong>Andrew Hathaway<\/p>\n","protected":false},"excerpt":{"rendered":"<p>Geister-Schocker 75: Der Diamantengeist Inhalt: Die Zinnen von Windcliff Castle heul\u00adten im Sturm wie die Pfeifen einer riesi\u00adgen Orgel. Dumpfe, klagende Laute, da\u00adzwischen grelles Kreischen und das Grollen eines nahenden Gewitters weck\u00adten Noel Allister gegen zwei Uhr mor\u00adgens. Verschlafen setzte sich der grob\u00adschl\u00e4chtige Mann im Bett auf und griff sich verwirrt an den Kopf. Da&#8230;<\/p>\n<p><a rel=\"bookmark\" class=\"vonzot-button-simple wvc-button wvc-button-size-sm\" href=\"https:\/\/www.allscore.de\/shop\/produkt\/geister-schocker-75-der-diamantengeist\/\"><span>Read more<\/span><\/a><\/p>\n","protected":false},"featured_media":9376,"template":"","meta":[],"product_brand":[],"product_cat":[74,72],"product_tag":[],"class_list":{"0":"post-9656","1":"product","2":"type-product","3":"status-publish","4":"has-post-thumbnail","6":"product_cat-geister-schocker","7":"product_cat-hoerspiele","8":"product_shipping_class-tontraeger-cd","9":"entry","10":"clearfix","11":"entry-grid","12":"entry-columns-3","13":"entry-product-module-layout-sidebar-right","14":"thumbnail-color-tone-dark","15":"entry-product","17":"entry-product-grid","19":"first","20":"instock","21":"sale","22":"taxable","23":"shipping-taxable","24":"purchasable","25":"product-type-simple"},"yoast_head":"<!-- This site is optimized with the Yoast SEO plugin v27.4 - https:\/\/yoast.com\/product\/yoast-seo-wordpress\/ -->\n<title>Geister-Schocker 75: Der Diamantengeist<\/title>\n<meta name=\"description\" content=\"Geister-Schocker 75: Der Diamantengeist Inhalt: Die Zinnen von Windcliff Castle heul\u00adten im Sturm wie die Pfeifen einer riesi\u00adgen Orgel. Dumpfe, klagende\" \/>\n<meta name=\"robots\" content=\"index, follow, max-snippet:-1, max-image-preview:large, max-video-preview:-1\" \/>\n<link rel=\"canonical\" href=\"https:\/\/www.allscore.de\/shop\/produkt\/geister-schocker-75-der-diamantengeist\/\" \/>\n<meta property=\"og:locale\" content=\"de_DE\" \/>\n<meta property=\"og:type\" content=\"article\" \/>\n<meta property=\"og:title\" content=\"Geister-Schocker 75: Der Diamantengeist\" \/>\n<meta property=\"og:description\" content=\"Geister-Schocker 75: Der Diamantengeist Inhalt: Die Zinnen von Windcliff Castle heul\u00adten im Sturm wie die Pfeifen einer riesi\u00adgen Orgel. Dumpfe, klagende\" \/>\n<meta property=\"og:url\" content=\"https:\/\/www.allscore.de\/shop\/produkt\/geister-schocker-75-der-diamantengeist\/\" \/>\n<meta property=\"og:site_name\" content=\"Allscore Shop\" \/>\n<meta property=\"article:modified_time\" content=\"2025-08-27T16:50:24+00:00\" \/>\n<meta property=\"og:image\" content=\"https:\/\/www.allscore.de\/shop\/wp-content\/uploads\/2021\/03\/GS75_1000px.jpg\" \/>\n\t<meta property=\"og:image:width\" content=\"1000\" \/>\n\t<meta property=\"og:image:height\" content=\"1000\" \/>\n\t<meta property=\"og:image:type\" content=\"image\/jpeg\" \/>\n<meta name=\"twitter:card\" content=\"summary_large_image\" \/>\n<meta name=\"twitter:label1\" content=\"Gesch\u00e4tzte Lesezeit\" \/>\n\t<meta name=\"twitter:data1\" content=\"1\u00a0Minute\" \/>\n<script type=\"application\/ld+json\" class=\"yoast-schema-graph\">{\"@context\":\"https:\\\/\\\/schema.org\",\"@graph\":[{\"@type\":\"WebPage\",\"@id\":\"https:\\\/\\\/www.allscore.de\\\/shop\\\/produkt\\\/geister-schocker-75-der-diamantengeist\\\/\",\"url\":\"https:\\\/\\\/www.allscore.de\\\/shop\\\/produkt\\\/geister-schocker-75-der-diamantengeist\\\/\",\"name\":\"Geister-Schocker 75: Der Diamantengeist\",\"isPartOf\":{\"@id\":\"https:\\\/\\\/www.allscore.de\\\/shop\\\/#website\"},\"primaryImageOfPage\":{\"@id\":\"https:\\\/\\\/www.allscore.de\\\/shop\\\/produkt\\\/geister-schocker-75-der-diamantengeist\\\/#primaryimage\"},\"image\":{\"@id\":\"https:\\\/\\\/www.allscore.de\\\/shop\\\/produkt\\\/geister-schocker-75-der-diamantengeist\\\/#primaryimage\"},\"thumbnailUrl\":\"https:\\\/\\\/www.allscore.de\\\/shop\\\/wp-content\\\/uploads\\\/2021\\\/03\\\/GS75_1000px.jpg\",\"datePublished\":\"2018-05-25T12:34:16+00:00\",\"dateModified\":\"2025-08-27T16:50:24+00:00\",\"description\":\"Geister-Schocker 75: Der Diamantengeist Inhalt: Die Zinnen von Windcliff Castle heul\u00adten im Sturm wie die Pfeifen einer riesi\u00adgen Orgel. Dumpfe, klagende\",\"breadcrumb\":{\"@id\":\"https:\\\/\\\/www.allscore.de\\\/shop\\\/produkt\\\/geister-schocker-75-der-diamantengeist\\\/#breadcrumb\"},\"inLanguage\":\"de\",\"potentialAction\":[{\"@type\":\"ReadAction\",\"target\":[\"https:\\\/\\\/www.allscore.de\\\/shop\\\/produkt\\\/geister-schocker-75-der-diamantengeist\\\/\"]}]},{\"@type\":\"ImageObject\",\"inLanguage\":\"de\",\"@id\":\"https:\\\/\\\/www.allscore.de\\\/shop\\\/produkt\\\/geister-schocker-75-der-diamantengeist\\\/#primaryimage\",\"url\":\"https:\\\/\\\/www.allscore.de\\\/shop\\\/wp-content\\\/uploads\\\/2021\\\/03\\\/GS75_1000px.jpg\",\"contentUrl\":\"https:\\\/\\\/www.allscore.de\\\/shop\\\/wp-content\\\/uploads\\\/2021\\\/03\\\/GS75_1000px.jpg\",\"width\":1000,\"height\":1000,\"caption\":\"Geister-Schocker (75): Der Diamantengeist\"},{\"@type\":\"BreadcrumbList\",\"@id\":\"https:\\\/\\\/www.allscore.de\\\/shop\\\/produkt\\\/geister-schocker-75-der-diamantengeist\\\/#breadcrumb\",\"itemListElement\":[{\"@type\":\"ListItem\",\"position\":1,\"name\":\"Startseite\",\"item\":\"https:\\\/\\\/www.allscore.de\\\/shop\\\/\"},{\"@type\":\"ListItem\",\"position\":2,\"name\":\"Produkte\",\"item\":\"https:\\\/\\\/www.allscore.de\\\/shop\\\/shop\\\/\"},{\"@type\":\"ListItem\",\"position\":3,\"name\":\"Geister-Schocker 75: Der Diamantengeist\"}]},{\"@type\":\"WebSite\",\"@id\":\"https:\\\/\\\/www.allscore.de\\\/shop\\\/#website\",\"url\":\"https:\\\/\\\/www.allscore.de\\\/shop\\\/\",\"name\":\"Allscore Shop\",\"description\":\"All Score Media\",\"publisher\":{\"@id\":\"https:\\\/\\\/www.allscore.de\\\/shop\\\/#organization\"},\"potentialAction\":[{\"@type\":\"SearchAction\",\"target\":{\"@type\":\"EntryPoint\",\"urlTemplate\":\"https:\\\/\\\/www.allscore.de\\\/shop\\\/?s={search_term_string}\"},\"query-input\":{\"@type\":\"PropertyValueSpecification\",\"valueRequired\":true,\"valueName\":\"search_term_string\"}}],\"inLanguage\":\"de\"},{\"@type\":\"Organization\",\"@id\":\"https:\\\/\\\/www.allscore.de\\\/shop\\\/#organization\",\"name\":\"All Score Media\",\"alternateName\":\"Allscore\",\"url\":\"https:\\\/\\\/www.allscore.de\\\/shop\\\/\",\"logo\":{\"@type\":\"ImageObject\",\"inLanguage\":\"de\",\"@id\":\"https:\\\/\\\/www.allscore.de\\\/shop\\\/#\\\/schema\\\/logo\\\/image\\\/\",\"url\":\"https:\\\/\\\/www.allscore.de\\\/shop\\\/wp-content\\\/uploads\\\/2026\\\/01\\\/Logo_Yoast_Shop_2026.png\",\"contentUrl\":\"https:\\\/\\\/www.allscore.de\\\/shop\\\/wp-content\\\/uploads\\\/2026\\\/01\\\/Logo_Yoast_Shop_2026.png\",\"width\":696,\"height\":696,\"caption\":\"All Score Media\"},\"image\":{\"@id\":\"https:\\\/\\\/www.allscore.de\\\/shop\\\/#\\\/schema\\\/logo\\\/image\\\/\"}}]}<\/script>\n<!-- \/ Yoast SEO plugin. -->","yoast_head_json":{"title":"Geister-Schocker 75: Der Diamantengeist","description":"Geister-Schocker 75: Der Diamantengeist Inhalt: Die Zinnen von Windcliff Castle heul\u00adten im Sturm wie die Pfeifen einer riesi\u00adgen Orgel. Dumpfe, klagende","robots":{"index":"index","follow":"follow","max-snippet":"max-snippet:-1","max-image-preview":"max-image-preview:large","max-video-preview":"max-video-preview:-1"},"canonical":"https:\/\/www.allscore.de\/shop\/produkt\/geister-schocker-75-der-diamantengeist\/","og_locale":"de_DE","og_type":"article","og_title":"Geister-Schocker 75: Der Diamantengeist","og_description":"Geister-Schocker 75: Der Diamantengeist Inhalt: Die Zinnen von Windcliff Castle heul\u00adten im Sturm wie die Pfeifen einer riesi\u00adgen Orgel. Dumpfe, klagende","og_url":"https:\/\/www.allscore.de\/shop\/produkt\/geister-schocker-75-der-diamantengeist\/","og_site_name":"Allscore Shop","article_modified_time":"2025-08-27T16:50:24+00:00","og_image":[{"width":1000,"height":1000,"url":"https:\/\/www.allscore.de\/shop\/wp-content\/uploads\/2021\/03\/GS75_1000px.jpg","type":"image\/jpeg"}],"twitter_card":"summary_large_image","twitter_misc":{"Gesch\u00e4tzte Lesezeit":"1\u00a0Minute"},"schema":{"@context":"https:\/\/schema.org","@graph":[{"@type":"WebPage","@id":"https:\/\/www.allscore.de\/shop\/produkt\/geister-schocker-75-der-diamantengeist\/","url":"https:\/\/www.allscore.de\/shop\/produkt\/geister-schocker-75-der-diamantengeist\/","name":"Geister-Schocker 75: Der Diamantengeist","isPartOf":{"@id":"https:\/\/www.allscore.de\/shop\/#website"},"primaryImageOfPage":{"@id":"https:\/\/www.allscore.de\/shop\/produkt\/geister-schocker-75-der-diamantengeist\/#primaryimage"},"image":{"@id":"https:\/\/www.allscore.de\/shop\/produkt\/geister-schocker-75-der-diamantengeist\/#primaryimage"},"thumbnailUrl":"https:\/\/www.allscore.de\/shop\/wp-content\/uploads\/2021\/03\/GS75_1000px.jpg","datePublished":"2018-05-25T12:34:16+00:00","dateModified":"2025-08-27T16:50:24+00:00","description":"Geister-Schocker 75: Der Diamantengeist Inhalt: Die Zinnen von Windcliff Castle heul\u00adten im Sturm wie die Pfeifen einer riesi\u00adgen Orgel. Dumpfe, klagende","breadcrumb":{"@id":"https:\/\/www.allscore.de\/shop\/produkt\/geister-schocker-75-der-diamantengeist\/#breadcrumb"},"inLanguage":"de","potentialAction":[{"@type":"ReadAction","target":["https:\/\/www.allscore.de\/shop\/produkt\/geister-schocker-75-der-diamantengeist\/"]}]},{"@type":"ImageObject","inLanguage":"de","@id":"https:\/\/www.allscore.de\/shop\/produkt\/geister-schocker-75-der-diamantengeist\/#primaryimage","url":"https:\/\/www.allscore.de\/shop\/wp-content\/uploads\/2021\/03\/GS75_1000px.jpg","contentUrl":"https:\/\/www.allscore.de\/shop\/wp-content\/uploads\/2021\/03\/GS75_1000px.jpg","width":1000,"height":1000,"caption":"Geister-Schocker (75): Der Diamantengeist"},{"@type":"BreadcrumbList","@id":"https:\/\/www.allscore.de\/shop\/produkt\/geister-schocker-75-der-diamantengeist\/#breadcrumb","itemListElement":[{"@type":"ListItem","position":1,"name":"Startseite","item":"https:\/\/www.allscore.de\/shop\/"},{"@type":"ListItem","position":2,"name":"Produkte","item":"https:\/\/www.allscore.de\/shop\/shop\/"},{"@type":"ListItem","position":3,"name":"Geister-Schocker 75: Der Diamantengeist"}]},{"@type":"WebSite","@id":"https:\/\/www.allscore.de\/shop\/#website","url":"https:\/\/www.allscore.de\/shop\/","name":"Allscore Shop","description":"All Score Media","publisher":{"@id":"https:\/\/www.allscore.de\/shop\/#organization"},"potentialAction":[{"@type":"SearchAction","target":{"@type":"EntryPoint","urlTemplate":"https:\/\/www.allscore.de\/shop\/?s={search_term_string}"},"query-input":{"@type":"PropertyValueSpecification","valueRequired":true,"valueName":"search_term_string"}}],"inLanguage":"de"},{"@type":"Organization","@id":"https:\/\/www.allscore.de\/shop\/#organization","name":"All Score Media","alternateName":"Allscore","url":"https:\/\/www.allscore.de\/shop\/","logo":{"@type":"ImageObject","inLanguage":"de","@id":"https:\/\/www.allscore.de\/shop\/#\/schema\/logo\/image\/","url":"https:\/\/www.allscore.de\/shop\/wp-content\/uploads\/2026\/01\/Logo_Yoast_Shop_2026.png","contentUrl":"https:\/\/www.allscore.de\/shop\/wp-content\/uploads\/2026\/01\/Logo_Yoast_Shop_2026.png","width":696,"height":696,"caption":"All Score Media"},"image":{"@id":"https:\/\/www.allscore.de\/shop\/#\/schema\/logo\/image\/"}}]}},"_links":{"self":[{"href":"https:\/\/www.allscore.de\/shop\/wp-json\/wp\/v2\/product\/9656","targetHints":{"allow":["GET"]}}],"collection":[{"href":"https:\/\/www.allscore.de\/shop\/wp-json\/wp\/v2\/product"}],"about":[{"href":"https:\/\/www.allscore.de\/shop\/wp-json\/wp\/v2\/types\/product"}],"wp:featuredmedia":[{"embeddable":true,"href":"https:\/\/www.allscore.de\/shop\/wp-json\/wp\/v2\/media\/9376"}],"wp:attachment":[{"href":"https:\/\/www.allscore.de\/shop\/wp-json\/wp\/v2\/media?parent=9656"}],"wp:term":[{"taxonomy":"product_brand","embeddable":true,"href":"https:\/\/www.allscore.de\/shop\/wp-json\/wp\/v2\/product_brand?post=9656"},{"taxonomy":"product_cat","embeddable":true,"href":"https:\/\/www.allscore.de\/shop\/wp-json\/wp\/v2\/product_cat?post=9656"},{"taxonomy":"product_tag","embeddable":true,"href":"https:\/\/www.allscore.de\/shop\/wp-json\/wp\/v2\/product_tag?post=9656"}],"curies":[{"name":"wp","href":"https:\/\/api.w.org\/{rel}","templated":true}]}}