{"id":9654,"date":"2018-03-23T14:29:42","date_gmt":"2018-03-23T13:29:42","guid":{"rendered":"https:\/\/www.allscore.de\/shop\/?post_type=product&#038;p=9654"},"modified":"2025-12-17T12:19:11","modified_gmt":"2025-12-17T11:19:11","slug":"geister-schocker-74-der-werwolf-von-epprath","status":"publish","type":"product","link":"https:\/\/www.allscore.de\/shop\/produkt\/geister-schocker-74-der-werwolf-von-epprath\/","title":{"rendered":"Geister-Schocker 74: Der Werwolf von Epprath"},"content":{"rendered":"<p>Geister-Schocker 74: Der Werwolf von Epprath<\/p>\n<p><strong><u>Inhalt:<br \/>\n<\/u><\/strong>In der N\u00e4he der mittelalterlichen Stadt Bedburg-Altkaster gab es einen grausamen Doppelmord. Nach den t\u00f6dlichen Verletzungen der Opfer zu schlie\u00dfen, wurden sie durch einen Wolf get\u00f6tet. Der Mord geschah an der Stelle, an der fr\u00fcher der Ort Epprath lag, der dem Kohleabbau zum Opfer fiel. Man munkelt schon, dass die Sage wahr ist und der &#8222;Werwolf von Epprath&#8220; wieder aufgetaucht sei, denn nachdem mehrfach Wolfsgeheul zu h\u00f6ren war, hatten ihn Zeugen gesehen. Ich, Christoph Schwarz, sollte der Sache nachgehen und den Werwolf zur Strecke bringen. Zusammen mit Carmen fuhr ich nach Alt-Kaster. Die Suche nach ihm brachte uns fast zur Verzweiflung, denn er holte sich weitere Opfer. Doch dann erhielten wir einen Hinweis, der uns auf seine Spur brachte und den Fall in einem ganz anderen Licht erscheinen lie\u00df &#8230;<\/p>\n<p><strong><u>Sprecher:<br \/>\n<\/u><\/strong>Sascha Rotermund, Marie Bierstedt, Karen Schulz-Vobach, Andr\u00e9 Beyer , G\u00fcnter Karl, Werner Wilkening, Katja Br\u00fcgger, Ingo Abel, Timo Kinzel, Sascha Kr\u00fcger, Thomas Kramer, Marc Sch\u00fclert, Sonja Schreiber, Patrick Steiner, Marion Gretchen Schmitz, Marie Burghardt Paul Burghardt, Viktoria Szelestenyi, Pascal Runge<\/p>\n<p><strong><u>Autor:<\/u><\/strong><br \/>\nG. Arentzen<\/p>\n","protected":false},"excerpt":{"rendered":"<p>Geister-Schocker 74: Der Werwolf von Epprath Inhalt: In der N\u00e4he der mittelalterlichen Stadt Bedburg-Altkaster gab es einen grausamen Doppelmord. Nach den t\u00f6dlichen Verletzungen der Opfer zu schlie\u00dfen, wurden sie durch einen Wolf get\u00f6tet. Der Mord geschah an der Stelle, an der fr\u00fcher der Ort Epprath lag, der dem Kohleabbau zum Opfer fiel. Man munkelt schon,&#8230;<\/p>\n<p><a rel=\"bookmark\" class=\"vonzot-button-simple wvc-button wvc-button-size-sm\" href=\"https:\/\/www.allscore.de\/shop\/produkt\/geister-schocker-74-der-werwolf-von-epprath\/\"><span>Read more<\/span><\/a><\/p>\n","protected":false},"featured_media":9374,"template":"","meta":[],"product_brand":[],"product_cat":[74,72],"product_tag":[],"class_list":{"0":"post-9654","1":"product","2":"type-product","3":"status-publish","4":"has-post-thumbnail","6":"product_cat-geister-schocker","7":"product_cat-hoerspiele","8":"product_shipping_class-tontraeger-cd","9":"entry","10":"clearfix","11":"entry-grid","12":"entry-columns-3","13":"entry-product-module-layout-sidebar-right","14":"thumbnail-color-tone-dark","15":"entry-product","17":"entry-product-grid","19":"first","20":"instock","21":"sale","22":"taxable","23":"shipping-taxable","24":"purchasable","25":"product-type-simple"},"yoast_head":"<!-- This site is optimized with the Yoast SEO plugin v27.3 - https:\/\/yoast.com\/product\/yoast-seo-wordpress\/ -->\n<title>Geister-Schocker 74: Der Werwolf von Epprath<\/title>\n<meta name=\"description\" content=\"Geister-Schocker 74: Der Werwolf von Epprath Inhalt: In der N\u00e4he der mittelalterlichen Stadt Bedburg-Altkaster gab es einen grausamen Doppelmord. Nach den\" \/>\n<meta name=\"robots\" content=\"index, follow, max-snippet:-1, max-image-preview:large, max-video-preview:-1\" \/>\n<link rel=\"canonical\" href=\"https:\/\/www.allscore.de\/shop\/produkt\/geister-schocker-74-der-werwolf-von-epprath\/\" \/>\n<meta property=\"og:locale\" content=\"de_DE\" \/>\n<meta property=\"og:type\" content=\"article\" \/>\n<meta property=\"og:title\" content=\"Geister-Schocker 74: Der Werwolf von Epprath\" \/>\n<meta property=\"og:description\" content=\"Geister-Schocker 74: Der Werwolf von Epprath Inhalt: In der N\u00e4he der mittelalterlichen Stadt Bedburg-Altkaster gab es einen grausamen Doppelmord. Nach den\" \/>\n<meta property=\"og:url\" content=\"https:\/\/www.allscore.de\/shop\/produkt\/geister-schocker-74-der-werwolf-von-epprath\/\" \/>\n<meta property=\"og:site_name\" content=\"Allscore Shop\" \/>\n<meta property=\"article:modified_time\" content=\"2025-12-17T11:19:11+00:00\" \/>\n<meta property=\"og:image\" content=\"https:\/\/www.allscore.de\/shop\/wp-content\/uploads\/2021\/03\/GS74_1000px.jpg\" \/>\n\t<meta property=\"og:image:width\" content=\"1000\" \/>\n\t<meta property=\"og:image:height\" content=\"1000\" \/>\n\t<meta property=\"og:image:type\" content=\"image\/jpeg\" \/>\n<meta name=\"twitter:card\" content=\"summary_large_image\" \/>\n<meta name=\"twitter:label1\" content=\"Gesch\u00e4tzte Lesezeit\" \/>\n\t<meta name=\"twitter:data1\" content=\"1\u00a0Minute\" \/>\n<script type=\"application\/ld+json\" class=\"yoast-schema-graph\">{\"@context\":\"https:\\\/\\\/schema.org\",\"@graph\":[{\"@type\":\"WebPage\",\"@id\":\"https:\\\/\\\/www.allscore.de\\\/shop\\\/produkt\\\/geister-schocker-74-der-werwolf-von-epprath\\\/\",\"url\":\"https:\\\/\\\/www.allscore.de\\\/shop\\\/produkt\\\/geister-schocker-74-der-werwolf-von-epprath\\\/\",\"name\":\"Geister-Schocker 74: Der Werwolf von Epprath\",\"isPartOf\":{\"@id\":\"https:\\\/\\\/www.allscore.de\\\/shop\\\/#website\"},\"primaryImageOfPage\":{\"@id\":\"https:\\\/\\\/www.allscore.de\\\/shop\\\/produkt\\\/geister-schocker-74-der-werwolf-von-epprath\\\/#primaryimage\"},\"image\":{\"@id\":\"https:\\\/\\\/www.allscore.de\\\/shop\\\/produkt\\\/geister-schocker-74-der-werwolf-von-epprath\\\/#primaryimage\"},\"thumbnailUrl\":\"https:\\\/\\\/www.allscore.de\\\/shop\\\/wp-content\\\/uploads\\\/2021\\\/03\\\/GS74_1000px.jpg\",\"datePublished\":\"2018-03-23T13:29:42+00:00\",\"dateModified\":\"2025-12-17T11:19:11+00:00\",\"description\":\"Geister-Schocker 74: Der Werwolf von Epprath Inhalt: In der N\u00e4he der mittelalterlichen Stadt Bedburg-Altkaster gab es einen grausamen Doppelmord. Nach den\",\"breadcrumb\":{\"@id\":\"https:\\\/\\\/www.allscore.de\\\/shop\\\/produkt\\\/geister-schocker-74-der-werwolf-von-epprath\\\/#breadcrumb\"},\"inLanguage\":\"de\",\"potentialAction\":[{\"@type\":\"ReadAction\",\"target\":[\"https:\\\/\\\/www.allscore.de\\\/shop\\\/produkt\\\/geister-schocker-74-der-werwolf-von-epprath\\\/\"]}]},{\"@type\":\"ImageObject\",\"inLanguage\":\"de\",\"@id\":\"https:\\\/\\\/www.allscore.de\\\/shop\\\/produkt\\\/geister-schocker-74-der-werwolf-von-epprath\\\/#primaryimage\",\"url\":\"https:\\\/\\\/www.allscore.de\\\/shop\\\/wp-content\\\/uploads\\\/2021\\\/03\\\/GS74_1000px.jpg\",\"contentUrl\":\"https:\\\/\\\/www.allscore.de\\\/shop\\\/wp-content\\\/uploads\\\/2021\\\/03\\\/GS74_1000px.jpg\",\"width\":1000,\"height\":1000,\"caption\":\"Geister-Schocker (74): Der Werwolf von Epprath\"},{\"@type\":\"BreadcrumbList\",\"@id\":\"https:\\\/\\\/www.allscore.de\\\/shop\\\/produkt\\\/geister-schocker-74-der-werwolf-von-epprath\\\/#breadcrumb\",\"itemListElement\":[{\"@type\":\"ListItem\",\"position\":1,\"name\":\"Startseite\",\"item\":\"https:\\\/\\\/www.allscore.de\\\/shop\\\/\"},{\"@type\":\"ListItem\",\"position\":2,\"name\":\"Produkte\",\"item\":\"https:\\\/\\\/www.allscore.de\\\/shop\\\/shop\\\/\"},{\"@type\":\"ListItem\",\"position\":3,\"name\":\"Geister-Schocker 74: Der Werwolf von Epprath\"}]},{\"@type\":\"WebSite\",\"@id\":\"https:\\\/\\\/www.allscore.de\\\/shop\\\/#website\",\"url\":\"https:\\\/\\\/www.allscore.de\\\/shop\\\/\",\"name\":\"Allscore Shop\",\"description\":\"All Score Media\",\"publisher\":{\"@id\":\"https:\\\/\\\/www.allscore.de\\\/shop\\\/#organization\"},\"potentialAction\":[{\"@type\":\"SearchAction\",\"target\":{\"@type\":\"EntryPoint\",\"urlTemplate\":\"https:\\\/\\\/www.allscore.de\\\/shop\\\/?s={search_term_string}\"},\"query-input\":{\"@type\":\"PropertyValueSpecification\",\"valueRequired\":true,\"valueName\":\"search_term_string\"}}],\"inLanguage\":\"de\"},{\"@type\":\"Organization\",\"@id\":\"https:\\\/\\\/www.allscore.de\\\/shop\\\/#organization\",\"name\":\"All Score Media\",\"alternateName\":\"Allscore\",\"url\":\"https:\\\/\\\/www.allscore.de\\\/shop\\\/\",\"logo\":{\"@type\":\"ImageObject\",\"inLanguage\":\"de\",\"@id\":\"https:\\\/\\\/www.allscore.de\\\/shop\\\/#\\\/schema\\\/logo\\\/image\\\/\",\"url\":\"https:\\\/\\\/www.allscore.de\\\/shop\\\/wp-content\\\/uploads\\\/2026\\\/01\\\/Logo_Yoast_Shop_2026.png\",\"contentUrl\":\"https:\\\/\\\/www.allscore.de\\\/shop\\\/wp-content\\\/uploads\\\/2026\\\/01\\\/Logo_Yoast_Shop_2026.png\",\"width\":696,\"height\":696,\"caption\":\"All Score Media\"},\"image\":{\"@id\":\"https:\\\/\\\/www.allscore.de\\\/shop\\\/#\\\/schema\\\/logo\\\/image\\\/\"}}]}<\/script>\n<!-- \/ Yoast SEO plugin. -->","yoast_head_json":{"title":"Geister-Schocker 74: Der Werwolf von Epprath","description":"Geister-Schocker 74: Der Werwolf von Epprath Inhalt: In der N\u00e4he der mittelalterlichen Stadt Bedburg-Altkaster gab es einen grausamen Doppelmord. Nach den","robots":{"index":"index","follow":"follow","max-snippet":"max-snippet:-1","max-image-preview":"max-image-preview:large","max-video-preview":"max-video-preview:-1"},"canonical":"https:\/\/www.allscore.de\/shop\/produkt\/geister-schocker-74-der-werwolf-von-epprath\/","og_locale":"de_DE","og_type":"article","og_title":"Geister-Schocker 74: Der Werwolf von Epprath","og_description":"Geister-Schocker 74: Der Werwolf von Epprath Inhalt: In der N\u00e4he der mittelalterlichen Stadt Bedburg-Altkaster gab es einen grausamen Doppelmord. Nach den","og_url":"https:\/\/www.allscore.de\/shop\/produkt\/geister-schocker-74-der-werwolf-von-epprath\/","og_site_name":"Allscore Shop","article_modified_time":"2025-12-17T11:19:11+00:00","og_image":[{"width":1000,"height":1000,"url":"https:\/\/www.allscore.de\/shop\/wp-content\/uploads\/2021\/03\/GS74_1000px.jpg","type":"image\/jpeg"}],"twitter_card":"summary_large_image","twitter_misc":{"Gesch\u00e4tzte Lesezeit":"1\u00a0Minute"},"schema":{"@context":"https:\/\/schema.org","@graph":[{"@type":"WebPage","@id":"https:\/\/www.allscore.de\/shop\/produkt\/geister-schocker-74-der-werwolf-von-epprath\/","url":"https:\/\/www.allscore.de\/shop\/produkt\/geister-schocker-74-der-werwolf-von-epprath\/","name":"Geister-Schocker 74: Der Werwolf von Epprath","isPartOf":{"@id":"https:\/\/www.allscore.de\/shop\/#website"},"primaryImageOfPage":{"@id":"https:\/\/www.allscore.de\/shop\/produkt\/geister-schocker-74-der-werwolf-von-epprath\/#primaryimage"},"image":{"@id":"https:\/\/www.allscore.de\/shop\/produkt\/geister-schocker-74-der-werwolf-von-epprath\/#primaryimage"},"thumbnailUrl":"https:\/\/www.allscore.de\/shop\/wp-content\/uploads\/2021\/03\/GS74_1000px.jpg","datePublished":"2018-03-23T13:29:42+00:00","dateModified":"2025-12-17T11:19:11+00:00","description":"Geister-Schocker 74: Der Werwolf von Epprath Inhalt: In der N\u00e4he der mittelalterlichen Stadt Bedburg-Altkaster gab es einen grausamen Doppelmord. Nach den","breadcrumb":{"@id":"https:\/\/www.allscore.de\/shop\/produkt\/geister-schocker-74-der-werwolf-von-epprath\/#breadcrumb"},"inLanguage":"de","potentialAction":[{"@type":"ReadAction","target":["https:\/\/www.allscore.de\/shop\/produkt\/geister-schocker-74-der-werwolf-von-epprath\/"]}]},{"@type":"ImageObject","inLanguage":"de","@id":"https:\/\/www.allscore.de\/shop\/produkt\/geister-schocker-74-der-werwolf-von-epprath\/#primaryimage","url":"https:\/\/www.allscore.de\/shop\/wp-content\/uploads\/2021\/03\/GS74_1000px.jpg","contentUrl":"https:\/\/www.allscore.de\/shop\/wp-content\/uploads\/2021\/03\/GS74_1000px.jpg","width":1000,"height":1000,"caption":"Geister-Schocker (74): Der Werwolf von Epprath"},{"@type":"BreadcrumbList","@id":"https:\/\/www.allscore.de\/shop\/produkt\/geister-schocker-74-der-werwolf-von-epprath\/#breadcrumb","itemListElement":[{"@type":"ListItem","position":1,"name":"Startseite","item":"https:\/\/www.allscore.de\/shop\/"},{"@type":"ListItem","position":2,"name":"Produkte","item":"https:\/\/www.allscore.de\/shop\/shop\/"},{"@type":"ListItem","position":3,"name":"Geister-Schocker 74: Der Werwolf von Epprath"}]},{"@type":"WebSite","@id":"https:\/\/www.allscore.de\/shop\/#website","url":"https:\/\/www.allscore.de\/shop\/","name":"Allscore Shop","description":"All Score Media","publisher":{"@id":"https:\/\/www.allscore.de\/shop\/#organization"},"potentialAction":[{"@type":"SearchAction","target":{"@type":"EntryPoint","urlTemplate":"https:\/\/www.allscore.de\/shop\/?s={search_term_string}"},"query-input":{"@type":"PropertyValueSpecification","valueRequired":true,"valueName":"search_term_string"}}],"inLanguage":"de"},{"@type":"Organization","@id":"https:\/\/www.allscore.de\/shop\/#organization","name":"All Score Media","alternateName":"Allscore","url":"https:\/\/www.allscore.de\/shop\/","logo":{"@type":"ImageObject","inLanguage":"de","@id":"https:\/\/www.allscore.de\/shop\/#\/schema\/logo\/image\/","url":"https:\/\/www.allscore.de\/shop\/wp-content\/uploads\/2026\/01\/Logo_Yoast_Shop_2026.png","contentUrl":"https:\/\/www.allscore.de\/shop\/wp-content\/uploads\/2026\/01\/Logo_Yoast_Shop_2026.png","width":696,"height":696,"caption":"All Score Media"},"image":{"@id":"https:\/\/www.allscore.de\/shop\/#\/schema\/logo\/image\/"}}]}},"_links":{"self":[{"href":"https:\/\/www.allscore.de\/shop\/wp-json\/wp\/v2\/product\/9654","targetHints":{"allow":["GET"]}}],"collection":[{"href":"https:\/\/www.allscore.de\/shop\/wp-json\/wp\/v2\/product"}],"about":[{"href":"https:\/\/www.allscore.de\/shop\/wp-json\/wp\/v2\/types\/product"}],"wp:featuredmedia":[{"embeddable":true,"href":"https:\/\/www.allscore.de\/shop\/wp-json\/wp\/v2\/media\/9374"}],"wp:attachment":[{"href":"https:\/\/www.allscore.de\/shop\/wp-json\/wp\/v2\/media?parent=9654"}],"wp:term":[{"taxonomy":"product_brand","embeddable":true,"href":"https:\/\/www.allscore.de\/shop\/wp-json\/wp\/v2\/product_brand?post=9654"},{"taxonomy":"product_cat","embeddable":true,"href":"https:\/\/www.allscore.de\/shop\/wp-json\/wp\/v2\/product_cat?post=9654"},{"taxonomy":"product_tag","embeddable":true,"href":"https:\/\/www.allscore.de\/shop\/wp-json\/wp\/v2\/product_tag?post=9654"}],"curies":[{"name":"wp","href":"https:\/\/api.w.org\/{rel}","templated":true}]}}