{"id":9648,"date":"2017-09-01T14:19:06","date_gmt":"2017-09-01T12:19:06","guid":{"rendered":"https:\/\/www.allscore.de\/shop\/?post_type=product&#038;p=9648"},"modified":"2026-01-13T00:36:29","modified_gmt":"2026-01-12T23:36:29","slug":"geister-schocker-71-kalter-tod-durch-heisse-flocken","status":"publish","type":"product","link":"https:\/\/www.allscore.de\/shop\/produkt\/geister-schocker-71-kalter-tod-durch-heisse-flocken\/","title":{"rendered":"Geister-Schocker 71: Kalter Tod durch hei\u00dfe Flocken"},"content":{"rendered":"<p>Geister-Schocker 71: Kalter Tod durch hei\u00dfe Flocken<\/p>\n<p><strong><u>Inhalt:<br \/>\n<\/u><\/strong>Die blauschwarzen Wolken hingen wie ein bleierner Sargdeckel \u00fcber dem Tal von Kilroy. In dichtem Gest\u00f6ber\u00a0 schwebte Schnee auf die gr\u00fcne Erde herunter. Ein lauer Junitag verwandelte sich in eiskalten Winter. Die Menschen liefen aus ihren H\u00e4usern und staunten \u00fcber die Laune der Natur. Sie wurden von den riesigen Schneeflocken eingeh\u00fcllt und -zersetzt. Wie sch\u00e4rfste S\u00e4ure fra\u00dfen sich die Flocken in die Haut der Opfer. Auf der Dorfstra\u00dfe floss Blut, vermischte sich mit dem Wei\u00df des grauenhaften Schnees und verdampfte. Doch was hat Rick Masters mit diesem mysteri\u00f6sen Schnee und dem bisher noch nie dagewesenen Ph\u00e4nomen zu tun?<\/p>\n<p><strong><u>Sprecher:<br \/>\n<\/u><\/strong>Patrick Bach, Reent Reins, R\u00fcdiger Schulzki, Marc Sch\u00fclert, J\u00fcrgen Thormann, Tanja Niehoff, Felix W\u00fcrgler, Tom Steinbrecher, Dirk Mierau, Tobias Diakow, Sonitha Sodhi, Marie Burghardt, Marion von Stengel, Siegmar Tonk, Paul Burghardt, Peter Groeger, Thomas Kramer, Dirk Hardegen, Martin Sabel<\/p>\n<p><strong><u>Autor:<br \/>\n<\/u><\/strong>Andrew Hathaway<\/p>\n","protected":false},"excerpt":{"rendered":"<p>Geister-Schocker 71: Kalter Tod durch hei\u00dfe Flocken Inhalt: Die blauschwarzen Wolken hingen wie ein bleierner Sargdeckel \u00fcber dem Tal von Kilroy. In dichtem Gest\u00f6ber\u00a0 schwebte Schnee auf die gr\u00fcne Erde herunter. Ein lauer Junitag verwandelte sich in eiskalten Winter. Die Menschen liefen aus ihren H\u00e4usern und staunten \u00fcber die Laune der Natur. Sie wurden von&#8230;<\/p>\n<p><a rel=\"bookmark\" class=\"vonzot-button-simple wvc-button wvc-button-size-sm\" href=\"https:\/\/www.allscore.de\/shop\/produkt\/geister-schocker-71-kalter-tod-durch-heisse-flocken\/\"><span>Read more<\/span><\/a><\/p>\n","protected":false},"featured_media":9368,"template":"","meta":[],"product_brand":[],"product_cat":[74,72],"product_tag":[],"class_list":{"0":"post-9648","1":"product","2":"type-product","3":"status-publish","4":"has-post-thumbnail","6":"product_cat-geister-schocker","7":"product_cat-hoerspiele","8":"product_shipping_class-tontraeger-cd","9":"entry","10":"clearfix","11":"entry-grid","12":"entry-columns-3","13":"entry-product-module-layout-sidebar-right","14":"thumbnail-color-tone-dark","15":"entry-product","17":"entry-product-grid","19":"first","20":"instock","21":"sale","22":"taxable","23":"shipping-taxable","24":"purchasable","25":"product-type-simple"},"yoast_head":"<!-- This site is optimized with the Yoast SEO plugin v27.4 - https:\/\/yoast.com\/product\/yoast-seo-wordpress\/ -->\n<title>Geister-Schocker 71: Kalter Tod durch hei\u00dfe Flocken<\/title>\n<meta name=\"description\" content=\"Geister-Schocker 71: Kalter Tod durch hei\u00dfe Flocken Inhalt: Die blauschwarzen Wolken hingen wie ein bleierner Sargdeckel \u00fcber dem Tal von Kilroy. In\" \/>\n<meta name=\"robots\" content=\"index, follow, max-snippet:-1, max-image-preview:large, max-video-preview:-1\" \/>\n<link rel=\"canonical\" href=\"https:\/\/www.allscore.de\/shop\/produkt\/geister-schocker-71-kalter-tod-durch-heisse-flocken\/\" \/>\n<meta property=\"og:locale\" content=\"de_DE\" \/>\n<meta property=\"og:type\" content=\"article\" \/>\n<meta property=\"og:title\" content=\"Geister-Schocker 71: Kalter Tod durch hei\u00dfe Flocken\" \/>\n<meta property=\"og:description\" content=\"Geister-Schocker 71: Kalter Tod durch hei\u00dfe Flocken Inhalt: Die blauschwarzen Wolken hingen wie ein bleierner Sargdeckel \u00fcber dem Tal von Kilroy. In\" \/>\n<meta property=\"og:url\" content=\"https:\/\/www.allscore.de\/shop\/produkt\/geister-schocker-71-kalter-tod-durch-heisse-flocken\/\" \/>\n<meta property=\"og:site_name\" content=\"Allscore Shop\" \/>\n<meta property=\"article:modified_time\" content=\"2026-01-12T23:36:29+00:00\" \/>\n<meta property=\"og:image\" content=\"https:\/\/www.allscore.de\/shop\/wp-content\/uploads\/2021\/03\/GS71_1000px.jpg\" \/>\n\t<meta property=\"og:image:width\" content=\"1000\" \/>\n\t<meta property=\"og:image:height\" content=\"1000\" \/>\n\t<meta property=\"og:image:type\" content=\"image\/jpeg\" \/>\n<meta name=\"twitter:card\" content=\"summary_large_image\" \/>\n<meta name=\"twitter:label1\" content=\"Gesch\u00e4tzte Lesezeit\" \/>\n\t<meta name=\"twitter:data1\" content=\"1\u00a0Minute\" \/>\n<script type=\"application\/ld+json\" class=\"yoast-schema-graph\">{\"@context\":\"https:\\\/\\\/schema.org\",\"@graph\":[{\"@type\":\"WebPage\",\"@id\":\"https:\\\/\\\/www.allscore.de\\\/shop\\\/produkt\\\/geister-schocker-71-kalter-tod-durch-heisse-flocken\\\/\",\"url\":\"https:\\\/\\\/www.allscore.de\\\/shop\\\/produkt\\\/geister-schocker-71-kalter-tod-durch-heisse-flocken\\\/\",\"name\":\"Geister-Schocker 71: Kalter Tod durch hei\u00dfe Flocken\",\"isPartOf\":{\"@id\":\"https:\\\/\\\/www.allscore.de\\\/shop\\\/#website\"},\"primaryImageOfPage\":{\"@id\":\"https:\\\/\\\/www.allscore.de\\\/shop\\\/produkt\\\/geister-schocker-71-kalter-tod-durch-heisse-flocken\\\/#primaryimage\"},\"image\":{\"@id\":\"https:\\\/\\\/www.allscore.de\\\/shop\\\/produkt\\\/geister-schocker-71-kalter-tod-durch-heisse-flocken\\\/#primaryimage\"},\"thumbnailUrl\":\"https:\\\/\\\/www.allscore.de\\\/shop\\\/wp-content\\\/uploads\\\/2021\\\/03\\\/GS71_1000px.jpg\",\"datePublished\":\"2017-09-01T12:19:06+00:00\",\"dateModified\":\"2026-01-12T23:36:29+00:00\",\"description\":\"Geister-Schocker 71: Kalter Tod durch hei\u00dfe Flocken Inhalt: Die blauschwarzen Wolken hingen wie ein bleierner Sargdeckel \u00fcber dem Tal von Kilroy. In\",\"breadcrumb\":{\"@id\":\"https:\\\/\\\/www.allscore.de\\\/shop\\\/produkt\\\/geister-schocker-71-kalter-tod-durch-heisse-flocken\\\/#breadcrumb\"},\"inLanguage\":\"de\",\"potentialAction\":[{\"@type\":\"ReadAction\",\"target\":[\"https:\\\/\\\/www.allscore.de\\\/shop\\\/produkt\\\/geister-schocker-71-kalter-tod-durch-heisse-flocken\\\/\"]}]},{\"@type\":\"ImageObject\",\"inLanguage\":\"de\",\"@id\":\"https:\\\/\\\/www.allscore.de\\\/shop\\\/produkt\\\/geister-schocker-71-kalter-tod-durch-heisse-flocken\\\/#primaryimage\",\"url\":\"https:\\\/\\\/www.allscore.de\\\/shop\\\/wp-content\\\/uploads\\\/2021\\\/03\\\/GS71_1000px.jpg\",\"contentUrl\":\"https:\\\/\\\/www.allscore.de\\\/shop\\\/wp-content\\\/uploads\\\/2021\\\/03\\\/GS71_1000px.jpg\",\"width\":1000,\"height\":1000,\"caption\":\"Geister-Schocker (71): Kalter Tod durch hei\u00dfe Flocken\"},{\"@type\":\"BreadcrumbList\",\"@id\":\"https:\\\/\\\/www.allscore.de\\\/shop\\\/produkt\\\/geister-schocker-71-kalter-tod-durch-heisse-flocken\\\/#breadcrumb\",\"itemListElement\":[{\"@type\":\"ListItem\",\"position\":1,\"name\":\"Startseite\",\"item\":\"https:\\\/\\\/www.allscore.de\\\/shop\\\/\"},{\"@type\":\"ListItem\",\"position\":2,\"name\":\"Produkte\",\"item\":\"https:\\\/\\\/www.allscore.de\\\/shop\\\/shop\\\/\"},{\"@type\":\"ListItem\",\"position\":3,\"name\":\"Geister-Schocker 71: Kalter Tod durch hei\u00dfe Flocken\"}]},{\"@type\":\"WebSite\",\"@id\":\"https:\\\/\\\/www.allscore.de\\\/shop\\\/#website\",\"url\":\"https:\\\/\\\/www.allscore.de\\\/shop\\\/\",\"name\":\"Allscore Shop\",\"description\":\"All Score Media\",\"publisher\":{\"@id\":\"https:\\\/\\\/www.allscore.de\\\/shop\\\/#organization\"},\"potentialAction\":[{\"@type\":\"SearchAction\",\"target\":{\"@type\":\"EntryPoint\",\"urlTemplate\":\"https:\\\/\\\/www.allscore.de\\\/shop\\\/?s={search_term_string}\"},\"query-input\":{\"@type\":\"PropertyValueSpecification\",\"valueRequired\":true,\"valueName\":\"search_term_string\"}}],\"inLanguage\":\"de\"},{\"@type\":\"Organization\",\"@id\":\"https:\\\/\\\/www.allscore.de\\\/shop\\\/#organization\",\"name\":\"All Score Media\",\"alternateName\":\"Allscore\",\"url\":\"https:\\\/\\\/www.allscore.de\\\/shop\\\/\",\"logo\":{\"@type\":\"ImageObject\",\"inLanguage\":\"de\",\"@id\":\"https:\\\/\\\/www.allscore.de\\\/shop\\\/#\\\/schema\\\/logo\\\/image\\\/\",\"url\":\"https:\\\/\\\/www.allscore.de\\\/shop\\\/wp-content\\\/uploads\\\/2026\\\/01\\\/Logo_Yoast_Shop_2026.png\",\"contentUrl\":\"https:\\\/\\\/www.allscore.de\\\/shop\\\/wp-content\\\/uploads\\\/2026\\\/01\\\/Logo_Yoast_Shop_2026.png\",\"width\":696,\"height\":696,\"caption\":\"All Score Media\"},\"image\":{\"@id\":\"https:\\\/\\\/www.allscore.de\\\/shop\\\/#\\\/schema\\\/logo\\\/image\\\/\"}}]}<\/script>\n<!-- \/ Yoast SEO plugin. -->","yoast_head_json":{"title":"Geister-Schocker 71: Kalter Tod durch hei\u00dfe Flocken","description":"Geister-Schocker 71: Kalter Tod durch hei\u00dfe Flocken Inhalt: Die blauschwarzen Wolken hingen wie ein bleierner Sargdeckel \u00fcber dem Tal von Kilroy. In","robots":{"index":"index","follow":"follow","max-snippet":"max-snippet:-1","max-image-preview":"max-image-preview:large","max-video-preview":"max-video-preview:-1"},"canonical":"https:\/\/www.allscore.de\/shop\/produkt\/geister-schocker-71-kalter-tod-durch-heisse-flocken\/","og_locale":"de_DE","og_type":"article","og_title":"Geister-Schocker 71: Kalter Tod durch hei\u00dfe Flocken","og_description":"Geister-Schocker 71: Kalter Tod durch hei\u00dfe Flocken Inhalt: Die blauschwarzen Wolken hingen wie ein bleierner Sargdeckel \u00fcber dem Tal von Kilroy. In","og_url":"https:\/\/www.allscore.de\/shop\/produkt\/geister-schocker-71-kalter-tod-durch-heisse-flocken\/","og_site_name":"Allscore Shop","article_modified_time":"2026-01-12T23:36:29+00:00","og_image":[{"width":1000,"height":1000,"url":"https:\/\/www.allscore.de\/shop\/wp-content\/uploads\/2021\/03\/GS71_1000px.jpg","type":"image\/jpeg"}],"twitter_card":"summary_large_image","twitter_misc":{"Gesch\u00e4tzte Lesezeit":"1\u00a0Minute"},"schema":{"@context":"https:\/\/schema.org","@graph":[{"@type":"WebPage","@id":"https:\/\/www.allscore.de\/shop\/produkt\/geister-schocker-71-kalter-tod-durch-heisse-flocken\/","url":"https:\/\/www.allscore.de\/shop\/produkt\/geister-schocker-71-kalter-tod-durch-heisse-flocken\/","name":"Geister-Schocker 71: Kalter Tod durch hei\u00dfe Flocken","isPartOf":{"@id":"https:\/\/www.allscore.de\/shop\/#website"},"primaryImageOfPage":{"@id":"https:\/\/www.allscore.de\/shop\/produkt\/geister-schocker-71-kalter-tod-durch-heisse-flocken\/#primaryimage"},"image":{"@id":"https:\/\/www.allscore.de\/shop\/produkt\/geister-schocker-71-kalter-tod-durch-heisse-flocken\/#primaryimage"},"thumbnailUrl":"https:\/\/www.allscore.de\/shop\/wp-content\/uploads\/2021\/03\/GS71_1000px.jpg","datePublished":"2017-09-01T12:19:06+00:00","dateModified":"2026-01-12T23:36:29+00:00","description":"Geister-Schocker 71: Kalter Tod durch hei\u00dfe Flocken Inhalt: Die blauschwarzen Wolken hingen wie ein bleierner Sargdeckel \u00fcber dem Tal von Kilroy. In","breadcrumb":{"@id":"https:\/\/www.allscore.de\/shop\/produkt\/geister-schocker-71-kalter-tod-durch-heisse-flocken\/#breadcrumb"},"inLanguage":"de","potentialAction":[{"@type":"ReadAction","target":["https:\/\/www.allscore.de\/shop\/produkt\/geister-schocker-71-kalter-tod-durch-heisse-flocken\/"]}]},{"@type":"ImageObject","inLanguage":"de","@id":"https:\/\/www.allscore.de\/shop\/produkt\/geister-schocker-71-kalter-tod-durch-heisse-flocken\/#primaryimage","url":"https:\/\/www.allscore.de\/shop\/wp-content\/uploads\/2021\/03\/GS71_1000px.jpg","contentUrl":"https:\/\/www.allscore.de\/shop\/wp-content\/uploads\/2021\/03\/GS71_1000px.jpg","width":1000,"height":1000,"caption":"Geister-Schocker (71): Kalter Tod durch hei\u00dfe Flocken"},{"@type":"BreadcrumbList","@id":"https:\/\/www.allscore.de\/shop\/produkt\/geister-schocker-71-kalter-tod-durch-heisse-flocken\/#breadcrumb","itemListElement":[{"@type":"ListItem","position":1,"name":"Startseite","item":"https:\/\/www.allscore.de\/shop\/"},{"@type":"ListItem","position":2,"name":"Produkte","item":"https:\/\/www.allscore.de\/shop\/shop\/"},{"@type":"ListItem","position":3,"name":"Geister-Schocker 71: Kalter Tod durch hei\u00dfe Flocken"}]},{"@type":"WebSite","@id":"https:\/\/www.allscore.de\/shop\/#website","url":"https:\/\/www.allscore.de\/shop\/","name":"Allscore Shop","description":"All Score Media","publisher":{"@id":"https:\/\/www.allscore.de\/shop\/#organization"},"potentialAction":[{"@type":"SearchAction","target":{"@type":"EntryPoint","urlTemplate":"https:\/\/www.allscore.de\/shop\/?s={search_term_string}"},"query-input":{"@type":"PropertyValueSpecification","valueRequired":true,"valueName":"search_term_string"}}],"inLanguage":"de"},{"@type":"Organization","@id":"https:\/\/www.allscore.de\/shop\/#organization","name":"All Score Media","alternateName":"Allscore","url":"https:\/\/www.allscore.de\/shop\/","logo":{"@type":"ImageObject","inLanguage":"de","@id":"https:\/\/www.allscore.de\/shop\/#\/schema\/logo\/image\/","url":"https:\/\/www.allscore.de\/shop\/wp-content\/uploads\/2026\/01\/Logo_Yoast_Shop_2026.png","contentUrl":"https:\/\/www.allscore.de\/shop\/wp-content\/uploads\/2026\/01\/Logo_Yoast_Shop_2026.png","width":696,"height":696,"caption":"All Score Media"},"image":{"@id":"https:\/\/www.allscore.de\/shop\/#\/schema\/logo\/image\/"}}]}},"_links":{"self":[{"href":"https:\/\/www.allscore.de\/shop\/wp-json\/wp\/v2\/product\/9648","targetHints":{"allow":["GET"]}}],"collection":[{"href":"https:\/\/www.allscore.de\/shop\/wp-json\/wp\/v2\/product"}],"about":[{"href":"https:\/\/www.allscore.de\/shop\/wp-json\/wp\/v2\/types\/product"}],"wp:featuredmedia":[{"embeddable":true,"href":"https:\/\/www.allscore.de\/shop\/wp-json\/wp\/v2\/media\/9368"}],"wp:attachment":[{"href":"https:\/\/www.allscore.de\/shop\/wp-json\/wp\/v2\/media?parent=9648"}],"wp:term":[{"taxonomy":"product_brand","embeddable":true,"href":"https:\/\/www.allscore.de\/shop\/wp-json\/wp\/v2\/product_brand?post=9648"},{"taxonomy":"product_cat","embeddable":true,"href":"https:\/\/www.allscore.de\/shop\/wp-json\/wp\/v2\/product_cat?post=9648"},{"taxonomy":"product_tag","embeddable":true,"href":"https:\/\/www.allscore.de\/shop\/wp-json\/wp\/v2\/product_tag?post=9648"}],"curies":[{"name":"wp","href":"https:\/\/api.w.org\/{rel}","templated":true}]}}