{"id":9632,"date":"2016-07-28T14:01:53","date_gmt":"2016-07-28T12:01:53","guid":{"rendered":"https:\/\/www.allscore.de\/shop\/?post_type=product&#038;p=9632"},"modified":"2025-10-15T17:24:06","modified_gmt":"2025-10-15T15:24:06","slug":"geister-schocker-63-boten-des-unheils","status":"publish","type":"product","link":"https:\/\/www.allscore.de\/shop\/produkt\/geister-schocker-63-boten-des-unheils\/","title":{"rendered":"Geister-Schocker 63: Boten des Unheils"},"content":{"rendered":"<p>Geister-Schocker 63: Boten des Unheils<\/p>\n<p><strong><u>Inhalt:<br \/>\n<\/u><\/strong>Panik und Entsetzen herrscht auf einer Insel im \u00c4g\u00e4ischen Meer. In gewissen Zeitabst\u00e4nden erscheint dort eine D\u00e4monin, die unter den dort Lebenden schreckliche Ernte h\u00e4lt. Niemand wagt sich gegen die Teufelin zur Wehr zu setzen. Denn immer wenn die Knochenreiter erscheinen, wei\u00df man, dass die D\u00e4monin wieder ein Opfer braucht. Und die Knochenreiter, diese grausamen Boten des Unheils, sind unbesiegbar \u2026<\/p>\n<p><strong><u>Sprecher:<br \/>\n<\/u><\/strong>Martin Kautz, Norman Matt, Roland Wolff, Sarah Riedel, Uschi Hugo, Rainer Gerlach, Hans Eckardt Eckhardt, Maja Maneiro, Anita Hopt, Tino Kie\u00dfling, Bert Franzke, Helmut Krauss, Arne Stephan, Thomas Nero Wolff, Andrea Aust, Michael Pan, Erik Albrodt<\/p>\n<p><strong><u>Autor:<br \/>\n<\/u><\/strong>Earl Warren<\/p>\n","protected":false},"excerpt":{"rendered":"<p>Geister-Schocker 63: Boten des Unheils Inhalt: Panik und Entsetzen herrscht auf einer Insel im \u00c4g\u00e4ischen Meer. In gewissen Zeitabst\u00e4nden erscheint dort eine D\u00e4monin, die unter den dort Lebenden schreckliche Ernte h\u00e4lt. Niemand wagt sich gegen die Teufelin zur Wehr zu setzen. Denn immer wenn die Knochenreiter erscheinen, wei\u00df man, dass die D\u00e4monin wieder ein Opfer&#8230;<\/p>\n<p><a rel=\"bookmark\" class=\"vonzot-button-simple wvc-button wvc-button-size-sm\" href=\"https:\/\/www.allscore.de\/shop\/produkt\/geister-schocker-63-boten-des-unheils\/\"><span>Read more<\/span><\/a><\/p>\n","protected":false},"featured_media":9352,"template":"","meta":[],"product_brand":[],"product_cat":[74,72],"product_tag":[],"class_list":{"0":"post-9632","1":"product","2":"type-product","3":"status-publish","4":"has-post-thumbnail","6":"product_cat-geister-schocker","7":"product_cat-hoerspiele","8":"product_shipping_class-tontraeger-cd","9":"entry","10":"clearfix","11":"entry-grid","12":"entry-columns-3","13":"entry-product-module-layout-sidebar-right","14":"thumbnail-color-tone-dark","15":"entry-product","17":"entry-product-grid","19":"first","20":"instock","21":"taxable","22":"shipping-taxable","23":"purchasable","24":"product-type-simple"},"yoast_head":"<!-- This site is optimized with the Yoast SEO plugin v27.4 - https:\/\/yoast.com\/product\/yoast-seo-wordpress\/ -->\n<title>Geister-Schocker 63: Boten des Unheils<\/title>\n<meta name=\"description\" content=\"Geister-Schocker 63: Boten des Unheils Inhalt: Panik und Entsetzen herrscht auf einer Insel im \u00c4g\u00e4ischen Meer. In gewissen Zeitabst\u00e4nden erscheint dort\" \/>\n<meta name=\"robots\" content=\"index, follow, max-snippet:-1, max-image-preview:large, max-video-preview:-1\" \/>\n<link rel=\"canonical\" href=\"https:\/\/www.allscore.de\/shop\/produkt\/geister-schocker-63-boten-des-unheils\/\" \/>\n<meta property=\"og:locale\" content=\"de_DE\" \/>\n<meta property=\"og:type\" content=\"article\" \/>\n<meta property=\"og:title\" content=\"Geister-Schocker 63: Boten des Unheils\" \/>\n<meta property=\"og:description\" content=\"Geister-Schocker 63: Boten des Unheils Inhalt: Panik und Entsetzen herrscht auf einer Insel im \u00c4g\u00e4ischen Meer. In gewissen Zeitabst\u00e4nden erscheint dort\" \/>\n<meta property=\"og:url\" content=\"https:\/\/www.allscore.de\/shop\/produkt\/geister-schocker-63-boten-des-unheils\/\" \/>\n<meta property=\"og:site_name\" content=\"Allscore Shop\" \/>\n<meta property=\"article:modified_time\" content=\"2025-10-15T15:24:06+00:00\" \/>\n<meta property=\"og:image\" content=\"https:\/\/www.allscore.de\/shop\/wp-content\/uploads\/2021\/03\/GS63_1200px.jpg\" \/>\n\t<meta property=\"og:image:width\" content=\"1200\" \/>\n\t<meta property=\"og:image:height\" content=\"1200\" \/>\n\t<meta property=\"og:image:type\" content=\"image\/jpeg\" \/>\n<meta name=\"twitter:card\" content=\"summary_large_image\" \/>\n<meta name=\"twitter:label1\" content=\"Gesch\u00e4tzte Lesezeit\" \/>\n\t<meta name=\"twitter:data1\" content=\"1\u00a0Minute\" \/>\n<script type=\"application\/ld+json\" class=\"yoast-schema-graph\">{\"@context\":\"https:\\\/\\\/schema.org\",\"@graph\":[{\"@type\":\"WebPage\",\"@id\":\"https:\\\/\\\/www.allscore.de\\\/shop\\\/produkt\\\/geister-schocker-63-boten-des-unheils\\\/\",\"url\":\"https:\\\/\\\/www.allscore.de\\\/shop\\\/produkt\\\/geister-schocker-63-boten-des-unheils\\\/\",\"name\":\"Geister-Schocker 63: Boten des Unheils\",\"isPartOf\":{\"@id\":\"https:\\\/\\\/www.allscore.de\\\/shop\\\/#website\"},\"primaryImageOfPage\":{\"@id\":\"https:\\\/\\\/www.allscore.de\\\/shop\\\/produkt\\\/geister-schocker-63-boten-des-unheils\\\/#primaryimage\"},\"image\":{\"@id\":\"https:\\\/\\\/www.allscore.de\\\/shop\\\/produkt\\\/geister-schocker-63-boten-des-unheils\\\/#primaryimage\"},\"thumbnailUrl\":\"https:\\\/\\\/www.allscore.de\\\/shop\\\/wp-content\\\/uploads\\\/2021\\\/03\\\/GS63_1200px.jpg\",\"datePublished\":\"2016-07-28T12:01:53+00:00\",\"dateModified\":\"2025-10-15T15:24:06+00:00\",\"description\":\"Geister-Schocker 63: Boten des Unheils Inhalt: Panik und Entsetzen herrscht auf einer Insel im \u00c4g\u00e4ischen Meer. In gewissen Zeitabst\u00e4nden erscheint dort\",\"breadcrumb\":{\"@id\":\"https:\\\/\\\/www.allscore.de\\\/shop\\\/produkt\\\/geister-schocker-63-boten-des-unheils\\\/#breadcrumb\"},\"inLanguage\":\"de\",\"potentialAction\":[{\"@type\":\"ReadAction\",\"target\":[\"https:\\\/\\\/www.allscore.de\\\/shop\\\/produkt\\\/geister-schocker-63-boten-des-unheils\\\/\"]}]},{\"@type\":\"ImageObject\",\"inLanguage\":\"de\",\"@id\":\"https:\\\/\\\/www.allscore.de\\\/shop\\\/produkt\\\/geister-schocker-63-boten-des-unheils\\\/#primaryimage\",\"url\":\"https:\\\/\\\/www.allscore.de\\\/shop\\\/wp-content\\\/uploads\\\/2021\\\/03\\\/GS63_1200px.jpg\",\"contentUrl\":\"https:\\\/\\\/www.allscore.de\\\/shop\\\/wp-content\\\/uploads\\\/2021\\\/03\\\/GS63_1200px.jpg\",\"width\":1200,\"height\":1200,\"caption\":\"Geister-Schocker (63): Boten des Unheils\"},{\"@type\":\"BreadcrumbList\",\"@id\":\"https:\\\/\\\/www.allscore.de\\\/shop\\\/produkt\\\/geister-schocker-63-boten-des-unheils\\\/#breadcrumb\",\"itemListElement\":[{\"@type\":\"ListItem\",\"position\":1,\"name\":\"Startseite\",\"item\":\"https:\\\/\\\/www.allscore.de\\\/shop\\\/\"},{\"@type\":\"ListItem\",\"position\":2,\"name\":\"Produkte\",\"item\":\"https:\\\/\\\/www.allscore.de\\\/shop\\\/shop\\\/\"},{\"@type\":\"ListItem\",\"position\":3,\"name\":\"Geister-Schocker 63: Boten des Unheils\"}]},{\"@type\":\"WebSite\",\"@id\":\"https:\\\/\\\/www.allscore.de\\\/shop\\\/#website\",\"url\":\"https:\\\/\\\/www.allscore.de\\\/shop\\\/\",\"name\":\"Allscore Shop\",\"description\":\"All Score Media\",\"publisher\":{\"@id\":\"https:\\\/\\\/www.allscore.de\\\/shop\\\/#organization\"},\"potentialAction\":[{\"@type\":\"SearchAction\",\"target\":{\"@type\":\"EntryPoint\",\"urlTemplate\":\"https:\\\/\\\/www.allscore.de\\\/shop\\\/?s={search_term_string}\"},\"query-input\":{\"@type\":\"PropertyValueSpecification\",\"valueRequired\":true,\"valueName\":\"search_term_string\"}}],\"inLanguage\":\"de\"},{\"@type\":\"Organization\",\"@id\":\"https:\\\/\\\/www.allscore.de\\\/shop\\\/#organization\",\"name\":\"All Score Media\",\"alternateName\":\"Allscore\",\"url\":\"https:\\\/\\\/www.allscore.de\\\/shop\\\/\",\"logo\":{\"@type\":\"ImageObject\",\"inLanguage\":\"de\",\"@id\":\"https:\\\/\\\/www.allscore.de\\\/shop\\\/#\\\/schema\\\/logo\\\/image\\\/\",\"url\":\"https:\\\/\\\/www.allscore.de\\\/shop\\\/wp-content\\\/uploads\\\/2026\\\/01\\\/Logo_Yoast_Shop_2026.png\",\"contentUrl\":\"https:\\\/\\\/www.allscore.de\\\/shop\\\/wp-content\\\/uploads\\\/2026\\\/01\\\/Logo_Yoast_Shop_2026.png\",\"width\":696,\"height\":696,\"caption\":\"All Score Media\"},\"image\":{\"@id\":\"https:\\\/\\\/www.allscore.de\\\/shop\\\/#\\\/schema\\\/logo\\\/image\\\/\"}}]}<\/script>\n<!-- \/ Yoast SEO plugin. -->","yoast_head_json":{"title":"Geister-Schocker 63: Boten des Unheils","description":"Geister-Schocker 63: Boten des Unheils Inhalt: Panik und Entsetzen herrscht auf einer Insel im \u00c4g\u00e4ischen Meer. In gewissen Zeitabst\u00e4nden erscheint dort","robots":{"index":"index","follow":"follow","max-snippet":"max-snippet:-1","max-image-preview":"max-image-preview:large","max-video-preview":"max-video-preview:-1"},"canonical":"https:\/\/www.allscore.de\/shop\/produkt\/geister-schocker-63-boten-des-unheils\/","og_locale":"de_DE","og_type":"article","og_title":"Geister-Schocker 63: Boten des Unheils","og_description":"Geister-Schocker 63: Boten des Unheils Inhalt: Panik und Entsetzen herrscht auf einer Insel im \u00c4g\u00e4ischen Meer. In gewissen Zeitabst\u00e4nden erscheint dort","og_url":"https:\/\/www.allscore.de\/shop\/produkt\/geister-schocker-63-boten-des-unheils\/","og_site_name":"Allscore Shop","article_modified_time":"2025-10-15T15:24:06+00:00","og_image":[{"width":1200,"height":1200,"url":"https:\/\/www.allscore.de\/shop\/wp-content\/uploads\/2021\/03\/GS63_1200px.jpg","type":"image\/jpeg"}],"twitter_card":"summary_large_image","twitter_misc":{"Gesch\u00e4tzte Lesezeit":"1\u00a0Minute"},"schema":{"@context":"https:\/\/schema.org","@graph":[{"@type":"WebPage","@id":"https:\/\/www.allscore.de\/shop\/produkt\/geister-schocker-63-boten-des-unheils\/","url":"https:\/\/www.allscore.de\/shop\/produkt\/geister-schocker-63-boten-des-unheils\/","name":"Geister-Schocker 63: Boten des Unheils","isPartOf":{"@id":"https:\/\/www.allscore.de\/shop\/#website"},"primaryImageOfPage":{"@id":"https:\/\/www.allscore.de\/shop\/produkt\/geister-schocker-63-boten-des-unheils\/#primaryimage"},"image":{"@id":"https:\/\/www.allscore.de\/shop\/produkt\/geister-schocker-63-boten-des-unheils\/#primaryimage"},"thumbnailUrl":"https:\/\/www.allscore.de\/shop\/wp-content\/uploads\/2021\/03\/GS63_1200px.jpg","datePublished":"2016-07-28T12:01:53+00:00","dateModified":"2025-10-15T15:24:06+00:00","description":"Geister-Schocker 63: Boten des Unheils Inhalt: Panik und Entsetzen herrscht auf einer Insel im \u00c4g\u00e4ischen Meer. In gewissen Zeitabst\u00e4nden erscheint dort","breadcrumb":{"@id":"https:\/\/www.allscore.de\/shop\/produkt\/geister-schocker-63-boten-des-unheils\/#breadcrumb"},"inLanguage":"de","potentialAction":[{"@type":"ReadAction","target":["https:\/\/www.allscore.de\/shop\/produkt\/geister-schocker-63-boten-des-unheils\/"]}]},{"@type":"ImageObject","inLanguage":"de","@id":"https:\/\/www.allscore.de\/shop\/produkt\/geister-schocker-63-boten-des-unheils\/#primaryimage","url":"https:\/\/www.allscore.de\/shop\/wp-content\/uploads\/2021\/03\/GS63_1200px.jpg","contentUrl":"https:\/\/www.allscore.de\/shop\/wp-content\/uploads\/2021\/03\/GS63_1200px.jpg","width":1200,"height":1200,"caption":"Geister-Schocker (63): Boten des Unheils"},{"@type":"BreadcrumbList","@id":"https:\/\/www.allscore.de\/shop\/produkt\/geister-schocker-63-boten-des-unheils\/#breadcrumb","itemListElement":[{"@type":"ListItem","position":1,"name":"Startseite","item":"https:\/\/www.allscore.de\/shop\/"},{"@type":"ListItem","position":2,"name":"Produkte","item":"https:\/\/www.allscore.de\/shop\/shop\/"},{"@type":"ListItem","position":3,"name":"Geister-Schocker 63: Boten des Unheils"}]},{"@type":"WebSite","@id":"https:\/\/www.allscore.de\/shop\/#website","url":"https:\/\/www.allscore.de\/shop\/","name":"Allscore Shop","description":"All Score Media","publisher":{"@id":"https:\/\/www.allscore.de\/shop\/#organization"},"potentialAction":[{"@type":"SearchAction","target":{"@type":"EntryPoint","urlTemplate":"https:\/\/www.allscore.de\/shop\/?s={search_term_string}"},"query-input":{"@type":"PropertyValueSpecification","valueRequired":true,"valueName":"search_term_string"}}],"inLanguage":"de"},{"@type":"Organization","@id":"https:\/\/www.allscore.de\/shop\/#organization","name":"All Score Media","alternateName":"Allscore","url":"https:\/\/www.allscore.de\/shop\/","logo":{"@type":"ImageObject","inLanguage":"de","@id":"https:\/\/www.allscore.de\/shop\/#\/schema\/logo\/image\/","url":"https:\/\/www.allscore.de\/shop\/wp-content\/uploads\/2026\/01\/Logo_Yoast_Shop_2026.png","contentUrl":"https:\/\/www.allscore.de\/shop\/wp-content\/uploads\/2026\/01\/Logo_Yoast_Shop_2026.png","width":696,"height":696,"caption":"All Score Media"},"image":{"@id":"https:\/\/www.allscore.de\/shop\/#\/schema\/logo\/image\/"}}]}},"_links":{"self":[{"href":"https:\/\/www.allscore.de\/shop\/wp-json\/wp\/v2\/product\/9632","targetHints":{"allow":["GET"]}}],"collection":[{"href":"https:\/\/www.allscore.de\/shop\/wp-json\/wp\/v2\/product"}],"about":[{"href":"https:\/\/www.allscore.de\/shop\/wp-json\/wp\/v2\/types\/product"}],"wp:featuredmedia":[{"embeddable":true,"href":"https:\/\/www.allscore.de\/shop\/wp-json\/wp\/v2\/media\/9352"}],"wp:attachment":[{"href":"https:\/\/www.allscore.de\/shop\/wp-json\/wp\/v2\/media?parent=9632"}],"wp:term":[{"taxonomy":"product_brand","embeddable":true,"href":"https:\/\/www.allscore.de\/shop\/wp-json\/wp\/v2\/product_brand?post=9632"},{"taxonomy":"product_cat","embeddable":true,"href":"https:\/\/www.allscore.de\/shop\/wp-json\/wp\/v2\/product_cat?post=9632"},{"taxonomy":"product_tag","embeddable":true,"href":"https:\/\/www.allscore.de\/shop\/wp-json\/wp\/v2\/product_tag?post=9632"}],"curies":[{"name":"wp","href":"https:\/\/api.w.org\/{rel}","templated":true}]}}