{"id":9587,"date":"2013-04-30T16:29:58","date_gmt":"2013-04-30T14:29:58","guid":{"rendered":"https:\/\/www.allscore.de\/shop\/?post_type=product&#038;p=9587"},"modified":"2025-10-15T17:20:55","modified_gmt":"2025-10-15T15:20:55","slug":"geister-schocker-41-das-monster-aus-dem-jenseits","status":"publish","type":"product","link":"https:\/\/www.allscore.de\/shop\/produkt\/geister-schocker-41-das-monster-aus-dem-jenseits\/","title":{"rendered":"Geister-Schocker 41: Das Monster aus dem Jenseits"},"content":{"rendered":"<p>Geister-Schocker 41: Das Monster aus dem Jenseits<\/p>\n<p><strong><u>Inhalt:<br \/>\n<\/u><\/strong>Mein Chefredakteur hatte wirklich einen seltsamen Humor. Schickt mich im November auf eine Nordland \u2013 Kreuzfahrt. Ein schonungsloser Enth\u00fcllungsbericht \u00fcber die miserablen Zust\u00e4nde auf modernen Kreuzfahrtschiffen sollte es werden. Als ob das jemanden hinter dem Ofen hervorlockt. Interessant sollte es aber dennoch werden. Und zwar interessanter als es Eileen und mir lieb war. Denn an Bord befanden sich nicht nur abenteuerlustige Touristen. Nein. Tief unten \u2013 in den Lagerr\u00e4umen \u2013 da erwachte ein Wesen aus l\u00e4ngst vergessenen Tagen. Ein m\u00e4chtiger D\u00e4mon. Und er lechzte nach Blut \u2013 nach Tod und Vernichtung. Im Verborgenen machte er sich die Menschen an Bord zu seinen Dienern \u2013 einen nach dem anderen. Dann brach das Grauen an Bord des Luxusliners los. Hilflos sa\u00dfen wir in der Falle.<\/p>\n<p><strong><u>Sprecher:<br \/>\n<\/u><\/strong>Helgo Liebig, Martin Kessler, Sabine Berg, Tom Jacobs, Till Hagen, Corinna Riegner, Michael Beyer, Bert Stevens, Wolfgang Rositzka, Andi Kr\u00f6sing, David Riedel, Helmut Winkelmann<\/p>\n<p><strong><u>Autor:<\/u><\/strong><br \/>\nBrett Simmons<\/p>\n","protected":false},"excerpt":{"rendered":"<p>Geister-Schocker 41: Das Monster aus dem Jenseits Inhalt: Mein Chefredakteur hatte wirklich einen seltsamen Humor. Schickt mich im November auf eine Nordland \u2013 Kreuzfahrt. Ein schonungsloser Enth\u00fcllungsbericht \u00fcber die miserablen Zust\u00e4nde auf modernen Kreuzfahrtschiffen sollte es werden. Als ob das jemanden hinter dem Ofen hervorlockt. Interessant sollte es aber dennoch werden. Und zwar interessanter als&#8230;<\/p>\n<p><a rel=\"bookmark\" class=\"vonzot-button-simple wvc-button wvc-button-size-sm\" href=\"https:\/\/www.allscore.de\/shop\/produkt\/geister-schocker-41-das-monster-aus-dem-jenseits\/\"><span>Read more<\/span><\/a><\/p>\n","protected":false},"featured_media":9456,"template":"","meta":[],"product_brand":[],"product_cat":[74,72],"product_tag":[],"class_list":{"0":"post-9587","1":"product","2":"type-product","3":"status-publish","4":"has-post-thumbnail","6":"product_cat-geister-schocker","7":"product_cat-hoerspiele","8":"product_shipping_class-tontraeger-cd","9":"entry","10":"clearfix","11":"entry-grid","12":"entry-columns-3","13":"entry-product-module-layout-sidebar-right","14":"thumbnail-color-tone-dark","15":"entry-product","17":"entry-product-grid","19":"first","20":"instock","21":"taxable","22":"shipping-taxable","23":"purchasable","24":"product-type-simple"},"yoast_head":"<!-- This site is optimized with the Yoast SEO plugin v27.4 - https:\/\/yoast.com\/product\/yoast-seo-wordpress\/ -->\n<title>Geister-Schocker 41: Das Monster aus dem Jenseits<\/title>\n<meta name=\"description\" content=\"Geister-Schocker 41: Das Monster aus dem Jenseits Inhalt: Mein Chefredakteur hatte wirklich einen seltsamen Humor. Schickt mich im November auf eine\" \/>\n<meta name=\"robots\" content=\"index, follow, max-snippet:-1, max-image-preview:large, max-video-preview:-1\" \/>\n<link rel=\"canonical\" href=\"https:\/\/www.allscore.de\/shop\/produkt\/geister-schocker-41-das-monster-aus-dem-jenseits\/\" \/>\n<meta property=\"og:locale\" content=\"de_DE\" \/>\n<meta property=\"og:type\" content=\"article\" \/>\n<meta property=\"og:title\" content=\"Geister-Schocker 41: Das Monster aus dem Jenseits\" \/>\n<meta property=\"og:description\" content=\"Geister-Schocker 41: Das Monster aus dem Jenseits Inhalt: Mein Chefredakteur hatte wirklich einen seltsamen Humor. Schickt mich im November auf eine\" \/>\n<meta property=\"og:url\" content=\"https:\/\/www.allscore.de\/shop\/produkt\/geister-schocker-41-das-monster-aus-dem-jenseits\/\" \/>\n<meta property=\"og:site_name\" content=\"Allscore Shop\" \/>\n<meta property=\"article:modified_time\" content=\"2025-10-15T15:20:55+00:00\" \/>\n<meta property=\"og:image\" content=\"https:\/\/www.allscore.de\/shop\/wp-content\/uploads\/2021\/03\/GS41_1000px.jpg\" \/>\n\t<meta property=\"og:image:width\" content=\"1000\" \/>\n\t<meta property=\"og:image:height\" content=\"1000\" \/>\n\t<meta property=\"og:image:type\" content=\"image\/jpeg\" \/>\n<meta name=\"twitter:card\" content=\"summary_large_image\" \/>\n<meta name=\"twitter:label1\" content=\"Gesch\u00e4tzte Lesezeit\" \/>\n\t<meta name=\"twitter:data1\" content=\"1\u00a0Minute\" \/>\n<script type=\"application\/ld+json\" class=\"yoast-schema-graph\">{\"@context\":\"https:\\\/\\\/schema.org\",\"@graph\":[{\"@type\":\"WebPage\",\"@id\":\"https:\\\/\\\/www.allscore.de\\\/shop\\\/produkt\\\/geister-schocker-41-das-monster-aus-dem-jenseits\\\/\",\"url\":\"https:\\\/\\\/www.allscore.de\\\/shop\\\/produkt\\\/geister-schocker-41-das-monster-aus-dem-jenseits\\\/\",\"name\":\"Geister-Schocker 41: Das Monster aus dem Jenseits\",\"isPartOf\":{\"@id\":\"https:\\\/\\\/www.allscore.de\\\/shop\\\/#website\"},\"primaryImageOfPage\":{\"@id\":\"https:\\\/\\\/www.allscore.de\\\/shop\\\/produkt\\\/geister-schocker-41-das-monster-aus-dem-jenseits\\\/#primaryimage\"},\"image\":{\"@id\":\"https:\\\/\\\/www.allscore.de\\\/shop\\\/produkt\\\/geister-schocker-41-das-monster-aus-dem-jenseits\\\/#primaryimage\"},\"thumbnailUrl\":\"https:\\\/\\\/www.allscore.de\\\/shop\\\/wp-content\\\/uploads\\\/2021\\\/03\\\/GS41_1000px.jpg\",\"datePublished\":\"2013-04-30T14:29:58+00:00\",\"dateModified\":\"2025-10-15T15:20:55+00:00\",\"description\":\"Geister-Schocker 41: Das Monster aus dem Jenseits Inhalt: Mein Chefredakteur hatte wirklich einen seltsamen Humor. Schickt mich im November auf eine\",\"breadcrumb\":{\"@id\":\"https:\\\/\\\/www.allscore.de\\\/shop\\\/produkt\\\/geister-schocker-41-das-monster-aus-dem-jenseits\\\/#breadcrumb\"},\"inLanguage\":\"de\",\"potentialAction\":[{\"@type\":\"ReadAction\",\"target\":[\"https:\\\/\\\/www.allscore.de\\\/shop\\\/produkt\\\/geister-schocker-41-das-monster-aus-dem-jenseits\\\/\"]}]},{\"@type\":\"ImageObject\",\"inLanguage\":\"de\",\"@id\":\"https:\\\/\\\/www.allscore.de\\\/shop\\\/produkt\\\/geister-schocker-41-das-monster-aus-dem-jenseits\\\/#primaryimage\",\"url\":\"https:\\\/\\\/www.allscore.de\\\/shop\\\/wp-content\\\/uploads\\\/2021\\\/03\\\/GS41_1000px.jpg\",\"contentUrl\":\"https:\\\/\\\/www.allscore.de\\\/shop\\\/wp-content\\\/uploads\\\/2021\\\/03\\\/GS41_1000px.jpg\",\"width\":1000,\"height\":1000,\"caption\":\"Geister-Schocker (41): Das Monster aus dem Jenseits\"},{\"@type\":\"BreadcrumbList\",\"@id\":\"https:\\\/\\\/www.allscore.de\\\/shop\\\/produkt\\\/geister-schocker-41-das-monster-aus-dem-jenseits\\\/#breadcrumb\",\"itemListElement\":[{\"@type\":\"ListItem\",\"position\":1,\"name\":\"Startseite\",\"item\":\"https:\\\/\\\/www.allscore.de\\\/shop\\\/\"},{\"@type\":\"ListItem\",\"position\":2,\"name\":\"Produkte\",\"item\":\"https:\\\/\\\/www.allscore.de\\\/shop\\\/shop\\\/\"},{\"@type\":\"ListItem\",\"position\":3,\"name\":\"Geister-Schocker 41: Das Monster aus dem Jenseits\"}]},{\"@type\":\"WebSite\",\"@id\":\"https:\\\/\\\/www.allscore.de\\\/shop\\\/#website\",\"url\":\"https:\\\/\\\/www.allscore.de\\\/shop\\\/\",\"name\":\"Allscore Shop\",\"description\":\"All Score Media\",\"publisher\":{\"@id\":\"https:\\\/\\\/www.allscore.de\\\/shop\\\/#organization\"},\"potentialAction\":[{\"@type\":\"SearchAction\",\"target\":{\"@type\":\"EntryPoint\",\"urlTemplate\":\"https:\\\/\\\/www.allscore.de\\\/shop\\\/?s={search_term_string}\"},\"query-input\":{\"@type\":\"PropertyValueSpecification\",\"valueRequired\":true,\"valueName\":\"search_term_string\"}}],\"inLanguage\":\"de\"},{\"@type\":\"Organization\",\"@id\":\"https:\\\/\\\/www.allscore.de\\\/shop\\\/#organization\",\"name\":\"All Score Media\",\"alternateName\":\"Allscore\",\"url\":\"https:\\\/\\\/www.allscore.de\\\/shop\\\/\",\"logo\":{\"@type\":\"ImageObject\",\"inLanguage\":\"de\",\"@id\":\"https:\\\/\\\/www.allscore.de\\\/shop\\\/#\\\/schema\\\/logo\\\/image\\\/\",\"url\":\"https:\\\/\\\/www.allscore.de\\\/shop\\\/wp-content\\\/uploads\\\/2026\\\/01\\\/Logo_Yoast_Shop_2026.png\",\"contentUrl\":\"https:\\\/\\\/www.allscore.de\\\/shop\\\/wp-content\\\/uploads\\\/2026\\\/01\\\/Logo_Yoast_Shop_2026.png\",\"width\":696,\"height\":696,\"caption\":\"All Score Media\"},\"image\":{\"@id\":\"https:\\\/\\\/www.allscore.de\\\/shop\\\/#\\\/schema\\\/logo\\\/image\\\/\"}}]}<\/script>\n<!-- \/ Yoast SEO plugin. -->","yoast_head_json":{"title":"Geister-Schocker 41: Das Monster aus dem Jenseits","description":"Geister-Schocker 41: Das Monster aus dem Jenseits Inhalt: Mein Chefredakteur hatte wirklich einen seltsamen Humor. Schickt mich im November auf eine","robots":{"index":"index","follow":"follow","max-snippet":"max-snippet:-1","max-image-preview":"max-image-preview:large","max-video-preview":"max-video-preview:-1"},"canonical":"https:\/\/www.allscore.de\/shop\/produkt\/geister-schocker-41-das-monster-aus-dem-jenseits\/","og_locale":"de_DE","og_type":"article","og_title":"Geister-Schocker 41: Das Monster aus dem Jenseits","og_description":"Geister-Schocker 41: Das Monster aus dem Jenseits Inhalt: Mein Chefredakteur hatte wirklich einen seltsamen Humor. Schickt mich im November auf eine","og_url":"https:\/\/www.allscore.de\/shop\/produkt\/geister-schocker-41-das-monster-aus-dem-jenseits\/","og_site_name":"Allscore Shop","article_modified_time":"2025-10-15T15:20:55+00:00","og_image":[{"width":1000,"height":1000,"url":"https:\/\/www.allscore.de\/shop\/wp-content\/uploads\/2021\/03\/GS41_1000px.jpg","type":"image\/jpeg"}],"twitter_card":"summary_large_image","twitter_misc":{"Gesch\u00e4tzte Lesezeit":"1\u00a0Minute"},"schema":{"@context":"https:\/\/schema.org","@graph":[{"@type":"WebPage","@id":"https:\/\/www.allscore.de\/shop\/produkt\/geister-schocker-41-das-monster-aus-dem-jenseits\/","url":"https:\/\/www.allscore.de\/shop\/produkt\/geister-schocker-41-das-monster-aus-dem-jenseits\/","name":"Geister-Schocker 41: Das Monster aus dem Jenseits","isPartOf":{"@id":"https:\/\/www.allscore.de\/shop\/#website"},"primaryImageOfPage":{"@id":"https:\/\/www.allscore.de\/shop\/produkt\/geister-schocker-41-das-monster-aus-dem-jenseits\/#primaryimage"},"image":{"@id":"https:\/\/www.allscore.de\/shop\/produkt\/geister-schocker-41-das-monster-aus-dem-jenseits\/#primaryimage"},"thumbnailUrl":"https:\/\/www.allscore.de\/shop\/wp-content\/uploads\/2021\/03\/GS41_1000px.jpg","datePublished":"2013-04-30T14:29:58+00:00","dateModified":"2025-10-15T15:20:55+00:00","description":"Geister-Schocker 41: Das Monster aus dem Jenseits Inhalt: Mein Chefredakteur hatte wirklich einen seltsamen Humor. Schickt mich im November auf eine","breadcrumb":{"@id":"https:\/\/www.allscore.de\/shop\/produkt\/geister-schocker-41-das-monster-aus-dem-jenseits\/#breadcrumb"},"inLanguage":"de","potentialAction":[{"@type":"ReadAction","target":["https:\/\/www.allscore.de\/shop\/produkt\/geister-schocker-41-das-monster-aus-dem-jenseits\/"]}]},{"@type":"ImageObject","inLanguage":"de","@id":"https:\/\/www.allscore.de\/shop\/produkt\/geister-schocker-41-das-monster-aus-dem-jenseits\/#primaryimage","url":"https:\/\/www.allscore.de\/shop\/wp-content\/uploads\/2021\/03\/GS41_1000px.jpg","contentUrl":"https:\/\/www.allscore.de\/shop\/wp-content\/uploads\/2021\/03\/GS41_1000px.jpg","width":1000,"height":1000,"caption":"Geister-Schocker (41): Das Monster aus dem Jenseits"},{"@type":"BreadcrumbList","@id":"https:\/\/www.allscore.de\/shop\/produkt\/geister-schocker-41-das-monster-aus-dem-jenseits\/#breadcrumb","itemListElement":[{"@type":"ListItem","position":1,"name":"Startseite","item":"https:\/\/www.allscore.de\/shop\/"},{"@type":"ListItem","position":2,"name":"Produkte","item":"https:\/\/www.allscore.de\/shop\/shop\/"},{"@type":"ListItem","position":3,"name":"Geister-Schocker 41: Das Monster aus dem Jenseits"}]},{"@type":"WebSite","@id":"https:\/\/www.allscore.de\/shop\/#website","url":"https:\/\/www.allscore.de\/shop\/","name":"Allscore Shop","description":"All Score Media","publisher":{"@id":"https:\/\/www.allscore.de\/shop\/#organization"},"potentialAction":[{"@type":"SearchAction","target":{"@type":"EntryPoint","urlTemplate":"https:\/\/www.allscore.de\/shop\/?s={search_term_string}"},"query-input":{"@type":"PropertyValueSpecification","valueRequired":true,"valueName":"search_term_string"}}],"inLanguage":"de"},{"@type":"Organization","@id":"https:\/\/www.allscore.de\/shop\/#organization","name":"All Score Media","alternateName":"Allscore","url":"https:\/\/www.allscore.de\/shop\/","logo":{"@type":"ImageObject","inLanguage":"de","@id":"https:\/\/www.allscore.de\/shop\/#\/schema\/logo\/image\/","url":"https:\/\/www.allscore.de\/shop\/wp-content\/uploads\/2026\/01\/Logo_Yoast_Shop_2026.png","contentUrl":"https:\/\/www.allscore.de\/shop\/wp-content\/uploads\/2026\/01\/Logo_Yoast_Shop_2026.png","width":696,"height":696,"caption":"All Score Media"},"image":{"@id":"https:\/\/www.allscore.de\/shop\/#\/schema\/logo\/image\/"}}]}},"_links":{"self":[{"href":"https:\/\/www.allscore.de\/shop\/wp-json\/wp\/v2\/product\/9587","targetHints":{"allow":["GET"]}}],"collection":[{"href":"https:\/\/www.allscore.de\/shop\/wp-json\/wp\/v2\/product"}],"about":[{"href":"https:\/\/www.allscore.de\/shop\/wp-json\/wp\/v2\/types\/product"}],"wp:featuredmedia":[{"embeddable":true,"href":"https:\/\/www.allscore.de\/shop\/wp-json\/wp\/v2\/media\/9456"}],"wp:attachment":[{"href":"https:\/\/www.allscore.de\/shop\/wp-json\/wp\/v2\/media?parent=9587"}],"wp:term":[{"taxonomy":"product_brand","embeddable":true,"href":"https:\/\/www.allscore.de\/shop\/wp-json\/wp\/v2\/product_brand?post=9587"},{"taxonomy":"product_cat","embeddable":true,"href":"https:\/\/www.allscore.de\/shop\/wp-json\/wp\/v2\/product_cat?post=9587"},{"taxonomy":"product_tag","embeddable":true,"href":"https:\/\/www.allscore.de\/shop\/wp-json\/wp\/v2\/product_tag?post=9587"}],"curies":[{"name":"wp","href":"https:\/\/api.w.org\/{rel}","templated":true}]}}