{"id":9585,"date":"2013-04-02T16:27:08","date_gmt":"2013-04-02T14:27:08","guid":{"rendered":"https:\/\/www.allscore.de\/shop\/?post_type=product&#038;p=9585"},"modified":"2026-05-07T17:21:53","modified_gmt":"2026-05-07T15:21:53","slug":"geister-schocker-40-totengefluester","status":"publish","type":"product","link":"https:\/\/www.allscore.de\/shop\/produkt\/geister-schocker-40-totengefluester\/","title":{"rendered":"Geister-Schocker 40: Totengefl\u00fcster (Sonderedition)"},"content":{"rendered":"<p>Geister-Schocker 40: Totengefl\u00fcster (Sonderedition)<\/p>\n<p><strong><u>Inhalt:<br \/>\n<\/u><\/strong>Malcolm Max stellt sich den Geistern und D\u00e4monen seiner Vergangenheit sowohl im \u00fcbertragenen als auch im buchst\u00e4blichen Sinn. Auf dem Schloss seiner Ahnen versucht er das Geheimnis jener Nacht zu l\u00fcften, in der seine Eltern Opfer der \u201eSchwarzen Engel\u201c wurden. Dadurch weckt er Geister der Vergangenheit, die er besser in ihren Gr\u00e4bern h\u00e4tte ruhen lassen sollen. In die Riege der ungebetenen G\u00e4ste dieser Nacht reihen sich neben m\u00f6rderischen Spukgestalten, die ganz versessen auf den Tod unseres Helden sind, die vom selben Verlangen beseelten \u201eSchwarzen Engel\u201c und zu guter Letzt auch noch Malcolms von den Toten auferstandener Vater ein. Alles in allem sieht es nicht gut f\u00fcr den Agenten der \u201e Custodes lucis\u201c und seine Begleiterin Charisma aus, die am Ende dieser Nacht nicht mehr an seiner Seite weilen wird \u2026<\/p>\n<p><strong><u>Sprecher:<br \/>\n<\/u><\/strong>Tanja Dohse, Robert Missler, Helgo Liebig, Marc Sch\u00fclert u.a.<\/p>\n<p><strong><u>Autor:<br \/>\n<\/u><\/strong>Peter Mennigen<\/p>\n<p>Limitierte Erstauflage der 40. Geister-Schocker-Folge: 2-CD-Set mit Gratis-H\u00f6rbuch im Pappschuber, inklusive Miniposter, Sticker und umfangreichem Booklet!<\/p>\n","protected":false},"excerpt":{"rendered":"<p>Geister-Schocker 40: Totengefl\u00fcster (Sonderedition) Inhalt: Malcolm Max stellt sich den Geistern und D\u00e4monen seiner Vergangenheit sowohl im \u00fcbertragenen als auch im buchst\u00e4blichen Sinn. Auf dem Schloss seiner Ahnen versucht er das Geheimnis jener Nacht zu l\u00fcften, in der seine Eltern Opfer der \u201eSchwarzen Engel\u201c wurden. Dadurch weckt er Geister der Vergangenheit, die er besser in&#8230;<\/p>\n<p><a rel=\"bookmark\" class=\"vonzot-button-simple wvc-button wvc-button-size-sm\" href=\"https:\/\/www.allscore.de\/shop\/produkt\/geister-schocker-40-totengefluester\/\"><span>Read more<\/span><\/a><\/p>\n","protected":false},"featured_media":9454,"template":"","meta":[],"product_brand":[],"product_cat":[74,72],"product_tag":[],"class_list":{"0":"post-9585","1":"product","2":"type-product","3":"status-publish","4":"has-post-thumbnail","6":"product_cat-geister-schocker","7":"product_cat-hoerspiele","8":"product_shipping_class-tontraeger-cd","9":"entry","10":"clearfix","11":"entry-grid","12":"entry-columns-3","13":"entry-product-module-layout-sidebar-right","14":"thumbnail-color-tone-dark","15":"entry-product","17":"entry-product-grid","19":"first","20":"instock","21":"taxable","22":"shipping-taxable","23":"purchasable","24":"product-type-simple"},"yoast_head":"<!-- This site is optimized with the Yoast SEO plugin v27.4 - https:\/\/yoast.com\/product\/yoast-seo-wordpress\/ -->\n<title>Geister-Schocker 40: Totengefl\u00fcster (Sonderedition)<\/title>\n<meta name=\"description\" content=\"Geister-Schocker 40: Totengefl\u00fcster (Sonderedition) Inhalt: Malcolm Max stellt sich den Geistern und D\u00e4monen seiner Vergangenheit sowohl im \u00fcbertragenen\" \/>\n<meta name=\"robots\" content=\"index, follow, max-snippet:-1, max-image-preview:large, max-video-preview:-1\" \/>\n<link rel=\"canonical\" href=\"https:\/\/www.allscore.de\/shop\/produkt\/geister-schocker-40-totengefluester\/\" \/>\n<meta property=\"og:locale\" content=\"de_DE\" \/>\n<meta property=\"og:type\" content=\"article\" \/>\n<meta property=\"og:title\" content=\"Geister-Schocker 40: Totengefl\u00fcster (Sonderedition)\" \/>\n<meta property=\"og:description\" content=\"Geister-Schocker 40: Totengefl\u00fcster (Sonderedition) Inhalt: Malcolm Max stellt sich den Geistern und D\u00e4monen seiner Vergangenheit sowohl im \u00fcbertragenen\" \/>\n<meta property=\"og:url\" content=\"https:\/\/www.allscore.de\/shop\/produkt\/geister-schocker-40-totengefluester\/\" \/>\n<meta property=\"og:site_name\" content=\"Allscore Shop\" \/>\n<meta property=\"article:modified_time\" content=\"2026-05-07T15:21:53+00:00\" \/>\n<meta property=\"og:image\" content=\"https:\/\/www.allscore.de\/shop\/wp-content\/uploads\/2021\/03\/GS40_1000px.jpg\" \/>\n\t<meta property=\"og:image:width\" content=\"1000\" \/>\n\t<meta property=\"og:image:height\" content=\"1000\" \/>\n\t<meta property=\"og:image:type\" content=\"image\/jpeg\" \/>\n<meta name=\"twitter:card\" content=\"summary_large_image\" \/>\n<meta name=\"twitter:label1\" content=\"Gesch\u00e4tzte Lesezeit\" \/>\n\t<meta name=\"twitter:data1\" content=\"1\u00a0Minute\" \/>\n<script type=\"application\/ld+json\" class=\"yoast-schema-graph\">{\"@context\":\"https:\\\/\\\/schema.org\",\"@graph\":[{\"@type\":\"WebPage\",\"@id\":\"https:\\\/\\\/www.allscore.de\\\/shop\\\/produkt\\\/geister-schocker-40-totengefluester\\\/\",\"url\":\"https:\\\/\\\/www.allscore.de\\\/shop\\\/produkt\\\/geister-schocker-40-totengefluester\\\/\",\"name\":\"Geister-Schocker 40: Totengefl\u00fcster (Sonderedition)\",\"isPartOf\":{\"@id\":\"https:\\\/\\\/www.allscore.de\\\/shop\\\/#website\"},\"primaryImageOfPage\":{\"@id\":\"https:\\\/\\\/www.allscore.de\\\/shop\\\/produkt\\\/geister-schocker-40-totengefluester\\\/#primaryimage\"},\"image\":{\"@id\":\"https:\\\/\\\/www.allscore.de\\\/shop\\\/produkt\\\/geister-schocker-40-totengefluester\\\/#primaryimage\"},\"thumbnailUrl\":\"https:\\\/\\\/www.allscore.de\\\/shop\\\/wp-content\\\/uploads\\\/2021\\\/03\\\/GS40_1000px.jpg\",\"datePublished\":\"2013-04-02T14:27:08+00:00\",\"dateModified\":\"2026-05-07T15:21:53+00:00\",\"description\":\"Geister-Schocker 40: Totengefl\u00fcster (Sonderedition) Inhalt: Malcolm Max stellt sich den Geistern und D\u00e4monen seiner Vergangenheit sowohl im \u00fcbertragenen\",\"breadcrumb\":{\"@id\":\"https:\\\/\\\/www.allscore.de\\\/shop\\\/produkt\\\/geister-schocker-40-totengefluester\\\/#breadcrumb\"},\"inLanguage\":\"de\",\"potentialAction\":[{\"@type\":\"ReadAction\",\"target\":[\"https:\\\/\\\/www.allscore.de\\\/shop\\\/produkt\\\/geister-schocker-40-totengefluester\\\/\"]}]},{\"@type\":\"ImageObject\",\"inLanguage\":\"de\",\"@id\":\"https:\\\/\\\/www.allscore.de\\\/shop\\\/produkt\\\/geister-schocker-40-totengefluester\\\/#primaryimage\",\"url\":\"https:\\\/\\\/www.allscore.de\\\/shop\\\/wp-content\\\/uploads\\\/2021\\\/03\\\/GS40_1000px.jpg\",\"contentUrl\":\"https:\\\/\\\/www.allscore.de\\\/shop\\\/wp-content\\\/uploads\\\/2021\\\/03\\\/GS40_1000px.jpg\",\"width\":1000,\"height\":1000,\"caption\":\"Geister-Schocker (40): Totengefl\u00fcster\"},{\"@type\":\"BreadcrumbList\",\"@id\":\"https:\\\/\\\/www.allscore.de\\\/shop\\\/produkt\\\/geister-schocker-40-totengefluester\\\/#breadcrumb\",\"itemListElement\":[{\"@type\":\"ListItem\",\"position\":1,\"name\":\"Startseite\",\"item\":\"https:\\\/\\\/www.allscore.de\\\/shop\\\/\"},{\"@type\":\"ListItem\",\"position\":2,\"name\":\"Produkte\",\"item\":\"https:\\\/\\\/www.allscore.de\\\/shop\\\/shop\\\/\"},{\"@type\":\"ListItem\",\"position\":3,\"name\":\"Geister-Schocker 40: Totengefl\u00fcster (Sonderedition)\"}]},{\"@type\":\"WebSite\",\"@id\":\"https:\\\/\\\/www.allscore.de\\\/shop\\\/#website\",\"url\":\"https:\\\/\\\/www.allscore.de\\\/shop\\\/\",\"name\":\"Allscore Shop\",\"description\":\"All Score Media\",\"publisher\":{\"@id\":\"https:\\\/\\\/www.allscore.de\\\/shop\\\/#organization\"},\"potentialAction\":[{\"@type\":\"SearchAction\",\"target\":{\"@type\":\"EntryPoint\",\"urlTemplate\":\"https:\\\/\\\/www.allscore.de\\\/shop\\\/?s={search_term_string}\"},\"query-input\":{\"@type\":\"PropertyValueSpecification\",\"valueRequired\":true,\"valueName\":\"search_term_string\"}}],\"inLanguage\":\"de\"},{\"@type\":\"Organization\",\"@id\":\"https:\\\/\\\/www.allscore.de\\\/shop\\\/#organization\",\"name\":\"All Score Media\",\"alternateName\":\"Allscore\",\"url\":\"https:\\\/\\\/www.allscore.de\\\/shop\\\/\",\"logo\":{\"@type\":\"ImageObject\",\"inLanguage\":\"de\",\"@id\":\"https:\\\/\\\/www.allscore.de\\\/shop\\\/#\\\/schema\\\/logo\\\/image\\\/\",\"url\":\"https:\\\/\\\/www.allscore.de\\\/shop\\\/wp-content\\\/uploads\\\/2026\\\/01\\\/Logo_Yoast_Shop_2026.png\",\"contentUrl\":\"https:\\\/\\\/www.allscore.de\\\/shop\\\/wp-content\\\/uploads\\\/2026\\\/01\\\/Logo_Yoast_Shop_2026.png\",\"width\":696,\"height\":696,\"caption\":\"All Score Media\"},\"image\":{\"@id\":\"https:\\\/\\\/www.allscore.de\\\/shop\\\/#\\\/schema\\\/logo\\\/image\\\/\"}}]}<\/script>\n<!-- \/ Yoast SEO plugin. -->","yoast_head_json":{"title":"Geister-Schocker 40: Totengefl\u00fcster (Sonderedition)","description":"Geister-Schocker 40: Totengefl\u00fcster (Sonderedition) Inhalt: Malcolm Max stellt sich den Geistern und D\u00e4monen seiner Vergangenheit sowohl im \u00fcbertragenen","robots":{"index":"index","follow":"follow","max-snippet":"max-snippet:-1","max-image-preview":"max-image-preview:large","max-video-preview":"max-video-preview:-1"},"canonical":"https:\/\/www.allscore.de\/shop\/produkt\/geister-schocker-40-totengefluester\/","og_locale":"de_DE","og_type":"article","og_title":"Geister-Schocker 40: Totengefl\u00fcster (Sonderedition)","og_description":"Geister-Schocker 40: Totengefl\u00fcster (Sonderedition) Inhalt: Malcolm Max stellt sich den Geistern und D\u00e4monen seiner Vergangenheit sowohl im \u00fcbertragenen","og_url":"https:\/\/www.allscore.de\/shop\/produkt\/geister-schocker-40-totengefluester\/","og_site_name":"Allscore Shop","article_modified_time":"2026-05-07T15:21:53+00:00","og_image":[{"width":1000,"height":1000,"url":"https:\/\/www.allscore.de\/shop\/wp-content\/uploads\/2021\/03\/GS40_1000px.jpg","type":"image\/jpeg"}],"twitter_card":"summary_large_image","twitter_misc":{"Gesch\u00e4tzte Lesezeit":"1\u00a0Minute"},"schema":{"@context":"https:\/\/schema.org","@graph":[{"@type":"WebPage","@id":"https:\/\/www.allscore.de\/shop\/produkt\/geister-schocker-40-totengefluester\/","url":"https:\/\/www.allscore.de\/shop\/produkt\/geister-schocker-40-totengefluester\/","name":"Geister-Schocker 40: Totengefl\u00fcster (Sonderedition)","isPartOf":{"@id":"https:\/\/www.allscore.de\/shop\/#website"},"primaryImageOfPage":{"@id":"https:\/\/www.allscore.de\/shop\/produkt\/geister-schocker-40-totengefluester\/#primaryimage"},"image":{"@id":"https:\/\/www.allscore.de\/shop\/produkt\/geister-schocker-40-totengefluester\/#primaryimage"},"thumbnailUrl":"https:\/\/www.allscore.de\/shop\/wp-content\/uploads\/2021\/03\/GS40_1000px.jpg","datePublished":"2013-04-02T14:27:08+00:00","dateModified":"2026-05-07T15:21:53+00:00","description":"Geister-Schocker 40: Totengefl\u00fcster (Sonderedition) Inhalt: Malcolm Max stellt sich den Geistern und D\u00e4monen seiner Vergangenheit sowohl im \u00fcbertragenen","breadcrumb":{"@id":"https:\/\/www.allscore.de\/shop\/produkt\/geister-schocker-40-totengefluester\/#breadcrumb"},"inLanguage":"de","potentialAction":[{"@type":"ReadAction","target":["https:\/\/www.allscore.de\/shop\/produkt\/geister-schocker-40-totengefluester\/"]}]},{"@type":"ImageObject","inLanguage":"de","@id":"https:\/\/www.allscore.de\/shop\/produkt\/geister-schocker-40-totengefluester\/#primaryimage","url":"https:\/\/www.allscore.de\/shop\/wp-content\/uploads\/2021\/03\/GS40_1000px.jpg","contentUrl":"https:\/\/www.allscore.de\/shop\/wp-content\/uploads\/2021\/03\/GS40_1000px.jpg","width":1000,"height":1000,"caption":"Geister-Schocker (40): Totengefl\u00fcster"},{"@type":"BreadcrumbList","@id":"https:\/\/www.allscore.de\/shop\/produkt\/geister-schocker-40-totengefluester\/#breadcrumb","itemListElement":[{"@type":"ListItem","position":1,"name":"Startseite","item":"https:\/\/www.allscore.de\/shop\/"},{"@type":"ListItem","position":2,"name":"Produkte","item":"https:\/\/www.allscore.de\/shop\/shop\/"},{"@type":"ListItem","position":3,"name":"Geister-Schocker 40: Totengefl\u00fcster (Sonderedition)"}]},{"@type":"WebSite","@id":"https:\/\/www.allscore.de\/shop\/#website","url":"https:\/\/www.allscore.de\/shop\/","name":"Allscore Shop","description":"All Score Media","publisher":{"@id":"https:\/\/www.allscore.de\/shop\/#organization"},"potentialAction":[{"@type":"SearchAction","target":{"@type":"EntryPoint","urlTemplate":"https:\/\/www.allscore.de\/shop\/?s={search_term_string}"},"query-input":{"@type":"PropertyValueSpecification","valueRequired":true,"valueName":"search_term_string"}}],"inLanguage":"de"},{"@type":"Organization","@id":"https:\/\/www.allscore.de\/shop\/#organization","name":"All Score Media","alternateName":"Allscore","url":"https:\/\/www.allscore.de\/shop\/","logo":{"@type":"ImageObject","inLanguage":"de","@id":"https:\/\/www.allscore.de\/shop\/#\/schema\/logo\/image\/","url":"https:\/\/www.allscore.de\/shop\/wp-content\/uploads\/2026\/01\/Logo_Yoast_Shop_2026.png","contentUrl":"https:\/\/www.allscore.de\/shop\/wp-content\/uploads\/2026\/01\/Logo_Yoast_Shop_2026.png","width":696,"height":696,"caption":"All Score Media"},"image":{"@id":"https:\/\/www.allscore.de\/shop\/#\/schema\/logo\/image\/"}}]}},"_links":{"self":[{"href":"https:\/\/www.allscore.de\/shop\/wp-json\/wp\/v2\/product\/9585","targetHints":{"allow":["GET"]}}],"collection":[{"href":"https:\/\/www.allscore.de\/shop\/wp-json\/wp\/v2\/product"}],"about":[{"href":"https:\/\/www.allscore.de\/shop\/wp-json\/wp\/v2\/types\/product"}],"wp:featuredmedia":[{"embeddable":true,"href":"https:\/\/www.allscore.de\/shop\/wp-json\/wp\/v2\/media\/9454"}],"wp:attachment":[{"href":"https:\/\/www.allscore.de\/shop\/wp-json\/wp\/v2\/media?parent=9585"}],"wp:term":[{"taxonomy":"product_brand","embeddable":true,"href":"https:\/\/www.allscore.de\/shop\/wp-json\/wp\/v2\/product_brand?post=9585"},{"taxonomy":"product_cat","embeddable":true,"href":"https:\/\/www.allscore.de\/shop\/wp-json\/wp\/v2\/product_cat?post=9585"},{"taxonomy":"product_tag","embeddable":true,"href":"https:\/\/www.allscore.de\/shop\/wp-json\/wp\/v2\/product_tag?post=9585"}],"curies":[{"name":"wp","href":"https:\/\/api.w.org\/{rel}","templated":true}]}}