{"id":9573,"date":"2012-11-09T16:09:21","date_gmt":"2012-11-09T15:09:21","guid":{"rendered":"https:\/\/www.allscore.de\/shop\/?post_type=product&#038;p=9573"},"modified":"2025-10-14T18:36:40","modified_gmt":"2025-10-14T16:36:40","slug":"geister-schocker-34-der-fluch-von-alcatraz","status":"publish","type":"product","link":"https:\/\/www.allscore.de\/shop\/produkt\/geister-schocker-34-der-fluch-von-alcatraz\/","title":{"rendered":"Geister-Schocker 34: Der Fluch von Alcatraz"},"content":{"rendered":"<p>Geister-Schocker 34: Der Fluch von Alcatraz<\/p>\n<p><strong><u>Inhalt:<br \/>\n<\/u><\/strong>Als Glen Dearing, Phil Taylor und Jaden Collister der ungew\u00f6hnlichen Einladung der Firma Alcatraz Cruises zur Besichtigung der ausrangierten Gef\u00e4ngnisanlage \u201eAlcatraz\u201c in San Francisco folgen, ahnten sie nicht, in welches teuflische Spiel sie geraten. Schon seit geraumer Zeit existieren Ger\u00fcchte \u00fcber mysteri\u00f6se Vorg\u00e4nge im stillgelegten Zellenblock D-14, der ehrf\u00fcrchtig nur \u201eThe Hole\u201c genannt wird. Immer wieder soll es zu solchen Ph\u00e4nomenen gekommen sein. Doch was hat es damit auf sich und warum erhielten diese drei M\u00e4nner eine Einladung?<\/p>\n<p><strong><u>Sprecher:<br \/>\n<\/u><\/strong>Karen Schulz-Vobach, Marius Claren, Helmut Gauss, Thomas Petruo, Armin Jung, Nils Weyland<\/p>\n<p><strong><u>Autor:<br \/>\n<\/u><\/strong>Frederic Sinclair<\/p>\n","protected":false},"excerpt":{"rendered":"<p>Geister-Schocker 34: Der Fluch von Alcatraz Inhalt: Als Glen Dearing, Phil Taylor und Jaden Collister der ungew\u00f6hnlichen Einladung der Firma Alcatraz Cruises zur Besichtigung der ausrangierten Gef\u00e4ngnisanlage \u201eAlcatraz\u201c in San Francisco folgen, ahnten sie nicht, in welches teuflische Spiel sie geraten. Schon seit geraumer Zeit existieren Ger\u00fcchte \u00fcber mysteri\u00f6se Vorg\u00e4nge im stillgelegten Zellenblock D-14, der&#8230;<\/p>\n<p><a rel=\"bookmark\" class=\"vonzot-button-simple wvc-button wvc-button-size-sm\" href=\"https:\/\/www.allscore.de\/shop\/produkt\/geister-schocker-34-der-fluch-von-alcatraz\/\"><span>Read more<\/span><\/a><\/p>\n","protected":false},"featured_media":9442,"template":"","meta":[],"product_brand":[],"product_cat":[74,72],"product_tag":[],"class_list":{"0":"post-9573","1":"product","2":"type-product","3":"status-publish","4":"has-post-thumbnail","6":"product_cat-geister-schocker","7":"product_cat-hoerspiele","8":"product_shipping_class-tontraeger-cd","9":"entry","10":"clearfix","11":"entry-grid","12":"entry-columns-3","13":"entry-product-module-layout-sidebar-right","14":"thumbnail-color-tone-dark","15":"entry-product","17":"entry-product-grid","19":"first","20":"instock","21":"sale","22":"taxable","23":"shipping-taxable","24":"purchasable","25":"product-type-simple"},"yoast_head":"<!-- This site is optimized with the Yoast SEO plugin v27.3 - https:\/\/yoast.com\/product\/yoast-seo-wordpress\/ -->\n<title>Geister-Schocker 34: Der Fluch von Alcatraz<\/title>\n<meta name=\"description\" content=\"Geister-Schocker 34: Der Fluch von Alcatraz Inhalt: Als Glen Dearing, Phil Taylor und Jaden Collister der ungew\u00f6hnlichen Einladung der Firma Alcatraz\" \/>\n<meta name=\"robots\" content=\"index, follow, max-snippet:-1, max-image-preview:large, max-video-preview:-1\" \/>\n<link rel=\"canonical\" href=\"https:\/\/www.allscore.de\/shop\/produkt\/geister-schocker-34-der-fluch-von-alcatraz\/\" \/>\n<meta property=\"og:locale\" content=\"de_DE\" \/>\n<meta property=\"og:type\" content=\"article\" \/>\n<meta property=\"og:title\" content=\"Geister-Schocker 34: Der Fluch von Alcatraz\" \/>\n<meta property=\"og:description\" content=\"Geister-Schocker 34: Der Fluch von Alcatraz Inhalt: Als Glen Dearing, Phil Taylor und Jaden Collister der ungew\u00f6hnlichen Einladung der Firma Alcatraz\" \/>\n<meta property=\"og:url\" content=\"https:\/\/www.allscore.de\/shop\/produkt\/geister-schocker-34-der-fluch-von-alcatraz\/\" \/>\n<meta property=\"og:site_name\" content=\"Allscore Shop\" \/>\n<meta property=\"article:modified_time\" content=\"2025-10-14T16:36:40+00:00\" \/>\n<meta property=\"og:image\" content=\"https:\/\/www.allscore.de\/shop\/wp-content\/uploads\/2021\/03\/GS34_1000px.jpg\" \/>\n\t<meta property=\"og:image:width\" content=\"1000\" \/>\n\t<meta property=\"og:image:height\" content=\"1000\" \/>\n\t<meta property=\"og:image:type\" content=\"image\/jpeg\" \/>\n<meta name=\"twitter:card\" content=\"summary_large_image\" \/>\n<meta name=\"twitter:label1\" content=\"Gesch\u00e4tzte Lesezeit\" \/>\n\t<meta name=\"twitter:data1\" content=\"1\u00a0Minute\" \/>\n<script type=\"application\/ld+json\" class=\"yoast-schema-graph\">{\"@context\":\"https:\\\/\\\/schema.org\",\"@graph\":[{\"@type\":\"WebPage\",\"@id\":\"https:\\\/\\\/www.allscore.de\\\/shop\\\/produkt\\\/geister-schocker-34-der-fluch-von-alcatraz\\\/\",\"url\":\"https:\\\/\\\/www.allscore.de\\\/shop\\\/produkt\\\/geister-schocker-34-der-fluch-von-alcatraz\\\/\",\"name\":\"Geister-Schocker 34: Der Fluch von Alcatraz\",\"isPartOf\":{\"@id\":\"https:\\\/\\\/www.allscore.de\\\/shop\\\/#website\"},\"primaryImageOfPage\":{\"@id\":\"https:\\\/\\\/www.allscore.de\\\/shop\\\/produkt\\\/geister-schocker-34-der-fluch-von-alcatraz\\\/#primaryimage\"},\"image\":{\"@id\":\"https:\\\/\\\/www.allscore.de\\\/shop\\\/produkt\\\/geister-schocker-34-der-fluch-von-alcatraz\\\/#primaryimage\"},\"thumbnailUrl\":\"https:\\\/\\\/www.allscore.de\\\/shop\\\/wp-content\\\/uploads\\\/2021\\\/03\\\/GS34_1000px.jpg\",\"datePublished\":\"2012-11-09T15:09:21+00:00\",\"dateModified\":\"2025-10-14T16:36:40+00:00\",\"description\":\"Geister-Schocker 34: Der Fluch von Alcatraz Inhalt: Als Glen Dearing, Phil Taylor und Jaden Collister der ungew\u00f6hnlichen Einladung der Firma Alcatraz\",\"breadcrumb\":{\"@id\":\"https:\\\/\\\/www.allscore.de\\\/shop\\\/produkt\\\/geister-schocker-34-der-fluch-von-alcatraz\\\/#breadcrumb\"},\"inLanguage\":\"de\",\"potentialAction\":[{\"@type\":\"ReadAction\",\"target\":[\"https:\\\/\\\/www.allscore.de\\\/shop\\\/produkt\\\/geister-schocker-34-der-fluch-von-alcatraz\\\/\"]}]},{\"@type\":\"ImageObject\",\"inLanguage\":\"de\",\"@id\":\"https:\\\/\\\/www.allscore.de\\\/shop\\\/produkt\\\/geister-schocker-34-der-fluch-von-alcatraz\\\/#primaryimage\",\"url\":\"https:\\\/\\\/www.allscore.de\\\/shop\\\/wp-content\\\/uploads\\\/2021\\\/03\\\/GS34_1000px.jpg\",\"contentUrl\":\"https:\\\/\\\/www.allscore.de\\\/shop\\\/wp-content\\\/uploads\\\/2021\\\/03\\\/GS34_1000px.jpg\",\"width\":1000,\"height\":1000,\"caption\":\"Geister-Schocker (34): Der Fluch von Alcatraz\"},{\"@type\":\"BreadcrumbList\",\"@id\":\"https:\\\/\\\/www.allscore.de\\\/shop\\\/produkt\\\/geister-schocker-34-der-fluch-von-alcatraz\\\/#breadcrumb\",\"itemListElement\":[{\"@type\":\"ListItem\",\"position\":1,\"name\":\"Startseite\",\"item\":\"https:\\\/\\\/www.allscore.de\\\/shop\\\/\"},{\"@type\":\"ListItem\",\"position\":2,\"name\":\"Produkte\",\"item\":\"https:\\\/\\\/www.allscore.de\\\/shop\\\/shop\\\/\"},{\"@type\":\"ListItem\",\"position\":3,\"name\":\"Geister-Schocker 34: Der Fluch von Alcatraz\"}]},{\"@type\":\"WebSite\",\"@id\":\"https:\\\/\\\/www.allscore.de\\\/shop\\\/#website\",\"url\":\"https:\\\/\\\/www.allscore.de\\\/shop\\\/\",\"name\":\"Allscore Shop\",\"description\":\"All Score Media\",\"publisher\":{\"@id\":\"https:\\\/\\\/www.allscore.de\\\/shop\\\/#organization\"},\"potentialAction\":[{\"@type\":\"SearchAction\",\"target\":{\"@type\":\"EntryPoint\",\"urlTemplate\":\"https:\\\/\\\/www.allscore.de\\\/shop\\\/?s={search_term_string}\"},\"query-input\":{\"@type\":\"PropertyValueSpecification\",\"valueRequired\":true,\"valueName\":\"search_term_string\"}}],\"inLanguage\":\"de\"},{\"@type\":\"Organization\",\"@id\":\"https:\\\/\\\/www.allscore.de\\\/shop\\\/#organization\",\"name\":\"All Score Media\",\"alternateName\":\"Allscore\",\"url\":\"https:\\\/\\\/www.allscore.de\\\/shop\\\/\",\"logo\":{\"@type\":\"ImageObject\",\"inLanguage\":\"de\",\"@id\":\"https:\\\/\\\/www.allscore.de\\\/shop\\\/#\\\/schema\\\/logo\\\/image\\\/\",\"url\":\"https:\\\/\\\/www.allscore.de\\\/shop\\\/wp-content\\\/uploads\\\/2026\\\/01\\\/Logo_Yoast_Shop_2026.png\",\"contentUrl\":\"https:\\\/\\\/www.allscore.de\\\/shop\\\/wp-content\\\/uploads\\\/2026\\\/01\\\/Logo_Yoast_Shop_2026.png\",\"width\":696,\"height\":696,\"caption\":\"All Score Media\"},\"image\":{\"@id\":\"https:\\\/\\\/www.allscore.de\\\/shop\\\/#\\\/schema\\\/logo\\\/image\\\/\"}}]}<\/script>\n<!-- \/ Yoast SEO plugin. -->","yoast_head_json":{"title":"Geister-Schocker 34: Der Fluch von Alcatraz","description":"Geister-Schocker 34: Der Fluch von Alcatraz Inhalt: Als Glen Dearing, Phil Taylor und Jaden Collister der ungew\u00f6hnlichen Einladung der Firma Alcatraz","robots":{"index":"index","follow":"follow","max-snippet":"max-snippet:-1","max-image-preview":"max-image-preview:large","max-video-preview":"max-video-preview:-1"},"canonical":"https:\/\/www.allscore.de\/shop\/produkt\/geister-schocker-34-der-fluch-von-alcatraz\/","og_locale":"de_DE","og_type":"article","og_title":"Geister-Schocker 34: Der Fluch von Alcatraz","og_description":"Geister-Schocker 34: Der Fluch von Alcatraz Inhalt: Als Glen Dearing, Phil Taylor und Jaden Collister der ungew\u00f6hnlichen Einladung der Firma Alcatraz","og_url":"https:\/\/www.allscore.de\/shop\/produkt\/geister-schocker-34-der-fluch-von-alcatraz\/","og_site_name":"Allscore Shop","article_modified_time":"2025-10-14T16:36:40+00:00","og_image":[{"width":1000,"height":1000,"url":"https:\/\/www.allscore.de\/shop\/wp-content\/uploads\/2021\/03\/GS34_1000px.jpg","type":"image\/jpeg"}],"twitter_card":"summary_large_image","twitter_misc":{"Gesch\u00e4tzte Lesezeit":"1\u00a0Minute"},"schema":{"@context":"https:\/\/schema.org","@graph":[{"@type":"WebPage","@id":"https:\/\/www.allscore.de\/shop\/produkt\/geister-schocker-34-der-fluch-von-alcatraz\/","url":"https:\/\/www.allscore.de\/shop\/produkt\/geister-schocker-34-der-fluch-von-alcatraz\/","name":"Geister-Schocker 34: Der Fluch von Alcatraz","isPartOf":{"@id":"https:\/\/www.allscore.de\/shop\/#website"},"primaryImageOfPage":{"@id":"https:\/\/www.allscore.de\/shop\/produkt\/geister-schocker-34-der-fluch-von-alcatraz\/#primaryimage"},"image":{"@id":"https:\/\/www.allscore.de\/shop\/produkt\/geister-schocker-34-der-fluch-von-alcatraz\/#primaryimage"},"thumbnailUrl":"https:\/\/www.allscore.de\/shop\/wp-content\/uploads\/2021\/03\/GS34_1000px.jpg","datePublished":"2012-11-09T15:09:21+00:00","dateModified":"2025-10-14T16:36:40+00:00","description":"Geister-Schocker 34: Der Fluch von Alcatraz Inhalt: Als Glen Dearing, Phil Taylor und Jaden Collister der ungew\u00f6hnlichen Einladung der Firma Alcatraz","breadcrumb":{"@id":"https:\/\/www.allscore.de\/shop\/produkt\/geister-schocker-34-der-fluch-von-alcatraz\/#breadcrumb"},"inLanguage":"de","potentialAction":[{"@type":"ReadAction","target":["https:\/\/www.allscore.de\/shop\/produkt\/geister-schocker-34-der-fluch-von-alcatraz\/"]}]},{"@type":"ImageObject","inLanguage":"de","@id":"https:\/\/www.allscore.de\/shop\/produkt\/geister-schocker-34-der-fluch-von-alcatraz\/#primaryimage","url":"https:\/\/www.allscore.de\/shop\/wp-content\/uploads\/2021\/03\/GS34_1000px.jpg","contentUrl":"https:\/\/www.allscore.de\/shop\/wp-content\/uploads\/2021\/03\/GS34_1000px.jpg","width":1000,"height":1000,"caption":"Geister-Schocker (34): Der Fluch von Alcatraz"},{"@type":"BreadcrumbList","@id":"https:\/\/www.allscore.de\/shop\/produkt\/geister-schocker-34-der-fluch-von-alcatraz\/#breadcrumb","itemListElement":[{"@type":"ListItem","position":1,"name":"Startseite","item":"https:\/\/www.allscore.de\/shop\/"},{"@type":"ListItem","position":2,"name":"Produkte","item":"https:\/\/www.allscore.de\/shop\/shop\/"},{"@type":"ListItem","position":3,"name":"Geister-Schocker 34: Der Fluch von Alcatraz"}]},{"@type":"WebSite","@id":"https:\/\/www.allscore.de\/shop\/#website","url":"https:\/\/www.allscore.de\/shop\/","name":"Allscore Shop","description":"All Score Media","publisher":{"@id":"https:\/\/www.allscore.de\/shop\/#organization"},"potentialAction":[{"@type":"SearchAction","target":{"@type":"EntryPoint","urlTemplate":"https:\/\/www.allscore.de\/shop\/?s={search_term_string}"},"query-input":{"@type":"PropertyValueSpecification","valueRequired":true,"valueName":"search_term_string"}}],"inLanguage":"de"},{"@type":"Organization","@id":"https:\/\/www.allscore.de\/shop\/#organization","name":"All Score Media","alternateName":"Allscore","url":"https:\/\/www.allscore.de\/shop\/","logo":{"@type":"ImageObject","inLanguage":"de","@id":"https:\/\/www.allscore.de\/shop\/#\/schema\/logo\/image\/","url":"https:\/\/www.allscore.de\/shop\/wp-content\/uploads\/2026\/01\/Logo_Yoast_Shop_2026.png","contentUrl":"https:\/\/www.allscore.de\/shop\/wp-content\/uploads\/2026\/01\/Logo_Yoast_Shop_2026.png","width":696,"height":696,"caption":"All Score Media"},"image":{"@id":"https:\/\/www.allscore.de\/shop\/#\/schema\/logo\/image\/"}}]}},"_links":{"self":[{"href":"https:\/\/www.allscore.de\/shop\/wp-json\/wp\/v2\/product\/9573","targetHints":{"allow":["GET"]}}],"collection":[{"href":"https:\/\/www.allscore.de\/shop\/wp-json\/wp\/v2\/product"}],"about":[{"href":"https:\/\/www.allscore.de\/shop\/wp-json\/wp\/v2\/types\/product"}],"wp:featuredmedia":[{"embeddable":true,"href":"https:\/\/www.allscore.de\/shop\/wp-json\/wp\/v2\/media\/9442"}],"wp:attachment":[{"href":"https:\/\/www.allscore.de\/shop\/wp-json\/wp\/v2\/media?parent=9573"}],"wp:term":[{"taxonomy":"product_brand","embeddable":true,"href":"https:\/\/www.allscore.de\/shop\/wp-json\/wp\/v2\/product_brand?post=9573"},{"taxonomy":"product_cat","embeddable":true,"href":"https:\/\/www.allscore.de\/shop\/wp-json\/wp\/v2\/product_cat?post=9573"},{"taxonomy":"product_tag","embeddable":true,"href":"https:\/\/www.allscore.de\/shop\/wp-json\/wp\/v2\/product_tag?post=9573"}],"curies":[{"name":"wp","href":"https:\/\/api.w.org\/{rel}","templated":true}]}}