{"id":9562,"date":"2012-05-07T20:20:58","date_gmt":"2012-05-07T18:20:58","guid":{"rendered":"https:\/\/www.allscore.de\/shop\/?post_type=product&#038;p=9562"},"modified":"2025-10-14T18:36:40","modified_gmt":"2025-10-14T16:36:40","slug":"geister-schocker-28-100-stufen-zur-verdammnis","status":"publish","type":"product","link":"https:\/\/www.allscore.de\/shop\/produkt\/geister-schocker-28-100-stufen-zur-verdammnis\/","title":{"rendered":"Geister-Schocker 28: 100 Stufen zur Verdammnis"},"content":{"rendered":"<p>Geister-Schocker 28: 100 Stufen zur Verdammnis<\/p>\n<p><strong><u>Inhalt:<br \/>\n<\/u><\/strong>Zwei Dinge stapelten sich in Bob Hendersons Dachgescho\u00dfwohnung in London. Das waren unbezahlte Rechnungen und &#8211; alte B\u00fccher. Und beides hing mit seinem Beruf zusammen, der zwar ganz Bob Hendersons Vorstellungen entsprach, jedoch nur wenig Geld abwarf. Bob war Geschichtsforscher und Privatgelehrter, eine interessante und brotlose T\u00e4tigkeit. Das \u00e4nderte sich schlagartig, als Bob Henderson eine Kiste auspackte, angef\u00fcllt mit uralten B\u00fcchern, die er bei einem Tr\u00f6dler zum Altpapierpreis erstanden hatte &#8211; auf Kredit nat\u00fcrlich. Um acht Uhr abends begann Bob damit, den Neuzugang zu sortieren. Um Mitternacht stie\u00df er einen \u00fcberraschten Ruf aus und begann zu lesen. Er h\u00f6rte erst auf, bis er alles wusste, was das mehr als hundert Jahre alte Buch \u00fcber ein Schloss zu berichten hatte, in dem ein wagemutiger Mann unermessliche Sch\u00e4tze finden konnte &#8211; oder den Tod. Es hie\u00df Loxham Castle. Und es sollte Hendersons Leben einschneidend ver\u00e4ndern, wenn auch anders, als er im Moment ahnte \u2026<\/p>\n<p><strong><u>Sprecher:<br \/>\n<\/u><\/strong>Reent Reins, Katja Br\u00fcgger, Suzanne Vogdt, Bernd Vollbrecht, Till Hagen, Andreas Conrad, Karlheinz Tafel<\/p>\n<p><strong><u>Autor:<\/u><\/strong><br \/>\nBob Collins<\/p>\n","protected":false},"excerpt":{"rendered":"<p>Geister-Schocker 28: 100 Stufen zur Verdammnis Inhalt: Zwei Dinge stapelten sich in Bob Hendersons Dachgescho\u00dfwohnung in London. Das waren unbezahlte Rechnungen und &#8211; alte B\u00fccher. Und beides hing mit seinem Beruf zusammen, der zwar ganz Bob Hendersons Vorstellungen entsprach, jedoch nur wenig Geld abwarf. Bob war Geschichtsforscher und Privatgelehrter, eine interessante und brotlose T\u00e4tigkeit. Das&#8230;<\/p>\n<p><a rel=\"bookmark\" class=\"vonzot-button-simple wvc-button wvc-button-size-sm\" href=\"https:\/\/www.allscore.de\/shop\/produkt\/geister-schocker-28-100-stufen-zur-verdammnis\/\"><span>Read more<\/span><\/a><\/p>\n","protected":false},"featured_media":9432,"template":"","meta":[],"product_brand":[],"product_cat":[74,72],"product_tag":[],"class_list":{"0":"post-9562","1":"product","2":"type-product","3":"status-publish","4":"has-post-thumbnail","6":"product_cat-geister-schocker","7":"product_cat-hoerspiele","8":"product_shipping_class-tontraeger-cd","9":"entry","10":"clearfix","11":"entry-grid","12":"entry-columns-3","13":"entry-product-module-layout-sidebar-right","14":"thumbnail-color-tone-dark","15":"entry-product","17":"entry-product-grid","19":"first","20":"instock","21":"taxable","22":"shipping-taxable","23":"purchasable","24":"product-type-simple"},"yoast_head":"<!-- This site is optimized with the Yoast SEO plugin v27.3 - https:\/\/yoast.com\/product\/yoast-seo-wordpress\/ -->\n<title>Geister-Schocker 28: 100 Stufen zur Verdammnis<\/title>\n<meta name=\"description\" content=\"Geister-Schocker 28: 100 Stufen zur Verdammnis Inhalt: Zwei Dinge stapelten sich in Bob Hendersons Dachgescho\u00dfwohnung in London. Das waren unbezahlte\" \/>\n<meta name=\"robots\" content=\"index, follow, max-snippet:-1, max-image-preview:large, max-video-preview:-1\" \/>\n<link rel=\"canonical\" href=\"https:\/\/www.allscore.de\/shop\/produkt\/geister-schocker-28-100-stufen-zur-verdammnis\/\" \/>\n<meta property=\"og:locale\" content=\"de_DE\" \/>\n<meta property=\"og:type\" content=\"article\" \/>\n<meta property=\"og:title\" content=\"Geister-Schocker 28: 100 Stufen zur Verdammnis\" \/>\n<meta property=\"og:description\" content=\"Geister-Schocker 28: 100 Stufen zur Verdammnis Inhalt: Zwei Dinge stapelten sich in Bob Hendersons Dachgescho\u00dfwohnung in London. Das waren unbezahlte\" \/>\n<meta property=\"og:url\" content=\"https:\/\/www.allscore.de\/shop\/produkt\/geister-schocker-28-100-stufen-zur-verdammnis\/\" \/>\n<meta property=\"og:site_name\" content=\"Allscore Shop\" \/>\n<meta property=\"article:modified_time\" content=\"2025-10-14T16:36:40+00:00\" \/>\n<meta property=\"og:image\" content=\"https:\/\/www.allscore.de\/shop\/wp-content\/uploads\/2021\/03\/GS30_1000px.jpg\" \/>\n\t<meta property=\"og:image:width\" content=\"1000\" \/>\n\t<meta property=\"og:image:height\" content=\"1000\" \/>\n\t<meta property=\"og:image:type\" content=\"image\/jpeg\" \/>\n<meta name=\"twitter:card\" content=\"summary_large_image\" \/>\n<meta name=\"twitter:label1\" content=\"Gesch\u00e4tzte Lesezeit\" \/>\n\t<meta name=\"twitter:data1\" content=\"1\u00a0Minute\" \/>\n<script type=\"application\/ld+json\" class=\"yoast-schema-graph\">{\"@context\":\"https:\\\/\\\/schema.org\",\"@graph\":[{\"@type\":\"WebPage\",\"@id\":\"https:\\\/\\\/www.allscore.de\\\/shop\\\/produkt\\\/geister-schocker-28-100-stufen-zur-verdammnis\\\/\",\"url\":\"https:\\\/\\\/www.allscore.de\\\/shop\\\/produkt\\\/geister-schocker-28-100-stufen-zur-verdammnis\\\/\",\"name\":\"Geister-Schocker 28: 100 Stufen zur Verdammnis\",\"isPartOf\":{\"@id\":\"https:\\\/\\\/www.allscore.de\\\/shop\\\/#website\"},\"primaryImageOfPage\":{\"@id\":\"https:\\\/\\\/www.allscore.de\\\/shop\\\/produkt\\\/geister-schocker-28-100-stufen-zur-verdammnis\\\/#primaryimage\"},\"image\":{\"@id\":\"https:\\\/\\\/www.allscore.de\\\/shop\\\/produkt\\\/geister-schocker-28-100-stufen-zur-verdammnis\\\/#primaryimage\"},\"thumbnailUrl\":\"https:\\\/\\\/www.allscore.de\\\/shop\\\/wp-content\\\/uploads\\\/2021\\\/03\\\/GS30_1000px.jpg\",\"datePublished\":\"2012-05-07T18:20:58+00:00\",\"dateModified\":\"2025-10-14T16:36:40+00:00\",\"description\":\"Geister-Schocker 28: 100 Stufen zur Verdammnis Inhalt: Zwei Dinge stapelten sich in Bob Hendersons Dachgescho\u00dfwohnung in London. Das waren unbezahlte\",\"breadcrumb\":{\"@id\":\"https:\\\/\\\/www.allscore.de\\\/shop\\\/produkt\\\/geister-schocker-28-100-stufen-zur-verdammnis\\\/#breadcrumb\"},\"inLanguage\":\"de\",\"potentialAction\":[{\"@type\":\"ReadAction\",\"target\":[\"https:\\\/\\\/www.allscore.de\\\/shop\\\/produkt\\\/geister-schocker-28-100-stufen-zur-verdammnis\\\/\"]}]},{\"@type\":\"ImageObject\",\"inLanguage\":\"de\",\"@id\":\"https:\\\/\\\/www.allscore.de\\\/shop\\\/produkt\\\/geister-schocker-28-100-stufen-zur-verdammnis\\\/#primaryimage\",\"url\":\"https:\\\/\\\/www.allscore.de\\\/shop\\\/wp-content\\\/uploads\\\/2021\\\/03\\\/GS30_1000px.jpg\",\"contentUrl\":\"https:\\\/\\\/www.allscore.de\\\/shop\\\/wp-content\\\/uploads\\\/2021\\\/03\\\/GS30_1000px.jpg\",\"width\":1000,\"height\":1000,\"caption\":\"Geister-Schocker (28): 100 Stufen zur Verdammnis\"},{\"@type\":\"BreadcrumbList\",\"@id\":\"https:\\\/\\\/www.allscore.de\\\/shop\\\/produkt\\\/geister-schocker-28-100-stufen-zur-verdammnis\\\/#breadcrumb\",\"itemListElement\":[{\"@type\":\"ListItem\",\"position\":1,\"name\":\"Startseite\",\"item\":\"https:\\\/\\\/www.allscore.de\\\/shop\\\/\"},{\"@type\":\"ListItem\",\"position\":2,\"name\":\"Produkte\",\"item\":\"https:\\\/\\\/www.allscore.de\\\/shop\\\/shop\\\/\"},{\"@type\":\"ListItem\",\"position\":3,\"name\":\"Geister-Schocker 28: 100 Stufen zur Verdammnis\"}]},{\"@type\":\"WebSite\",\"@id\":\"https:\\\/\\\/www.allscore.de\\\/shop\\\/#website\",\"url\":\"https:\\\/\\\/www.allscore.de\\\/shop\\\/\",\"name\":\"Allscore Shop\",\"description\":\"All Score Media\",\"publisher\":{\"@id\":\"https:\\\/\\\/www.allscore.de\\\/shop\\\/#organization\"},\"potentialAction\":[{\"@type\":\"SearchAction\",\"target\":{\"@type\":\"EntryPoint\",\"urlTemplate\":\"https:\\\/\\\/www.allscore.de\\\/shop\\\/?s={search_term_string}\"},\"query-input\":{\"@type\":\"PropertyValueSpecification\",\"valueRequired\":true,\"valueName\":\"search_term_string\"}}],\"inLanguage\":\"de\"},{\"@type\":\"Organization\",\"@id\":\"https:\\\/\\\/www.allscore.de\\\/shop\\\/#organization\",\"name\":\"All Score Media\",\"alternateName\":\"Allscore\",\"url\":\"https:\\\/\\\/www.allscore.de\\\/shop\\\/\",\"logo\":{\"@type\":\"ImageObject\",\"inLanguage\":\"de\",\"@id\":\"https:\\\/\\\/www.allscore.de\\\/shop\\\/#\\\/schema\\\/logo\\\/image\\\/\",\"url\":\"https:\\\/\\\/www.allscore.de\\\/shop\\\/wp-content\\\/uploads\\\/2026\\\/01\\\/Logo_Yoast_Shop_2026.png\",\"contentUrl\":\"https:\\\/\\\/www.allscore.de\\\/shop\\\/wp-content\\\/uploads\\\/2026\\\/01\\\/Logo_Yoast_Shop_2026.png\",\"width\":696,\"height\":696,\"caption\":\"All Score Media\"},\"image\":{\"@id\":\"https:\\\/\\\/www.allscore.de\\\/shop\\\/#\\\/schema\\\/logo\\\/image\\\/\"}}]}<\/script>\n<!-- \/ Yoast SEO plugin. -->","yoast_head_json":{"title":"Geister-Schocker 28: 100 Stufen zur Verdammnis","description":"Geister-Schocker 28: 100 Stufen zur Verdammnis Inhalt: Zwei Dinge stapelten sich in Bob Hendersons Dachgescho\u00dfwohnung in London. Das waren unbezahlte","robots":{"index":"index","follow":"follow","max-snippet":"max-snippet:-1","max-image-preview":"max-image-preview:large","max-video-preview":"max-video-preview:-1"},"canonical":"https:\/\/www.allscore.de\/shop\/produkt\/geister-schocker-28-100-stufen-zur-verdammnis\/","og_locale":"de_DE","og_type":"article","og_title":"Geister-Schocker 28: 100 Stufen zur Verdammnis","og_description":"Geister-Schocker 28: 100 Stufen zur Verdammnis Inhalt: Zwei Dinge stapelten sich in Bob Hendersons Dachgescho\u00dfwohnung in London. Das waren unbezahlte","og_url":"https:\/\/www.allscore.de\/shop\/produkt\/geister-schocker-28-100-stufen-zur-verdammnis\/","og_site_name":"Allscore Shop","article_modified_time":"2025-10-14T16:36:40+00:00","og_image":[{"width":1000,"height":1000,"url":"https:\/\/www.allscore.de\/shop\/wp-content\/uploads\/2021\/03\/GS30_1000px.jpg","type":"image\/jpeg"}],"twitter_card":"summary_large_image","twitter_misc":{"Gesch\u00e4tzte Lesezeit":"1\u00a0Minute"},"schema":{"@context":"https:\/\/schema.org","@graph":[{"@type":"WebPage","@id":"https:\/\/www.allscore.de\/shop\/produkt\/geister-schocker-28-100-stufen-zur-verdammnis\/","url":"https:\/\/www.allscore.de\/shop\/produkt\/geister-schocker-28-100-stufen-zur-verdammnis\/","name":"Geister-Schocker 28: 100 Stufen zur Verdammnis","isPartOf":{"@id":"https:\/\/www.allscore.de\/shop\/#website"},"primaryImageOfPage":{"@id":"https:\/\/www.allscore.de\/shop\/produkt\/geister-schocker-28-100-stufen-zur-verdammnis\/#primaryimage"},"image":{"@id":"https:\/\/www.allscore.de\/shop\/produkt\/geister-schocker-28-100-stufen-zur-verdammnis\/#primaryimage"},"thumbnailUrl":"https:\/\/www.allscore.de\/shop\/wp-content\/uploads\/2021\/03\/GS30_1000px.jpg","datePublished":"2012-05-07T18:20:58+00:00","dateModified":"2025-10-14T16:36:40+00:00","description":"Geister-Schocker 28: 100 Stufen zur Verdammnis Inhalt: Zwei Dinge stapelten sich in Bob Hendersons Dachgescho\u00dfwohnung in London. Das waren unbezahlte","breadcrumb":{"@id":"https:\/\/www.allscore.de\/shop\/produkt\/geister-schocker-28-100-stufen-zur-verdammnis\/#breadcrumb"},"inLanguage":"de","potentialAction":[{"@type":"ReadAction","target":["https:\/\/www.allscore.de\/shop\/produkt\/geister-schocker-28-100-stufen-zur-verdammnis\/"]}]},{"@type":"ImageObject","inLanguage":"de","@id":"https:\/\/www.allscore.de\/shop\/produkt\/geister-schocker-28-100-stufen-zur-verdammnis\/#primaryimage","url":"https:\/\/www.allscore.de\/shop\/wp-content\/uploads\/2021\/03\/GS30_1000px.jpg","contentUrl":"https:\/\/www.allscore.de\/shop\/wp-content\/uploads\/2021\/03\/GS30_1000px.jpg","width":1000,"height":1000,"caption":"Geister-Schocker (28): 100 Stufen zur Verdammnis"},{"@type":"BreadcrumbList","@id":"https:\/\/www.allscore.de\/shop\/produkt\/geister-schocker-28-100-stufen-zur-verdammnis\/#breadcrumb","itemListElement":[{"@type":"ListItem","position":1,"name":"Startseite","item":"https:\/\/www.allscore.de\/shop\/"},{"@type":"ListItem","position":2,"name":"Produkte","item":"https:\/\/www.allscore.de\/shop\/shop\/"},{"@type":"ListItem","position":3,"name":"Geister-Schocker 28: 100 Stufen zur Verdammnis"}]},{"@type":"WebSite","@id":"https:\/\/www.allscore.de\/shop\/#website","url":"https:\/\/www.allscore.de\/shop\/","name":"Allscore Shop","description":"All Score Media","publisher":{"@id":"https:\/\/www.allscore.de\/shop\/#organization"},"potentialAction":[{"@type":"SearchAction","target":{"@type":"EntryPoint","urlTemplate":"https:\/\/www.allscore.de\/shop\/?s={search_term_string}"},"query-input":{"@type":"PropertyValueSpecification","valueRequired":true,"valueName":"search_term_string"}}],"inLanguage":"de"},{"@type":"Organization","@id":"https:\/\/www.allscore.de\/shop\/#organization","name":"All Score Media","alternateName":"Allscore","url":"https:\/\/www.allscore.de\/shop\/","logo":{"@type":"ImageObject","inLanguage":"de","@id":"https:\/\/www.allscore.de\/shop\/#\/schema\/logo\/image\/","url":"https:\/\/www.allscore.de\/shop\/wp-content\/uploads\/2026\/01\/Logo_Yoast_Shop_2026.png","contentUrl":"https:\/\/www.allscore.de\/shop\/wp-content\/uploads\/2026\/01\/Logo_Yoast_Shop_2026.png","width":696,"height":696,"caption":"All Score Media"},"image":{"@id":"https:\/\/www.allscore.de\/shop\/#\/schema\/logo\/image\/"}}]}},"_links":{"self":[{"href":"https:\/\/www.allscore.de\/shop\/wp-json\/wp\/v2\/product\/9562","targetHints":{"allow":["GET"]}}],"collection":[{"href":"https:\/\/www.allscore.de\/shop\/wp-json\/wp\/v2\/product"}],"about":[{"href":"https:\/\/www.allscore.de\/shop\/wp-json\/wp\/v2\/types\/product"}],"wp:featuredmedia":[{"embeddable":true,"href":"https:\/\/www.allscore.de\/shop\/wp-json\/wp\/v2\/media\/9432"}],"wp:attachment":[{"href":"https:\/\/www.allscore.de\/shop\/wp-json\/wp\/v2\/media?parent=9562"}],"wp:term":[{"taxonomy":"product_brand","embeddable":true,"href":"https:\/\/www.allscore.de\/shop\/wp-json\/wp\/v2\/product_brand?post=9562"},{"taxonomy":"product_cat","embeddable":true,"href":"https:\/\/www.allscore.de\/shop\/wp-json\/wp\/v2\/product_cat?post=9562"},{"taxonomy":"product_tag","embeddable":true,"href":"https:\/\/www.allscore.de\/shop\/wp-json\/wp\/v2\/product_tag?post=9562"}],"curies":[{"name":"wp","href":"https:\/\/api.w.org\/{rel}","templated":true}]}}