{"id":9560,"date":"2012-04-04T20:14:50","date_gmt":"2012-04-04T18:14:50","guid":{"rendered":"https:\/\/www.allscore.de\/shop\/?post_type=product&#038;p=9560"},"modified":"2024-08-27T13:46:58","modified_gmt":"2024-08-27T11:46:58","slug":"geister-schocker-27-die-stunde-des-henkers","status":"publish","type":"product","link":"https:\/\/www.allscore.de\/shop\/produkt\/geister-schocker-27-die-stunde-des-henkers\/","title":{"rendered":"Geister-Schocker 27: Die Stunde des Henkers"},"content":{"rendered":"","protected":false},"excerpt":{"rendered":"<p><strong><u>Inhalt:<br \/>\n<\/u><\/strong>Es war kurz nach halb zw\u00f6lf. Jakob Neumann f\u00fchrte seine Sch\u00e4ferh\u00fcndin noch einmal aus. Wiens n\u00e4chtliche Stra\u00dfen waren menschenleer und wirkten wie aus\u00adgestorben. Der Hund lief voraus. Er fand den Nachhauseweg allein. Jakob Neumann warf sich die Leine \u00fcber die Schulter und bog einige Augen\u00adblicke sp\u00e4ter ebenfalls um die Ecke. In diesem Moment sprang ihn das eiskalte Entsetzen an. Sein Hund lag vor dem Haustor und r\u00fchrte sich nicht. Die Zunge hing weit aus dem Rachen. Die Augen waren gebrochen. Blut troff aus der Schnauze. Benom\u00admen starrte er auf das Tier. Da lie\u00df ihn ein Ger\u00e4usch hochzucken. Ein d\u00fcsterer Schatten f\u00fcllte die Haustornische. Und aus diesem Schatten trat dem entsetzten Mann nun eine furchteinfl\u00f6\u00dfende Gestalt entgegen. Es war ein Henker. <em>Sein<\/em> Henker. Wie angewurzelt blieb der alte Mann stehen. Sekunden sp\u00e4ter raste das blutbesudelte Beil auf ihn hernieder.<\/p>\n<p><strong><u>Sprecher:<br \/>\n<\/u><\/strong>Karlheinz Tafel, Helgo Liebig, Katja Br\u00fcgger, Reent Reins, Jens Wendland, Karen Schulz-Vobach, Martin Sabel<\/p>\n<p><strong><u>Autor:<\/u><\/strong><br \/>\nA. F. Morland<\/p>\n","protected":false},"featured_media":9430,"template":"","meta":[],"product_brand":[],"product_cat":[74,72],"product_tag":[],"class_list":{"0":"post-9560","1":"product","2":"type-product","3":"status-publish","4":"has-post-thumbnail","6":"product_cat-geister-schocker","7":"product_cat-hoerspiele","8":"product_shipping_class-tontraeger-cd","9":"entry","10":"clearfix","11":"entry-grid","12":"entry-columns-3","13":"entry-product-module-layout-sidebar-right","14":"thumbnail-color-tone-dark","15":"entry-product","17":"entry-product-grid","19":"first","20":"outofstock","21":"taxable","22":"shipping-taxable","23":"purchasable","24":"product-type-simple"},"yoast_head":"<!-- This site is optimized with the Yoast SEO plugin v27.3 - https:\/\/yoast.com\/product\/yoast-seo-wordpress\/ -->\n<title>Geister-Schocker 27: Die Stunde des Henkers<\/title>\n<meta name=\"description\" content=\"Inhalt: Es war kurz nach halb zw\u00f6lf. Jakob Neumann f\u00fchrte seine Sch\u00e4ferh\u00fcndin noch einmal aus. Wiens n\u00e4chtliche Stra\u00dfen waren menschenleer und wirkten wie aus\u00adgestorben. Der Hund lief voraus. Er fand den Nachhauseweg allein. Jakob Neumann warf sich die Leine \u00fcber die Schulter und bog einige Augen\u00adblicke sp\u00e4ter ebenfalls um die Ecke. In diesem Moment sprang ihn das eiskalte Entsetzen an. Sein Hund lag vor dem Haustor und r\u00fchrte sich nicht. Die Zunge hing weit aus dem Rachen. Die Augen waren gebrochen. Blut troff aus der Schnauze. Benom\u00admen starrte er auf das Tier. Da lie\u00df ihn ein Ger\u00e4usch hochzucken. Ein d\u00fcsterer Schatten f\u00fcllte die Haustornische. Und aus diesem Schatten trat dem entsetzten Mann nun eine furchteinfl\u00f6\u00dfende Gestalt entgegen. Es war ein Henker. Sein Henker. Wie angewurzelt blieb der alte Mann stehen. Sekunden sp\u00e4ter raste das blutbesudelte Beil auf ihn hernieder.  Sprecher: Karlheinz Tafel, Helgo Liebig, Katja Br\u00fcgger, Reent Reins, Jens Wendland, Karen Schulz-Vobach, Martin Sabel  Autor: A. F. Morland\" \/>\n<meta name=\"robots\" content=\"index, follow, max-snippet:-1, max-image-preview:large, max-video-preview:-1\" \/>\n<link rel=\"canonical\" href=\"https:\/\/www.allscore.de\/shop\/produkt\/geister-schocker-27-die-stunde-des-henkers\/\" \/>\n<meta property=\"og:locale\" content=\"de_DE\" \/>\n<meta property=\"og:type\" content=\"article\" \/>\n<meta property=\"og:title\" content=\"Geister-Schocker 27: Die Stunde des Henkers\" \/>\n<meta property=\"og:description\" content=\"Inhalt: Es war kurz nach halb zw\u00f6lf. Jakob Neumann f\u00fchrte seine Sch\u00e4ferh\u00fcndin noch einmal aus. Wiens n\u00e4chtliche Stra\u00dfen waren menschenleer und wirkten wie aus\u00adgestorben. Der Hund lief voraus. Er fand den Nachhauseweg allein. Jakob Neumann warf sich die Leine \u00fcber die Schulter und bog einige Augen\u00adblicke sp\u00e4ter ebenfalls um die Ecke. In diesem Moment sprang ihn das eiskalte Entsetzen an. Sein Hund lag vor dem Haustor und r\u00fchrte sich nicht. Die Zunge hing weit aus dem Rachen. Die Augen waren gebrochen. Blut troff aus der Schnauze. Benom\u00admen starrte er auf das Tier. Da lie\u00df ihn ein Ger\u00e4usch hochzucken. Ein d\u00fcsterer Schatten f\u00fcllte die Haustornische. Und aus diesem Schatten trat dem entsetzten Mann nun eine furchteinfl\u00f6\u00dfende Gestalt entgegen. Es war ein Henker. Sein Henker. Wie angewurzelt blieb der alte Mann stehen. Sekunden sp\u00e4ter raste das blutbesudelte Beil auf ihn hernieder.  Sprecher: Karlheinz Tafel, Helgo Liebig, Katja Br\u00fcgger, Reent Reins, Jens Wendland, Karen Schulz-Vobach, Martin Sabel  Autor: A. F. Morland\" \/>\n<meta property=\"og:url\" content=\"https:\/\/www.allscore.de\/shop\/produkt\/geister-schocker-27-die-stunde-des-henkers\/\" \/>\n<meta property=\"og:site_name\" content=\"Allscore Shop\" \/>\n<meta property=\"article:modified_time\" content=\"2024-08-27T11:46:58+00:00\" \/>\n<meta property=\"og:image\" content=\"https:\/\/www.allscore.de\/shop\/wp-content\/uploads\/2021\/03\/GS27_1000px.jpg\" \/>\n\t<meta property=\"og:image:width\" content=\"1000\" \/>\n\t<meta property=\"og:image:height\" content=\"1000\" \/>\n\t<meta property=\"og:image:type\" content=\"image\/jpeg\" \/>\n<meta name=\"twitter:card\" content=\"summary_large_image\" \/>\n<script type=\"application\/ld+json\" class=\"yoast-schema-graph\">{\"@context\":\"https:\\\/\\\/schema.org\",\"@graph\":[{\"@type\":\"WebPage\",\"@id\":\"https:\\\/\\\/www.allscore.de\\\/shop\\\/produkt\\\/geister-schocker-27-die-stunde-des-henkers\\\/\",\"url\":\"https:\\\/\\\/www.allscore.de\\\/shop\\\/produkt\\\/geister-schocker-27-die-stunde-des-henkers\\\/\",\"name\":\"Geister-Schocker 27: Die Stunde des Henkers\",\"isPartOf\":{\"@id\":\"https:\\\/\\\/www.allscore.de\\\/shop\\\/#website\"},\"primaryImageOfPage\":{\"@id\":\"https:\\\/\\\/www.allscore.de\\\/shop\\\/produkt\\\/geister-schocker-27-die-stunde-des-henkers\\\/#primaryimage\"},\"image\":{\"@id\":\"https:\\\/\\\/www.allscore.de\\\/shop\\\/produkt\\\/geister-schocker-27-die-stunde-des-henkers\\\/#primaryimage\"},\"thumbnailUrl\":\"https:\\\/\\\/www.allscore.de\\\/shop\\\/wp-content\\\/uploads\\\/2021\\\/03\\\/GS27_1000px.jpg\",\"datePublished\":\"2012-04-04T18:14:50+00:00\",\"dateModified\":\"2024-08-27T11:46:58+00:00\",\"description\":\"Inhalt: Es war kurz nach halb zw\u00f6lf. Jakob Neumann f\u00fchrte seine Sch\u00e4ferh\u00fcndin noch einmal aus. Wiens n\u00e4chtliche Stra\u00dfen waren menschenleer und wirkten wie aus\u00adgestorben. Der Hund lief voraus. Er fand den Nachhauseweg allein. Jakob Neumann warf sich die Leine \u00fcber die Schulter und bog einige Augen\u00adblicke sp\u00e4ter ebenfalls um die Ecke. In diesem Moment sprang ihn das eiskalte Entsetzen an. Sein Hund lag vor dem Haustor und r\u00fchrte sich nicht. Die Zunge hing weit aus dem Rachen. Die Augen waren gebrochen. Blut troff aus der Schnauze. Benom\u00admen starrte er auf das Tier. Da lie\u00df ihn ein Ger\u00e4usch hochzucken. Ein d\u00fcsterer Schatten f\u00fcllte die Haustornische. Und aus diesem Schatten trat dem entsetzten Mann nun eine furchteinfl\u00f6\u00dfende Gestalt entgegen. Es war ein Henker. Sein Henker. Wie angewurzelt blieb der alte Mann stehen. Sekunden sp\u00e4ter raste das blutbesudelte Beil auf ihn hernieder. Sprecher: Karlheinz Tafel, Helgo Liebig, Katja Br\u00fcgger, Reent Reins, Jens Wendland, Karen Schulz-Vobach, Martin Sabel Autor: A. F. Morland\",\"breadcrumb\":{\"@id\":\"https:\\\/\\\/www.allscore.de\\\/shop\\\/produkt\\\/geister-schocker-27-die-stunde-des-henkers\\\/#breadcrumb\"},\"inLanguage\":\"de\",\"potentialAction\":[{\"@type\":\"ReadAction\",\"target\":[\"https:\\\/\\\/www.allscore.de\\\/shop\\\/produkt\\\/geister-schocker-27-die-stunde-des-henkers\\\/\"]}]},{\"@type\":\"ImageObject\",\"inLanguage\":\"de\",\"@id\":\"https:\\\/\\\/www.allscore.de\\\/shop\\\/produkt\\\/geister-schocker-27-die-stunde-des-henkers\\\/#primaryimage\",\"url\":\"https:\\\/\\\/www.allscore.de\\\/shop\\\/wp-content\\\/uploads\\\/2021\\\/03\\\/GS27_1000px.jpg\",\"contentUrl\":\"https:\\\/\\\/www.allscore.de\\\/shop\\\/wp-content\\\/uploads\\\/2021\\\/03\\\/GS27_1000px.jpg\",\"width\":1000,\"height\":1000,\"caption\":\"Geister-Schocker (27): Die Stunde des Henkers\"},{\"@type\":\"BreadcrumbList\",\"@id\":\"https:\\\/\\\/www.allscore.de\\\/shop\\\/produkt\\\/geister-schocker-27-die-stunde-des-henkers\\\/#breadcrumb\",\"itemListElement\":[{\"@type\":\"ListItem\",\"position\":1,\"name\":\"Startseite\",\"item\":\"https:\\\/\\\/www.allscore.de\\\/shop\\\/\"},{\"@type\":\"ListItem\",\"position\":2,\"name\":\"Produkte\",\"item\":\"https:\\\/\\\/www.allscore.de\\\/shop\\\/shop\\\/\"},{\"@type\":\"ListItem\",\"position\":3,\"name\":\"Geister-Schocker 27: Die Stunde des Henkers\"}]},{\"@type\":\"WebSite\",\"@id\":\"https:\\\/\\\/www.allscore.de\\\/shop\\\/#website\",\"url\":\"https:\\\/\\\/www.allscore.de\\\/shop\\\/\",\"name\":\"Allscore Shop\",\"description\":\"All Score Media\",\"publisher\":{\"@id\":\"https:\\\/\\\/www.allscore.de\\\/shop\\\/#organization\"},\"potentialAction\":[{\"@type\":\"SearchAction\",\"target\":{\"@type\":\"EntryPoint\",\"urlTemplate\":\"https:\\\/\\\/www.allscore.de\\\/shop\\\/?s={search_term_string}\"},\"query-input\":{\"@type\":\"PropertyValueSpecification\",\"valueRequired\":true,\"valueName\":\"search_term_string\"}}],\"inLanguage\":\"de\"},{\"@type\":\"Organization\",\"@id\":\"https:\\\/\\\/www.allscore.de\\\/shop\\\/#organization\",\"name\":\"All Score Media\",\"alternateName\":\"Allscore\",\"url\":\"https:\\\/\\\/www.allscore.de\\\/shop\\\/\",\"logo\":{\"@type\":\"ImageObject\",\"inLanguage\":\"de\",\"@id\":\"https:\\\/\\\/www.allscore.de\\\/shop\\\/#\\\/schema\\\/logo\\\/image\\\/\",\"url\":\"https:\\\/\\\/www.allscore.de\\\/shop\\\/wp-content\\\/uploads\\\/2026\\\/01\\\/Logo_Yoast_Shop_2026.png\",\"contentUrl\":\"https:\\\/\\\/www.allscore.de\\\/shop\\\/wp-content\\\/uploads\\\/2026\\\/01\\\/Logo_Yoast_Shop_2026.png\",\"width\":696,\"height\":696,\"caption\":\"All Score Media\"},\"image\":{\"@id\":\"https:\\\/\\\/www.allscore.de\\\/shop\\\/#\\\/schema\\\/logo\\\/image\\\/\"}}]}<\/script>\n<!-- \/ Yoast SEO plugin. -->","yoast_head_json":{"title":"Geister-Schocker 27: Die Stunde des Henkers","description":"Inhalt: Es war kurz nach halb zw\u00f6lf. Jakob Neumann f\u00fchrte seine Sch\u00e4ferh\u00fcndin noch einmal aus. Wiens n\u00e4chtliche Stra\u00dfen waren menschenleer und wirkten wie aus\u00adgestorben. Der Hund lief voraus. Er fand den Nachhauseweg allein. Jakob Neumann warf sich die Leine \u00fcber die Schulter und bog einige Augen\u00adblicke sp\u00e4ter ebenfalls um die Ecke. In diesem Moment sprang ihn das eiskalte Entsetzen an. Sein Hund lag vor dem Haustor und r\u00fchrte sich nicht. Die Zunge hing weit aus dem Rachen. Die Augen waren gebrochen. Blut troff aus der Schnauze. Benom\u00admen starrte er auf das Tier. Da lie\u00df ihn ein Ger\u00e4usch hochzucken. Ein d\u00fcsterer Schatten f\u00fcllte die Haustornische. Und aus diesem Schatten trat dem entsetzten Mann nun eine furchteinfl\u00f6\u00dfende Gestalt entgegen. Es war ein Henker. Sein Henker. Wie angewurzelt blieb der alte Mann stehen. Sekunden sp\u00e4ter raste das blutbesudelte Beil auf ihn hernieder.  Sprecher: Karlheinz Tafel, Helgo Liebig, Katja Br\u00fcgger, Reent Reins, Jens Wendland, Karen Schulz-Vobach, Martin Sabel  Autor: A. F. Morland","robots":{"index":"index","follow":"follow","max-snippet":"max-snippet:-1","max-image-preview":"max-image-preview:large","max-video-preview":"max-video-preview:-1"},"canonical":"https:\/\/www.allscore.de\/shop\/produkt\/geister-schocker-27-die-stunde-des-henkers\/","og_locale":"de_DE","og_type":"article","og_title":"Geister-Schocker 27: Die Stunde des Henkers","og_description":"Inhalt: Es war kurz nach halb zw\u00f6lf. Jakob Neumann f\u00fchrte seine Sch\u00e4ferh\u00fcndin noch einmal aus. Wiens n\u00e4chtliche Stra\u00dfen waren menschenleer und wirkten wie aus\u00adgestorben. Der Hund lief voraus. Er fand den Nachhauseweg allein. Jakob Neumann warf sich die Leine \u00fcber die Schulter und bog einige Augen\u00adblicke sp\u00e4ter ebenfalls um die Ecke. In diesem Moment sprang ihn das eiskalte Entsetzen an. Sein Hund lag vor dem Haustor und r\u00fchrte sich nicht. Die Zunge hing weit aus dem Rachen. Die Augen waren gebrochen. Blut troff aus der Schnauze. Benom\u00admen starrte er auf das Tier. Da lie\u00df ihn ein Ger\u00e4usch hochzucken. Ein d\u00fcsterer Schatten f\u00fcllte die Haustornische. Und aus diesem Schatten trat dem entsetzten Mann nun eine furchteinfl\u00f6\u00dfende Gestalt entgegen. Es war ein Henker. Sein Henker. Wie angewurzelt blieb der alte Mann stehen. Sekunden sp\u00e4ter raste das blutbesudelte Beil auf ihn hernieder.  Sprecher: Karlheinz Tafel, Helgo Liebig, Katja Br\u00fcgger, Reent Reins, Jens Wendland, Karen Schulz-Vobach, Martin Sabel  Autor: A. F. Morland","og_url":"https:\/\/www.allscore.de\/shop\/produkt\/geister-schocker-27-die-stunde-des-henkers\/","og_site_name":"Allscore Shop","article_modified_time":"2024-08-27T11:46:58+00:00","og_image":[{"width":1000,"height":1000,"url":"https:\/\/www.allscore.de\/shop\/wp-content\/uploads\/2021\/03\/GS27_1000px.jpg","type":"image\/jpeg"}],"twitter_card":"summary_large_image","schema":{"@context":"https:\/\/schema.org","@graph":[{"@type":"WebPage","@id":"https:\/\/www.allscore.de\/shop\/produkt\/geister-schocker-27-die-stunde-des-henkers\/","url":"https:\/\/www.allscore.de\/shop\/produkt\/geister-schocker-27-die-stunde-des-henkers\/","name":"Geister-Schocker 27: Die Stunde des Henkers","isPartOf":{"@id":"https:\/\/www.allscore.de\/shop\/#website"},"primaryImageOfPage":{"@id":"https:\/\/www.allscore.de\/shop\/produkt\/geister-schocker-27-die-stunde-des-henkers\/#primaryimage"},"image":{"@id":"https:\/\/www.allscore.de\/shop\/produkt\/geister-schocker-27-die-stunde-des-henkers\/#primaryimage"},"thumbnailUrl":"https:\/\/www.allscore.de\/shop\/wp-content\/uploads\/2021\/03\/GS27_1000px.jpg","datePublished":"2012-04-04T18:14:50+00:00","dateModified":"2024-08-27T11:46:58+00:00","description":"Inhalt: Es war kurz nach halb zw\u00f6lf. Jakob Neumann f\u00fchrte seine Sch\u00e4ferh\u00fcndin noch einmal aus. Wiens n\u00e4chtliche Stra\u00dfen waren menschenleer und wirkten wie aus\u00adgestorben. Der Hund lief voraus. Er fand den Nachhauseweg allein. Jakob Neumann warf sich die Leine \u00fcber die Schulter und bog einige Augen\u00adblicke sp\u00e4ter ebenfalls um die Ecke. In diesem Moment sprang ihn das eiskalte Entsetzen an. Sein Hund lag vor dem Haustor und r\u00fchrte sich nicht. Die Zunge hing weit aus dem Rachen. Die Augen waren gebrochen. Blut troff aus der Schnauze. Benom\u00admen starrte er auf das Tier. Da lie\u00df ihn ein Ger\u00e4usch hochzucken. Ein d\u00fcsterer Schatten f\u00fcllte die Haustornische. Und aus diesem Schatten trat dem entsetzten Mann nun eine furchteinfl\u00f6\u00dfende Gestalt entgegen. Es war ein Henker. Sein Henker. Wie angewurzelt blieb der alte Mann stehen. Sekunden sp\u00e4ter raste das blutbesudelte Beil auf ihn hernieder. Sprecher: Karlheinz Tafel, Helgo Liebig, Katja Br\u00fcgger, Reent Reins, Jens Wendland, Karen Schulz-Vobach, Martin Sabel Autor: A. F. Morland","breadcrumb":{"@id":"https:\/\/www.allscore.de\/shop\/produkt\/geister-schocker-27-die-stunde-des-henkers\/#breadcrumb"},"inLanguage":"de","potentialAction":[{"@type":"ReadAction","target":["https:\/\/www.allscore.de\/shop\/produkt\/geister-schocker-27-die-stunde-des-henkers\/"]}]},{"@type":"ImageObject","inLanguage":"de","@id":"https:\/\/www.allscore.de\/shop\/produkt\/geister-schocker-27-die-stunde-des-henkers\/#primaryimage","url":"https:\/\/www.allscore.de\/shop\/wp-content\/uploads\/2021\/03\/GS27_1000px.jpg","contentUrl":"https:\/\/www.allscore.de\/shop\/wp-content\/uploads\/2021\/03\/GS27_1000px.jpg","width":1000,"height":1000,"caption":"Geister-Schocker (27): Die Stunde des Henkers"},{"@type":"BreadcrumbList","@id":"https:\/\/www.allscore.de\/shop\/produkt\/geister-schocker-27-die-stunde-des-henkers\/#breadcrumb","itemListElement":[{"@type":"ListItem","position":1,"name":"Startseite","item":"https:\/\/www.allscore.de\/shop\/"},{"@type":"ListItem","position":2,"name":"Produkte","item":"https:\/\/www.allscore.de\/shop\/shop\/"},{"@type":"ListItem","position":3,"name":"Geister-Schocker 27: Die Stunde des Henkers"}]},{"@type":"WebSite","@id":"https:\/\/www.allscore.de\/shop\/#website","url":"https:\/\/www.allscore.de\/shop\/","name":"Allscore Shop","description":"All Score Media","publisher":{"@id":"https:\/\/www.allscore.de\/shop\/#organization"},"potentialAction":[{"@type":"SearchAction","target":{"@type":"EntryPoint","urlTemplate":"https:\/\/www.allscore.de\/shop\/?s={search_term_string}"},"query-input":{"@type":"PropertyValueSpecification","valueRequired":true,"valueName":"search_term_string"}}],"inLanguage":"de"},{"@type":"Organization","@id":"https:\/\/www.allscore.de\/shop\/#organization","name":"All Score Media","alternateName":"Allscore","url":"https:\/\/www.allscore.de\/shop\/","logo":{"@type":"ImageObject","inLanguage":"de","@id":"https:\/\/www.allscore.de\/shop\/#\/schema\/logo\/image\/","url":"https:\/\/www.allscore.de\/shop\/wp-content\/uploads\/2026\/01\/Logo_Yoast_Shop_2026.png","contentUrl":"https:\/\/www.allscore.de\/shop\/wp-content\/uploads\/2026\/01\/Logo_Yoast_Shop_2026.png","width":696,"height":696,"caption":"All Score Media"},"image":{"@id":"https:\/\/www.allscore.de\/shop\/#\/schema\/logo\/image\/"}}]}},"_links":{"self":[{"href":"https:\/\/www.allscore.de\/shop\/wp-json\/wp\/v2\/product\/9560","targetHints":{"allow":["GET"]}}],"collection":[{"href":"https:\/\/www.allscore.de\/shop\/wp-json\/wp\/v2\/product"}],"about":[{"href":"https:\/\/www.allscore.de\/shop\/wp-json\/wp\/v2\/types\/product"}],"wp:featuredmedia":[{"embeddable":true,"href":"https:\/\/www.allscore.de\/shop\/wp-json\/wp\/v2\/media\/9430"}],"wp:attachment":[{"href":"https:\/\/www.allscore.de\/shop\/wp-json\/wp\/v2\/media?parent=9560"}],"wp:term":[{"taxonomy":"product_brand","embeddable":true,"href":"https:\/\/www.allscore.de\/shop\/wp-json\/wp\/v2\/product_brand?post=9560"},{"taxonomy":"product_cat","embeddable":true,"href":"https:\/\/www.allscore.de\/shop\/wp-json\/wp\/v2\/product_cat?post=9560"},{"taxonomy":"product_tag","embeddable":true,"href":"https:\/\/www.allscore.de\/shop\/wp-json\/wp\/v2\/product_tag?post=9560"}],"curies":[{"name":"wp","href":"https:\/\/api.w.org\/{rel}","templated":true}]}}