{"id":9550,"date":"2011-10-17T19:49:43","date_gmt":"2011-10-17T17:49:43","guid":{"rendered":"https:\/\/www.allscore.de\/shop\/?post_type=product&#038;p=9550"},"modified":"2025-05-05T19:23:39","modified_gmt":"2025-05-05T17:23:39","slug":"geister-schocker-22-das-grauen-aus-dem-eis","status":"publish","type":"product","link":"https:\/\/www.allscore.de\/shop\/produkt\/geister-schocker-22-das-grauen-aus-dem-eis\/","title":{"rendered":"Geister-Schocker 22: Das Grauen aus dem Eis"},"content":{"rendered":"<p>Geister-Schocker 22: Das Grauen aus dem Eis<\/p>\n<p><strong><u>Inhalt:<br \/>\n<\/u><\/strong>F\u00fcr die vier deutschen Urlauber ist der vergn\u00fcgliche Trip in die Schweizer Alpen j\u00e4h zu Ende, als einer von ihnen scheinbar spurlos aus dem Skilift verschwindet.<br \/>\nWoher kam das schreckliche Heulen, das kurz\u00a0zuvor erklang? Bestimmt nicht vom Yeti, da sind sich alle sicher. An \u00fcbernat\u00fcrliche Dinge glaubt keiner von ihnen. Spielt Ihnen\u00a0jemand einen b\u00f6sen Streich? Und was haben der unweit abgest\u00fcrzte Komet und der seitdem auftretende, \u00a0schier undurchdringbare Nebel damit zu tun? Die resolute Sarah, ihr Freund Kai und der zwielichtige Skilehrer J\u00fcrgen machen sich auf die Suche nach dem Vermissten und kommen einem schaurigen Geheimnis auf die Spur \u2026<\/p>\n<p><strong><u>Sprecher:<br \/>\n<\/u><\/strong>Karlheinz Tafel, Till Hagen, Marie Bierstedt, Michael Che Koch, Marion von Stengel, Peter Flechtner, Walter Gontermann, Boris Tessmann, Thomas Danneberg<\/p>\n<p><strong><u>Autor:<br \/>\n<\/u><\/strong>Markus Winter<\/p>\n","protected":false},"excerpt":{"rendered":"<p>Geister-Schocker 22: Das Grauen aus dem Eis Inhalt: F\u00fcr die vier deutschen Urlauber ist der vergn\u00fcgliche Trip in die Schweizer Alpen j\u00e4h zu Ende, als einer von ihnen scheinbar spurlos aus dem Skilift verschwindet. Woher kam das schreckliche Heulen, das kurz\u00a0zuvor erklang? Bestimmt nicht vom Yeti, da sind sich alle sicher. An \u00fcbernat\u00fcrliche Dinge glaubt&#8230;<\/p>\n<p><a rel=\"bookmark\" class=\"vonzot-button-simple wvc-button wvc-button-size-sm\" href=\"https:\/\/www.allscore.de\/shop\/produkt\/geister-schocker-22-das-grauen-aus-dem-eis\/\"><span>Read more<\/span><\/a><\/p>\n","protected":false},"featured_media":9420,"template":"","meta":[],"product_brand":[],"product_cat":[74,72],"product_tag":[],"class_list":{"0":"post-9550","1":"product","2":"type-product","3":"status-publish","4":"has-post-thumbnail","6":"product_cat-geister-schocker","7":"product_cat-hoerspiele","8":"product_shipping_class-tontraeger-cd","9":"entry","10":"clearfix","11":"entry-grid","12":"entry-columns-3","13":"entry-product-module-layout-sidebar-right","14":"thumbnail-color-tone-dark","15":"entry-product","17":"entry-product-grid","19":"first","20":"instock","21":"sale","22":"taxable","23":"shipping-taxable","24":"purchasable","25":"product-type-simple"},"yoast_head":"<!-- This site is optimized with the Yoast SEO plugin v27.3 - https:\/\/yoast.com\/product\/yoast-seo-wordpress\/ -->\n<title>Geister-Schocker 22: Das Grauen aus dem Eis<\/title>\n<meta name=\"description\" content=\"Geister-Schocker 22: Das Grauen aus dem Eis Inhalt: F\u00fcr die vier deutschen Urlauber ist der vergn\u00fcgliche Trip in die Schweizer Alpen j\u00e4h zu Ende, als\" \/>\n<meta name=\"robots\" content=\"index, follow, max-snippet:-1, max-image-preview:large, max-video-preview:-1\" \/>\n<link rel=\"canonical\" href=\"https:\/\/www.allscore.de\/shop\/produkt\/geister-schocker-22-das-grauen-aus-dem-eis\/\" \/>\n<meta property=\"og:locale\" content=\"de_DE\" \/>\n<meta property=\"og:type\" content=\"article\" \/>\n<meta property=\"og:title\" content=\"Geister-Schocker 22: Das Grauen aus dem Eis\" \/>\n<meta property=\"og:description\" content=\"Geister-Schocker 22: Das Grauen aus dem Eis Inhalt: F\u00fcr die vier deutschen Urlauber ist der vergn\u00fcgliche Trip in die Schweizer Alpen j\u00e4h zu Ende, als\" \/>\n<meta property=\"og:url\" content=\"https:\/\/www.allscore.de\/shop\/produkt\/geister-schocker-22-das-grauen-aus-dem-eis\/\" \/>\n<meta property=\"og:site_name\" content=\"Allscore Shop\" \/>\n<meta property=\"article:modified_time\" content=\"2025-05-05T17:23:39+00:00\" \/>\n<meta property=\"og:image\" content=\"https:\/\/www.allscore.de\/shop\/wp-content\/uploads\/2021\/03\/GS22_1000px.jpg\" \/>\n\t<meta property=\"og:image:width\" content=\"1000\" \/>\n\t<meta property=\"og:image:height\" content=\"1000\" \/>\n\t<meta property=\"og:image:type\" content=\"image\/jpeg\" \/>\n<meta name=\"twitter:card\" content=\"summary_large_image\" \/>\n<meta name=\"twitter:label1\" content=\"Gesch\u00e4tzte Lesezeit\" \/>\n\t<meta name=\"twitter:data1\" content=\"1\u00a0Minute\" \/>\n<script type=\"application\/ld+json\" class=\"yoast-schema-graph\">{\"@context\":\"https:\\\/\\\/schema.org\",\"@graph\":[{\"@type\":\"WebPage\",\"@id\":\"https:\\\/\\\/www.allscore.de\\\/shop\\\/produkt\\\/geister-schocker-22-das-grauen-aus-dem-eis\\\/\",\"url\":\"https:\\\/\\\/www.allscore.de\\\/shop\\\/produkt\\\/geister-schocker-22-das-grauen-aus-dem-eis\\\/\",\"name\":\"Geister-Schocker 22: Das Grauen aus dem Eis\",\"isPartOf\":{\"@id\":\"https:\\\/\\\/www.allscore.de\\\/shop\\\/#website\"},\"primaryImageOfPage\":{\"@id\":\"https:\\\/\\\/www.allscore.de\\\/shop\\\/produkt\\\/geister-schocker-22-das-grauen-aus-dem-eis\\\/#primaryimage\"},\"image\":{\"@id\":\"https:\\\/\\\/www.allscore.de\\\/shop\\\/produkt\\\/geister-schocker-22-das-grauen-aus-dem-eis\\\/#primaryimage\"},\"thumbnailUrl\":\"https:\\\/\\\/www.allscore.de\\\/shop\\\/wp-content\\\/uploads\\\/2021\\\/03\\\/GS22_1000px.jpg\",\"datePublished\":\"2011-10-17T17:49:43+00:00\",\"dateModified\":\"2025-05-05T17:23:39+00:00\",\"description\":\"Geister-Schocker 22: Das Grauen aus dem Eis Inhalt: F\u00fcr die vier deutschen Urlauber ist der vergn\u00fcgliche Trip in die Schweizer Alpen j\u00e4h zu Ende, als\",\"breadcrumb\":{\"@id\":\"https:\\\/\\\/www.allscore.de\\\/shop\\\/produkt\\\/geister-schocker-22-das-grauen-aus-dem-eis\\\/#breadcrumb\"},\"inLanguage\":\"de\",\"potentialAction\":[{\"@type\":\"ReadAction\",\"target\":[\"https:\\\/\\\/www.allscore.de\\\/shop\\\/produkt\\\/geister-schocker-22-das-grauen-aus-dem-eis\\\/\"]}]},{\"@type\":\"ImageObject\",\"inLanguage\":\"de\",\"@id\":\"https:\\\/\\\/www.allscore.de\\\/shop\\\/produkt\\\/geister-schocker-22-das-grauen-aus-dem-eis\\\/#primaryimage\",\"url\":\"https:\\\/\\\/www.allscore.de\\\/shop\\\/wp-content\\\/uploads\\\/2021\\\/03\\\/GS22_1000px.jpg\",\"contentUrl\":\"https:\\\/\\\/www.allscore.de\\\/shop\\\/wp-content\\\/uploads\\\/2021\\\/03\\\/GS22_1000px.jpg\",\"width\":1000,\"height\":1000,\"caption\":\"Geister-Schocker (22): Das Grauen aus dem Eis\"},{\"@type\":\"BreadcrumbList\",\"@id\":\"https:\\\/\\\/www.allscore.de\\\/shop\\\/produkt\\\/geister-schocker-22-das-grauen-aus-dem-eis\\\/#breadcrumb\",\"itemListElement\":[{\"@type\":\"ListItem\",\"position\":1,\"name\":\"Startseite\",\"item\":\"https:\\\/\\\/www.allscore.de\\\/shop\\\/\"},{\"@type\":\"ListItem\",\"position\":2,\"name\":\"Produkte\",\"item\":\"https:\\\/\\\/www.allscore.de\\\/shop\\\/shop\\\/\"},{\"@type\":\"ListItem\",\"position\":3,\"name\":\"Geister-Schocker 22: Das Grauen aus dem Eis\"}]},{\"@type\":\"WebSite\",\"@id\":\"https:\\\/\\\/www.allscore.de\\\/shop\\\/#website\",\"url\":\"https:\\\/\\\/www.allscore.de\\\/shop\\\/\",\"name\":\"Allscore Shop\",\"description\":\"All Score Media\",\"publisher\":{\"@id\":\"https:\\\/\\\/www.allscore.de\\\/shop\\\/#organization\"},\"potentialAction\":[{\"@type\":\"SearchAction\",\"target\":{\"@type\":\"EntryPoint\",\"urlTemplate\":\"https:\\\/\\\/www.allscore.de\\\/shop\\\/?s={search_term_string}\"},\"query-input\":{\"@type\":\"PropertyValueSpecification\",\"valueRequired\":true,\"valueName\":\"search_term_string\"}}],\"inLanguage\":\"de\"},{\"@type\":\"Organization\",\"@id\":\"https:\\\/\\\/www.allscore.de\\\/shop\\\/#organization\",\"name\":\"All Score Media\",\"alternateName\":\"Allscore\",\"url\":\"https:\\\/\\\/www.allscore.de\\\/shop\\\/\",\"logo\":{\"@type\":\"ImageObject\",\"inLanguage\":\"de\",\"@id\":\"https:\\\/\\\/www.allscore.de\\\/shop\\\/#\\\/schema\\\/logo\\\/image\\\/\",\"url\":\"https:\\\/\\\/www.allscore.de\\\/shop\\\/wp-content\\\/uploads\\\/2026\\\/01\\\/Logo_Yoast_Shop_2026.png\",\"contentUrl\":\"https:\\\/\\\/www.allscore.de\\\/shop\\\/wp-content\\\/uploads\\\/2026\\\/01\\\/Logo_Yoast_Shop_2026.png\",\"width\":696,\"height\":696,\"caption\":\"All Score Media\"},\"image\":{\"@id\":\"https:\\\/\\\/www.allscore.de\\\/shop\\\/#\\\/schema\\\/logo\\\/image\\\/\"}}]}<\/script>\n<!-- \/ Yoast SEO plugin. -->","yoast_head_json":{"title":"Geister-Schocker 22: Das Grauen aus dem Eis","description":"Geister-Schocker 22: Das Grauen aus dem Eis Inhalt: F\u00fcr die vier deutschen Urlauber ist der vergn\u00fcgliche Trip in die Schweizer Alpen j\u00e4h zu Ende, als","robots":{"index":"index","follow":"follow","max-snippet":"max-snippet:-1","max-image-preview":"max-image-preview:large","max-video-preview":"max-video-preview:-1"},"canonical":"https:\/\/www.allscore.de\/shop\/produkt\/geister-schocker-22-das-grauen-aus-dem-eis\/","og_locale":"de_DE","og_type":"article","og_title":"Geister-Schocker 22: Das Grauen aus dem Eis","og_description":"Geister-Schocker 22: Das Grauen aus dem Eis Inhalt: F\u00fcr die vier deutschen Urlauber ist der vergn\u00fcgliche Trip in die Schweizer Alpen j\u00e4h zu Ende, als","og_url":"https:\/\/www.allscore.de\/shop\/produkt\/geister-schocker-22-das-grauen-aus-dem-eis\/","og_site_name":"Allscore Shop","article_modified_time":"2025-05-05T17:23:39+00:00","og_image":[{"width":1000,"height":1000,"url":"https:\/\/www.allscore.de\/shop\/wp-content\/uploads\/2021\/03\/GS22_1000px.jpg","type":"image\/jpeg"}],"twitter_card":"summary_large_image","twitter_misc":{"Gesch\u00e4tzte Lesezeit":"1\u00a0Minute"},"schema":{"@context":"https:\/\/schema.org","@graph":[{"@type":"WebPage","@id":"https:\/\/www.allscore.de\/shop\/produkt\/geister-schocker-22-das-grauen-aus-dem-eis\/","url":"https:\/\/www.allscore.de\/shop\/produkt\/geister-schocker-22-das-grauen-aus-dem-eis\/","name":"Geister-Schocker 22: Das Grauen aus dem Eis","isPartOf":{"@id":"https:\/\/www.allscore.de\/shop\/#website"},"primaryImageOfPage":{"@id":"https:\/\/www.allscore.de\/shop\/produkt\/geister-schocker-22-das-grauen-aus-dem-eis\/#primaryimage"},"image":{"@id":"https:\/\/www.allscore.de\/shop\/produkt\/geister-schocker-22-das-grauen-aus-dem-eis\/#primaryimage"},"thumbnailUrl":"https:\/\/www.allscore.de\/shop\/wp-content\/uploads\/2021\/03\/GS22_1000px.jpg","datePublished":"2011-10-17T17:49:43+00:00","dateModified":"2025-05-05T17:23:39+00:00","description":"Geister-Schocker 22: Das Grauen aus dem Eis Inhalt: F\u00fcr die vier deutschen Urlauber ist der vergn\u00fcgliche Trip in die Schweizer Alpen j\u00e4h zu Ende, als","breadcrumb":{"@id":"https:\/\/www.allscore.de\/shop\/produkt\/geister-schocker-22-das-grauen-aus-dem-eis\/#breadcrumb"},"inLanguage":"de","potentialAction":[{"@type":"ReadAction","target":["https:\/\/www.allscore.de\/shop\/produkt\/geister-schocker-22-das-grauen-aus-dem-eis\/"]}]},{"@type":"ImageObject","inLanguage":"de","@id":"https:\/\/www.allscore.de\/shop\/produkt\/geister-schocker-22-das-grauen-aus-dem-eis\/#primaryimage","url":"https:\/\/www.allscore.de\/shop\/wp-content\/uploads\/2021\/03\/GS22_1000px.jpg","contentUrl":"https:\/\/www.allscore.de\/shop\/wp-content\/uploads\/2021\/03\/GS22_1000px.jpg","width":1000,"height":1000,"caption":"Geister-Schocker (22): Das Grauen aus dem Eis"},{"@type":"BreadcrumbList","@id":"https:\/\/www.allscore.de\/shop\/produkt\/geister-schocker-22-das-grauen-aus-dem-eis\/#breadcrumb","itemListElement":[{"@type":"ListItem","position":1,"name":"Startseite","item":"https:\/\/www.allscore.de\/shop\/"},{"@type":"ListItem","position":2,"name":"Produkte","item":"https:\/\/www.allscore.de\/shop\/shop\/"},{"@type":"ListItem","position":3,"name":"Geister-Schocker 22: Das Grauen aus dem Eis"}]},{"@type":"WebSite","@id":"https:\/\/www.allscore.de\/shop\/#website","url":"https:\/\/www.allscore.de\/shop\/","name":"Allscore Shop","description":"All Score Media","publisher":{"@id":"https:\/\/www.allscore.de\/shop\/#organization"},"potentialAction":[{"@type":"SearchAction","target":{"@type":"EntryPoint","urlTemplate":"https:\/\/www.allscore.de\/shop\/?s={search_term_string}"},"query-input":{"@type":"PropertyValueSpecification","valueRequired":true,"valueName":"search_term_string"}}],"inLanguage":"de"},{"@type":"Organization","@id":"https:\/\/www.allscore.de\/shop\/#organization","name":"All Score Media","alternateName":"Allscore","url":"https:\/\/www.allscore.de\/shop\/","logo":{"@type":"ImageObject","inLanguage":"de","@id":"https:\/\/www.allscore.de\/shop\/#\/schema\/logo\/image\/","url":"https:\/\/www.allscore.de\/shop\/wp-content\/uploads\/2026\/01\/Logo_Yoast_Shop_2026.png","contentUrl":"https:\/\/www.allscore.de\/shop\/wp-content\/uploads\/2026\/01\/Logo_Yoast_Shop_2026.png","width":696,"height":696,"caption":"All Score Media"},"image":{"@id":"https:\/\/www.allscore.de\/shop\/#\/schema\/logo\/image\/"}}]}},"_links":{"self":[{"href":"https:\/\/www.allscore.de\/shop\/wp-json\/wp\/v2\/product\/9550","targetHints":{"allow":["GET"]}}],"collection":[{"href":"https:\/\/www.allscore.de\/shop\/wp-json\/wp\/v2\/product"}],"about":[{"href":"https:\/\/www.allscore.de\/shop\/wp-json\/wp\/v2\/types\/product"}],"wp:featuredmedia":[{"embeddable":true,"href":"https:\/\/www.allscore.de\/shop\/wp-json\/wp\/v2\/media\/9420"}],"wp:attachment":[{"href":"https:\/\/www.allscore.de\/shop\/wp-json\/wp\/v2\/media?parent=9550"}],"wp:term":[{"taxonomy":"product_brand","embeddable":true,"href":"https:\/\/www.allscore.de\/shop\/wp-json\/wp\/v2\/product_brand?post=9550"},{"taxonomy":"product_cat","embeddable":true,"href":"https:\/\/www.allscore.de\/shop\/wp-json\/wp\/v2\/product_cat?post=9550"},{"taxonomy":"product_tag","embeddable":true,"href":"https:\/\/www.allscore.de\/shop\/wp-json\/wp\/v2\/product_tag?post=9550"}],"curies":[{"name":"wp","href":"https:\/\/api.w.org\/{rel}","templated":true}]}}