{"id":9528,"date":"2010-09-10T17:13:41","date_gmt":"2010-09-10T15:13:41","guid":{"rendered":"https:\/\/www.allscore.de\/shop\/?post_type=product&#038;p=9528"},"modified":"2024-10-04T13:05:23","modified_gmt":"2024-10-04T11:05:23","slug":"geister-schocker-10-der-magische-schrumpfkopf","status":"publish","type":"product","link":"https:\/\/www.allscore.de\/shop\/produkt\/geister-schocker-10-der-magische-schrumpfkopf\/","title":{"rendered":"Geister-Schocker 10: Der magische Schrumpfkopf"},"content":{"rendered":"<p>Geister-Schocker 10: Der magische Schrumpfkopf<\/p>\n<p><strong><u>Inhalt:<br \/>\n<\/u><\/strong>Frederik Lord, ein Industrieller mit besonderer Vorliebe f\u00fcr exklusive Antiquit\u00e4ten, ist auf der Suche nach einem ausgefallenen Sammlerst\u00fcck. In einem kleinen, heruntergekommenen Laden st\u00f6\u00dft er auf einen magischen Schrumpfkopf, dem nachgesagt wird, dass er seinem Besitzer drei W\u00fcnsche erf\u00fcllt. Lord glaubt nicht daran und erwirbt den Sch\u00e4del. Erst als er &#8211; nur zum Spa\u00df &#8211; einen Wunsch \u00e4u\u00dfert, merkt er, dass mehr hinter der Sache steckt, als angenommen. Doch da ist es bereits zu sp\u00e4t und er kann die M\u00e4chte, die er heraufbeschworen hat, nicht mehr stoppen. Ein Strudel teuflischer Ereignisse bricht \u00fcber ihn herein und droht sein Leben zu zerst\u00f6ren.<\/p>\n<p><strong><u>Sprecher:<br \/>\n<\/u><\/strong>Frederik Lord: Claus Wilcke<br \/>\nBastian Theis: Peter Niemeyer<br \/>\nInspektor Braun: Helmut Winkelmann<br \/>\nDr. Gaby Thomas: Nicole Engeln<br \/>\nAraquui: Nikolas K\u00e4fig<br \/>\nFrancisco Cazador: Walter Gontermann<br \/>\nStella J\u00e4ger: Elke Bludau<br \/>\nDieter Lord: Michael Che Koch<br \/>\nProfessor: J\u00fcrg L\u00f6w<br \/>\nKurierfahrer: Oliver Baumann<br \/>\nBundesbahnfr\u00e4ulein: Annika Wichmann<br \/>\nHerr Huber: Tom Linden<br \/>\nZombies, Geisterstimmen: Petra Baumann, Markus Winter<br \/>\nPoulsen: Karlheinz Tafel<\/p>\n<p><strong><u>Autor:<br \/>\n<\/u><\/strong>Earl Warren<\/p>\n","protected":false},"excerpt":{"rendered":"<p>Geister-Schocker 10: Der magische Schrumpfkopf Inhalt: Frederik Lord, ein Industrieller mit besonderer Vorliebe f\u00fcr exklusive Antiquit\u00e4ten, ist auf der Suche nach einem ausgefallenen Sammlerst\u00fcck. In einem kleinen, heruntergekommenen Laden st\u00f6\u00dft er auf einen magischen Schrumpfkopf, dem nachgesagt wird, dass er seinem Besitzer drei W\u00fcnsche erf\u00fcllt. Lord glaubt nicht daran und erwirbt den Sch\u00e4del. Erst als&#8230;<\/p>\n<p><a rel=\"bookmark\" class=\"vonzot-button-simple wvc-button wvc-button-size-sm\" href=\"https:\/\/www.allscore.de\/shop\/produkt\/geister-schocker-10-der-magische-schrumpfkopf\/\"><span>Read more<\/span><\/a><\/p>\n","protected":false},"featured_media":9494,"template":"","meta":[],"product_brand":[],"product_cat":[74,72,428],"product_tag":[],"class_list":{"0":"post-9528","1":"product","2":"type-product","3":"status-publish","4":"has-post-thumbnail","6":"product_cat-geister-schocker","7":"product_cat-hoerspiele","8":"product_cat-raritaeten","9":"product_shipping_class-tontraeger-cd","10":"entry","11":"clearfix","12":"entry-grid","13":"entry-columns-3","14":"entry-product-module-layout-sidebar-right","15":"thumbnail-color-tone-dark","16":"entry-product","18":"entry-product-grid","20":"first","21":"outofstock","22":"taxable","23":"shipping-taxable","24":"purchasable","25":"product-type-simple"},"yoast_head":"<!-- This site is optimized with the Yoast SEO plugin v27.3 - https:\/\/yoast.com\/product\/yoast-seo-wordpress\/ -->\n<title>Geister-Schocker 10: Der magische Schrumpfkopf<\/title>\n<meta name=\"description\" content=\"Geister-Schocker 10: Der magische Schrumpfkopf Inhalt: Frederik Lord, ein Industrieller mit besonderer Vorliebe f\u00fcr exklusive Antiquit\u00e4ten, ist auf der\" \/>\n<meta name=\"robots\" content=\"index, follow, max-snippet:-1, max-image-preview:large, max-video-preview:-1\" \/>\n<link rel=\"canonical\" href=\"https:\/\/www.allscore.de\/shop\/produkt\/geister-schocker-10-der-magische-schrumpfkopf\/\" \/>\n<meta property=\"og:locale\" content=\"de_DE\" \/>\n<meta property=\"og:type\" content=\"article\" \/>\n<meta property=\"og:title\" content=\"Geister-Schocker 10: Der magische Schrumpfkopf\" \/>\n<meta property=\"og:description\" content=\"Geister-Schocker 10: Der magische Schrumpfkopf Inhalt: Frederik Lord, ein Industrieller mit besonderer Vorliebe f\u00fcr exklusive Antiquit\u00e4ten, ist auf der\" \/>\n<meta property=\"og:url\" content=\"https:\/\/www.allscore.de\/shop\/produkt\/geister-schocker-10-der-magische-schrumpfkopf\/\" \/>\n<meta property=\"og:site_name\" content=\"Allscore Shop\" \/>\n<meta property=\"article:modified_time\" content=\"2024-10-04T11:05:23+00:00\" \/>\n<meta property=\"og:image\" content=\"https:\/\/www.allscore.de\/shop\/wp-content\/uploads\/2021\/03\/GS10_1200px.jpg\" \/>\n\t<meta property=\"og:image:width\" content=\"1000\" \/>\n\t<meta property=\"og:image:height\" content=\"1000\" \/>\n\t<meta property=\"og:image:type\" content=\"image\/jpeg\" \/>\n<meta name=\"twitter:card\" content=\"summary_large_image\" \/>\n<meta name=\"twitter:label1\" content=\"Gesch\u00e4tzte Lesezeit\" \/>\n\t<meta name=\"twitter:data1\" content=\"1\u00a0Minute\" \/>\n<script type=\"application\/ld+json\" class=\"yoast-schema-graph\">{\"@context\":\"https:\\\/\\\/schema.org\",\"@graph\":[{\"@type\":\"WebPage\",\"@id\":\"https:\\\/\\\/www.allscore.de\\\/shop\\\/produkt\\\/geister-schocker-10-der-magische-schrumpfkopf\\\/\",\"url\":\"https:\\\/\\\/www.allscore.de\\\/shop\\\/produkt\\\/geister-schocker-10-der-magische-schrumpfkopf\\\/\",\"name\":\"Geister-Schocker 10: Der magische Schrumpfkopf\",\"isPartOf\":{\"@id\":\"https:\\\/\\\/www.allscore.de\\\/shop\\\/#website\"},\"primaryImageOfPage\":{\"@id\":\"https:\\\/\\\/www.allscore.de\\\/shop\\\/produkt\\\/geister-schocker-10-der-magische-schrumpfkopf\\\/#primaryimage\"},\"image\":{\"@id\":\"https:\\\/\\\/www.allscore.de\\\/shop\\\/produkt\\\/geister-schocker-10-der-magische-schrumpfkopf\\\/#primaryimage\"},\"thumbnailUrl\":\"https:\\\/\\\/www.allscore.de\\\/shop\\\/wp-content\\\/uploads\\\/2021\\\/03\\\/GS10_1200px.jpg\",\"datePublished\":\"2010-09-10T15:13:41+00:00\",\"dateModified\":\"2024-10-04T11:05:23+00:00\",\"description\":\"Geister-Schocker 10: Der magische Schrumpfkopf Inhalt: Frederik Lord, ein Industrieller mit besonderer Vorliebe f\u00fcr exklusive Antiquit\u00e4ten, ist auf der\",\"breadcrumb\":{\"@id\":\"https:\\\/\\\/www.allscore.de\\\/shop\\\/produkt\\\/geister-schocker-10-der-magische-schrumpfkopf\\\/#breadcrumb\"},\"inLanguage\":\"de\",\"potentialAction\":[{\"@type\":\"ReadAction\",\"target\":[\"https:\\\/\\\/www.allscore.de\\\/shop\\\/produkt\\\/geister-schocker-10-der-magische-schrumpfkopf\\\/\"]}]},{\"@type\":\"ImageObject\",\"inLanguage\":\"de\",\"@id\":\"https:\\\/\\\/www.allscore.de\\\/shop\\\/produkt\\\/geister-schocker-10-der-magische-schrumpfkopf\\\/#primaryimage\",\"url\":\"https:\\\/\\\/www.allscore.de\\\/shop\\\/wp-content\\\/uploads\\\/2021\\\/03\\\/GS10_1200px.jpg\",\"contentUrl\":\"https:\\\/\\\/www.allscore.de\\\/shop\\\/wp-content\\\/uploads\\\/2021\\\/03\\\/GS10_1200px.jpg\",\"width\":1000,\"height\":1000,\"caption\":\"Geister-Schocker (10): Der magische Schrumpfkopf\"},{\"@type\":\"BreadcrumbList\",\"@id\":\"https:\\\/\\\/www.allscore.de\\\/shop\\\/produkt\\\/geister-schocker-10-der-magische-schrumpfkopf\\\/#breadcrumb\",\"itemListElement\":[{\"@type\":\"ListItem\",\"position\":1,\"name\":\"Startseite\",\"item\":\"https:\\\/\\\/www.allscore.de\\\/shop\\\/\"},{\"@type\":\"ListItem\",\"position\":2,\"name\":\"Produkte\",\"item\":\"https:\\\/\\\/www.allscore.de\\\/shop\\\/shop\\\/\"},{\"@type\":\"ListItem\",\"position\":3,\"name\":\"Geister-Schocker 10: Der magische Schrumpfkopf\"}]},{\"@type\":\"WebSite\",\"@id\":\"https:\\\/\\\/www.allscore.de\\\/shop\\\/#website\",\"url\":\"https:\\\/\\\/www.allscore.de\\\/shop\\\/\",\"name\":\"Allscore Shop\",\"description\":\"All Score Media\",\"publisher\":{\"@id\":\"https:\\\/\\\/www.allscore.de\\\/shop\\\/#organization\"},\"potentialAction\":[{\"@type\":\"SearchAction\",\"target\":{\"@type\":\"EntryPoint\",\"urlTemplate\":\"https:\\\/\\\/www.allscore.de\\\/shop\\\/?s={search_term_string}\"},\"query-input\":{\"@type\":\"PropertyValueSpecification\",\"valueRequired\":true,\"valueName\":\"search_term_string\"}}],\"inLanguage\":\"de\"},{\"@type\":\"Organization\",\"@id\":\"https:\\\/\\\/www.allscore.de\\\/shop\\\/#organization\",\"name\":\"All Score Media\",\"alternateName\":\"Allscore\",\"url\":\"https:\\\/\\\/www.allscore.de\\\/shop\\\/\",\"logo\":{\"@type\":\"ImageObject\",\"inLanguage\":\"de\",\"@id\":\"https:\\\/\\\/www.allscore.de\\\/shop\\\/#\\\/schema\\\/logo\\\/image\\\/\",\"url\":\"https:\\\/\\\/www.allscore.de\\\/shop\\\/wp-content\\\/uploads\\\/2026\\\/01\\\/Logo_Yoast_Shop_2026.png\",\"contentUrl\":\"https:\\\/\\\/www.allscore.de\\\/shop\\\/wp-content\\\/uploads\\\/2026\\\/01\\\/Logo_Yoast_Shop_2026.png\",\"width\":696,\"height\":696,\"caption\":\"All Score Media\"},\"image\":{\"@id\":\"https:\\\/\\\/www.allscore.de\\\/shop\\\/#\\\/schema\\\/logo\\\/image\\\/\"}}]}<\/script>\n<!-- \/ Yoast SEO plugin. -->","yoast_head_json":{"title":"Geister-Schocker 10: Der magische Schrumpfkopf","description":"Geister-Schocker 10: Der magische Schrumpfkopf Inhalt: Frederik Lord, ein Industrieller mit besonderer Vorliebe f\u00fcr exklusive Antiquit\u00e4ten, ist auf der","robots":{"index":"index","follow":"follow","max-snippet":"max-snippet:-1","max-image-preview":"max-image-preview:large","max-video-preview":"max-video-preview:-1"},"canonical":"https:\/\/www.allscore.de\/shop\/produkt\/geister-schocker-10-der-magische-schrumpfkopf\/","og_locale":"de_DE","og_type":"article","og_title":"Geister-Schocker 10: Der magische Schrumpfkopf","og_description":"Geister-Schocker 10: Der magische Schrumpfkopf Inhalt: Frederik Lord, ein Industrieller mit besonderer Vorliebe f\u00fcr exklusive Antiquit\u00e4ten, ist auf der","og_url":"https:\/\/www.allscore.de\/shop\/produkt\/geister-schocker-10-der-magische-schrumpfkopf\/","og_site_name":"Allscore Shop","article_modified_time":"2024-10-04T11:05:23+00:00","og_image":[{"width":1000,"height":1000,"url":"https:\/\/www.allscore.de\/shop\/wp-content\/uploads\/2021\/03\/GS10_1200px.jpg","type":"image\/jpeg"}],"twitter_card":"summary_large_image","twitter_misc":{"Gesch\u00e4tzte Lesezeit":"1\u00a0Minute"},"schema":{"@context":"https:\/\/schema.org","@graph":[{"@type":"WebPage","@id":"https:\/\/www.allscore.de\/shop\/produkt\/geister-schocker-10-der-magische-schrumpfkopf\/","url":"https:\/\/www.allscore.de\/shop\/produkt\/geister-schocker-10-der-magische-schrumpfkopf\/","name":"Geister-Schocker 10: Der magische Schrumpfkopf","isPartOf":{"@id":"https:\/\/www.allscore.de\/shop\/#website"},"primaryImageOfPage":{"@id":"https:\/\/www.allscore.de\/shop\/produkt\/geister-schocker-10-der-magische-schrumpfkopf\/#primaryimage"},"image":{"@id":"https:\/\/www.allscore.de\/shop\/produkt\/geister-schocker-10-der-magische-schrumpfkopf\/#primaryimage"},"thumbnailUrl":"https:\/\/www.allscore.de\/shop\/wp-content\/uploads\/2021\/03\/GS10_1200px.jpg","datePublished":"2010-09-10T15:13:41+00:00","dateModified":"2024-10-04T11:05:23+00:00","description":"Geister-Schocker 10: Der magische Schrumpfkopf Inhalt: Frederik Lord, ein Industrieller mit besonderer Vorliebe f\u00fcr exklusive Antiquit\u00e4ten, ist auf der","breadcrumb":{"@id":"https:\/\/www.allscore.de\/shop\/produkt\/geister-schocker-10-der-magische-schrumpfkopf\/#breadcrumb"},"inLanguage":"de","potentialAction":[{"@type":"ReadAction","target":["https:\/\/www.allscore.de\/shop\/produkt\/geister-schocker-10-der-magische-schrumpfkopf\/"]}]},{"@type":"ImageObject","inLanguage":"de","@id":"https:\/\/www.allscore.de\/shop\/produkt\/geister-schocker-10-der-magische-schrumpfkopf\/#primaryimage","url":"https:\/\/www.allscore.de\/shop\/wp-content\/uploads\/2021\/03\/GS10_1200px.jpg","contentUrl":"https:\/\/www.allscore.de\/shop\/wp-content\/uploads\/2021\/03\/GS10_1200px.jpg","width":1000,"height":1000,"caption":"Geister-Schocker (10): Der magische Schrumpfkopf"},{"@type":"BreadcrumbList","@id":"https:\/\/www.allscore.de\/shop\/produkt\/geister-schocker-10-der-magische-schrumpfkopf\/#breadcrumb","itemListElement":[{"@type":"ListItem","position":1,"name":"Startseite","item":"https:\/\/www.allscore.de\/shop\/"},{"@type":"ListItem","position":2,"name":"Produkte","item":"https:\/\/www.allscore.de\/shop\/shop\/"},{"@type":"ListItem","position":3,"name":"Geister-Schocker 10: Der magische Schrumpfkopf"}]},{"@type":"WebSite","@id":"https:\/\/www.allscore.de\/shop\/#website","url":"https:\/\/www.allscore.de\/shop\/","name":"Allscore Shop","description":"All Score Media","publisher":{"@id":"https:\/\/www.allscore.de\/shop\/#organization"},"potentialAction":[{"@type":"SearchAction","target":{"@type":"EntryPoint","urlTemplate":"https:\/\/www.allscore.de\/shop\/?s={search_term_string}"},"query-input":{"@type":"PropertyValueSpecification","valueRequired":true,"valueName":"search_term_string"}}],"inLanguage":"de"},{"@type":"Organization","@id":"https:\/\/www.allscore.de\/shop\/#organization","name":"All Score Media","alternateName":"Allscore","url":"https:\/\/www.allscore.de\/shop\/","logo":{"@type":"ImageObject","inLanguage":"de","@id":"https:\/\/www.allscore.de\/shop\/#\/schema\/logo\/image\/","url":"https:\/\/www.allscore.de\/shop\/wp-content\/uploads\/2026\/01\/Logo_Yoast_Shop_2026.png","contentUrl":"https:\/\/www.allscore.de\/shop\/wp-content\/uploads\/2026\/01\/Logo_Yoast_Shop_2026.png","width":696,"height":696,"caption":"All Score Media"},"image":{"@id":"https:\/\/www.allscore.de\/shop\/#\/schema\/logo\/image\/"}}]}},"_links":{"self":[{"href":"https:\/\/www.allscore.de\/shop\/wp-json\/wp\/v2\/product\/9528","targetHints":{"allow":["GET"]}}],"collection":[{"href":"https:\/\/www.allscore.de\/shop\/wp-json\/wp\/v2\/product"}],"about":[{"href":"https:\/\/www.allscore.de\/shop\/wp-json\/wp\/v2\/types\/product"}],"wp:featuredmedia":[{"embeddable":true,"href":"https:\/\/www.allscore.de\/shop\/wp-json\/wp\/v2\/media\/9494"}],"wp:attachment":[{"href":"https:\/\/www.allscore.de\/shop\/wp-json\/wp\/v2\/media?parent=9528"}],"wp:term":[{"taxonomy":"product_brand","embeddable":true,"href":"https:\/\/www.allscore.de\/shop\/wp-json\/wp\/v2\/product_brand?post=9528"},{"taxonomy":"product_cat","embeddable":true,"href":"https:\/\/www.allscore.de\/shop\/wp-json\/wp\/v2\/product_cat?post=9528"},{"taxonomy":"product_tag","embeddable":true,"href":"https:\/\/www.allscore.de\/shop\/wp-json\/wp\/v2\/product_tag?post=9528"}],"curies":[{"name":"wp","href":"https:\/\/api.w.org\/{rel}","templated":true}]}}