{"id":9518,"date":"2009-08-28T16:54:45","date_gmt":"2009-08-28T14:54:45","guid":{"rendered":"https:\/\/www.allscore.de\/shop\/?post_type=product&#038;p=9518"},"modified":"2025-04-26T17:51:53","modified_gmt":"2025-04-26T15:51:53","slug":"geister-schocker-3-ihr-mann-der-zombie","status":"publish","type":"product","link":"https:\/\/www.allscore.de\/shop\/produkt\/geister-schocker-3-ihr-mann-der-zombie\/","title":{"rendered":"Geister-Schocker 3: Ihr Mann, der Zombie"},"content":{"rendered":"<p>Geister-Schocker 3: Ihr Mann, der Zombie<\/p>\n<p><strong><u>Inhalt:<br \/>\n<\/u><\/strong>Das M\u00e4dchen zitterte vor nie gekannter Todesangst! 18 Jahre war Jill jung, und nun sollte sie sterben! Der Mann, in dessen Gewalt sie sich befand, kannte kein Pardon. Er war ein Irrer. Den ganzen Weg \u00fcber hatte er nur gekichert und gegeifert. Jill lag auf der Ladefl\u00e4che seines Station Cars &#8211; gefesselt, geknebelt, verdammt zur Bewegungsunf\u00e4higkeit und ein grausames Schicksal vor Augen! Er w\u00fcrde ihr keine Chance lassen&#8230;<\/p>\n<p><strong><u>Sprecher:<br \/>\n<\/u><\/strong>Erz\u00e4hler: Helgo Liebig<br \/>\nSteve Kelly: Thomas Danneberg<br \/>\nRita Kelly: Marion von Stengel<br \/>\nSusan Kelly: Karen Schulz Vobach<br \/>\nKiro Mason: Hans Krumpholz<br \/>\nArminia Mason: Juliane Ahlemeier<br \/>\nJill Living: Lea Kohns<br \/>\nTeufel: Jens Wendland<br \/>\nJenny Miles: Tanja Dohse<br \/>\nTaxifahrer: Henry K\u00f6nig<br \/>\nPaul: Reent Reins<br \/>\nBob: Udo Schenk<br \/>\nJim: Mario Hassert<br \/>\nPotter: Rainer Schmitt<br \/>\nCommissioner: Eckart Dux<\/p>\n<p><strong><u>Autor:<br \/>\n<\/u><\/strong>Jason Dark<\/p>\n","protected":false},"excerpt":{"rendered":"<p>Geister-Schocker 3: Ihr Mann, der Zombie Inhalt: Das M\u00e4dchen zitterte vor nie gekannter Todesangst! 18 Jahre war Jill jung, und nun sollte sie sterben! Der Mann, in dessen Gewalt sie sich befand, kannte kein Pardon. Er war ein Irrer. Den ganzen Weg \u00fcber hatte er nur gekichert und gegeifert. Jill lag auf der Ladefl\u00e4che seines&#8230;<\/p>\n<p><a rel=\"bookmark\" class=\"vonzot-button-simple wvc-button wvc-button-size-sm\" href=\"https:\/\/www.allscore.de\/shop\/produkt\/geister-schocker-3-ihr-mann-der-zombie\/\"><span>Read more<\/span><\/a><\/p>\n","protected":false},"featured_media":9482,"template":"","meta":[],"product_brand":[],"product_cat":[74,72],"product_tag":[],"class_list":{"0":"post-9518","1":"product","2":"type-product","3":"status-publish","4":"has-post-thumbnail","6":"product_cat-geister-schocker","7":"product_cat-hoerspiele","8":"product_shipping_class-tontraeger-cd","9":"entry","10":"clearfix","11":"entry-grid","12":"entry-columns-3","13":"entry-product-module-layout-sidebar-right","14":"thumbnail-color-tone-dark","15":"entry-product","17":"entry-product-grid","19":"first","20":"instock","21":"sale","22":"taxable","23":"shipping-taxable","24":"purchasable","25":"product-type-simple"},"yoast_head":"<!-- This site is optimized with the Yoast SEO plugin v27.4 - https:\/\/yoast.com\/product\/yoast-seo-wordpress\/ -->\n<title>Geister-Schocker 3: Ihr Mann, der Zombie<\/title>\n<meta name=\"description\" content=\"Geister-Schocker 3: Ihr Mann, der Zombie Inhalt: Das M\u00e4dchen zitterte vor nie gekannter Todesangst! 18 Jahre war Jill jung, und nun sollte sie sterben!\" \/>\n<meta name=\"robots\" content=\"index, follow, max-snippet:-1, max-image-preview:large, max-video-preview:-1\" \/>\n<link rel=\"canonical\" href=\"https:\/\/www.allscore.de\/shop\/produkt\/geister-schocker-3-ihr-mann-der-zombie\/\" \/>\n<meta property=\"og:locale\" content=\"de_DE\" \/>\n<meta property=\"og:type\" content=\"article\" \/>\n<meta property=\"og:title\" content=\"Geister-Schocker 3: Ihr Mann, der Zombie\" \/>\n<meta property=\"og:description\" content=\"Geister-Schocker 3: Ihr Mann, der Zombie Inhalt: Das M\u00e4dchen zitterte vor nie gekannter Todesangst! 18 Jahre war Jill jung, und nun sollte sie sterben!\" \/>\n<meta property=\"og:url\" content=\"https:\/\/www.allscore.de\/shop\/produkt\/geister-schocker-3-ihr-mann-der-zombie\/\" \/>\n<meta property=\"og:site_name\" content=\"Allscore Shop\" \/>\n<meta property=\"article:modified_time\" content=\"2025-04-26T15:51:53+00:00\" \/>\n<meta property=\"og:image\" content=\"https:\/\/www.allscore.de\/shop\/wp-content\/uploads\/2021\/03\/GS03_1000px.jpg\" \/>\n\t<meta property=\"og:image:width\" content=\"1000\" \/>\n\t<meta property=\"og:image:height\" content=\"1000\" \/>\n\t<meta property=\"og:image:type\" content=\"image\/jpeg\" \/>\n<meta name=\"twitter:card\" content=\"summary_large_image\" \/>\n<meta name=\"twitter:label1\" content=\"Gesch\u00e4tzte Lesezeit\" \/>\n\t<meta name=\"twitter:data1\" content=\"1\u00a0Minute\" \/>\n<script type=\"application\/ld+json\" class=\"yoast-schema-graph\">{\"@context\":\"https:\\\/\\\/schema.org\",\"@graph\":[{\"@type\":\"WebPage\",\"@id\":\"https:\\\/\\\/www.allscore.de\\\/shop\\\/produkt\\\/geister-schocker-3-ihr-mann-der-zombie\\\/\",\"url\":\"https:\\\/\\\/www.allscore.de\\\/shop\\\/produkt\\\/geister-schocker-3-ihr-mann-der-zombie\\\/\",\"name\":\"Geister-Schocker 3: Ihr Mann, der Zombie\",\"isPartOf\":{\"@id\":\"https:\\\/\\\/www.allscore.de\\\/shop\\\/#website\"},\"primaryImageOfPage\":{\"@id\":\"https:\\\/\\\/www.allscore.de\\\/shop\\\/produkt\\\/geister-schocker-3-ihr-mann-der-zombie\\\/#primaryimage\"},\"image\":{\"@id\":\"https:\\\/\\\/www.allscore.de\\\/shop\\\/produkt\\\/geister-schocker-3-ihr-mann-der-zombie\\\/#primaryimage\"},\"thumbnailUrl\":\"https:\\\/\\\/www.allscore.de\\\/shop\\\/wp-content\\\/uploads\\\/2021\\\/03\\\/GS03_1000px.jpg\",\"datePublished\":\"2009-08-28T14:54:45+00:00\",\"dateModified\":\"2025-04-26T15:51:53+00:00\",\"description\":\"Geister-Schocker 3: Ihr Mann, der Zombie Inhalt: Das M\u00e4dchen zitterte vor nie gekannter Todesangst! 18 Jahre war Jill jung, und nun sollte sie sterben!\",\"breadcrumb\":{\"@id\":\"https:\\\/\\\/www.allscore.de\\\/shop\\\/produkt\\\/geister-schocker-3-ihr-mann-der-zombie\\\/#breadcrumb\"},\"inLanguage\":\"de\",\"potentialAction\":[{\"@type\":\"ReadAction\",\"target\":[\"https:\\\/\\\/www.allscore.de\\\/shop\\\/produkt\\\/geister-schocker-3-ihr-mann-der-zombie\\\/\"]}]},{\"@type\":\"ImageObject\",\"inLanguage\":\"de\",\"@id\":\"https:\\\/\\\/www.allscore.de\\\/shop\\\/produkt\\\/geister-schocker-3-ihr-mann-der-zombie\\\/#primaryimage\",\"url\":\"https:\\\/\\\/www.allscore.de\\\/shop\\\/wp-content\\\/uploads\\\/2021\\\/03\\\/GS03_1000px.jpg\",\"contentUrl\":\"https:\\\/\\\/www.allscore.de\\\/shop\\\/wp-content\\\/uploads\\\/2021\\\/03\\\/GS03_1000px.jpg\",\"width\":1000,\"height\":1000,\"caption\":\"Geister-Schocker (3): Ihr Mann, der Zombie\"},{\"@type\":\"BreadcrumbList\",\"@id\":\"https:\\\/\\\/www.allscore.de\\\/shop\\\/produkt\\\/geister-schocker-3-ihr-mann-der-zombie\\\/#breadcrumb\",\"itemListElement\":[{\"@type\":\"ListItem\",\"position\":1,\"name\":\"Startseite\",\"item\":\"https:\\\/\\\/www.allscore.de\\\/shop\\\/\"},{\"@type\":\"ListItem\",\"position\":2,\"name\":\"Produkte\",\"item\":\"https:\\\/\\\/www.allscore.de\\\/shop\\\/shop\\\/\"},{\"@type\":\"ListItem\",\"position\":3,\"name\":\"Geister-Schocker 3: Ihr Mann, der Zombie\"}]},{\"@type\":\"WebSite\",\"@id\":\"https:\\\/\\\/www.allscore.de\\\/shop\\\/#website\",\"url\":\"https:\\\/\\\/www.allscore.de\\\/shop\\\/\",\"name\":\"Allscore Shop\",\"description\":\"All Score Media\",\"publisher\":{\"@id\":\"https:\\\/\\\/www.allscore.de\\\/shop\\\/#organization\"},\"potentialAction\":[{\"@type\":\"SearchAction\",\"target\":{\"@type\":\"EntryPoint\",\"urlTemplate\":\"https:\\\/\\\/www.allscore.de\\\/shop\\\/?s={search_term_string}\"},\"query-input\":{\"@type\":\"PropertyValueSpecification\",\"valueRequired\":true,\"valueName\":\"search_term_string\"}}],\"inLanguage\":\"de\"},{\"@type\":\"Organization\",\"@id\":\"https:\\\/\\\/www.allscore.de\\\/shop\\\/#organization\",\"name\":\"All Score Media\",\"alternateName\":\"Allscore\",\"url\":\"https:\\\/\\\/www.allscore.de\\\/shop\\\/\",\"logo\":{\"@type\":\"ImageObject\",\"inLanguage\":\"de\",\"@id\":\"https:\\\/\\\/www.allscore.de\\\/shop\\\/#\\\/schema\\\/logo\\\/image\\\/\",\"url\":\"https:\\\/\\\/www.allscore.de\\\/shop\\\/wp-content\\\/uploads\\\/2026\\\/01\\\/Logo_Yoast_Shop_2026.png\",\"contentUrl\":\"https:\\\/\\\/www.allscore.de\\\/shop\\\/wp-content\\\/uploads\\\/2026\\\/01\\\/Logo_Yoast_Shop_2026.png\",\"width\":696,\"height\":696,\"caption\":\"All Score Media\"},\"image\":{\"@id\":\"https:\\\/\\\/www.allscore.de\\\/shop\\\/#\\\/schema\\\/logo\\\/image\\\/\"}}]}<\/script>\n<!-- \/ Yoast SEO plugin. -->","yoast_head_json":{"title":"Geister-Schocker 3: Ihr Mann, der Zombie","description":"Geister-Schocker 3: Ihr Mann, der Zombie Inhalt: Das M\u00e4dchen zitterte vor nie gekannter Todesangst! 18 Jahre war Jill jung, und nun sollte sie sterben!","robots":{"index":"index","follow":"follow","max-snippet":"max-snippet:-1","max-image-preview":"max-image-preview:large","max-video-preview":"max-video-preview:-1"},"canonical":"https:\/\/www.allscore.de\/shop\/produkt\/geister-schocker-3-ihr-mann-der-zombie\/","og_locale":"de_DE","og_type":"article","og_title":"Geister-Schocker 3: Ihr Mann, der Zombie","og_description":"Geister-Schocker 3: Ihr Mann, der Zombie Inhalt: Das M\u00e4dchen zitterte vor nie gekannter Todesangst! 18 Jahre war Jill jung, und nun sollte sie sterben!","og_url":"https:\/\/www.allscore.de\/shop\/produkt\/geister-schocker-3-ihr-mann-der-zombie\/","og_site_name":"Allscore Shop","article_modified_time":"2025-04-26T15:51:53+00:00","og_image":[{"width":1000,"height":1000,"url":"https:\/\/www.allscore.de\/shop\/wp-content\/uploads\/2021\/03\/GS03_1000px.jpg","type":"image\/jpeg"}],"twitter_card":"summary_large_image","twitter_misc":{"Gesch\u00e4tzte Lesezeit":"1\u00a0Minute"},"schema":{"@context":"https:\/\/schema.org","@graph":[{"@type":"WebPage","@id":"https:\/\/www.allscore.de\/shop\/produkt\/geister-schocker-3-ihr-mann-der-zombie\/","url":"https:\/\/www.allscore.de\/shop\/produkt\/geister-schocker-3-ihr-mann-der-zombie\/","name":"Geister-Schocker 3: Ihr Mann, der Zombie","isPartOf":{"@id":"https:\/\/www.allscore.de\/shop\/#website"},"primaryImageOfPage":{"@id":"https:\/\/www.allscore.de\/shop\/produkt\/geister-schocker-3-ihr-mann-der-zombie\/#primaryimage"},"image":{"@id":"https:\/\/www.allscore.de\/shop\/produkt\/geister-schocker-3-ihr-mann-der-zombie\/#primaryimage"},"thumbnailUrl":"https:\/\/www.allscore.de\/shop\/wp-content\/uploads\/2021\/03\/GS03_1000px.jpg","datePublished":"2009-08-28T14:54:45+00:00","dateModified":"2025-04-26T15:51:53+00:00","description":"Geister-Schocker 3: Ihr Mann, der Zombie Inhalt: Das M\u00e4dchen zitterte vor nie gekannter Todesangst! 18 Jahre war Jill jung, und nun sollte sie sterben!","breadcrumb":{"@id":"https:\/\/www.allscore.de\/shop\/produkt\/geister-schocker-3-ihr-mann-der-zombie\/#breadcrumb"},"inLanguage":"de","potentialAction":[{"@type":"ReadAction","target":["https:\/\/www.allscore.de\/shop\/produkt\/geister-schocker-3-ihr-mann-der-zombie\/"]}]},{"@type":"ImageObject","inLanguage":"de","@id":"https:\/\/www.allscore.de\/shop\/produkt\/geister-schocker-3-ihr-mann-der-zombie\/#primaryimage","url":"https:\/\/www.allscore.de\/shop\/wp-content\/uploads\/2021\/03\/GS03_1000px.jpg","contentUrl":"https:\/\/www.allscore.de\/shop\/wp-content\/uploads\/2021\/03\/GS03_1000px.jpg","width":1000,"height":1000,"caption":"Geister-Schocker (3): Ihr Mann, der Zombie"},{"@type":"BreadcrumbList","@id":"https:\/\/www.allscore.de\/shop\/produkt\/geister-schocker-3-ihr-mann-der-zombie\/#breadcrumb","itemListElement":[{"@type":"ListItem","position":1,"name":"Startseite","item":"https:\/\/www.allscore.de\/shop\/"},{"@type":"ListItem","position":2,"name":"Produkte","item":"https:\/\/www.allscore.de\/shop\/shop\/"},{"@type":"ListItem","position":3,"name":"Geister-Schocker 3: Ihr Mann, der Zombie"}]},{"@type":"WebSite","@id":"https:\/\/www.allscore.de\/shop\/#website","url":"https:\/\/www.allscore.de\/shop\/","name":"Allscore Shop","description":"All Score Media","publisher":{"@id":"https:\/\/www.allscore.de\/shop\/#organization"},"potentialAction":[{"@type":"SearchAction","target":{"@type":"EntryPoint","urlTemplate":"https:\/\/www.allscore.de\/shop\/?s={search_term_string}"},"query-input":{"@type":"PropertyValueSpecification","valueRequired":true,"valueName":"search_term_string"}}],"inLanguage":"de"},{"@type":"Organization","@id":"https:\/\/www.allscore.de\/shop\/#organization","name":"All Score Media","alternateName":"Allscore","url":"https:\/\/www.allscore.de\/shop\/","logo":{"@type":"ImageObject","inLanguage":"de","@id":"https:\/\/www.allscore.de\/shop\/#\/schema\/logo\/image\/","url":"https:\/\/www.allscore.de\/shop\/wp-content\/uploads\/2026\/01\/Logo_Yoast_Shop_2026.png","contentUrl":"https:\/\/www.allscore.de\/shop\/wp-content\/uploads\/2026\/01\/Logo_Yoast_Shop_2026.png","width":696,"height":696,"caption":"All Score Media"},"image":{"@id":"https:\/\/www.allscore.de\/shop\/#\/schema\/logo\/image\/"}}]}},"_links":{"self":[{"href":"https:\/\/www.allscore.de\/shop\/wp-json\/wp\/v2\/product\/9518","targetHints":{"allow":["GET"]}}],"collection":[{"href":"https:\/\/www.allscore.de\/shop\/wp-json\/wp\/v2\/product"}],"about":[{"href":"https:\/\/www.allscore.de\/shop\/wp-json\/wp\/v2\/types\/product"}],"wp:featuredmedia":[{"embeddable":true,"href":"https:\/\/www.allscore.de\/shop\/wp-json\/wp\/v2\/media\/9482"}],"wp:attachment":[{"href":"https:\/\/www.allscore.de\/shop\/wp-json\/wp\/v2\/media?parent=9518"}],"wp:term":[{"taxonomy":"product_brand","embeddable":true,"href":"https:\/\/www.allscore.de\/shop\/wp-json\/wp\/v2\/product_brand?post=9518"},{"taxonomy":"product_cat","embeddable":true,"href":"https:\/\/www.allscore.de\/shop\/wp-json\/wp\/v2\/product_cat?post=9518"},{"taxonomy":"product_tag","embeddable":true,"href":"https:\/\/www.allscore.de\/shop\/wp-json\/wp\/v2\/product_tag?post=9518"}],"curies":[{"name":"wp","href":"https:\/\/api.w.org\/{rel}","templated":true}]}}