{"id":9512,"date":"2009-01-01T16:20:08","date_gmt":"2009-01-01T15:20:08","guid":{"rendered":"https:\/\/www.allscore.de\/shop\/?post_type=product&#038;p=9512"},"modified":"2025-01-03T12:34:59","modified_gmt":"2025-01-03T11:34:59","slug":"geister-schocker-0-gefangen-in-der-geisterwelt","status":"publish","type":"product","link":"https:\/\/www.allscore.de\/shop\/produkt\/geister-schocker-0-gefangen-in-der-geisterwelt\/","title":{"rendered":"Geister-Schocker 0: Gefangen in der Geisterwelt"},"content":{"rendered":"<p>Geister-Schocker 0: Gefangen in der Geisterwelt<\/p>\n<p><strong><u>Inhalt:<br \/>\n<\/u><\/strong>Rachel wusste nicht, wo sie sich befand. Doch sie merkte, dass sich etwas ver\u00e4nderte.<br \/>\nDer eben noch durch ihre Hand rasende Schmerz war ebenso verschwunden, wie die durch ihren K\u00f6rper pulsierende Angst. Da war nichts mehr vom unsagbaren, auf ihrer Brust ruhenden Drucks. Nur eine ihr unbekannte Verwirrung war zur\u00fcckgeblieben, die sich erst in dem Moment zu kl\u00e4ren begann, als sie die sich Schemenhafte, aus dem dichten Nebel, formende Gestalt erkannte. Eine Frau, wie sie glaubte, in nichts weiter geh\u00fcllt, als ein zerfetztes, ihren K\u00f6rper kaum bedeckendes Kleid. Aber von der Frau ging etwas aus. Eine Erkenntnis, wie das M\u00e4dchen zu begreifen glaubte, die einer Prophezeiung gleichkam. Einer Prophezeiung, die wie ein Donnerschlag auf sie niederging. Voller Rache, Hass und Mord &#8230;<\/p>\n<p><strong><u>Sprecher:<br \/>\n<\/u><\/strong>Robert Frank, Dagmar Bittner, Marianne Bernhardt, K. H. K\u00f6rbel<\/p>\n<p><strong><u>Autor:<br \/>\n<\/u><\/strong>Thomas Tippner<\/p>\n","protected":false},"excerpt":{"rendered":"<p>Geister-Schocker 0: Gefangen in der Geisterwelt Inhalt: Rachel wusste nicht, wo sie sich befand. Doch sie merkte, dass sich etwas ver\u00e4nderte. Der eben noch durch ihre Hand rasende Schmerz war ebenso verschwunden, wie die durch ihren K\u00f6rper pulsierende Angst. Da war nichts mehr vom unsagbaren, auf ihrer Brust ruhenden Drucks. Nur eine ihr unbekannte Verwirrung&#8230;<\/p>\n<p><a rel=\"bookmark\" class=\"vonzot-button-simple wvc-button wvc-button-size-sm\" href=\"https:\/\/www.allscore.de\/shop\/produkt\/geister-schocker-0-gefangen-in-der-geisterwelt\/\"><span>Read more<\/span><\/a><\/p>\n","protected":false},"featured_media":9476,"template":"","meta":[],"product_brand":[],"product_cat":[74,72],"product_tag":[],"class_list":{"0":"post-9512","1":"product","2":"type-product","3":"status-publish","4":"has-post-thumbnail","6":"product_cat-geister-schocker","7":"product_cat-hoerspiele","8":"product_shipping_class-tontraeger-cd","9":"entry","10":"clearfix","11":"entry-grid","12":"entry-columns-3","13":"entry-product-module-layout-sidebar-right","14":"thumbnail-color-tone-dark","15":"entry-product","17":"entry-product-grid","19":"first","20":"instock","21":"taxable","22":"shipping-taxable","23":"purchasable","24":"product-type-simple"},"yoast_head":"<!-- This site is optimized with the Yoast SEO plugin v27.3 - https:\/\/yoast.com\/product\/yoast-seo-wordpress\/ -->\n<title>Geister-Schocker 0: Gefangen in der Geisterwelt<\/title>\n<meta name=\"description\" content=\"Geister-Schocker 0: Gefangen in der Geisterwelt Inhalt: Rachel wusste nicht, wo sie sich befand. Doch sie merkte, dass sich etwas ver\u00e4nderte. Der eben\" \/>\n<meta name=\"robots\" content=\"index, follow, max-snippet:-1, max-image-preview:large, max-video-preview:-1\" \/>\n<link rel=\"canonical\" href=\"https:\/\/www.allscore.de\/shop\/produkt\/geister-schocker-0-gefangen-in-der-geisterwelt\/\" \/>\n<meta property=\"og:locale\" content=\"de_DE\" \/>\n<meta property=\"og:type\" content=\"article\" \/>\n<meta property=\"og:title\" content=\"Geister-Schocker 0: Gefangen in der Geisterwelt\" \/>\n<meta property=\"og:description\" content=\"Geister-Schocker 0: Gefangen in der Geisterwelt Inhalt: Rachel wusste nicht, wo sie sich befand. Doch sie merkte, dass sich etwas ver\u00e4nderte. Der eben\" \/>\n<meta property=\"og:url\" content=\"https:\/\/www.allscore.de\/shop\/produkt\/geister-schocker-0-gefangen-in-der-geisterwelt\/\" \/>\n<meta property=\"og:site_name\" content=\"Allscore Shop\" \/>\n<meta property=\"article:modified_time\" content=\"2025-01-03T11:34:59+00:00\" \/>\n<meta property=\"og:image\" content=\"https:\/\/www.allscore.de\/shop\/wp-content\/uploads\/2021\/03\/GS00_1000px.jpg\" \/>\n\t<meta property=\"og:image:width\" content=\"1000\" \/>\n\t<meta property=\"og:image:height\" content=\"1000\" \/>\n\t<meta property=\"og:image:type\" content=\"image\/jpeg\" \/>\n<meta name=\"twitter:card\" content=\"summary_large_image\" \/>\n<meta name=\"twitter:label1\" content=\"Gesch\u00e4tzte Lesezeit\" \/>\n\t<meta name=\"twitter:data1\" content=\"1\u00a0Minute\" \/>\n<script type=\"application\/ld+json\" class=\"yoast-schema-graph\">{\"@context\":\"https:\\\/\\\/schema.org\",\"@graph\":[{\"@type\":\"WebPage\",\"@id\":\"https:\\\/\\\/www.allscore.de\\\/shop\\\/produkt\\\/geister-schocker-0-gefangen-in-der-geisterwelt\\\/\",\"url\":\"https:\\\/\\\/www.allscore.de\\\/shop\\\/produkt\\\/geister-schocker-0-gefangen-in-der-geisterwelt\\\/\",\"name\":\"Geister-Schocker 0: Gefangen in der Geisterwelt\",\"isPartOf\":{\"@id\":\"https:\\\/\\\/www.allscore.de\\\/shop\\\/#website\"},\"primaryImageOfPage\":{\"@id\":\"https:\\\/\\\/www.allscore.de\\\/shop\\\/produkt\\\/geister-schocker-0-gefangen-in-der-geisterwelt\\\/#primaryimage\"},\"image\":{\"@id\":\"https:\\\/\\\/www.allscore.de\\\/shop\\\/produkt\\\/geister-schocker-0-gefangen-in-der-geisterwelt\\\/#primaryimage\"},\"thumbnailUrl\":\"https:\\\/\\\/www.allscore.de\\\/shop\\\/wp-content\\\/uploads\\\/2021\\\/03\\\/GS00_1000px.jpg\",\"datePublished\":\"2009-01-01T15:20:08+00:00\",\"dateModified\":\"2025-01-03T11:34:59+00:00\",\"description\":\"Geister-Schocker 0: Gefangen in der Geisterwelt Inhalt: Rachel wusste nicht, wo sie sich befand. Doch sie merkte, dass sich etwas ver\u00e4nderte. Der eben\",\"breadcrumb\":{\"@id\":\"https:\\\/\\\/www.allscore.de\\\/shop\\\/produkt\\\/geister-schocker-0-gefangen-in-der-geisterwelt\\\/#breadcrumb\"},\"inLanguage\":\"de\",\"potentialAction\":[{\"@type\":\"ReadAction\",\"target\":[\"https:\\\/\\\/www.allscore.de\\\/shop\\\/produkt\\\/geister-schocker-0-gefangen-in-der-geisterwelt\\\/\"]}]},{\"@type\":\"ImageObject\",\"inLanguage\":\"de\",\"@id\":\"https:\\\/\\\/www.allscore.de\\\/shop\\\/produkt\\\/geister-schocker-0-gefangen-in-der-geisterwelt\\\/#primaryimage\",\"url\":\"https:\\\/\\\/www.allscore.de\\\/shop\\\/wp-content\\\/uploads\\\/2021\\\/03\\\/GS00_1000px.jpg\",\"contentUrl\":\"https:\\\/\\\/www.allscore.de\\\/shop\\\/wp-content\\\/uploads\\\/2021\\\/03\\\/GS00_1000px.jpg\",\"width\":1000,\"height\":1000,\"caption\":\"Geister-Schocker 0 Gefangen in der Geisterwelt\"},{\"@type\":\"BreadcrumbList\",\"@id\":\"https:\\\/\\\/www.allscore.de\\\/shop\\\/produkt\\\/geister-schocker-0-gefangen-in-der-geisterwelt\\\/#breadcrumb\",\"itemListElement\":[{\"@type\":\"ListItem\",\"position\":1,\"name\":\"Startseite\",\"item\":\"https:\\\/\\\/www.allscore.de\\\/shop\\\/\"},{\"@type\":\"ListItem\",\"position\":2,\"name\":\"Produkte\",\"item\":\"https:\\\/\\\/www.allscore.de\\\/shop\\\/shop\\\/\"},{\"@type\":\"ListItem\",\"position\":3,\"name\":\"Geister-Schocker 0: Gefangen in der Geisterwelt\"}]},{\"@type\":\"WebSite\",\"@id\":\"https:\\\/\\\/www.allscore.de\\\/shop\\\/#website\",\"url\":\"https:\\\/\\\/www.allscore.de\\\/shop\\\/\",\"name\":\"Allscore Shop\",\"description\":\"All Score Media\",\"publisher\":{\"@id\":\"https:\\\/\\\/www.allscore.de\\\/shop\\\/#organization\"},\"potentialAction\":[{\"@type\":\"SearchAction\",\"target\":{\"@type\":\"EntryPoint\",\"urlTemplate\":\"https:\\\/\\\/www.allscore.de\\\/shop\\\/?s={search_term_string}\"},\"query-input\":{\"@type\":\"PropertyValueSpecification\",\"valueRequired\":true,\"valueName\":\"search_term_string\"}}],\"inLanguage\":\"de\"},{\"@type\":\"Organization\",\"@id\":\"https:\\\/\\\/www.allscore.de\\\/shop\\\/#organization\",\"name\":\"All Score Media\",\"alternateName\":\"Allscore\",\"url\":\"https:\\\/\\\/www.allscore.de\\\/shop\\\/\",\"logo\":{\"@type\":\"ImageObject\",\"inLanguage\":\"de\",\"@id\":\"https:\\\/\\\/www.allscore.de\\\/shop\\\/#\\\/schema\\\/logo\\\/image\\\/\",\"url\":\"https:\\\/\\\/www.allscore.de\\\/shop\\\/wp-content\\\/uploads\\\/2026\\\/01\\\/Logo_Yoast_Shop_2026.png\",\"contentUrl\":\"https:\\\/\\\/www.allscore.de\\\/shop\\\/wp-content\\\/uploads\\\/2026\\\/01\\\/Logo_Yoast_Shop_2026.png\",\"width\":696,\"height\":696,\"caption\":\"All Score Media\"},\"image\":{\"@id\":\"https:\\\/\\\/www.allscore.de\\\/shop\\\/#\\\/schema\\\/logo\\\/image\\\/\"}}]}<\/script>\n<!-- \/ Yoast SEO plugin. -->","yoast_head_json":{"title":"Geister-Schocker 0: Gefangen in der Geisterwelt","description":"Geister-Schocker 0: Gefangen in der Geisterwelt Inhalt: Rachel wusste nicht, wo sie sich befand. Doch sie merkte, dass sich etwas ver\u00e4nderte. Der eben","robots":{"index":"index","follow":"follow","max-snippet":"max-snippet:-1","max-image-preview":"max-image-preview:large","max-video-preview":"max-video-preview:-1"},"canonical":"https:\/\/www.allscore.de\/shop\/produkt\/geister-schocker-0-gefangen-in-der-geisterwelt\/","og_locale":"de_DE","og_type":"article","og_title":"Geister-Schocker 0: Gefangen in der Geisterwelt","og_description":"Geister-Schocker 0: Gefangen in der Geisterwelt Inhalt: Rachel wusste nicht, wo sie sich befand. Doch sie merkte, dass sich etwas ver\u00e4nderte. Der eben","og_url":"https:\/\/www.allscore.de\/shop\/produkt\/geister-schocker-0-gefangen-in-der-geisterwelt\/","og_site_name":"Allscore Shop","article_modified_time":"2025-01-03T11:34:59+00:00","og_image":[{"width":1000,"height":1000,"url":"https:\/\/www.allscore.de\/shop\/wp-content\/uploads\/2021\/03\/GS00_1000px.jpg","type":"image\/jpeg"}],"twitter_card":"summary_large_image","twitter_misc":{"Gesch\u00e4tzte Lesezeit":"1\u00a0Minute"},"schema":{"@context":"https:\/\/schema.org","@graph":[{"@type":"WebPage","@id":"https:\/\/www.allscore.de\/shop\/produkt\/geister-schocker-0-gefangen-in-der-geisterwelt\/","url":"https:\/\/www.allscore.de\/shop\/produkt\/geister-schocker-0-gefangen-in-der-geisterwelt\/","name":"Geister-Schocker 0: Gefangen in der Geisterwelt","isPartOf":{"@id":"https:\/\/www.allscore.de\/shop\/#website"},"primaryImageOfPage":{"@id":"https:\/\/www.allscore.de\/shop\/produkt\/geister-schocker-0-gefangen-in-der-geisterwelt\/#primaryimage"},"image":{"@id":"https:\/\/www.allscore.de\/shop\/produkt\/geister-schocker-0-gefangen-in-der-geisterwelt\/#primaryimage"},"thumbnailUrl":"https:\/\/www.allscore.de\/shop\/wp-content\/uploads\/2021\/03\/GS00_1000px.jpg","datePublished":"2009-01-01T15:20:08+00:00","dateModified":"2025-01-03T11:34:59+00:00","description":"Geister-Schocker 0: Gefangen in der Geisterwelt Inhalt: Rachel wusste nicht, wo sie sich befand. Doch sie merkte, dass sich etwas ver\u00e4nderte. Der eben","breadcrumb":{"@id":"https:\/\/www.allscore.de\/shop\/produkt\/geister-schocker-0-gefangen-in-der-geisterwelt\/#breadcrumb"},"inLanguage":"de","potentialAction":[{"@type":"ReadAction","target":["https:\/\/www.allscore.de\/shop\/produkt\/geister-schocker-0-gefangen-in-der-geisterwelt\/"]}]},{"@type":"ImageObject","inLanguage":"de","@id":"https:\/\/www.allscore.de\/shop\/produkt\/geister-schocker-0-gefangen-in-der-geisterwelt\/#primaryimage","url":"https:\/\/www.allscore.de\/shop\/wp-content\/uploads\/2021\/03\/GS00_1000px.jpg","contentUrl":"https:\/\/www.allscore.de\/shop\/wp-content\/uploads\/2021\/03\/GS00_1000px.jpg","width":1000,"height":1000,"caption":"Geister-Schocker 0 Gefangen in der Geisterwelt"},{"@type":"BreadcrumbList","@id":"https:\/\/www.allscore.de\/shop\/produkt\/geister-schocker-0-gefangen-in-der-geisterwelt\/#breadcrumb","itemListElement":[{"@type":"ListItem","position":1,"name":"Startseite","item":"https:\/\/www.allscore.de\/shop\/"},{"@type":"ListItem","position":2,"name":"Produkte","item":"https:\/\/www.allscore.de\/shop\/shop\/"},{"@type":"ListItem","position":3,"name":"Geister-Schocker 0: Gefangen in der Geisterwelt"}]},{"@type":"WebSite","@id":"https:\/\/www.allscore.de\/shop\/#website","url":"https:\/\/www.allscore.de\/shop\/","name":"Allscore Shop","description":"All Score Media","publisher":{"@id":"https:\/\/www.allscore.de\/shop\/#organization"},"potentialAction":[{"@type":"SearchAction","target":{"@type":"EntryPoint","urlTemplate":"https:\/\/www.allscore.de\/shop\/?s={search_term_string}"},"query-input":{"@type":"PropertyValueSpecification","valueRequired":true,"valueName":"search_term_string"}}],"inLanguage":"de"},{"@type":"Organization","@id":"https:\/\/www.allscore.de\/shop\/#organization","name":"All Score Media","alternateName":"Allscore","url":"https:\/\/www.allscore.de\/shop\/","logo":{"@type":"ImageObject","inLanguage":"de","@id":"https:\/\/www.allscore.de\/shop\/#\/schema\/logo\/image\/","url":"https:\/\/www.allscore.de\/shop\/wp-content\/uploads\/2026\/01\/Logo_Yoast_Shop_2026.png","contentUrl":"https:\/\/www.allscore.de\/shop\/wp-content\/uploads\/2026\/01\/Logo_Yoast_Shop_2026.png","width":696,"height":696,"caption":"All Score Media"},"image":{"@id":"https:\/\/www.allscore.de\/shop\/#\/schema\/logo\/image\/"}}]}},"_links":{"self":[{"href":"https:\/\/www.allscore.de\/shop\/wp-json\/wp\/v2\/product\/9512","targetHints":{"allow":["GET"]}}],"collection":[{"href":"https:\/\/www.allscore.de\/shop\/wp-json\/wp\/v2\/product"}],"about":[{"href":"https:\/\/www.allscore.de\/shop\/wp-json\/wp\/v2\/types\/product"}],"wp:featuredmedia":[{"embeddable":true,"href":"https:\/\/www.allscore.de\/shop\/wp-json\/wp\/v2\/media\/9476"}],"wp:attachment":[{"href":"https:\/\/www.allscore.de\/shop\/wp-json\/wp\/v2\/media?parent=9512"}],"wp:term":[{"taxonomy":"product_brand","embeddable":true,"href":"https:\/\/www.allscore.de\/shop\/wp-json\/wp\/v2\/product_brand?post=9512"},{"taxonomy":"product_cat","embeddable":true,"href":"https:\/\/www.allscore.de\/shop\/wp-json\/wp\/v2\/product_cat?post=9512"},{"taxonomy":"product_tag","embeddable":true,"href":"https:\/\/www.allscore.de\/shop\/wp-json\/wp\/v2\/product_tag?post=9512"}],"curies":[{"name":"wp","href":"https:\/\/api.w.org\/{rel}","templated":true}]}}