{"id":9195,"date":"2023-04-12T18:40:35","date_gmt":"2023-04-12T16:40:35","guid":{"rendered":"https:\/\/www.allscore.de\/shop\/?post_type=product&#038;p=9195"},"modified":"2026-03-12T14:35:53","modified_gmt":"2026-03-12T13:35:53","slug":"lo-chiamavano-bulldozer-lim-col-lp","status":"publish","type":"product","link":"https:\/\/www.allscore.de\/shop\/produkt\/lo-chiamavano-bulldozer-lim-col-lp\/","title":{"rendered":"Lo chiamavano Bulldozer (lim. col. LP,  NEU 2023: wei\u00df-blaues Vinyl )"},"content":{"rendered":"<p>Lo chiamavano Bulldozer LP (NEU 2023: wei\u00df-blaues Vinyl )<\/p>\n<p>Beat Records schreibt:<br \/>\n&#8222;Lo chiamavano Bulldozer is a movie directed by Michele Lupo in 1978 that tells the story of an ex-football player (Bud Spencer) turned sailor, who after some misadventures ends up training a team of ragtag young players, far from real sportsmen.<br \/>\nThe match against Sergeant Kempfer\u2019s team, from a nearby military base, is approaching soon, and Bulldozer will have to give his all to win it.<br \/>\nLo chiamavano Bulldozer is one of the most beloved scores by Guido &#038; Maurizio De Angelis fans, dominated by the iconic theme dedicated to great Bud Spencer. This edition marks the collaboration between the two composers\u2019 label, Cabum and Beat Records, continuing a series that aims to shed new light upon the two Maestros\u2019 catalog.<br \/>\nIt\u2019s a release that can\u2019t be missed by lovers of film music and all fans of this soundtrack who have been waiting years for this release!<br \/>\nPart of the DDJ DLX series, the LP features a \u201ccolor-in-color\u201d effect, blue in white, reminiscent of an American football jersey, printed inner sleeve, the iconic poster art by Renato Casaro on the cover, graphic layout and liner notes by Daniele De Gemini and English edit by Josh Mitchell.&#8220;<\/p>\n","protected":false},"excerpt":{"rendered":"<p>Aka: Sie nannten ihn M\u00fccke, Pegafuerte, Uppercut<\/p>\n<p>Limitiert auf 500 LPs in wei\u00df-blauem Vinyl.<\/p>\n","protected":false},"featured_media":9170,"template":"","meta":[],"product_brand":[],"product_cat":[620,411,105],"product_tag":[416],"class_list":{"0":"post-9195","1":"product","2":"type-product","3":"status-publish","4":"has-post-thumbnail","6":"product_cat-italienische-filmmusik","7":"product_cat-komoedie","8":"product_cat-soundtracks","9":"product_tag-bud-spencer","10":"product_shipping_class-tontraeger-schallplatte","11":"entry","12":"clearfix","13":"entry-grid","14":"entry-columns-3","15":"entry-product-module-layout-sidebar-right","16":"thumbnail-color-tone-dark","17":"entry-product","19":"entry-product-grid","21":"first","22":"instock","23":"taxable","24":"shipping-taxable","25":"purchasable","26":"product-type-simple"},"yoast_head":"<!-- This site is optimized with the Yoast SEO plugin v27.3 - https:\/\/yoast.com\/product\/yoast-seo-wordpress\/ -->\n<title>Lo chiamavano Bulldozer (lim. col. LP, NEU 2023: wei\u00df-blaues Vinyl )<\/title>\n<meta name=\"description\" content=\"Aka: Sie nannten ihn M\u00fccke, Pegafuerte, Uppercut  Limitiert auf 500 LPs in wei\u00df-blauem Vinyl.\" \/>\n<meta name=\"robots\" content=\"index, follow, max-snippet:-1, max-image-preview:large, max-video-preview:-1\" \/>\n<link rel=\"canonical\" href=\"https:\/\/www.allscore.de\/shop\/produkt\/lo-chiamavano-bulldozer-lim-col-lp\/\" \/>\n<meta property=\"og:locale\" content=\"de_DE\" \/>\n<meta property=\"og:type\" content=\"article\" \/>\n<meta property=\"og:title\" content=\"Lo chiamavano Bulldozer (lim. col. LP, NEU 2023: wei\u00df-blaues Vinyl )\" \/>\n<meta property=\"og:description\" content=\"Aka: Sie nannten ihn M\u00fccke, Pegafuerte, Uppercut  Limitiert auf 500 LPs in wei\u00df-blauem Vinyl.\" \/>\n<meta property=\"og:url\" content=\"https:\/\/www.allscore.de\/shop\/produkt\/lo-chiamavano-bulldozer-lim-col-lp\/\" \/>\n<meta property=\"og:site_name\" content=\"Allscore Shop\" \/>\n<meta property=\"article:modified_time\" content=\"2026-03-12T13:35:53+00:00\" \/>\n<meta property=\"og:image\" content=\"https:\/\/www.allscore.de\/shop\/wp-content\/uploads\/2020\/12\/DDJLP06DLX-Lo-chiamavano-Bu.jpg\" \/>\n\t<meta property=\"og:image:width\" content=\"1199\" \/>\n\t<meta property=\"og:image:height\" content=\"1199\" \/>\n\t<meta property=\"og:image:type\" content=\"image\/jpeg\" \/>\n<meta name=\"twitter:card\" content=\"summary_large_image\" \/>\n<meta name=\"twitter:label1\" content=\"Gesch\u00e4tzte Lesezeit\" \/>\n\t<meta name=\"twitter:data1\" content=\"2\u00a0Minuten\" \/>\n<script type=\"application\/ld+json\" class=\"yoast-schema-graph\">{\"@context\":\"https:\\\/\\\/schema.org\",\"@graph\":[{\"@type\":\"WebPage\",\"@id\":\"https:\\\/\\\/www.allscore.de\\\/shop\\\/produkt\\\/lo-chiamavano-bulldozer-lim-col-lp\\\/\",\"url\":\"https:\\\/\\\/www.allscore.de\\\/shop\\\/produkt\\\/lo-chiamavano-bulldozer-lim-col-lp\\\/\",\"name\":\"Lo chiamavano Bulldozer (lim. col. LP, NEU 2023: wei\u00df-blaues Vinyl )\",\"isPartOf\":{\"@id\":\"https:\\\/\\\/www.allscore.de\\\/shop\\\/#website\"},\"primaryImageOfPage\":{\"@id\":\"https:\\\/\\\/www.allscore.de\\\/shop\\\/produkt\\\/lo-chiamavano-bulldozer-lim-col-lp\\\/#primaryimage\"},\"image\":{\"@id\":\"https:\\\/\\\/www.allscore.de\\\/shop\\\/produkt\\\/lo-chiamavano-bulldozer-lim-col-lp\\\/#primaryimage\"},\"thumbnailUrl\":\"https:\\\/\\\/www.allscore.de\\\/shop\\\/wp-content\\\/uploads\\\/2020\\\/12\\\/DDJLP06DLX-Lo-chiamavano-Bu.jpg\",\"datePublished\":\"2023-04-12T16:40:35+00:00\",\"dateModified\":\"2026-03-12T13:35:53+00:00\",\"description\":\"Aka: Sie nannten ihn M\u00fccke, Pegafuerte, Uppercut Limitiert auf 500 LPs in wei\u00df-blauem Vinyl.\",\"breadcrumb\":{\"@id\":\"https:\\\/\\\/www.allscore.de\\\/shop\\\/produkt\\\/lo-chiamavano-bulldozer-lim-col-lp\\\/#breadcrumb\"},\"inLanguage\":\"de\",\"potentialAction\":[{\"@type\":\"ReadAction\",\"target\":[\"https:\\\/\\\/www.allscore.de\\\/shop\\\/produkt\\\/lo-chiamavano-bulldozer-lim-col-lp\\\/\"]}]},{\"@type\":\"ImageObject\",\"inLanguage\":\"de\",\"@id\":\"https:\\\/\\\/www.allscore.de\\\/shop\\\/produkt\\\/lo-chiamavano-bulldozer-lim-col-lp\\\/#primaryimage\",\"url\":\"https:\\\/\\\/www.allscore.de\\\/shop\\\/wp-content\\\/uploads\\\/2020\\\/12\\\/DDJLP06DLX-Lo-chiamavano-Bu.jpg\",\"contentUrl\":\"https:\\\/\\\/www.allscore.de\\\/shop\\\/wp-content\\\/uploads\\\/2020\\\/12\\\/DDJLP06DLX-Lo-chiamavano-Bu.jpg\",\"width\":1199,\"height\":1199,\"caption\":\"Lo chiamavano Bulldozer\"},{\"@type\":\"BreadcrumbList\",\"@id\":\"https:\\\/\\\/www.allscore.de\\\/shop\\\/produkt\\\/lo-chiamavano-bulldozer-lim-col-lp\\\/#breadcrumb\",\"itemListElement\":[{\"@type\":\"ListItem\",\"position\":1,\"name\":\"Startseite\",\"item\":\"https:\\\/\\\/www.allscore.de\\\/shop\\\/\"},{\"@type\":\"ListItem\",\"position\":2,\"name\":\"Produkte\",\"item\":\"https:\\\/\\\/www.allscore.de\\\/shop\\\/shop\\\/\"},{\"@type\":\"ListItem\",\"position\":3,\"name\":\"Lo chiamavano Bulldozer (lim. col. LP, NEU 2023: wei\u00df-blaues Vinyl )\"}]},{\"@type\":\"WebSite\",\"@id\":\"https:\\\/\\\/www.allscore.de\\\/shop\\\/#website\",\"url\":\"https:\\\/\\\/www.allscore.de\\\/shop\\\/\",\"name\":\"Allscore Shop\",\"description\":\"All Score Media\",\"publisher\":{\"@id\":\"https:\\\/\\\/www.allscore.de\\\/shop\\\/#organization\"},\"potentialAction\":[{\"@type\":\"SearchAction\",\"target\":{\"@type\":\"EntryPoint\",\"urlTemplate\":\"https:\\\/\\\/www.allscore.de\\\/shop\\\/?s={search_term_string}\"},\"query-input\":{\"@type\":\"PropertyValueSpecification\",\"valueRequired\":true,\"valueName\":\"search_term_string\"}}],\"inLanguage\":\"de\"},{\"@type\":\"Organization\",\"@id\":\"https:\\\/\\\/www.allscore.de\\\/shop\\\/#organization\",\"name\":\"All Score Media\",\"alternateName\":\"Allscore\",\"url\":\"https:\\\/\\\/www.allscore.de\\\/shop\\\/\",\"logo\":{\"@type\":\"ImageObject\",\"inLanguage\":\"de\",\"@id\":\"https:\\\/\\\/www.allscore.de\\\/shop\\\/#\\\/schema\\\/logo\\\/image\\\/\",\"url\":\"https:\\\/\\\/www.allscore.de\\\/shop\\\/wp-content\\\/uploads\\\/2026\\\/01\\\/Logo_Yoast_Shop_2026.png\",\"contentUrl\":\"https:\\\/\\\/www.allscore.de\\\/shop\\\/wp-content\\\/uploads\\\/2026\\\/01\\\/Logo_Yoast_Shop_2026.png\",\"width\":696,\"height\":696,\"caption\":\"All Score Media\"},\"image\":{\"@id\":\"https:\\\/\\\/www.allscore.de\\\/shop\\\/#\\\/schema\\\/logo\\\/image\\\/\"}}]}<\/script>\n<!-- \/ Yoast SEO plugin. -->","yoast_head_json":{"title":"Lo chiamavano Bulldozer (lim. col. LP, NEU 2023: wei\u00df-blaues Vinyl )","description":"Aka: Sie nannten ihn M\u00fccke, Pegafuerte, Uppercut  Limitiert auf 500 LPs in wei\u00df-blauem Vinyl.","robots":{"index":"index","follow":"follow","max-snippet":"max-snippet:-1","max-image-preview":"max-image-preview:large","max-video-preview":"max-video-preview:-1"},"canonical":"https:\/\/www.allscore.de\/shop\/produkt\/lo-chiamavano-bulldozer-lim-col-lp\/","og_locale":"de_DE","og_type":"article","og_title":"Lo chiamavano Bulldozer (lim. col. LP, NEU 2023: wei\u00df-blaues Vinyl )","og_description":"Aka: Sie nannten ihn M\u00fccke, Pegafuerte, Uppercut  Limitiert auf 500 LPs in wei\u00df-blauem Vinyl.","og_url":"https:\/\/www.allscore.de\/shop\/produkt\/lo-chiamavano-bulldozer-lim-col-lp\/","og_site_name":"Allscore Shop","article_modified_time":"2026-03-12T13:35:53+00:00","og_image":[{"width":1199,"height":1199,"url":"https:\/\/www.allscore.de\/shop\/wp-content\/uploads\/2020\/12\/DDJLP06DLX-Lo-chiamavano-Bu.jpg","type":"image\/jpeg"}],"twitter_card":"summary_large_image","twitter_misc":{"Gesch\u00e4tzte Lesezeit":"2\u00a0Minuten"},"schema":{"@context":"https:\/\/schema.org","@graph":[{"@type":"WebPage","@id":"https:\/\/www.allscore.de\/shop\/produkt\/lo-chiamavano-bulldozer-lim-col-lp\/","url":"https:\/\/www.allscore.de\/shop\/produkt\/lo-chiamavano-bulldozer-lim-col-lp\/","name":"Lo chiamavano Bulldozer (lim. col. LP, NEU 2023: wei\u00df-blaues Vinyl )","isPartOf":{"@id":"https:\/\/www.allscore.de\/shop\/#website"},"primaryImageOfPage":{"@id":"https:\/\/www.allscore.de\/shop\/produkt\/lo-chiamavano-bulldozer-lim-col-lp\/#primaryimage"},"image":{"@id":"https:\/\/www.allscore.de\/shop\/produkt\/lo-chiamavano-bulldozer-lim-col-lp\/#primaryimage"},"thumbnailUrl":"https:\/\/www.allscore.de\/shop\/wp-content\/uploads\/2020\/12\/DDJLP06DLX-Lo-chiamavano-Bu.jpg","datePublished":"2023-04-12T16:40:35+00:00","dateModified":"2026-03-12T13:35:53+00:00","description":"Aka: Sie nannten ihn M\u00fccke, Pegafuerte, Uppercut Limitiert auf 500 LPs in wei\u00df-blauem Vinyl.","breadcrumb":{"@id":"https:\/\/www.allscore.de\/shop\/produkt\/lo-chiamavano-bulldozer-lim-col-lp\/#breadcrumb"},"inLanguage":"de","potentialAction":[{"@type":"ReadAction","target":["https:\/\/www.allscore.de\/shop\/produkt\/lo-chiamavano-bulldozer-lim-col-lp\/"]}]},{"@type":"ImageObject","inLanguage":"de","@id":"https:\/\/www.allscore.de\/shop\/produkt\/lo-chiamavano-bulldozer-lim-col-lp\/#primaryimage","url":"https:\/\/www.allscore.de\/shop\/wp-content\/uploads\/2020\/12\/DDJLP06DLX-Lo-chiamavano-Bu.jpg","contentUrl":"https:\/\/www.allscore.de\/shop\/wp-content\/uploads\/2020\/12\/DDJLP06DLX-Lo-chiamavano-Bu.jpg","width":1199,"height":1199,"caption":"Lo chiamavano Bulldozer"},{"@type":"BreadcrumbList","@id":"https:\/\/www.allscore.de\/shop\/produkt\/lo-chiamavano-bulldozer-lim-col-lp\/#breadcrumb","itemListElement":[{"@type":"ListItem","position":1,"name":"Startseite","item":"https:\/\/www.allscore.de\/shop\/"},{"@type":"ListItem","position":2,"name":"Produkte","item":"https:\/\/www.allscore.de\/shop\/shop\/"},{"@type":"ListItem","position":3,"name":"Lo chiamavano Bulldozer (lim. col. LP, NEU 2023: wei\u00df-blaues Vinyl )"}]},{"@type":"WebSite","@id":"https:\/\/www.allscore.de\/shop\/#website","url":"https:\/\/www.allscore.de\/shop\/","name":"Allscore Shop","description":"All Score Media","publisher":{"@id":"https:\/\/www.allscore.de\/shop\/#organization"},"potentialAction":[{"@type":"SearchAction","target":{"@type":"EntryPoint","urlTemplate":"https:\/\/www.allscore.de\/shop\/?s={search_term_string}"},"query-input":{"@type":"PropertyValueSpecification","valueRequired":true,"valueName":"search_term_string"}}],"inLanguage":"de"},{"@type":"Organization","@id":"https:\/\/www.allscore.de\/shop\/#organization","name":"All Score Media","alternateName":"Allscore","url":"https:\/\/www.allscore.de\/shop\/","logo":{"@type":"ImageObject","inLanguage":"de","@id":"https:\/\/www.allscore.de\/shop\/#\/schema\/logo\/image\/","url":"https:\/\/www.allscore.de\/shop\/wp-content\/uploads\/2026\/01\/Logo_Yoast_Shop_2026.png","contentUrl":"https:\/\/www.allscore.de\/shop\/wp-content\/uploads\/2026\/01\/Logo_Yoast_Shop_2026.png","width":696,"height":696,"caption":"All Score Media"},"image":{"@id":"https:\/\/www.allscore.de\/shop\/#\/schema\/logo\/image\/"}}]}},"_links":{"self":[{"href":"https:\/\/www.allscore.de\/shop\/wp-json\/wp\/v2\/product\/9195","targetHints":{"allow":["GET"]}}],"collection":[{"href":"https:\/\/www.allscore.de\/shop\/wp-json\/wp\/v2\/product"}],"about":[{"href":"https:\/\/www.allscore.de\/shop\/wp-json\/wp\/v2\/types\/product"}],"wp:featuredmedia":[{"embeddable":true,"href":"https:\/\/www.allscore.de\/shop\/wp-json\/wp\/v2\/media\/9170"}],"wp:attachment":[{"href":"https:\/\/www.allscore.de\/shop\/wp-json\/wp\/v2\/media?parent=9195"}],"wp:term":[{"taxonomy":"product_brand","embeddable":true,"href":"https:\/\/www.allscore.de\/shop\/wp-json\/wp\/v2\/product_brand?post=9195"},{"taxonomy":"product_cat","embeddable":true,"href":"https:\/\/www.allscore.de\/shop\/wp-json\/wp\/v2\/product_cat?post=9195"},{"taxonomy":"product_tag","embeddable":true,"href":"https:\/\/www.allscore.de\/shop\/wp-json\/wp\/v2\/product_tag?post=9195"}],"curies":[{"name":"wp","href":"https:\/\/api.w.org\/{rel}","templated":true}]}}