{"id":8971,"date":"2020-11-08T16:49:20","date_gmt":"2020-11-08T15:49:20","guid":{"rendered":"https:\/\/www.allscore.de\/shop\/?post_type=product&#038;p=8971"},"modified":"2025-10-24T19:13:23","modified_gmt":"2025-10-24T17:13:23","slug":"videogram-pre-cert-lp-cd-set","status":"publish","type":"product","link":"https:\/\/www.allscore.de\/shop\/produkt\/videogram-pre-cert-lp-cd-set\/","title":{"rendered":"Videogram &#8211; Pre-Cert (LP\/CD Set)"},"content":{"rendered":"","protected":false},"excerpt":{"rendered":"<p>Pre-Cert, kurz f\u00fcr pre-certification Video, ist eine englische Phrase f\u00fcr all die VHS Tapes die vor der englischen Zensur aufgelegt wurden und danach zu den Video Nasties f\u00fchrten. Heutzutage sind diese Kassetten gesuchte Rarit\u00e4ten und werden hochpreisig gehandelt. Mit seinem Cineploit Debut \u201ePre-Cert\u201c hat Magnus Sellergren seinen Stil deutlich verbessert, vor allem produktionstechnisch. Das Resultat ist ein Album welches in einer 6 monatigen Arbeitszeit entstand, aus \u00fcber 30 Kompositionen wurden die besten 13 St\u00fccke arrangiert und bearbeitet. Das Album beinhaltet klassisch genre-beeinflussten Sound, von Okkult Horror, Cannon Action, Thriller, post apokalyptische Filme aber auch italienisch produzierte Erotica und Kannibalengenre, spanischer 70er Horror aber auch amerikanisches Kino wie das Freitag der 13 Franchise sowie Carpenters The Thing.<\/p>\n<p>LP\/CD Set\u00a0 (180g Vinyl in Poly-lined Innersleeves, Gatefold, 250 copies with CD in Papersleeve)<\/p>\n","protected":false},"featured_media":8805,"template":"","meta":[],"product_brand":[],"product_cat":[49,619,201,229,105,379],"product_tag":[334,375,202],"class_list":{"0":"post-8971","1":"product","2":"type-product","3":"status-publish","4":"has-post-thumbnail","6":"product_cat-bands","7":"product_cat-cinematic-music","8":"product_cat-exploitation","9":"product_cat-horror","10":"product_cat-soundtracks","11":"product_cat-videogram","12":"product_tag-film-inspired-music","13":"product_tag-giallo","14":"product_tag-kannibalenfilm","15":"product_shipping_class-tontraeger-schallplatte","16":"entry","17":"clearfix","18":"entry-grid","19":"entry-columns-3","20":"entry-product-module-layout-sidebar-right","21":"thumbnail-color-tone-dark","22":"entry-product","24":"entry-product-grid","26":"first","27":"outofstock","28":"taxable","29":"shipping-taxable","30":"purchasable","31":"product-type-simple"},"yoast_head":"<!-- This site is optimized with the Yoast SEO plugin v27.4 - https:\/\/yoast.com\/product\/yoast-seo-wordpress\/ -->\n<title>Videogram - Pre-Cert (LP\/CD Set)<\/title>\n<meta name=\"description\" content=\"Pre-Cert, kurz f\u00fcr pre-certification Video, ist eine englische Phrase f\u00fcr all die VHS Tapes die vor der englischen Zensur aufgelegt wurden und danach zu den Video Nasties f\u00fchrten. Heutzutage sind diese Kassetten gesuchte Rarit\u00e4ten und werden hochpreisig gehandelt. Mit seinem Cineploit Debut \u201ePre-Cert\u201c hat Magnus Sellergren seinen Stil deutlich verbessert, vor allem produktionstechnisch. Das Resultat ist ein Album welches in einer 6 monatigen Arbeitszeit entstand, aus \u00fcber 30 Kompositionen wurden die besten 13 St\u00fccke arrangiert und bearbeitet. Das Album beinhaltet klassisch genre-beeinflussten Sound, von Okkult Horror, Cannon Action, Thriller, post apokalyptische Filme aber auch italienisch produzierte Erotica und Kannibalengenre, spanischer 70er Horror aber auch amerikanisches Kino wie das Freitag der 13 Franchise sowie Carpenters The Thing.  LP\/CD Set\u00a0 (180g Vinyl in Poly-lined Innersleeves, Gatefold, 250 copies with CD in Papersleeve)\" \/>\n<meta name=\"robots\" content=\"index, follow, max-snippet:-1, max-image-preview:large, max-video-preview:-1\" \/>\n<link rel=\"canonical\" href=\"https:\/\/www.allscore.de\/shop\/produkt\/videogram-pre-cert-lp-cd-set\/\" \/>\n<meta property=\"og:locale\" content=\"de_DE\" \/>\n<meta property=\"og:type\" content=\"article\" \/>\n<meta property=\"og:title\" content=\"Videogram - Pre-Cert (LP\/CD Set)\" \/>\n<meta property=\"og:description\" content=\"Pre-Cert, kurz f\u00fcr pre-certification Video, ist eine englische Phrase f\u00fcr all die VHS Tapes die vor der englischen Zensur aufgelegt wurden und danach zu den Video Nasties f\u00fchrten. Heutzutage sind diese Kassetten gesuchte Rarit\u00e4ten und werden hochpreisig gehandelt. Mit seinem Cineploit Debut \u201ePre-Cert\u201c hat Magnus Sellergren seinen Stil deutlich verbessert, vor allem produktionstechnisch. Das Resultat ist ein Album welches in einer 6 monatigen Arbeitszeit entstand, aus \u00fcber 30 Kompositionen wurden die besten 13 St\u00fccke arrangiert und bearbeitet. Das Album beinhaltet klassisch genre-beeinflussten Sound, von Okkult Horror, Cannon Action, Thriller, post apokalyptische Filme aber auch italienisch produzierte Erotica und Kannibalengenre, spanischer 70er Horror aber auch amerikanisches Kino wie das Freitag der 13 Franchise sowie Carpenters The Thing.  LP\/CD Set\u00a0 (180g Vinyl in Poly-lined Innersleeves, Gatefold, 250 copies with CD in Papersleeve)\" \/>\n<meta property=\"og:url\" content=\"https:\/\/www.allscore.de\/shop\/produkt\/videogram-pre-cert-lp-cd-set\/\" \/>\n<meta property=\"og:site_name\" content=\"Allscore Shop\" \/>\n<meta property=\"article:modified_time\" content=\"2025-10-24T17:13:23+00:00\" \/>\n<meta property=\"og:image\" content=\"https:\/\/www.allscore.de\/shop\/wp-content\/uploads\/2020\/10\/Cine-14-Videogram-Pre-Cert.jpg\" \/>\n\t<meta property=\"og:image:width\" content=\"1000\" \/>\n\t<meta property=\"og:image:height\" content=\"1000\" \/>\n\t<meta property=\"og:image:type\" content=\"image\/jpeg\" \/>\n<meta name=\"twitter:card\" content=\"summary_large_image\" \/>\n<script type=\"application\/ld+json\" class=\"yoast-schema-graph\">{\"@context\":\"https:\\\/\\\/schema.org\",\"@graph\":[{\"@type\":\"WebPage\",\"@id\":\"https:\\\/\\\/www.allscore.de\\\/shop\\\/produkt\\\/videogram-pre-cert-lp-cd-set\\\/\",\"url\":\"https:\\\/\\\/www.allscore.de\\\/shop\\\/produkt\\\/videogram-pre-cert-lp-cd-set\\\/\",\"name\":\"Videogram - Pre-Cert (LP\\\/CD Set)\",\"isPartOf\":{\"@id\":\"https:\\\/\\\/www.allscore.de\\\/shop\\\/#website\"},\"primaryImageOfPage\":{\"@id\":\"https:\\\/\\\/www.allscore.de\\\/shop\\\/produkt\\\/videogram-pre-cert-lp-cd-set\\\/#primaryimage\"},\"image\":{\"@id\":\"https:\\\/\\\/www.allscore.de\\\/shop\\\/produkt\\\/videogram-pre-cert-lp-cd-set\\\/#primaryimage\"},\"thumbnailUrl\":\"https:\\\/\\\/www.allscore.de\\\/shop\\\/wp-content\\\/uploads\\\/2020\\\/10\\\/Cine-14-Videogram-Pre-Cert.jpg\",\"datePublished\":\"2020-11-08T15:49:20+00:00\",\"dateModified\":\"2025-10-24T17:13:23+00:00\",\"description\":\"Pre-Cert, kurz f\u00fcr pre-certification Video, ist eine englische Phrase f\u00fcr all die VHS Tapes die vor der englischen Zensur aufgelegt wurden und danach zu den Video Nasties f\u00fchrten. Heutzutage sind diese Kassetten gesuchte Rarit\u00e4ten und werden hochpreisig gehandelt. Mit seinem Cineploit Debut \u201ePre-Cert\u201c hat Magnus Sellergren seinen Stil deutlich verbessert, vor allem produktionstechnisch. Das Resultat ist ein Album welches in einer 6 monatigen Arbeitszeit entstand, aus \u00fcber 30 Kompositionen wurden die besten 13 St\u00fccke arrangiert und bearbeitet. Das Album beinhaltet klassisch genre-beeinflussten Sound, von Okkult Horror, Cannon Action, Thriller, post apokalyptische Filme aber auch italienisch produzierte Erotica und Kannibalengenre, spanischer 70er Horror aber auch amerikanisches Kino wie das Freitag der 13 Franchise sowie Carpenters The Thing. LP\\\/CD Set\u00a0 (180g Vinyl in Poly-lined Innersleeves, Gatefold, 250 copies with CD in Papersleeve)\",\"breadcrumb\":{\"@id\":\"https:\\\/\\\/www.allscore.de\\\/shop\\\/produkt\\\/videogram-pre-cert-lp-cd-set\\\/#breadcrumb\"},\"inLanguage\":\"de\",\"potentialAction\":[{\"@type\":\"ReadAction\",\"target\":[\"https:\\\/\\\/www.allscore.de\\\/shop\\\/produkt\\\/videogram-pre-cert-lp-cd-set\\\/\"]}]},{\"@type\":\"ImageObject\",\"inLanguage\":\"de\",\"@id\":\"https:\\\/\\\/www.allscore.de\\\/shop\\\/produkt\\\/videogram-pre-cert-lp-cd-set\\\/#primaryimage\",\"url\":\"https:\\\/\\\/www.allscore.de\\\/shop\\\/wp-content\\\/uploads\\\/2020\\\/10\\\/Cine-14-Videogram-Pre-Cert.jpg\",\"contentUrl\":\"https:\\\/\\\/www.allscore.de\\\/shop\\\/wp-content\\\/uploads\\\/2020\\\/10\\\/Cine-14-Videogram-Pre-Cert.jpg\",\"width\":1000,\"height\":1000,\"caption\":\"Videogram - Pre-Cert\"},{\"@type\":\"BreadcrumbList\",\"@id\":\"https:\\\/\\\/www.allscore.de\\\/shop\\\/produkt\\\/videogram-pre-cert-lp-cd-set\\\/#breadcrumb\",\"itemListElement\":[{\"@type\":\"ListItem\",\"position\":1,\"name\":\"Startseite\",\"item\":\"https:\\\/\\\/www.allscore.de\\\/shop\\\/\"},{\"@type\":\"ListItem\",\"position\":2,\"name\":\"Produkte\",\"item\":\"https:\\\/\\\/www.allscore.de\\\/shop\\\/shop\\\/\"},{\"@type\":\"ListItem\",\"position\":3,\"name\":\"Videogram &#8211; Pre-Cert (LP\\\/CD Set)\"}]},{\"@type\":\"WebSite\",\"@id\":\"https:\\\/\\\/www.allscore.de\\\/shop\\\/#website\",\"url\":\"https:\\\/\\\/www.allscore.de\\\/shop\\\/\",\"name\":\"Allscore Shop\",\"description\":\"All Score Media\",\"publisher\":{\"@id\":\"https:\\\/\\\/www.allscore.de\\\/shop\\\/#organization\"},\"potentialAction\":[{\"@type\":\"SearchAction\",\"target\":{\"@type\":\"EntryPoint\",\"urlTemplate\":\"https:\\\/\\\/www.allscore.de\\\/shop\\\/?s={search_term_string}\"},\"query-input\":{\"@type\":\"PropertyValueSpecification\",\"valueRequired\":true,\"valueName\":\"search_term_string\"}}],\"inLanguage\":\"de\"},{\"@type\":\"Organization\",\"@id\":\"https:\\\/\\\/www.allscore.de\\\/shop\\\/#organization\",\"name\":\"All Score Media\",\"alternateName\":\"Allscore\",\"url\":\"https:\\\/\\\/www.allscore.de\\\/shop\\\/\",\"logo\":{\"@type\":\"ImageObject\",\"inLanguage\":\"de\",\"@id\":\"https:\\\/\\\/www.allscore.de\\\/shop\\\/#\\\/schema\\\/logo\\\/image\\\/\",\"url\":\"https:\\\/\\\/www.allscore.de\\\/shop\\\/wp-content\\\/uploads\\\/2026\\\/01\\\/Logo_Yoast_Shop_2026.png\",\"contentUrl\":\"https:\\\/\\\/www.allscore.de\\\/shop\\\/wp-content\\\/uploads\\\/2026\\\/01\\\/Logo_Yoast_Shop_2026.png\",\"width\":696,\"height\":696,\"caption\":\"All Score Media\"},\"image\":{\"@id\":\"https:\\\/\\\/www.allscore.de\\\/shop\\\/#\\\/schema\\\/logo\\\/image\\\/\"}}]}<\/script>\n<!-- \/ Yoast SEO plugin. -->","yoast_head_json":{"title":"Videogram - Pre-Cert (LP\/CD Set)","description":"Pre-Cert, kurz f\u00fcr pre-certification Video, ist eine englische Phrase f\u00fcr all die VHS Tapes die vor der englischen Zensur aufgelegt wurden und danach zu den Video Nasties f\u00fchrten. Heutzutage sind diese Kassetten gesuchte Rarit\u00e4ten und werden hochpreisig gehandelt. Mit seinem Cineploit Debut \u201ePre-Cert\u201c hat Magnus Sellergren seinen Stil deutlich verbessert, vor allem produktionstechnisch. Das Resultat ist ein Album welches in einer 6 monatigen Arbeitszeit entstand, aus \u00fcber 30 Kompositionen wurden die besten 13 St\u00fccke arrangiert und bearbeitet. Das Album beinhaltet klassisch genre-beeinflussten Sound, von Okkult Horror, Cannon Action, Thriller, post apokalyptische Filme aber auch italienisch produzierte Erotica und Kannibalengenre, spanischer 70er Horror aber auch amerikanisches Kino wie das Freitag der 13 Franchise sowie Carpenters The Thing.  LP\/CD Set\u00a0 (180g Vinyl in Poly-lined Innersleeves, Gatefold, 250 copies with CD in Papersleeve)","robots":{"index":"index","follow":"follow","max-snippet":"max-snippet:-1","max-image-preview":"max-image-preview:large","max-video-preview":"max-video-preview:-1"},"canonical":"https:\/\/www.allscore.de\/shop\/produkt\/videogram-pre-cert-lp-cd-set\/","og_locale":"de_DE","og_type":"article","og_title":"Videogram - Pre-Cert (LP\/CD Set)","og_description":"Pre-Cert, kurz f\u00fcr pre-certification Video, ist eine englische Phrase f\u00fcr all die VHS Tapes die vor der englischen Zensur aufgelegt wurden und danach zu den Video Nasties f\u00fchrten. Heutzutage sind diese Kassetten gesuchte Rarit\u00e4ten und werden hochpreisig gehandelt. Mit seinem Cineploit Debut \u201ePre-Cert\u201c hat Magnus Sellergren seinen Stil deutlich verbessert, vor allem produktionstechnisch. Das Resultat ist ein Album welches in einer 6 monatigen Arbeitszeit entstand, aus \u00fcber 30 Kompositionen wurden die besten 13 St\u00fccke arrangiert und bearbeitet. Das Album beinhaltet klassisch genre-beeinflussten Sound, von Okkult Horror, Cannon Action, Thriller, post apokalyptische Filme aber auch italienisch produzierte Erotica und Kannibalengenre, spanischer 70er Horror aber auch amerikanisches Kino wie das Freitag der 13 Franchise sowie Carpenters The Thing.  LP\/CD Set\u00a0 (180g Vinyl in Poly-lined Innersleeves, Gatefold, 250 copies with CD in Papersleeve)","og_url":"https:\/\/www.allscore.de\/shop\/produkt\/videogram-pre-cert-lp-cd-set\/","og_site_name":"Allscore Shop","article_modified_time":"2025-10-24T17:13:23+00:00","og_image":[{"width":1000,"height":1000,"url":"https:\/\/www.allscore.de\/shop\/wp-content\/uploads\/2020\/10\/Cine-14-Videogram-Pre-Cert.jpg","type":"image\/jpeg"}],"twitter_card":"summary_large_image","schema":{"@context":"https:\/\/schema.org","@graph":[{"@type":"WebPage","@id":"https:\/\/www.allscore.de\/shop\/produkt\/videogram-pre-cert-lp-cd-set\/","url":"https:\/\/www.allscore.de\/shop\/produkt\/videogram-pre-cert-lp-cd-set\/","name":"Videogram - Pre-Cert (LP\/CD Set)","isPartOf":{"@id":"https:\/\/www.allscore.de\/shop\/#website"},"primaryImageOfPage":{"@id":"https:\/\/www.allscore.de\/shop\/produkt\/videogram-pre-cert-lp-cd-set\/#primaryimage"},"image":{"@id":"https:\/\/www.allscore.de\/shop\/produkt\/videogram-pre-cert-lp-cd-set\/#primaryimage"},"thumbnailUrl":"https:\/\/www.allscore.de\/shop\/wp-content\/uploads\/2020\/10\/Cine-14-Videogram-Pre-Cert.jpg","datePublished":"2020-11-08T15:49:20+00:00","dateModified":"2025-10-24T17:13:23+00:00","description":"Pre-Cert, kurz f\u00fcr pre-certification Video, ist eine englische Phrase f\u00fcr all die VHS Tapes die vor der englischen Zensur aufgelegt wurden und danach zu den Video Nasties f\u00fchrten. Heutzutage sind diese Kassetten gesuchte Rarit\u00e4ten und werden hochpreisig gehandelt. Mit seinem Cineploit Debut \u201ePre-Cert\u201c hat Magnus Sellergren seinen Stil deutlich verbessert, vor allem produktionstechnisch. Das Resultat ist ein Album welches in einer 6 monatigen Arbeitszeit entstand, aus \u00fcber 30 Kompositionen wurden die besten 13 St\u00fccke arrangiert und bearbeitet. Das Album beinhaltet klassisch genre-beeinflussten Sound, von Okkult Horror, Cannon Action, Thriller, post apokalyptische Filme aber auch italienisch produzierte Erotica und Kannibalengenre, spanischer 70er Horror aber auch amerikanisches Kino wie das Freitag der 13 Franchise sowie Carpenters The Thing. LP\/CD Set\u00a0 (180g Vinyl in Poly-lined Innersleeves, Gatefold, 250 copies with CD in Papersleeve)","breadcrumb":{"@id":"https:\/\/www.allscore.de\/shop\/produkt\/videogram-pre-cert-lp-cd-set\/#breadcrumb"},"inLanguage":"de","potentialAction":[{"@type":"ReadAction","target":["https:\/\/www.allscore.de\/shop\/produkt\/videogram-pre-cert-lp-cd-set\/"]}]},{"@type":"ImageObject","inLanguage":"de","@id":"https:\/\/www.allscore.de\/shop\/produkt\/videogram-pre-cert-lp-cd-set\/#primaryimage","url":"https:\/\/www.allscore.de\/shop\/wp-content\/uploads\/2020\/10\/Cine-14-Videogram-Pre-Cert.jpg","contentUrl":"https:\/\/www.allscore.de\/shop\/wp-content\/uploads\/2020\/10\/Cine-14-Videogram-Pre-Cert.jpg","width":1000,"height":1000,"caption":"Videogram - Pre-Cert"},{"@type":"BreadcrumbList","@id":"https:\/\/www.allscore.de\/shop\/produkt\/videogram-pre-cert-lp-cd-set\/#breadcrumb","itemListElement":[{"@type":"ListItem","position":1,"name":"Startseite","item":"https:\/\/www.allscore.de\/shop\/"},{"@type":"ListItem","position":2,"name":"Produkte","item":"https:\/\/www.allscore.de\/shop\/shop\/"},{"@type":"ListItem","position":3,"name":"Videogram &#8211; Pre-Cert (LP\/CD Set)"}]},{"@type":"WebSite","@id":"https:\/\/www.allscore.de\/shop\/#website","url":"https:\/\/www.allscore.de\/shop\/","name":"Allscore Shop","description":"All Score Media","publisher":{"@id":"https:\/\/www.allscore.de\/shop\/#organization"},"potentialAction":[{"@type":"SearchAction","target":{"@type":"EntryPoint","urlTemplate":"https:\/\/www.allscore.de\/shop\/?s={search_term_string}"},"query-input":{"@type":"PropertyValueSpecification","valueRequired":true,"valueName":"search_term_string"}}],"inLanguage":"de"},{"@type":"Organization","@id":"https:\/\/www.allscore.de\/shop\/#organization","name":"All Score Media","alternateName":"Allscore","url":"https:\/\/www.allscore.de\/shop\/","logo":{"@type":"ImageObject","inLanguage":"de","@id":"https:\/\/www.allscore.de\/shop\/#\/schema\/logo\/image\/","url":"https:\/\/www.allscore.de\/shop\/wp-content\/uploads\/2026\/01\/Logo_Yoast_Shop_2026.png","contentUrl":"https:\/\/www.allscore.de\/shop\/wp-content\/uploads\/2026\/01\/Logo_Yoast_Shop_2026.png","width":696,"height":696,"caption":"All Score Media"},"image":{"@id":"https:\/\/www.allscore.de\/shop\/#\/schema\/logo\/image\/"}}]}},"_links":{"self":[{"href":"https:\/\/www.allscore.de\/shop\/wp-json\/wp\/v2\/product\/8971","targetHints":{"allow":["GET"]}}],"collection":[{"href":"https:\/\/www.allscore.de\/shop\/wp-json\/wp\/v2\/product"}],"about":[{"href":"https:\/\/www.allscore.de\/shop\/wp-json\/wp\/v2\/types\/product"}],"wp:featuredmedia":[{"embeddable":true,"href":"https:\/\/www.allscore.de\/shop\/wp-json\/wp\/v2\/media\/8805"}],"wp:attachment":[{"href":"https:\/\/www.allscore.de\/shop\/wp-json\/wp\/v2\/media?parent=8971"}],"wp:term":[{"taxonomy":"product_brand","embeddable":true,"href":"https:\/\/www.allscore.de\/shop\/wp-json\/wp\/v2\/product_brand?post=8971"},{"taxonomy":"product_cat","embeddable":true,"href":"https:\/\/www.allscore.de\/shop\/wp-json\/wp\/v2\/product_cat?post=8971"},{"taxonomy":"product_tag","embeddable":true,"href":"https:\/\/www.allscore.de\/shop\/wp-json\/wp\/v2\/product_tag?post=8971"}],"curies":[{"name":"wp","href":"https:\/\/api.w.org\/{rel}","templated":true}]}}