{"id":8957,"date":"2020-11-06T19:38:31","date_gmt":"2020-11-06T18:38:31","guid":{"rendered":"https:\/\/www.allscore.de\/shop\/?post_type=product&#038;p=8957"},"modified":"2025-11-27T17:31:43","modified_gmt":"2025-11-27T16:31:43","slug":"professor-van-dusen-und-die-regenbogenmorde-24","status":"publish","type":"product","link":"https:\/\/www.allscore.de\/shop\/produkt\/professor-van-dusen-und-die-regenbogenmorde-24\/","title":{"rendered":"Professor van Dusen und die Regenbogenmorde (24)"},"content":{"rendered":"","protected":false},"excerpt":{"rendered":"<p>Eine d\u00fcstere Familienlegende lockt Professor van Dusen und seinen Freund Hutchinson Hatch nach Malahide, einem kleinen Ort nord\u00f6stlich von Dublin. Dort wurde angeblich ein gef\u00e4hrlicher Kobold gesehen &#8211; der Leprechaun.<br \/>\nDie Denkmaschine ahnt sogleich, dass hier einiges im Argen liegt. Zudem gewinnt ein altes Verbrechen pl\u00f6tzlich wieder an Bedeutung und zieht einen weiteren Mord nach sich. In der Schw\u00fcle einer Sommernacht muss sich van Dusen ganz auf seine Kombinationsgabe verlassen, um den gerissenen M\u00f6rder dingfest zu machen.<\/p>\n<p>Professor van Dusen: Bernd Vollbrecht<br \/>\nHutchinson Hatch: Nicolai Tegeler<br \/>\nJohn Ryan: Marko Br\u00e4utigam<br \/>\nMary Ryan: Marion Elskis<br \/>\nNoah Ryan: Michael Pink<br \/>\nEmily Walsh: Franziska Endres<br \/>\nAlex Walsh: Harald Effenberg<br \/>\nPater Michael Brennan: Bodo Wolf<br \/>\nDr. Jayden Lynch: J\u00fcrgen Thormann<br \/>\nJackson O\u2019Connor: J\u00f6rg Hengstler<\/p>\n<p>Regie: Gerd Naumann<br \/>\nBuch: Marc Freund<br \/>\nKomponist: Christian Bluthardt<br \/>\nSounddesign, Mischung &amp; Master: Tom Steinbrecher<\/p>\n<p>Spieldauer: ca. 72 Minuten<\/p>\n","protected":false},"featured_media":8960,"template":"","meta":[],"product_brand":[],"product_cat":[72,210],"product_tag":[],"class_list":{"0":"post-8957","1":"product","2":"type-product","3":"status-publish","4":"has-post-thumbnail","6":"product_cat-hoerspiele","7":"product_cat-professor-van-dusen-neue-faelle","8":"product_shipping_class-tontraeger-cd","9":"entry","10":"clearfix","11":"entry-grid","12":"entry-columns-3","13":"entry-product-module-layout-sidebar-right","14":"thumbnail-color-tone-dark","15":"entry-product","17":"entry-product-grid","19":"first","20":"instock","21":"taxable","22":"shipping-taxable","23":"purchasable","24":"product-type-simple"},"yoast_head":"<!-- This site is optimized with the Yoast SEO plugin v27.4 - https:\/\/yoast.com\/product\/yoast-seo-wordpress\/ -->\n<title>Professor van Dusen und die Regenbogenmorde (24)<\/title>\n<meta name=\"description\" content=\"Eine d\u00fcstere Familienlegende lockt Professor van Dusen und seinen Freund Hutchinson Hatch nach Malahide, einem kleinen Ort nord\u00f6stlich von Dublin. Dort wurde angeblich ein gef\u00e4hrlicher Kobold gesehen - der Leprechaun. Die Denkmaschine ahnt sogleich, dass hier einiges im Argen liegt. Zudem gewinnt ein altes Verbrechen pl\u00f6tzlich wieder an Bedeutung und zieht einen weiteren Mord nach sich. In der Schw\u00fcle einer Sommernacht muss sich van Dusen ganz auf seine Kombinationsgabe verlassen, um den gerissenen M\u00f6rder dingfest zu machen.  Professor van Dusen: Bernd Vollbrecht Hutchinson Hatch: Nicolai Tegeler John Ryan: Marko Br\u00e4utigam Mary Ryan: Marion Elskis Noah Ryan: Michael Pink Emily Walsh: Franziska Endres Alex Walsh: Harald Effenberg Pater Michael Brennan: Bodo Wolf Dr. Jayden Lynch: J\u00fcrgen Thormann Jackson O\u2019Connor: J\u00f6rg Hengstler  Regie: Gerd Naumann Buch: Marc Freund Komponist: Christian Bluthardt Sounddesign, Mischung &amp; Master: Tom Steinbrecher  Spieldauer: ca. 72 Minuten\" \/>\n<meta name=\"robots\" content=\"index, follow, max-snippet:-1, max-image-preview:large, max-video-preview:-1\" \/>\n<link rel=\"canonical\" href=\"https:\/\/www.allscore.de\/shop\/produkt\/professor-van-dusen-und-die-regenbogenmorde-24\/\" \/>\n<meta property=\"og:locale\" content=\"de_DE\" \/>\n<meta property=\"og:type\" content=\"article\" \/>\n<meta property=\"og:title\" content=\"Professor van Dusen und die Regenbogenmorde (24)\" \/>\n<meta property=\"og:description\" content=\"Eine d\u00fcstere Familienlegende lockt Professor van Dusen und seinen Freund Hutchinson Hatch nach Malahide, einem kleinen Ort nord\u00f6stlich von Dublin. Dort wurde angeblich ein gef\u00e4hrlicher Kobold gesehen - der Leprechaun. Die Denkmaschine ahnt sogleich, dass hier einiges im Argen liegt. Zudem gewinnt ein altes Verbrechen pl\u00f6tzlich wieder an Bedeutung und zieht einen weiteren Mord nach sich. In der Schw\u00fcle einer Sommernacht muss sich van Dusen ganz auf seine Kombinationsgabe verlassen, um den gerissenen M\u00f6rder dingfest zu machen.  Professor van Dusen: Bernd Vollbrecht Hutchinson Hatch: Nicolai Tegeler John Ryan: Marko Br\u00e4utigam Mary Ryan: Marion Elskis Noah Ryan: Michael Pink Emily Walsh: Franziska Endres Alex Walsh: Harald Effenberg Pater Michael Brennan: Bodo Wolf Dr. Jayden Lynch: J\u00fcrgen Thormann Jackson O\u2019Connor: J\u00f6rg Hengstler  Regie: Gerd Naumann Buch: Marc Freund Komponist: Christian Bluthardt Sounddesign, Mischung &amp; Master: Tom Steinbrecher  Spieldauer: ca. 72 Minuten\" \/>\n<meta property=\"og:url\" content=\"https:\/\/www.allscore.de\/shop\/produkt\/professor-van-dusen-und-die-regenbogenmorde-24\/\" \/>\n<meta property=\"og:site_name\" content=\"Allscore Shop\" \/>\n<meta property=\"article:modified_time\" content=\"2025-11-27T16:31:43+00:00\" \/>\n<meta property=\"og:image\" content=\"https:\/\/www.allscore.de\/shop\/wp-content\/uploads\/2020\/11\/PvD24_1200x1200.jpg\" \/>\n\t<meta property=\"og:image:width\" content=\"1200\" \/>\n\t<meta property=\"og:image:height\" content=\"1200\" \/>\n\t<meta property=\"og:image:type\" content=\"image\/jpeg\" \/>\n<meta name=\"twitter:card\" content=\"summary_large_image\" \/>\n<script type=\"application\/ld+json\" class=\"yoast-schema-graph\">{\"@context\":\"https:\\\/\\\/schema.org\",\"@graph\":[{\"@type\":\"WebPage\",\"@id\":\"https:\\\/\\\/www.allscore.de\\\/shop\\\/produkt\\\/professor-van-dusen-und-die-regenbogenmorde-24\\\/\",\"url\":\"https:\\\/\\\/www.allscore.de\\\/shop\\\/produkt\\\/professor-van-dusen-und-die-regenbogenmorde-24\\\/\",\"name\":\"Professor van Dusen und die Regenbogenmorde (24)\",\"isPartOf\":{\"@id\":\"https:\\\/\\\/www.allscore.de\\\/shop\\\/#website\"},\"primaryImageOfPage\":{\"@id\":\"https:\\\/\\\/www.allscore.de\\\/shop\\\/produkt\\\/professor-van-dusen-und-die-regenbogenmorde-24\\\/#primaryimage\"},\"image\":{\"@id\":\"https:\\\/\\\/www.allscore.de\\\/shop\\\/produkt\\\/professor-van-dusen-und-die-regenbogenmorde-24\\\/#primaryimage\"},\"thumbnailUrl\":\"https:\\\/\\\/www.allscore.de\\\/shop\\\/wp-content\\\/uploads\\\/2020\\\/11\\\/PvD24_1200x1200.jpg\",\"datePublished\":\"2020-11-06T18:38:31+00:00\",\"dateModified\":\"2025-11-27T16:31:43+00:00\",\"description\":\"Eine d\u00fcstere Familienlegende lockt Professor van Dusen und seinen Freund Hutchinson Hatch nach Malahide, einem kleinen Ort nord\u00f6stlich von Dublin. Dort wurde angeblich ein gef\u00e4hrlicher Kobold gesehen - der Leprechaun. Die Denkmaschine ahnt sogleich, dass hier einiges im Argen liegt. Zudem gewinnt ein altes Verbrechen pl\u00f6tzlich wieder an Bedeutung und zieht einen weiteren Mord nach sich. In der Schw\u00fcle einer Sommernacht muss sich van Dusen ganz auf seine Kombinationsgabe verlassen, um den gerissenen M\u00f6rder dingfest zu machen. Professor van Dusen: Bernd Vollbrecht Hutchinson Hatch: Nicolai Tegeler John Ryan: Marko Br\u00e4utigam Mary Ryan: Marion Elskis Noah Ryan: Michael Pink Emily Walsh: Franziska Endres Alex Walsh: Harald Effenberg Pater Michael Brennan: Bodo Wolf Dr. Jayden Lynch: J\u00fcrgen Thormann Jackson O\u2019Connor: J\u00f6rg Hengstler Regie: Gerd Naumann Buch: Marc Freund Komponist: Christian Bluthardt Sounddesign, Mischung &amp; Master: Tom Steinbrecher Spieldauer: ca. 72 Minuten\",\"breadcrumb\":{\"@id\":\"https:\\\/\\\/www.allscore.de\\\/shop\\\/produkt\\\/professor-van-dusen-und-die-regenbogenmorde-24\\\/#breadcrumb\"},\"inLanguage\":\"de\",\"potentialAction\":[{\"@type\":\"ReadAction\",\"target\":[\"https:\\\/\\\/www.allscore.de\\\/shop\\\/produkt\\\/professor-van-dusen-und-die-regenbogenmorde-24\\\/\"]}]},{\"@type\":\"ImageObject\",\"inLanguage\":\"de\",\"@id\":\"https:\\\/\\\/www.allscore.de\\\/shop\\\/produkt\\\/professor-van-dusen-und-die-regenbogenmorde-24\\\/#primaryimage\",\"url\":\"https:\\\/\\\/www.allscore.de\\\/shop\\\/wp-content\\\/uploads\\\/2020\\\/11\\\/PvD24_1200x1200.jpg\",\"contentUrl\":\"https:\\\/\\\/www.allscore.de\\\/shop\\\/wp-content\\\/uploads\\\/2020\\\/11\\\/PvD24_1200x1200.jpg\",\"width\":1200,\"height\":1200,\"caption\":\"Professor van Dusen und die Regenbogenmorde\"},{\"@type\":\"BreadcrumbList\",\"@id\":\"https:\\\/\\\/www.allscore.de\\\/shop\\\/produkt\\\/professor-van-dusen-und-die-regenbogenmorde-24\\\/#breadcrumb\",\"itemListElement\":[{\"@type\":\"ListItem\",\"position\":1,\"name\":\"Startseite\",\"item\":\"https:\\\/\\\/www.allscore.de\\\/shop\\\/\"},{\"@type\":\"ListItem\",\"position\":2,\"name\":\"Produkte\",\"item\":\"https:\\\/\\\/www.allscore.de\\\/shop\\\/shop\\\/\"},{\"@type\":\"ListItem\",\"position\":3,\"name\":\"Professor van Dusen und die Regenbogenmorde (24)\"}]},{\"@type\":\"WebSite\",\"@id\":\"https:\\\/\\\/www.allscore.de\\\/shop\\\/#website\",\"url\":\"https:\\\/\\\/www.allscore.de\\\/shop\\\/\",\"name\":\"Allscore Shop\",\"description\":\"All Score Media\",\"publisher\":{\"@id\":\"https:\\\/\\\/www.allscore.de\\\/shop\\\/#organization\"},\"potentialAction\":[{\"@type\":\"SearchAction\",\"target\":{\"@type\":\"EntryPoint\",\"urlTemplate\":\"https:\\\/\\\/www.allscore.de\\\/shop\\\/?s={search_term_string}\"},\"query-input\":{\"@type\":\"PropertyValueSpecification\",\"valueRequired\":true,\"valueName\":\"search_term_string\"}}],\"inLanguage\":\"de\"},{\"@type\":\"Organization\",\"@id\":\"https:\\\/\\\/www.allscore.de\\\/shop\\\/#organization\",\"name\":\"All Score Media\",\"alternateName\":\"Allscore\",\"url\":\"https:\\\/\\\/www.allscore.de\\\/shop\\\/\",\"logo\":{\"@type\":\"ImageObject\",\"inLanguage\":\"de\",\"@id\":\"https:\\\/\\\/www.allscore.de\\\/shop\\\/#\\\/schema\\\/logo\\\/image\\\/\",\"url\":\"https:\\\/\\\/www.allscore.de\\\/shop\\\/wp-content\\\/uploads\\\/2026\\\/01\\\/Logo_Yoast_Shop_2026.png\",\"contentUrl\":\"https:\\\/\\\/www.allscore.de\\\/shop\\\/wp-content\\\/uploads\\\/2026\\\/01\\\/Logo_Yoast_Shop_2026.png\",\"width\":696,\"height\":696,\"caption\":\"All Score Media\"},\"image\":{\"@id\":\"https:\\\/\\\/www.allscore.de\\\/shop\\\/#\\\/schema\\\/logo\\\/image\\\/\"}}]}<\/script>\n<!-- \/ Yoast SEO plugin. -->","yoast_head_json":{"title":"Professor van Dusen und die Regenbogenmorde (24)","description":"Eine d\u00fcstere Familienlegende lockt Professor van Dusen und seinen Freund Hutchinson Hatch nach Malahide, einem kleinen Ort nord\u00f6stlich von Dublin. Dort wurde angeblich ein gef\u00e4hrlicher Kobold gesehen - der Leprechaun. Die Denkmaschine ahnt sogleich, dass hier einiges im Argen liegt. Zudem gewinnt ein altes Verbrechen pl\u00f6tzlich wieder an Bedeutung und zieht einen weiteren Mord nach sich. In der Schw\u00fcle einer Sommernacht muss sich van Dusen ganz auf seine Kombinationsgabe verlassen, um den gerissenen M\u00f6rder dingfest zu machen.  Professor van Dusen: Bernd Vollbrecht Hutchinson Hatch: Nicolai Tegeler John Ryan: Marko Br\u00e4utigam Mary Ryan: Marion Elskis Noah Ryan: Michael Pink Emily Walsh: Franziska Endres Alex Walsh: Harald Effenberg Pater Michael Brennan: Bodo Wolf Dr. Jayden Lynch: J\u00fcrgen Thormann Jackson O\u2019Connor: J\u00f6rg Hengstler  Regie: Gerd Naumann Buch: Marc Freund Komponist: Christian Bluthardt Sounddesign, Mischung &amp; Master: Tom Steinbrecher  Spieldauer: ca. 72 Minuten","robots":{"index":"index","follow":"follow","max-snippet":"max-snippet:-1","max-image-preview":"max-image-preview:large","max-video-preview":"max-video-preview:-1"},"canonical":"https:\/\/www.allscore.de\/shop\/produkt\/professor-van-dusen-und-die-regenbogenmorde-24\/","og_locale":"de_DE","og_type":"article","og_title":"Professor van Dusen und die Regenbogenmorde (24)","og_description":"Eine d\u00fcstere Familienlegende lockt Professor van Dusen und seinen Freund Hutchinson Hatch nach Malahide, einem kleinen Ort nord\u00f6stlich von Dublin. Dort wurde angeblich ein gef\u00e4hrlicher Kobold gesehen - der Leprechaun. Die Denkmaschine ahnt sogleich, dass hier einiges im Argen liegt. Zudem gewinnt ein altes Verbrechen pl\u00f6tzlich wieder an Bedeutung und zieht einen weiteren Mord nach sich. In der Schw\u00fcle einer Sommernacht muss sich van Dusen ganz auf seine Kombinationsgabe verlassen, um den gerissenen M\u00f6rder dingfest zu machen.  Professor van Dusen: Bernd Vollbrecht Hutchinson Hatch: Nicolai Tegeler John Ryan: Marko Br\u00e4utigam Mary Ryan: Marion Elskis Noah Ryan: Michael Pink Emily Walsh: Franziska Endres Alex Walsh: Harald Effenberg Pater Michael Brennan: Bodo Wolf Dr. Jayden Lynch: J\u00fcrgen Thormann Jackson O\u2019Connor: J\u00f6rg Hengstler  Regie: Gerd Naumann Buch: Marc Freund Komponist: Christian Bluthardt Sounddesign, Mischung &amp; Master: Tom Steinbrecher  Spieldauer: ca. 72 Minuten","og_url":"https:\/\/www.allscore.de\/shop\/produkt\/professor-van-dusen-und-die-regenbogenmorde-24\/","og_site_name":"Allscore Shop","article_modified_time":"2025-11-27T16:31:43+00:00","og_image":[{"width":1200,"height":1200,"url":"https:\/\/www.allscore.de\/shop\/wp-content\/uploads\/2020\/11\/PvD24_1200x1200.jpg","type":"image\/jpeg"}],"twitter_card":"summary_large_image","schema":{"@context":"https:\/\/schema.org","@graph":[{"@type":"WebPage","@id":"https:\/\/www.allscore.de\/shop\/produkt\/professor-van-dusen-und-die-regenbogenmorde-24\/","url":"https:\/\/www.allscore.de\/shop\/produkt\/professor-van-dusen-und-die-regenbogenmorde-24\/","name":"Professor van Dusen und die Regenbogenmorde (24)","isPartOf":{"@id":"https:\/\/www.allscore.de\/shop\/#website"},"primaryImageOfPage":{"@id":"https:\/\/www.allscore.de\/shop\/produkt\/professor-van-dusen-und-die-regenbogenmorde-24\/#primaryimage"},"image":{"@id":"https:\/\/www.allscore.de\/shop\/produkt\/professor-van-dusen-und-die-regenbogenmorde-24\/#primaryimage"},"thumbnailUrl":"https:\/\/www.allscore.de\/shop\/wp-content\/uploads\/2020\/11\/PvD24_1200x1200.jpg","datePublished":"2020-11-06T18:38:31+00:00","dateModified":"2025-11-27T16:31:43+00:00","description":"Eine d\u00fcstere Familienlegende lockt Professor van Dusen und seinen Freund Hutchinson Hatch nach Malahide, einem kleinen Ort nord\u00f6stlich von Dublin. Dort wurde angeblich ein gef\u00e4hrlicher Kobold gesehen - der Leprechaun. Die Denkmaschine ahnt sogleich, dass hier einiges im Argen liegt. Zudem gewinnt ein altes Verbrechen pl\u00f6tzlich wieder an Bedeutung und zieht einen weiteren Mord nach sich. In der Schw\u00fcle einer Sommernacht muss sich van Dusen ganz auf seine Kombinationsgabe verlassen, um den gerissenen M\u00f6rder dingfest zu machen. Professor van Dusen: Bernd Vollbrecht Hutchinson Hatch: Nicolai Tegeler John Ryan: Marko Br\u00e4utigam Mary Ryan: Marion Elskis Noah Ryan: Michael Pink Emily Walsh: Franziska Endres Alex Walsh: Harald Effenberg Pater Michael Brennan: Bodo Wolf Dr. Jayden Lynch: J\u00fcrgen Thormann Jackson O\u2019Connor: J\u00f6rg Hengstler Regie: Gerd Naumann Buch: Marc Freund Komponist: Christian Bluthardt Sounddesign, Mischung &amp; Master: Tom Steinbrecher Spieldauer: ca. 72 Minuten","breadcrumb":{"@id":"https:\/\/www.allscore.de\/shop\/produkt\/professor-van-dusen-und-die-regenbogenmorde-24\/#breadcrumb"},"inLanguage":"de","potentialAction":[{"@type":"ReadAction","target":["https:\/\/www.allscore.de\/shop\/produkt\/professor-van-dusen-und-die-regenbogenmorde-24\/"]}]},{"@type":"ImageObject","inLanguage":"de","@id":"https:\/\/www.allscore.de\/shop\/produkt\/professor-van-dusen-und-die-regenbogenmorde-24\/#primaryimage","url":"https:\/\/www.allscore.de\/shop\/wp-content\/uploads\/2020\/11\/PvD24_1200x1200.jpg","contentUrl":"https:\/\/www.allscore.de\/shop\/wp-content\/uploads\/2020\/11\/PvD24_1200x1200.jpg","width":1200,"height":1200,"caption":"Professor van Dusen und die Regenbogenmorde"},{"@type":"BreadcrumbList","@id":"https:\/\/www.allscore.de\/shop\/produkt\/professor-van-dusen-und-die-regenbogenmorde-24\/#breadcrumb","itemListElement":[{"@type":"ListItem","position":1,"name":"Startseite","item":"https:\/\/www.allscore.de\/shop\/"},{"@type":"ListItem","position":2,"name":"Produkte","item":"https:\/\/www.allscore.de\/shop\/shop\/"},{"@type":"ListItem","position":3,"name":"Professor van Dusen und die Regenbogenmorde (24)"}]},{"@type":"WebSite","@id":"https:\/\/www.allscore.de\/shop\/#website","url":"https:\/\/www.allscore.de\/shop\/","name":"Allscore Shop","description":"All Score Media","publisher":{"@id":"https:\/\/www.allscore.de\/shop\/#organization"},"potentialAction":[{"@type":"SearchAction","target":{"@type":"EntryPoint","urlTemplate":"https:\/\/www.allscore.de\/shop\/?s={search_term_string}"},"query-input":{"@type":"PropertyValueSpecification","valueRequired":true,"valueName":"search_term_string"}}],"inLanguage":"de"},{"@type":"Organization","@id":"https:\/\/www.allscore.de\/shop\/#organization","name":"All Score Media","alternateName":"Allscore","url":"https:\/\/www.allscore.de\/shop\/","logo":{"@type":"ImageObject","inLanguage":"de","@id":"https:\/\/www.allscore.de\/shop\/#\/schema\/logo\/image\/","url":"https:\/\/www.allscore.de\/shop\/wp-content\/uploads\/2026\/01\/Logo_Yoast_Shop_2026.png","contentUrl":"https:\/\/www.allscore.de\/shop\/wp-content\/uploads\/2026\/01\/Logo_Yoast_Shop_2026.png","width":696,"height":696,"caption":"All Score Media"},"image":{"@id":"https:\/\/www.allscore.de\/shop\/#\/schema\/logo\/image\/"}}]}},"_links":{"self":[{"href":"https:\/\/www.allscore.de\/shop\/wp-json\/wp\/v2\/product\/8957","targetHints":{"allow":["GET"]}}],"collection":[{"href":"https:\/\/www.allscore.de\/shop\/wp-json\/wp\/v2\/product"}],"about":[{"href":"https:\/\/www.allscore.de\/shop\/wp-json\/wp\/v2\/types\/product"}],"wp:featuredmedia":[{"embeddable":true,"href":"https:\/\/www.allscore.de\/shop\/wp-json\/wp\/v2\/media\/8960"}],"wp:attachment":[{"href":"https:\/\/www.allscore.de\/shop\/wp-json\/wp\/v2\/media?parent=8957"}],"wp:term":[{"taxonomy":"product_brand","embeddable":true,"href":"https:\/\/www.allscore.de\/shop\/wp-json\/wp\/v2\/product_brand?post=8957"},{"taxonomy":"product_cat","embeddable":true,"href":"https:\/\/www.allscore.de\/shop\/wp-json\/wp\/v2\/product_cat?post=8957"},{"taxonomy":"product_tag","embeddable":true,"href":"https:\/\/www.allscore.de\/shop\/wp-json\/wp\/v2\/product_tag?post=8957"}],"curies":[{"name":"wp","href":"https:\/\/api.w.org\/{rel}","templated":true}]}}