{"id":8918,"date":"2020-10-23T17:24:09","date_gmt":"2020-10-23T15:24:09","guid":{"rendered":"https:\/\/www.allscore.de\/shop\/?post_type=product&#038;p=8918"},"modified":"2025-10-24T19:13:23","modified_gmt":"2025-10-24T17:13:23","slug":"sospetto-quattro-specchi-opachi-doppel-lp-cd-set","status":"publish","type":"product","link":"https:\/\/www.allscore.de\/shop\/produkt\/sospetto-quattro-specchi-opachi-doppel-lp-cd-set\/","title":{"rendered":"Sospetto &#8211; Quattro Specchi Opachi (Doppel-LP\/CD Set)"},"content":{"rendered":"","protected":false},"excerpt":{"rendered":"<p>Urspr\u00fcnglich konzeptioniert als vier eigenst\u00e4ndige EPs erscheint das neue Werk von Sospetto als \u00fcppiges Doppel-LP-Set. Jede einzelne Plattenseite erz\u00e4hlt eine eigene musikalische Geschichte und dient als Soundtrack zu imagin\u00e4ren Filmen.<br \/>\nVom Orient-Giallo \u00fcber ein franz\u00f6sisches Erotik-Psycho-Drama, einer deutschen Horror-SF-Story, bis hin zum amerikanischen Cop-Thriller wurden vier filmische und musikalische Stilrichtungen skizziert, die in den 70ern verankern sind, ohne auf den ureigenen Sospetto-Sound zu verzichten, der das Werk \u00fcber die blo\u00dfe Hommage hebt.<br \/>\nDen Abschluss und H\u00f6hepunkt des Albums bietet die eigenwillige Coverversion von Bruno Nicolais bekanntem Klassiker SABBA, welcher in Kennerkreisen schon Soundtrack-Geschichte schrieb.<br \/>\nDie musikalische Reise in die Vergangenheit, die mit den ersten beiden Sospetto-Alben &#8222;Segni misteriosi, con il sangue dipinto sul muro&#8220; und &#8222;Non bussare alla porta del diavolo&#8220; begonnen hatte, wird mit &#8222;Quattro specchi opachi&#8220; fortgesetzt, erneut eingebettet in einem aussergew\u00f6hnlichen Cover-Artwork des K\u00fcnstlers Marc Ewert.<\/p>\n<ul>\n<li>3rd album by this outstanding cinematic act<\/li>\n<li>Doppel-LP-Album featuring diverse cinematic styled music for 4 different film genres<\/li>\n<li>Featuring a great coverversion of Bruno Nicoali\u00b4s \u201cSabba\u201d<\/li>\n<li>For all fans of cinematic music &amp; soundtracks, especially those devoted to the great Italian Composers<\/li>\n<\/ul>\n<p>Doppel-LP\/CD Set (2 x 180g Vinyl, Gatefold, polylined Innersleeves, CD in Papersleeve, limited to 250 copies)<\/p>\n","protected":false},"featured_media":8796,"template":"","meta":[],"product_brand":[],"product_cat":[49,619,150,229,225,349,105],"product_tag":[334,375],"class_list":{"0":"post-8918","1":"product","2":"type-product","3":"status-publish","4":"has-post-thumbnail","6":"product_cat-bands","7":"product_cat-cinematic-music","8":"product_cat-erotik","9":"product_cat-horror","10":"product_cat-krimi","11":"product_cat-sospetto","12":"product_cat-soundtracks","13":"product_tag-film-inspired-music","14":"product_tag-giallo","15":"product_shipping_class-tontraeger-schallplatte","16":"entry","17":"clearfix","18":"entry-grid","19":"entry-columns-3","20":"entry-product-module-layout-sidebar-right","21":"thumbnail-color-tone-dark","22":"entry-product","24":"entry-product-grid","26":"first","27":"instock","28":"taxable","29":"shipping-taxable","30":"purchasable","31":"product-type-simple"},"yoast_head":"<!-- This site is optimized with the Yoast SEO plugin v27.4 - https:\/\/yoast.com\/product\/yoast-seo-wordpress\/ -->\n<title>Sospetto - Quattro Specchi Opachi (Doppel-LP\/CD Set)<\/title>\n<meta name=\"description\" content=\"Urspr\u00fcnglich konzeptioniert als vier eigenst\u00e4ndige EPs erscheint das neue Werk von Sospetto als \u00fcppiges Doppel-LP-Set. Jede einzelne Plattenseite erz\u00e4hlt eine eigene musikalische Geschichte und dient als Soundtrack zu imagin\u00e4ren Filmen. Vom Orient-Giallo \u00fcber ein franz\u00f6sisches Erotik-Psycho-Drama, einer deutschen Horror-SF-Story, bis hin zum amerikanischen Cop-Thriller wurden vier filmische und musikalische Stilrichtungen skizziert, die in den 70ern verankern sind, ohne auf den ureigenen Sospetto-Sound zu verzichten, der das Werk \u00fcber die blo\u00dfe Hommage hebt. Den Abschluss und H\u00f6hepunkt des Albums bietet die eigenwillige Coverversion von Bruno Nicolais bekanntem Klassiker SABBA, welcher in Kennerkreisen schon Soundtrack-Geschichte schrieb. Die musikalische Reise in die Vergangenheit, die mit den ersten beiden Sospetto-Alben &quot;Segni misteriosi, con il sangue dipinto sul muro&quot; und &quot;Non bussare alla porta del diavolo&quot; begonnen hatte, wird mit &quot;Quattro specchi opachi&quot; fortgesetzt, erneut eingebettet in einem aussergew\u00f6hnlichen Cover-Artwork des K\u00fcnstlers Marc Ewert.   3rd album by this outstanding cinematic act  Doppel-LP-Album featuring diverse cinematic styled music for 4 different film genres  Featuring a great coverversion of Bruno Nicoali\u00b4s \u201cSabba\u201d  For all fans of cinematic music &amp; soundtracks, especially those devoted to the great Italian Composers  Doppel-LP\/CD Set (2 x 180g Vinyl, Gatefold, polylined Innersleeves, CD in Papersleeve, limited to 250 copies)\" \/>\n<meta name=\"robots\" content=\"index, follow, max-snippet:-1, max-image-preview:large, max-video-preview:-1\" \/>\n<link rel=\"canonical\" href=\"https:\/\/www.allscore.de\/shop\/produkt\/sospetto-quattro-specchi-opachi-doppel-lp-cd-set\/\" \/>\n<meta property=\"og:locale\" content=\"de_DE\" \/>\n<meta property=\"og:type\" content=\"article\" \/>\n<meta property=\"og:title\" content=\"Sospetto - Quattro Specchi Opachi (Doppel-LP\/CD Set)\" \/>\n<meta property=\"og:description\" content=\"Urspr\u00fcnglich konzeptioniert als vier eigenst\u00e4ndige EPs erscheint das neue Werk von Sospetto als \u00fcppiges Doppel-LP-Set. Jede einzelne Plattenseite erz\u00e4hlt eine eigene musikalische Geschichte und dient als Soundtrack zu imagin\u00e4ren Filmen. Vom Orient-Giallo \u00fcber ein franz\u00f6sisches Erotik-Psycho-Drama, einer deutschen Horror-SF-Story, bis hin zum amerikanischen Cop-Thriller wurden vier filmische und musikalische Stilrichtungen skizziert, die in den 70ern verankern sind, ohne auf den ureigenen Sospetto-Sound zu verzichten, der das Werk \u00fcber die blo\u00dfe Hommage hebt. Den Abschluss und H\u00f6hepunkt des Albums bietet die eigenwillige Coverversion von Bruno Nicolais bekanntem Klassiker SABBA, welcher in Kennerkreisen schon Soundtrack-Geschichte schrieb. Die musikalische Reise in die Vergangenheit, die mit den ersten beiden Sospetto-Alben &quot;Segni misteriosi, con il sangue dipinto sul muro&quot; und &quot;Non bussare alla porta del diavolo&quot; begonnen hatte, wird mit &quot;Quattro specchi opachi&quot; fortgesetzt, erneut eingebettet in einem aussergew\u00f6hnlichen Cover-Artwork des K\u00fcnstlers Marc Ewert.   3rd album by this outstanding cinematic act  Doppel-LP-Album featuring diverse cinematic styled music for 4 different film genres  Featuring a great coverversion of Bruno Nicoali\u00b4s \u201cSabba\u201d  For all fans of cinematic music &amp; soundtracks, especially those devoted to the great Italian Composers  Doppel-LP\/CD Set (2 x 180g Vinyl, Gatefold, polylined Innersleeves, CD in Papersleeve, limited to 250 copies)\" \/>\n<meta property=\"og:url\" content=\"https:\/\/www.allscore.de\/shop\/produkt\/sospetto-quattro-specchi-opachi-doppel-lp-cd-set\/\" \/>\n<meta property=\"og:site_name\" content=\"Allscore Shop\" \/>\n<meta property=\"article:modified_time\" content=\"2025-10-24T17:13:23+00:00\" \/>\n<meta property=\"og:image\" content=\"https:\/\/www.allscore.de\/shop\/wp-content\/uploads\/2020\/10\/Cine-13-Sospetto-Quattro.jpg\" \/>\n\t<meta property=\"og:image:width\" content=\"1000\" \/>\n\t<meta property=\"og:image:height\" content=\"1000\" \/>\n\t<meta property=\"og:image:type\" content=\"image\/jpeg\" \/>\n<meta name=\"twitter:card\" content=\"summary_large_image\" \/>\n<script type=\"application\/ld+json\" class=\"yoast-schema-graph\">{\"@context\":\"https:\\\/\\\/schema.org\",\"@graph\":[{\"@type\":\"WebPage\",\"@id\":\"https:\\\/\\\/www.allscore.de\\\/shop\\\/produkt\\\/sospetto-quattro-specchi-opachi-doppel-lp-cd-set\\\/\",\"url\":\"https:\\\/\\\/www.allscore.de\\\/shop\\\/produkt\\\/sospetto-quattro-specchi-opachi-doppel-lp-cd-set\\\/\",\"name\":\"Sospetto - Quattro Specchi Opachi (Doppel-LP\\\/CD Set)\",\"isPartOf\":{\"@id\":\"https:\\\/\\\/www.allscore.de\\\/shop\\\/#website\"},\"primaryImageOfPage\":{\"@id\":\"https:\\\/\\\/www.allscore.de\\\/shop\\\/produkt\\\/sospetto-quattro-specchi-opachi-doppel-lp-cd-set\\\/#primaryimage\"},\"image\":{\"@id\":\"https:\\\/\\\/www.allscore.de\\\/shop\\\/produkt\\\/sospetto-quattro-specchi-opachi-doppel-lp-cd-set\\\/#primaryimage\"},\"thumbnailUrl\":\"https:\\\/\\\/www.allscore.de\\\/shop\\\/wp-content\\\/uploads\\\/2020\\\/10\\\/Cine-13-Sospetto-Quattro.jpg\",\"datePublished\":\"2020-10-23T15:24:09+00:00\",\"dateModified\":\"2025-10-24T17:13:23+00:00\",\"description\":\"Urspr\u00fcnglich konzeptioniert als vier eigenst\u00e4ndige EPs erscheint das neue Werk von Sospetto als \u00fcppiges Doppel-LP-Set. Jede einzelne Plattenseite erz\u00e4hlt eine eigene musikalische Geschichte und dient als Soundtrack zu imagin\u00e4ren Filmen. Vom Orient-Giallo \u00fcber ein franz\u00f6sisches Erotik-Psycho-Drama, einer deutschen Horror-SF-Story, bis hin zum amerikanischen Cop-Thriller wurden vier filmische und musikalische Stilrichtungen skizziert, die in den 70ern verankern sind, ohne auf den ureigenen Sospetto-Sound zu verzichten, der das Werk \u00fcber die blo\u00dfe Hommage hebt. Den Abschluss und H\u00f6hepunkt des Albums bietet die eigenwillige Coverversion von Bruno Nicolais bekanntem Klassiker SABBA, welcher in Kennerkreisen schon Soundtrack-Geschichte schrieb. Die musikalische Reise in die Vergangenheit, die mit den ersten beiden Sospetto-Alben \\\"Segni misteriosi, con il sangue dipinto sul muro\\\" und \\\"Non bussare alla porta del diavolo\\\" begonnen hatte, wird mit \\\"Quattro specchi opachi\\\" fortgesetzt, erneut eingebettet in einem aussergew\u00f6hnlichen Cover-Artwork des K\u00fcnstlers Marc Ewert. 3rd album by this outstanding cinematic act Doppel-LP-Album featuring diverse cinematic styled music for 4 different film genres Featuring a great coverversion of Bruno Nicoali\u00b4s \u201cSabba\u201d For all fans of cinematic music &amp; soundtracks, especially those devoted to the great Italian Composers Doppel-LP\\\/CD Set (2 x 180g Vinyl, Gatefold, polylined Innersleeves, CD in Papersleeve, limited to 250 copies)\",\"breadcrumb\":{\"@id\":\"https:\\\/\\\/www.allscore.de\\\/shop\\\/produkt\\\/sospetto-quattro-specchi-opachi-doppel-lp-cd-set\\\/#breadcrumb\"},\"inLanguage\":\"de\",\"potentialAction\":[{\"@type\":\"ReadAction\",\"target\":[\"https:\\\/\\\/www.allscore.de\\\/shop\\\/produkt\\\/sospetto-quattro-specchi-opachi-doppel-lp-cd-set\\\/\"]}]},{\"@type\":\"ImageObject\",\"inLanguage\":\"de\",\"@id\":\"https:\\\/\\\/www.allscore.de\\\/shop\\\/produkt\\\/sospetto-quattro-specchi-opachi-doppel-lp-cd-set\\\/#primaryimage\",\"url\":\"https:\\\/\\\/www.allscore.de\\\/shop\\\/wp-content\\\/uploads\\\/2020\\\/10\\\/Cine-13-Sospetto-Quattro.jpg\",\"contentUrl\":\"https:\\\/\\\/www.allscore.de\\\/shop\\\/wp-content\\\/uploads\\\/2020\\\/10\\\/Cine-13-Sospetto-Quattro.jpg\",\"width\":1000,\"height\":1000,\"caption\":\"Sospetto-Quattro\"},{\"@type\":\"BreadcrumbList\",\"@id\":\"https:\\\/\\\/www.allscore.de\\\/shop\\\/produkt\\\/sospetto-quattro-specchi-opachi-doppel-lp-cd-set\\\/#breadcrumb\",\"itemListElement\":[{\"@type\":\"ListItem\",\"position\":1,\"name\":\"Startseite\",\"item\":\"https:\\\/\\\/www.allscore.de\\\/shop\\\/\"},{\"@type\":\"ListItem\",\"position\":2,\"name\":\"Produkte\",\"item\":\"https:\\\/\\\/www.allscore.de\\\/shop\\\/shop\\\/\"},{\"@type\":\"ListItem\",\"position\":3,\"name\":\"Sospetto &#8211; Quattro Specchi Opachi (Doppel-LP\\\/CD Set)\"}]},{\"@type\":\"WebSite\",\"@id\":\"https:\\\/\\\/www.allscore.de\\\/shop\\\/#website\",\"url\":\"https:\\\/\\\/www.allscore.de\\\/shop\\\/\",\"name\":\"Allscore Shop\",\"description\":\"All Score Media\",\"publisher\":{\"@id\":\"https:\\\/\\\/www.allscore.de\\\/shop\\\/#organization\"},\"potentialAction\":[{\"@type\":\"SearchAction\",\"target\":{\"@type\":\"EntryPoint\",\"urlTemplate\":\"https:\\\/\\\/www.allscore.de\\\/shop\\\/?s={search_term_string}\"},\"query-input\":{\"@type\":\"PropertyValueSpecification\",\"valueRequired\":true,\"valueName\":\"search_term_string\"}}],\"inLanguage\":\"de\"},{\"@type\":\"Organization\",\"@id\":\"https:\\\/\\\/www.allscore.de\\\/shop\\\/#organization\",\"name\":\"All Score Media\",\"alternateName\":\"Allscore\",\"url\":\"https:\\\/\\\/www.allscore.de\\\/shop\\\/\",\"logo\":{\"@type\":\"ImageObject\",\"inLanguage\":\"de\",\"@id\":\"https:\\\/\\\/www.allscore.de\\\/shop\\\/#\\\/schema\\\/logo\\\/image\\\/\",\"url\":\"https:\\\/\\\/www.allscore.de\\\/shop\\\/wp-content\\\/uploads\\\/2026\\\/01\\\/Logo_Yoast_Shop_2026.png\",\"contentUrl\":\"https:\\\/\\\/www.allscore.de\\\/shop\\\/wp-content\\\/uploads\\\/2026\\\/01\\\/Logo_Yoast_Shop_2026.png\",\"width\":696,\"height\":696,\"caption\":\"All Score Media\"},\"image\":{\"@id\":\"https:\\\/\\\/www.allscore.de\\\/shop\\\/#\\\/schema\\\/logo\\\/image\\\/\"}}]}<\/script>\n<!-- \/ Yoast SEO plugin. -->","yoast_head_json":{"title":"Sospetto - Quattro Specchi Opachi (Doppel-LP\/CD Set)","description":"Urspr\u00fcnglich konzeptioniert als vier eigenst\u00e4ndige EPs erscheint das neue Werk von Sospetto als \u00fcppiges Doppel-LP-Set. Jede einzelne Plattenseite erz\u00e4hlt eine eigene musikalische Geschichte und dient als Soundtrack zu imagin\u00e4ren Filmen. Vom Orient-Giallo \u00fcber ein franz\u00f6sisches Erotik-Psycho-Drama, einer deutschen Horror-SF-Story, bis hin zum amerikanischen Cop-Thriller wurden vier filmische und musikalische Stilrichtungen skizziert, die in den 70ern verankern sind, ohne auf den ureigenen Sospetto-Sound zu verzichten, der das Werk \u00fcber die blo\u00dfe Hommage hebt. Den Abschluss und H\u00f6hepunkt des Albums bietet die eigenwillige Coverversion von Bruno Nicolais bekanntem Klassiker SABBA, welcher in Kennerkreisen schon Soundtrack-Geschichte schrieb. Die musikalische Reise in die Vergangenheit, die mit den ersten beiden Sospetto-Alben \"Segni misteriosi, con il sangue dipinto sul muro\" und \"Non bussare alla porta del diavolo\" begonnen hatte, wird mit \"Quattro specchi opachi\" fortgesetzt, erneut eingebettet in einem aussergew\u00f6hnlichen Cover-Artwork des K\u00fcnstlers Marc Ewert.   3rd album by this outstanding cinematic act  Doppel-LP-Album featuring diverse cinematic styled music for 4 different film genres  Featuring a great coverversion of Bruno Nicoali\u00b4s \u201cSabba\u201d  For all fans of cinematic music &amp; soundtracks, especially those devoted to the great Italian Composers  Doppel-LP\/CD Set (2 x 180g Vinyl, Gatefold, polylined Innersleeves, CD in Papersleeve, limited to 250 copies)","robots":{"index":"index","follow":"follow","max-snippet":"max-snippet:-1","max-image-preview":"max-image-preview:large","max-video-preview":"max-video-preview:-1"},"canonical":"https:\/\/www.allscore.de\/shop\/produkt\/sospetto-quattro-specchi-opachi-doppel-lp-cd-set\/","og_locale":"de_DE","og_type":"article","og_title":"Sospetto - Quattro Specchi Opachi (Doppel-LP\/CD Set)","og_description":"Urspr\u00fcnglich konzeptioniert als vier eigenst\u00e4ndige EPs erscheint das neue Werk von Sospetto als \u00fcppiges Doppel-LP-Set. Jede einzelne Plattenseite erz\u00e4hlt eine eigene musikalische Geschichte und dient als Soundtrack zu imagin\u00e4ren Filmen. Vom Orient-Giallo \u00fcber ein franz\u00f6sisches Erotik-Psycho-Drama, einer deutschen Horror-SF-Story, bis hin zum amerikanischen Cop-Thriller wurden vier filmische und musikalische Stilrichtungen skizziert, die in den 70ern verankern sind, ohne auf den ureigenen Sospetto-Sound zu verzichten, der das Werk \u00fcber die blo\u00dfe Hommage hebt. Den Abschluss und H\u00f6hepunkt des Albums bietet die eigenwillige Coverversion von Bruno Nicolais bekanntem Klassiker SABBA, welcher in Kennerkreisen schon Soundtrack-Geschichte schrieb. Die musikalische Reise in die Vergangenheit, die mit den ersten beiden Sospetto-Alben \"Segni misteriosi, con il sangue dipinto sul muro\" und \"Non bussare alla porta del diavolo\" begonnen hatte, wird mit \"Quattro specchi opachi\" fortgesetzt, erneut eingebettet in einem aussergew\u00f6hnlichen Cover-Artwork des K\u00fcnstlers Marc Ewert.   3rd album by this outstanding cinematic act  Doppel-LP-Album featuring diverse cinematic styled music for 4 different film genres  Featuring a great coverversion of Bruno Nicoali\u00b4s \u201cSabba\u201d  For all fans of cinematic music &amp; soundtracks, especially those devoted to the great Italian Composers  Doppel-LP\/CD Set (2 x 180g Vinyl, Gatefold, polylined Innersleeves, CD in Papersleeve, limited to 250 copies)","og_url":"https:\/\/www.allscore.de\/shop\/produkt\/sospetto-quattro-specchi-opachi-doppel-lp-cd-set\/","og_site_name":"Allscore Shop","article_modified_time":"2025-10-24T17:13:23+00:00","og_image":[{"width":1000,"height":1000,"url":"https:\/\/www.allscore.de\/shop\/wp-content\/uploads\/2020\/10\/Cine-13-Sospetto-Quattro.jpg","type":"image\/jpeg"}],"twitter_card":"summary_large_image","schema":{"@context":"https:\/\/schema.org","@graph":[{"@type":"WebPage","@id":"https:\/\/www.allscore.de\/shop\/produkt\/sospetto-quattro-specchi-opachi-doppel-lp-cd-set\/","url":"https:\/\/www.allscore.de\/shop\/produkt\/sospetto-quattro-specchi-opachi-doppel-lp-cd-set\/","name":"Sospetto - Quattro Specchi Opachi (Doppel-LP\/CD Set)","isPartOf":{"@id":"https:\/\/www.allscore.de\/shop\/#website"},"primaryImageOfPage":{"@id":"https:\/\/www.allscore.de\/shop\/produkt\/sospetto-quattro-specchi-opachi-doppel-lp-cd-set\/#primaryimage"},"image":{"@id":"https:\/\/www.allscore.de\/shop\/produkt\/sospetto-quattro-specchi-opachi-doppel-lp-cd-set\/#primaryimage"},"thumbnailUrl":"https:\/\/www.allscore.de\/shop\/wp-content\/uploads\/2020\/10\/Cine-13-Sospetto-Quattro.jpg","datePublished":"2020-10-23T15:24:09+00:00","dateModified":"2025-10-24T17:13:23+00:00","description":"Urspr\u00fcnglich konzeptioniert als vier eigenst\u00e4ndige EPs erscheint das neue Werk von Sospetto als \u00fcppiges Doppel-LP-Set. Jede einzelne Plattenseite erz\u00e4hlt eine eigene musikalische Geschichte und dient als Soundtrack zu imagin\u00e4ren Filmen. Vom Orient-Giallo \u00fcber ein franz\u00f6sisches Erotik-Psycho-Drama, einer deutschen Horror-SF-Story, bis hin zum amerikanischen Cop-Thriller wurden vier filmische und musikalische Stilrichtungen skizziert, die in den 70ern verankern sind, ohne auf den ureigenen Sospetto-Sound zu verzichten, der das Werk \u00fcber die blo\u00dfe Hommage hebt. Den Abschluss und H\u00f6hepunkt des Albums bietet die eigenwillige Coverversion von Bruno Nicolais bekanntem Klassiker SABBA, welcher in Kennerkreisen schon Soundtrack-Geschichte schrieb. Die musikalische Reise in die Vergangenheit, die mit den ersten beiden Sospetto-Alben \"Segni misteriosi, con il sangue dipinto sul muro\" und \"Non bussare alla porta del diavolo\" begonnen hatte, wird mit \"Quattro specchi opachi\" fortgesetzt, erneut eingebettet in einem aussergew\u00f6hnlichen Cover-Artwork des K\u00fcnstlers Marc Ewert. 3rd album by this outstanding cinematic act Doppel-LP-Album featuring diverse cinematic styled music for 4 different film genres Featuring a great coverversion of Bruno Nicoali\u00b4s \u201cSabba\u201d For all fans of cinematic music &amp; soundtracks, especially those devoted to the great Italian Composers Doppel-LP\/CD Set (2 x 180g Vinyl, Gatefold, polylined Innersleeves, CD in Papersleeve, limited to 250 copies)","breadcrumb":{"@id":"https:\/\/www.allscore.de\/shop\/produkt\/sospetto-quattro-specchi-opachi-doppel-lp-cd-set\/#breadcrumb"},"inLanguage":"de","potentialAction":[{"@type":"ReadAction","target":["https:\/\/www.allscore.de\/shop\/produkt\/sospetto-quattro-specchi-opachi-doppel-lp-cd-set\/"]}]},{"@type":"ImageObject","inLanguage":"de","@id":"https:\/\/www.allscore.de\/shop\/produkt\/sospetto-quattro-specchi-opachi-doppel-lp-cd-set\/#primaryimage","url":"https:\/\/www.allscore.de\/shop\/wp-content\/uploads\/2020\/10\/Cine-13-Sospetto-Quattro.jpg","contentUrl":"https:\/\/www.allscore.de\/shop\/wp-content\/uploads\/2020\/10\/Cine-13-Sospetto-Quattro.jpg","width":1000,"height":1000,"caption":"Sospetto-Quattro"},{"@type":"BreadcrumbList","@id":"https:\/\/www.allscore.de\/shop\/produkt\/sospetto-quattro-specchi-opachi-doppel-lp-cd-set\/#breadcrumb","itemListElement":[{"@type":"ListItem","position":1,"name":"Startseite","item":"https:\/\/www.allscore.de\/shop\/"},{"@type":"ListItem","position":2,"name":"Produkte","item":"https:\/\/www.allscore.de\/shop\/shop\/"},{"@type":"ListItem","position":3,"name":"Sospetto &#8211; Quattro Specchi Opachi (Doppel-LP\/CD Set)"}]},{"@type":"WebSite","@id":"https:\/\/www.allscore.de\/shop\/#website","url":"https:\/\/www.allscore.de\/shop\/","name":"Allscore Shop","description":"All Score Media","publisher":{"@id":"https:\/\/www.allscore.de\/shop\/#organization"},"potentialAction":[{"@type":"SearchAction","target":{"@type":"EntryPoint","urlTemplate":"https:\/\/www.allscore.de\/shop\/?s={search_term_string}"},"query-input":{"@type":"PropertyValueSpecification","valueRequired":true,"valueName":"search_term_string"}}],"inLanguage":"de"},{"@type":"Organization","@id":"https:\/\/www.allscore.de\/shop\/#organization","name":"All Score Media","alternateName":"Allscore","url":"https:\/\/www.allscore.de\/shop\/","logo":{"@type":"ImageObject","inLanguage":"de","@id":"https:\/\/www.allscore.de\/shop\/#\/schema\/logo\/image\/","url":"https:\/\/www.allscore.de\/shop\/wp-content\/uploads\/2026\/01\/Logo_Yoast_Shop_2026.png","contentUrl":"https:\/\/www.allscore.de\/shop\/wp-content\/uploads\/2026\/01\/Logo_Yoast_Shop_2026.png","width":696,"height":696,"caption":"All Score Media"},"image":{"@id":"https:\/\/www.allscore.de\/shop\/#\/schema\/logo\/image\/"}}]}},"_links":{"self":[{"href":"https:\/\/www.allscore.de\/shop\/wp-json\/wp\/v2\/product\/8918","targetHints":{"allow":["GET"]}}],"collection":[{"href":"https:\/\/www.allscore.de\/shop\/wp-json\/wp\/v2\/product"}],"about":[{"href":"https:\/\/www.allscore.de\/shop\/wp-json\/wp\/v2\/types\/product"}],"wp:featuredmedia":[{"embeddable":true,"href":"https:\/\/www.allscore.de\/shop\/wp-json\/wp\/v2\/media\/8796"}],"wp:attachment":[{"href":"https:\/\/www.allscore.de\/shop\/wp-json\/wp\/v2\/media?parent=8918"}],"wp:term":[{"taxonomy":"product_brand","embeddable":true,"href":"https:\/\/www.allscore.de\/shop\/wp-json\/wp\/v2\/product_brand?post=8918"},{"taxonomy":"product_cat","embeddable":true,"href":"https:\/\/www.allscore.de\/shop\/wp-json\/wp\/v2\/product_cat?post=8918"},{"taxonomy":"product_tag","embeddable":true,"href":"https:\/\/www.allscore.de\/shop\/wp-json\/wp\/v2\/product_tag?post=8918"}],"curies":[{"name":"wp","href":"https:\/\/api.w.org\/{rel}","templated":true}]}}