{"id":8858,"date":"2020-10-21T14:45:46","date_gmt":"2020-10-21T12:45:46","guid":{"rendered":"https:\/\/www.allscore.de\/shop\/?post_type=product&#038;p=8858"},"modified":"2025-10-24T19:13:25","modified_gmt":"2025-10-24T17:13:25","slug":"sospetto-segni-misteriosi-con-il-sangue-dipinto-sul-muro-cd","status":"publish","type":"product","link":"https:\/\/www.allscore.de\/shop\/produkt\/sospetto-segni-misteriosi-con-il-sangue-dipinto-sul-muro-cd\/","title":{"rendered":"Sospetto &#8211; Segni Misteriosi, con il sangue dipinto sul muro (CD)"},"content":{"rendered":"<p><strong><em>Marcus Stiglegger \/ Deadline:<\/em><\/strong><\/p>\n<p><em>\u00a0<\/em><em>Und wer weitere Nahrung f\u00fcr das innere Kino sucht, sollte sich mit SOSPETTO besch\u00e4ftigen, einem deutschen Duo, das Musik im Stil der italienischen 1960er und 1970er kultiviert. Das kn\u00fcpft mit synthetischen Chor\u00e4len an Fabio Frizzi an, beschw\u00f6rt die Melodien von Bruno Nicolai und Morricone, und doch lebt SOSPETTO von einem zeitgem\u00e4\u00dfen Touch. Es f\u00e4llt nicht schwer, einen Giallo oder Poliziotto zu diesen Kl\u00e4ngen zu imaginieren, weniger konventionell als vielmehr essenziell vielleicht. SOSPETTO sind f\u00fcr die Musikszene, was AMER f\u00fcr den Film leistete. <\/em><\/p>\n","protected":false},"excerpt":{"rendered":"<p>This German Duo is creating music with such an italian sound it could be easily used for an Giallo, Poliziotti or Horror ala Italiano made nowadays. You can hear some Frizzi influence especially with the choirs and some Nicolai in the harmonies but then again it all sounds so unique and fresh! If I wouldn\u00b4t know better I would bet my ass this must be Italians!<\/p>\n<p>SOSPETTO shares pleasent musical memories with you, most of the time creepy and mysterious, then with a scent of happiness and a glimpse of reconciliation, but always untouchable, like the scale of different murders: cruel, but emotional at the same time.<\/p>\n<p>15 tracks of audible \u00a0black gloves, bloody razors and fateful affairs, like a soundtrack of a never-filmed giallo.<\/p>\n<ul>\n<li>Mysterious project hailing from Germany<\/li>\n<li>honouring the silver age of Italian Filmmusic from the 60\u2018s and 70\u2018s<\/li>\n<li>all original compostions covering various directions<\/li>\n<li>orchestral sounds, funky beats &amp; grooves, experimental jazz, easy listening, bossa nova<\/li>\n<li>For Fans of Fabio Frizzi, Goblin, Bruno Nicolai or Stelvio Cipriani<\/li>\n<\/ul>\n","protected":false},"featured_media":8794,"template":"","meta":[],"product_brand":[],"product_cat":[49,619,225,349,105],"product_tag":[334,108],"class_list":{"0":"post-8858","1":"product","2":"type-product","3":"status-publish","4":"has-post-thumbnail","6":"product_cat-bands","7":"product_cat-cinematic-music","8":"product_cat-krimi","9":"product_cat-sospetto","10":"product_cat-soundtracks","11":"product_tag-film-inspired-music","12":"product_tag-soundtracks","13":"product_shipping_class-tontraeger-cd","14":"entry","15":"clearfix","16":"entry-grid","17":"entry-columns-3","18":"entry-product-module-layout-sidebar-right","19":"thumbnail-color-tone-dark","20":"entry-product","22":"entry-product-grid","24":"first","25":"instock","26":"taxable","27":"shipping-taxable","28":"purchasable","29":"product-type-simple"},"yoast_head":"<!-- This site is optimized with the Yoast SEO plugin v27.4 - https:\/\/yoast.com\/product\/yoast-seo-wordpress\/ -->\n<title>Sospetto - Segni Misteriosi, con il sangue dipinto sul muro (CD)<\/title>\n<meta name=\"description\" content=\"This German Duo is creating music with such an italian sound it could be easily used for an Giallo, Poliziotti or Horror ala Italiano made nowadays. You can hear some Frizzi influence especially with the choirs and some Nicolai in the harmonies but then again it all sounds so unique and fresh! If I wouldn\u00b4t know better I would bet my ass this must be Italians!  SOSPETTO shares pleasent musical memories with you, most of the time creepy and mysterious, then with a scent of happiness and a glimpse of reconciliation, but always untouchable, like the scale of different murders: cruel, but emotional at the same time.  15 tracks of audible \u00a0black gloves, bloody razors and fateful affairs, like a soundtrack of a never-filmed giallo.   Mysterious project hailing from Germany  honouring the silver age of Italian Filmmusic from the 60\u2018s and 70\u2018s  all original compostions covering various directions  orchestral sounds, funky beats &amp; grooves, experimental jazz, easy listening, bossa nova  For Fans of Fabio Frizzi, Goblin, Bruno Nicolai or Stelvio Cipriani\" \/>\n<meta name=\"robots\" content=\"index, follow, max-snippet:-1, max-image-preview:large, max-video-preview:-1\" \/>\n<link rel=\"canonical\" href=\"https:\/\/www.allscore.de\/shop\/produkt\/sospetto-segni-misteriosi-con-il-sangue-dipinto-sul-muro-cd\/\" \/>\n<meta property=\"og:locale\" content=\"de_DE\" \/>\n<meta property=\"og:type\" content=\"article\" \/>\n<meta property=\"og:title\" content=\"Sospetto - Segni Misteriosi, con il sangue dipinto sul muro (CD)\" \/>\n<meta property=\"og:description\" content=\"This German Duo is creating music with such an italian sound it could be easily used for an Giallo, Poliziotti or Horror ala Italiano made nowadays. You can hear some Frizzi influence especially with the choirs and some Nicolai in the harmonies but then again it all sounds so unique and fresh! If I wouldn\u00b4t know better I would bet my ass this must be Italians!  SOSPETTO shares pleasent musical memories with you, most of the time creepy and mysterious, then with a scent of happiness and a glimpse of reconciliation, but always untouchable, like the scale of different murders: cruel, but emotional at the same time.  15 tracks of audible \u00a0black gloves, bloody razors and fateful affairs, like a soundtrack of a never-filmed giallo.   Mysterious project hailing from Germany  honouring the silver age of Italian Filmmusic from the 60\u2018s and 70\u2018s  all original compostions covering various directions  orchestral sounds, funky beats &amp; grooves, experimental jazz, easy listening, bossa nova  For Fans of Fabio Frizzi, Goblin, Bruno Nicolai or Stelvio Cipriani\" \/>\n<meta property=\"og:url\" content=\"https:\/\/www.allscore.de\/shop\/produkt\/sospetto-segni-misteriosi-con-il-sangue-dipinto-sul-muro-cd\/\" \/>\n<meta property=\"og:site_name\" content=\"Allscore Shop\" \/>\n<meta property=\"article:modified_time\" content=\"2025-10-24T17:13:25+00:00\" \/>\n<meta property=\"og:image\" content=\"https:\/\/www.allscore.de\/shop\/wp-content\/uploads\/2020\/10\/Cine-05-Sospetto-Segni.jpg\" \/>\n\t<meta property=\"og:image:width\" content=\"1000\" \/>\n\t<meta property=\"og:image:height\" content=\"1000\" \/>\n\t<meta property=\"og:image:type\" content=\"image\/jpeg\" \/>\n<meta name=\"twitter:card\" content=\"summary_large_image\" \/>\n<script type=\"application\/ld+json\" class=\"yoast-schema-graph\">{\"@context\":\"https:\\\/\\\/schema.org\",\"@graph\":[{\"@type\":\"WebPage\",\"@id\":\"https:\\\/\\\/www.allscore.de\\\/shop\\\/produkt\\\/sospetto-segni-misteriosi-con-il-sangue-dipinto-sul-muro-cd\\\/\",\"url\":\"https:\\\/\\\/www.allscore.de\\\/shop\\\/produkt\\\/sospetto-segni-misteriosi-con-il-sangue-dipinto-sul-muro-cd\\\/\",\"name\":\"Sospetto - Segni Misteriosi, con il sangue dipinto sul muro (CD)\",\"isPartOf\":{\"@id\":\"https:\\\/\\\/www.allscore.de\\\/shop\\\/#website\"},\"primaryImageOfPage\":{\"@id\":\"https:\\\/\\\/www.allscore.de\\\/shop\\\/produkt\\\/sospetto-segni-misteriosi-con-il-sangue-dipinto-sul-muro-cd\\\/#primaryimage\"},\"image\":{\"@id\":\"https:\\\/\\\/www.allscore.de\\\/shop\\\/produkt\\\/sospetto-segni-misteriosi-con-il-sangue-dipinto-sul-muro-cd\\\/#primaryimage\"},\"thumbnailUrl\":\"https:\\\/\\\/www.allscore.de\\\/shop\\\/wp-content\\\/uploads\\\/2020\\\/10\\\/Cine-05-Sospetto-Segni.jpg\",\"datePublished\":\"2020-10-21T12:45:46+00:00\",\"dateModified\":\"2025-10-24T17:13:25+00:00\",\"description\":\"This German Duo is creating music with such an italian sound it could be easily used for an Giallo, Poliziotti or Horror ala Italiano made nowadays. You can hear some Frizzi influence especially with the choirs and some Nicolai in the harmonies but then again it all sounds so unique and fresh! If I wouldn\u00b4t know better I would bet my ass this must be Italians! SOSPETTO shares pleasent musical memories with you, most of the time creepy and mysterious, then with a scent of happiness and a glimpse of reconciliation, but always untouchable, like the scale of different murders: cruel, but emotional at the same time. 15 tracks of audible \u00a0black gloves, bloody razors and fateful affairs, like a soundtrack of a never-filmed giallo. Mysterious project hailing from Germany honouring the silver age of Italian Filmmusic from the 60\u2018s and 70\u2018s all original compostions covering various directions orchestral sounds, funky beats &amp; grooves, experimental jazz, easy listening, bossa nova For Fans of Fabio Frizzi, Goblin, Bruno Nicolai or Stelvio Cipriani\",\"breadcrumb\":{\"@id\":\"https:\\\/\\\/www.allscore.de\\\/shop\\\/produkt\\\/sospetto-segni-misteriosi-con-il-sangue-dipinto-sul-muro-cd\\\/#breadcrumb\"},\"inLanguage\":\"de\",\"potentialAction\":[{\"@type\":\"ReadAction\",\"target\":[\"https:\\\/\\\/www.allscore.de\\\/shop\\\/produkt\\\/sospetto-segni-misteriosi-con-il-sangue-dipinto-sul-muro-cd\\\/\"]}]},{\"@type\":\"ImageObject\",\"inLanguage\":\"de\",\"@id\":\"https:\\\/\\\/www.allscore.de\\\/shop\\\/produkt\\\/sospetto-segni-misteriosi-con-il-sangue-dipinto-sul-muro-cd\\\/#primaryimage\",\"url\":\"https:\\\/\\\/www.allscore.de\\\/shop\\\/wp-content\\\/uploads\\\/2020\\\/10\\\/Cine-05-Sospetto-Segni.jpg\",\"contentUrl\":\"https:\\\/\\\/www.allscore.de\\\/shop\\\/wp-content\\\/uploads\\\/2020\\\/10\\\/Cine-05-Sospetto-Segni.jpg\",\"width\":1000,\"height\":1000,\"caption\":\"Sospetto\"},{\"@type\":\"BreadcrumbList\",\"@id\":\"https:\\\/\\\/www.allscore.de\\\/shop\\\/produkt\\\/sospetto-segni-misteriosi-con-il-sangue-dipinto-sul-muro-cd\\\/#breadcrumb\",\"itemListElement\":[{\"@type\":\"ListItem\",\"position\":1,\"name\":\"Startseite\",\"item\":\"https:\\\/\\\/www.allscore.de\\\/shop\\\/\"},{\"@type\":\"ListItem\",\"position\":2,\"name\":\"Produkte\",\"item\":\"https:\\\/\\\/www.allscore.de\\\/shop\\\/shop\\\/\"},{\"@type\":\"ListItem\",\"position\":3,\"name\":\"Sospetto &#8211; Segni Misteriosi, con il sangue dipinto sul muro (CD)\"}]},{\"@type\":\"WebSite\",\"@id\":\"https:\\\/\\\/www.allscore.de\\\/shop\\\/#website\",\"url\":\"https:\\\/\\\/www.allscore.de\\\/shop\\\/\",\"name\":\"Allscore Shop\",\"description\":\"All Score Media\",\"publisher\":{\"@id\":\"https:\\\/\\\/www.allscore.de\\\/shop\\\/#organization\"},\"potentialAction\":[{\"@type\":\"SearchAction\",\"target\":{\"@type\":\"EntryPoint\",\"urlTemplate\":\"https:\\\/\\\/www.allscore.de\\\/shop\\\/?s={search_term_string}\"},\"query-input\":{\"@type\":\"PropertyValueSpecification\",\"valueRequired\":true,\"valueName\":\"search_term_string\"}}],\"inLanguage\":\"de\"},{\"@type\":\"Organization\",\"@id\":\"https:\\\/\\\/www.allscore.de\\\/shop\\\/#organization\",\"name\":\"All Score Media\",\"alternateName\":\"Allscore\",\"url\":\"https:\\\/\\\/www.allscore.de\\\/shop\\\/\",\"logo\":{\"@type\":\"ImageObject\",\"inLanguage\":\"de\",\"@id\":\"https:\\\/\\\/www.allscore.de\\\/shop\\\/#\\\/schema\\\/logo\\\/image\\\/\",\"url\":\"https:\\\/\\\/www.allscore.de\\\/shop\\\/wp-content\\\/uploads\\\/2026\\\/01\\\/Logo_Yoast_Shop_2026.png\",\"contentUrl\":\"https:\\\/\\\/www.allscore.de\\\/shop\\\/wp-content\\\/uploads\\\/2026\\\/01\\\/Logo_Yoast_Shop_2026.png\",\"width\":696,\"height\":696,\"caption\":\"All Score Media\"},\"image\":{\"@id\":\"https:\\\/\\\/www.allscore.de\\\/shop\\\/#\\\/schema\\\/logo\\\/image\\\/\"}}]}<\/script>\n<!-- \/ Yoast SEO plugin. -->","yoast_head_json":{"title":"Sospetto - Segni Misteriosi, con il sangue dipinto sul muro (CD)","description":"This German Duo is creating music with such an italian sound it could be easily used for an Giallo, Poliziotti or Horror ala Italiano made nowadays. You can hear some Frizzi influence especially with the choirs and some Nicolai in the harmonies but then again it all sounds so unique and fresh! If I wouldn\u00b4t know better I would bet my ass this must be Italians!  SOSPETTO shares pleasent musical memories with you, most of the time creepy and mysterious, then with a scent of happiness and a glimpse of reconciliation, but always untouchable, like the scale of different murders: cruel, but emotional at the same time.  15 tracks of audible \u00a0black gloves, bloody razors and fateful affairs, like a soundtrack of a never-filmed giallo.   Mysterious project hailing from Germany  honouring the silver age of Italian Filmmusic from the 60\u2018s and 70\u2018s  all original compostions covering various directions  orchestral sounds, funky beats &amp; grooves, experimental jazz, easy listening, bossa nova  For Fans of Fabio Frizzi, Goblin, Bruno Nicolai or Stelvio Cipriani","robots":{"index":"index","follow":"follow","max-snippet":"max-snippet:-1","max-image-preview":"max-image-preview:large","max-video-preview":"max-video-preview:-1"},"canonical":"https:\/\/www.allscore.de\/shop\/produkt\/sospetto-segni-misteriosi-con-il-sangue-dipinto-sul-muro-cd\/","og_locale":"de_DE","og_type":"article","og_title":"Sospetto - Segni Misteriosi, con il sangue dipinto sul muro (CD)","og_description":"This German Duo is creating music with such an italian sound it could be easily used for an Giallo, Poliziotti or Horror ala Italiano made nowadays. You can hear some Frizzi influence especially with the choirs and some Nicolai in the harmonies but then again it all sounds so unique and fresh! If I wouldn\u00b4t know better I would bet my ass this must be Italians!  SOSPETTO shares pleasent musical memories with you, most of the time creepy and mysterious, then with a scent of happiness and a glimpse of reconciliation, but always untouchable, like the scale of different murders: cruel, but emotional at the same time.  15 tracks of audible \u00a0black gloves, bloody razors and fateful affairs, like a soundtrack of a never-filmed giallo.   Mysterious project hailing from Germany  honouring the silver age of Italian Filmmusic from the 60\u2018s and 70\u2018s  all original compostions covering various directions  orchestral sounds, funky beats &amp; grooves, experimental jazz, easy listening, bossa nova  For Fans of Fabio Frizzi, Goblin, Bruno Nicolai or Stelvio Cipriani","og_url":"https:\/\/www.allscore.de\/shop\/produkt\/sospetto-segni-misteriosi-con-il-sangue-dipinto-sul-muro-cd\/","og_site_name":"Allscore Shop","article_modified_time":"2025-10-24T17:13:25+00:00","og_image":[{"width":1000,"height":1000,"url":"https:\/\/www.allscore.de\/shop\/wp-content\/uploads\/2020\/10\/Cine-05-Sospetto-Segni.jpg","type":"image\/jpeg"}],"twitter_card":"summary_large_image","schema":{"@context":"https:\/\/schema.org","@graph":[{"@type":"WebPage","@id":"https:\/\/www.allscore.de\/shop\/produkt\/sospetto-segni-misteriosi-con-il-sangue-dipinto-sul-muro-cd\/","url":"https:\/\/www.allscore.de\/shop\/produkt\/sospetto-segni-misteriosi-con-il-sangue-dipinto-sul-muro-cd\/","name":"Sospetto - Segni Misteriosi, con il sangue dipinto sul muro (CD)","isPartOf":{"@id":"https:\/\/www.allscore.de\/shop\/#website"},"primaryImageOfPage":{"@id":"https:\/\/www.allscore.de\/shop\/produkt\/sospetto-segni-misteriosi-con-il-sangue-dipinto-sul-muro-cd\/#primaryimage"},"image":{"@id":"https:\/\/www.allscore.de\/shop\/produkt\/sospetto-segni-misteriosi-con-il-sangue-dipinto-sul-muro-cd\/#primaryimage"},"thumbnailUrl":"https:\/\/www.allscore.de\/shop\/wp-content\/uploads\/2020\/10\/Cine-05-Sospetto-Segni.jpg","datePublished":"2020-10-21T12:45:46+00:00","dateModified":"2025-10-24T17:13:25+00:00","description":"This German Duo is creating music with such an italian sound it could be easily used for an Giallo, Poliziotti or Horror ala Italiano made nowadays. You can hear some Frizzi influence especially with the choirs and some Nicolai in the harmonies but then again it all sounds so unique and fresh! If I wouldn\u00b4t know better I would bet my ass this must be Italians! SOSPETTO shares pleasent musical memories with you, most of the time creepy and mysterious, then with a scent of happiness and a glimpse of reconciliation, but always untouchable, like the scale of different murders: cruel, but emotional at the same time. 15 tracks of audible \u00a0black gloves, bloody razors and fateful affairs, like a soundtrack of a never-filmed giallo. Mysterious project hailing from Germany honouring the silver age of Italian Filmmusic from the 60\u2018s and 70\u2018s all original compostions covering various directions orchestral sounds, funky beats &amp; grooves, experimental jazz, easy listening, bossa nova For Fans of Fabio Frizzi, Goblin, Bruno Nicolai or Stelvio Cipriani","breadcrumb":{"@id":"https:\/\/www.allscore.de\/shop\/produkt\/sospetto-segni-misteriosi-con-il-sangue-dipinto-sul-muro-cd\/#breadcrumb"},"inLanguage":"de","potentialAction":[{"@type":"ReadAction","target":["https:\/\/www.allscore.de\/shop\/produkt\/sospetto-segni-misteriosi-con-il-sangue-dipinto-sul-muro-cd\/"]}]},{"@type":"ImageObject","inLanguage":"de","@id":"https:\/\/www.allscore.de\/shop\/produkt\/sospetto-segni-misteriosi-con-il-sangue-dipinto-sul-muro-cd\/#primaryimage","url":"https:\/\/www.allscore.de\/shop\/wp-content\/uploads\/2020\/10\/Cine-05-Sospetto-Segni.jpg","contentUrl":"https:\/\/www.allscore.de\/shop\/wp-content\/uploads\/2020\/10\/Cine-05-Sospetto-Segni.jpg","width":1000,"height":1000,"caption":"Sospetto"},{"@type":"BreadcrumbList","@id":"https:\/\/www.allscore.de\/shop\/produkt\/sospetto-segni-misteriosi-con-il-sangue-dipinto-sul-muro-cd\/#breadcrumb","itemListElement":[{"@type":"ListItem","position":1,"name":"Startseite","item":"https:\/\/www.allscore.de\/shop\/"},{"@type":"ListItem","position":2,"name":"Produkte","item":"https:\/\/www.allscore.de\/shop\/shop\/"},{"@type":"ListItem","position":3,"name":"Sospetto &#8211; Segni Misteriosi, con il sangue dipinto sul muro (CD)"}]},{"@type":"WebSite","@id":"https:\/\/www.allscore.de\/shop\/#website","url":"https:\/\/www.allscore.de\/shop\/","name":"Allscore Shop","description":"All Score Media","publisher":{"@id":"https:\/\/www.allscore.de\/shop\/#organization"},"potentialAction":[{"@type":"SearchAction","target":{"@type":"EntryPoint","urlTemplate":"https:\/\/www.allscore.de\/shop\/?s={search_term_string}"},"query-input":{"@type":"PropertyValueSpecification","valueRequired":true,"valueName":"search_term_string"}}],"inLanguage":"de"},{"@type":"Organization","@id":"https:\/\/www.allscore.de\/shop\/#organization","name":"All Score Media","alternateName":"Allscore","url":"https:\/\/www.allscore.de\/shop\/","logo":{"@type":"ImageObject","inLanguage":"de","@id":"https:\/\/www.allscore.de\/shop\/#\/schema\/logo\/image\/","url":"https:\/\/www.allscore.de\/shop\/wp-content\/uploads\/2026\/01\/Logo_Yoast_Shop_2026.png","contentUrl":"https:\/\/www.allscore.de\/shop\/wp-content\/uploads\/2026\/01\/Logo_Yoast_Shop_2026.png","width":696,"height":696,"caption":"All Score Media"},"image":{"@id":"https:\/\/www.allscore.de\/shop\/#\/schema\/logo\/image\/"}}]}},"_links":{"self":[{"href":"https:\/\/www.allscore.de\/shop\/wp-json\/wp\/v2\/product\/8858","targetHints":{"allow":["GET"]}}],"collection":[{"href":"https:\/\/www.allscore.de\/shop\/wp-json\/wp\/v2\/product"}],"about":[{"href":"https:\/\/www.allscore.de\/shop\/wp-json\/wp\/v2\/types\/product"}],"wp:featuredmedia":[{"embeddable":true,"href":"https:\/\/www.allscore.de\/shop\/wp-json\/wp\/v2\/media\/8794"}],"wp:attachment":[{"href":"https:\/\/www.allscore.de\/shop\/wp-json\/wp\/v2\/media?parent=8858"}],"wp:term":[{"taxonomy":"product_brand","embeddable":true,"href":"https:\/\/www.allscore.de\/shop\/wp-json\/wp\/v2\/product_brand?post=8858"},{"taxonomy":"product_cat","embeddable":true,"href":"https:\/\/www.allscore.de\/shop\/wp-json\/wp\/v2\/product_cat?post=8858"},{"taxonomy":"product_tag","embeddable":true,"href":"https:\/\/www.allscore.de\/shop\/wp-json\/wp\/v2\/product_tag?post=8858"}],"curies":[{"name":"wp","href":"https:\/\/api.w.org\/{rel}","templated":true}]}}