{"id":8432,"date":"2019-04-04T21:21:48","date_gmt":"2019-04-04T19:21:48","guid":{"rendered":"https:\/\/www.allscore.de\/shop\/?post_type=product&#038;p=8432"},"modified":"2022-07-20T22:27:38","modified_gmt":"2022-07-20T20:27:38","slug":"die-atemberaubenden-abenteuer-der-digitales-staffel-1","status":"publish","type":"product","link":"https:\/\/www.allscore.de\/shop\/produkt\/die-atemberaubenden-abenteuer-der-digitales-staffel-1\/","title":{"rendered":"Die atemberaubenden Abenteuer der DigiTales (1)"},"content":{"rendered":"<p>Prof. Fridolin \u201eFrido\u201c Fairness, Erz\u00e4hler: Michael Kausch<br \/>\nPolly, Superbella, Mary: Yvy Pop<br \/>\nHacki, Commander T.M. Ward, W. Kleff: Thorsten Puttenat<br \/>\nKati, Martina: Marisa Bartholomae<br \/>\nHeribert \u201eBerti\u201c Finkel, Finn: Christian Bluthardt<\/p>\n<p>Regie: Christian Bluthardt<br \/>\nProduktion: Christian Bluthardt und J\u00fcrgen Jankowitsch<br \/>\nRedaktion: Christian Bluthardt, J\u00fcrgen Jankowitsch und Agnes Wagner<br \/>\nMischung &amp; Master: Marten Thielges<br \/>\nSounddesign &amp; Musik: Christian Bluthardt<br \/>\nInterpretin Titelsong: Polly Pop<br \/>\nIllustrationen: Alexa Appenzeller<\/p>\n","protected":false},"excerpt":{"rendered":"<p>Die \u201eDigiTales\u201c sind Pioniere im digitalen Zeitalter. Sagten sich fr\u00fcher in ihrem idyllischen Wald Maulwurf und Hase pers\u00f6nlich gute Nacht, so hat inzwischen auch hier das Internet mit seinen Vorz\u00fcgen und seinen bedenklichen Aspekten die Tierwelt erreicht. Smartphones, Tablets, Spielekonsolen und Social Media geh\u00f6ren genauso zu ihrem Alltag, wie bei uns Menschen. Und wie bei uns Menschen stellen sie die vier \u201eDigiTales\u201c vor besondere Herausforderungen.<\/p>\n<p>\u201eDie atemberaubenden Abenteuer der DigiTales\u201c beinhalten verschiedene Bereiche der Mediennutzung. Sie erm\u00f6glichen es Eltern, Lehrkr\u00e4ften und au\u00dferschulischen P\u00e4dagogen, einfach und spielerisch mit Kindern dar\u00fcber ins Gespr\u00e4ch zu kommen.<\/p>\n<p>Produziert von Karotte H\u00f6rspielproduktionen (Christian Bluthardt und J\u00fcrgen Jankowitsch) f\u00fcr Caritas Stuttgart.<\/p>\n<p>Empfohlenes Alter: 5-11 Jahre.<\/p>\n<p>Staffel 1 der aufregenden Geschichten um Prof. Fridolin Fairness, die Eisb\u00e4rin Polly, den Maulwurf Hacki und die Katze Kati \u2013 die \u201eDigiTales\u201c \u2013 umfasst die sechs Episoden:<\/p>\n<p>Wards Waldkino &#8211; \u201aStar Maus\u2018 in the House (1)<br \/>\nDie Einladung &#8211; Ein Smartphone zum Geburtstag? (2)<br \/>\nSuperbella &#8211; Eine zweifelhafte Medienheldin (3)<br \/>\nDer Angeber &#8211; Konni aus dem B\u00e4renbook (4)<br \/>\nDie Schallplatte &#8211; Oder ist das ein Super-Weitwurf-Frisbee? (5)<br \/>\nDas Fairness Festival &#8211; Frido &amp; Co. rocken den Wald (6)<\/p>\n<p>Gesamte Spieldauer: ca. 79 Minuten<\/p>\n","protected":false},"featured_media":8434,"template":"","meta":[],"product_brand":[],"product_cat":[275,72],"product_tag":[],"class_list":{"0":"post-8432","1":"product","2":"type-product","3":"status-publish","4":"has-post-thumbnail","6":"product_cat-digitales-hoerspiele","7":"product_cat-hoerspiele","8":"product_shipping_class-tontraeger-cd","9":"entry","10":"clearfix","11":"entry-grid","12":"entry-columns-3","13":"entry-product-module-layout-sidebar-right","14":"thumbnail-color-tone-light","15":"entry-product","17":"entry-product-grid","19":"first","20":"instock","21":"taxable","22":"shipping-taxable","23":"purchasable","24":"product-type-simple"},"yoast_head":"<!-- This site is optimized with the Yoast SEO plugin v27.4 - https:\/\/yoast.com\/product\/yoast-seo-wordpress\/ -->\n<title>Die atemberaubenden Abenteuer der DigiTales (1)<\/title>\n<meta name=\"description\" content=\"Die \u201eDigiTales\u201c sind Pioniere im digitalen Zeitalter. Sagten sich fr\u00fcher in ihrem idyllischen Wald Maulwurf und Hase pers\u00f6nlich gute Nacht, so hat inzwischen auch hier das Internet mit seinen Vorz\u00fcgen und seinen bedenklichen Aspekten die Tierwelt erreicht. Smartphones, Tablets, Spielekonsolen und Social Media geh\u00f6ren genauso zu ihrem Alltag, wie bei uns Menschen. Und wie bei uns Menschen stellen sie die vier \u201eDigiTales\u201c vor besondere Herausforderungen.  \u201eDie atemberaubenden Abenteuer der DigiTales\u201c beinhalten verschiedene Bereiche der Mediennutzung. Sie erm\u00f6glichen es Eltern, Lehrkr\u00e4ften und au\u00dferschulischen P\u00e4dagogen, einfach und spielerisch mit Kindern dar\u00fcber ins Gespr\u00e4ch zu kommen.  Produziert von Karotte H\u00f6rspielproduktionen (Christian Bluthardt und J\u00fcrgen Jankowitsch) f\u00fcr Caritas Stuttgart.  Empfohlenes Alter: 5-11 Jahre.  Staffel 1 der aufregenden Geschichten um Prof. Fridolin Fairness, die Eisb\u00e4rin Polly, den Maulwurf Hacki und die Katze Kati \u2013 die \u201eDigiTales\u201c \u2013 umfasst die sechs Episoden:  Wards Waldkino - \u201aStar Maus\u2018 in the House (1) Die Einladung - Ein Smartphone zum Geburtstag? (2) Superbella - Eine zweifelhafte Medienheldin (3) Der Angeber - Konni aus dem B\u00e4renbook (4) Die Schallplatte - Oder ist das ein Super-Weitwurf-Frisbee? (5) Das Fairness Festival - Frido &amp; Co. rocken den Wald (6)  Gesamte Spieldauer: ca. 79 Minuten\" \/>\n<meta name=\"robots\" content=\"index, follow, max-snippet:-1, max-image-preview:large, max-video-preview:-1\" \/>\n<link rel=\"canonical\" href=\"https:\/\/www.allscore.de\/shop\/produkt\/die-atemberaubenden-abenteuer-der-digitales-staffel-1\/\" \/>\n<meta property=\"og:locale\" content=\"de_DE\" \/>\n<meta property=\"og:type\" content=\"article\" \/>\n<meta property=\"og:title\" content=\"Die atemberaubenden Abenteuer der DigiTales (1)\" \/>\n<meta property=\"og:description\" content=\"Die \u201eDigiTales\u201c sind Pioniere im digitalen Zeitalter. Sagten sich fr\u00fcher in ihrem idyllischen Wald Maulwurf und Hase pers\u00f6nlich gute Nacht, so hat inzwischen auch hier das Internet mit seinen Vorz\u00fcgen und seinen bedenklichen Aspekten die Tierwelt erreicht. Smartphones, Tablets, Spielekonsolen und Social Media geh\u00f6ren genauso zu ihrem Alltag, wie bei uns Menschen. Und wie bei uns Menschen stellen sie die vier \u201eDigiTales\u201c vor besondere Herausforderungen.  \u201eDie atemberaubenden Abenteuer der DigiTales\u201c beinhalten verschiedene Bereiche der Mediennutzung. Sie erm\u00f6glichen es Eltern, Lehrkr\u00e4ften und au\u00dferschulischen P\u00e4dagogen, einfach und spielerisch mit Kindern dar\u00fcber ins Gespr\u00e4ch zu kommen.  Produziert von Karotte H\u00f6rspielproduktionen (Christian Bluthardt und J\u00fcrgen Jankowitsch) f\u00fcr Caritas Stuttgart.  Empfohlenes Alter: 5-11 Jahre.  Staffel 1 der aufregenden Geschichten um Prof. Fridolin Fairness, die Eisb\u00e4rin Polly, den Maulwurf Hacki und die Katze Kati \u2013 die \u201eDigiTales\u201c \u2013 umfasst die sechs Episoden:  Wards Waldkino - \u201aStar Maus\u2018 in the House (1) Die Einladung - Ein Smartphone zum Geburtstag? (2) Superbella - Eine zweifelhafte Medienheldin (3) Der Angeber - Konni aus dem B\u00e4renbook (4) Die Schallplatte - Oder ist das ein Super-Weitwurf-Frisbee? (5) Das Fairness Festival - Frido &amp; Co. rocken den Wald (6)  Gesamte Spieldauer: ca. 79 Minuten\" \/>\n<meta property=\"og:url\" content=\"https:\/\/www.allscore.de\/shop\/produkt\/die-atemberaubenden-abenteuer-der-digitales-staffel-1\/\" \/>\n<meta property=\"og:site_name\" content=\"Allscore Shop\" \/>\n<meta property=\"article:modified_time\" content=\"2022-07-20T20:27:38+00:00\" \/>\n<meta property=\"og:image\" content=\"https:\/\/www.allscore.de\/shop\/wp-content\/uploads\/2020\/10\/DT01_1200x1200.jpg\" \/>\n\t<meta property=\"og:image:width\" content=\"1200\" \/>\n\t<meta property=\"og:image:height\" content=\"1200\" \/>\n\t<meta property=\"og:image:type\" content=\"image\/jpeg\" \/>\n<meta name=\"twitter:card\" content=\"summary_large_image\" \/>\n<script type=\"application\/ld+json\" class=\"yoast-schema-graph\">{\"@context\":\"https:\\\/\\\/schema.org\",\"@graph\":[{\"@type\":\"WebPage\",\"@id\":\"https:\\\/\\\/www.allscore.de\\\/shop\\\/produkt\\\/die-atemberaubenden-abenteuer-der-digitales-staffel-1\\\/\",\"url\":\"https:\\\/\\\/www.allscore.de\\\/shop\\\/produkt\\\/die-atemberaubenden-abenteuer-der-digitales-staffel-1\\\/\",\"name\":\"Die atemberaubenden Abenteuer der DigiTales (1)\",\"isPartOf\":{\"@id\":\"https:\\\/\\\/www.allscore.de\\\/shop\\\/#website\"},\"primaryImageOfPage\":{\"@id\":\"https:\\\/\\\/www.allscore.de\\\/shop\\\/produkt\\\/die-atemberaubenden-abenteuer-der-digitales-staffel-1\\\/#primaryimage\"},\"image\":{\"@id\":\"https:\\\/\\\/www.allscore.de\\\/shop\\\/produkt\\\/die-atemberaubenden-abenteuer-der-digitales-staffel-1\\\/#primaryimage\"},\"thumbnailUrl\":\"https:\\\/\\\/www.allscore.de\\\/shop\\\/wp-content\\\/uploads\\\/2020\\\/10\\\/DT01_1200x1200.jpg\",\"datePublished\":\"2019-04-04T19:21:48+00:00\",\"dateModified\":\"2022-07-20T20:27:38+00:00\",\"description\":\"Die \u201eDigiTales\u201c sind Pioniere im digitalen Zeitalter. Sagten sich fr\u00fcher in ihrem idyllischen Wald Maulwurf und Hase pers\u00f6nlich gute Nacht, so hat inzwischen auch hier das Internet mit seinen Vorz\u00fcgen und seinen bedenklichen Aspekten die Tierwelt erreicht. Smartphones, Tablets, Spielekonsolen und Social Media geh\u00f6ren genauso zu ihrem Alltag, wie bei uns Menschen. Und wie bei uns Menschen stellen sie die vier \u201eDigiTales\u201c vor besondere Herausforderungen. \u201eDie atemberaubenden Abenteuer der DigiTales\u201c beinhalten verschiedene Bereiche der Mediennutzung. Sie erm\u00f6glichen es Eltern, Lehrkr\u00e4ften und au\u00dferschulischen P\u00e4dagogen, einfach und spielerisch mit Kindern dar\u00fcber ins Gespr\u00e4ch zu kommen. Produziert von Karotte H\u00f6rspielproduktionen (Christian Bluthardt und J\u00fcrgen Jankowitsch) f\u00fcr Caritas Stuttgart. Empfohlenes Alter: 5-11 Jahre. Staffel 1 der aufregenden Geschichten um Prof. Fridolin Fairness, die Eisb\u00e4rin Polly, den Maulwurf Hacki und die Katze Kati \u2013 die \u201eDigiTales\u201c \u2013 umfasst die sechs Episoden: Wards Waldkino - \u201aStar Maus\u2018 in the House (1) Die Einladung - Ein Smartphone zum Geburtstag? (2) Superbella - Eine zweifelhafte Medienheldin (3) Der Angeber - Konni aus dem B\u00e4renbook (4) Die Schallplatte - Oder ist das ein Super-Weitwurf-Frisbee? (5) Das Fairness Festival - Frido &amp; Co. rocken den Wald (6) Gesamte Spieldauer: ca. 79 Minuten\",\"breadcrumb\":{\"@id\":\"https:\\\/\\\/www.allscore.de\\\/shop\\\/produkt\\\/die-atemberaubenden-abenteuer-der-digitales-staffel-1\\\/#breadcrumb\"},\"inLanguage\":\"de\",\"potentialAction\":[{\"@type\":\"ReadAction\",\"target\":[\"https:\\\/\\\/www.allscore.de\\\/shop\\\/produkt\\\/die-atemberaubenden-abenteuer-der-digitales-staffel-1\\\/\"]}]},{\"@type\":\"ImageObject\",\"inLanguage\":\"de\",\"@id\":\"https:\\\/\\\/www.allscore.de\\\/shop\\\/produkt\\\/die-atemberaubenden-abenteuer-der-digitales-staffel-1\\\/#primaryimage\",\"url\":\"https:\\\/\\\/www.allscore.de\\\/shop\\\/wp-content\\\/uploads\\\/2020\\\/10\\\/DT01_1200x1200.jpg\",\"contentUrl\":\"https:\\\/\\\/www.allscore.de\\\/shop\\\/wp-content\\\/uploads\\\/2020\\\/10\\\/DT01_1200x1200.jpg\",\"width\":1200,\"height\":1200,\"caption\":\"DigiTales 1\"},{\"@type\":\"BreadcrumbList\",\"@id\":\"https:\\\/\\\/www.allscore.de\\\/shop\\\/produkt\\\/die-atemberaubenden-abenteuer-der-digitales-staffel-1\\\/#breadcrumb\",\"itemListElement\":[{\"@type\":\"ListItem\",\"position\":1,\"name\":\"Startseite\",\"item\":\"https:\\\/\\\/www.allscore.de\\\/shop\\\/\"},{\"@type\":\"ListItem\",\"position\":2,\"name\":\"Produkte\",\"item\":\"https:\\\/\\\/www.allscore.de\\\/shop\\\/shop\\\/\"},{\"@type\":\"ListItem\",\"position\":3,\"name\":\"Die atemberaubenden Abenteuer der DigiTales (1)\"}]},{\"@type\":\"WebSite\",\"@id\":\"https:\\\/\\\/www.allscore.de\\\/shop\\\/#website\",\"url\":\"https:\\\/\\\/www.allscore.de\\\/shop\\\/\",\"name\":\"Allscore Shop\",\"description\":\"All Score Media\",\"publisher\":{\"@id\":\"https:\\\/\\\/www.allscore.de\\\/shop\\\/#organization\"},\"potentialAction\":[{\"@type\":\"SearchAction\",\"target\":{\"@type\":\"EntryPoint\",\"urlTemplate\":\"https:\\\/\\\/www.allscore.de\\\/shop\\\/?s={search_term_string}\"},\"query-input\":{\"@type\":\"PropertyValueSpecification\",\"valueRequired\":true,\"valueName\":\"search_term_string\"}}],\"inLanguage\":\"de\"},{\"@type\":\"Organization\",\"@id\":\"https:\\\/\\\/www.allscore.de\\\/shop\\\/#organization\",\"name\":\"All Score Media\",\"alternateName\":\"Allscore\",\"url\":\"https:\\\/\\\/www.allscore.de\\\/shop\\\/\",\"logo\":{\"@type\":\"ImageObject\",\"inLanguage\":\"de\",\"@id\":\"https:\\\/\\\/www.allscore.de\\\/shop\\\/#\\\/schema\\\/logo\\\/image\\\/\",\"url\":\"https:\\\/\\\/www.allscore.de\\\/shop\\\/wp-content\\\/uploads\\\/2026\\\/01\\\/Logo_Yoast_Shop_2026.png\",\"contentUrl\":\"https:\\\/\\\/www.allscore.de\\\/shop\\\/wp-content\\\/uploads\\\/2026\\\/01\\\/Logo_Yoast_Shop_2026.png\",\"width\":696,\"height\":696,\"caption\":\"All Score Media\"},\"image\":{\"@id\":\"https:\\\/\\\/www.allscore.de\\\/shop\\\/#\\\/schema\\\/logo\\\/image\\\/\"}}]}<\/script>\n<!-- \/ Yoast SEO plugin. -->","yoast_head_json":{"title":"Die atemberaubenden Abenteuer der DigiTales (1)","description":"Die \u201eDigiTales\u201c sind Pioniere im digitalen Zeitalter. Sagten sich fr\u00fcher in ihrem idyllischen Wald Maulwurf und Hase pers\u00f6nlich gute Nacht, so hat inzwischen auch hier das Internet mit seinen Vorz\u00fcgen und seinen bedenklichen Aspekten die Tierwelt erreicht. Smartphones, Tablets, Spielekonsolen und Social Media geh\u00f6ren genauso zu ihrem Alltag, wie bei uns Menschen. Und wie bei uns Menschen stellen sie die vier \u201eDigiTales\u201c vor besondere Herausforderungen.  \u201eDie atemberaubenden Abenteuer der DigiTales\u201c beinhalten verschiedene Bereiche der Mediennutzung. Sie erm\u00f6glichen es Eltern, Lehrkr\u00e4ften und au\u00dferschulischen P\u00e4dagogen, einfach und spielerisch mit Kindern dar\u00fcber ins Gespr\u00e4ch zu kommen.  Produziert von Karotte H\u00f6rspielproduktionen (Christian Bluthardt und J\u00fcrgen Jankowitsch) f\u00fcr Caritas Stuttgart.  Empfohlenes Alter: 5-11 Jahre.  Staffel 1 der aufregenden Geschichten um Prof. Fridolin Fairness, die Eisb\u00e4rin Polly, den Maulwurf Hacki und die Katze Kati \u2013 die \u201eDigiTales\u201c \u2013 umfasst die sechs Episoden:  Wards Waldkino - \u201aStar Maus\u2018 in the House (1) Die Einladung - Ein Smartphone zum Geburtstag? (2) Superbella - Eine zweifelhafte Medienheldin (3) Der Angeber - Konni aus dem B\u00e4renbook (4) Die Schallplatte - Oder ist das ein Super-Weitwurf-Frisbee? (5) Das Fairness Festival - Frido &amp; Co. rocken den Wald (6)  Gesamte Spieldauer: ca. 79 Minuten","robots":{"index":"index","follow":"follow","max-snippet":"max-snippet:-1","max-image-preview":"max-image-preview:large","max-video-preview":"max-video-preview:-1"},"canonical":"https:\/\/www.allscore.de\/shop\/produkt\/die-atemberaubenden-abenteuer-der-digitales-staffel-1\/","og_locale":"de_DE","og_type":"article","og_title":"Die atemberaubenden Abenteuer der DigiTales (1)","og_description":"Die \u201eDigiTales\u201c sind Pioniere im digitalen Zeitalter. Sagten sich fr\u00fcher in ihrem idyllischen Wald Maulwurf und Hase pers\u00f6nlich gute Nacht, so hat inzwischen auch hier das Internet mit seinen Vorz\u00fcgen und seinen bedenklichen Aspekten die Tierwelt erreicht. Smartphones, Tablets, Spielekonsolen und Social Media geh\u00f6ren genauso zu ihrem Alltag, wie bei uns Menschen. Und wie bei uns Menschen stellen sie die vier \u201eDigiTales\u201c vor besondere Herausforderungen.  \u201eDie atemberaubenden Abenteuer der DigiTales\u201c beinhalten verschiedene Bereiche der Mediennutzung. Sie erm\u00f6glichen es Eltern, Lehrkr\u00e4ften und au\u00dferschulischen P\u00e4dagogen, einfach und spielerisch mit Kindern dar\u00fcber ins Gespr\u00e4ch zu kommen.  Produziert von Karotte H\u00f6rspielproduktionen (Christian Bluthardt und J\u00fcrgen Jankowitsch) f\u00fcr Caritas Stuttgart.  Empfohlenes Alter: 5-11 Jahre.  Staffel 1 der aufregenden Geschichten um Prof. Fridolin Fairness, die Eisb\u00e4rin Polly, den Maulwurf Hacki und die Katze Kati \u2013 die \u201eDigiTales\u201c \u2013 umfasst die sechs Episoden:  Wards Waldkino - \u201aStar Maus\u2018 in the House (1) Die Einladung - Ein Smartphone zum Geburtstag? (2) Superbella - Eine zweifelhafte Medienheldin (3) Der Angeber - Konni aus dem B\u00e4renbook (4) Die Schallplatte - Oder ist das ein Super-Weitwurf-Frisbee? (5) Das Fairness Festival - Frido &amp; Co. rocken den Wald (6)  Gesamte Spieldauer: ca. 79 Minuten","og_url":"https:\/\/www.allscore.de\/shop\/produkt\/die-atemberaubenden-abenteuer-der-digitales-staffel-1\/","og_site_name":"Allscore Shop","article_modified_time":"2022-07-20T20:27:38+00:00","og_image":[{"width":1200,"height":1200,"url":"https:\/\/www.allscore.de\/shop\/wp-content\/uploads\/2020\/10\/DT01_1200x1200.jpg","type":"image\/jpeg"}],"twitter_card":"summary_large_image","schema":{"@context":"https:\/\/schema.org","@graph":[{"@type":"WebPage","@id":"https:\/\/www.allscore.de\/shop\/produkt\/die-atemberaubenden-abenteuer-der-digitales-staffel-1\/","url":"https:\/\/www.allscore.de\/shop\/produkt\/die-atemberaubenden-abenteuer-der-digitales-staffel-1\/","name":"Die atemberaubenden Abenteuer der DigiTales (1)","isPartOf":{"@id":"https:\/\/www.allscore.de\/shop\/#website"},"primaryImageOfPage":{"@id":"https:\/\/www.allscore.de\/shop\/produkt\/die-atemberaubenden-abenteuer-der-digitales-staffel-1\/#primaryimage"},"image":{"@id":"https:\/\/www.allscore.de\/shop\/produkt\/die-atemberaubenden-abenteuer-der-digitales-staffel-1\/#primaryimage"},"thumbnailUrl":"https:\/\/www.allscore.de\/shop\/wp-content\/uploads\/2020\/10\/DT01_1200x1200.jpg","datePublished":"2019-04-04T19:21:48+00:00","dateModified":"2022-07-20T20:27:38+00:00","description":"Die \u201eDigiTales\u201c sind Pioniere im digitalen Zeitalter. Sagten sich fr\u00fcher in ihrem idyllischen Wald Maulwurf und Hase pers\u00f6nlich gute Nacht, so hat inzwischen auch hier das Internet mit seinen Vorz\u00fcgen und seinen bedenklichen Aspekten die Tierwelt erreicht. Smartphones, Tablets, Spielekonsolen und Social Media geh\u00f6ren genauso zu ihrem Alltag, wie bei uns Menschen. Und wie bei uns Menschen stellen sie die vier \u201eDigiTales\u201c vor besondere Herausforderungen. \u201eDie atemberaubenden Abenteuer der DigiTales\u201c beinhalten verschiedene Bereiche der Mediennutzung. Sie erm\u00f6glichen es Eltern, Lehrkr\u00e4ften und au\u00dferschulischen P\u00e4dagogen, einfach und spielerisch mit Kindern dar\u00fcber ins Gespr\u00e4ch zu kommen. Produziert von Karotte H\u00f6rspielproduktionen (Christian Bluthardt und J\u00fcrgen Jankowitsch) f\u00fcr Caritas Stuttgart. Empfohlenes Alter: 5-11 Jahre. Staffel 1 der aufregenden Geschichten um Prof. Fridolin Fairness, die Eisb\u00e4rin Polly, den Maulwurf Hacki und die Katze Kati \u2013 die \u201eDigiTales\u201c \u2013 umfasst die sechs Episoden: Wards Waldkino - \u201aStar Maus\u2018 in the House (1) Die Einladung - Ein Smartphone zum Geburtstag? (2) Superbella - Eine zweifelhafte Medienheldin (3) Der Angeber - Konni aus dem B\u00e4renbook (4) Die Schallplatte - Oder ist das ein Super-Weitwurf-Frisbee? (5) Das Fairness Festival - Frido &amp; Co. rocken den Wald (6) Gesamte Spieldauer: ca. 79 Minuten","breadcrumb":{"@id":"https:\/\/www.allscore.de\/shop\/produkt\/die-atemberaubenden-abenteuer-der-digitales-staffel-1\/#breadcrumb"},"inLanguage":"de","potentialAction":[{"@type":"ReadAction","target":["https:\/\/www.allscore.de\/shop\/produkt\/die-atemberaubenden-abenteuer-der-digitales-staffel-1\/"]}]},{"@type":"ImageObject","inLanguage":"de","@id":"https:\/\/www.allscore.de\/shop\/produkt\/die-atemberaubenden-abenteuer-der-digitales-staffel-1\/#primaryimage","url":"https:\/\/www.allscore.de\/shop\/wp-content\/uploads\/2020\/10\/DT01_1200x1200.jpg","contentUrl":"https:\/\/www.allscore.de\/shop\/wp-content\/uploads\/2020\/10\/DT01_1200x1200.jpg","width":1200,"height":1200,"caption":"DigiTales 1"},{"@type":"BreadcrumbList","@id":"https:\/\/www.allscore.de\/shop\/produkt\/die-atemberaubenden-abenteuer-der-digitales-staffel-1\/#breadcrumb","itemListElement":[{"@type":"ListItem","position":1,"name":"Startseite","item":"https:\/\/www.allscore.de\/shop\/"},{"@type":"ListItem","position":2,"name":"Produkte","item":"https:\/\/www.allscore.de\/shop\/shop\/"},{"@type":"ListItem","position":3,"name":"Die atemberaubenden Abenteuer der DigiTales (1)"}]},{"@type":"WebSite","@id":"https:\/\/www.allscore.de\/shop\/#website","url":"https:\/\/www.allscore.de\/shop\/","name":"Allscore Shop","description":"All Score Media","publisher":{"@id":"https:\/\/www.allscore.de\/shop\/#organization"},"potentialAction":[{"@type":"SearchAction","target":{"@type":"EntryPoint","urlTemplate":"https:\/\/www.allscore.de\/shop\/?s={search_term_string}"},"query-input":{"@type":"PropertyValueSpecification","valueRequired":true,"valueName":"search_term_string"}}],"inLanguage":"de"},{"@type":"Organization","@id":"https:\/\/www.allscore.de\/shop\/#organization","name":"All Score Media","alternateName":"Allscore","url":"https:\/\/www.allscore.de\/shop\/","logo":{"@type":"ImageObject","inLanguage":"de","@id":"https:\/\/www.allscore.de\/shop\/#\/schema\/logo\/image\/","url":"https:\/\/www.allscore.de\/shop\/wp-content\/uploads\/2026\/01\/Logo_Yoast_Shop_2026.png","contentUrl":"https:\/\/www.allscore.de\/shop\/wp-content\/uploads\/2026\/01\/Logo_Yoast_Shop_2026.png","width":696,"height":696,"caption":"All Score Media"},"image":{"@id":"https:\/\/www.allscore.de\/shop\/#\/schema\/logo\/image\/"}}]}},"_links":{"self":[{"href":"https:\/\/www.allscore.de\/shop\/wp-json\/wp\/v2\/product\/8432","targetHints":{"allow":["GET"]}}],"collection":[{"href":"https:\/\/www.allscore.de\/shop\/wp-json\/wp\/v2\/product"}],"about":[{"href":"https:\/\/www.allscore.de\/shop\/wp-json\/wp\/v2\/types\/product"}],"wp:featuredmedia":[{"embeddable":true,"href":"https:\/\/www.allscore.de\/shop\/wp-json\/wp\/v2\/media\/8434"}],"wp:attachment":[{"href":"https:\/\/www.allscore.de\/shop\/wp-json\/wp\/v2\/media?parent=8432"}],"wp:term":[{"taxonomy":"product_brand","embeddable":true,"href":"https:\/\/www.allscore.de\/shop\/wp-json\/wp\/v2\/product_brand?post=8432"},{"taxonomy":"product_cat","embeddable":true,"href":"https:\/\/www.allscore.de\/shop\/wp-json\/wp\/v2\/product_cat?post=8432"},{"taxonomy":"product_tag","embeddable":true,"href":"https:\/\/www.allscore.de\/shop\/wp-json\/wp\/v2\/product_tag?post=8432"}],"curies":[{"name":"wp","href":"https:\/\/api.w.org\/{rel}","templated":true}]}}