{"id":8392,"date":"2020-10-03T16:57:08","date_gmt":"2020-10-03T14:57:08","guid":{"rendered":"https:\/\/www.allscore.de\/shop\/?post_type=product&#038;p=8392"},"modified":"2025-01-30T18:34:48","modified_gmt":"2025-01-30T17:34:48","slug":"3eme-sexe-lets-pretend","status":"publish","type":"product","link":"https:\/\/www.allscore.de\/shop\/produkt\/3eme-sexe-lets-pretend\/","title":{"rendered":"3eme Sexe &#8211; Let&#8217;s pretend"},"content":{"rendered":"\n<div class=\"brlbs-cmpnt-container brlbs-cmpnt-content-blocker brlbs-cmpnt-with-individual-styles\" data-borlabs-cookie-content-blocker-id=\"youtube-content-blocker\" data-borlabs-cookie-content=\"PGlmcmFtZSBzcmM9Imh0dHBzOi8vd3d3LnlvdXR1YmUtbm9jb29raWUuY29tL2VtYmVkL21jWVM3ZlhneC00P3Nob3dpbmZvPTAiIHdpZHRoPSI1MDAiIGhlaWdodD0iMjgxIiBmcmFtZWJvcmRlcj0iMCIgYWxsb3dmdWxsc2NyZWVuPSJhbGxvd2Z1bGxzY3JlZW4iIGRhdGEtbWNlLWZyYWdtZW50PSIxIj48L2lmcmFtZT4=\">\n<div class=\"brlbs-cmpnt-cb-preset-c brlbs-cmpnt-cb-youtube\">\n<div class=\"brlbs-cmpnt-cb-thumbnail\" style=\"background-image: url('https:\/\/www.allscore.de\/shop\/wp-content\/uploads\/borlabs-cookie\/1\/yt_mcYS7fXgx-4_hqdefault.jpg')\"><\/div>\n<div class=\"brlbs-cmpnt-cb-main\">\n<div class=\"brlbs-cmpnt-cb-play-button\"><\/div>\n<div class=\"brlbs-cmpnt-cb-content\">\n<p class=\"brlbs-cmpnt-cb-description\">Sie sehen gerade einen Platzhalterinhalt von <strong>YouTube<\/strong>. Um auf den eigentlichen Inhalt zuzugreifen, klicken Sie auf die Schaltfl\u00e4che unten. Bitte beachten Sie, dass dabei Daten an Drittanbieter weitergegeben werden.<\/p>\n<p> <a class=\"brlbs-cmpnt-cb-provider-toggle\" href=\"#\" data-borlabs-cookie-show-provider-information role=\"button\">Mehr Informationen<\/a> <\/div>\n<div class=\"brlbs-cmpnt-cb-buttons\"> <a class=\"brlbs-cmpnt-cb-btn\" href=\"#\" data-borlabs-cookie-unblock role=\"button\">Inhalt entsperren<\/a> <a class=\"brlbs-cmpnt-cb-btn\" href=\"#\" data-borlabs-cookie-accept-service role=\"button\" style=\"display: inherit\">Erforderlichen Service akzeptieren und Inhalte entsperren<\/a> <\/div><\/div><\/div>\n<\/div>\n","protected":false},"excerpt":{"rendered":"<p>EP-Ver\u00f6ffentlichung des 3eme Sexe Titels &#8222;Let&#8217;s Pretend&#8220;, der in der preisgekr\u00f6nten D\u00e4nischen TV-Serie Borgen \/ The Government 2011\/12 (Staffel 2, Episode 5) weltweit zu h\u00f6ren und auch als Video zu sehen ist.<\/p>\n<p>Dazu vier weitere exklusive Tracks, die den Sound des erfolgreichen Debutalbums &#8222;Je t&#8217;aime si vous voulez&#8220; (2010, Allscore, ASM 031) fortsetzen. Darunter das lustvoll Englisch gesungene und mit deutschem Refrain versehene &#8222;Nur eine Nacht mit Dir&#8220;.<\/p>\n","protected":false},"featured_media":8395,"template":"","meta":[],"product_brand":[],"product_cat":[110,49,619],"product_tag":[],"class_list":{"0":"post-8392","1":"product","2":"type-product","3":"status-publish","4":"has-post-thumbnail","6":"product_cat-3eme-sexe","7":"product_cat-bands","8":"product_cat-cinematic-music","9":"product_shipping_class-tontraeger-cd","10":"entry","11":"clearfix","12":"entry-grid","13":"entry-columns-3","14":"entry-product-module-layout-sidebar-right","15":"thumbnail-color-tone-dark","16":"has-video","17":"entry-product","19":"entry-product-grid","21":"first","22":"outofstock","23":"taxable","24":"shipping-taxable","25":"purchasable","26":"product-type-simple"},"yoast_head":"<!-- This site is optimized with the Yoast SEO plugin v27.3 - https:\/\/yoast.com\/product\/yoast-seo-wordpress\/ -->\n<title>3eme Sexe - Let&#039;s pretend<\/title>\n<meta name=\"description\" content=\"EP-Ver\u00f6ffentlichung des 3eme Sexe Titels &quot;Let&#039;s Pretend&quot;, der in der preisgekr\u00f6nten D\u00e4nischen TV-Serie Borgen \/ The Government 2011\/12 (Staffel 2, Episode 5) weltweit zu h\u00f6ren und auch als Video zu sehen ist.  Dazu vier weitere exklusive Tracks, die den Sound des erfolgreichen Debutalbums &quot;Je t&#039;aime si vous voulez&quot; (2010, Allscore, ASM 031) fortsetzen. Darunter das lustvoll Englisch gesungene und mit deutschem Refrain versehene &quot;Nur eine Nacht mit Dir&quot;.\" \/>\n<meta name=\"robots\" content=\"index, follow, max-snippet:-1, max-image-preview:large, max-video-preview:-1\" \/>\n<link rel=\"canonical\" href=\"https:\/\/www.allscore.de\/shop\/produkt\/3eme-sexe-lets-pretend\/\" \/>\n<meta property=\"og:locale\" content=\"de_DE\" \/>\n<meta property=\"og:type\" content=\"article\" \/>\n<meta property=\"og:title\" content=\"3eme Sexe - Let&#039;s pretend\" \/>\n<meta property=\"og:description\" content=\"EP-Ver\u00f6ffentlichung des 3eme Sexe Titels &quot;Let&#039;s Pretend&quot;, der in der preisgekr\u00f6nten D\u00e4nischen TV-Serie Borgen \/ The Government 2011\/12 (Staffel 2, Episode 5) weltweit zu h\u00f6ren und auch als Video zu sehen ist.  Dazu vier weitere exklusive Tracks, die den Sound des erfolgreichen Debutalbums &quot;Je t&#039;aime si vous voulez&quot; (2010, Allscore, ASM 031) fortsetzen. Darunter das lustvoll Englisch gesungene und mit deutschem Refrain versehene &quot;Nur eine Nacht mit Dir&quot;.\" \/>\n<meta property=\"og:url\" content=\"https:\/\/www.allscore.de\/shop\/produkt\/3eme-sexe-lets-pretend\/\" \/>\n<meta property=\"og:site_name\" content=\"Allscore Shop\" \/>\n<meta property=\"article:modified_time\" content=\"2025-01-30T17:34:48+00:00\" \/>\n<meta property=\"og:image\" content=\"https:\/\/www.allscore.de\/shop\/wp-content\/uploads\/2020\/10\/ASM031-2_1200x1200.jpg\" \/>\n\t<meta property=\"og:image:width\" content=\"1200\" \/>\n\t<meta property=\"og:image:height\" content=\"1199\" \/>\n\t<meta property=\"og:image:type\" content=\"image\/jpeg\" \/>\n<meta name=\"twitter:card\" content=\"summary_large_image\" \/>\n<script type=\"application\/ld+json\" class=\"yoast-schema-graph\">{\"@context\":\"https:\\\/\\\/schema.org\",\"@graph\":[{\"@type\":\"WebPage\",\"@id\":\"https:\\\/\\\/www.allscore.de\\\/shop\\\/produkt\\\/3eme-sexe-lets-pretend\\\/\",\"url\":\"https:\\\/\\\/www.allscore.de\\\/shop\\\/produkt\\\/3eme-sexe-lets-pretend\\\/\",\"name\":\"3eme Sexe - Let's pretend\",\"isPartOf\":{\"@id\":\"https:\\\/\\\/www.allscore.de\\\/shop\\\/#website\"},\"primaryImageOfPage\":{\"@id\":\"https:\\\/\\\/www.allscore.de\\\/shop\\\/produkt\\\/3eme-sexe-lets-pretend\\\/#primaryimage\"},\"image\":{\"@id\":\"https:\\\/\\\/www.allscore.de\\\/shop\\\/produkt\\\/3eme-sexe-lets-pretend\\\/#primaryimage\"},\"thumbnailUrl\":\"https:\\\/\\\/www.allscore.de\\\/shop\\\/wp-content\\\/uploads\\\/2020\\\/10\\\/ASM031-2_1200x1200.jpg\",\"datePublished\":\"2020-10-03T14:57:08+00:00\",\"dateModified\":\"2025-01-30T17:34:48+00:00\",\"description\":\"EP-Ver\u00f6ffentlichung des 3eme Sexe Titels \\\"Let's Pretend\\\", der in der preisgekr\u00f6nten D\u00e4nischen TV-Serie Borgen \\\/ The Government 2011\\\/12 (Staffel 2, Episode 5) weltweit zu h\u00f6ren und auch als Video zu sehen ist. Dazu vier weitere exklusive Tracks, die den Sound des erfolgreichen Debutalbums \\\"Je t'aime si vous voulez\\\" (2010, Allscore, ASM 031) fortsetzen. Darunter das lustvoll Englisch gesungene und mit deutschem Refrain versehene \\\"Nur eine Nacht mit Dir\\\".\",\"breadcrumb\":{\"@id\":\"https:\\\/\\\/www.allscore.de\\\/shop\\\/produkt\\\/3eme-sexe-lets-pretend\\\/#breadcrumb\"},\"inLanguage\":\"de\",\"potentialAction\":[{\"@type\":\"ReadAction\",\"target\":[\"https:\\\/\\\/www.allscore.de\\\/shop\\\/produkt\\\/3eme-sexe-lets-pretend\\\/\"]}]},{\"@type\":\"ImageObject\",\"inLanguage\":\"de\",\"@id\":\"https:\\\/\\\/www.allscore.de\\\/shop\\\/produkt\\\/3eme-sexe-lets-pretend\\\/#primaryimage\",\"url\":\"https:\\\/\\\/www.allscore.de\\\/shop\\\/wp-content\\\/uploads\\\/2020\\\/10\\\/ASM031-2_1200x1200.jpg\",\"contentUrl\":\"https:\\\/\\\/www.allscore.de\\\/shop\\\/wp-content\\\/uploads\\\/2020\\\/10\\\/ASM031-2_1200x1200.jpg\",\"width\":1200,\"height\":1199,\"caption\":\"3eme Sexe - Let's pretend\"},{\"@type\":\"BreadcrumbList\",\"@id\":\"https:\\\/\\\/www.allscore.de\\\/shop\\\/produkt\\\/3eme-sexe-lets-pretend\\\/#breadcrumb\",\"itemListElement\":[{\"@type\":\"ListItem\",\"position\":1,\"name\":\"Startseite\",\"item\":\"https:\\\/\\\/www.allscore.de\\\/shop\\\/\"},{\"@type\":\"ListItem\",\"position\":2,\"name\":\"Produkte\",\"item\":\"https:\\\/\\\/www.allscore.de\\\/shop\\\/shop\\\/\"},{\"@type\":\"ListItem\",\"position\":3,\"name\":\"3eme Sexe &#8211; Let&#8217;s pretend\"}]},{\"@type\":\"WebSite\",\"@id\":\"https:\\\/\\\/www.allscore.de\\\/shop\\\/#website\",\"url\":\"https:\\\/\\\/www.allscore.de\\\/shop\\\/\",\"name\":\"Allscore Shop\",\"description\":\"All Score Media\",\"publisher\":{\"@id\":\"https:\\\/\\\/www.allscore.de\\\/shop\\\/#organization\"},\"potentialAction\":[{\"@type\":\"SearchAction\",\"target\":{\"@type\":\"EntryPoint\",\"urlTemplate\":\"https:\\\/\\\/www.allscore.de\\\/shop\\\/?s={search_term_string}\"},\"query-input\":{\"@type\":\"PropertyValueSpecification\",\"valueRequired\":true,\"valueName\":\"search_term_string\"}}],\"inLanguage\":\"de\"},{\"@type\":\"Organization\",\"@id\":\"https:\\\/\\\/www.allscore.de\\\/shop\\\/#organization\",\"name\":\"All Score Media\",\"alternateName\":\"Allscore\",\"url\":\"https:\\\/\\\/www.allscore.de\\\/shop\\\/\",\"logo\":{\"@type\":\"ImageObject\",\"inLanguage\":\"de\",\"@id\":\"https:\\\/\\\/www.allscore.de\\\/shop\\\/#\\\/schema\\\/logo\\\/image\\\/\",\"url\":\"https:\\\/\\\/www.allscore.de\\\/shop\\\/wp-content\\\/uploads\\\/2026\\\/01\\\/Logo_Yoast_Shop_2026.png\",\"contentUrl\":\"https:\\\/\\\/www.allscore.de\\\/shop\\\/wp-content\\\/uploads\\\/2026\\\/01\\\/Logo_Yoast_Shop_2026.png\",\"width\":696,\"height\":696,\"caption\":\"All Score Media\"},\"image\":{\"@id\":\"https:\\\/\\\/www.allscore.de\\\/shop\\\/#\\\/schema\\\/logo\\\/image\\\/\"}}]}<\/script>\n<!-- \/ Yoast SEO plugin. -->","yoast_head_json":{"title":"3eme Sexe - Let's pretend","description":"EP-Ver\u00f6ffentlichung des 3eme Sexe Titels \"Let's Pretend\", der in der preisgekr\u00f6nten D\u00e4nischen TV-Serie Borgen \/ The Government 2011\/12 (Staffel 2, Episode 5) weltweit zu h\u00f6ren und auch als Video zu sehen ist.  Dazu vier weitere exklusive Tracks, die den Sound des erfolgreichen Debutalbums \"Je t'aime si vous voulez\" (2010, Allscore, ASM 031) fortsetzen. Darunter das lustvoll Englisch gesungene und mit deutschem Refrain versehene \"Nur eine Nacht mit Dir\".","robots":{"index":"index","follow":"follow","max-snippet":"max-snippet:-1","max-image-preview":"max-image-preview:large","max-video-preview":"max-video-preview:-1"},"canonical":"https:\/\/www.allscore.de\/shop\/produkt\/3eme-sexe-lets-pretend\/","og_locale":"de_DE","og_type":"article","og_title":"3eme Sexe - Let's pretend","og_description":"EP-Ver\u00f6ffentlichung des 3eme Sexe Titels \"Let's Pretend\", der in der preisgekr\u00f6nten D\u00e4nischen TV-Serie Borgen \/ The Government 2011\/12 (Staffel 2, Episode 5) weltweit zu h\u00f6ren und auch als Video zu sehen ist.  Dazu vier weitere exklusive Tracks, die den Sound des erfolgreichen Debutalbums \"Je t'aime si vous voulez\" (2010, Allscore, ASM 031) fortsetzen. Darunter das lustvoll Englisch gesungene und mit deutschem Refrain versehene \"Nur eine Nacht mit Dir\".","og_url":"https:\/\/www.allscore.de\/shop\/produkt\/3eme-sexe-lets-pretend\/","og_site_name":"Allscore Shop","article_modified_time":"2025-01-30T17:34:48+00:00","og_image":[{"width":1200,"height":1199,"url":"https:\/\/www.allscore.de\/shop\/wp-content\/uploads\/2020\/10\/ASM031-2_1200x1200.jpg","type":"image\/jpeg"}],"twitter_card":"summary_large_image","schema":{"@context":"https:\/\/schema.org","@graph":[{"@type":"WebPage","@id":"https:\/\/www.allscore.de\/shop\/produkt\/3eme-sexe-lets-pretend\/","url":"https:\/\/www.allscore.de\/shop\/produkt\/3eme-sexe-lets-pretend\/","name":"3eme Sexe - Let's pretend","isPartOf":{"@id":"https:\/\/www.allscore.de\/shop\/#website"},"primaryImageOfPage":{"@id":"https:\/\/www.allscore.de\/shop\/produkt\/3eme-sexe-lets-pretend\/#primaryimage"},"image":{"@id":"https:\/\/www.allscore.de\/shop\/produkt\/3eme-sexe-lets-pretend\/#primaryimage"},"thumbnailUrl":"https:\/\/www.allscore.de\/shop\/wp-content\/uploads\/2020\/10\/ASM031-2_1200x1200.jpg","datePublished":"2020-10-03T14:57:08+00:00","dateModified":"2025-01-30T17:34:48+00:00","description":"EP-Ver\u00f6ffentlichung des 3eme Sexe Titels \"Let's Pretend\", der in der preisgekr\u00f6nten D\u00e4nischen TV-Serie Borgen \/ The Government 2011\/12 (Staffel 2, Episode 5) weltweit zu h\u00f6ren und auch als Video zu sehen ist. Dazu vier weitere exklusive Tracks, die den Sound des erfolgreichen Debutalbums \"Je t'aime si vous voulez\" (2010, Allscore, ASM 031) fortsetzen. Darunter das lustvoll Englisch gesungene und mit deutschem Refrain versehene \"Nur eine Nacht mit Dir\".","breadcrumb":{"@id":"https:\/\/www.allscore.de\/shop\/produkt\/3eme-sexe-lets-pretend\/#breadcrumb"},"inLanguage":"de","potentialAction":[{"@type":"ReadAction","target":["https:\/\/www.allscore.de\/shop\/produkt\/3eme-sexe-lets-pretend\/"]}]},{"@type":"ImageObject","inLanguage":"de","@id":"https:\/\/www.allscore.de\/shop\/produkt\/3eme-sexe-lets-pretend\/#primaryimage","url":"https:\/\/www.allscore.de\/shop\/wp-content\/uploads\/2020\/10\/ASM031-2_1200x1200.jpg","contentUrl":"https:\/\/www.allscore.de\/shop\/wp-content\/uploads\/2020\/10\/ASM031-2_1200x1200.jpg","width":1200,"height":1199,"caption":"3eme Sexe - Let's pretend"},{"@type":"BreadcrumbList","@id":"https:\/\/www.allscore.de\/shop\/produkt\/3eme-sexe-lets-pretend\/#breadcrumb","itemListElement":[{"@type":"ListItem","position":1,"name":"Startseite","item":"https:\/\/www.allscore.de\/shop\/"},{"@type":"ListItem","position":2,"name":"Produkte","item":"https:\/\/www.allscore.de\/shop\/shop\/"},{"@type":"ListItem","position":3,"name":"3eme Sexe &#8211; Let&#8217;s pretend"}]},{"@type":"WebSite","@id":"https:\/\/www.allscore.de\/shop\/#website","url":"https:\/\/www.allscore.de\/shop\/","name":"Allscore Shop","description":"All Score Media","publisher":{"@id":"https:\/\/www.allscore.de\/shop\/#organization"},"potentialAction":[{"@type":"SearchAction","target":{"@type":"EntryPoint","urlTemplate":"https:\/\/www.allscore.de\/shop\/?s={search_term_string}"},"query-input":{"@type":"PropertyValueSpecification","valueRequired":true,"valueName":"search_term_string"}}],"inLanguage":"de"},{"@type":"Organization","@id":"https:\/\/www.allscore.de\/shop\/#organization","name":"All Score Media","alternateName":"Allscore","url":"https:\/\/www.allscore.de\/shop\/","logo":{"@type":"ImageObject","inLanguage":"de","@id":"https:\/\/www.allscore.de\/shop\/#\/schema\/logo\/image\/","url":"https:\/\/www.allscore.de\/shop\/wp-content\/uploads\/2026\/01\/Logo_Yoast_Shop_2026.png","contentUrl":"https:\/\/www.allscore.de\/shop\/wp-content\/uploads\/2026\/01\/Logo_Yoast_Shop_2026.png","width":696,"height":696,"caption":"All Score Media"},"image":{"@id":"https:\/\/www.allscore.de\/shop\/#\/schema\/logo\/image\/"}}]}},"_links":{"self":[{"href":"https:\/\/www.allscore.de\/shop\/wp-json\/wp\/v2\/product\/8392","targetHints":{"allow":["GET"]}}],"collection":[{"href":"https:\/\/www.allscore.de\/shop\/wp-json\/wp\/v2\/product"}],"about":[{"href":"https:\/\/www.allscore.de\/shop\/wp-json\/wp\/v2\/types\/product"}],"wp:featuredmedia":[{"embeddable":true,"href":"https:\/\/www.allscore.de\/shop\/wp-json\/wp\/v2\/media\/8395"}],"wp:attachment":[{"href":"https:\/\/www.allscore.de\/shop\/wp-json\/wp\/v2\/media?parent=8392"}],"wp:term":[{"taxonomy":"product_brand","embeddable":true,"href":"https:\/\/www.allscore.de\/shop\/wp-json\/wp\/v2\/product_brand?post=8392"},{"taxonomy":"product_cat","embeddable":true,"href":"https:\/\/www.allscore.de\/shop\/wp-json\/wp\/v2\/product_cat?post=8392"},{"taxonomy":"product_tag","embeddable":true,"href":"https:\/\/www.allscore.de\/shop\/wp-json\/wp\/v2\/product_tag?post=8392"}],"curies":[{"name":"wp","href":"https:\/\/api.w.org\/{rel}","templated":true}]}}