{"id":8294,"date":"2020-09-27T20:48:11","date_gmt":"2020-09-27T18:48:11","guid":{"rendered":"https:\/\/www.allscore.de\/shop\/?post_type=product&#038;p=8294"},"modified":"2022-07-20T22:27:31","modified_gmt":"2022-07-20T20:27:31","slug":"miss-claudia-pornorama-bon-voyage","status":"publish","type":"product","link":"https:\/\/www.allscore.de\/shop\/produkt\/miss-claudia-pornorama-bon-voyage\/","title":{"rendered":"Miss Claudia &#038; Pornorama &#8211; Bon Voyage"},"content":{"rendered":"<p>PRESSE<\/p>\n<p>Focus [07.10.02]: &#8222;\u2026die in Monaco wohnhafte Chanteuse bringt die vier Herren zu neuen H\u00f6hepunkten.&#8220;<\/p>\n<p>Taz [26.03.02]: &#8222;&#8230;die gro\u00dfe Geste des italienischen Canzone, die Verruchtheit des Chanson und das s\u00fcffige Timbre einer Heroine.&#8220;<\/p>\n","protected":false},"excerpt":{"rendered":"<p>Mit &#8222;Bon Voyage&#8220; liefert die Lounge-Jazz-Combo PORNORAMA ihre erste offizielle Ver\u00f6ffentlichung ab. Sieben Herren, ihres Zeichens allesamt versierte Jazzer, sammeln sich um die mond\u00e4ne, in Monaco beheimatete Chanteuse &#8222;Miss Claudia von F\u00fcrstenberg&#8220;, um ihrer Vorliebe f\u00fcr die Lounge-Musik und Softporno-Soundtracks der Sechziger Jahre zu fr\u00f6nen. Mittlerweile haben sie dabei zu einer eigenen Interpretation dieses Genres gefunden und lassen sich musikalisch wohl am ehesten zwischen Combustible Edison und De Phazz einordnen.<\/p>\n<p>Begonnen hatte alles mit der gemeinsamen Vorliebe f\u00fcr Gert Wildens Musik zu den billigen Pseudo-Aufkl\u00e4rungsfilmchen wie &#8222;Schulm\u00e4dchen Report&#8220;. Vier d\u00e4nische Jazzer, Schlagzeuger, Vibraphonist, Bassist und Keyboarder (Hammond) fa\u00dften den Plan, ihre Virtuosit\u00e4t daf\u00fcr einzusetzen, einen \u00e4hnlich erotischen wie groovenden Sound zu erzeugen. Ihre Bekanntschaft mit &#8222;Miss Claudia von F\u00fcrstenberg&#8220; war hierf\u00fcr sicherlich ein Gl\u00fccksfall. Zudem begeisterten sich noch 3 Blechbl\u00e4ser des Radiosymphonie-Orchesters Kopenhagen b f\u00fcr die stylische Band, so dass man f\u00fcrderhin zu acht den Lounges dieser Welt glamour\u00f6se Konzerte bieten konnte.<\/p>\n<p>Waren die ersten St\u00fccke noch Coverversionen des Altmeisters Gert Wilden (einem bekennenden PORNORAMA-Fan!), stehen heute \u00fcberwiegend Eigenkompositionen auf dem Programm.<\/p>\n<p>Neben den klassischen Lounges besteht die Band aber auch auf anderen B\u00fchnen \u2013 so wurden sie z.B. in Roskilde von einer begeisterten Hardcore-Crowd frenetisch gefeiert oder waren im Pack mit den Hauptdarstellerinnen aus Russ Meyer\u2019s Kultfilm &#8222;Faster Pussycat Kill! Kill!&#8220; auf der B\u00fchne.<\/p>\n<p>Nun aber erst mal den Minirock zurechtgezupft, in den Kugelsessel zur\u00fcckgelehnt (Cocktail-Glas nicht vergessen), den Blick auf die Lavalampe gerichtet und entspannt den Kl\u00e4ngen dieser wundersch\u00f6nen EP gelauscht.<\/p>\n<p class=\"catalogtext\">Bon Voyage!<br \/>\nMiss Claudia loves you!<\/p>\n<p>&nbsp;<\/p>\n<p><img decoding=\"async\" src=\"https:\/\/www.allscore.de\/upload\/miss-claudia_500.jpg\" \/><\/p>\n","protected":false},"featured_media":8029,"template":"","meta":[],"product_brand":[],"product_cat":[49,244],"product_tag":[],"class_list":{"0":"post-8294","1":"product","2":"type-product","3":"status-publish","4":"has-post-thumbnail","6":"product_cat-bands","7":"product_cat-miss-claudia-pornorama","8":"product_shipping_class-tontraeger-cd","9":"entry","10":"clearfix","11":"entry-grid","12":"entry-columns-3","13":"entry-product-module-layout-sidebar-right","14":"thumbnail-color-tone-dark","15":"entry-product","17":"entry-product-grid","19":"first","20":"instock","21":"taxable","22":"shipping-taxable","23":"purchasable","24":"product-type-simple"},"yoast_head":"<!-- This site is optimized with the Yoast SEO plugin v27.3 - https:\/\/yoast.com\/product\/yoast-seo-wordpress\/ -->\n<title>Miss Claudia &amp; Pornorama - Bon Voyage<\/title>\n<meta name=\"description\" content=\"Mit &quot;Bon Voyage&quot; liefert die Lounge-Jazz-Combo PORNORAMA ihre erste offizielle Ver\u00f6ffentlichung ab. Sieben Herren, ihres Zeichens allesamt versierte Jazzer, sammeln sich um die mond\u00e4ne, in Monaco beheimatete Chanteuse &quot;Miss Claudia von F\u00fcrstenberg&quot;, um ihrer Vorliebe f\u00fcr die Lounge-Musik und Softporno-Soundtracks der Sechziger Jahre zu fr\u00f6nen. Mittlerweile haben sie dabei zu einer eigenen Interpretation dieses Genres gefunden und lassen sich musikalisch wohl am ehesten zwischen Combustible Edison und De Phazz einordnen.  Begonnen hatte alles mit der gemeinsamen Vorliebe f\u00fcr Gert Wildens Musik zu den billigen Pseudo-Aufkl\u00e4rungsfilmchen wie &quot;Schulm\u00e4dchen Report&quot;. Vier d\u00e4nische Jazzer, Schlagzeuger, Vibraphonist, Bassist und Keyboarder (Hammond) fa\u00dften den Plan, ihre Virtuosit\u00e4t daf\u00fcr einzusetzen, einen \u00e4hnlich erotischen wie groovenden Sound zu erzeugen. Ihre Bekanntschaft mit &quot;Miss Claudia von F\u00fcrstenberg&quot; war hierf\u00fcr sicherlich ein Gl\u00fccksfall. Zudem begeisterten sich noch 3 Blechbl\u00e4ser des Radiosymphonie-Orchesters Kopenhagen b f\u00fcr die stylische Band, so dass man f\u00fcrderhin zu acht den Lounges dieser Welt glamour\u00f6se Konzerte bieten konnte.  Waren die ersten St\u00fccke noch Coverversionen des Altmeisters Gert Wilden (einem bekennenden PORNORAMA-Fan!), stehen heute \u00fcberwiegend Eigenkompositionen auf dem Programm.  Neben den klassischen Lounges besteht die Band aber auch auf anderen B\u00fchnen \u2013 so wurden sie z.B. in Roskilde von einer begeisterten Hardcore-Crowd frenetisch gefeiert oder waren im Pack mit den Hauptdarstellerinnen aus Russ Meyer\u2019s Kultfilm &quot;Faster Pussycat Kill! Kill!&quot; auf der B\u00fchne.  Nun aber erst mal den Minirock zurechtgezupft, in den Kugelsessel zur\u00fcckgelehnt (Cocktail-Glas nicht vergessen), den Blick auf die Lavalampe gerichtet und entspannt den Kl\u00e4ngen dieser wundersch\u00f6nen EP gelauscht. Bon Voyage! Miss Claudia loves you! &nbsp;\" \/>\n<meta name=\"robots\" content=\"index, follow, max-snippet:-1, max-image-preview:large, max-video-preview:-1\" \/>\n<link rel=\"canonical\" href=\"https:\/\/www.allscore.de\/shop\/produkt\/miss-claudia-pornorama-bon-voyage\/\" \/>\n<meta property=\"og:locale\" content=\"de_DE\" \/>\n<meta property=\"og:type\" content=\"article\" \/>\n<meta property=\"og:title\" content=\"Miss Claudia &amp; Pornorama - Bon Voyage\" \/>\n<meta property=\"og:description\" content=\"Mit &quot;Bon Voyage&quot; liefert die Lounge-Jazz-Combo PORNORAMA ihre erste offizielle Ver\u00f6ffentlichung ab. Sieben Herren, ihres Zeichens allesamt versierte Jazzer, sammeln sich um die mond\u00e4ne, in Monaco beheimatete Chanteuse &quot;Miss Claudia von F\u00fcrstenberg&quot;, um ihrer Vorliebe f\u00fcr die Lounge-Musik und Softporno-Soundtracks der Sechziger Jahre zu fr\u00f6nen. Mittlerweile haben sie dabei zu einer eigenen Interpretation dieses Genres gefunden und lassen sich musikalisch wohl am ehesten zwischen Combustible Edison und De Phazz einordnen.  Begonnen hatte alles mit der gemeinsamen Vorliebe f\u00fcr Gert Wildens Musik zu den billigen Pseudo-Aufkl\u00e4rungsfilmchen wie &quot;Schulm\u00e4dchen Report&quot;. Vier d\u00e4nische Jazzer, Schlagzeuger, Vibraphonist, Bassist und Keyboarder (Hammond) fa\u00dften den Plan, ihre Virtuosit\u00e4t daf\u00fcr einzusetzen, einen \u00e4hnlich erotischen wie groovenden Sound zu erzeugen. Ihre Bekanntschaft mit &quot;Miss Claudia von F\u00fcrstenberg&quot; war hierf\u00fcr sicherlich ein Gl\u00fccksfall. Zudem begeisterten sich noch 3 Blechbl\u00e4ser des Radiosymphonie-Orchesters Kopenhagen b f\u00fcr die stylische Band, so dass man f\u00fcrderhin zu acht den Lounges dieser Welt glamour\u00f6se Konzerte bieten konnte.  Waren die ersten St\u00fccke noch Coverversionen des Altmeisters Gert Wilden (einem bekennenden PORNORAMA-Fan!), stehen heute \u00fcberwiegend Eigenkompositionen auf dem Programm.  Neben den klassischen Lounges besteht die Band aber auch auf anderen B\u00fchnen \u2013 so wurden sie z.B. in Roskilde von einer begeisterten Hardcore-Crowd frenetisch gefeiert oder waren im Pack mit den Hauptdarstellerinnen aus Russ Meyer\u2019s Kultfilm &quot;Faster Pussycat Kill! Kill!&quot; auf der B\u00fchne.  Nun aber erst mal den Minirock zurechtgezupft, in den Kugelsessel zur\u00fcckgelehnt (Cocktail-Glas nicht vergessen), den Blick auf die Lavalampe gerichtet und entspannt den Kl\u00e4ngen dieser wundersch\u00f6nen EP gelauscht. Bon Voyage! Miss Claudia loves you! &nbsp;\" \/>\n<meta property=\"og:url\" content=\"https:\/\/www.allscore.de\/shop\/produkt\/miss-claudia-pornorama-bon-voyage\/\" \/>\n<meta property=\"og:site_name\" content=\"Allscore Shop\" \/>\n<meta property=\"article:modified_time\" content=\"2022-07-20T20:27:31+00:00\" \/>\n<meta property=\"og:image\" content=\"https:\/\/www.allscore.de\/shop\/wp-content\/uploads\/2020\/09\/ASM012_1200x1200.jpg\" \/>\n\t<meta property=\"og:image:width\" content=\"1200\" \/>\n\t<meta property=\"og:image:height\" content=\"1200\" \/>\n\t<meta property=\"og:image:type\" content=\"image\/jpeg\" \/>\n<meta name=\"twitter:card\" content=\"summary_large_image\" \/>\n<script type=\"application\/ld+json\" class=\"yoast-schema-graph\">{\"@context\":\"https:\\\/\\\/schema.org\",\"@graph\":[{\"@type\":\"WebPage\",\"@id\":\"https:\\\/\\\/www.allscore.de\\\/shop\\\/produkt\\\/miss-claudia-pornorama-bon-voyage\\\/\",\"url\":\"https:\\\/\\\/www.allscore.de\\\/shop\\\/produkt\\\/miss-claudia-pornorama-bon-voyage\\\/\",\"name\":\"Miss Claudia & Pornorama - Bon Voyage\",\"isPartOf\":{\"@id\":\"https:\\\/\\\/www.allscore.de\\\/shop\\\/#website\"},\"primaryImageOfPage\":{\"@id\":\"https:\\\/\\\/www.allscore.de\\\/shop\\\/produkt\\\/miss-claudia-pornorama-bon-voyage\\\/#primaryimage\"},\"image\":{\"@id\":\"https:\\\/\\\/www.allscore.de\\\/shop\\\/produkt\\\/miss-claudia-pornorama-bon-voyage\\\/#primaryimage\"},\"thumbnailUrl\":\"https:\\\/\\\/www.allscore.de\\\/shop\\\/wp-content\\\/uploads\\\/2020\\\/09\\\/ASM012_1200x1200.jpg\",\"datePublished\":\"2020-09-27T18:48:11+00:00\",\"dateModified\":\"2022-07-20T20:27:31+00:00\",\"description\":\"Mit \\\"Bon Voyage\\\" liefert die Lounge-Jazz-Combo PORNORAMA ihre erste offizielle Ver\u00f6ffentlichung ab. Sieben Herren, ihres Zeichens allesamt versierte Jazzer, sammeln sich um die mond\u00e4ne, in Monaco beheimatete Chanteuse \\\"Miss Claudia von F\u00fcrstenberg\\\", um ihrer Vorliebe f\u00fcr die Lounge-Musik und Softporno-Soundtracks der Sechziger Jahre zu fr\u00f6nen. Mittlerweile haben sie dabei zu einer eigenen Interpretation dieses Genres gefunden und lassen sich musikalisch wohl am ehesten zwischen Combustible Edison und De Phazz einordnen. Begonnen hatte alles mit der gemeinsamen Vorliebe f\u00fcr Gert Wildens Musik zu den billigen Pseudo-Aufkl\u00e4rungsfilmchen wie \\\"Schulm\u00e4dchen Report\\\". Vier d\u00e4nische Jazzer, Schlagzeuger, Vibraphonist, Bassist und Keyboarder (Hammond) fa\u00dften den Plan, ihre Virtuosit\u00e4t daf\u00fcr einzusetzen, einen \u00e4hnlich erotischen wie groovenden Sound zu erzeugen. Ihre Bekanntschaft mit \\\"Miss Claudia von F\u00fcrstenberg\\\" war hierf\u00fcr sicherlich ein Gl\u00fccksfall. Zudem begeisterten sich noch 3 Blechbl\u00e4ser des Radiosymphonie-Orchesters Kopenhagen b f\u00fcr die stylische Band, so dass man f\u00fcrderhin zu acht den Lounges dieser Welt glamour\u00f6se Konzerte bieten konnte. Waren die ersten St\u00fccke noch Coverversionen des Altmeisters Gert Wilden (einem bekennenden PORNORAMA-Fan!), stehen heute \u00fcberwiegend Eigenkompositionen auf dem Programm. Neben den klassischen Lounges besteht die Band aber auch auf anderen B\u00fchnen \u2013 so wurden sie z.B. in Roskilde von einer begeisterten Hardcore-Crowd frenetisch gefeiert oder waren im Pack mit den Hauptdarstellerinnen aus Russ Meyer\u2019s Kultfilm \\\"Faster Pussycat Kill! Kill!\\\" auf der B\u00fchne. Nun aber erst mal den Minirock zurechtgezupft, in den Kugelsessel zur\u00fcckgelehnt (Cocktail-Glas nicht vergessen), den Blick auf die Lavalampe gerichtet und entspannt den Kl\u00e4ngen dieser wundersch\u00f6nen EP gelauscht. Bon Voyage! Miss Claudia loves you! &nbsp;\",\"breadcrumb\":{\"@id\":\"https:\\\/\\\/www.allscore.de\\\/shop\\\/produkt\\\/miss-claudia-pornorama-bon-voyage\\\/#breadcrumb\"},\"inLanguage\":\"de\",\"potentialAction\":[{\"@type\":\"ReadAction\",\"target\":[\"https:\\\/\\\/www.allscore.de\\\/shop\\\/produkt\\\/miss-claudia-pornorama-bon-voyage\\\/\"]}]},{\"@type\":\"ImageObject\",\"inLanguage\":\"de\",\"@id\":\"https:\\\/\\\/www.allscore.de\\\/shop\\\/produkt\\\/miss-claudia-pornorama-bon-voyage\\\/#primaryimage\",\"url\":\"https:\\\/\\\/www.allscore.de\\\/shop\\\/wp-content\\\/uploads\\\/2020\\\/09\\\/ASM012_1200x1200.jpg\",\"contentUrl\":\"https:\\\/\\\/www.allscore.de\\\/shop\\\/wp-content\\\/uploads\\\/2020\\\/09\\\/ASM012_1200x1200.jpg\",\"width\":1200,\"height\":1200,\"caption\":\"Pornorama - Bon Voyage\"},{\"@type\":\"BreadcrumbList\",\"@id\":\"https:\\\/\\\/www.allscore.de\\\/shop\\\/produkt\\\/miss-claudia-pornorama-bon-voyage\\\/#breadcrumb\",\"itemListElement\":[{\"@type\":\"ListItem\",\"position\":1,\"name\":\"Startseite\",\"item\":\"https:\\\/\\\/www.allscore.de\\\/shop\\\/\"},{\"@type\":\"ListItem\",\"position\":2,\"name\":\"Produkte\",\"item\":\"https:\\\/\\\/www.allscore.de\\\/shop\\\/shop\\\/\"},{\"@type\":\"ListItem\",\"position\":3,\"name\":\"Miss Claudia &#038; Pornorama &#8211; Bon Voyage\"}]},{\"@type\":\"WebSite\",\"@id\":\"https:\\\/\\\/www.allscore.de\\\/shop\\\/#website\",\"url\":\"https:\\\/\\\/www.allscore.de\\\/shop\\\/\",\"name\":\"Allscore Shop\",\"description\":\"All Score Media\",\"publisher\":{\"@id\":\"https:\\\/\\\/www.allscore.de\\\/shop\\\/#organization\"},\"potentialAction\":[{\"@type\":\"SearchAction\",\"target\":{\"@type\":\"EntryPoint\",\"urlTemplate\":\"https:\\\/\\\/www.allscore.de\\\/shop\\\/?s={search_term_string}\"},\"query-input\":{\"@type\":\"PropertyValueSpecification\",\"valueRequired\":true,\"valueName\":\"search_term_string\"}}],\"inLanguage\":\"de\"},{\"@type\":\"Organization\",\"@id\":\"https:\\\/\\\/www.allscore.de\\\/shop\\\/#organization\",\"name\":\"All Score Media\",\"alternateName\":\"Allscore\",\"url\":\"https:\\\/\\\/www.allscore.de\\\/shop\\\/\",\"logo\":{\"@type\":\"ImageObject\",\"inLanguage\":\"de\",\"@id\":\"https:\\\/\\\/www.allscore.de\\\/shop\\\/#\\\/schema\\\/logo\\\/image\\\/\",\"url\":\"https:\\\/\\\/www.allscore.de\\\/shop\\\/wp-content\\\/uploads\\\/2026\\\/01\\\/Logo_Yoast_Shop_2026.png\",\"contentUrl\":\"https:\\\/\\\/www.allscore.de\\\/shop\\\/wp-content\\\/uploads\\\/2026\\\/01\\\/Logo_Yoast_Shop_2026.png\",\"width\":696,\"height\":696,\"caption\":\"All Score Media\"},\"image\":{\"@id\":\"https:\\\/\\\/www.allscore.de\\\/shop\\\/#\\\/schema\\\/logo\\\/image\\\/\"}}]}<\/script>\n<!-- \/ Yoast SEO plugin. -->","yoast_head_json":{"title":"Miss Claudia & Pornorama - Bon Voyage","description":"Mit \"Bon Voyage\" liefert die Lounge-Jazz-Combo PORNORAMA ihre erste offizielle Ver\u00f6ffentlichung ab. Sieben Herren, ihres Zeichens allesamt versierte Jazzer, sammeln sich um die mond\u00e4ne, in Monaco beheimatete Chanteuse \"Miss Claudia von F\u00fcrstenberg\", um ihrer Vorliebe f\u00fcr die Lounge-Musik und Softporno-Soundtracks der Sechziger Jahre zu fr\u00f6nen. Mittlerweile haben sie dabei zu einer eigenen Interpretation dieses Genres gefunden und lassen sich musikalisch wohl am ehesten zwischen Combustible Edison und De Phazz einordnen.  Begonnen hatte alles mit der gemeinsamen Vorliebe f\u00fcr Gert Wildens Musik zu den billigen Pseudo-Aufkl\u00e4rungsfilmchen wie \"Schulm\u00e4dchen Report\". Vier d\u00e4nische Jazzer, Schlagzeuger, Vibraphonist, Bassist und Keyboarder (Hammond) fa\u00dften den Plan, ihre Virtuosit\u00e4t daf\u00fcr einzusetzen, einen \u00e4hnlich erotischen wie groovenden Sound zu erzeugen. Ihre Bekanntschaft mit \"Miss Claudia von F\u00fcrstenberg\" war hierf\u00fcr sicherlich ein Gl\u00fccksfall. Zudem begeisterten sich noch 3 Blechbl\u00e4ser des Radiosymphonie-Orchesters Kopenhagen b f\u00fcr die stylische Band, so dass man f\u00fcrderhin zu acht den Lounges dieser Welt glamour\u00f6se Konzerte bieten konnte.  Waren die ersten St\u00fccke noch Coverversionen des Altmeisters Gert Wilden (einem bekennenden PORNORAMA-Fan!), stehen heute \u00fcberwiegend Eigenkompositionen auf dem Programm.  Neben den klassischen Lounges besteht die Band aber auch auf anderen B\u00fchnen \u2013 so wurden sie z.B. in Roskilde von einer begeisterten Hardcore-Crowd frenetisch gefeiert oder waren im Pack mit den Hauptdarstellerinnen aus Russ Meyer\u2019s Kultfilm \"Faster Pussycat Kill! Kill!\" auf der B\u00fchne.  Nun aber erst mal den Minirock zurechtgezupft, in den Kugelsessel zur\u00fcckgelehnt (Cocktail-Glas nicht vergessen), den Blick auf die Lavalampe gerichtet und entspannt den Kl\u00e4ngen dieser wundersch\u00f6nen EP gelauscht. Bon Voyage! Miss Claudia loves you! &nbsp;","robots":{"index":"index","follow":"follow","max-snippet":"max-snippet:-1","max-image-preview":"max-image-preview:large","max-video-preview":"max-video-preview:-1"},"canonical":"https:\/\/www.allscore.de\/shop\/produkt\/miss-claudia-pornorama-bon-voyage\/","og_locale":"de_DE","og_type":"article","og_title":"Miss Claudia & Pornorama - Bon Voyage","og_description":"Mit \"Bon Voyage\" liefert die Lounge-Jazz-Combo PORNORAMA ihre erste offizielle Ver\u00f6ffentlichung ab. Sieben Herren, ihres Zeichens allesamt versierte Jazzer, sammeln sich um die mond\u00e4ne, in Monaco beheimatete Chanteuse \"Miss Claudia von F\u00fcrstenberg\", um ihrer Vorliebe f\u00fcr die Lounge-Musik und Softporno-Soundtracks der Sechziger Jahre zu fr\u00f6nen. Mittlerweile haben sie dabei zu einer eigenen Interpretation dieses Genres gefunden und lassen sich musikalisch wohl am ehesten zwischen Combustible Edison und De Phazz einordnen.  Begonnen hatte alles mit der gemeinsamen Vorliebe f\u00fcr Gert Wildens Musik zu den billigen Pseudo-Aufkl\u00e4rungsfilmchen wie \"Schulm\u00e4dchen Report\". Vier d\u00e4nische Jazzer, Schlagzeuger, Vibraphonist, Bassist und Keyboarder (Hammond) fa\u00dften den Plan, ihre Virtuosit\u00e4t daf\u00fcr einzusetzen, einen \u00e4hnlich erotischen wie groovenden Sound zu erzeugen. Ihre Bekanntschaft mit \"Miss Claudia von F\u00fcrstenberg\" war hierf\u00fcr sicherlich ein Gl\u00fccksfall. Zudem begeisterten sich noch 3 Blechbl\u00e4ser des Radiosymphonie-Orchesters Kopenhagen b f\u00fcr die stylische Band, so dass man f\u00fcrderhin zu acht den Lounges dieser Welt glamour\u00f6se Konzerte bieten konnte.  Waren die ersten St\u00fccke noch Coverversionen des Altmeisters Gert Wilden (einem bekennenden PORNORAMA-Fan!), stehen heute \u00fcberwiegend Eigenkompositionen auf dem Programm.  Neben den klassischen Lounges besteht die Band aber auch auf anderen B\u00fchnen \u2013 so wurden sie z.B. in Roskilde von einer begeisterten Hardcore-Crowd frenetisch gefeiert oder waren im Pack mit den Hauptdarstellerinnen aus Russ Meyer\u2019s Kultfilm \"Faster Pussycat Kill! Kill!\" auf der B\u00fchne.  Nun aber erst mal den Minirock zurechtgezupft, in den Kugelsessel zur\u00fcckgelehnt (Cocktail-Glas nicht vergessen), den Blick auf die Lavalampe gerichtet und entspannt den Kl\u00e4ngen dieser wundersch\u00f6nen EP gelauscht. Bon Voyage! Miss Claudia loves you! &nbsp;","og_url":"https:\/\/www.allscore.de\/shop\/produkt\/miss-claudia-pornorama-bon-voyage\/","og_site_name":"Allscore Shop","article_modified_time":"2022-07-20T20:27:31+00:00","og_image":[{"width":1200,"height":1200,"url":"https:\/\/www.allscore.de\/shop\/wp-content\/uploads\/2020\/09\/ASM012_1200x1200.jpg","type":"image\/jpeg"}],"twitter_card":"summary_large_image","schema":{"@context":"https:\/\/schema.org","@graph":[{"@type":"WebPage","@id":"https:\/\/www.allscore.de\/shop\/produkt\/miss-claudia-pornorama-bon-voyage\/","url":"https:\/\/www.allscore.de\/shop\/produkt\/miss-claudia-pornorama-bon-voyage\/","name":"Miss Claudia & Pornorama - Bon Voyage","isPartOf":{"@id":"https:\/\/www.allscore.de\/shop\/#website"},"primaryImageOfPage":{"@id":"https:\/\/www.allscore.de\/shop\/produkt\/miss-claudia-pornorama-bon-voyage\/#primaryimage"},"image":{"@id":"https:\/\/www.allscore.de\/shop\/produkt\/miss-claudia-pornorama-bon-voyage\/#primaryimage"},"thumbnailUrl":"https:\/\/www.allscore.de\/shop\/wp-content\/uploads\/2020\/09\/ASM012_1200x1200.jpg","datePublished":"2020-09-27T18:48:11+00:00","dateModified":"2022-07-20T20:27:31+00:00","description":"Mit \"Bon Voyage\" liefert die Lounge-Jazz-Combo PORNORAMA ihre erste offizielle Ver\u00f6ffentlichung ab. Sieben Herren, ihres Zeichens allesamt versierte Jazzer, sammeln sich um die mond\u00e4ne, in Monaco beheimatete Chanteuse \"Miss Claudia von F\u00fcrstenberg\", um ihrer Vorliebe f\u00fcr die Lounge-Musik und Softporno-Soundtracks der Sechziger Jahre zu fr\u00f6nen. Mittlerweile haben sie dabei zu einer eigenen Interpretation dieses Genres gefunden und lassen sich musikalisch wohl am ehesten zwischen Combustible Edison und De Phazz einordnen. Begonnen hatte alles mit der gemeinsamen Vorliebe f\u00fcr Gert Wildens Musik zu den billigen Pseudo-Aufkl\u00e4rungsfilmchen wie \"Schulm\u00e4dchen Report\". Vier d\u00e4nische Jazzer, Schlagzeuger, Vibraphonist, Bassist und Keyboarder (Hammond) fa\u00dften den Plan, ihre Virtuosit\u00e4t daf\u00fcr einzusetzen, einen \u00e4hnlich erotischen wie groovenden Sound zu erzeugen. Ihre Bekanntschaft mit \"Miss Claudia von F\u00fcrstenberg\" war hierf\u00fcr sicherlich ein Gl\u00fccksfall. Zudem begeisterten sich noch 3 Blechbl\u00e4ser des Radiosymphonie-Orchesters Kopenhagen b f\u00fcr die stylische Band, so dass man f\u00fcrderhin zu acht den Lounges dieser Welt glamour\u00f6se Konzerte bieten konnte. Waren die ersten St\u00fccke noch Coverversionen des Altmeisters Gert Wilden (einem bekennenden PORNORAMA-Fan!), stehen heute \u00fcberwiegend Eigenkompositionen auf dem Programm. Neben den klassischen Lounges besteht die Band aber auch auf anderen B\u00fchnen \u2013 so wurden sie z.B. in Roskilde von einer begeisterten Hardcore-Crowd frenetisch gefeiert oder waren im Pack mit den Hauptdarstellerinnen aus Russ Meyer\u2019s Kultfilm \"Faster Pussycat Kill! Kill!\" auf der B\u00fchne. Nun aber erst mal den Minirock zurechtgezupft, in den Kugelsessel zur\u00fcckgelehnt (Cocktail-Glas nicht vergessen), den Blick auf die Lavalampe gerichtet und entspannt den Kl\u00e4ngen dieser wundersch\u00f6nen EP gelauscht. Bon Voyage! Miss Claudia loves you! &nbsp;","breadcrumb":{"@id":"https:\/\/www.allscore.de\/shop\/produkt\/miss-claudia-pornorama-bon-voyage\/#breadcrumb"},"inLanguage":"de","potentialAction":[{"@type":"ReadAction","target":["https:\/\/www.allscore.de\/shop\/produkt\/miss-claudia-pornorama-bon-voyage\/"]}]},{"@type":"ImageObject","inLanguage":"de","@id":"https:\/\/www.allscore.de\/shop\/produkt\/miss-claudia-pornorama-bon-voyage\/#primaryimage","url":"https:\/\/www.allscore.de\/shop\/wp-content\/uploads\/2020\/09\/ASM012_1200x1200.jpg","contentUrl":"https:\/\/www.allscore.de\/shop\/wp-content\/uploads\/2020\/09\/ASM012_1200x1200.jpg","width":1200,"height":1200,"caption":"Pornorama - Bon Voyage"},{"@type":"BreadcrumbList","@id":"https:\/\/www.allscore.de\/shop\/produkt\/miss-claudia-pornorama-bon-voyage\/#breadcrumb","itemListElement":[{"@type":"ListItem","position":1,"name":"Startseite","item":"https:\/\/www.allscore.de\/shop\/"},{"@type":"ListItem","position":2,"name":"Produkte","item":"https:\/\/www.allscore.de\/shop\/shop\/"},{"@type":"ListItem","position":3,"name":"Miss Claudia &#038; Pornorama &#8211; Bon Voyage"}]},{"@type":"WebSite","@id":"https:\/\/www.allscore.de\/shop\/#website","url":"https:\/\/www.allscore.de\/shop\/","name":"Allscore Shop","description":"All Score Media","publisher":{"@id":"https:\/\/www.allscore.de\/shop\/#organization"},"potentialAction":[{"@type":"SearchAction","target":{"@type":"EntryPoint","urlTemplate":"https:\/\/www.allscore.de\/shop\/?s={search_term_string}"},"query-input":{"@type":"PropertyValueSpecification","valueRequired":true,"valueName":"search_term_string"}}],"inLanguage":"de"},{"@type":"Organization","@id":"https:\/\/www.allscore.de\/shop\/#organization","name":"All Score Media","alternateName":"Allscore","url":"https:\/\/www.allscore.de\/shop\/","logo":{"@type":"ImageObject","inLanguage":"de","@id":"https:\/\/www.allscore.de\/shop\/#\/schema\/logo\/image\/","url":"https:\/\/www.allscore.de\/shop\/wp-content\/uploads\/2026\/01\/Logo_Yoast_Shop_2026.png","contentUrl":"https:\/\/www.allscore.de\/shop\/wp-content\/uploads\/2026\/01\/Logo_Yoast_Shop_2026.png","width":696,"height":696,"caption":"All Score Media"},"image":{"@id":"https:\/\/www.allscore.de\/shop\/#\/schema\/logo\/image\/"}}]}},"_links":{"self":[{"href":"https:\/\/www.allscore.de\/shop\/wp-json\/wp\/v2\/product\/8294","targetHints":{"allow":["GET"]}}],"collection":[{"href":"https:\/\/www.allscore.de\/shop\/wp-json\/wp\/v2\/product"}],"about":[{"href":"https:\/\/www.allscore.de\/shop\/wp-json\/wp\/v2\/types\/product"}],"wp:featuredmedia":[{"embeddable":true,"href":"https:\/\/www.allscore.de\/shop\/wp-json\/wp\/v2\/media\/8029"}],"wp:attachment":[{"href":"https:\/\/www.allscore.de\/shop\/wp-json\/wp\/v2\/media?parent=8294"}],"wp:term":[{"taxonomy":"product_brand","embeddable":true,"href":"https:\/\/www.allscore.de\/shop\/wp-json\/wp\/v2\/product_brand?post=8294"},{"taxonomy":"product_cat","embeddable":true,"href":"https:\/\/www.allscore.de\/shop\/wp-json\/wp\/v2\/product_cat?post=8294"},{"taxonomy":"product_tag","embeddable":true,"href":"https:\/\/www.allscore.de\/shop\/wp-json\/wp\/v2\/product_tag?post=8294"}],"curies":[{"name":"wp","href":"https:\/\/api.w.org\/{rel}","templated":true}]}}