{"id":8290,"date":"2020-09-27T20:35:40","date_gmt":"2020-09-27T18:35:40","guid":{"rendered":"https:\/\/www.allscore.de\/shop\/?post_type=product&#038;p=8290"},"modified":"2022-07-20T22:27:31","modified_gmt":"2022-07-20T20:27:31","slug":"miss-claudia-pornorama-airport","status":"publish","type":"product","link":"https:\/\/www.allscore.de\/shop\/produkt\/miss-claudia-pornorama-airport\/","title":{"rendered":"Miss Claudia &#038; Pornorama &#8211; Airport"},"content":{"rendered":"<p>PRESSE<\/p>\n<p>OX Fanzine [04\/05]: &#8222;\u2026alle die Dinge, die man auf einem &#8222;Airport&#8220; finden kann, wenn man hinh\u00f6rt. Ein sehr cooles Album f\u00fcr Freunde von Soundtracks, ohne dass es ein Soundtrack ist\u2026Cooles Album. Smooth rotation!&#8220;<\/p>\n<p>Lift [05\/04]: &#8222;stimmiges Gemisch, das organisch und easy \u00fcber die B\u00fchne soult.&#8220;<\/p>\n<p>Whirlypop [05\/14]: &#8222;In 48 Minuten mit einem Cocktail in der einen und einem Zigarillo in der anderen Hand durch die glitzernde Welt des internationalen Jet Sets gereist.&#8220;<\/p>\n","protected":false},"excerpt":{"rendered":"<p>&nbsp;<\/p>\n<p>Die d\u00e4nischen Lounge-Jazzer um Chanteuse Miss Claudia entf\u00fchren uns in die glitzernde Welt des internationalen Jet Set. Rio, Karibik, Nepal \u2013 Miss Claudia und ihre Mannen sind \u00fcberall heimisch. Auf \u201eairport\u201c wird in 13 Titeln umgesetzt, was die Band schon auf mehreren Deutschlandtouren unter Beweis stellen konnte: Sie sind mit ihrem 60er\/70er Retrosound ohne den geringsten Jet Lag im \u201ehier und jetzt\u201c gelandet. Die Frisur sitzt.<\/p>\n<p>Das Handwerkszeug der Lounge-Band ist mit Vibraphon, Hammond, Blechbl\u00e4ser klassisch gehalten, jedoch durften beim<br \/>\nAbmischen auch mal Vertreter modernerer Sounds wie der Concorde Music Club aus Paris ans Werk.<br \/>\nWas sich um Miss Claudias laszive Stimme entwickelt, ist ein zeitloser Clubsound, dessen Bandbreite von intimen Duetten mit Fuzzy Love Mastermind J. J. Jones (u.a. Aznavours \u201eI love you song\u201c) bis hin zu leichtf\u00fc\u00dfig-temperamentvollen St\u00fccken wie \u201eIn the Caribbean\u201c oder der zweiten Coverversion des Albums, Armando Trovaiolis \u201eIl Profeta\u201c, reicht.<\/p>\n<p>Stilbewusst pr\u00e4sentiert sich \u201eairport\u201c im nordisch-k\u00fchl gehaltenen Digipack.<\/p>\n<p>&nbsp;<\/p>\n<p><img decoding=\"async\" src=\"https:\/\/www.allscore.de\/upload\/pornorama_airport_500.jpg\" \/><\/p>\n<p>&nbsp;<\/p>\n","protected":false},"featured_media":8028,"template":"","meta":[],"product_brand":[],"product_cat":[49,244],"product_tag":[],"class_list":{"0":"post-8290","1":"product","2":"type-product","3":"status-publish","4":"has-post-thumbnail","6":"product_cat-bands","7":"product_cat-miss-claudia-pornorama","8":"product_shipping_class-tontraeger-cd","9":"entry","10":"clearfix","11":"entry-grid","12":"entry-columns-3","13":"entry-product-module-layout-sidebar-right","14":"thumbnail-color-tone-dark","15":"entry-product","17":"entry-product-grid","19":"first","20":"instock","21":"taxable","22":"shipping-taxable","23":"purchasable","24":"product-type-simple"},"yoast_head":"<!-- This site is optimized with the Yoast SEO plugin v27.4 - https:\/\/yoast.com\/product\/yoast-seo-wordpress\/ -->\n<title>Miss Claudia &amp; Pornorama - Airport<\/title>\n<meta name=\"description\" content=\"&nbsp;  Die d\u00e4nischen Lounge-Jazzer um Chanteuse Miss Claudia entf\u00fchren uns in die glitzernde Welt des internationalen Jet Set. Rio, Karibik, Nepal \u2013 Miss Claudia und ihre Mannen sind \u00fcberall heimisch. Auf \u201eairport\u201c wird in 13 Titeln umgesetzt, was die Band schon auf mehreren Deutschlandtouren unter Beweis stellen konnte: Sie sind mit ihrem 60er\/70er Retrosound ohne den geringsten Jet Lag im \u201ehier und jetzt\u201c gelandet. Die Frisur sitzt.  Das Handwerkszeug der Lounge-Band ist mit Vibraphon, Hammond, Blechbl\u00e4ser klassisch gehalten, jedoch durften beim Abmischen auch mal Vertreter modernerer Sounds wie der Concorde Music Club aus Paris ans Werk. Was sich um Miss Claudias laszive Stimme entwickelt, ist ein zeitloser Clubsound, dessen Bandbreite von intimen Duetten mit Fuzzy Love Mastermind J. J. Jones (u.a. Aznavours \u201eI love you song\u201c) bis hin zu leichtf\u00fc\u00dfig-temperamentvollen St\u00fccken wie \u201eIn the Caribbean\u201c oder der zweiten Coverversion des Albums, Armando Trovaiolis \u201eIl Profeta\u201c, reicht.  Stilbewusst pr\u00e4sentiert sich \u201eairport\u201c im nordisch-k\u00fchl gehaltenen Digipack.  &nbsp;    &nbsp;\" \/>\n<meta name=\"robots\" content=\"index, follow, max-snippet:-1, max-image-preview:large, max-video-preview:-1\" \/>\n<link rel=\"canonical\" href=\"https:\/\/www.allscore.de\/shop\/produkt\/miss-claudia-pornorama-airport\/\" \/>\n<meta property=\"og:locale\" content=\"de_DE\" \/>\n<meta property=\"og:type\" content=\"article\" \/>\n<meta property=\"og:title\" content=\"Miss Claudia &amp; Pornorama - Airport\" \/>\n<meta property=\"og:description\" content=\"&nbsp;  Die d\u00e4nischen Lounge-Jazzer um Chanteuse Miss Claudia entf\u00fchren uns in die glitzernde Welt des internationalen Jet Set. Rio, Karibik, Nepal \u2013 Miss Claudia und ihre Mannen sind \u00fcberall heimisch. Auf \u201eairport\u201c wird in 13 Titeln umgesetzt, was die Band schon auf mehreren Deutschlandtouren unter Beweis stellen konnte: Sie sind mit ihrem 60er\/70er Retrosound ohne den geringsten Jet Lag im \u201ehier und jetzt\u201c gelandet. Die Frisur sitzt.  Das Handwerkszeug der Lounge-Band ist mit Vibraphon, Hammond, Blechbl\u00e4ser klassisch gehalten, jedoch durften beim Abmischen auch mal Vertreter modernerer Sounds wie der Concorde Music Club aus Paris ans Werk. Was sich um Miss Claudias laszive Stimme entwickelt, ist ein zeitloser Clubsound, dessen Bandbreite von intimen Duetten mit Fuzzy Love Mastermind J. J. Jones (u.a. Aznavours \u201eI love you song\u201c) bis hin zu leichtf\u00fc\u00dfig-temperamentvollen St\u00fccken wie \u201eIn the Caribbean\u201c oder der zweiten Coverversion des Albums, Armando Trovaiolis \u201eIl Profeta\u201c, reicht.  Stilbewusst pr\u00e4sentiert sich \u201eairport\u201c im nordisch-k\u00fchl gehaltenen Digipack.  &nbsp;    &nbsp;\" \/>\n<meta property=\"og:url\" content=\"https:\/\/www.allscore.de\/shop\/produkt\/miss-claudia-pornorama-airport\/\" \/>\n<meta property=\"og:site_name\" content=\"Allscore Shop\" \/>\n<meta property=\"article:modified_time\" content=\"2022-07-20T20:27:31+00:00\" \/>\n<meta property=\"og:image\" content=\"https:\/\/www.allscore.de\/shop\/wp-content\/uploads\/2020\/09\/ASM020_1200x1200.jpg\" \/>\n\t<meta property=\"og:image:width\" content=\"1200\" \/>\n\t<meta property=\"og:image:height\" content=\"1200\" \/>\n\t<meta property=\"og:image:type\" content=\"image\/jpeg\" \/>\n<meta name=\"twitter:card\" content=\"summary_large_image\" \/>\n<script type=\"application\/ld+json\" class=\"yoast-schema-graph\">{\"@context\":\"https:\\\/\\\/schema.org\",\"@graph\":[{\"@type\":\"WebPage\",\"@id\":\"https:\\\/\\\/www.allscore.de\\\/shop\\\/produkt\\\/miss-claudia-pornorama-airport\\\/\",\"url\":\"https:\\\/\\\/www.allscore.de\\\/shop\\\/produkt\\\/miss-claudia-pornorama-airport\\\/\",\"name\":\"Miss Claudia & Pornorama - Airport\",\"isPartOf\":{\"@id\":\"https:\\\/\\\/www.allscore.de\\\/shop\\\/#website\"},\"primaryImageOfPage\":{\"@id\":\"https:\\\/\\\/www.allscore.de\\\/shop\\\/produkt\\\/miss-claudia-pornorama-airport\\\/#primaryimage\"},\"image\":{\"@id\":\"https:\\\/\\\/www.allscore.de\\\/shop\\\/produkt\\\/miss-claudia-pornorama-airport\\\/#primaryimage\"},\"thumbnailUrl\":\"https:\\\/\\\/www.allscore.de\\\/shop\\\/wp-content\\\/uploads\\\/2020\\\/09\\\/ASM020_1200x1200.jpg\",\"datePublished\":\"2020-09-27T18:35:40+00:00\",\"dateModified\":\"2022-07-20T20:27:31+00:00\",\"description\":\"&nbsp; Die d\u00e4nischen Lounge-Jazzer um Chanteuse Miss Claudia entf\u00fchren uns in die glitzernde Welt des internationalen Jet Set. Rio, Karibik, Nepal \u2013 Miss Claudia und ihre Mannen sind \u00fcberall heimisch. Auf \u201eairport\u201c wird in 13 Titeln umgesetzt, was die Band schon auf mehreren Deutschlandtouren unter Beweis stellen konnte: Sie sind mit ihrem 60er\\\/70er Retrosound ohne den geringsten Jet Lag im \u201ehier und jetzt\u201c gelandet. Die Frisur sitzt. Das Handwerkszeug der Lounge-Band ist mit Vibraphon, Hammond, Blechbl\u00e4ser klassisch gehalten, jedoch durften beim Abmischen auch mal Vertreter modernerer Sounds wie der Concorde Music Club aus Paris ans Werk. Was sich um Miss Claudias laszive Stimme entwickelt, ist ein zeitloser Clubsound, dessen Bandbreite von intimen Duetten mit Fuzzy Love Mastermind J. J. Jones (u.a. Aznavours \u201eI love you song\u201c) bis hin zu leichtf\u00fc\u00dfig-temperamentvollen St\u00fccken wie \u201eIn the Caribbean\u201c oder der zweiten Coverversion des Albums, Armando Trovaiolis \u201eIl Profeta\u201c, reicht. Stilbewusst pr\u00e4sentiert sich \u201eairport\u201c im nordisch-k\u00fchl gehaltenen Digipack. &nbsp; &nbsp;\",\"breadcrumb\":{\"@id\":\"https:\\\/\\\/www.allscore.de\\\/shop\\\/produkt\\\/miss-claudia-pornorama-airport\\\/#breadcrumb\"},\"inLanguage\":\"de\",\"potentialAction\":[{\"@type\":\"ReadAction\",\"target\":[\"https:\\\/\\\/www.allscore.de\\\/shop\\\/produkt\\\/miss-claudia-pornorama-airport\\\/\"]}]},{\"@type\":\"ImageObject\",\"inLanguage\":\"de\",\"@id\":\"https:\\\/\\\/www.allscore.de\\\/shop\\\/produkt\\\/miss-claudia-pornorama-airport\\\/#primaryimage\",\"url\":\"https:\\\/\\\/www.allscore.de\\\/shop\\\/wp-content\\\/uploads\\\/2020\\\/09\\\/ASM020_1200x1200.jpg\",\"contentUrl\":\"https:\\\/\\\/www.allscore.de\\\/shop\\\/wp-content\\\/uploads\\\/2020\\\/09\\\/ASM020_1200x1200.jpg\",\"width\":1200,\"height\":1200,\"caption\":\"Miss Claudia & Pornorama - Airport\"},{\"@type\":\"BreadcrumbList\",\"@id\":\"https:\\\/\\\/www.allscore.de\\\/shop\\\/produkt\\\/miss-claudia-pornorama-airport\\\/#breadcrumb\",\"itemListElement\":[{\"@type\":\"ListItem\",\"position\":1,\"name\":\"Startseite\",\"item\":\"https:\\\/\\\/www.allscore.de\\\/shop\\\/\"},{\"@type\":\"ListItem\",\"position\":2,\"name\":\"Produkte\",\"item\":\"https:\\\/\\\/www.allscore.de\\\/shop\\\/shop\\\/\"},{\"@type\":\"ListItem\",\"position\":3,\"name\":\"Miss Claudia &#038; Pornorama &#8211; Airport\"}]},{\"@type\":\"WebSite\",\"@id\":\"https:\\\/\\\/www.allscore.de\\\/shop\\\/#website\",\"url\":\"https:\\\/\\\/www.allscore.de\\\/shop\\\/\",\"name\":\"Allscore Shop\",\"description\":\"All Score Media\",\"publisher\":{\"@id\":\"https:\\\/\\\/www.allscore.de\\\/shop\\\/#organization\"},\"potentialAction\":[{\"@type\":\"SearchAction\",\"target\":{\"@type\":\"EntryPoint\",\"urlTemplate\":\"https:\\\/\\\/www.allscore.de\\\/shop\\\/?s={search_term_string}\"},\"query-input\":{\"@type\":\"PropertyValueSpecification\",\"valueRequired\":true,\"valueName\":\"search_term_string\"}}],\"inLanguage\":\"de\"},{\"@type\":\"Organization\",\"@id\":\"https:\\\/\\\/www.allscore.de\\\/shop\\\/#organization\",\"name\":\"All Score Media\",\"alternateName\":\"Allscore\",\"url\":\"https:\\\/\\\/www.allscore.de\\\/shop\\\/\",\"logo\":{\"@type\":\"ImageObject\",\"inLanguage\":\"de\",\"@id\":\"https:\\\/\\\/www.allscore.de\\\/shop\\\/#\\\/schema\\\/logo\\\/image\\\/\",\"url\":\"https:\\\/\\\/www.allscore.de\\\/shop\\\/wp-content\\\/uploads\\\/2026\\\/01\\\/Logo_Yoast_Shop_2026.png\",\"contentUrl\":\"https:\\\/\\\/www.allscore.de\\\/shop\\\/wp-content\\\/uploads\\\/2026\\\/01\\\/Logo_Yoast_Shop_2026.png\",\"width\":696,\"height\":696,\"caption\":\"All Score Media\"},\"image\":{\"@id\":\"https:\\\/\\\/www.allscore.de\\\/shop\\\/#\\\/schema\\\/logo\\\/image\\\/\"}}]}<\/script>\n<!-- \/ Yoast SEO plugin. -->","yoast_head_json":{"title":"Miss Claudia & Pornorama - Airport","description":"&nbsp;  Die d\u00e4nischen Lounge-Jazzer um Chanteuse Miss Claudia entf\u00fchren uns in die glitzernde Welt des internationalen Jet Set. Rio, Karibik, Nepal \u2013 Miss Claudia und ihre Mannen sind \u00fcberall heimisch. Auf \u201eairport\u201c wird in 13 Titeln umgesetzt, was die Band schon auf mehreren Deutschlandtouren unter Beweis stellen konnte: Sie sind mit ihrem 60er\/70er Retrosound ohne den geringsten Jet Lag im \u201ehier und jetzt\u201c gelandet. Die Frisur sitzt.  Das Handwerkszeug der Lounge-Band ist mit Vibraphon, Hammond, Blechbl\u00e4ser klassisch gehalten, jedoch durften beim Abmischen auch mal Vertreter modernerer Sounds wie der Concorde Music Club aus Paris ans Werk. Was sich um Miss Claudias laszive Stimme entwickelt, ist ein zeitloser Clubsound, dessen Bandbreite von intimen Duetten mit Fuzzy Love Mastermind J. J. Jones (u.a. Aznavours \u201eI love you song\u201c) bis hin zu leichtf\u00fc\u00dfig-temperamentvollen St\u00fccken wie \u201eIn the Caribbean\u201c oder der zweiten Coverversion des Albums, Armando Trovaiolis \u201eIl Profeta\u201c, reicht.  Stilbewusst pr\u00e4sentiert sich \u201eairport\u201c im nordisch-k\u00fchl gehaltenen Digipack.  &nbsp;    &nbsp;","robots":{"index":"index","follow":"follow","max-snippet":"max-snippet:-1","max-image-preview":"max-image-preview:large","max-video-preview":"max-video-preview:-1"},"canonical":"https:\/\/www.allscore.de\/shop\/produkt\/miss-claudia-pornorama-airport\/","og_locale":"de_DE","og_type":"article","og_title":"Miss Claudia & Pornorama - Airport","og_description":"&nbsp;  Die d\u00e4nischen Lounge-Jazzer um Chanteuse Miss Claudia entf\u00fchren uns in die glitzernde Welt des internationalen Jet Set. Rio, Karibik, Nepal \u2013 Miss Claudia und ihre Mannen sind \u00fcberall heimisch. Auf \u201eairport\u201c wird in 13 Titeln umgesetzt, was die Band schon auf mehreren Deutschlandtouren unter Beweis stellen konnte: Sie sind mit ihrem 60er\/70er Retrosound ohne den geringsten Jet Lag im \u201ehier und jetzt\u201c gelandet. Die Frisur sitzt.  Das Handwerkszeug der Lounge-Band ist mit Vibraphon, Hammond, Blechbl\u00e4ser klassisch gehalten, jedoch durften beim Abmischen auch mal Vertreter modernerer Sounds wie der Concorde Music Club aus Paris ans Werk. Was sich um Miss Claudias laszive Stimme entwickelt, ist ein zeitloser Clubsound, dessen Bandbreite von intimen Duetten mit Fuzzy Love Mastermind J. J. Jones (u.a. Aznavours \u201eI love you song\u201c) bis hin zu leichtf\u00fc\u00dfig-temperamentvollen St\u00fccken wie \u201eIn the Caribbean\u201c oder der zweiten Coverversion des Albums, Armando Trovaiolis \u201eIl Profeta\u201c, reicht.  Stilbewusst pr\u00e4sentiert sich \u201eairport\u201c im nordisch-k\u00fchl gehaltenen Digipack.  &nbsp;    &nbsp;","og_url":"https:\/\/www.allscore.de\/shop\/produkt\/miss-claudia-pornorama-airport\/","og_site_name":"Allscore Shop","article_modified_time":"2022-07-20T20:27:31+00:00","og_image":[{"width":1200,"height":1200,"url":"https:\/\/www.allscore.de\/shop\/wp-content\/uploads\/2020\/09\/ASM020_1200x1200.jpg","type":"image\/jpeg"}],"twitter_card":"summary_large_image","schema":{"@context":"https:\/\/schema.org","@graph":[{"@type":"WebPage","@id":"https:\/\/www.allscore.de\/shop\/produkt\/miss-claudia-pornorama-airport\/","url":"https:\/\/www.allscore.de\/shop\/produkt\/miss-claudia-pornorama-airport\/","name":"Miss Claudia & Pornorama - Airport","isPartOf":{"@id":"https:\/\/www.allscore.de\/shop\/#website"},"primaryImageOfPage":{"@id":"https:\/\/www.allscore.de\/shop\/produkt\/miss-claudia-pornorama-airport\/#primaryimage"},"image":{"@id":"https:\/\/www.allscore.de\/shop\/produkt\/miss-claudia-pornorama-airport\/#primaryimage"},"thumbnailUrl":"https:\/\/www.allscore.de\/shop\/wp-content\/uploads\/2020\/09\/ASM020_1200x1200.jpg","datePublished":"2020-09-27T18:35:40+00:00","dateModified":"2022-07-20T20:27:31+00:00","description":"&nbsp; Die d\u00e4nischen Lounge-Jazzer um Chanteuse Miss Claudia entf\u00fchren uns in die glitzernde Welt des internationalen Jet Set. Rio, Karibik, Nepal \u2013 Miss Claudia und ihre Mannen sind \u00fcberall heimisch. Auf \u201eairport\u201c wird in 13 Titeln umgesetzt, was die Band schon auf mehreren Deutschlandtouren unter Beweis stellen konnte: Sie sind mit ihrem 60er\/70er Retrosound ohne den geringsten Jet Lag im \u201ehier und jetzt\u201c gelandet. Die Frisur sitzt. Das Handwerkszeug der Lounge-Band ist mit Vibraphon, Hammond, Blechbl\u00e4ser klassisch gehalten, jedoch durften beim Abmischen auch mal Vertreter modernerer Sounds wie der Concorde Music Club aus Paris ans Werk. Was sich um Miss Claudias laszive Stimme entwickelt, ist ein zeitloser Clubsound, dessen Bandbreite von intimen Duetten mit Fuzzy Love Mastermind J. J. Jones (u.a. Aznavours \u201eI love you song\u201c) bis hin zu leichtf\u00fc\u00dfig-temperamentvollen St\u00fccken wie \u201eIn the Caribbean\u201c oder der zweiten Coverversion des Albums, Armando Trovaiolis \u201eIl Profeta\u201c, reicht. Stilbewusst pr\u00e4sentiert sich \u201eairport\u201c im nordisch-k\u00fchl gehaltenen Digipack. &nbsp; &nbsp;","breadcrumb":{"@id":"https:\/\/www.allscore.de\/shop\/produkt\/miss-claudia-pornorama-airport\/#breadcrumb"},"inLanguage":"de","potentialAction":[{"@type":"ReadAction","target":["https:\/\/www.allscore.de\/shop\/produkt\/miss-claudia-pornorama-airport\/"]}]},{"@type":"ImageObject","inLanguage":"de","@id":"https:\/\/www.allscore.de\/shop\/produkt\/miss-claudia-pornorama-airport\/#primaryimage","url":"https:\/\/www.allscore.de\/shop\/wp-content\/uploads\/2020\/09\/ASM020_1200x1200.jpg","contentUrl":"https:\/\/www.allscore.de\/shop\/wp-content\/uploads\/2020\/09\/ASM020_1200x1200.jpg","width":1200,"height":1200,"caption":"Miss Claudia & Pornorama - Airport"},{"@type":"BreadcrumbList","@id":"https:\/\/www.allscore.de\/shop\/produkt\/miss-claudia-pornorama-airport\/#breadcrumb","itemListElement":[{"@type":"ListItem","position":1,"name":"Startseite","item":"https:\/\/www.allscore.de\/shop\/"},{"@type":"ListItem","position":2,"name":"Produkte","item":"https:\/\/www.allscore.de\/shop\/shop\/"},{"@type":"ListItem","position":3,"name":"Miss Claudia &#038; Pornorama &#8211; Airport"}]},{"@type":"WebSite","@id":"https:\/\/www.allscore.de\/shop\/#website","url":"https:\/\/www.allscore.de\/shop\/","name":"Allscore Shop","description":"All Score Media","publisher":{"@id":"https:\/\/www.allscore.de\/shop\/#organization"},"potentialAction":[{"@type":"SearchAction","target":{"@type":"EntryPoint","urlTemplate":"https:\/\/www.allscore.de\/shop\/?s={search_term_string}"},"query-input":{"@type":"PropertyValueSpecification","valueRequired":true,"valueName":"search_term_string"}}],"inLanguage":"de"},{"@type":"Organization","@id":"https:\/\/www.allscore.de\/shop\/#organization","name":"All Score Media","alternateName":"Allscore","url":"https:\/\/www.allscore.de\/shop\/","logo":{"@type":"ImageObject","inLanguage":"de","@id":"https:\/\/www.allscore.de\/shop\/#\/schema\/logo\/image\/","url":"https:\/\/www.allscore.de\/shop\/wp-content\/uploads\/2026\/01\/Logo_Yoast_Shop_2026.png","contentUrl":"https:\/\/www.allscore.de\/shop\/wp-content\/uploads\/2026\/01\/Logo_Yoast_Shop_2026.png","width":696,"height":696,"caption":"All Score Media"},"image":{"@id":"https:\/\/www.allscore.de\/shop\/#\/schema\/logo\/image\/"}}]}},"_links":{"self":[{"href":"https:\/\/www.allscore.de\/shop\/wp-json\/wp\/v2\/product\/8290","targetHints":{"allow":["GET"]}}],"collection":[{"href":"https:\/\/www.allscore.de\/shop\/wp-json\/wp\/v2\/product"}],"about":[{"href":"https:\/\/www.allscore.de\/shop\/wp-json\/wp\/v2\/types\/product"}],"wp:featuredmedia":[{"embeddable":true,"href":"https:\/\/www.allscore.de\/shop\/wp-json\/wp\/v2\/media\/8028"}],"wp:attachment":[{"href":"https:\/\/www.allscore.de\/shop\/wp-json\/wp\/v2\/media?parent=8290"}],"wp:term":[{"taxonomy":"product_brand","embeddable":true,"href":"https:\/\/www.allscore.de\/shop\/wp-json\/wp\/v2\/product_brand?post=8290"},{"taxonomy":"product_cat","embeddable":true,"href":"https:\/\/www.allscore.de\/shop\/wp-json\/wp\/v2\/product_cat?post=8290"},{"taxonomy":"product_tag","embeddable":true,"href":"https:\/\/www.allscore.de\/shop\/wp-json\/wp\/v2\/product_tag?post=8290"}],"curies":[{"name":"wp","href":"https:\/\/api.w.org\/{rel}","templated":true}]}}