{"id":8162,"date":"2024-06-20T10:34:21","date_gmt":"2024-06-20T08:34:21","guid":{"rendered":"https:\/\/www.allscore.de\/shop\/?post_type=product&#038;p=8162"},"modified":"2025-10-24T19:12:58","modified_gmt":"2025-10-24T17:12:58","slug":"its-only-a-game","status":"publish","type":"product","link":"https:\/\/www.allscore.de\/shop\/produkt\/its-only-a-game\/","title":{"rendered":"It&#8217;s Only a Game"},"content":{"rendered":"<p>It&#8217;s Only a Game<br \/>\nHits and misses from the crazy world of British football<\/p>\n<p>Britisches Fu\u00dfball-Fantum in seiner exzentrischen Selbstverst\u00e4ndlichkeit<\/p>\n<p>\u201eIt&#8217;s Only a Game\u201c ist eine Fu\u00dfball-CD abseits g\u00e4ngiger Stadionhits und Mainstream-Hymnen. Vielmehr wird die enge Verzahnung von Popkultur und Fu\u00dfballsport, wie es sie in dieser Form nur im Vereinigten K\u00f6nigreich gab, dokumentiert. 20 Jahre Musikgeschichte, von den 60er bis in die 80er Jahre, treffen auf britische Fu\u00dfball-Fan-Exzentrik. Ob singende oder besungene Spieler: Selten wurde die Ode an das runde Leder so ungezwungen dargeboten wie hier.<\/p>\n<p>Was hierzulande die fu\u00dfball-musikalische Vorstellungskraft \u00fcbertrifft, ist im Domizil des 5-Uhr-Tees und des trockenen Humors mehr als selbstverst\u00e4ndlich. Die musikalischen Ausw\u00fcchse der K\u00fcnstler katapultieren die H\u00f6rerschaft auf das steppende Disco-Tanzquadrat, weiter durch krude Fu\u00dfball-Coverversionen bekannter Titel und zur\u00fcck an die Martini-Bar, die von einem lasziven und souligen Agentensound untermalt wird.<\/p>\n<p>Hits and Misses \u2013 Volltreffer und Fehlschl\u00e4ge, deshalb sei es an einigen Stellen verziehen, wenn der \u00fcbersch\u00e4umende Enthusiasmus schon einmal die Sangesk\u00fcnste \u00fcberfl\u00fcgelt oder Monty Pythoneske Z\u00fcge annimmt. Mehr \u00fcber Vinnie Jones, Niall Quinn, Laurel Aitken oder Colourbox ist den englischen und deutschen Linernotes, geschrieben von der Fu\u00dfballmusik-Koryph\u00e4e Trevor Wilson (fc45.de), zu entnehmen.<\/p>\n<p>20 Titel auf der CD!<\/p>\n<p><img decoding=\"async\" src=\"https:\/\/www.allscore.de\/upload\/ASM_024_11Freunde-Sticker_150.jpg\" \/><\/p>\n","protected":false},"excerpt":{"rendered":"<p>It&#8217;s Only a Game Hits and misses from the crazy world of British football Britisches Fu\u00dfball-Fantum in seiner exzentrischen Selbstverst\u00e4ndlichkeit \u201eIt&#8217;s Only a Game\u201c ist eine Fu\u00dfball-CD abseits g\u00e4ngiger Stadionhits und Mainstream-Hymnen. Vielmehr wird die enge Verzahnung von Popkultur und Fu\u00dfballsport, wie es sie in dieser Form nur im Vereinigten K\u00f6nigreich gab, dokumentiert. 20 Jahre&#8230;<\/p>\n<p><a rel=\"bookmark\" class=\"vonzot-button-simple wvc-button wvc-button-size-sm\" href=\"https:\/\/www.allscore.de\/shop\/produkt\/its-only-a-game\/\"><span>Read more<\/span><\/a><\/p>\n","protected":false},"featured_media":8042,"template":"","meta":[],"product_brand":[],"product_cat":[220,411,249,105,153],"product_tag":[],"class_list":{"0":"post-8162","1":"product","2":"type-product","3":"status-publish","4":"has-post-thumbnail","6":"product_cat-action","7":"product_cat-komoedie","8":"product_cat-sonderangebote","9":"product_cat-soundtracks","10":"product_cat-specials","11":"product_shipping_class-tontraeger-cd","12":"entry","13":"clearfix","14":"entry-grid","15":"entry-columns-3","16":"entry-product-module-layout-sidebar-right","17":"thumbnail-color-tone-dark","18":"entry-product","20":"entry-product-grid","22":"first","23":"instock","24":"sale","25":"taxable","26":"shipping-taxable","27":"purchasable","28":"product-type-simple"},"yoast_head":"<!-- This site is optimized with the Yoast SEO plugin v27.4 - https:\/\/yoast.com\/product\/yoast-seo-wordpress\/ -->\n<title>It&#039;s Only a Game<\/title>\n<meta name=\"description\" content=\"It&#039;s Only a Game Hits and misses from the crazy world of British football Britisches Fu\u00dfball-Fantum in seiner exzentrischen Selbstverst\u00e4ndlichkeit \u201eIt&#039;s\" \/>\n<meta name=\"robots\" content=\"index, follow, max-snippet:-1, max-image-preview:large, max-video-preview:-1\" \/>\n<link rel=\"canonical\" href=\"https:\/\/www.allscore.de\/shop\/produkt\/its-only-a-game\/\" \/>\n<meta property=\"og:locale\" content=\"de_DE\" \/>\n<meta property=\"og:type\" content=\"article\" \/>\n<meta property=\"og:title\" content=\"It&#039;s Only a Game\" \/>\n<meta property=\"og:description\" content=\"Hits and misses from the crazy world of British football - Britisches Fu\u00dfball-Fantum in seiner exzentrischen Selbstverst\u00e4ndlichkeit.\" \/>\n<meta property=\"og:url\" content=\"https:\/\/www.allscore.de\/shop\/produkt\/its-only-a-game\/\" \/>\n<meta property=\"og:site_name\" content=\"Allscore Shop\" \/>\n<meta property=\"article:modified_time\" content=\"2025-10-24T17:12:58+00:00\" \/>\n<meta property=\"og:image\" content=\"https:\/\/www.allscore.de\/shop\/wp-content\/uploads\/2020\/09\/ASM024_1200x1200.jpg\" \/>\n\t<meta property=\"og:image:width\" content=\"1200\" \/>\n\t<meta property=\"og:image:height\" content=\"1200\" \/>\n\t<meta property=\"og:image:type\" content=\"image\/jpeg\" \/>\n<meta name=\"twitter:card\" content=\"summary_large_image\" \/>\n<meta name=\"twitter:label1\" content=\"Gesch\u00e4tzte Lesezeit\" \/>\n\t<meta name=\"twitter:data1\" content=\"2\u00a0Minuten\" \/>\n<script type=\"application\/ld+json\" class=\"yoast-schema-graph\">{\"@context\":\"https:\\\/\\\/schema.org\",\"@graph\":[{\"@type\":\"WebPage\",\"@id\":\"https:\\\/\\\/www.allscore.de\\\/shop\\\/produkt\\\/its-only-a-game\\\/\",\"url\":\"https:\\\/\\\/www.allscore.de\\\/shop\\\/produkt\\\/its-only-a-game\\\/\",\"name\":\"It's Only a Game\",\"isPartOf\":{\"@id\":\"https:\\\/\\\/www.allscore.de\\\/shop\\\/#website\"},\"primaryImageOfPage\":{\"@id\":\"https:\\\/\\\/www.allscore.de\\\/shop\\\/produkt\\\/its-only-a-game\\\/#primaryimage\"},\"image\":{\"@id\":\"https:\\\/\\\/www.allscore.de\\\/shop\\\/produkt\\\/its-only-a-game\\\/#primaryimage\"},\"thumbnailUrl\":\"https:\\\/\\\/www.allscore.de\\\/shop\\\/wp-content\\\/uploads\\\/2020\\\/09\\\/ASM024_1200x1200.jpg\",\"datePublished\":\"2024-06-20T08:34:21+00:00\",\"dateModified\":\"2025-10-24T17:12:58+00:00\",\"description\":\"It's Only a Game Hits and misses from the crazy world of British football Britisches Fu\u00dfball-Fantum in seiner exzentrischen Selbstverst\u00e4ndlichkeit \u201eIt's\",\"breadcrumb\":{\"@id\":\"https:\\\/\\\/www.allscore.de\\\/shop\\\/produkt\\\/its-only-a-game\\\/#breadcrumb\"},\"inLanguage\":\"de\",\"potentialAction\":[{\"@type\":\"ReadAction\",\"target\":[\"https:\\\/\\\/www.allscore.de\\\/shop\\\/produkt\\\/its-only-a-game\\\/\"]}]},{\"@type\":\"ImageObject\",\"inLanguage\":\"de\",\"@id\":\"https:\\\/\\\/www.allscore.de\\\/shop\\\/produkt\\\/its-only-a-game\\\/#primaryimage\",\"url\":\"https:\\\/\\\/www.allscore.de\\\/shop\\\/wp-content\\\/uploads\\\/2020\\\/09\\\/ASM024_1200x1200.jpg\",\"contentUrl\":\"https:\\\/\\\/www.allscore.de\\\/shop\\\/wp-content\\\/uploads\\\/2020\\\/09\\\/ASM024_1200x1200.jpg\",\"width\":1200,\"height\":1200,\"caption\":\"It's Only a Game\"},{\"@type\":\"BreadcrumbList\",\"@id\":\"https:\\\/\\\/www.allscore.de\\\/shop\\\/produkt\\\/its-only-a-game\\\/#breadcrumb\",\"itemListElement\":[{\"@type\":\"ListItem\",\"position\":1,\"name\":\"Startseite\",\"item\":\"https:\\\/\\\/www.allscore.de\\\/shop\\\/\"},{\"@type\":\"ListItem\",\"position\":2,\"name\":\"Produkte\",\"item\":\"https:\\\/\\\/www.allscore.de\\\/shop\\\/shop\\\/\"},{\"@type\":\"ListItem\",\"position\":3,\"name\":\"It&#8217;s Only a Game\"}]},{\"@type\":\"WebSite\",\"@id\":\"https:\\\/\\\/www.allscore.de\\\/shop\\\/#website\",\"url\":\"https:\\\/\\\/www.allscore.de\\\/shop\\\/\",\"name\":\"Allscore Shop\",\"description\":\"All Score Media\",\"publisher\":{\"@id\":\"https:\\\/\\\/www.allscore.de\\\/shop\\\/#organization\"},\"potentialAction\":[{\"@type\":\"SearchAction\",\"target\":{\"@type\":\"EntryPoint\",\"urlTemplate\":\"https:\\\/\\\/www.allscore.de\\\/shop\\\/?s={search_term_string}\"},\"query-input\":{\"@type\":\"PropertyValueSpecification\",\"valueRequired\":true,\"valueName\":\"search_term_string\"}}],\"inLanguage\":\"de\"},{\"@type\":\"Organization\",\"@id\":\"https:\\\/\\\/www.allscore.de\\\/shop\\\/#organization\",\"name\":\"All Score Media\",\"alternateName\":\"Allscore\",\"url\":\"https:\\\/\\\/www.allscore.de\\\/shop\\\/\",\"logo\":{\"@type\":\"ImageObject\",\"inLanguage\":\"de\",\"@id\":\"https:\\\/\\\/www.allscore.de\\\/shop\\\/#\\\/schema\\\/logo\\\/image\\\/\",\"url\":\"https:\\\/\\\/www.allscore.de\\\/shop\\\/wp-content\\\/uploads\\\/2026\\\/01\\\/Logo_Yoast_Shop_2026.png\",\"contentUrl\":\"https:\\\/\\\/www.allscore.de\\\/shop\\\/wp-content\\\/uploads\\\/2026\\\/01\\\/Logo_Yoast_Shop_2026.png\",\"width\":696,\"height\":696,\"caption\":\"All Score Media\"},\"image\":{\"@id\":\"https:\\\/\\\/www.allscore.de\\\/shop\\\/#\\\/schema\\\/logo\\\/image\\\/\"}}]}<\/script>\n<!-- \/ Yoast SEO plugin. -->","yoast_head_json":{"title":"It's Only a Game","description":"It's Only a Game Hits and misses from the crazy world of British football Britisches Fu\u00dfball-Fantum in seiner exzentrischen Selbstverst\u00e4ndlichkeit \u201eIt's","robots":{"index":"index","follow":"follow","max-snippet":"max-snippet:-1","max-image-preview":"max-image-preview:large","max-video-preview":"max-video-preview:-1"},"canonical":"https:\/\/www.allscore.de\/shop\/produkt\/its-only-a-game\/","og_locale":"de_DE","og_type":"article","og_title":"It's Only a Game","og_description":"Hits and misses from the crazy world of British football - Britisches Fu\u00dfball-Fantum in seiner exzentrischen Selbstverst\u00e4ndlichkeit.","og_url":"https:\/\/www.allscore.de\/shop\/produkt\/its-only-a-game\/","og_site_name":"Allscore Shop","article_modified_time":"2025-10-24T17:12:58+00:00","og_image":[{"width":1200,"height":1200,"url":"https:\/\/www.allscore.de\/shop\/wp-content\/uploads\/2020\/09\/ASM024_1200x1200.jpg","type":"image\/jpeg"}],"twitter_card":"summary_large_image","twitter_misc":{"Gesch\u00e4tzte Lesezeit":"2\u00a0Minuten"},"schema":{"@context":"https:\/\/schema.org","@graph":[{"@type":"WebPage","@id":"https:\/\/www.allscore.de\/shop\/produkt\/its-only-a-game\/","url":"https:\/\/www.allscore.de\/shop\/produkt\/its-only-a-game\/","name":"It's Only a Game","isPartOf":{"@id":"https:\/\/www.allscore.de\/shop\/#website"},"primaryImageOfPage":{"@id":"https:\/\/www.allscore.de\/shop\/produkt\/its-only-a-game\/#primaryimage"},"image":{"@id":"https:\/\/www.allscore.de\/shop\/produkt\/its-only-a-game\/#primaryimage"},"thumbnailUrl":"https:\/\/www.allscore.de\/shop\/wp-content\/uploads\/2020\/09\/ASM024_1200x1200.jpg","datePublished":"2024-06-20T08:34:21+00:00","dateModified":"2025-10-24T17:12:58+00:00","description":"It's Only a Game Hits and misses from the crazy world of British football Britisches Fu\u00dfball-Fantum in seiner exzentrischen Selbstverst\u00e4ndlichkeit \u201eIt's","breadcrumb":{"@id":"https:\/\/www.allscore.de\/shop\/produkt\/its-only-a-game\/#breadcrumb"},"inLanguage":"de","potentialAction":[{"@type":"ReadAction","target":["https:\/\/www.allscore.de\/shop\/produkt\/its-only-a-game\/"]}]},{"@type":"ImageObject","inLanguage":"de","@id":"https:\/\/www.allscore.de\/shop\/produkt\/its-only-a-game\/#primaryimage","url":"https:\/\/www.allscore.de\/shop\/wp-content\/uploads\/2020\/09\/ASM024_1200x1200.jpg","contentUrl":"https:\/\/www.allscore.de\/shop\/wp-content\/uploads\/2020\/09\/ASM024_1200x1200.jpg","width":1200,"height":1200,"caption":"It's Only a Game"},{"@type":"BreadcrumbList","@id":"https:\/\/www.allscore.de\/shop\/produkt\/its-only-a-game\/#breadcrumb","itemListElement":[{"@type":"ListItem","position":1,"name":"Startseite","item":"https:\/\/www.allscore.de\/shop\/"},{"@type":"ListItem","position":2,"name":"Produkte","item":"https:\/\/www.allscore.de\/shop\/shop\/"},{"@type":"ListItem","position":3,"name":"It&#8217;s Only a Game"}]},{"@type":"WebSite","@id":"https:\/\/www.allscore.de\/shop\/#website","url":"https:\/\/www.allscore.de\/shop\/","name":"Allscore Shop","description":"All Score Media","publisher":{"@id":"https:\/\/www.allscore.de\/shop\/#organization"},"potentialAction":[{"@type":"SearchAction","target":{"@type":"EntryPoint","urlTemplate":"https:\/\/www.allscore.de\/shop\/?s={search_term_string}"},"query-input":{"@type":"PropertyValueSpecification","valueRequired":true,"valueName":"search_term_string"}}],"inLanguage":"de"},{"@type":"Organization","@id":"https:\/\/www.allscore.de\/shop\/#organization","name":"All Score Media","alternateName":"Allscore","url":"https:\/\/www.allscore.de\/shop\/","logo":{"@type":"ImageObject","inLanguage":"de","@id":"https:\/\/www.allscore.de\/shop\/#\/schema\/logo\/image\/","url":"https:\/\/www.allscore.de\/shop\/wp-content\/uploads\/2026\/01\/Logo_Yoast_Shop_2026.png","contentUrl":"https:\/\/www.allscore.de\/shop\/wp-content\/uploads\/2026\/01\/Logo_Yoast_Shop_2026.png","width":696,"height":696,"caption":"All Score Media"},"image":{"@id":"https:\/\/www.allscore.de\/shop\/#\/schema\/logo\/image\/"}}]}},"_links":{"self":[{"href":"https:\/\/www.allscore.de\/shop\/wp-json\/wp\/v2\/product\/8162","targetHints":{"allow":["GET"]}}],"collection":[{"href":"https:\/\/www.allscore.de\/shop\/wp-json\/wp\/v2\/product"}],"about":[{"href":"https:\/\/www.allscore.de\/shop\/wp-json\/wp\/v2\/types\/product"}],"wp:featuredmedia":[{"embeddable":true,"href":"https:\/\/www.allscore.de\/shop\/wp-json\/wp\/v2\/media\/8042"}],"wp:attachment":[{"href":"https:\/\/www.allscore.de\/shop\/wp-json\/wp\/v2\/media?parent=8162"}],"wp:term":[{"taxonomy":"product_brand","embeddable":true,"href":"https:\/\/www.allscore.de\/shop\/wp-json\/wp\/v2\/product_brand?post=8162"},{"taxonomy":"product_cat","embeddable":true,"href":"https:\/\/www.allscore.de\/shop\/wp-json\/wp\/v2\/product_cat?post=8162"},{"taxonomy":"product_tag","embeddable":true,"href":"https:\/\/www.allscore.de\/shop\/wp-json\/wp\/v2\/product_tag?post=8162"}],"curies":[{"name":"wp","href":"https:\/\/api.w.org\/{rel}","templated":true}]}}