{"id":8158,"date":"2020-09-27T10:23:28","date_gmt":"2020-09-27T08:23:28","guid":{"rendered":"https:\/\/www.allscore.de\/shop\/?post_type=product&#038;p=8158"},"modified":"2023-02-01T17:57:20","modified_gmt":"2023-02-01T16:57:20","slug":"sam-spence-our-man-in-munich","status":"publish","type":"product","link":"https:\/\/www.allscore.de\/shop\/produkt\/sam-spence-our-man-in-munich\/","title":{"rendered":"Sam Spence &#8211; Our Man in Munich"},"content":{"rendered":"","protected":false},"excerpt":{"rendered":"<p>Der Name Sam Spence steht synonym f\u00fcr den Sound des American Football. Seine Arbeit f\u00fcr \u201eNFL Films\u201c und deren Produktionen f\u00fcr die \u201eNational Football League\u201c hinterl\u00e4sst seit 1966 einen riesigen Katalog von Aufnahmen, die auch heute noch in Serien wie \u201eDie Simpsons\u201c, \u201eSponge Bob\u201c oder \u201eKing of Queens\u201c zu h\u00f6ren sind. Weit weniger bekannt ist, dass er in seiner Wahlheimat M\u00fcnchen auch Musik f\u00fcr deutsche TV-Serien und Filmproduktionen schrieb.<\/p>\n<p>Diese CD pr\u00e4sentiert die Highlights aus \u00fcber 700 Titeln, die Sam Spence in 35 Jahren f\u00fcr NFL Films schrieb, sowie seine Filmmusik f\u00fcr deutsche Produktionen. Die meisten der deutschen Produktionen sind bisher, ebenso wie ein NFL Films-Titel, unver\u00f6ffentlicht. Darunter sind Stra\u00dfenfeger wie \u201eBitte recht freundlich, es wird geschossen\u201c oder \u201eWie ein Blitz\u201c, aber auch der Alternativ-Score f\u00fcr die US-Spielfilm-Fassung der ARD-Kultserie \u201eH\u00e4rte 10\u201c von 1975, namentlich \u201eQueen of Diamonds\u201c, zugleich auch die zwei einzigen Vokaltitel der CD.<\/p>\n<p>Das Spektrum von Spences Musik reicht von symphonischen Werken \u00fcber Bigband Swing zu Mainstream Jazz und sogar Synthesizer Sounds. Im chronologischen Verlauf der CD l\u00e4sst sich sehr sch\u00f6n die Entwicklung des musikalischen Zeitgeistes ablesen, anfangs mal swingender Jazz, dann grooviger (bis hin zu funky Blaxploitation Sounds) und schlie\u00dflich mit Elektronik garniert, so dass man sich schon mal an Kraftwerk erinnert f\u00fchlen darf. Noch 80-j\u00e4hrig arbeitete er an neuen Arrangements seiner NFL-Klassiker, die im September 2007 in Houston aufgef\u00fchrt wurden.<\/p>\n<p>Sam Spence verstarb am 6. Februar 2016.<\/p>\n<p>Die Linernotes wurden vom Spence-Chronisten Ted Ross geschrieben.<\/p>\n","protected":false},"featured_media":8041,"template":"","meta":[],"product_brand":[],"product_cat":[220,225,249,105,153],"product_tag":[],"class_list":{"0":"post-8158","1":"product","2":"type-product","3":"status-publish","4":"has-post-thumbnail","6":"product_cat-action","7":"product_cat-krimi","8":"product_cat-sonderangebote","9":"product_cat-soundtracks","10":"product_cat-specials","11":"product_shipping_class-tontraeger-cd","12":"entry","13":"clearfix","14":"entry-grid","15":"entry-columns-3","16":"entry-product-module-layout-sidebar-right","17":"thumbnail-color-tone-dark","18":"entry-product","20":"entry-product-grid","22":"first","23":"instock","24":"sale","25":"taxable","26":"shipping-taxable","27":"purchasable","28":"product-type-simple"},"yoast_head":"<!-- This site is optimized with the Yoast SEO plugin v27.4 - https:\/\/yoast.com\/product\/yoast-seo-wordpress\/ -->\n<title>Sam Spence - Our Man in Munich<\/title>\n<meta name=\"description\" content=\"Der Name Sam Spence steht synonym f\u00fcr den Sound des American Football. Seine Arbeit f\u00fcr \u201eNFL Films\u201c und deren Produktionen f\u00fcr die \u201eNational Football League\u201c hinterl\u00e4sst seit 1966 einen riesigen Katalog von Aufnahmen, die auch heute noch in Serien wie \u201eDie Simpsons\u201c, \u201eSponge Bob\u201c oder \u201eKing of Queens\u201c zu h\u00f6ren sind. Weit weniger bekannt ist, dass er in seiner Wahlheimat M\u00fcnchen auch Musik f\u00fcr deutsche TV-Serien und Filmproduktionen schrieb.  Diese CD pr\u00e4sentiert die Highlights aus \u00fcber 700 Titeln, die Sam Spence in 35 Jahren f\u00fcr NFL Films schrieb, sowie seine Filmmusik f\u00fcr deutsche Produktionen. Die meisten der deutschen Produktionen sind bisher, ebenso wie ein NFL Films-Titel, unver\u00f6ffentlicht. Darunter sind Stra\u00dfenfeger wie \u201eBitte recht freundlich, es wird geschossen\u201c oder \u201eWie ein Blitz\u201c, aber auch der Alternativ-Score f\u00fcr die US-Spielfilm-Fassung der ARD-Kultserie \u201eH\u00e4rte 10\u201c von 1975, namentlich \u201eQueen of Diamonds\u201c, zugleich auch die zwei einzigen Vokaltitel der CD.  Das Spektrum von Spences Musik reicht von symphonischen Werken \u00fcber Bigband Swing zu Mainstream Jazz und sogar Synthesizer Sounds. Im chronologischen Verlauf der CD l\u00e4sst sich sehr sch\u00f6n die Entwicklung des musikalischen Zeitgeistes ablesen, anfangs mal swingender Jazz, dann grooviger (bis hin zu funky Blaxploitation Sounds) und schlie\u00dflich mit Elektronik garniert, so dass man sich schon mal an Kraftwerk erinnert f\u00fchlen darf. Noch 80-j\u00e4hrig arbeitete er an neuen Arrangements seiner NFL-Klassiker, die im September 2007 in Houston aufgef\u00fchrt wurden.  Sam Spence verstarb am 6. Februar 2016.  Die Linernotes wurden vom Spence-Chronisten Ted Ross geschrieben.\" \/>\n<meta name=\"robots\" content=\"index, follow, max-snippet:-1, max-image-preview:large, max-video-preview:-1\" \/>\n<link rel=\"canonical\" href=\"https:\/\/www.allscore.de\/shop\/produkt\/sam-spence-our-man-in-munich\/\" \/>\n<meta property=\"og:locale\" content=\"de_DE\" \/>\n<meta property=\"og:type\" content=\"article\" \/>\n<meta property=\"og:title\" content=\"Sam Spence - Our Man in Munich\" \/>\n<meta property=\"og:description\" content=\"Der Name Sam Spence steht synonym f\u00fcr den Sound des American Football. Seine Arbeit f\u00fcr \u201eNFL Films\u201c und deren Produktionen f\u00fcr die \u201eNational Football League\u201c hinterl\u00e4sst seit 1966 einen riesigen Katalog von Aufnahmen, die auch heute noch in Serien wie \u201eDie Simpsons\u201c, \u201eSponge Bob\u201c oder \u201eKing of Queens\u201c zu h\u00f6ren sind. Weit weniger bekannt ist, dass er in seiner Wahlheimat M\u00fcnchen auch Musik f\u00fcr deutsche TV-Serien und Filmproduktionen schrieb.  Diese CD pr\u00e4sentiert die Highlights aus \u00fcber 700 Titeln, die Sam Spence in 35 Jahren f\u00fcr NFL Films schrieb, sowie seine Filmmusik f\u00fcr deutsche Produktionen. Die meisten der deutschen Produktionen sind bisher, ebenso wie ein NFL Films-Titel, unver\u00f6ffentlicht. Darunter sind Stra\u00dfenfeger wie \u201eBitte recht freundlich, es wird geschossen\u201c oder \u201eWie ein Blitz\u201c, aber auch der Alternativ-Score f\u00fcr die US-Spielfilm-Fassung der ARD-Kultserie \u201eH\u00e4rte 10\u201c von 1975, namentlich \u201eQueen of Diamonds\u201c, zugleich auch die zwei einzigen Vokaltitel der CD.  Das Spektrum von Spences Musik reicht von symphonischen Werken \u00fcber Bigband Swing zu Mainstream Jazz und sogar Synthesizer Sounds. Im chronologischen Verlauf der CD l\u00e4sst sich sehr sch\u00f6n die Entwicklung des musikalischen Zeitgeistes ablesen, anfangs mal swingender Jazz, dann grooviger (bis hin zu funky Blaxploitation Sounds) und schlie\u00dflich mit Elektronik garniert, so dass man sich schon mal an Kraftwerk erinnert f\u00fchlen darf. Noch 80-j\u00e4hrig arbeitete er an neuen Arrangements seiner NFL-Klassiker, die im September 2007 in Houston aufgef\u00fchrt wurden.  Sam Spence verstarb am 6. Februar 2016.  Die Linernotes wurden vom Spence-Chronisten Ted Ross geschrieben.\" \/>\n<meta property=\"og:url\" content=\"https:\/\/www.allscore.de\/shop\/produkt\/sam-spence-our-man-in-munich\/\" \/>\n<meta property=\"og:site_name\" content=\"Allscore Shop\" \/>\n<meta property=\"article:modified_time\" content=\"2023-02-01T16:57:20+00:00\" \/>\n<meta property=\"og:image\" content=\"https:\/\/www.allscore.de\/shop\/wp-content\/uploads\/2020\/09\/ASM025_1200x1200.jpg\" \/>\n\t<meta property=\"og:image:width\" content=\"1200\" \/>\n\t<meta property=\"og:image:height\" content=\"1200\" \/>\n\t<meta property=\"og:image:type\" content=\"image\/jpeg\" \/>\n<meta name=\"twitter:card\" content=\"summary_large_image\" \/>\n<script type=\"application\/ld+json\" class=\"yoast-schema-graph\">{\"@context\":\"https:\\\/\\\/schema.org\",\"@graph\":[{\"@type\":\"WebPage\",\"@id\":\"https:\\\/\\\/www.allscore.de\\\/shop\\\/produkt\\\/sam-spence-our-man-in-munich\\\/\",\"url\":\"https:\\\/\\\/www.allscore.de\\\/shop\\\/produkt\\\/sam-spence-our-man-in-munich\\\/\",\"name\":\"Sam Spence - Our Man in Munich\",\"isPartOf\":{\"@id\":\"https:\\\/\\\/www.allscore.de\\\/shop\\\/#website\"},\"primaryImageOfPage\":{\"@id\":\"https:\\\/\\\/www.allscore.de\\\/shop\\\/produkt\\\/sam-spence-our-man-in-munich\\\/#primaryimage\"},\"image\":{\"@id\":\"https:\\\/\\\/www.allscore.de\\\/shop\\\/produkt\\\/sam-spence-our-man-in-munich\\\/#primaryimage\"},\"thumbnailUrl\":\"https:\\\/\\\/www.allscore.de\\\/shop\\\/wp-content\\\/uploads\\\/2020\\\/09\\\/ASM025_1200x1200.jpg\",\"datePublished\":\"2020-09-27T08:23:28+00:00\",\"dateModified\":\"2023-02-01T16:57:20+00:00\",\"description\":\"Der Name Sam Spence steht synonym f\u00fcr den Sound des American Football. Seine Arbeit f\u00fcr \u201eNFL Films\u201c und deren Produktionen f\u00fcr die \u201eNational Football League\u201c hinterl\u00e4sst seit 1966 einen riesigen Katalog von Aufnahmen, die auch heute noch in Serien wie \u201eDie Simpsons\u201c, \u201eSponge Bob\u201c oder \u201eKing of Queens\u201c zu h\u00f6ren sind. Weit weniger bekannt ist, dass er in seiner Wahlheimat M\u00fcnchen auch Musik f\u00fcr deutsche TV-Serien und Filmproduktionen schrieb. Diese CD pr\u00e4sentiert die Highlights aus \u00fcber 700 Titeln, die Sam Spence in 35 Jahren f\u00fcr NFL Films schrieb, sowie seine Filmmusik f\u00fcr deutsche Produktionen. Die meisten der deutschen Produktionen sind bisher, ebenso wie ein NFL Films-Titel, unver\u00f6ffentlicht. Darunter sind Stra\u00dfenfeger wie \u201eBitte recht freundlich, es wird geschossen\u201c oder \u201eWie ein Blitz\u201c, aber auch der Alternativ-Score f\u00fcr die US-Spielfilm-Fassung der ARD-Kultserie \u201eH\u00e4rte 10\u201c von 1975, namentlich \u201eQueen of Diamonds\u201c, zugleich auch die zwei einzigen Vokaltitel der CD. Das Spektrum von Spences Musik reicht von symphonischen Werken \u00fcber Bigband Swing zu Mainstream Jazz und sogar Synthesizer Sounds. Im chronologischen Verlauf der CD l\u00e4sst sich sehr sch\u00f6n die Entwicklung des musikalischen Zeitgeistes ablesen, anfangs mal swingender Jazz, dann grooviger (bis hin zu funky Blaxploitation Sounds) und schlie\u00dflich mit Elektronik garniert, so dass man sich schon mal an Kraftwerk erinnert f\u00fchlen darf. Noch 80-j\u00e4hrig arbeitete er an neuen Arrangements seiner NFL-Klassiker, die im September 2007 in Houston aufgef\u00fchrt wurden. Sam Spence verstarb am 6. Februar 2016. Die Linernotes wurden vom Spence-Chronisten Ted Ross geschrieben.\",\"breadcrumb\":{\"@id\":\"https:\\\/\\\/www.allscore.de\\\/shop\\\/produkt\\\/sam-spence-our-man-in-munich\\\/#breadcrumb\"},\"inLanguage\":\"de\",\"potentialAction\":[{\"@type\":\"ReadAction\",\"target\":[\"https:\\\/\\\/www.allscore.de\\\/shop\\\/produkt\\\/sam-spence-our-man-in-munich\\\/\"]}]},{\"@type\":\"ImageObject\",\"inLanguage\":\"de\",\"@id\":\"https:\\\/\\\/www.allscore.de\\\/shop\\\/produkt\\\/sam-spence-our-man-in-munich\\\/#primaryimage\",\"url\":\"https:\\\/\\\/www.allscore.de\\\/shop\\\/wp-content\\\/uploads\\\/2020\\\/09\\\/ASM025_1200x1200.jpg\",\"contentUrl\":\"https:\\\/\\\/www.allscore.de\\\/shop\\\/wp-content\\\/uploads\\\/2020\\\/09\\\/ASM025_1200x1200.jpg\",\"width\":1200,\"height\":1200,\"caption\":\"Sam Spence\"},{\"@type\":\"BreadcrumbList\",\"@id\":\"https:\\\/\\\/www.allscore.de\\\/shop\\\/produkt\\\/sam-spence-our-man-in-munich\\\/#breadcrumb\",\"itemListElement\":[{\"@type\":\"ListItem\",\"position\":1,\"name\":\"Startseite\",\"item\":\"https:\\\/\\\/www.allscore.de\\\/shop\\\/\"},{\"@type\":\"ListItem\",\"position\":2,\"name\":\"Produkte\",\"item\":\"https:\\\/\\\/www.allscore.de\\\/shop\\\/shop\\\/\"},{\"@type\":\"ListItem\",\"position\":3,\"name\":\"Sam Spence &#8211; Our Man in Munich\"}]},{\"@type\":\"WebSite\",\"@id\":\"https:\\\/\\\/www.allscore.de\\\/shop\\\/#website\",\"url\":\"https:\\\/\\\/www.allscore.de\\\/shop\\\/\",\"name\":\"Allscore Shop\",\"description\":\"All Score Media\",\"publisher\":{\"@id\":\"https:\\\/\\\/www.allscore.de\\\/shop\\\/#organization\"},\"potentialAction\":[{\"@type\":\"SearchAction\",\"target\":{\"@type\":\"EntryPoint\",\"urlTemplate\":\"https:\\\/\\\/www.allscore.de\\\/shop\\\/?s={search_term_string}\"},\"query-input\":{\"@type\":\"PropertyValueSpecification\",\"valueRequired\":true,\"valueName\":\"search_term_string\"}}],\"inLanguage\":\"de\"},{\"@type\":\"Organization\",\"@id\":\"https:\\\/\\\/www.allscore.de\\\/shop\\\/#organization\",\"name\":\"All Score Media\",\"alternateName\":\"Allscore\",\"url\":\"https:\\\/\\\/www.allscore.de\\\/shop\\\/\",\"logo\":{\"@type\":\"ImageObject\",\"inLanguage\":\"de\",\"@id\":\"https:\\\/\\\/www.allscore.de\\\/shop\\\/#\\\/schema\\\/logo\\\/image\\\/\",\"url\":\"https:\\\/\\\/www.allscore.de\\\/shop\\\/wp-content\\\/uploads\\\/2026\\\/01\\\/Logo_Yoast_Shop_2026.png\",\"contentUrl\":\"https:\\\/\\\/www.allscore.de\\\/shop\\\/wp-content\\\/uploads\\\/2026\\\/01\\\/Logo_Yoast_Shop_2026.png\",\"width\":696,\"height\":696,\"caption\":\"All Score Media\"},\"image\":{\"@id\":\"https:\\\/\\\/www.allscore.de\\\/shop\\\/#\\\/schema\\\/logo\\\/image\\\/\"}}]}<\/script>\n<!-- \/ Yoast SEO plugin. -->","yoast_head_json":{"title":"Sam Spence - Our Man in Munich","description":"Der Name Sam Spence steht synonym f\u00fcr den Sound des American Football. Seine Arbeit f\u00fcr \u201eNFL Films\u201c und deren Produktionen f\u00fcr die \u201eNational Football League\u201c hinterl\u00e4sst seit 1966 einen riesigen Katalog von Aufnahmen, die auch heute noch in Serien wie \u201eDie Simpsons\u201c, \u201eSponge Bob\u201c oder \u201eKing of Queens\u201c zu h\u00f6ren sind. Weit weniger bekannt ist, dass er in seiner Wahlheimat M\u00fcnchen auch Musik f\u00fcr deutsche TV-Serien und Filmproduktionen schrieb.  Diese CD pr\u00e4sentiert die Highlights aus \u00fcber 700 Titeln, die Sam Spence in 35 Jahren f\u00fcr NFL Films schrieb, sowie seine Filmmusik f\u00fcr deutsche Produktionen. Die meisten der deutschen Produktionen sind bisher, ebenso wie ein NFL Films-Titel, unver\u00f6ffentlicht. Darunter sind Stra\u00dfenfeger wie \u201eBitte recht freundlich, es wird geschossen\u201c oder \u201eWie ein Blitz\u201c, aber auch der Alternativ-Score f\u00fcr die US-Spielfilm-Fassung der ARD-Kultserie \u201eH\u00e4rte 10\u201c von 1975, namentlich \u201eQueen of Diamonds\u201c, zugleich auch die zwei einzigen Vokaltitel der CD.  Das Spektrum von Spences Musik reicht von symphonischen Werken \u00fcber Bigband Swing zu Mainstream Jazz und sogar Synthesizer Sounds. Im chronologischen Verlauf der CD l\u00e4sst sich sehr sch\u00f6n die Entwicklung des musikalischen Zeitgeistes ablesen, anfangs mal swingender Jazz, dann grooviger (bis hin zu funky Blaxploitation Sounds) und schlie\u00dflich mit Elektronik garniert, so dass man sich schon mal an Kraftwerk erinnert f\u00fchlen darf. Noch 80-j\u00e4hrig arbeitete er an neuen Arrangements seiner NFL-Klassiker, die im September 2007 in Houston aufgef\u00fchrt wurden.  Sam Spence verstarb am 6. Februar 2016.  Die Linernotes wurden vom Spence-Chronisten Ted Ross geschrieben.","robots":{"index":"index","follow":"follow","max-snippet":"max-snippet:-1","max-image-preview":"max-image-preview:large","max-video-preview":"max-video-preview:-1"},"canonical":"https:\/\/www.allscore.de\/shop\/produkt\/sam-spence-our-man-in-munich\/","og_locale":"de_DE","og_type":"article","og_title":"Sam Spence - Our Man in Munich","og_description":"Der Name Sam Spence steht synonym f\u00fcr den Sound des American Football. Seine Arbeit f\u00fcr \u201eNFL Films\u201c und deren Produktionen f\u00fcr die \u201eNational Football League\u201c hinterl\u00e4sst seit 1966 einen riesigen Katalog von Aufnahmen, die auch heute noch in Serien wie \u201eDie Simpsons\u201c, \u201eSponge Bob\u201c oder \u201eKing of Queens\u201c zu h\u00f6ren sind. Weit weniger bekannt ist, dass er in seiner Wahlheimat M\u00fcnchen auch Musik f\u00fcr deutsche TV-Serien und Filmproduktionen schrieb.  Diese CD pr\u00e4sentiert die Highlights aus \u00fcber 700 Titeln, die Sam Spence in 35 Jahren f\u00fcr NFL Films schrieb, sowie seine Filmmusik f\u00fcr deutsche Produktionen. Die meisten der deutschen Produktionen sind bisher, ebenso wie ein NFL Films-Titel, unver\u00f6ffentlicht. Darunter sind Stra\u00dfenfeger wie \u201eBitte recht freundlich, es wird geschossen\u201c oder \u201eWie ein Blitz\u201c, aber auch der Alternativ-Score f\u00fcr die US-Spielfilm-Fassung der ARD-Kultserie \u201eH\u00e4rte 10\u201c von 1975, namentlich \u201eQueen of Diamonds\u201c, zugleich auch die zwei einzigen Vokaltitel der CD.  Das Spektrum von Spences Musik reicht von symphonischen Werken \u00fcber Bigband Swing zu Mainstream Jazz und sogar Synthesizer Sounds. Im chronologischen Verlauf der CD l\u00e4sst sich sehr sch\u00f6n die Entwicklung des musikalischen Zeitgeistes ablesen, anfangs mal swingender Jazz, dann grooviger (bis hin zu funky Blaxploitation Sounds) und schlie\u00dflich mit Elektronik garniert, so dass man sich schon mal an Kraftwerk erinnert f\u00fchlen darf. Noch 80-j\u00e4hrig arbeitete er an neuen Arrangements seiner NFL-Klassiker, die im September 2007 in Houston aufgef\u00fchrt wurden.  Sam Spence verstarb am 6. Februar 2016.  Die Linernotes wurden vom Spence-Chronisten Ted Ross geschrieben.","og_url":"https:\/\/www.allscore.de\/shop\/produkt\/sam-spence-our-man-in-munich\/","og_site_name":"Allscore Shop","article_modified_time":"2023-02-01T16:57:20+00:00","og_image":[{"width":1200,"height":1200,"url":"https:\/\/www.allscore.de\/shop\/wp-content\/uploads\/2020\/09\/ASM025_1200x1200.jpg","type":"image\/jpeg"}],"twitter_card":"summary_large_image","schema":{"@context":"https:\/\/schema.org","@graph":[{"@type":"WebPage","@id":"https:\/\/www.allscore.de\/shop\/produkt\/sam-spence-our-man-in-munich\/","url":"https:\/\/www.allscore.de\/shop\/produkt\/sam-spence-our-man-in-munich\/","name":"Sam Spence - Our Man in Munich","isPartOf":{"@id":"https:\/\/www.allscore.de\/shop\/#website"},"primaryImageOfPage":{"@id":"https:\/\/www.allscore.de\/shop\/produkt\/sam-spence-our-man-in-munich\/#primaryimage"},"image":{"@id":"https:\/\/www.allscore.de\/shop\/produkt\/sam-spence-our-man-in-munich\/#primaryimage"},"thumbnailUrl":"https:\/\/www.allscore.de\/shop\/wp-content\/uploads\/2020\/09\/ASM025_1200x1200.jpg","datePublished":"2020-09-27T08:23:28+00:00","dateModified":"2023-02-01T16:57:20+00:00","description":"Der Name Sam Spence steht synonym f\u00fcr den Sound des American Football. Seine Arbeit f\u00fcr \u201eNFL Films\u201c und deren Produktionen f\u00fcr die \u201eNational Football League\u201c hinterl\u00e4sst seit 1966 einen riesigen Katalog von Aufnahmen, die auch heute noch in Serien wie \u201eDie Simpsons\u201c, \u201eSponge Bob\u201c oder \u201eKing of Queens\u201c zu h\u00f6ren sind. Weit weniger bekannt ist, dass er in seiner Wahlheimat M\u00fcnchen auch Musik f\u00fcr deutsche TV-Serien und Filmproduktionen schrieb. Diese CD pr\u00e4sentiert die Highlights aus \u00fcber 700 Titeln, die Sam Spence in 35 Jahren f\u00fcr NFL Films schrieb, sowie seine Filmmusik f\u00fcr deutsche Produktionen. Die meisten der deutschen Produktionen sind bisher, ebenso wie ein NFL Films-Titel, unver\u00f6ffentlicht. Darunter sind Stra\u00dfenfeger wie \u201eBitte recht freundlich, es wird geschossen\u201c oder \u201eWie ein Blitz\u201c, aber auch der Alternativ-Score f\u00fcr die US-Spielfilm-Fassung der ARD-Kultserie \u201eH\u00e4rte 10\u201c von 1975, namentlich \u201eQueen of Diamonds\u201c, zugleich auch die zwei einzigen Vokaltitel der CD. Das Spektrum von Spences Musik reicht von symphonischen Werken \u00fcber Bigband Swing zu Mainstream Jazz und sogar Synthesizer Sounds. Im chronologischen Verlauf der CD l\u00e4sst sich sehr sch\u00f6n die Entwicklung des musikalischen Zeitgeistes ablesen, anfangs mal swingender Jazz, dann grooviger (bis hin zu funky Blaxploitation Sounds) und schlie\u00dflich mit Elektronik garniert, so dass man sich schon mal an Kraftwerk erinnert f\u00fchlen darf. Noch 80-j\u00e4hrig arbeitete er an neuen Arrangements seiner NFL-Klassiker, die im September 2007 in Houston aufgef\u00fchrt wurden. Sam Spence verstarb am 6. Februar 2016. Die Linernotes wurden vom Spence-Chronisten Ted Ross geschrieben.","breadcrumb":{"@id":"https:\/\/www.allscore.de\/shop\/produkt\/sam-spence-our-man-in-munich\/#breadcrumb"},"inLanguage":"de","potentialAction":[{"@type":"ReadAction","target":["https:\/\/www.allscore.de\/shop\/produkt\/sam-spence-our-man-in-munich\/"]}]},{"@type":"ImageObject","inLanguage":"de","@id":"https:\/\/www.allscore.de\/shop\/produkt\/sam-spence-our-man-in-munich\/#primaryimage","url":"https:\/\/www.allscore.de\/shop\/wp-content\/uploads\/2020\/09\/ASM025_1200x1200.jpg","contentUrl":"https:\/\/www.allscore.de\/shop\/wp-content\/uploads\/2020\/09\/ASM025_1200x1200.jpg","width":1200,"height":1200,"caption":"Sam Spence"},{"@type":"BreadcrumbList","@id":"https:\/\/www.allscore.de\/shop\/produkt\/sam-spence-our-man-in-munich\/#breadcrumb","itemListElement":[{"@type":"ListItem","position":1,"name":"Startseite","item":"https:\/\/www.allscore.de\/shop\/"},{"@type":"ListItem","position":2,"name":"Produkte","item":"https:\/\/www.allscore.de\/shop\/shop\/"},{"@type":"ListItem","position":3,"name":"Sam Spence &#8211; Our Man in Munich"}]},{"@type":"WebSite","@id":"https:\/\/www.allscore.de\/shop\/#website","url":"https:\/\/www.allscore.de\/shop\/","name":"Allscore Shop","description":"All Score Media","publisher":{"@id":"https:\/\/www.allscore.de\/shop\/#organization"},"potentialAction":[{"@type":"SearchAction","target":{"@type":"EntryPoint","urlTemplate":"https:\/\/www.allscore.de\/shop\/?s={search_term_string}"},"query-input":{"@type":"PropertyValueSpecification","valueRequired":true,"valueName":"search_term_string"}}],"inLanguage":"de"},{"@type":"Organization","@id":"https:\/\/www.allscore.de\/shop\/#organization","name":"All Score Media","alternateName":"Allscore","url":"https:\/\/www.allscore.de\/shop\/","logo":{"@type":"ImageObject","inLanguage":"de","@id":"https:\/\/www.allscore.de\/shop\/#\/schema\/logo\/image\/","url":"https:\/\/www.allscore.de\/shop\/wp-content\/uploads\/2026\/01\/Logo_Yoast_Shop_2026.png","contentUrl":"https:\/\/www.allscore.de\/shop\/wp-content\/uploads\/2026\/01\/Logo_Yoast_Shop_2026.png","width":696,"height":696,"caption":"All Score Media"},"image":{"@id":"https:\/\/www.allscore.de\/shop\/#\/schema\/logo\/image\/"}}]}},"_links":{"self":[{"href":"https:\/\/www.allscore.de\/shop\/wp-json\/wp\/v2\/product\/8158","targetHints":{"allow":["GET"]}}],"collection":[{"href":"https:\/\/www.allscore.de\/shop\/wp-json\/wp\/v2\/product"}],"about":[{"href":"https:\/\/www.allscore.de\/shop\/wp-json\/wp\/v2\/types\/product"}],"wp:featuredmedia":[{"embeddable":true,"href":"https:\/\/www.allscore.de\/shop\/wp-json\/wp\/v2\/media\/8041"}],"wp:attachment":[{"href":"https:\/\/www.allscore.de\/shop\/wp-json\/wp\/v2\/media?parent=8158"}],"wp:term":[{"taxonomy":"product_brand","embeddable":true,"href":"https:\/\/www.allscore.de\/shop\/wp-json\/wp\/v2\/product_brand?post=8158"},{"taxonomy":"product_cat","embeddable":true,"href":"https:\/\/www.allscore.de\/shop\/wp-json\/wp\/v2\/product_cat?post=8158"},{"taxonomy":"product_tag","embeddable":true,"href":"https:\/\/www.allscore.de\/shop\/wp-json\/wp\/v2\/product_tag?post=8158"}],"curies":[{"name":"wp","href":"https:\/\/api.w.org\/{rel}","templated":true}]}}