{"id":8145,"date":"2017-09-26T23:17:18","date_gmt":"2017-09-26T21:17:18","guid":{"rendered":"https:\/\/www.allscore.de\/shop\/?post_type=product&#038;p=8145"},"modified":"2025-07-17T14:47:26","modified_gmt":"2025-07-17T12:47:26","slug":"peter-thomas-sound-orchester-jerry-cotton-fbis-top-man","status":"publish","type":"product","link":"https:\/\/www.allscore.de\/shop\/produkt\/peter-thomas-sound-orchester-jerry-cotton-fbis-top-man\/","title":{"rendered":"Peter Thomas Sound Orchester &#8211; Jerry Cotton-FBI&#8217;s top man"},"content":{"rendered":"","protected":false},"excerpt":{"rendered":"<p>\u00dcber 40 Jahre nachdem die letzte Folge der deutschen Kult-Serie um den \u201eFBI Man\u201c Jerry Cotton abgedreht wurde, kommt im M\u00e4rz 2010 eine Neuverfilmung in die deutschen Kinos. Grund genug, sich der nicht mehr erh\u00e4ltlichen Musik der Originalfilme anzunehmen.<\/p>\n<p>Peter Thomas\u2019 Soundtracks zu den acht Filmen, entstanden zwischen 1965 und 1969, sind sicherlich der H\u00f6hepunkt der Serie. Thomas rekonstruierte den amerikanischen Jazz ganz so, wie es die Cotton-Filmemacher mit der Stadt New York City taten. Er verquirlte Kl\u00e4nge, die zu gleichen Teilen an Milit\u00e4r, Lounge, Verfolgungsjagden und sogar den Zirkus denken lassen. Dabei setzt er voll auf Jazz und peppt das Ganze mit seinen eigenen Zutaten auf: Sch\u00fcsse, Schreie, Scat-Gesang und wilde Improvisation.<\/p>\n<p>Crime-Jazz vom Feinsten!<br \/>\nAuf der vorliegenden CD befinden sich neben den neu gemasterten musikalischen Highlights der Serie sechs g\u00e4nzlich unver\u00f6ffentlichte Titel, sowie zwei, die bisher nur auf einer mittlerweile sehr raren Vinyl-LP ver\u00f6ffentlicht waren.<br \/>\nPr\u00e4sentiert werden die insgesamt 28 Musiktitel mit einem 24-seitigen Booklet, das ausf\u00fchrliche Linernotes in Deutsch und Englisch (geschrieben von Douglas Payne und Peter Thomas-Biograph Gerd Naumann), eine Filmographie, sowie zahlreiche gro\u00dfformatige Filmstills enth\u00e4lt.<\/p>\n<p>Dies sind die allerletzten versiegelten Kopien (Neuware) der seit l\u00e4ngerer Zeit vergriffenen CD!<\/p>\n","protected":false},"featured_media":8037,"template":"","meta":[],"product_brand":[],"product_cat":[225,617,428,105,153],"product_tag":[108],"class_list":{"0":"post-8145","1":"product","2":"type-product","3":"status-publish","4":"has-post-thumbnail","6":"product_cat-krimi","7":"product_cat-peter-thomas-sound-orchester","8":"product_cat-raritaeten","9":"product_cat-soundtracks","10":"product_cat-specials","11":"product_tag-soundtracks","12":"product_shipping_class-tontraeger-cd","13":"entry","14":"clearfix","15":"entry-grid","16":"entry-columns-3","17":"entry-product-module-layout-sidebar-right","18":"thumbnail-color-tone-dark","19":"entry-product","21":"entry-product-grid","23":"first","24":"outofstock","25":"taxable","26":"shipping-taxable","27":"purchasable","28":"product-type-simple"},"yoast_head":"<!-- This site is optimized with the Yoast SEO plugin v27.4 - https:\/\/yoast.com\/product\/yoast-seo-wordpress\/ -->\n<title>Peter Thomas Sound Orchester - Jerry Cotton-FBI&#039;s top man<\/title>\n<meta name=\"description\" content=\"\u00dcber 40 Jahre nachdem die letzte Folge der deutschen Kult-Serie um den \u201eFBI Man\u201c Jerry Cotton abgedreht wurde, kommt im M\u00e4rz 2010 eine Neuverfilmung in die deutschen Kinos. Grund genug, sich der nicht mehr erh\u00e4ltlichen Musik der Originalfilme anzunehmen.  Peter Thomas\u2019 Soundtracks zu den acht Filmen, entstanden zwischen 1965 und 1969, sind sicherlich der H\u00f6hepunkt der Serie. Thomas rekonstruierte den amerikanischen Jazz ganz so, wie es die Cotton-Filmemacher mit der Stadt New York City taten. Er verquirlte Kl\u00e4nge, die zu gleichen Teilen an Milit\u00e4r, Lounge, Verfolgungsjagden und sogar den Zirkus denken lassen. Dabei setzt er voll auf Jazz und peppt das Ganze mit seinen eigenen Zutaten auf: Sch\u00fcsse, Schreie, Scat-Gesang und wilde Improvisation.  Crime-Jazz vom Feinsten! Auf der vorliegenden CD befinden sich neben den neu gemasterten musikalischen Highlights der Serie sechs g\u00e4nzlich unver\u00f6ffentlichte Titel, sowie zwei, die bisher nur auf einer mittlerweile sehr raren Vinyl-LP ver\u00f6ffentlicht waren. Pr\u00e4sentiert werden die insgesamt 28 Musiktitel mit einem 24-seitigen Booklet, das ausf\u00fchrliche Linernotes in Deutsch und Englisch (geschrieben von Douglas Payne und Peter Thomas-Biograph Gerd Naumann), eine Filmographie, sowie zahlreiche gro\u00dfformatige Filmstills enth\u00e4lt.  Dies sind die allerletzten versiegelten Kopien (Neuware) der seit l\u00e4ngerer Zeit vergriffenen CD!\" \/>\n<meta name=\"robots\" content=\"index, follow, max-snippet:-1, max-image-preview:large, max-video-preview:-1\" \/>\n<link rel=\"canonical\" href=\"https:\/\/www.allscore.de\/shop\/produkt\/peter-thomas-sound-orchester-jerry-cotton-fbis-top-man\/\" \/>\n<meta property=\"og:locale\" content=\"de_DE\" \/>\n<meta property=\"og:type\" content=\"article\" \/>\n<meta property=\"og:title\" content=\"Peter Thomas Sound Orchester - Jerry Cotton-FBI&#039;s top man\" \/>\n<meta property=\"og:description\" content=\"\u00dcber 40 Jahre nachdem die letzte Folge der deutschen Kult-Serie um den \u201eFBI Man\u201c Jerry Cotton abgedreht wurde, kommt im M\u00e4rz 2010 eine Neuverfilmung in die deutschen Kinos. Grund genug, sich der nicht mehr erh\u00e4ltlichen Musik der Originalfilme anzunehmen.  Peter Thomas\u2019 Soundtracks zu den acht Filmen, entstanden zwischen 1965 und 1969, sind sicherlich der H\u00f6hepunkt der Serie. Thomas rekonstruierte den amerikanischen Jazz ganz so, wie es die Cotton-Filmemacher mit der Stadt New York City taten. Er verquirlte Kl\u00e4nge, die zu gleichen Teilen an Milit\u00e4r, Lounge, Verfolgungsjagden und sogar den Zirkus denken lassen. Dabei setzt er voll auf Jazz und peppt das Ganze mit seinen eigenen Zutaten auf: Sch\u00fcsse, Schreie, Scat-Gesang und wilde Improvisation.  Crime-Jazz vom Feinsten! Auf der vorliegenden CD befinden sich neben den neu gemasterten musikalischen Highlights der Serie sechs g\u00e4nzlich unver\u00f6ffentlichte Titel, sowie zwei, die bisher nur auf einer mittlerweile sehr raren Vinyl-LP ver\u00f6ffentlicht waren. Pr\u00e4sentiert werden die insgesamt 28 Musiktitel mit einem 24-seitigen Booklet, das ausf\u00fchrliche Linernotes in Deutsch und Englisch (geschrieben von Douglas Payne und Peter Thomas-Biograph Gerd Naumann), eine Filmographie, sowie zahlreiche gro\u00dfformatige Filmstills enth\u00e4lt.  Dies sind die allerletzten versiegelten Kopien (Neuware) der seit l\u00e4ngerer Zeit vergriffenen CD!\" \/>\n<meta property=\"og:url\" content=\"https:\/\/www.allscore.de\/shop\/produkt\/peter-thomas-sound-orchester-jerry-cotton-fbis-top-man\/\" \/>\n<meta property=\"og:site_name\" content=\"Allscore Shop\" \/>\n<meta property=\"article:modified_time\" content=\"2025-07-17T12:47:26+00:00\" \/>\n<meta property=\"og:image\" content=\"https:\/\/www.allscore.de\/shop\/wp-content\/uploads\/2020\/09\/ASM033_1200x1200.jpg\" \/>\n\t<meta property=\"og:image:width\" content=\"1200\" \/>\n\t<meta property=\"og:image:height\" content=\"1200\" \/>\n\t<meta property=\"og:image:type\" content=\"image\/jpeg\" \/>\n<meta name=\"twitter:card\" content=\"summary_large_image\" \/>\n<script type=\"application\/ld+json\" class=\"yoast-schema-graph\">{\"@context\":\"https:\\\/\\\/schema.org\",\"@graph\":[{\"@type\":\"WebPage\",\"@id\":\"https:\\\/\\\/www.allscore.de\\\/shop\\\/produkt\\\/peter-thomas-sound-orchester-jerry-cotton-fbis-top-man\\\/\",\"url\":\"https:\\\/\\\/www.allscore.de\\\/shop\\\/produkt\\\/peter-thomas-sound-orchester-jerry-cotton-fbis-top-man\\\/\",\"name\":\"Peter Thomas Sound Orchester - Jerry Cotton-FBI's top man\",\"isPartOf\":{\"@id\":\"https:\\\/\\\/www.allscore.de\\\/shop\\\/#website\"},\"primaryImageOfPage\":{\"@id\":\"https:\\\/\\\/www.allscore.de\\\/shop\\\/produkt\\\/peter-thomas-sound-orchester-jerry-cotton-fbis-top-man\\\/#primaryimage\"},\"image\":{\"@id\":\"https:\\\/\\\/www.allscore.de\\\/shop\\\/produkt\\\/peter-thomas-sound-orchester-jerry-cotton-fbis-top-man\\\/#primaryimage\"},\"thumbnailUrl\":\"https:\\\/\\\/www.allscore.de\\\/shop\\\/wp-content\\\/uploads\\\/2020\\\/09\\\/ASM033_1200x1200.jpg\",\"datePublished\":\"2017-09-26T21:17:18+00:00\",\"dateModified\":\"2025-07-17T12:47:26+00:00\",\"description\":\"\u00dcber 40 Jahre nachdem die letzte Folge der deutschen Kult-Serie um den \u201eFBI Man\u201c Jerry Cotton abgedreht wurde, kommt im M\u00e4rz 2010 eine Neuverfilmung in die deutschen Kinos. Grund genug, sich der nicht mehr erh\u00e4ltlichen Musik der Originalfilme anzunehmen. Peter Thomas\u2019 Soundtracks zu den acht Filmen, entstanden zwischen 1965 und 1969, sind sicherlich der H\u00f6hepunkt der Serie. Thomas rekonstruierte den amerikanischen Jazz ganz so, wie es die Cotton-Filmemacher mit der Stadt New York City taten. Er verquirlte Kl\u00e4nge, die zu gleichen Teilen an Milit\u00e4r, Lounge, Verfolgungsjagden und sogar den Zirkus denken lassen. Dabei setzt er voll auf Jazz und peppt das Ganze mit seinen eigenen Zutaten auf: Sch\u00fcsse, Schreie, Scat-Gesang und wilde Improvisation. Crime-Jazz vom Feinsten! Auf der vorliegenden CD befinden sich neben den neu gemasterten musikalischen Highlights der Serie sechs g\u00e4nzlich unver\u00f6ffentlichte Titel, sowie zwei, die bisher nur auf einer mittlerweile sehr raren Vinyl-LP ver\u00f6ffentlicht waren. Pr\u00e4sentiert werden die insgesamt 28 Musiktitel mit einem 24-seitigen Booklet, das ausf\u00fchrliche Linernotes in Deutsch und Englisch (geschrieben von Douglas Payne und Peter Thomas-Biograph Gerd Naumann), eine Filmographie, sowie zahlreiche gro\u00dfformatige Filmstills enth\u00e4lt. Dies sind die allerletzten versiegelten Kopien (Neuware) der seit l\u00e4ngerer Zeit vergriffenen CD!\",\"breadcrumb\":{\"@id\":\"https:\\\/\\\/www.allscore.de\\\/shop\\\/produkt\\\/peter-thomas-sound-orchester-jerry-cotton-fbis-top-man\\\/#breadcrumb\"},\"inLanguage\":\"de\",\"potentialAction\":[{\"@type\":\"ReadAction\",\"target\":[\"https:\\\/\\\/www.allscore.de\\\/shop\\\/produkt\\\/peter-thomas-sound-orchester-jerry-cotton-fbis-top-man\\\/\"]}]},{\"@type\":\"ImageObject\",\"inLanguage\":\"de\",\"@id\":\"https:\\\/\\\/www.allscore.de\\\/shop\\\/produkt\\\/peter-thomas-sound-orchester-jerry-cotton-fbis-top-man\\\/#primaryimage\",\"url\":\"https:\\\/\\\/www.allscore.de\\\/shop\\\/wp-content\\\/uploads\\\/2020\\\/09\\\/ASM033_1200x1200.jpg\",\"contentUrl\":\"https:\\\/\\\/www.allscore.de\\\/shop\\\/wp-content\\\/uploads\\\/2020\\\/09\\\/ASM033_1200x1200.jpg\",\"width\":1200,\"height\":1200,\"caption\":\"Jerry Cotton - FBI's top man\"},{\"@type\":\"BreadcrumbList\",\"@id\":\"https:\\\/\\\/www.allscore.de\\\/shop\\\/produkt\\\/peter-thomas-sound-orchester-jerry-cotton-fbis-top-man\\\/#breadcrumb\",\"itemListElement\":[{\"@type\":\"ListItem\",\"position\":1,\"name\":\"Startseite\",\"item\":\"https:\\\/\\\/www.allscore.de\\\/shop\\\/\"},{\"@type\":\"ListItem\",\"position\":2,\"name\":\"Produkte\",\"item\":\"https:\\\/\\\/www.allscore.de\\\/shop\\\/shop\\\/\"},{\"@type\":\"ListItem\",\"position\":3,\"name\":\"Peter Thomas Sound Orchester &#8211; Jerry Cotton-FBI&#8217;s top man\"}]},{\"@type\":\"WebSite\",\"@id\":\"https:\\\/\\\/www.allscore.de\\\/shop\\\/#website\",\"url\":\"https:\\\/\\\/www.allscore.de\\\/shop\\\/\",\"name\":\"Allscore Shop\",\"description\":\"All Score Media\",\"publisher\":{\"@id\":\"https:\\\/\\\/www.allscore.de\\\/shop\\\/#organization\"},\"potentialAction\":[{\"@type\":\"SearchAction\",\"target\":{\"@type\":\"EntryPoint\",\"urlTemplate\":\"https:\\\/\\\/www.allscore.de\\\/shop\\\/?s={search_term_string}\"},\"query-input\":{\"@type\":\"PropertyValueSpecification\",\"valueRequired\":true,\"valueName\":\"search_term_string\"}}],\"inLanguage\":\"de\"},{\"@type\":\"Organization\",\"@id\":\"https:\\\/\\\/www.allscore.de\\\/shop\\\/#organization\",\"name\":\"All Score Media\",\"alternateName\":\"Allscore\",\"url\":\"https:\\\/\\\/www.allscore.de\\\/shop\\\/\",\"logo\":{\"@type\":\"ImageObject\",\"inLanguage\":\"de\",\"@id\":\"https:\\\/\\\/www.allscore.de\\\/shop\\\/#\\\/schema\\\/logo\\\/image\\\/\",\"url\":\"https:\\\/\\\/www.allscore.de\\\/shop\\\/wp-content\\\/uploads\\\/2026\\\/01\\\/Logo_Yoast_Shop_2026.png\",\"contentUrl\":\"https:\\\/\\\/www.allscore.de\\\/shop\\\/wp-content\\\/uploads\\\/2026\\\/01\\\/Logo_Yoast_Shop_2026.png\",\"width\":696,\"height\":696,\"caption\":\"All Score Media\"},\"image\":{\"@id\":\"https:\\\/\\\/www.allscore.de\\\/shop\\\/#\\\/schema\\\/logo\\\/image\\\/\"}}]}<\/script>\n<!-- \/ Yoast SEO plugin. -->","yoast_head_json":{"title":"Peter Thomas Sound Orchester - Jerry Cotton-FBI's top man","description":"\u00dcber 40 Jahre nachdem die letzte Folge der deutschen Kult-Serie um den \u201eFBI Man\u201c Jerry Cotton abgedreht wurde, kommt im M\u00e4rz 2010 eine Neuverfilmung in die deutschen Kinos. Grund genug, sich der nicht mehr erh\u00e4ltlichen Musik der Originalfilme anzunehmen.  Peter Thomas\u2019 Soundtracks zu den acht Filmen, entstanden zwischen 1965 und 1969, sind sicherlich der H\u00f6hepunkt der Serie. Thomas rekonstruierte den amerikanischen Jazz ganz so, wie es die Cotton-Filmemacher mit der Stadt New York City taten. Er verquirlte Kl\u00e4nge, die zu gleichen Teilen an Milit\u00e4r, Lounge, Verfolgungsjagden und sogar den Zirkus denken lassen. Dabei setzt er voll auf Jazz und peppt das Ganze mit seinen eigenen Zutaten auf: Sch\u00fcsse, Schreie, Scat-Gesang und wilde Improvisation.  Crime-Jazz vom Feinsten! Auf der vorliegenden CD befinden sich neben den neu gemasterten musikalischen Highlights der Serie sechs g\u00e4nzlich unver\u00f6ffentlichte Titel, sowie zwei, die bisher nur auf einer mittlerweile sehr raren Vinyl-LP ver\u00f6ffentlicht waren. Pr\u00e4sentiert werden die insgesamt 28 Musiktitel mit einem 24-seitigen Booklet, das ausf\u00fchrliche Linernotes in Deutsch und Englisch (geschrieben von Douglas Payne und Peter Thomas-Biograph Gerd Naumann), eine Filmographie, sowie zahlreiche gro\u00dfformatige Filmstills enth\u00e4lt.  Dies sind die allerletzten versiegelten Kopien (Neuware) der seit l\u00e4ngerer Zeit vergriffenen CD!","robots":{"index":"index","follow":"follow","max-snippet":"max-snippet:-1","max-image-preview":"max-image-preview:large","max-video-preview":"max-video-preview:-1"},"canonical":"https:\/\/www.allscore.de\/shop\/produkt\/peter-thomas-sound-orchester-jerry-cotton-fbis-top-man\/","og_locale":"de_DE","og_type":"article","og_title":"Peter Thomas Sound Orchester - Jerry Cotton-FBI's top man","og_description":"\u00dcber 40 Jahre nachdem die letzte Folge der deutschen Kult-Serie um den \u201eFBI Man\u201c Jerry Cotton abgedreht wurde, kommt im M\u00e4rz 2010 eine Neuverfilmung in die deutschen Kinos. Grund genug, sich der nicht mehr erh\u00e4ltlichen Musik der Originalfilme anzunehmen.  Peter Thomas\u2019 Soundtracks zu den acht Filmen, entstanden zwischen 1965 und 1969, sind sicherlich der H\u00f6hepunkt der Serie. Thomas rekonstruierte den amerikanischen Jazz ganz so, wie es die Cotton-Filmemacher mit der Stadt New York City taten. Er verquirlte Kl\u00e4nge, die zu gleichen Teilen an Milit\u00e4r, Lounge, Verfolgungsjagden und sogar den Zirkus denken lassen. Dabei setzt er voll auf Jazz und peppt das Ganze mit seinen eigenen Zutaten auf: Sch\u00fcsse, Schreie, Scat-Gesang und wilde Improvisation.  Crime-Jazz vom Feinsten! Auf der vorliegenden CD befinden sich neben den neu gemasterten musikalischen Highlights der Serie sechs g\u00e4nzlich unver\u00f6ffentlichte Titel, sowie zwei, die bisher nur auf einer mittlerweile sehr raren Vinyl-LP ver\u00f6ffentlicht waren. Pr\u00e4sentiert werden die insgesamt 28 Musiktitel mit einem 24-seitigen Booklet, das ausf\u00fchrliche Linernotes in Deutsch und Englisch (geschrieben von Douglas Payne und Peter Thomas-Biograph Gerd Naumann), eine Filmographie, sowie zahlreiche gro\u00dfformatige Filmstills enth\u00e4lt.  Dies sind die allerletzten versiegelten Kopien (Neuware) der seit l\u00e4ngerer Zeit vergriffenen CD!","og_url":"https:\/\/www.allscore.de\/shop\/produkt\/peter-thomas-sound-orchester-jerry-cotton-fbis-top-man\/","og_site_name":"Allscore Shop","article_modified_time":"2025-07-17T12:47:26+00:00","og_image":[{"width":1200,"height":1200,"url":"https:\/\/www.allscore.de\/shop\/wp-content\/uploads\/2020\/09\/ASM033_1200x1200.jpg","type":"image\/jpeg"}],"twitter_card":"summary_large_image","schema":{"@context":"https:\/\/schema.org","@graph":[{"@type":"WebPage","@id":"https:\/\/www.allscore.de\/shop\/produkt\/peter-thomas-sound-orchester-jerry-cotton-fbis-top-man\/","url":"https:\/\/www.allscore.de\/shop\/produkt\/peter-thomas-sound-orchester-jerry-cotton-fbis-top-man\/","name":"Peter Thomas Sound Orchester - Jerry Cotton-FBI's top man","isPartOf":{"@id":"https:\/\/www.allscore.de\/shop\/#website"},"primaryImageOfPage":{"@id":"https:\/\/www.allscore.de\/shop\/produkt\/peter-thomas-sound-orchester-jerry-cotton-fbis-top-man\/#primaryimage"},"image":{"@id":"https:\/\/www.allscore.de\/shop\/produkt\/peter-thomas-sound-orchester-jerry-cotton-fbis-top-man\/#primaryimage"},"thumbnailUrl":"https:\/\/www.allscore.de\/shop\/wp-content\/uploads\/2020\/09\/ASM033_1200x1200.jpg","datePublished":"2017-09-26T21:17:18+00:00","dateModified":"2025-07-17T12:47:26+00:00","description":"\u00dcber 40 Jahre nachdem die letzte Folge der deutschen Kult-Serie um den \u201eFBI Man\u201c Jerry Cotton abgedreht wurde, kommt im M\u00e4rz 2010 eine Neuverfilmung in die deutschen Kinos. Grund genug, sich der nicht mehr erh\u00e4ltlichen Musik der Originalfilme anzunehmen. Peter Thomas\u2019 Soundtracks zu den acht Filmen, entstanden zwischen 1965 und 1969, sind sicherlich der H\u00f6hepunkt der Serie. Thomas rekonstruierte den amerikanischen Jazz ganz so, wie es die Cotton-Filmemacher mit der Stadt New York City taten. Er verquirlte Kl\u00e4nge, die zu gleichen Teilen an Milit\u00e4r, Lounge, Verfolgungsjagden und sogar den Zirkus denken lassen. Dabei setzt er voll auf Jazz und peppt das Ganze mit seinen eigenen Zutaten auf: Sch\u00fcsse, Schreie, Scat-Gesang und wilde Improvisation. Crime-Jazz vom Feinsten! Auf der vorliegenden CD befinden sich neben den neu gemasterten musikalischen Highlights der Serie sechs g\u00e4nzlich unver\u00f6ffentlichte Titel, sowie zwei, die bisher nur auf einer mittlerweile sehr raren Vinyl-LP ver\u00f6ffentlicht waren. Pr\u00e4sentiert werden die insgesamt 28 Musiktitel mit einem 24-seitigen Booklet, das ausf\u00fchrliche Linernotes in Deutsch und Englisch (geschrieben von Douglas Payne und Peter Thomas-Biograph Gerd Naumann), eine Filmographie, sowie zahlreiche gro\u00dfformatige Filmstills enth\u00e4lt. Dies sind die allerletzten versiegelten Kopien (Neuware) der seit l\u00e4ngerer Zeit vergriffenen CD!","breadcrumb":{"@id":"https:\/\/www.allscore.de\/shop\/produkt\/peter-thomas-sound-orchester-jerry-cotton-fbis-top-man\/#breadcrumb"},"inLanguage":"de","potentialAction":[{"@type":"ReadAction","target":["https:\/\/www.allscore.de\/shop\/produkt\/peter-thomas-sound-orchester-jerry-cotton-fbis-top-man\/"]}]},{"@type":"ImageObject","inLanguage":"de","@id":"https:\/\/www.allscore.de\/shop\/produkt\/peter-thomas-sound-orchester-jerry-cotton-fbis-top-man\/#primaryimage","url":"https:\/\/www.allscore.de\/shop\/wp-content\/uploads\/2020\/09\/ASM033_1200x1200.jpg","contentUrl":"https:\/\/www.allscore.de\/shop\/wp-content\/uploads\/2020\/09\/ASM033_1200x1200.jpg","width":1200,"height":1200,"caption":"Jerry Cotton - FBI's top man"},{"@type":"BreadcrumbList","@id":"https:\/\/www.allscore.de\/shop\/produkt\/peter-thomas-sound-orchester-jerry-cotton-fbis-top-man\/#breadcrumb","itemListElement":[{"@type":"ListItem","position":1,"name":"Startseite","item":"https:\/\/www.allscore.de\/shop\/"},{"@type":"ListItem","position":2,"name":"Produkte","item":"https:\/\/www.allscore.de\/shop\/shop\/"},{"@type":"ListItem","position":3,"name":"Peter Thomas Sound Orchester &#8211; Jerry Cotton-FBI&#8217;s top man"}]},{"@type":"WebSite","@id":"https:\/\/www.allscore.de\/shop\/#website","url":"https:\/\/www.allscore.de\/shop\/","name":"Allscore Shop","description":"All Score Media","publisher":{"@id":"https:\/\/www.allscore.de\/shop\/#organization"},"potentialAction":[{"@type":"SearchAction","target":{"@type":"EntryPoint","urlTemplate":"https:\/\/www.allscore.de\/shop\/?s={search_term_string}"},"query-input":{"@type":"PropertyValueSpecification","valueRequired":true,"valueName":"search_term_string"}}],"inLanguage":"de"},{"@type":"Organization","@id":"https:\/\/www.allscore.de\/shop\/#organization","name":"All Score Media","alternateName":"Allscore","url":"https:\/\/www.allscore.de\/shop\/","logo":{"@type":"ImageObject","inLanguage":"de","@id":"https:\/\/www.allscore.de\/shop\/#\/schema\/logo\/image\/","url":"https:\/\/www.allscore.de\/shop\/wp-content\/uploads\/2026\/01\/Logo_Yoast_Shop_2026.png","contentUrl":"https:\/\/www.allscore.de\/shop\/wp-content\/uploads\/2026\/01\/Logo_Yoast_Shop_2026.png","width":696,"height":696,"caption":"All Score Media"},"image":{"@id":"https:\/\/www.allscore.de\/shop\/#\/schema\/logo\/image\/"}}]}},"_links":{"self":[{"href":"https:\/\/www.allscore.de\/shop\/wp-json\/wp\/v2\/product\/8145","targetHints":{"allow":["GET"]}}],"collection":[{"href":"https:\/\/www.allscore.de\/shop\/wp-json\/wp\/v2\/product"}],"about":[{"href":"https:\/\/www.allscore.de\/shop\/wp-json\/wp\/v2\/types\/product"}],"wp:featuredmedia":[{"embeddable":true,"href":"https:\/\/www.allscore.de\/shop\/wp-json\/wp\/v2\/media\/8037"}],"wp:attachment":[{"href":"https:\/\/www.allscore.de\/shop\/wp-json\/wp\/v2\/media?parent=8145"}],"wp:term":[{"taxonomy":"product_brand","embeddable":true,"href":"https:\/\/www.allscore.de\/shop\/wp-json\/wp\/v2\/product_brand?post=8145"},{"taxonomy":"product_cat","embeddable":true,"href":"https:\/\/www.allscore.de\/shop\/wp-json\/wp\/v2\/product_cat?post=8145"},{"taxonomy":"product_tag","embeddable":true,"href":"https:\/\/www.allscore.de\/shop\/wp-json\/wp\/v2\/product_tag?post=8145"}],"curies":[{"name":"wp","href":"https:\/\/api.w.org\/{rel}","templated":true}]}}