{"id":8141,"date":"2018-09-26T23:05:53","date_gmt":"2018-09-26T21:05:53","guid":{"rendered":"https:\/\/www.allscore.de\/shop\/?post_type=product&#038;p=8141"},"modified":"2025-08-21T12:20:04","modified_gmt":"2025-08-21T10:20:04","slug":"peter-thomas-sound-orchester-bruce-lee-the-big-boss-2","status":"publish","type":"product","link":"https:\/\/www.allscore.de\/shop\/produkt\/peter-thomas-sound-orchester-bruce-lee-the-big-boss-2\/","title":{"rendered":"Peter Thomas Sound Orchester &#8211; Bruce Lee &#8211; The Big Boss"},"content":{"rendered":"","protected":false},"excerpt":{"rendered":"<p>The Big Boss war Bruce Lees erster gro\u00dfer Film und verschaffte ihm den internationalen Durchbruch. Seine Premiere hatte Regisseur Lo Weis Film 1971 in Hongkong, seinen internationalen Siegeszug trat er aber erst 1973 an.<\/p>\n<p>Zu diesem Zweck verpasste der deutsche Verleih dem Film einen neuen \u201eeurop\u00e4ischeren\u201c Soundtrack. Man glaubte, der Original Score des chinesischen Komponisten Wang Fu-ling w\u00e4re zu weit von den hiesigen H\u00f6rgewohnheiten entfernt.<br \/>\nHier kommt nun Peter Thomas ins Spiel. Er sollte diesen Soundtrack im Auftrag von Cinerama komponieren. Das Resultat war, dass dieser von nun an in der ganzen Welt, mit Ausnahme von China, eingesetzt und somit zur \u201eeigentlichen\u201c Filmmusik von The Big Boss wurde. Die typischen Peter Thomasschen Bl\u00e4sers\u00e4tze passen sich hervorragend in das fern\u00f6stliche Sujet ein, speziell das Titelthema ist ein echter Knaller.<\/p>\n<p>Nun liegt der Soundtrack, nach 37 Jahren, endlich zum ersten Mal auf Tontr\u00e4ger vor! Die 20 Titel werden erg\u00e4nzt durch gro\u00dfformatige, farbige und zum Teil rare Bilder der jungen Martial-Arts-Ikone Bruce Lee.<\/p>\n<p>The Big Boss (internat. Titel)<br \/>\naka.: Bruce Lee &#8211; Die Todesfaust des Cheng Li (dt. Titel)<br \/>\naka.: Tang shan da xiong (Originaltitel)<br \/>\naka.: Fists of Fury<br \/>\naka.: Fists of Glory,<br \/>\nu.v.a.m.<\/p>\n<p>Hong Kong, 1971<br \/>\nRegie: Lo Wei<br \/>\nD.: Bruce Lee, Maria Yi, Han Ying Chieh&#8230;<br \/>\nMusik: Peter Thomas<\/p>\n","protected":false},"featured_media":8036,"template":"","meta":[],"product_brand":[],"product_cat":[220,617,105],"product_tag":[108],"class_list":{"0":"post-8141","1":"product","2":"type-product","3":"status-publish","4":"has-post-thumbnail","6":"product_cat-action","7":"product_cat-peter-thomas-sound-orchester","8":"product_cat-soundtracks","9":"product_tag-soundtracks","10":"product_shipping_class-tontraeger-cd","11":"entry","12":"clearfix","13":"entry-grid","14":"entry-columns-3","15":"entry-product-module-layout-sidebar-right","16":"thumbnail-color-tone-dark","17":"entry-product","19":"entry-product-grid","21":"first","22":"instock","23":"taxable","24":"shipping-taxable","25":"purchasable","26":"product-type-simple"},"yoast_head":"<!-- This site is optimized with the Yoast SEO plugin v27.3 - https:\/\/yoast.com\/product\/yoast-seo-wordpress\/ -->\n<title>Peter Thomas Sound Orchester - Bruce Lee - The Big Boss<\/title>\n<meta name=\"description\" content=\"The Big Boss war Bruce Lees erster gro\u00dfer Film und verschaffte ihm den internationalen Durchbruch. Seine Premiere hatte Regisseur Lo Weis Film 1971 in Hongkong, seinen internationalen Siegeszug trat er aber erst 1973 an.  Zu diesem Zweck verpasste der deutsche Verleih dem Film einen neuen \u201eeurop\u00e4ischeren\u201c Soundtrack. Man glaubte, der Original Score des chinesischen Komponisten Wang Fu-ling w\u00e4re zu weit von den hiesigen H\u00f6rgewohnheiten entfernt. Hier kommt nun Peter Thomas ins Spiel. Er sollte diesen Soundtrack im Auftrag von Cinerama komponieren. Das Resultat war, dass dieser von nun an in der ganzen Welt, mit Ausnahme von China, eingesetzt und somit zur \u201eeigentlichen\u201c Filmmusik von The Big Boss wurde. Die typischen Peter Thomasschen Bl\u00e4sers\u00e4tze passen sich hervorragend in das fern\u00f6stliche Sujet ein, speziell das Titelthema ist ein echter Knaller.  Nun liegt der Soundtrack, nach 37 Jahren, endlich zum ersten Mal auf Tontr\u00e4ger vor! Die 20 Titel werden erg\u00e4nzt durch gro\u00dfformatige, farbige und zum Teil rare Bilder der jungen Martial-Arts-Ikone Bruce Lee.  The Big Boss (internat. Titel) aka.: Bruce Lee - Die Todesfaust des Cheng Li (dt. Titel) aka.: Tang shan da xiong (Originaltitel) aka.: Fists of Fury aka.: Fists of Glory, u.v.a.m.  Hong Kong, 1971 Regie: Lo Wei D.: Bruce Lee, Maria Yi, Han Ying Chieh... Musik: Peter Thomas\" \/>\n<meta name=\"robots\" content=\"index, follow, max-snippet:-1, max-image-preview:large, max-video-preview:-1\" \/>\n<link rel=\"canonical\" href=\"https:\/\/www.allscore.de\/shop\/produkt\/peter-thomas-sound-orchester-bruce-lee-the-big-boss-2\/\" \/>\n<meta property=\"og:locale\" content=\"de_DE\" \/>\n<meta property=\"og:type\" content=\"article\" \/>\n<meta property=\"og:title\" content=\"Peter Thomas Sound Orchester - Bruce Lee - The Big Boss\" \/>\n<meta property=\"og:description\" content=\"The Big Boss war Bruce Lees erster gro\u00dfer Film und verschaffte ihm den internationalen Durchbruch. Seine Premiere hatte Regisseur Lo Weis Film 1971 in Hongkong, seinen internationalen Siegeszug trat er aber erst 1973 an.  Zu diesem Zweck verpasste der deutsche Verleih dem Film einen neuen \u201eeurop\u00e4ischeren\u201c Soundtrack. Man glaubte, der Original Score des chinesischen Komponisten Wang Fu-ling w\u00e4re zu weit von den hiesigen H\u00f6rgewohnheiten entfernt. Hier kommt nun Peter Thomas ins Spiel. Er sollte diesen Soundtrack im Auftrag von Cinerama komponieren. Das Resultat war, dass dieser von nun an in der ganzen Welt, mit Ausnahme von China, eingesetzt und somit zur \u201eeigentlichen\u201c Filmmusik von The Big Boss wurde. Die typischen Peter Thomasschen Bl\u00e4sers\u00e4tze passen sich hervorragend in das fern\u00f6stliche Sujet ein, speziell das Titelthema ist ein echter Knaller.  Nun liegt der Soundtrack, nach 37 Jahren, endlich zum ersten Mal auf Tontr\u00e4ger vor! Die 20 Titel werden erg\u00e4nzt durch gro\u00dfformatige, farbige und zum Teil rare Bilder der jungen Martial-Arts-Ikone Bruce Lee.  The Big Boss (internat. Titel) aka.: Bruce Lee - Die Todesfaust des Cheng Li (dt. Titel) aka.: Tang shan da xiong (Originaltitel) aka.: Fists of Fury aka.: Fists of Glory, u.v.a.m.  Hong Kong, 1971 Regie: Lo Wei D.: Bruce Lee, Maria Yi, Han Ying Chieh... Musik: Peter Thomas\" \/>\n<meta property=\"og:url\" content=\"https:\/\/www.allscore.de\/shop\/produkt\/peter-thomas-sound-orchester-bruce-lee-the-big-boss-2\/\" \/>\n<meta property=\"og:site_name\" content=\"Allscore Shop\" \/>\n<meta property=\"article:modified_time\" content=\"2025-08-21T10:20:04+00:00\" \/>\n<meta property=\"og:image\" content=\"https:\/\/www.allscore.de\/shop\/wp-content\/uploads\/2020\/09\/ASM034_1200x1200.jpg\" \/>\n\t<meta property=\"og:image:width\" content=\"1200\" \/>\n\t<meta property=\"og:image:height\" content=\"1200\" \/>\n\t<meta property=\"og:image:type\" content=\"image\/jpeg\" \/>\n<meta name=\"twitter:card\" content=\"summary_large_image\" \/>\n<script type=\"application\/ld+json\" class=\"yoast-schema-graph\">{\"@context\":\"https:\\\/\\\/schema.org\",\"@graph\":[{\"@type\":\"WebPage\",\"@id\":\"https:\\\/\\\/www.allscore.de\\\/shop\\\/produkt\\\/peter-thomas-sound-orchester-bruce-lee-the-big-boss-2\\\/\",\"url\":\"https:\\\/\\\/www.allscore.de\\\/shop\\\/produkt\\\/peter-thomas-sound-orchester-bruce-lee-the-big-boss-2\\\/\",\"name\":\"Peter Thomas Sound Orchester - Bruce Lee - The Big Boss\",\"isPartOf\":{\"@id\":\"https:\\\/\\\/www.allscore.de\\\/shop\\\/#website\"},\"primaryImageOfPage\":{\"@id\":\"https:\\\/\\\/www.allscore.de\\\/shop\\\/produkt\\\/peter-thomas-sound-orchester-bruce-lee-the-big-boss-2\\\/#primaryimage\"},\"image\":{\"@id\":\"https:\\\/\\\/www.allscore.de\\\/shop\\\/produkt\\\/peter-thomas-sound-orchester-bruce-lee-the-big-boss-2\\\/#primaryimage\"},\"thumbnailUrl\":\"https:\\\/\\\/www.allscore.de\\\/shop\\\/wp-content\\\/uploads\\\/2020\\\/09\\\/ASM034_1200x1200.jpg\",\"datePublished\":\"2018-09-26T21:05:53+00:00\",\"dateModified\":\"2025-08-21T10:20:04+00:00\",\"description\":\"The Big Boss war Bruce Lees erster gro\u00dfer Film und verschaffte ihm den internationalen Durchbruch. Seine Premiere hatte Regisseur Lo Weis Film 1971 in Hongkong, seinen internationalen Siegeszug trat er aber erst 1973 an. Zu diesem Zweck verpasste der deutsche Verleih dem Film einen neuen \u201eeurop\u00e4ischeren\u201c Soundtrack. Man glaubte, der Original Score des chinesischen Komponisten Wang Fu-ling w\u00e4re zu weit von den hiesigen H\u00f6rgewohnheiten entfernt. Hier kommt nun Peter Thomas ins Spiel. Er sollte diesen Soundtrack im Auftrag von Cinerama komponieren. Das Resultat war, dass dieser von nun an in der ganzen Welt, mit Ausnahme von China, eingesetzt und somit zur \u201eeigentlichen\u201c Filmmusik von The Big Boss wurde. Die typischen Peter Thomasschen Bl\u00e4sers\u00e4tze passen sich hervorragend in das fern\u00f6stliche Sujet ein, speziell das Titelthema ist ein echter Knaller. Nun liegt der Soundtrack, nach 37 Jahren, endlich zum ersten Mal auf Tontr\u00e4ger vor! Die 20 Titel werden erg\u00e4nzt durch gro\u00dfformatige, farbige und zum Teil rare Bilder der jungen Martial-Arts-Ikone Bruce Lee. The Big Boss (internat. Titel) aka.: Bruce Lee - Die Todesfaust des Cheng Li (dt. Titel) aka.: Tang shan da xiong (Originaltitel) aka.: Fists of Fury aka.: Fists of Glory, u.v.a.m. Hong Kong, 1971 Regie: Lo Wei D.: Bruce Lee, Maria Yi, Han Ying Chieh... Musik: Peter Thomas\",\"breadcrumb\":{\"@id\":\"https:\\\/\\\/www.allscore.de\\\/shop\\\/produkt\\\/peter-thomas-sound-orchester-bruce-lee-the-big-boss-2\\\/#breadcrumb\"},\"inLanguage\":\"de\",\"potentialAction\":[{\"@type\":\"ReadAction\",\"target\":[\"https:\\\/\\\/www.allscore.de\\\/shop\\\/produkt\\\/peter-thomas-sound-orchester-bruce-lee-the-big-boss-2\\\/\"]}]},{\"@type\":\"ImageObject\",\"inLanguage\":\"de\",\"@id\":\"https:\\\/\\\/www.allscore.de\\\/shop\\\/produkt\\\/peter-thomas-sound-orchester-bruce-lee-the-big-boss-2\\\/#primaryimage\",\"url\":\"https:\\\/\\\/www.allscore.de\\\/shop\\\/wp-content\\\/uploads\\\/2020\\\/09\\\/ASM034_1200x1200.jpg\",\"contentUrl\":\"https:\\\/\\\/www.allscore.de\\\/shop\\\/wp-content\\\/uploads\\\/2020\\\/09\\\/ASM034_1200x1200.jpg\",\"width\":1200,\"height\":1200,\"caption\":\"The Big Boss\"},{\"@type\":\"BreadcrumbList\",\"@id\":\"https:\\\/\\\/www.allscore.de\\\/shop\\\/produkt\\\/peter-thomas-sound-orchester-bruce-lee-the-big-boss-2\\\/#breadcrumb\",\"itemListElement\":[{\"@type\":\"ListItem\",\"position\":1,\"name\":\"Startseite\",\"item\":\"https:\\\/\\\/www.allscore.de\\\/shop\\\/\"},{\"@type\":\"ListItem\",\"position\":2,\"name\":\"Produkte\",\"item\":\"https:\\\/\\\/www.allscore.de\\\/shop\\\/shop\\\/\"},{\"@type\":\"ListItem\",\"position\":3,\"name\":\"Peter Thomas Sound Orchester &#8211; Bruce Lee &#8211; The Big Boss\"}]},{\"@type\":\"WebSite\",\"@id\":\"https:\\\/\\\/www.allscore.de\\\/shop\\\/#website\",\"url\":\"https:\\\/\\\/www.allscore.de\\\/shop\\\/\",\"name\":\"Allscore Shop\",\"description\":\"All Score Media\",\"publisher\":{\"@id\":\"https:\\\/\\\/www.allscore.de\\\/shop\\\/#organization\"},\"potentialAction\":[{\"@type\":\"SearchAction\",\"target\":{\"@type\":\"EntryPoint\",\"urlTemplate\":\"https:\\\/\\\/www.allscore.de\\\/shop\\\/?s={search_term_string}\"},\"query-input\":{\"@type\":\"PropertyValueSpecification\",\"valueRequired\":true,\"valueName\":\"search_term_string\"}}],\"inLanguage\":\"de\"},{\"@type\":\"Organization\",\"@id\":\"https:\\\/\\\/www.allscore.de\\\/shop\\\/#organization\",\"name\":\"All Score Media\",\"alternateName\":\"Allscore\",\"url\":\"https:\\\/\\\/www.allscore.de\\\/shop\\\/\",\"logo\":{\"@type\":\"ImageObject\",\"inLanguage\":\"de\",\"@id\":\"https:\\\/\\\/www.allscore.de\\\/shop\\\/#\\\/schema\\\/logo\\\/image\\\/\",\"url\":\"https:\\\/\\\/www.allscore.de\\\/shop\\\/wp-content\\\/uploads\\\/2026\\\/01\\\/Logo_Yoast_Shop_2026.png\",\"contentUrl\":\"https:\\\/\\\/www.allscore.de\\\/shop\\\/wp-content\\\/uploads\\\/2026\\\/01\\\/Logo_Yoast_Shop_2026.png\",\"width\":696,\"height\":696,\"caption\":\"All Score Media\"},\"image\":{\"@id\":\"https:\\\/\\\/www.allscore.de\\\/shop\\\/#\\\/schema\\\/logo\\\/image\\\/\"}}]}<\/script>\n<!-- \/ Yoast SEO plugin. -->","yoast_head_json":{"title":"Peter Thomas Sound Orchester - Bruce Lee - The Big Boss","description":"The Big Boss war Bruce Lees erster gro\u00dfer Film und verschaffte ihm den internationalen Durchbruch. Seine Premiere hatte Regisseur Lo Weis Film 1971 in Hongkong, seinen internationalen Siegeszug trat er aber erst 1973 an.  Zu diesem Zweck verpasste der deutsche Verleih dem Film einen neuen \u201eeurop\u00e4ischeren\u201c Soundtrack. Man glaubte, der Original Score des chinesischen Komponisten Wang Fu-ling w\u00e4re zu weit von den hiesigen H\u00f6rgewohnheiten entfernt. Hier kommt nun Peter Thomas ins Spiel. Er sollte diesen Soundtrack im Auftrag von Cinerama komponieren. Das Resultat war, dass dieser von nun an in der ganzen Welt, mit Ausnahme von China, eingesetzt und somit zur \u201eeigentlichen\u201c Filmmusik von The Big Boss wurde. Die typischen Peter Thomasschen Bl\u00e4sers\u00e4tze passen sich hervorragend in das fern\u00f6stliche Sujet ein, speziell das Titelthema ist ein echter Knaller.  Nun liegt der Soundtrack, nach 37 Jahren, endlich zum ersten Mal auf Tontr\u00e4ger vor! Die 20 Titel werden erg\u00e4nzt durch gro\u00dfformatige, farbige und zum Teil rare Bilder der jungen Martial-Arts-Ikone Bruce Lee.  The Big Boss (internat. Titel) aka.: Bruce Lee - Die Todesfaust des Cheng Li (dt. Titel) aka.: Tang shan da xiong (Originaltitel) aka.: Fists of Fury aka.: Fists of Glory, u.v.a.m.  Hong Kong, 1971 Regie: Lo Wei D.: Bruce Lee, Maria Yi, Han Ying Chieh... Musik: Peter Thomas","robots":{"index":"index","follow":"follow","max-snippet":"max-snippet:-1","max-image-preview":"max-image-preview:large","max-video-preview":"max-video-preview:-1"},"canonical":"https:\/\/www.allscore.de\/shop\/produkt\/peter-thomas-sound-orchester-bruce-lee-the-big-boss-2\/","og_locale":"de_DE","og_type":"article","og_title":"Peter Thomas Sound Orchester - Bruce Lee - The Big Boss","og_description":"The Big Boss war Bruce Lees erster gro\u00dfer Film und verschaffte ihm den internationalen Durchbruch. Seine Premiere hatte Regisseur Lo Weis Film 1971 in Hongkong, seinen internationalen Siegeszug trat er aber erst 1973 an.  Zu diesem Zweck verpasste der deutsche Verleih dem Film einen neuen \u201eeurop\u00e4ischeren\u201c Soundtrack. Man glaubte, der Original Score des chinesischen Komponisten Wang Fu-ling w\u00e4re zu weit von den hiesigen H\u00f6rgewohnheiten entfernt. Hier kommt nun Peter Thomas ins Spiel. Er sollte diesen Soundtrack im Auftrag von Cinerama komponieren. Das Resultat war, dass dieser von nun an in der ganzen Welt, mit Ausnahme von China, eingesetzt und somit zur \u201eeigentlichen\u201c Filmmusik von The Big Boss wurde. Die typischen Peter Thomasschen Bl\u00e4sers\u00e4tze passen sich hervorragend in das fern\u00f6stliche Sujet ein, speziell das Titelthema ist ein echter Knaller.  Nun liegt der Soundtrack, nach 37 Jahren, endlich zum ersten Mal auf Tontr\u00e4ger vor! Die 20 Titel werden erg\u00e4nzt durch gro\u00dfformatige, farbige und zum Teil rare Bilder der jungen Martial-Arts-Ikone Bruce Lee.  The Big Boss (internat. Titel) aka.: Bruce Lee - Die Todesfaust des Cheng Li (dt. Titel) aka.: Tang shan da xiong (Originaltitel) aka.: Fists of Fury aka.: Fists of Glory, u.v.a.m.  Hong Kong, 1971 Regie: Lo Wei D.: Bruce Lee, Maria Yi, Han Ying Chieh... Musik: Peter Thomas","og_url":"https:\/\/www.allscore.de\/shop\/produkt\/peter-thomas-sound-orchester-bruce-lee-the-big-boss-2\/","og_site_name":"Allscore Shop","article_modified_time":"2025-08-21T10:20:04+00:00","og_image":[{"width":1200,"height":1200,"url":"https:\/\/www.allscore.de\/shop\/wp-content\/uploads\/2020\/09\/ASM034_1200x1200.jpg","type":"image\/jpeg"}],"twitter_card":"summary_large_image","schema":{"@context":"https:\/\/schema.org","@graph":[{"@type":"WebPage","@id":"https:\/\/www.allscore.de\/shop\/produkt\/peter-thomas-sound-orchester-bruce-lee-the-big-boss-2\/","url":"https:\/\/www.allscore.de\/shop\/produkt\/peter-thomas-sound-orchester-bruce-lee-the-big-boss-2\/","name":"Peter Thomas Sound Orchester - Bruce Lee - The Big Boss","isPartOf":{"@id":"https:\/\/www.allscore.de\/shop\/#website"},"primaryImageOfPage":{"@id":"https:\/\/www.allscore.de\/shop\/produkt\/peter-thomas-sound-orchester-bruce-lee-the-big-boss-2\/#primaryimage"},"image":{"@id":"https:\/\/www.allscore.de\/shop\/produkt\/peter-thomas-sound-orchester-bruce-lee-the-big-boss-2\/#primaryimage"},"thumbnailUrl":"https:\/\/www.allscore.de\/shop\/wp-content\/uploads\/2020\/09\/ASM034_1200x1200.jpg","datePublished":"2018-09-26T21:05:53+00:00","dateModified":"2025-08-21T10:20:04+00:00","description":"The Big Boss war Bruce Lees erster gro\u00dfer Film und verschaffte ihm den internationalen Durchbruch. Seine Premiere hatte Regisseur Lo Weis Film 1971 in Hongkong, seinen internationalen Siegeszug trat er aber erst 1973 an. Zu diesem Zweck verpasste der deutsche Verleih dem Film einen neuen \u201eeurop\u00e4ischeren\u201c Soundtrack. Man glaubte, der Original Score des chinesischen Komponisten Wang Fu-ling w\u00e4re zu weit von den hiesigen H\u00f6rgewohnheiten entfernt. Hier kommt nun Peter Thomas ins Spiel. Er sollte diesen Soundtrack im Auftrag von Cinerama komponieren. Das Resultat war, dass dieser von nun an in der ganzen Welt, mit Ausnahme von China, eingesetzt und somit zur \u201eeigentlichen\u201c Filmmusik von The Big Boss wurde. Die typischen Peter Thomasschen Bl\u00e4sers\u00e4tze passen sich hervorragend in das fern\u00f6stliche Sujet ein, speziell das Titelthema ist ein echter Knaller. Nun liegt der Soundtrack, nach 37 Jahren, endlich zum ersten Mal auf Tontr\u00e4ger vor! Die 20 Titel werden erg\u00e4nzt durch gro\u00dfformatige, farbige und zum Teil rare Bilder der jungen Martial-Arts-Ikone Bruce Lee. The Big Boss (internat. Titel) aka.: Bruce Lee - Die Todesfaust des Cheng Li (dt. Titel) aka.: Tang shan da xiong (Originaltitel) aka.: Fists of Fury aka.: Fists of Glory, u.v.a.m. Hong Kong, 1971 Regie: Lo Wei D.: Bruce Lee, Maria Yi, Han Ying Chieh... Musik: Peter Thomas","breadcrumb":{"@id":"https:\/\/www.allscore.de\/shop\/produkt\/peter-thomas-sound-orchester-bruce-lee-the-big-boss-2\/#breadcrumb"},"inLanguage":"de","potentialAction":[{"@type":"ReadAction","target":["https:\/\/www.allscore.de\/shop\/produkt\/peter-thomas-sound-orchester-bruce-lee-the-big-boss-2\/"]}]},{"@type":"ImageObject","inLanguage":"de","@id":"https:\/\/www.allscore.de\/shop\/produkt\/peter-thomas-sound-orchester-bruce-lee-the-big-boss-2\/#primaryimage","url":"https:\/\/www.allscore.de\/shop\/wp-content\/uploads\/2020\/09\/ASM034_1200x1200.jpg","contentUrl":"https:\/\/www.allscore.de\/shop\/wp-content\/uploads\/2020\/09\/ASM034_1200x1200.jpg","width":1200,"height":1200,"caption":"The Big Boss"},{"@type":"BreadcrumbList","@id":"https:\/\/www.allscore.de\/shop\/produkt\/peter-thomas-sound-orchester-bruce-lee-the-big-boss-2\/#breadcrumb","itemListElement":[{"@type":"ListItem","position":1,"name":"Startseite","item":"https:\/\/www.allscore.de\/shop\/"},{"@type":"ListItem","position":2,"name":"Produkte","item":"https:\/\/www.allscore.de\/shop\/shop\/"},{"@type":"ListItem","position":3,"name":"Peter Thomas Sound Orchester &#8211; Bruce Lee &#8211; The Big Boss"}]},{"@type":"WebSite","@id":"https:\/\/www.allscore.de\/shop\/#website","url":"https:\/\/www.allscore.de\/shop\/","name":"Allscore Shop","description":"All Score Media","publisher":{"@id":"https:\/\/www.allscore.de\/shop\/#organization"},"potentialAction":[{"@type":"SearchAction","target":{"@type":"EntryPoint","urlTemplate":"https:\/\/www.allscore.de\/shop\/?s={search_term_string}"},"query-input":{"@type":"PropertyValueSpecification","valueRequired":true,"valueName":"search_term_string"}}],"inLanguage":"de"},{"@type":"Organization","@id":"https:\/\/www.allscore.de\/shop\/#organization","name":"All Score Media","alternateName":"Allscore","url":"https:\/\/www.allscore.de\/shop\/","logo":{"@type":"ImageObject","inLanguage":"de","@id":"https:\/\/www.allscore.de\/shop\/#\/schema\/logo\/image\/","url":"https:\/\/www.allscore.de\/shop\/wp-content\/uploads\/2026\/01\/Logo_Yoast_Shop_2026.png","contentUrl":"https:\/\/www.allscore.de\/shop\/wp-content\/uploads\/2026\/01\/Logo_Yoast_Shop_2026.png","width":696,"height":696,"caption":"All Score Media"},"image":{"@id":"https:\/\/www.allscore.de\/shop\/#\/schema\/logo\/image\/"}}]}},"_links":{"self":[{"href":"https:\/\/www.allscore.de\/shop\/wp-json\/wp\/v2\/product\/8141","targetHints":{"allow":["GET"]}}],"collection":[{"href":"https:\/\/www.allscore.de\/shop\/wp-json\/wp\/v2\/product"}],"about":[{"href":"https:\/\/www.allscore.de\/shop\/wp-json\/wp\/v2\/types\/product"}],"wp:featuredmedia":[{"embeddable":true,"href":"https:\/\/www.allscore.de\/shop\/wp-json\/wp\/v2\/media\/8036"}],"wp:attachment":[{"href":"https:\/\/www.allscore.de\/shop\/wp-json\/wp\/v2\/media?parent=8141"}],"wp:term":[{"taxonomy":"product_brand","embeddable":true,"href":"https:\/\/www.allscore.de\/shop\/wp-json\/wp\/v2\/product_brand?post=8141"},{"taxonomy":"product_cat","embeddable":true,"href":"https:\/\/www.allscore.de\/shop\/wp-json\/wp\/v2\/product_cat?post=8141"},{"taxonomy":"product_tag","embeddable":true,"href":"https:\/\/www.allscore.de\/shop\/wp-json\/wp\/v2\/product_tag?post=8141"}],"curies":[{"name":"wp","href":"https:\/\/api.w.org\/{rel}","templated":true}]}}