{"id":8133,"date":"2020-09-26T22:51:15","date_gmt":"2020-09-26T20:51:15","guid":{"rendered":"https:\/\/www.allscore.de\/shop\/?post_type=product&#038;p=8133"},"modified":"2023-11-06T14:57:06","modified_gmt":"2023-11-06T13:57:06","slug":"martin-boettcher-pfarrer-braun","status":"publish","type":"product","link":"https:\/\/www.allscore.de\/shop\/produkt\/martin-boettcher-pfarrer-braun\/","title":{"rendered":"Martin B\u00f6ttcher &#8211; Pfarrer Braun"},"content":{"rendered":"<p>Martin B\u00f6ttcher &#8211; Pfarrer Braun<\/p>\n<p>Die Originalmusik zur beliebten TV-Serie<\/p>\n<p>Die \u00fcberaus erfolgreiche deutsche Krimiserie Pfarrer Braun lief \u00fcber zehn Jahre und 22 Folgen (in acht Staffeln) in der ARD. Sie endete mit der 2014 erstmals ausgestrahlten Folge \u201eBrauns Heimkehr\u201c, in der Pfarrer Guido Braun, dargestellt von Ottfried Fischer, den Serientod stirbt. Musikalisch begleitet wurde der Krimi-Pfarrer von der Filmmusik eines der gr\u00f6\u00dften deutschen Film- und TV-Komponisten: Martin B\u00f6ttcher, von dem u.a. die Musik zu \u201eDie Halbstarken\u201c, etlichen Karl-May-(\u201eWinnetou\u201c) und Edgar-Wallace-Filmen sowie der TV-Serie Sonderdezernat K1 stammt.<\/p>\n<p>Martin B\u00f6ttcher, geboren am 17. Juni 1927 in Berlin, schreibt seit 1955 deutsche Filmmusikgeschichte. Er war durch seine Soundtracks f\u00fcr zwei Pater Brown-Filme (1960 und 1962, mit Heinz R\u00fchmann in der Hauptrolle) geradezu pr\u00e4destiniert daf\u00fcr, auch die Musik zu \u201ePfarrer Braun\u201c zu schreiben. Beide Serien basieren, wenn auch nur lose, auf der literarischen Vorlage der \u201eFather Brown\u201c-Erz\u00e4hlungen des englischen Autors Gilbert Keith Chesterton (1874-1936). Als Reminiszenz an die Pater Brown-Filme enth\u00e4lt der Klingelton von Pfarrer Brauns Handy in der neuen Serie die ersten Takte des Pater-Brown-Themas von Martin B\u00f6ttcher. B\u00f6ttcher schrieb f\u00fcr 21 der 22 Folgen die Musik, lediglich in Folge 21 (\u201eAusgegeigt!\u201c) ist nur sein Titel-Thema zu h\u00f6ren, die restliche Musik stammt von Klaus Doldinger.<\/p>\n","protected":false},"excerpt":{"rendered":"<p>Die vorliegende CD enth\u00e4lt 34 Titel aus den Pfarrer Braun-Folgen 1-20, von denen 29 bisher unver\u00f6ffentlicht sind. Insgesamt 50 Minuten Martin B\u00f6ttcher pur: Spannung, Romantik und gro\u00dfe Melodien.<\/p>\n","protected":false},"featured_media":8034,"template":"","meta":[],"product_brand":[],"product_cat":[225,105],"product_tag":[580,579,108],"class_list":{"0":"post-8133","1":"product","2":"type-product","3":"status-publish","4":"has-post-thumbnail","6":"product_cat-krimi","7":"product_cat-soundtracks","8":"product_tag-ottfried-fischer","9":"product_tag-pfarrer-braun","10":"product_tag-soundtracks","11":"product_shipping_class-tontraeger-cd","12":"entry","13":"clearfix","14":"entry-grid","15":"entry-columns-3","16":"entry-product-module-layout-sidebar-right","17":"thumbnail-color-tone-dark","18":"entry-product","20":"entry-product-grid","22":"first","23":"instock","24":"taxable","25":"shipping-taxable","26":"purchasable","27":"product-type-simple"},"yoast_head":"<!-- This site is optimized with the Yoast SEO plugin v27.4 - https:\/\/yoast.com\/product\/yoast-seo-wordpress\/ -->\n<title>Martin B\u00f6ttcher - Pfarrer Braun<\/title>\n<meta name=\"description\" content=\"Die vorliegende CD enth\u00e4lt 34 Titel aus den Pfarrer Braun-Folgen 1-20, von denen 29 bisher unver\u00f6ffentlicht sind. Insgesamt 50 Minuten Martin B\u00f6ttcher pur!\" \/>\n<meta name=\"robots\" content=\"index, follow, max-snippet:-1, max-image-preview:large, max-video-preview:-1\" \/>\n<link rel=\"canonical\" href=\"https:\/\/www.allscore.de\/shop\/produkt\/martin-boettcher-pfarrer-braun\/\" \/>\n<meta property=\"og:locale\" content=\"de_DE\" \/>\n<meta property=\"og:type\" content=\"article\" \/>\n<meta property=\"og:title\" content=\"Martin B\u00f6ttcher - Pfarrer Braun\" \/>\n<meta property=\"og:description\" content=\"Die vorliegende CD enth\u00e4lt 34 Titel aus den Pfarrer Braun-Folgen 1-20, von denen 29 bisher unver\u00f6ffentlicht sind. Insgesamt 50 Minuten Martin B\u00f6ttcher pur!\" \/>\n<meta property=\"og:url\" content=\"https:\/\/www.allscore.de\/shop\/produkt\/martin-boettcher-pfarrer-braun\/\" \/>\n<meta property=\"og:site_name\" content=\"Allscore Shop\" \/>\n<meta property=\"article:modified_time\" content=\"2023-11-06T13:57:06+00:00\" \/>\n<meta property=\"og:image\" content=\"https:\/\/www.allscore.de\/shop\/wp-content\/uploads\/2020\/09\/ASM038_1200x1200.jpg\" \/>\n\t<meta property=\"og:image:width\" content=\"1200\" \/>\n\t<meta property=\"og:image:height\" content=\"1200\" \/>\n\t<meta property=\"og:image:type\" content=\"image\/jpeg\" \/>\n<meta name=\"twitter:card\" content=\"summary_large_image\" \/>\n<meta name=\"twitter:label1\" content=\"Gesch\u00e4tzte Lesezeit\" \/>\n\t<meta name=\"twitter:data1\" content=\"2\u00a0Minuten\" \/>\n<script type=\"application\/ld+json\" class=\"yoast-schema-graph\">{\"@context\":\"https:\\\/\\\/schema.org\",\"@graph\":[{\"@type\":\"WebPage\",\"@id\":\"https:\\\/\\\/www.allscore.de\\\/shop\\\/produkt\\\/martin-boettcher-pfarrer-braun\\\/\",\"url\":\"https:\\\/\\\/www.allscore.de\\\/shop\\\/produkt\\\/martin-boettcher-pfarrer-braun\\\/\",\"name\":\"Martin B\u00f6ttcher - Pfarrer Braun\",\"isPartOf\":{\"@id\":\"https:\\\/\\\/www.allscore.de\\\/shop\\\/#website\"},\"primaryImageOfPage\":{\"@id\":\"https:\\\/\\\/www.allscore.de\\\/shop\\\/produkt\\\/martin-boettcher-pfarrer-braun\\\/#primaryimage\"},\"image\":{\"@id\":\"https:\\\/\\\/www.allscore.de\\\/shop\\\/produkt\\\/martin-boettcher-pfarrer-braun\\\/#primaryimage\"},\"thumbnailUrl\":\"https:\\\/\\\/www.allscore.de\\\/shop\\\/wp-content\\\/uploads\\\/2020\\\/09\\\/ASM038_1200x1200.jpg\",\"datePublished\":\"2020-09-26T20:51:15+00:00\",\"dateModified\":\"2023-11-06T13:57:06+00:00\",\"description\":\"Die vorliegende CD enth\u00e4lt 34 Titel aus den Pfarrer Braun-Folgen 1-20, von denen 29 bisher unver\u00f6ffentlicht sind. Insgesamt 50 Minuten Martin B\u00f6ttcher pur!\",\"breadcrumb\":{\"@id\":\"https:\\\/\\\/www.allscore.de\\\/shop\\\/produkt\\\/martin-boettcher-pfarrer-braun\\\/#breadcrumb\"},\"inLanguage\":\"de\",\"potentialAction\":[{\"@type\":\"ReadAction\",\"target\":[\"https:\\\/\\\/www.allscore.de\\\/shop\\\/produkt\\\/martin-boettcher-pfarrer-braun\\\/\"]}]},{\"@type\":\"ImageObject\",\"inLanguage\":\"de\",\"@id\":\"https:\\\/\\\/www.allscore.de\\\/shop\\\/produkt\\\/martin-boettcher-pfarrer-braun\\\/#primaryimage\",\"url\":\"https:\\\/\\\/www.allscore.de\\\/shop\\\/wp-content\\\/uploads\\\/2020\\\/09\\\/ASM038_1200x1200.jpg\",\"contentUrl\":\"https:\\\/\\\/www.allscore.de\\\/shop\\\/wp-content\\\/uploads\\\/2020\\\/09\\\/ASM038_1200x1200.jpg\",\"width\":1200,\"height\":1200,\"caption\":\"Pfarrer Braun\"},{\"@type\":\"BreadcrumbList\",\"@id\":\"https:\\\/\\\/www.allscore.de\\\/shop\\\/produkt\\\/martin-boettcher-pfarrer-braun\\\/#breadcrumb\",\"itemListElement\":[{\"@type\":\"ListItem\",\"position\":1,\"name\":\"Startseite\",\"item\":\"https:\\\/\\\/www.allscore.de\\\/shop\\\/\"},{\"@type\":\"ListItem\",\"position\":2,\"name\":\"Produkte\",\"item\":\"https:\\\/\\\/www.allscore.de\\\/shop\\\/shop\\\/\"},{\"@type\":\"ListItem\",\"position\":3,\"name\":\"Martin B\u00f6ttcher &#8211; Pfarrer Braun\"}]},{\"@type\":\"WebSite\",\"@id\":\"https:\\\/\\\/www.allscore.de\\\/shop\\\/#website\",\"url\":\"https:\\\/\\\/www.allscore.de\\\/shop\\\/\",\"name\":\"Allscore Shop\",\"description\":\"All Score Media\",\"publisher\":{\"@id\":\"https:\\\/\\\/www.allscore.de\\\/shop\\\/#organization\"},\"potentialAction\":[{\"@type\":\"SearchAction\",\"target\":{\"@type\":\"EntryPoint\",\"urlTemplate\":\"https:\\\/\\\/www.allscore.de\\\/shop\\\/?s={search_term_string}\"},\"query-input\":{\"@type\":\"PropertyValueSpecification\",\"valueRequired\":true,\"valueName\":\"search_term_string\"}}],\"inLanguage\":\"de\"},{\"@type\":\"Organization\",\"@id\":\"https:\\\/\\\/www.allscore.de\\\/shop\\\/#organization\",\"name\":\"All Score Media\",\"alternateName\":\"Allscore\",\"url\":\"https:\\\/\\\/www.allscore.de\\\/shop\\\/\",\"logo\":{\"@type\":\"ImageObject\",\"inLanguage\":\"de\",\"@id\":\"https:\\\/\\\/www.allscore.de\\\/shop\\\/#\\\/schema\\\/logo\\\/image\\\/\",\"url\":\"https:\\\/\\\/www.allscore.de\\\/shop\\\/wp-content\\\/uploads\\\/2026\\\/01\\\/Logo_Yoast_Shop_2026.png\",\"contentUrl\":\"https:\\\/\\\/www.allscore.de\\\/shop\\\/wp-content\\\/uploads\\\/2026\\\/01\\\/Logo_Yoast_Shop_2026.png\",\"width\":696,\"height\":696,\"caption\":\"All Score Media\"},\"image\":{\"@id\":\"https:\\\/\\\/www.allscore.de\\\/shop\\\/#\\\/schema\\\/logo\\\/image\\\/\"}}]}<\/script>\n<!-- \/ Yoast SEO plugin. -->","yoast_head_json":{"title":"Martin B\u00f6ttcher - Pfarrer Braun","description":"Die vorliegende CD enth\u00e4lt 34 Titel aus den Pfarrer Braun-Folgen 1-20, von denen 29 bisher unver\u00f6ffentlicht sind. Insgesamt 50 Minuten Martin B\u00f6ttcher pur!","robots":{"index":"index","follow":"follow","max-snippet":"max-snippet:-1","max-image-preview":"max-image-preview:large","max-video-preview":"max-video-preview:-1"},"canonical":"https:\/\/www.allscore.de\/shop\/produkt\/martin-boettcher-pfarrer-braun\/","og_locale":"de_DE","og_type":"article","og_title":"Martin B\u00f6ttcher - Pfarrer Braun","og_description":"Die vorliegende CD enth\u00e4lt 34 Titel aus den Pfarrer Braun-Folgen 1-20, von denen 29 bisher unver\u00f6ffentlicht sind. Insgesamt 50 Minuten Martin B\u00f6ttcher pur!","og_url":"https:\/\/www.allscore.de\/shop\/produkt\/martin-boettcher-pfarrer-braun\/","og_site_name":"Allscore Shop","article_modified_time":"2023-11-06T13:57:06+00:00","og_image":[{"width":1200,"height":1200,"url":"https:\/\/www.allscore.de\/shop\/wp-content\/uploads\/2020\/09\/ASM038_1200x1200.jpg","type":"image\/jpeg"}],"twitter_card":"summary_large_image","twitter_misc":{"Gesch\u00e4tzte Lesezeit":"2\u00a0Minuten"},"schema":{"@context":"https:\/\/schema.org","@graph":[{"@type":"WebPage","@id":"https:\/\/www.allscore.de\/shop\/produkt\/martin-boettcher-pfarrer-braun\/","url":"https:\/\/www.allscore.de\/shop\/produkt\/martin-boettcher-pfarrer-braun\/","name":"Martin B\u00f6ttcher - Pfarrer Braun","isPartOf":{"@id":"https:\/\/www.allscore.de\/shop\/#website"},"primaryImageOfPage":{"@id":"https:\/\/www.allscore.de\/shop\/produkt\/martin-boettcher-pfarrer-braun\/#primaryimage"},"image":{"@id":"https:\/\/www.allscore.de\/shop\/produkt\/martin-boettcher-pfarrer-braun\/#primaryimage"},"thumbnailUrl":"https:\/\/www.allscore.de\/shop\/wp-content\/uploads\/2020\/09\/ASM038_1200x1200.jpg","datePublished":"2020-09-26T20:51:15+00:00","dateModified":"2023-11-06T13:57:06+00:00","description":"Die vorliegende CD enth\u00e4lt 34 Titel aus den Pfarrer Braun-Folgen 1-20, von denen 29 bisher unver\u00f6ffentlicht sind. Insgesamt 50 Minuten Martin B\u00f6ttcher pur!","breadcrumb":{"@id":"https:\/\/www.allscore.de\/shop\/produkt\/martin-boettcher-pfarrer-braun\/#breadcrumb"},"inLanguage":"de","potentialAction":[{"@type":"ReadAction","target":["https:\/\/www.allscore.de\/shop\/produkt\/martin-boettcher-pfarrer-braun\/"]}]},{"@type":"ImageObject","inLanguage":"de","@id":"https:\/\/www.allscore.de\/shop\/produkt\/martin-boettcher-pfarrer-braun\/#primaryimage","url":"https:\/\/www.allscore.de\/shop\/wp-content\/uploads\/2020\/09\/ASM038_1200x1200.jpg","contentUrl":"https:\/\/www.allscore.de\/shop\/wp-content\/uploads\/2020\/09\/ASM038_1200x1200.jpg","width":1200,"height":1200,"caption":"Pfarrer Braun"},{"@type":"BreadcrumbList","@id":"https:\/\/www.allscore.de\/shop\/produkt\/martin-boettcher-pfarrer-braun\/#breadcrumb","itemListElement":[{"@type":"ListItem","position":1,"name":"Startseite","item":"https:\/\/www.allscore.de\/shop\/"},{"@type":"ListItem","position":2,"name":"Produkte","item":"https:\/\/www.allscore.de\/shop\/shop\/"},{"@type":"ListItem","position":3,"name":"Martin B\u00f6ttcher &#8211; Pfarrer Braun"}]},{"@type":"WebSite","@id":"https:\/\/www.allscore.de\/shop\/#website","url":"https:\/\/www.allscore.de\/shop\/","name":"Allscore Shop","description":"All Score Media","publisher":{"@id":"https:\/\/www.allscore.de\/shop\/#organization"},"potentialAction":[{"@type":"SearchAction","target":{"@type":"EntryPoint","urlTemplate":"https:\/\/www.allscore.de\/shop\/?s={search_term_string}"},"query-input":{"@type":"PropertyValueSpecification","valueRequired":true,"valueName":"search_term_string"}}],"inLanguage":"de"},{"@type":"Organization","@id":"https:\/\/www.allscore.de\/shop\/#organization","name":"All Score Media","alternateName":"Allscore","url":"https:\/\/www.allscore.de\/shop\/","logo":{"@type":"ImageObject","inLanguage":"de","@id":"https:\/\/www.allscore.de\/shop\/#\/schema\/logo\/image\/","url":"https:\/\/www.allscore.de\/shop\/wp-content\/uploads\/2026\/01\/Logo_Yoast_Shop_2026.png","contentUrl":"https:\/\/www.allscore.de\/shop\/wp-content\/uploads\/2026\/01\/Logo_Yoast_Shop_2026.png","width":696,"height":696,"caption":"All Score Media"},"image":{"@id":"https:\/\/www.allscore.de\/shop\/#\/schema\/logo\/image\/"}}]}},"_links":{"self":[{"href":"https:\/\/www.allscore.de\/shop\/wp-json\/wp\/v2\/product\/8133","targetHints":{"allow":["GET"]}}],"collection":[{"href":"https:\/\/www.allscore.de\/shop\/wp-json\/wp\/v2\/product"}],"about":[{"href":"https:\/\/www.allscore.de\/shop\/wp-json\/wp\/v2\/types\/product"}],"wp:featuredmedia":[{"embeddable":true,"href":"https:\/\/www.allscore.de\/shop\/wp-json\/wp\/v2\/media\/8034"}],"wp:attachment":[{"href":"https:\/\/www.allscore.de\/shop\/wp-json\/wp\/v2\/media?parent=8133"}],"wp:term":[{"taxonomy":"product_brand","embeddable":true,"href":"https:\/\/www.allscore.de\/shop\/wp-json\/wp\/v2\/product_brand?post=8133"},{"taxonomy":"product_cat","embeddable":true,"href":"https:\/\/www.allscore.de\/shop\/wp-json\/wp\/v2\/product_cat?post=8133"},{"taxonomy":"product_tag","embeddable":true,"href":"https:\/\/www.allscore.de\/shop\/wp-json\/wp\/v2\/product_tag?post=8133"}],"curies":[{"name":"wp","href":"https:\/\/api.w.org\/{rel}","templated":true}]}}