{"id":7990,"date":"2020-09-23T23:12:52","date_gmt":"2020-09-23T21:12:52","guid":{"rendered":"https:\/\/www.allscore.de\/shop\/?post_type=product&#038;p=7990"},"modified":"2025-01-30T18:31:23","modified_gmt":"2025-01-30T17:31:23","slug":"mondo-sangue-vega-5-limitiert-mit-meteoritensplitter","status":"publish","type":"product","link":"https:\/\/www.allscore.de\/shop\/produkt\/mondo-sangue-vega-5-limitiert-mit-meteoritensplitter\/","title":{"rendered":"Mondo Sangue &#8211; VEGA-5 (limitierte Auflage mit Meteoritensplitter)"},"content":{"rendered":"<p>Mondo Sangue &#8211; VEGA-5 LP<\/p>\n<p>Wir schreiben das Jahr 2022&#8230;<br \/>\n&#8230; die Besatzung der VEGA-5 bricht auf zu neuen Abenteuern im Weltraum: Commander Laura B. Lee, die Wissenschaftlerin Dr. Cassandra Mars, der Forscher Ted Rizzo, Android VHX2000 und ein abgehalfterter Space Cowboy namens Dirk Dawson. Aber es lauern nicht nur schwarze L\u00f6cher, gigantische Insekten und Supernovas am Rande der Galaxie.<\/p>\n<p>Mit VEGA-5 (Avventure nel Cosmo) nehmen MONDO SANGUE die H\u00f6rer mit ins All. In Anlehnung an klassische Science-Fiction-Serien und -Filme beginnt die musikalische Reise in den psychedelischen Endsechzigern, durchstreift die opulenten Kompositionen der Siebziger und endet am synthetischen Beginn der 1980er. Die Geschichte der VEGA-5 ist gespickt mit liebevollen Verweisen ans europ\u00e4ische \u2013 insbesondere italienische \u2013 Genrekino und erschafft dabei dennoch etwas v\u00f6llig Neues und Eigenst\u00e4ndiges.<\/p>\n<p>&nbsp;<\/p>\n<p><img decoding=\"async\" src=\"https:\/\/www.allscore.de\/upload\/Vega-5_Mockup2.jpg\" \/><\/p>\n<p>MONDO SANGUE bekunden mit dem von Adrian Keindorf wunderbar illustrierten 3. Album erneut ihre Leidenschaft f\u00fcr Musik und das Kino. Auch Genreconnaisseur Bela B ist wieder an Bord \u2013 mit Duett- Partnerin Yvy Pop \u2013 als \u201eSpace Cowboy \u2013 Lo Straniero del Pianeta X\u201c. Die 180g Vinyl-LPs sind auf 666 St\u00fcck limitiert und handnummeriert. Jeder LP liegt eine gro\u00dfe Lentikularkarte sowie ein Downloadcode bei. Zudem ist den ersten 100 Verkaufsexemplaren ein echter(!) Meteoritensplitter beigelegt \u2013 ein Gru\u00df aus dem Weltall.<\/p>\n<p><img decoding=\"async\" src=\"https:\/\/www.allscore.de\/upload\/Mondo-Sangue---Vega-5.jpg\" \/><br \/>\nMondo Sangue (Yvy Pop und Christian Bluthardt)<br \/>\n(Foto: Ronny Sch\u00f6nebaum)<\/p>\n<p>\u00dcber MONDO SANGUE<br \/>\nDas Stuttgarter Duo MONDO Sangue (Christian Bluthardt und Yvy Pop), gegr\u00fcndet 2015, produziert Musik in Anlehnung an das italienische Kino der 1960\/70er Jahre und transportiert diesen einzigartigen Sound gekonnt in die Neuzeit. Nach einem Ausflug in den Dschungel (L\u2018Isola dei Dannati \u2013 Die Insel der Verdammten; Soundtrack zu einem fiktiven Kannibalenfilm, 2016) und einem Ritt durch den Spaghettiwestern (No Place for a Man \u2013 Il Villaggio delle Donne, 2018) erscheint 2020 nun das dritte Studioalbum der beiden \u2013 Science-Fiction auf Vinyl: VEGA-5 (Avventure nel Cosmo).<\/p>\n","protected":false},"excerpt":{"rendered":"<p>Die schwarzen 180g LPs sind auf 666 St\u00fcck limitiert und handnummeriert. Jeder LP liegt eine gro\u00dfe Lentikularkarte sowie ein Downloadcode bei. Zudem ist dieser auf 100 St\u00fcck limitierten Edition ein echter(!) Meteoritensplitter beigelegt \u2013 ein Gru\u00df aus dem Weltall.<\/p>\n<p><strong>Nachtrag: Die 100 Meteoriten haben mittlerweile ihren finalen Bestimmungsort gefunden und somit ist diese Spezial-Auflage ausverkauft!<\/strong><\/p>\n","protected":false},"featured_media":7988,"template":"","meta":[],"product_brand":[],"product_cat":[49,619,192,221,105],"product_tag":[],"class_list":{"0":"post-7990","1":"product","2":"type-product","3":"status-publish","4":"has-post-thumbnail","6":"product_cat-bands","7":"product_cat-cinematic-music","8":"product_cat-mondo-sangue","9":"product_cat-science-fiction","10":"product_cat-soundtracks","11":"product_shipping_class-tontraeger-schallplatte","12":"entry","13":"clearfix","14":"entry-grid","15":"entry-columns-3","16":"entry-product-module-layout-sidebar-right","17":"thumbnail-color-tone-dark","18":"entry-product","20":"entry-product-grid","22":"first","23":"outofstock","24":"taxable","25":"shipping-taxable","26":"purchasable","27":"product-type-simple"},"yoast_head":"<!-- This site is optimized with the Yoast SEO plugin v27.4 - https:\/\/yoast.com\/product\/yoast-seo-wordpress\/ -->\n<title>Mondo Sangue - VEGA-5 (limitierte Auflage mit Meteoritensplitter)<\/title>\n<meta name=\"description\" content=\"Die schwarzen 180g LPs sind auf 666 St\u00fcck limitiert und handnummeriert. Jeder LP liegt eine gro\u00dfe Lentikularkarte sowie ein Downloadcode bei. Zudem ist dieser auf 100 St\u00fcck limitierten Edition ein echter(!) Meteoritensplitter beigelegt \u2013 ein Gru\u00df aus dem Weltall.  Nachtrag: Die 100 Meteoriten haben mittlerweile ihren finalen Bestimmungsort gefunden und somit ist diese Spezial-Auflage ausverkauft!\" \/>\n<meta name=\"robots\" content=\"index, follow, max-snippet:-1, max-image-preview:large, max-video-preview:-1\" \/>\n<link rel=\"canonical\" href=\"https:\/\/www.allscore.de\/shop\/produkt\/mondo-sangue-vega-5-limitiert-mit-meteoritensplitter\/\" \/>\n<meta property=\"og:locale\" content=\"de_DE\" \/>\n<meta property=\"og:type\" content=\"article\" \/>\n<meta property=\"og:title\" content=\"Mondo Sangue - VEGA-5 (limitierte Auflage mit Meteoritensplitter)\" \/>\n<meta property=\"og:description\" content=\"Die schwarzen 180g LPs sind auf 666 St\u00fcck limitiert und handnummeriert. Jeder LP liegt eine gro\u00dfe Lentikularkarte sowie ein Downloadcode bei. Zudem ist dieser auf 100 St\u00fcck limitierten Edition ein echter(!) Meteoritensplitter beigelegt \u2013 ein Gru\u00df aus dem Weltall.  Nachtrag: Die 100 Meteoriten haben mittlerweile ihren finalen Bestimmungsort gefunden und somit ist diese Spezial-Auflage ausverkauft!\" \/>\n<meta property=\"og:url\" content=\"https:\/\/www.allscore.de\/shop\/produkt\/mondo-sangue-vega-5-limitiert-mit-meteoritensplitter\/\" \/>\n<meta property=\"og:site_name\" content=\"Allscore Shop\" \/>\n<meta property=\"article:modified_time\" content=\"2025-01-30T17:31:23+00:00\" \/>\n<meta property=\"og:image\" content=\"https:\/\/www.allscore.de\/shop\/wp-content\/uploads\/2020\/09\/ASM047_1200x1200.jpg\" \/>\n\t<meta property=\"og:image:width\" content=\"1200\" \/>\n\t<meta property=\"og:image:height\" content=\"1200\" \/>\n\t<meta property=\"og:image:type\" content=\"image\/jpeg\" \/>\n<meta name=\"twitter:card\" content=\"summary_large_image\" \/>\n<meta name=\"twitter:label1\" content=\"Gesch\u00e4tzte Lesezeit\" \/>\n\t<meta name=\"twitter:data1\" content=\"3\u00a0Minuten\" \/>\n<script type=\"application\/ld+json\" class=\"yoast-schema-graph\">{\"@context\":\"https:\\\/\\\/schema.org\",\"@graph\":[{\"@type\":\"WebPage\",\"@id\":\"https:\\\/\\\/www.allscore.de\\\/shop\\\/produkt\\\/mondo-sangue-vega-5-limitiert-mit-meteoritensplitter\\\/\",\"url\":\"https:\\\/\\\/www.allscore.de\\\/shop\\\/produkt\\\/mondo-sangue-vega-5-limitiert-mit-meteoritensplitter\\\/\",\"name\":\"Mondo Sangue - VEGA-5 (limitierte Auflage mit Meteoritensplitter)\",\"isPartOf\":{\"@id\":\"https:\\\/\\\/www.allscore.de\\\/shop\\\/#website\"},\"primaryImageOfPage\":{\"@id\":\"https:\\\/\\\/www.allscore.de\\\/shop\\\/produkt\\\/mondo-sangue-vega-5-limitiert-mit-meteoritensplitter\\\/#primaryimage\"},\"image\":{\"@id\":\"https:\\\/\\\/www.allscore.de\\\/shop\\\/produkt\\\/mondo-sangue-vega-5-limitiert-mit-meteoritensplitter\\\/#primaryimage\"},\"thumbnailUrl\":\"https:\\\/\\\/www.allscore.de\\\/shop\\\/wp-content\\\/uploads\\\/2020\\\/09\\\/ASM047_1200x1200.jpg\",\"datePublished\":\"2020-09-23T21:12:52+00:00\",\"dateModified\":\"2025-01-30T17:31:23+00:00\",\"description\":\"Die schwarzen 180g LPs sind auf 666 St\u00fcck limitiert und handnummeriert. Jeder LP liegt eine gro\u00dfe Lentikularkarte sowie ein Downloadcode bei. Zudem ist dieser auf 100 St\u00fcck limitierten Edition ein echter(!) Meteoritensplitter beigelegt \u2013 ein Gru\u00df aus dem Weltall. Nachtrag: Die 100 Meteoriten haben mittlerweile ihren finalen Bestimmungsort gefunden und somit ist diese Spezial-Auflage ausverkauft!\",\"breadcrumb\":{\"@id\":\"https:\\\/\\\/www.allscore.de\\\/shop\\\/produkt\\\/mondo-sangue-vega-5-limitiert-mit-meteoritensplitter\\\/#breadcrumb\"},\"inLanguage\":\"de\",\"potentialAction\":[{\"@type\":\"ReadAction\",\"target\":[\"https:\\\/\\\/www.allscore.de\\\/shop\\\/produkt\\\/mondo-sangue-vega-5-limitiert-mit-meteoritensplitter\\\/\"]}]},{\"@type\":\"ImageObject\",\"inLanguage\":\"de\",\"@id\":\"https:\\\/\\\/www.allscore.de\\\/shop\\\/produkt\\\/mondo-sangue-vega-5-limitiert-mit-meteoritensplitter\\\/#primaryimage\",\"url\":\"https:\\\/\\\/www.allscore.de\\\/shop\\\/wp-content\\\/uploads\\\/2020\\\/09\\\/ASM047_1200x1200.jpg\",\"contentUrl\":\"https:\\\/\\\/www.allscore.de\\\/shop\\\/wp-content\\\/uploads\\\/2020\\\/09\\\/ASM047_1200x1200.jpg\",\"width\":1200,\"height\":1200,\"caption\":\"Mondo Sangue - VEGA-5\"},{\"@type\":\"BreadcrumbList\",\"@id\":\"https:\\\/\\\/www.allscore.de\\\/shop\\\/produkt\\\/mondo-sangue-vega-5-limitiert-mit-meteoritensplitter\\\/#breadcrumb\",\"itemListElement\":[{\"@type\":\"ListItem\",\"position\":1,\"name\":\"Startseite\",\"item\":\"https:\\\/\\\/www.allscore.de\\\/shop\\\/\"},{\"@type\":\"ListItem\",\"position\":2,\"name\":\"Produkte\",\"item\":\"https:\\\/\\\/www.allscore.de\\\/shop\\\/shop\\\/\"},{\"@type\":\"ListItem\",\"position\":3,\"name\":\"Mondo Sangue &#8211; VEGA-5 (limitierte Auflage mit Meteoritensplitter)\"}]},{\"@type\":\"WebSite\",\"@id\":\"https:\\\/\\\/www.allscore.de\\\/shop\\\/#website\",\"url\":\"https:\\\/\\\/www.allscore.de\\\/shop\\\/\",\"name\":\"Allscore Shop\",\"description\":\"All Score Media\",\"publisher\":{\"@id\":\"https:\\\/\\\/www.allscore.de\\\/shop\\\/#organization\"},\"potentialAction\":[{\"@type\":\"SearchAction\",\"target\":{\"@type\":\"EntryPoint\",\"urlTemplate\":\"https:\\\/\\\/www.allscore.de\\\/shop\\\/?s={search_term_string}\"},\"query-input\":{\"@type\":\"PropertyValueSpecification\",\"valueRequired\":true,\"valueName\":\"search_term_string\"}}],\"inLanguage\":\"de\"},{\"@type\":\"Organization\",\"@id\":\"https:\\\/\\\/www.allscore.de\\\/shop\\\/#organization\",\"name\":\"All Score Media\",\"alternateName\":\"Allscore\",\"url\":\"https:\\\/\\\/www.allscore.de\\\/shop\\\/\",\"logo\":{\"@type\":\"ImageObject\",\"inLanguage\":\"de\",\"@id\":\"https:\\\/\\\/www.allscore.de\\\/shop\\\/#\\\/schema\\\/logo\\\/image\\\/\",\"url\":\"https:\\\/\\\/www.allscore.de\\\/shop\\\/wp-content\\\/uploads\\\/2026\\\/01\\\/Logo_Yoast_Shop_2026.png\",\"contentUrl\":\"https:\\\/\\\/www.allscore.de\\\/shop\\\/wp-content\\\/uploads\\\/2026\\\/01\\\/Logo_Yoast_Shop_2026.png\",\"width\":696,\"height\":696,\"caption\":\"All Score Media\"},\"image\":{\"@id\":\"https:\\\/\\\/www.allscore.de\\\/shop\\\/#\\\/schema\\\/logo\\\/image\\\/\"}}]}<\/script>\n<!-- \/ Yoast SEO plugin. -->","yoast_head_json":{"title":"Mondo Sangue - VEGA-5 (limitierte Auflage mit Meteoritensplitter)","description":"Die schwarzen 180g LPs sind auf 666 St\u00fcck limitiert und handnummeriert. Jeder LP liegt eine gro\u00dfe Lentikularkarte sowie ein Downloadcode bei. Zudem ist dieser auf 100 St\u00fcck limitierten Edition ein echter(!) Meteoritensplitter beigelegt \u2013 ein Gru\u00df aus dem Weltall.  Nachtrag: Die 100 Meteoriten haben mittlerweile ihren finalen Bestimmungsort gefunden und somit ist diese Spezial-Auflage ausverkauft!","robots":{"index":"index","follow":"follow","max-snippet":"max-snippet:-1","max-image-preview":"max-image-preview:large","max-video-preview":"max-video-preview:-1"},"canonical":"https:\/\/www.allscore.de\/shop\/produkt\/mondo-sangue-vega-5-limitiert-mit-meteoritensplitter\/","og_locale":"de_DE","og_type":"article","og_title":"Mondo Sangue - VEGA-5 (limitierte Auflage mit Meteoritensplitter)","og_description":"Die schwarzen 180g LPs sind auf 666 St\u00fcck limitiert und handnummeriert. Jeder LP liegt eine gro\u00dfe Lentikularkarte sowie ein Downloadcode bei. Zudem ist dieser auf 100 St\u00fcck limitierten Edition ein echter(!) Meteoritensplitter beigelegt \u2013 ein Gru\u00df aus dem Weltall.  Nachtrag: Die 100 Meteoriten haben mittlerweile ihren finalen Bestimmungsort gefunden und somit ist diese Spezial-Auflage ausverkauft!","og_url":"https:\/\/www.allscore.de\/shop\/produkt\/mondo-sangue-vega-5-limitiert-mit-meteoritensplitter\/","og_site_name":"Allscore Shop","article_modified_time":"2025-01-30T17:31:23+00:00","og_image":[{"width":1200,"height":1200,"url":"https:\/\/www.allscore.de\/shop\/wp-content\/uploads\/2020\/09\/ASM047_1200x1200.jpg","type":"image\/jpeg"}],"twitter_card":"summary_large_image","twitter_misc":{"Gesch\u00e4tzte Lesezeit":"3\u00a0Minuten"},"schema":{"@context":"https:\/\/schema.org","@graph":[{"@type":"WebPage","@id":"https:\/\/www.allscore.de\/shop\/produkt\/mondo-sangue-vega-5-limitiert-mit-meteoritensplitter\/","url":"https:\/\/www.allscore.de\/shop\/produkt\/mondo-sangue-vega-5-limitiert-mit-meteoritensplitter\/","name":"Mondo Sangue - VEGA-5 (limitierte Auflage mit Meteoritensplitter)","isPartOf":{"@id":"https:\/\/www.allscore.de\/shop\/#website"},"primaryImageOfPage":{"@id":"https:\/\/www.allscore.de\/shop\/produkt\/mondo-sangue-vega-5-limitiert-mit-meteoritensplitter\/#primaryimage"},"image":{"@id":"https:\/\/www.allscore.de\/shop\/produkt\/mondo-sangue-vega-5-limitiert-mit-meteoritensplitter\/#primaryimage"},"thumbnailUrl":"https:\/\/www.allscore.de\/shop\/wp-content\/uploads\/2020\/09\/ASM047_1200x1200.jpg","datePublished":"2020-09-23T21:12:52+00:00","dateModified":"2025-01-30T17:31:23+00:00","description":"Die schwarzen 180g LPs sind auf 666 St\u00fcck limitiert und handnummeriert. Jeder LP liegt eine gro\u00dfe Lentikularkarte sowie ein Downloadcode bei. Zudem ist dieser auf 100 St\u00fcck limitierten Edition ein echter(!) Meteoritensplitter beigelegt \u2013 ein Gru\u00df aus dem Weltall. Nachtrag: Die 100 Meteoriten haben mittlerweile ihren finalen Bestimmungsort gefunden und somit ist diese Spezial-Auflage ausverkauft!","breadcrumb":{"@id":"https:\/\/www.allscore.de\/shop\/produkt\/mondo-sangue-vega-5-limitiert-mit-meteoritensplitter\/#breadcrumb"},"inLanguage":"de","potentialAction":[{"@type":"ReadAction","target":["https:\/\/www.allscore.de\/shop\/produkt\/mondo-sangue-vega-5-limitiert-mit-meteoritensplitter\/"]}]},{"@type":"ImageObject","inLanguage":"de","@id":"https:\/\/www.allscore.de\/shop\/produkt\/mondo-sangue-vega-5-limitiert-mit-meteoritensplitter\/#primaryimage","url":"https:\/\/www.allscore.de\/shop\/wp-content\/uploads\/2020\/09\/ASM047_1200x1200.jpg","contentUrl":"https:\/\/www.allscore.de\/shop\/wp-content\/uploads\/2020\/09\/ASM047_1200x1200.jpg","width":1200,"height":1200,"caption":"Mondo Sangue - VEGA-5"},{"@type":"BreadcrumbList","@id":"https:\/\/www.allscore.de\/shop\/produkt\/mondo-sangue-vega-5-limitiert-mit-meteoritensplitter\/#breadcrumb","itemListElement":[{"@type":"ListItem","position":1,"name":"Startseite","item":"https:\/\/www.allscore.de\/shop\/"},{"@type":"ListItem","position":2,"name":"Produkte","item":"https:\/\/www.allscore.de\/shop\/shop\/"},{"@type":"ListItem","position":3,"name":"Mondo Sangue &#8211; VEGA-5 (limitierte Auflage mit Meteoritensplitter)"}]},{"@type":"WebSite","@id":"https:\/\/www.allscore.de\/shop\/#website","url":"https:\/\/www.allscore.de\/shop\/","name":"Allscore Shop","description":"All Score Media","publisher":{"@id":"https:\/\/www.allscore.de\/shop\/#organization"},"potentialAction":[{"@type":"SearchAction","target":{"@type":"EntryPoint","urlTemplate":"https:\/\/www.allscore.de\/shop\/?s={search_term_string}"},"query-input":{"@type":"PropertyValueSpecification","valueRequired":true,"valueName":"search_term_string"}}],"inLanguage":"de"},{"@type":"Organization","@id":"https:\/\/www.allscore.de\/shop\/#organization","name":"All Score Media","alternateName":"Allscore","url":"https:\/\/www.allscore.de\/shop\/","logo":{"@type":"ImageObject","inLanguage":"de","@id":"https:\/\/www.allscore.de\/shop\/#\/schema\/logo\/image\/","url":"https:\/\/www.allscore.de\/shop\/wp-content\/uploads\/2026\/01\/Logo_Yoast_Shop_2026.png","contentUrl":"https:\/\/www.allscore.de\/shop\/wp-content\/uploads\/2026\/01\/Logo_Yoast_Shop_2026.png","width":696,"height":696,"caption":"All Score Media"},"image":{"@id":"https:\/\/www.allscore.de\/shop\/#\/schema\/logo\/image\/"}}]}},"_links":{"self":[{"href":"https:\/\/www.allscore.de\/shop\/wp-json\/wp\/v2\/product\/7990","targetHints":{"allow":["GET"]}}],"collection":[{"href":"https:\/\/www.allscore.de\/shop\/wp-json\/wp\/v2\/product"}],"about":[{"href":"https:\/\/www.allscore.de\/shop\/wp-json\/wp\/v2\/types\/product"}],"wp:featuredmedia":[{"embeddable":true,"href":"https:\/\/www.allscore.de\/shop\/wp-json\/wp\/v2\/media\/7988"}],"wp:attachment":[{"href":"https:\/\/www.allscore.de\/shop\/wp-json\/wp\/v2\/media?parent=7990"}],"wp:term":[{"taxonomy":"product_brand","embeddable":true,"href":"https:\/\/www.allscore.de\/shop\/wp-json\/wp\/v2\/product_brand?post=7990"},{"taxonomy":"product_cat","embeddable":true,"href":"https:\/\/www.allscore.de\/shop\/wp-json\/wp\/v2\/product_cat?post=7990"},{"taxonomy":"product_tag","embeddable":true,"href":"https:\/\/www.allscore.de\/shop\/wp-json\/wp\/v2\/product_tag?post=7990"}],"curies":[{"name":"wp","href":"https:\/\/api.w.org\/{rel}","templated":true}]}}