{"id":7949,"date":"2020-10-19T23:19:18","date_gmt":"2020-10-19T21:19:18","guid":{"rendered":"https:\/\/www.allscore.de\/shop\/?post_type=product&#038;p=7949"},"modified":"2026-01-19T14:29:15","modified_gmt":"2026-01-19T13:29:15","slug":"der-atem-des-drachen-fall-10","status":"publish","type":"product","link":"https:\/\/www.allscore.de\/shop\/produkt\/der-atem-des-drachen-fall-10\/","title":{"rendered":"Inspector Lestrade 10: Der Atem des Drachen"},"content":{"rendered":"<p>Inspector Lestrade: Der Atem des Drachen (Fall 10)<\/p>\n<p>Rowland Blanch, hochgestelltes Mitglied der britischen Gesellschaft, wird vor den Augen seiner Frau erschossen \u2013 von der eigenen Tochter. Chiefinspector Lestrade, der zuf\u00e4llig vor Ort ist, kann Schlimmeres gerade noch verhindern. Das Entsetzen \u00fcber diese furchtbare Tat wird gr\u00f6\u00dfer, als klar wird, dass die T\u00e4terin offenbar ihren Verstand verloren hat. Doch in Lestrade regen sich erste Zweifel, als er die Vaterm\u00f6rderin in der Irrenanstalt besucht. Wie war es m\u00f6glich, dass aus der lebenslustigen Nian Blanch eine geisteskranke M\u00f6rderin wurde? Lestrade ahnt nicht, dass es nicht bei dem einen Opfer bleiben soll\u2026<\/p>\n<p>Inspector Lestrade: Lutz Harder<br \/>\nInspector Dash: Michael Pink<br \/>\nMcKinstry: Tino Kie\u00dfling<br \/>\nCommissioner Cedric Hawksley: Bodo Wolf<br \/>\nDr. Thomas Lovell: J\u00f6rg Hengstler<br \/>\nSergeant Rigby: Heiko Akrap<br \/>\nMrs. Lestrade: Margrit Stra\u00dfburger<br \/>\nDr. Kirbridge: J\u00fcrgen Thormann<br \/>\nNian Blanch: Luisa Wietzorek<br \/>\nLatimer Blanch: Peter Flechtner<br \/>\nGeorgina Blanch: Marion Elskis<br \/>\nMai-Lin Tsou: Sabine Arnhold<br \/>\nTaylor: Bernd Vollbrecht<\/p>\n<p>Regie: Gerd Naumann<br \/>\nBuch und Idee: Andreas Masuth<br \/>\nMusik: Christian Bluthardt<br \/>\nSounddesign, Mischung &amp; Master: Tom Steinbrecher<\/p>\n","protected":false},"excerpt":{"rendered":"<p>Inspector Lestrade: Der Atem des Drachen (Fall 10) Rowland Blanch, hochgestelltes Mitglied der britischen Gesellschaft, wird vor den Augen seiner Frau erschossen \u2013 von der eigenen Tochter. Chiefinspector Lestrade, der zuf\u00e4llig vor Ort ist, kann Schlimmeres gerade noch verhindern. Das Entsetzen \u00fcber diese furchtbare Tat wird gr\u00f6\u00dfer, als klar wird, dass die T\u00e4terin offenbar ihren&#8230;<\/p>\n<p><a rel=\"bookmark\" class=\"vonzot-button-simple wvc-button wvc-button-size-sm\" href=\"https:\/\/www.allscore.de\/shop\/produkt\/der-atem-des-drachen-fall-10\/\"><span>Read more<\/span><\/a><\/p>\n","protected":false},"featured_media":7952,"template":"","meta":[],"product_brand":[],"product_cat":[72,217],"product_tag":[],"class_list":{"0":"post-7949","1":"product","2":"type-product","3":"status-publish","4":"has-post-thumbnail","6":"product_cat-hoerspiele","7":"product_cat-inspector-lestrade","8":"product_shipping_class-tontraeger-cd","9":"entry","10":"clearfix","11":"entry-grid","12":"entry-columns-3","13":"entry-product-module-layout-sidebar-right","14":"thumbnail-color-tone-dark","15":"entry-product","17":"entry-product-grid","19":"first","20":"instock","21":"taxable","22":"shipping-taxable","23":"purchasable","24":"product-type-simple"},"yoast_head":"<!-- This site is optimized with the Yoast SEO plugin v27.4 - https:\/\/yoast.com\/product\/yoast-seo-wordpress\/ -->\n<title>Inspector Lestrade 10: Der Atem des Drachen<\/title>\n<meta name=\"description\" content=\"Inspector Lestrade: Der Atem des Drachen (Fall 10) Rowland Blanch, hochgestelltes Mitglied der britischen Gesellschaft, wird vor den Augen seiner Frau\" \/>\n<meta name=\"robots\" content=\"index, follow, max-snippet:-1, max-image-preview:large, max-video-preview:-1\" \/>\n<link rel=\"canonical\" href=\"https:\/\/www.allscore.de\/shop\/produkt\/der-atem-des-drachen-fall-10\/\" \/>\n<meta property=\"og:locale\" content=\"de_DE\" \/>\n<meta property=\"og:type\" content=\"article\" \/>\n<meta property=\"og:title\" content=\"Inspector Lestrade 10: Der Atem des Drachen\" \/>\n<meta property=\"og:description\" content=\"Inspector Lestrade: Der Atem des Drachen (Fall 10) Rowland Blanch, hochgestelltes Mitglied der britischen Gesellschaft, wird vor den Augen seiner Frau\" \/>\n<meta property=\"og:url\" content=\"https:\/\/www.allscore.de\/shop\/produkt\/der-atem-des-drachen-fall-10\/\" \/>\n<meta property=\"og:site_name\" content=\"Allscore Shop\" \/>\n<meta property=\"article:modified_time\" content=\"2026-01-19T13:29:15+00:00\" \/>\n<meta property=\"og:image\" content=\"https:\/\/www.allscore.de\/shop\/wp-content\/uploads\/2020\/09\/Lest10_1200x1200.jpg\" \/>\n\t<meta property=\"og:image:width\" content=\"1200\" \/>\n\t<meta property=\"og:image:height\" content=\"1200\" \/>\n\t<meta property=\"og:image:type\" content=\"image\/jpeg\" \/>\n<meta name=\"twitter:card\" content=\"summary_large_image\" \/>\n<meta name=\"twitter:label1\" content=\"Gesch\u00e4tzte Lesezeit\" \/>\n\t<meta name=\"twitter:data1\" content=\"1\u00a0Minute\" \/>\n<script type=\"application\/ld+json\" class=\"yoast-schema-graph\">{\"@context\":\"https:\\\/\\\/schema.org\",\"@graph\":[{\"@type\":\"WebPage\",\"@id\":\"https:\\\/\\\/www.allscore.de\\\/shop\\\/produkt\\\/der-atem-des-drachen-fall-10\\\/\",\"url\":\"https:\\\/\\\/www.allscore.de\\\/shop\\\/produkt\\\/der-atem-des-drachen-fall-10\\\/\",\"name\":\"Inspector Lestrade 10: Der Atem des Drachen\",\"isPartOf\":{\"@id\":\"https:\\\/\\\/www.allscore.de\\\/shop\\\/#website\"},\"primaryImageOfPage\":{\"@id\":\"https:\\\/\\\/www.allscore.de\\\/shop\\\/produkt\\\/der-atem-des-drachen-fall-10\\\/#primaryimage\"},\"image\":{\"@id\":\"https:\\\/\\\/www.allscore.de\\\/shop\\\/produkt\\\/der-atem-des-drachen-fall-10\\\/#primaryimage\"},\"thumbnailUrl\":\"https:\\\/\\\/www.allscore.de\\\/shop\\\/wp-content\\\/uploads\\\/2020\\\/09\\\/Lest10_1200x1200.jpg\",\"datePublished\":\"2020-10-19T21:19:18+00:00\",\"dateModified\":\"2026-01-19T13:29:15+00:00\",\"description\":\"Inspector Lestrade: Der Atem des Drachen (Fall 10) Rowland Blanch, hochgestelltes Mitglied der britischen Gesellschaft, wird vor den Augen seiner Frau\",\"breadcrumb\":{\"@id\":\"https:\\\/\\\/www.allscore.de\\\/shop\\\/produkt\\\/der-atem-des-drachen-fall-10\\\/#breadcrumb\"},\"inLanguage\":\"de\",\"potentialAction\":[{\"@type\":\"ReadAction\",\"target\":[\"https:\\\/\\\/www.allscore.de\\\/shop\\\/produkt\\\/der-atem-des-drachen-fall-10\\\/\"]}]},{\"@type\":\"ImageObject\",\"inLanguage\":\"de\",\"@id\":\"https:\\\/\\\/www.allscore.de\\\/shop\\\/produkt\\\/der-atem-des-drachen-fall-10\\\/#primaryimage\",\"url\":\"https:\\\/\\\/www.allscore.de\\\/shop\\\/wp-content\\\/uploads\\\/2020\\\/09\\\/Lest10_1200x1200.jpg\",\"contentUrl\":\"https:\\\/\\\/www.allscore.de\\\/shop\\\/wp-content\\\/uploads\\\/2020\\\/09\\\/Lest10_1200x1200.jpg\",\"width\":1200,\"height\":1200,\"caption\":\"Der Atem des Drachen\"},{\"@type\":\"BreadcrumbList\",\"@id\":\"https:\\\/\\\/www.allscore.de\\\/shop\\\/produkt\\\/der-atem-des-drachen-fall-10\\\/#breadcrumb\",\"itemListElement\":[{\"@type\":\"ListItem\",\"position\":1,\"name\":\"Startseite\",\"item\":\"https:\\\/\\\/www.allscore.de\\\/shop\\\/\"},{\"@type\":\"ListItem\",\"position\":2,\"name\":\"Produkte\",\"item\":\"https:\\\/\\\/www.allscore.de\\\/shop\\\/shop\\\/\"},{\"@type\":\"ListItem\",\"position\":3,\"name\":\"Inspector Lestrade 10: Der Atem des Drachen\"}]},{\"@type\":\"WebSite\",\"@id\":\"https:\\\/\\\/www.allscore.de\\\/shop\\\/#website\",\"url\":\"https:\\\/\\\/www.allscore.de\\\/shop\\\/\",\"name\":\"Allscore Shop\",\"description\":\"All Score Media\",\"publisher\":{\"@id\":\"https:\\\/\\\/www.allscore.de\\\/shop\\\/#organization\"},\"potentialAction\":[{\"@type\":\"SearchAction\",\"target\":{\"@type\":\"EntryPoint\",\"urlTemplate\":\"https:\\\/\\\/www.allscore.de\\\/shop\\\/?s={search_term_string}\"},\"query-input\":{\"@type\":\"PropertyValueSpecification\",\"valueRequired\":true,\"valueName\":\"search_term_string\"}}],\"inLanguage\":\"de\"},{\"@type\":\"Organization\",\"@id\":\"https:\\\/\\\/www.allscore.de\\\/shop\\\/#organization\",\"name\":\"All Score Media\",\"alternateName\":\"Allscore\",\"url\":\"https:\\\/\\\/www.allscore.de\\\/shop\\\/\",\"logo\":{\"@type\":\"ImageObject\",\"inLanguage\":\"de\",\"@id\":\"https:\\\/\\\/www.allscore.de\\\/shop\\\/#\\\/schema\\\/logo\\\/image\\\/\",\"url\":\"https:\\\/\\\/www.allscore.de\\\/shop\\\/wp-content\\\/uploads\\\/2026\\\/01\\\/Logo_Yoast_Shop_2026.png\",\"contentUrl\":\"https:\\\/\\\/www.allscore.de\\\/shop\\\/wp-content\\\/uploads\\\/2026\\\/01\\\/Logo_Yoast_Shop_2026.png\",\"width\":696,\"height\":696,\"caption\":\"All Score Media\"},\"image\":{\"@id\":\"https:\\\/\\\/www.allscore.de\\\/shop\\\/#\\\/schema\\\/logo\\\/image\\\/\"}}]}<\/script>\n<!-- \/ Yoast SEO plugin. -->","yoast_head_json":{"title":"Inspector Lestrade 10: Der Atem des Drachen","description":"Inspector Lestrade: Der Atem des Drachen (Fall 10) Rowland Blanch, hochgestelltes Mitglied der britischen Gesellschaft, wird vor den Augen seiner Frau","robots":{"index":"index","follow":"follow","max-snippet":"max-snippet:-1","max-image-preview":"max-image-preview:large","max-video-preview":"max-video-preview:-1"},"canonical":"https:\/\/www.allscore.de\/shop\/produkt\/der-atem-des-drachen-fall-10\/","og_locale":"de_DE","og_type":"article","og_title":"Inspector Lestrade 10: Der Atem des Drachen","og_description":"Inspector Lestrade: Der Atem des Drachen (Fall 10) Rowland Blanch, hochgestelltes Mitglied der britischen Gesellschaft, wird vor den Augen seiner Frau","og_url":"https:\/\/www.allscore.de\/shop\/produkt\/der-atem-des-drachen-fall-10\/","og_site_name":"Allscore Shop","article_modified_time":"2026-01-19T13:29:15+00:00","og_image":[{"width":1200,"height":1200,"url":"https:\/\/www.allscore.de\/shop\/wp-content\/uploads\/2020\/09\/Lest10_1200x1200.jpg","type":"image\/jpeg"}],"twitter_card":"summary_large_image","twitter_misc":{"Gesch\u00e4tzte Lesezeit":"1\u00a0Minute"},"schema":{"@context":"https:\/\/schema.org","@graph":[{"@type":"WebPage","@id":"https:\/\/www.allscore.de\/shop\/produkt\/der-atem-des-drachen-fall-10\/","url":"https:\/\/www.allscore.de\/shop\/produkt\/der-atem-des-drachen-fall-10\/","name":"Inspector Lestrade 10: Der Atem des Drachen","isPartOf":{"@id":"https:\/\/www.allscore.de\/shop\/#website"},"primaryImageOfPage":{"@id":"https:\/\/www.allscore.de\/shop\/produkt\/der-atem-des-drachen-fall-10\/#primaryimage"},"image":{"@id":"https:\/\/www.allscore.de\/shop\/produkt\/der-atem-des-drachen-fall-10\/#primaryimage"},"thumbnailUrl":"https:\/\/www.allscore.de\/shop\/wp-content\/uploads\/2020\/09\/Lest10_1200x1200.jpg","datePublished":"2020-10-19T21:19:18+00:00","dateModified":"2026-01-19T13:29:15+00:00","description":"Inspector Lestrade: Der Atem des Drachen (Fall 10) Rowland Blanch, hochgestelltes Mitglied der britischen Gesellschaft, wird vor den Augen seiner Frau","breadcrumb":{"@id":"https:\/\/www.allscore.de\/shop\/produkt\/der-atem-des-drachen-fall-10\/#breadcrumb"},"inLanguage":"de","potentialAction":[{"@type":"ReadAction","target":["https:\/\/www.allscore.de\/shop\/produkt\/der-atem-des-drachen-fall-10\/"]}]},{"@type":"ImageObject","inLanguage":"de","@id":"https:\/\/www.allscore.de\/shop\/produkt\/der-atem-des-drachen-fall-10\/#primaryimage","url":"https:\/\/www.allscore.de\/shop\/wp-content\/uploads\/2020\/09\/Lest10_1200x1200.jpg","contentUrl":"https:\/\/www.allscore.de\/shop\/wp-content\/uploads\/2020\/09\/Lest10_1200x1200.jpg","width":1200,"height":1200,"caption":"Der Atem des Drachen"},{"@type":"BreadcrumbList","@id":"https:\/\/www.allscore.de\/shop\/produkt\/der-atem-des-drachen-fall-10\/#breadcrumb","itemListElement":[{"@type":"ListItem","position":1,"name":"Startseite","item":"https:\/\/www.allscore.de\/shop\/"},{"@type":"ListItem","position":2,"name":"Produkte","item":"https:\/\/www.allscore.de\/shop\/shop\/"},{"@type":"ListItem","position":3,"name":"Inspector Lestrade 10: Der Atem des Drachen"}]},{"@type":"WebSite","@id":"https:\/\/www.allscore.de\/shop\/#website","url":"https:\/\/www.allscore.de\/shop\/","name":"Allscore Shop","description":"All Score Media","publisher":{"@id":"https:\/\/www.allscore.de\/shop\/#organization"},"potentialAction":[{"@type":"SearchAction","target":{"@type":"EntryPoint","urlTemplate":"https:\/\/www.allscore.de\/shop\/?s={search_term_string}"},"query-input":{"@type":"PropertyValueSpecification","valueRequired":true,"valueName":"search_term_string"}}],"inLanguage":"de"},{"@type":"Organization","@id":"https:\/\/www.allscore.de\/shop\/#organization","name":"All Score Media","alternateName":"Allscore","url":"https:\/\/www.allscore.de\/shop\/","logo":{"@type":"ImageObject","inLanguage":"de","@id":"https:\/\/www.allscore.de\/shop\/#\/schema\/logo\/image\/","url":"https:\/\/www.allscore.de\/shop\/wp-content\/uploads\/2026\/01\/Logo_Yoast_Shop_2026.png","contentUrl":"https:\/\/www.allscore.de\/shop\/wp-content\/uploads\/2026\/01\/Logo_Yoast_Shop_2026.png","width":696,"height":696,"caption":"All Score Media"},"image":{"@id":"https:\/\/www.allscore.de\/shop\/#\/schema\/logo\/image\/"}}]}},"_links":{"self":[{"href":"https:\/\/www.allscore.de\/shop\/wp-json\/wp\/v2\/product\/7949","targetHints":{"allow":["GET"]}}],"collection":[{"href":"https:\/\/www.allscore.de\/shop\/wp-json\/wp\/v2\/product"}],"about":[{"href":"https:\/\/www.allscore.de\/shop\/wp-json\/wp\/v2\/types\/product"}],"wp:featuredmedia":[{"embeddable":true,"href":"https:\/\/www.allscore.de\/shop\/wp-json\/wp\/v2\/media\/7952"}],"wp:attachment":[{"href":"https:\/\/www.allscore.de\/shop\/wp-json\/wp\/v2\/media?parent=7949"}],"wp:term":[{"taxonomy":"product_brand","embeddable":true,"href":"https:\/\/www.allscore.de\/shop\/wp-json\/wp\/v2\/product_brand?post=7949"},{"taxonomy":"product_cat","embeddable":true,"href":"https:\/\/www.allscore.de\/shop\/wp-json\/wp\/v2\/product_cat?post=7949"},{"taxonomy":"product_tag","embeddable":true,"href":"https:\/\/www.allscore.de\/shop\/wp-json\/wp\/v2\/product_tag?post=7949"}],"curies":[{"name":"wp","href":"https:\/\/api.w.org\/{rel}","templated":true}]}}