{"id":7945,"date":"2020-04-19T23:14:46","date_gmt":"2020-04-19T21:14:46","guid":{"rendered":"https:\/\/www.allscore.de\/shop\/?post_type=product&#038;p=7945"},"modified":"2026-01-19T14:36:23","modified_gmt":"2026-01-19T13:36:23","slug":"der-geist-von-old-hall-fall-8","status":"publish","type":"product","link":"https:\/\/www.allscore.de\/shop\/produkt\/der-geist-von-old-hall-fall-8\/","title":{"rendered":"Inspector Lestrade 8: Der Geist von Old Hall"},"content":{"rendered":"<p>Inspector Lestrade: Der Geist von Old Hall (Fall 8)<\/p>\n<p>Unheimliche Dinge geschehen in den alten Gem\u00e4uern von Old Hall. Die M\u00e4dchen der dort ans\u00e4ssigen \u201eBesserungsanstalt f\u00fcr junge Damen\u201c verschwinden auf r\u00e4tselhafte Weise. Au\u00dferdem geht eine geheimnisvolle Geistererscheinung um. Die Leiterin Madame Patricia und der zwielichtige Arzt Dr. Phipps scheinen davon aber seltsam unbeeindruckt zu sein. Inspector Lestrade und Sergeant McKinstry werden auf das Anwesen geschickt, um herauszufinden was vor sich geht. Sie wissen nicht, dass dieser Fall ein t\u00f6dliches Ende nehmen kann&#8230;<\/p>\n<p>Inspector Lestrade: Lutz Harder<br \/>\nMcKinstry: Tino Kie\u00dfling<br \/>\nCommissioner Cedric Hawksley: Bodo Wolf<br \/>\nSergeant Rigby: Heiko Akrap<br \/>\nMadam Patricia: Aline Staskowiak<br \/>\nDr. Phipps: Georg Tryphon<br \/>\nNatalie Emmerson: Cornelia Waibel<br \/>\nEileen: Vera Bunk<br \/>\nMildred: Katharina Palm<br \/>\nMarsha: Laurine Betz<br \/>\nRuby: Jenny Maria Meyer<br \/>\nGeist: Bernd Vollbrecht<br \/>\nMonster: Jan Graewe<\/p>\n<p>Regie: Gerd Naumann<br \/>\nBuch und Idee: Andreas Masuth<br \/>\nMusik: Christian Bluthardt<br \/>\nSounddesign, Mischung &amp; Master: Tom Steinbrecher<\/p>\n<p>Spieldauer: ca. 55 Minuten<\/p>\n","protected":false},"excerpt":{"rendered":"<p>Inspector Lestrade: Der Geist von Old Hall (Fall 8) Unheimliche Dinge geschehen in den alten Gem\u00e4uern von Old Hall. Die M\u00e4dchen der dort ans\u00e4ssigen \u201eBesserungsanstalt f\u00fcr junge Damen\u201c verschwinden auf r\u00e4tselhafte Weise. Au\u00dferdem geht eine geheimnisvolle Geistererscheinung um. Die Leiterin Madame Patricia und der zwielichtige Arzt Dr. Phipps scheinen davon aber seltsam unbeeindruckt zu sein&#8230;.<\/p>\n<p><a rel=\"bookmark\" class=\"vonzot-button-simple wvc-button wvc-button-size-sm\" href=\"https:\/\/www.allscore.de\/shop\/produkt\/der-geist-von-old-hall-fall-8\/\"><span>Read more<\/span><\/a><\/p>\n","protected":false},"featured_media":7963,"template":"","meta":[],"product_brand":[],"product_cat":[72,217],"product_tag":[],"class_list":{"0":"post-7945","1":"product","2":"type-product","3":"status-publish","4":"has-post-thumbnail","6":"product_cat-hoerspiele","7":"product_cat-inspector-lestrade","8":"product_shipping_class-tontraeger-cd","9":"entry","10":"clearfix","11":"entry-grid","12":"entry-columns-3","13":"entry-product-module-layout-sidebar-right","14":"thumbnail-color-tone-dark","15":"entry-product","17":"entry-product-grid","19":"first","20":"outofstock","21":"taxable","22":"shipping-taxable","23":"purchasable","24":"product-type-simple"},"yoast_head":"<!-- This site is optimized with the Yoast SEO plugin v27.3 - https:\/\/yoast.com\/product\/yoast-seo-wordpress\/ -->\n<title>Inspector Lestrade 8: Der Geist von Old Hall<\/title>\n<meta name=\"description\" content=\"Inspector Lestrade: Der Geist von Old Hall (Fall 8) Unheimliche Dinge geschehen in den alten Gem\u00e4uern von Old Hall. Die M\u00e4dchen der dort ans\u00e4ssigen\" \/>\n<meta name=\"robots\" content=\"index, follow, max-snippet:-1, max-image-preview:large, max-video-preview:-1\" \/>\n<link rel=\"canonical\" href=\"https:\/\/www.allscore.de\/shop\/produkt\/der-geist-von-old-hall-fall-8\/\" \/>\n<meta property=\"og:locale\" content=\"de_DE\" \/>\n<meta property=\"og:type\" content=\"article\" \/>\n<meta property=\"og:title\" content=\"Inspector Lestrade 8: Der Geist von Old Hall\" \/>\n<meta property=\"og:description\" content=\"Inspector Lestrade: Der Geist von Old Hall (Fall 8) Unheimliche Dinge geschehen in den alten Gem\u00e4uern von Old Hall. Die M\u00e4dchen der dort ans\u00e4ssigen\" \/>\n<meta property=\"og:url\" content=\"https:\/\/www.allscore.de\/shop\/produkt\/der-geist-von-old-hall-fall-8\/\" \/>\n<meta property=\"og:site_name\" content=\"Allscore Shop\" \/>\n<meta property=\"article:modified_time\" content=\"2026-01-19T13:36:23+00:00\" \/>\n<meta property=\"og:image\" content=\"https:\/\/www.allscore.de\/shop\/wp-content\/uploads\/2020\/09\/Lest08_1200x1200.jpg\" \/>\n\t<meta property=\"og:image:width\" content=\"1200\" \/>\n\t<meta property=\"og:image:height\" content=\"1200\" \/>\n\t<meta property=\"og:image:type\" content=\"image\/jpeg\" \/>\n<meta name=\"twitter:card\" content=\"summary_large_image\" \/>\n<meta name=\"twitter:label1\" content=\"Gesch\u00e4tzte Lesezeit\" \/>\n\t<meta name=\"twitter:data1\" content=\"1\u00a0Minute\" \/>\n<script type=\"application\/ld+json\" class=\"yoast-schema-graph\">{\"@context\":\"https:\\\/\\\/schema.org\",\"@graph\":[{\"@type\":\"WebPage\",\"@id\":\"https:\\\/\\\/www.allscore.de\\\/shop\\\/produkt\\\/der-geist-von-old-hall-fall-8\\\/\",\"url\":\"https:\\\/\\\/www.allscore.de\\\/shop\\\/produkt\\\/der-geist-von-old-hall-fall-8\\\/\",\"name\":\"Inspector Lestrade 8: Der Geist von Old Hall\",\"isPartOf\":{\"@id\":\"https:\\\/\\\/www.allscore.de\\\/shop\\\/#website\"},\"primaryImageOfPage\":{\"@id\":\"https:\\\/\\\/www.allscore.de\\\/shop\\\/produkt\\\/der-geist-von-old-hall-fall-8\\\/#primaryimage\"},\"image\":{\"@id\":\"https:\\\/\\\/www.allscore.de\\\/shop\\\/produkt\\\/der-geist-von-old-hall-fall-8\\\/#primaryimage\"},\"thumbnailUrl\":\"https:\\\/\\\/www.allscore.de\\\/shop\\\/wp-content\\\/uploads\\\/2020\\\/09\\\/Lest08_1200x1200.jpg\",\"datePublished\":\"2020-04-19T21:14:46+00:00\",\"dateModified\":\"2026-01-19T13:36:23+00:00\",\"description\":\"Inspector Lestrade: Der Geist von Old Hall (Fall 8) Unheimliche Dinge geschehen in den alten Gem\u00e4uern von Old Hall. Die M\u00e4dchen der dort ans\u00e4ssigen\",\"breadcrumb\":{\"@id\":\"https:\\\/\\\/www.allscore.de\\\/shop\\\/produkt\\\/der-geist-von-old-hall-fall-8\\\/#breadcrumb\"},\"inLanguage\":\"de\",\"potentialAction\":[{\"@type\":\"ReadAction\",\"target\":[\"https:\\\/\\\/www.allscore.de\\\/shop\\\/produkt\\\/der-geist-von-old-hall-fall-8\\\/\"]}]},{\"@type\":\"ImageObject\",\"inLanguage\":\"de\",\"@id\":\"https:\\\/\\\/www.allscore.de\\\/shop\\\/produkt\\\/der-geist-von-old-hall-fall-8\\\/#primaryimage\",\"url\":\"https:\\\/\\\/www.allscore.de\\\/shop\\\/wp-content\\\/uploads\\\/2020\\\/09\\\/Lest08_1200x1200.jpg\",\"contentUrl\":\"https:\\\/\\\/www.allscore.de\\\/shop\\\/wp-content\\\/uploads\\\/2020\\\/09\\\/Lest08_1200x1200.jpg\",\"width\":1200,\"height\":1200,\"caption\":\"Der Geist von Old Hall\"},{\"@type\":\"BreadcrumbList\",\"@id\":\"https:\\\/\\\/www.allscore.de\\\/shop\\\/produkt\\\/der-geist-von-old-hall-fall-8\\\/#breadcrumb\",\"itemListElement\":[{\"@type\":\"ListItem\",\"position\":1,\"name\":\"Startseite\",\"item\":\"https:\\\/\\\/www.allscore.de\\\/shop\\\/\"},{\"@type\":\"ListItem\",\"position\":2,\"name\":\"Produkte\",\"item\":\"https:\\\/\\\/www.allscore.de\\\/shop\\\/shop\\\/\"},{\"@type\":\"ListItem\",\"position\":3,\"name\":\"Inspector Lestrade 8: Der Geist von Old Hall\"}]},{\"@type\":\"WebSite\",\"@id\":\"https:\\\/\\\/www.allscore.de\\\/shop\\\/#website\",\"url\":\"https:\\\/\\\/www.allscore.de\\\/shop\\\/\",\"name\":\"Allscore Shop\",\"description\":\"All Score Media\",\"publisher\":{\"@id\":\"https:\\\/\\\/www.allscore.de\\\/shop\\\/#organization\"},\"potentialAction\":[{\"@type\":\"SearchAction\",\"target\":{\"@type\":\"EntryPoint\",\"urlTemplate\":\"https:\\\/\\\/www.allscore.de\\\/shop\\\/?s={search_term_string}\"},\"query-input\":{\"@type\":\"PropertyValueSpecification\",\"valueRequired\":true,\"valueName\":\"search_term_string\"}}],\"inLanguage\":\"de\"},{\"@type\":\"Organization\",\"@id\":\"https:\\\/\\\/www.allscore.de\\\/shop\\\/#organization\",\"name\":\"All Score Media\",\"alternateName\":\"Allscore\",\"url\":\"https:\\\/\\\/www.allscore.de\\\/shop\\\/\",\"logo\":{\"@type\":\"ImageObject\",\"inLanguage\":\"de\",\"@id\":\"https:\\\/\\\/www.allscore.de\\\/shop\\\/#\\\/schema\\\/logo\\\/image\\\/\",\"url\":\"https:\\\/\\\/www.allscore.de\\\/shop\\\/wp-content\\\/uploads\\\/2026\\\/01\\\/Logo_Yoast_Shop_2026.png\",\"contentUrl\":\"https:\\\/\\\/www.allscore.de\\\/shop\\\/wp-content\\\/uploads\\\/2026\\\/01\\\/Logo_Yoast_Shop_2026.png\",\"width\":696,\"height\":696,\"caption\":\"All Score Media\"},\"image\":{\"@id\":\"https:\\\/\\\/www.allscore.de\\\/shop\\\/#\\\/schema\\\/logo\\\/image\\\/\"}}]}<\/script>\n<!-- \/ Yoast SEO plugin. -->","yoast_head_json":{"title":"Inspector Lestrade 8: Der Geist von Old Hall","description":"Inspector Lestrade: Der Geist von Old Hall (Fall 8) Unheimliche Dinge geschehen in den alten Gem\u00e4uern von Old Hall. Die M\u00e4dchen der dort ans\u00e4ssigen","robots":{"index":"index","follow":"follow","max-snippet":"max-snippet:-1","max-image-preview":"max-image-preview:large","max-video-preview":"max-video-preview:-1"},"canonical":"https:\/\/www.allscore.de\/shop\/produkt\/der-geist-von-old-hall-fall-8\/","og_locale":"de_DE","og_type":"article","og_title":"Inspector Lestrade 8: Der Geist von Old Hall","og_description":"Inspector Lestrade: Der Geist von Old Hall (Fall 8) Unheimliche Dinge geschehen in den alten Gem\u00e4uern von Old Hall. Die M\u00e4dchen der dort ans\u00e4ssigen","og_url":"https:\/\/www.allscore.de\/shop\/produkt\/der-geist-von-old-hall-fall-8\/","og_site_name":"Allscore Shop","article_modified_time":"2026-01-19T13:36:23+00:00","og_image":[{"width":1200,"height":1200,"url":"https:\/\/www.allscore.de\/shop\/wp-content\/uploads\/2020\/09\/Lest08_1200x1200.jpg","type":"image\/jpeg"}],"twitter_card":"summary_large_image","twitter_misc":{"Gesch\u00e4tzte Lesezeit":"1\u00a0Minute"},"schema":{"@context":"https:\/\/schema.org","@graph":[{"@type":"WebPage","@id":"https:\/\/www.allscore.de\/shop\/produkt\/der-geist-von-old-hall-fall-8\/","url":"https:\/\/www.allscore.de\/shop\/produkt\/der-geist-von-old-hall-fall-8\/","name":"Inspector Lestrade 8: Der Geist von Old Hall","isPartOf":{"@id":"https:\/\/www.allscore.de\/shop\/#website"},"primaryImageOfPage":{"@id":"https:\/\/www.allscore.de\/shop\/produkt\/der-geist-von-old-hall-fall-8\/#primaryimage"},"image":{"@id":"https:\/\/www.allscore.de\/shop\/produkt\/der-geist-von-old-hall-fall-8\/#primaryimage"},"thumbnailUrl":"https:\/\/www.allscore.de\/shop\/wp-content\/uploads\/2020\/09\/Lest08_1200x1200.jpg","datePublished":"2020-04-19T21:14:46+00:00","dateModified":"2026-01-19T13:36:23+00:00","description":"Inspector Lestrade: Der Geist von Old Hall (Fall 8) Unheimliche Dinge geschehen in den alten Gem\u00e4uern von Old Hall. Die M\u00e4dchen der dort ans\u00e4ssigen","breadcrumb":{"@id":"https:\/\/www.allscore.de\/shop\/produkt\/der-geist-von-old-hall-fall-8\/#breadcrumb"},"inLanguage":"de","potentialAction":[{"@type":"ReadAction","target":["https:\/\/www.allscore.de\/shop\/produkt\/der-geist-von-old-hall-fall-8\/"]}]},{"@type":"ImageObject","inLanguage":"de","@id":"https:\/\/www.allscore.de\/shop\/produkt\/der-geist-von-old-hall-fall-8\/#primaryimage","url":"https:\/\/www.allscore.de\/shop\/wp-content\/uploads\/2020\/09\/Lest08_1200x1200.jpg","contentUrl":"https:\/\/www.allscore.de\/shop\/wp-content\/uploads\/2020\/09\/Lest08_1200x1200.jpg","width":1200,"height":1200,"caption":"Der Geist von Old Hall"},{"@type":"BreadcrumbList","@id":"https:\/\/www.allscore.de\/shop\/produkt\/der-geist-von-old-hall-fall-8\/#breadcrumb","itemListElement":[{"@type":"ListItem","position":1,"name":"Startseite","item":"https:\/\/www.allscore.de\/shop\/"},{"@type":"ListItem","position":2,"name":"Produkte","item":"https:\/\/www.allscore.de\/shop\/shop\/"},{"@type":"ListItem","position":3,"name":"Inspector Lestrade 8: Der Geist von Old Hall"}]},{"@type":"WebSite","@id":"https:\/\/www.allscore.de\/shop\/#website","url":"https:\/\/www.allscore.de\/shop\/","name":"Allscore Shop","description":"All Score Media","publisher":{"@id":"https:\/\/www.allscore.de\/shop\/#organization"},"potentialAction":[{"@type":"SearchAction","target":{"@type":"EntryPoint","urlTemplate":"https:\/\/www.allscore.de\/shop\/?s={search_term_string}"},"query-input":{"@type":"PropertyValueSpecification","valueRequired":true,"valueName":"search_term_string"}}],"inLanguage":"de"},{"@type":"Organization","@id":"https:\/\/www.allscore.de\/shop\/#organization","name":"All Score Media","alternateName":"Allscore","url":"https:\/\/www.allscore.de\/shop\/","logo":{"@type":"ImageObject","inLanguage":"de","@id":"https:\/\/www.allscore.de\/shop\/#\/schema\/logo\/image\/","url":"https:\/\/www.allscore.de\/shop\/wp-content\/uploads\/2026\/01\/Logo_Yoast_Shop_2026.png","contentUrl":"https:\/\/www.allscore.de\/shop\/wp-content\/uploads\/2026\/01\/Logo_Yoast_Shop_2026.png","width":696,"height":696,"caption":"All Score Media"},"image":{"@id":"https:\/\/www.allscore.de\/shop\/#\/schema\/logo\/image\/"}}]}},"_links":{"self":[{"href":"https:\/\/www.allscore.de\/shop\/wp-json\/wp\/v2\/product\/7945","targetHints":{"allow":["GET"]}}],"collection":[{"href":"https:\/\/www.allscore.de\/shop\/wp-json\/wp\/v2\/product"}],"about":[{"href":"https:\/\/www.allscore.de\/shop\/wp-json\/wp\/v2\/types\/product"}],"wp:featuredmedia":[{"embeddable":true,"href":"https:\/\/www.allscore.de\/shop\/wp-json\/wp\/v2\/media\/7963"}],"wp:attachment":[{"href":"https:\/\/www.allscore.de\/shop\/wp-json\/wp\/v2\/media?parent=7945"}],"wp:term":[{"taxonomy":"product_brand","embeddable":true,"href":"https:\/\/www.allscore.de\/shop\/wp-json\/wp\/v2\/product_brand?post=7945"},{"taxonomy":"product_cat","embeddable":true,"href":"https:\/\/www.allscore.de\/shop\/wp-json\/wp\/v2\/product_cat?post=7945"},{"taxonomy":"product_tag","embeddable":true,"href":"https:\/\/www.allscore.de\/shop\/wp-json\/wp\/v2\/product_tag?post=7945"}],"curies":[{"name":"wp","href":"https:\/\/api.w.org\/{rel}","templated":true}]}}