{"id":7941,"date":"2019-07-19T23:11:14","date_gmt":"2019-07-19T21:11:14","guid":{"rendered":"https:\/\/www.allscore.de\/shop\/?post_type=product&#038;p=7941"},"modified":"2026-03-01T03:46:19","modified_gmt":"2026-03-01T02:46:19","slug":"vier-schlaege-am-mittag-fall-6","status":"publish","type":"product","link":"https:\/\/www.allscore.de\/shop\/produkt\/vier-schlaege-am-mittag-fall-6\/","title":{"rendered":"Inspector Lestrade 6: Vier Schl\u00e4ge am Mittag"},"content":{"rendered":"<p>Inspector Lestrade: Vier Schl\u00e4ge am Mittag (Fall 6)<\/p>\n<p>Ein Mann wird auf unvorstellbar brutale Weise im Glockenturm des Westminster Palace ermordet. Lestrade und Dash finden neben der Leiche zudem einen merkw\u00fcrdigen Versuchsaufbau, den sie sich nicht erkl\u00e4ren k\u00f6nnen. Der Nebel lichtet sich erst, als die Beamten die Identit\u00e4t des Opfers herausfinden k\u00f6nnen \u2013 es ist der bekannte Wissenschaftler Westbrook. Zu Lebzeiten hatte dieser behauptet, eine M\u00f6glichkeit gefunden zu haben, die Zeit zu manipulieren. Hat der feige Mord etwas mit dieser Behauptung zu tun?<\/p>\n<p>Inspector Lestrade: Lutz Harder<br \/>\nInspector Dash: Michael Pink<br \/>\nCommissioner Cedric Hawksley: Bodo Wolf<br \/>\nDr. Thomas Lovell: J\u00f6rg Hengstler<br \/>\nSergeant Rigby: Heiko Akrap<br \/>\nProfessor Churchett: Stefan Gossler<br \/>\nProfessor Westbrook: Achim Buch<br \/>\nHayden Flinn: Nils Rieke<br \/>\nAlfie Medford: Tobias Nath<br \/>\nBischof Arthur Winnington-Ingram: J\u00fcrgen Thormann<br \/>\nMr. Coleman: Douglas Welbat<br \/>\nMr. Williams: Eckart Dux<br \/>\nUhrmacher: Dirk M\u00fcller<br \/>\nRezeption: Arne Stephan<\/p>\n<p>Regie: Gerd Naumann<br \/>\nBuch und Idee: Andreas Masuth<br \/>\nMusik: Christian Bluthardt<br \/>\nSounddesign, Mischung &amp; Master: Tom Steinbrecher<\/p>\n<p>Spieldauer: ca. 64 Minuten<\/p>\n","protected":false},"excerpt":{"rendered":"<p>Inspector Lestrade: Vier Schl\u00e4ge am Mittag (Fall 6) Ein Mann wird auf unvorstellbar brutale Weise im Glockenturm des Westminster Palace ermordet. Lestrade und Dash finden neben der Leiche zudem einen merkw\u00fcrdigen Versuchsaufbau, den sie sich nicht erkl\u00e4ren k\u00f6nnen. Der Nebel lichtet sich erst, als die Beamten die Identit\u00e4t des Opfers herausfinden k\u00f6nnen \u2013 es ist&#8230;<\/p>\n<p><a rel=\"bookmark\" class=\"vonzot-button-simple wvc-button wvc-button-size-sm\" href=\"https:\/\/www.allscore.de\/shop\/produkt\/vier-schlaege-am-mittag-fall-6\/\"><span>Read more<\/span><\/a><\/p>\n","protected":false},"featured_media":7961,"template":"","meta":[],"product_brand":[],"product_cat":[72,217],"product_tag":[],"class_list":{"0":"post-7941","1":"product","2":"type-product","3":"status-publish","4":"has-post-thumbnail","6":"product_cat-hoerspiele","7":"product_cat-inspector-lestrade","8":"product_shipping_class-tontraeger-cd","9":"entry","10":"clearfix","11":"entry-grid","12":"entry-columns-3","13":"entry-product-module-layout-sidebar-right","14":"thumbnail-color-tone-dark","15":"entry-product","17":"entry-product-grid","19":"first","20":"instock","21":"taxable","22":"shipping-taxable","23":"purchasable","24":"product-type-simple"},"yoast_head":"<!-- This site is optimized with the Yoast SEO plugin v27.3 - https:\/\/yoast.com\/product\/yoast-seo-wordpress\/ -->\n<title>Inspector Lestrade 6: Vier Schl\u00e4ge am Mittag<\/title>\n<meta name=\"description\" content=\"Inspector Lestrade: Vier Schl\u00e4ge am Mittag (Fall 6) Ein Mann wird auf unvorstellbar brutale Weise im Glockenturm des Westminster Palace ermordet. Lestrade\" \/>\n<meta name=\"robots\" content=\"index, follow, max-snippet:-1, max-image-preview:large, max-video-preview:-1\" \/>\n<link rel=\"canonical\" href=\"https:\/\/www.allscore.de\/shop\/produkt\/vier-schlaege-am-mittag-fall-6\/\" \/>\n<meta property=\"og:locale\" content=\"de_DE\" \/>\n<meta property=\"og:type\" content=\"article\" \/>\n<meta property=\"og:title\" content=\"Inspector Lestrade 6: Vier Schl\u00e4ge am Mittag\" \/>\n<meta property=\"og:description\" content=\"Inspector Lestrade: Vier Schl\u00e4ge am Mittag (Fall 6) Ein Mann wird auf unvorstellbar brutale Weise im Glockenturm des Westminster Palace ermordet. Lestrade\" \/>\n<meta property=\"og:url\" content=\"https:\/\/www.allscore.de\/shop\/produkt\/vier-schlaege-am-mittag-fall-6\/\" \/>\n<meta property=\"og:site_name\" content=\"Allscore Shop\" \/>\n<meta property=\"article:modified_time\" content=\"2026-03-01T02:46:19+00:00\" \/>\n<meta property=\"og:image\" content=\"https:\/\/www.allscore.de\/shop\/wp-content\/uploads\/2020\/09\/Lest06_1200x1200.jpg\" \/>\n\t<meta property=\"og:image:width\" content=\"1200\" \/>\n\t<meta property=\"og:image:height\" content=\"1200\" \/>\n\t<meta property=\"og:image:type\" content=\"image\/jpeg\" \/>\n<meta name=\"twitter:card\" content=\"summary_large_image\" \/>\n<meta name=\"twitter:label1\" content=\"Gesch\u00e4tzte Lesezeit\" \/>\n\t<meta name=\"twitter:data1\" content=\"1\u00a0Minute\" \/>\n<script type=\"application\/ld+json\" class=\"yoast-schema-graph\">{\"@context\":\"https:\\\/\\\/schema.org\",\"@graph\":[{\"@type\":\"WebPage\",\"@id\":\"https:\\\/\\\/www.allscore.de\\\/shop\\\/produkt\\\/vier-schlaege-am-mittag-fall-6\\\/\",\"url\":\"https:\\\/\\\/www.allscore.de\\\/shop\\\/produkt\\\/vier-schlaege-am-mittag-fall-6\\\/\",\"name\":\"Inspector Lestrade 6: Vier Schl\u00e4ge am Mittag\",\"isPartOf\":{\"@id\":\"https:\\\/\\\/www.allscore.de\\\/shop\\\/#website\"},\"primaryImageOfPage\":{\"@id\":\"https:\\\/\\\/www.allscore.de\\\/shop\\\/produkt\\\/vier-schlaege-am-mittag-fall-6\\\/#primaryimage\"},\"image\":{\"@id\":\"https:\\\/\\\/www.allscore.de\\\/shop\\\/produkt\\\/vier-schlaege-am-mittag-fall-6\\\/#primaryimage\"},\"thumbnailUrl\":\"https:\\\/\\\/www.allscore.de\\\/shop\\\/wp-content\\\/uploads\\\/2020\\\/09\\\/Lest06_1200x1200.jpg\",\"datePublished\":\"2019-07-19T21:11:14+00:00\",\"dateModified\":\"2026-03-01T02:46:19+00:00\",\"description\":\"Inspector Lestrade: Vier Schl\u00e4ge am Mittag (Fall 6) Ein Mann wird auf unvorstellbar brutale Weise im Glockenturm des Westminster Palace ermordet. Lestrade\",\"breadcrumb\":{\"@id\":\"https:\\\/\\\/www.allscore.de\\\/shop\\\/produkt\\\/vier-schlaege-am-mittag-fall-6\\\/#breadcrumb\"},\"inLanguage\":\"de\",\"potentialAction\":[{\"@type\":\"ReadAction\",\"target\":[\"https:\\\/\\\/www.allscore.de\\\/shop\\\/produkt\\\/vier-schlaege-am-mittag-fall-6\\\/\"]}]},{\"@type\":\"ImageObject\",\"inLanguage\":\"de\",\"@id\":\"https:\\\/\\\/www.allscore.de\\\/shop\\\/produkt\\\/vier-schlaege-am-mittag-fall-6\\\/#primaryimage\",\"url\":\"https:\\\/\\\/www.allscore.de\\\/shop\\\/wp-content\\\/uploads\\\/2020\\\/09\\\/Lest06_1200x1200.jpg\",\"contentUrl\":\"https:\\\/\\\/www.allscore.de\\\/shop\\\/wp-content\\\/uploads\\\/2020\\\/09\\\/Lest06_1200x1200.jpg\",\"width\":1200,\"height\":1200,\"caption\":\"Vier Schl\u00e4ge am Mittag\"},{\"@type\":\"BreadcrumbList\",\"@id\":\"https:\\\/\\\/www.allscore.de\\\/shop\\\/produkt\\\/vier-schlaege-am-mittag-fall-6\\\/#breadcrumb\",\"itemListElement\":[{\"@type\":\"ListItem\",\"position\":1,\"name\":\"Startseite\",\"item\":\"https:\\\/\\\/www.allscore.de\\\/shop\\\/\"},{\"@type\":\"ListItem\",\"position\":2,\"name\":\"Produkte\",\"item\":\"https:\\\/\\\/www.allscore.de\\\/shop\\\/shop\\\/\"},{\"@type\":\"ListItem\",\"position\":3,\"name\":\"Inspector Lestrade 6: Vier Schl\u00e4ge am Mittag\"}]},{\"@type\":\"WebSite\",\"@id\":\"https:\\\/\\\/www.allscore.de\\\/shop\\\/#website\",\"url\":\"https:\\\/\\\/www.allscore.de\\\/shop\\\/\",\"name\":\"Allscore Shop\",\"description\":\"All Score Media\",\"publisher\":{\"@id\":\"https:\\\/\\\/www.allscore.de\\\/shop\\\/#organization\"},\"potentialAction\":[{\"@type\":\"SearchAction\",\"target\":{\"@type\":\"EntryPoint\",\"urlTemplate\":\"https:\\\/\\\/www.allscore.de\\\/shop\\\/?s={search_term_string}\"},\"query-input\":{\"@type\":\"PropertyValueSpecification\",\"valueRequired\":true,\"valueName\":\"search_term_string\"}}],\"inLanguage\":\"de\"},{\"@type\":\"Organization\",\"@id\":\"https:\\\/\\\/www.allscore.de\\\/shop\\\/#organization\",\"name\":\"All Score Media\",\"alternateName\":\"Allscore\",\"url\":\"https:\\\/\\\/www.allscore.de\\\/shop\\\/\",\"logo\":{\"@type\":\"ImageObject\",\"inLanguage\":\"de\",\"@id\":\"https:\\\/\\\/www.allscore.de\\\/shop\\\/#\\\/schema\\\/logo\\\/image\\\/\",\"url\":\"https:\\\/\\\/www.allscore.de\\\/shop\\\/wp-content\\\/uploads\\\/2026\\\/01\\\/Logo_Yoast_Shop_2026.png\",\"contentUrl\":\"https:\\\/\\\/www.allscore.de\\\/shop\\\/wp-content\\\/uploads\\\/2026\\\/01\\\/Logo_Yoast_Shop_2026.png\",\"width\":696,\"height\":696,\"caption\":\"All Score Media\"},\"image\":{\"@id\":\"https:\\\/\\\/www.allscore.de\\\/shop\\\/#\\\/schema\\\/logo\\\/image\\\/\"}}]}<\/script>\n<!-- \/ Yoast SEO plugin. -->","yoast_head_json":{"title":"Inspector Lestrade 6: Vier Schl\u00e4ge am Mittag","description":"Inspector Lestrade: Vier Schl\u00e4ge am Mittag (Fall 6) Ein Mann wird auf unvorstellbar brutale Weise im Glockenturm des Westminster Palace ermordet. Lestrade","robots":{"index":"index","follow":"follow","max-snippet":"max-snippet:-1","max-image-preview":"max-image-preview:large","max-video-preview":"max-video-preview:-1"},"canonical":"https:\/\/www.allscore.de\/shop\/produkt\/vier-schlaege-am-mittag-fall-6\/","og_locale":"de_DE","og_type":"article","og_title":"Inspector Lestrade 6: Vier Schl\u00e4ge am Mittag","og_description":"Inspector Lestrade: Vier Schl\u00e4ge am Mittag (Fall 6) Ein Mann wird auf unvorstellbar brutale Weise im Glockenturm des Westminster Palace ermordet. Lestrade","og_url":"https:\/\/www.allscore.de\/shop\/produkt\/vier-schlaege-am-mittag-fall-6\/","og_site_name":"Allscore Shop","article_modified_time":"2026-03-01T02:46:19+00:00","og_image":[{"width":1200,"height":1200,"url":"https:\/\/www.allscore.de\/shop\/wp-content\/uploads\/2020\/09\/Lest06_1200x1200.jpg","type":"image\/jpeg"}],"twitter_card":"summary_large_image","twitter_misc":{"Gesch\u00e4tzte Lesezeit":"1\u00a0Minute"},"schema":{"@context":"https:\/\/schema.org","@graph":[{"@type":"WebPage","@id":"https:\/\/www.allscore.de\/shop\/produkt\/vier-schlaege-am-mittag-fall-6\/","url":"https:\/\/www.allscore.de\/shop\/produkt\/vier-schlaege-am-mittag-fall-6\/","name":"Inspector Lestrade 6: Vier Schl\u00e4ge am Mittag","isPartOf":{"@id":"https:\/\/www.allscore.de\/shop\/#website"},"primaryImageOfPage":{"@id":"https:\/\/www.allscore.de\/shop\/produkt\/vier-schlaege-am-mittag-fall-6\/#primaryimage"},"image":{"@id":"https:\/\/www.allscore.de\/shop\/produkt\/vier-schlaege-am-mittag-fall-6\/#primaryimage"},"thumbnailUrl":"https:\/\/www.allscore.de\/shop\/wp-content\/uploads\/2020\/09\/Lest06_1200x1200.jpg","datePublished":"2019-07-19T21:11:14+00:00","dateModified":"2026-03-01T02:46:19+00:00","description":"Inspector Lestrade: Vier Schl\u00e4ge am Mittag (Fall 6) Ein Mann wird auf unvorstellbar brutale Weise im Glockenturm des Westminster Palace ermordet. Lestrade","breadcrumb":{"@id":"https:\/\/www.allscore.de\/shop\/produkt\/vier-schlaege-am-mittag-fall-6\/#breadcrumb"},"inLanguage":"de","potentialAction":[{"@type":"ReadAction","target":["https:\/\/www.allscore.de\/shop\/produkt\/vier-schlaege-am-mittag-fall-6\/"]}]},{"@type":"ImageObject","inLanguage":"de","@id":"https:\/\/www.allscore.de\/shop\/produkt\/vier-schlaege-am-mittag-fall-6\/#primaryimage","url":"https:\/\/www.allscore.de\/shop\/wp-content\/uploads\/2020\/09\/Lest06_1200x1200.jpg","contentUrl":"https:\/\/www.allscore.de\/shop\/wp-content\/uploads\/2020\/09\/Lest06_1200x1200.jpg","width":1200,"height":1200,"caption":"Vier Schl\u00e4ge am Mittag"},{"@type":"BreadcrumbList","@id":"https:\/\/www.allscore.de\/shop\/produkt\/vier-schlaege-am-mittag-fall-6\/#breadcrumb","itemListElement":[{"@type":"ListItem","position":1,"name":"Startseite","item":"https:\/\/www.allscore.de\/shop\/"},{"@type":"ListItem","position":2,"name":"Produkte","item":"https:\/\/www.allscore.de\/shop\/shop\/"},{"@type":"ListItem","position":3,"name":"Inspector Lestrade 6: Vier Schl\u00e4ge am Mittag"}]},{"@type":"WebSite","@id":"https:\/\/www.allscore.de\/shop\/#website","url":"https:\/\/www.allscore.de\/shop\/","name":"Allscore Shop","description":"All Score Media","publisher":{"@id":"https:\/\/www.allscore.de\/shop\/#organization"},"potentialAction":[{"@type":"SearchAction","target":{"@type":"EntryPoint","urlTemplate":"https:\/\/www.allscore.de\/shop\/?s={search_term_string}"},"query-input":{"@type":"PropertyValueSpecification","valueRequired":true,"valueName":"search_term_string"}}],"inLanguage":"de"},{"@type":"Organization","@id":"https:\/\/www.allscore.de\/shop\/#organization","name":"All Score Media","alternateName":"Allscore","url":"https:\/\/www.allscore.de\/shop\/","logo":{"@type":"ImageObject","inLanguage":"de","@id":"https:\/\/www.allscore.de\/shop\/#\/schema\/logo\/image\/","url":"https:\/\/www.allscore.de\/shop\/wp-content\/uploads\/2026\/01\/Logo_Yoast_Shop_2026.png","contentUrl":"https:\/\/www.allscore.de\/shop\/wp-content\/uploads\/2026\/01\/Logo_Yoast_Shop_2026.png","width":696,"height":696,"caption":"All Score Media"},"image":{"@id":"https:\/\/www.allscore.de\/shop\/#\/schema\/logo\/image\/"}}]}},"_links":{"self":[{"href":"https:\/\/www.allscore.de\/shop\/wp-json\/wp\/v2\/product\/7941","targetHints":{"allow":["GET"]}}],"collection":[{"href":"https:\/\/www.allscore.de\/shop\/wp-json\/wp\/v2\/product"}],"about":[{"href":"https:\/\/www.allscore.de\/shop\/wp-json\/wp\/v2\/types\/product"}],"wp:featuredmedia":[{"embeddable":true,"href":"https:\/\/www.allscore.de\/shop\/wp-json\/wp\/v2\/media\/7961"}],"wp:attachment":[{"href":"https:\/\/www.allscore.de\/shop\/wp-json\/wp\/v2\/media?parent=7941"}],"wp:term":[{"taxonomy":"product_brand","embeddable":true,"href":"https:\/\/www.allscore.de\/shop\/wp-json\/wp\/v2\/product_brand?post=7941"},{"taxonomy":"product_cat","embeddable":true,"href":"https:\/\/www.allscore.de\/shop\/wp-json\/wp\/v2\/product_cat?post=7941"},{"taxonomy":"product_tag","embeddable":true,"href":"https:\/\/www.allscore.de\/shop\/wp-json\/wp\/v2\/product_tag?post=7941"}],"curies":[{"name":"wp","href":"https:\/\/api.w.org\/{rel}","templated":true}]}}