{"id":7929,"date":"2018-04-19T22:57:05","date_gmt":"2018-04-19T20:57:05","guid":{"rendered":"https:\/\/www.allscore.de\/shop\/?post_type=product&#038;p=7929"},"modified":"2026-01-19T14:26:09","modified_gmt":"2026-01-19T13:26:09","slug":"der-zorn-des-anubis-fall-2","status":"publish","type":"product","link":"https:\/\/www.allscore.de\/shop\/produkt\/der-zorn-des-anubis-fall-2\/","title":{"rendered":"Inspector Lestrade 2: Der Zorn des Anubis"},"content":{"rendered":"<p>Inspector Lestrade: Der Zorn des Anubis (Fall 2)<\/p>\n<p>Lord Mockridge, ein achtbares Mitglied des Oberhauses wird bestialisch ermordet aufgefunden. Der T\u00e4ter hat ihm sein Herz nicht nur aus der Brust geschnitten, er hat es ihm auch noch in die Hand gelegt. Nicht einmal den Butler hat der M\u00f6rder verschont. Die Ermittlungen erweisen sich als heikel, da die Spuren direkt ins Parlament f\u00fchren. Dort aber st\u00f6\u00dft Lestrade auf eine Mauer des Schweigens. Niemand scheint etwas zu wissen noch Kontakt zu Lord Mockridge gehabt zu haben. Als der M\u00f6rder jedoch ein weiteres Mal zuschl\u00e4gt, breitet sich Panik unter den Parlamentariern aus. Denn auch das zweite Opfer h\u00e4lt sein eigenes Herz in der Hand.<\/p>\n<p>Inspector Lestrade: Lutz Harder<br \/>\nInspector Dash: Michael Pink<br \/>\nSherlock Holmes: Christian Rode<br \/>\nDr. Watson: Peter Groeger<br \/>\nMcKinstry: Tino Kie\u00dfling<br \/>\nDr. Thomas Lovell: J\u00f6rg Hengstler<br \/>\nCommissioner Cedric Hawksley: Gerald Paradies<br \/>\nLord Mockridge: Hartmut Neugebauer<br \/>\nLilly: Ilka Teichm\u00fcller<br \/>\nClaire: Nicole Hannak<br \/>\nGladis: Vera Bunk<br \/>\nLordkanzler Giffard: Eckart Dux<br \/>\nDiener: Dirk M\u00fcller<br \/>\nShepperton: Manfred Lehmann<br \/>\nNeferet: Winnie Ricarda Bistram<br \/>\nZeitungsjunge: David Wittmann<br \/>\nWesford: Reent Reins<br \/>\nMrs. Lestrade: Margrit Stra\u00dfburger<br \/>\nW\u00e4rter: Mogens von Gadow<br \/>\nJasper Galloway: Dirk Hardegen<\/p>\n<p>Regie: Gerd Naumann<br \/>\nBuch und Idee: Andreas Masuth<br \/>\nMusik: Christian Bluthardt<br \/>\nSounddesign, Mischung &amp; Master: Tom Steinbrecher<\/p>\n<p>Spieldauer: ca. 68 Minuten<\/p>\n","protected":false},"excerpt":{"rendered":"<p>Inspector Lestrade: Der Zorn des Anubis (Fall 2) Lord Mockridge, ein achtbares Mitglied des Oberhauses wird bestialisch ermordet aufgefunden. Der T\u00e4ter hat ihm sein Herz nicht nur aus der Brust geschnitten, er hat es ihm auch noch in die Hand gelegt. Nicht einmal den Butler hat der M\u00f6rder verschont. Die Ermittlungen erweisen sich als heikel,&#8230;<\/p>\n<p><a rel=\"bookmark\" class=\"vonzot-button-simple wvc-button wvc-button-size-sm\" href=\"https:\/\/www.allscore.de\/shop\/produkt\/der-zorn-des-anubis-fall-2\/\"><span>Read more<\/span><\/a><\/p>\n","protected":false},"featured_media":7957,"template":"","meta":[],"product_brand":[],"product_cat":[72,217],"product_tag":[],"class_list":{"0":"post-7929","1":"product","2":"type-product","3":"status-publish","4":"has-post-thumbnail","6":"product_cat-hoerspiele","7":"product_cat-inspector-lestrade","8":"product_shipping_class-tontraeger-cd","9":"entry","10":"clearfix","11":"entry-grid","12":"entry-columns-3","13":"entry-product-module-layout-sidebar-right","14":"thumbnail-color-tone-dark","15":"entry-product","17":"entry-product-grid","19":"first","20":"instock","21":"sale","22":"taxable","23":"shipping-taxable","24":"purchasable","25":"product-type-simple"},"yoast_head":"<!-- This site is optimized with the Yoast SEO plugin v27.4 - https:\/\/yoast.com\/product\/yoast-seo-wordpress\/ -->\n<title>Inspector Lestrade 2: Der Zorn des Anubis<\/title>\n<meta name=\"description\" content=\"Inspector Lestrade: Der Zorn des Anubis (Fall 2) Lord Mockridge, ein achtbares Mitglied des Oberhauses wird bestialisch ermordet aufgefunden. Der T\u00e4ter\" \/>\n<meta name=\"robots\" content=\"index, follow, max-snippet:-1, max-image-preview:large, max-video-preview:-1\" \/>\n<link rel=\"canonical\" href=\"https:\/\/www.allscore.de\/shop\/produkt\/der-zorn-des-anubis-fall-2\/\" \/>\n<meta property=\"og:locale\" content=\"de_DE\" \/>\n<meta property=\"og:type\" content=\"article\" \/>\n<meta property=\"og:title\" content=\"Inspector Lestrade 2: Der Zorn des Anubis\" \/>\n<meta property=\"og:description\" content=\"Inspector Lestrade: Der Zorn des Anubis (Fall 2) Lord Mockridge, ein achtbares Mitglied des Oberhauses wird bestialisch ermordet aufgefunden. Der T\u00e4ter\" \/>\n<meta property=\"og:url\" content=\"https:\/\/www.allscore.de\/shop\/produkt\/der-zorn-des-anubis-fall-2\/\" \/>\n<meta property=\"og:site_name\" content=\"Allscore Shop\" \/>\n<meta property=\"article:modified_time\" content=\"2026-01-19T13:26:09+00:00\" \/>\n<meta property=\"og:image\" content=\"https:\/\/www.allscore.de\/shop\/wp-content\/uploads\/2020\/09\/Lest02_1200x1200.jpg\" \/>\n\t<meta property=\"og:image:width\" content=\"1200\" \/>\n\t<meta property=\"og:image:height\" content=\"1200\" \/>\n\t<meta property=\"og:image:type\" content=\"image\/jpeg\" \/>\n<meta name=\"twitter:card\" content=\"summary_large_image\" \/>\n<meta name=\"twitter:label1\" content=\"Gesch\u00e4tzte Lesezeit\" \/>\n\t<meta name=\"twitter:data1\" content=\"2\u00a0Minuten\" \/>\n<script type=\"application\/ld+json\" class=\"yoast-schema-graph\">{\"@context\":\"https:\\\/\\\/schema.org\",\"@graph\":[{\"@type\":\"WebPage\",\"@id\":\"https:\\\/\\\/www.allscore.de\\\/shop\\\/produkt\\\/der-zorn-des-anubis-fall-2\\\/\",\"url\":\"https:\\\/\\\/www.allscore.de\\\/shop\\\/produkt\\\/der-zorn-des-anubis-fall-2\\\/\",\"name\":\"Inspector Lestrade 2: Der Zorn des Anubis\",\"isPartOf\":{\"@id\":\"https:\\\/\\\/www.allscore.de\\\/shop\\\/#website\"},\"primaryImageOfPage\":{\"@id\":\"https:\\\/\\\/www.allscore.de\\\/shop\\\/produkt\\\/der-zorn-des-anubis-fall-2\\\/#primaryimage\"},\"image\":{\"@id\":\"https:\\\/\\\/www.allscore.de\\\/shop\\\/produkt\\\/der-zorn-des-anubis-fall-2\\\/#primaryimage\"},\"thumbnailUrl\":\"https:\\\/\\\/www.allscore.de\\\/shop\\\/wp-content\\\/uploads\\\/2020\\\/09\\\/Lest02_1200x1200.jpg\",\"datePublished\":\"2018-04-19T20:57:05+00:00\",\"dateModified\":\"2026-01-19T13:26:09+00:00\",\"description\":\"Inspector Lestrade: Der Zorn des Anubis (Fall 2) Lord Mockridge, ein achtbares Mitglied des Oberhauses wird bestialisch ermordet aufgefunden. Der T\u00e4ter\",\"breadcrumb\":{\"@id\":\"https:\\\/\\\/www.allscore.de\\\/shop\\\/produkt\\\/der-zorn-des-anubis-fall-2\\\/#breadcrumb\"},\"inLanguage\":\"de\",\"potentialAction\":[{\"@type\":\"ReadAction\",\"target\":[\"https:\\\/\\\/www.allscore.de\\\/shop\\\/produkt\\\/der-zorn-des-anubis-fall-2\\\/\"]}]},{\"@type\":\"ImageObject\",\"inLanguage\":\"de\",\"@id\":\"https:\\\/\\\/www.allscore.de\\\/shop\\\/produkt\\\/der-zorn-des-anubis-fall-2\\\/#primaryimage\",\"url\":\"https:\\\/\\\/www.allscore.de\\\/shop\\\/wp-content\\\/uploads\\\/2020\\\/09\\\/Lest02_1200x1200.jpg\",\"contentUrl\":\"https:\\\/\\\/www.allscore.de\\\/shop\\\/wp-content\\\/uploads\\\/2020\\\/09\\\/Lest02_1200x1200.jpg\",\"width\":1200,\"height\":1200,\"caption\":\"Der Zorn des Anubis\"},{\"@type\":\"BreadcrumbList\",\"@id\":\"https:\\\/\\\/www.allscore.de\\\/shop\\\/produkt\\\/der-zorn-des-anubis-fall-2\\\/#breadcrumb\",\"itemListElement\":[{\"@type\":\"ListItem\",\"position\":1,\"name\":\"Startseite\",\"item\":\"https:\\\/\\\/www.allscore.de\\\/shop\\\/\"},{\"@type\":\"ListItem\",\"position\":2,\"name\":\"Produkte\",\"item\":\"https:\\\/\\\/www.allscore.de\\\/shop\\\/shop\\\/\"},{\"@type\":\"ListItem\",\"position\":3,\"name\":\"Inspector Lestrade 2: Der Zorn des Anubis\"}]},{\"@type\":\"WebSite\",\"@id\":\"https:\\\/\\\/www.allscore.de\\\/shop\\\/#website\",\"url\":\"https:\\\/\\\/www.allscore.de\\\/shop\\\/\",\"name\":\"Allscore Shop\",\"description\":\"All Score Media\",\"publisher\":{\"@id\":\"https:\\\/\\\/www.allscore.de\\\/shop\\\/#organization\"},\"potentialAction\":[{\"@type\":\"SearchAction\",\"target\":{\"@type\":\"EntryPoint\",\"urlTemplate\":\"https:\\\/\\\/www.allscore.de\\\/shop\\\/?s={search_term_string}\"},\"query-input\":{\"@type\":\"PropertyValueSpecification\",\"valueRequired\":true,\"valueName\":\"search_term_string\"}}],\"inLanguage\":\"de\"},{\"@type\":\"Organization\",\"@id\":\"https:\\\/\\\/www.allscore.de\\\/shop\\\/#organization\",\"name\":\"All Score Media\",\"alternateName\":\"Allscore\",\"url\":\"https:\\\/\\\/www.allscore.de\\\/shop\\\/\",\"logo\":{\"@type\":\"ImageObject\",\"inLanguage\":\"de\",\"@id\":\"https:\\\/\\\/www.allscore.de\\\/shop\\\/#\\\/schema\\\/logo\\\/image\\\/\",\"url\":\"https:\\\/\\\/www.allscore.de\\\/shop\\\/wp-content\\\/uploads\\\/2026\\\/01\\\/Logo_Yoast_Shop_2026.png\",\"contentUrl\":\"https:\\\/\\\/www.allscore.de\\\/shop\\\/wp-content\\\/uploads\\\/2026\\\/01\\\/Logo_Yoast_Shop_2026.png\",\"width\":696,\"height\":696,\"caption\":\"All Score Media\"},\"image\":{\"@id\":\"https:\\\/\\\/www.allscore.de\\\/shop\\\/#\\\/schema\\\/logo\\\/image\\\/\"}}]}<\/script>\n<!-- \/ Yoast SEO plugin. -->","yoast_head_json":{"title":"Inspector Lestrade 2: Der Zorn des Anubis","description":"Inspector Lestrade: Der Zorn des Anubis (Fall 2) Lord Mockridge, ein achtbares Mitglied des Oberhauses wird bestialisch ermordet aufgefunden. Der T\u00e4ter","robots":{"index":"index","follow":"follow","max-snippet":"max-snippet:-1","max-image-preview":"max-image-preview:large","max-video-preview":"max-video-preview:-1"},"canonical":"https:\/\/www.allscore.de\/shop\/produkt\/der-zorn-des-anubis-fall-2\/","og_locale":"de_DE","og_type":"article","og_title":"Inspector Lestrade 2: Der Zorn des Anubis","og_description":"Inspector Lestrade: Der Zorn des Anubis (Fall 2) Lord Mockridge, ein achtbares Mitglied des Oberhauses wird bestialisch ermordet aufgefunden. Der T\u00e4ter","og_url":"https:\/\/www.allscore.de\/shop\/produkt\/der-zorn-des-anubis-fall-2\/","og_site_name":"Allscore Shop","article_modified_time":"2026-01-19T13:26:09+00:00","og_image":[{"width":1200,"height":1200,"url":"https:\/\/www.allscore.de\/shop\/wp-content\/uploads\/2020\/09\/Lest02_1200x1200.jpg","type":"image\/jpeg"}],"twitter_card":"summary_large_image","twitter_misc":{"Gesch\u00e4tzte Lesezeit":"2\u00a0Minuten"},"schema":{"@context":"https:\/\/schema.org","@graph":[{"@type":"WebPage","@id":"https:\/\/www.allscore.de\/shop\/produkt\/der-zorn-des-anubis-fall-2\/","url":"https:\/\/www.allscore.de\/shop\/produkt\/der-zorn-des-anubis-fall-2\/","name":"Inspector Lestrade 2: Der Zorn des Anubis","isPartOf":{"@id":"https:\/\/www.allscore.de\/shop\/#website"},"primaryImageOfPage":{"@id":"https:\/\/www.allscore.de\/shop\/produkt\/der-zorn-des-anubis-fall-2\/#primaryimage"},"image":{"@id":"https:\/\/www.allscore.de\/shop\/produkt\/der-zorn-des-anubis-fall-2\/#primaryimage"},"thumbnailUrl":"https:\/\/www.allscore.de\/shop\/wp-content\/uploads\/2020\/09\/Lest02_1200x1200.jpg","datePublished":"2018-04-19T20:57:05+00:00","dateModified":"2026-01-19T13:26:09+00:00","description":"Inspector Lestrade: Der Zorn des Anubis (Fall 2) Lord Mockridge, ein achtbares Mitglied des Oberhauses wird bestialisch ermordet aufgefunden. Der T\u00e4ter","breadcrumb":{"@id":"https:\/\/www.allscore.de\/shop\/produkt\/der-zorn-des-anubis-fall-2\/#breadcrumb"},"inLanguage":"de","potentialAction":[{"@type":"ReadAction","target":["https:\/\/www.allscore.de\/shop\/produkt\/der-zorn-des-anubis-fall-2\/"]}]},{"@type":"ImageObject","inLanguage":"de","@id":"https:\/\/www.allscore.de\/shop\/produkt\/der-zorn-des-anubis-fall-2\/#primaryimage","url":"https:\/\/www.allscore.de\/shop\/wp-content\/uploads\/2020\/09\/Lest02_1200x1200.jpg","contentUrl":"https:\/\/www.allscore.de\/shop\/wp-content\/uploads\/2020\/09\/Lest02_1200x1200.jpg","width":1200,"height":1200,"caption":"Der Zorn des Anubis"},{"@type":"BreadcrumbList","@id":"https:\/\/www.allscore.de\/shop\/produkt\/der-zorn-des-anubis-fall-2\/#breadcrumb","itemListElement":[{"@type":"ListItem","position":1,"name":"Startseite","item":"https:\/\/www.allscore.de\/shop\/"},{"@type":"ListItem","position":2,"name":"Produkte","item":"https:\/\/www.allscore.de\/shop\/shop\/"},{"@type":"ListItem","position":3,"name":"Inspector Lestrade 2: Der Zorn des Anubis"}]},{"@type":"WebSite","@id":"https:\/\/www.allscore.de\/shop\/#website","url":"https:\/\/www.allscore.de\/shop\/","name":"Allscore Shop","description":"All Score Media","publisher":{"@id":"https:\/\/www.allscore.de\/shop\/#organization"},"potentialAction":[{"@type":"SearchAction","target":{"@type":"EntryPoint","urlTemplate":"https:\/\/www.allscore.de\/shop\/?s={search_term_string}"},"query-input":{"@type":"PropertyValueSpecification","valueRequired":true,"valueName":"search_term_string"}}],"inLanguage":"de"},{"@type":"Organization","@id":"https:\/\/www.allscore.de\/shop\/#organization","name":"All Score Media","alternateName":"Allscore","url":"https:\/\/www.allscore.de\/shop\/","logo":{"@type":"ImageObject","inLanguage":"de","@id":"https:\/\/www.allscore.de\/shop\/#\/schema\/logo\/image\/","url":"https:\/\/www.allscore.de\/shop\/wp-content\/uploads\/2026\/01\/Logo_Yoast_Shop_2026.png","contentUrl":"https:\/\/www.allscore.de\/shop\/wp-content\/uploads\/2026\/01\/Logo_Yoast_Shop_2026.png","width":696,"height":696,"caption":"All Score Media"},"image":{"@id":"https:\/\/www.allscore.de\/shop\/#\/schema\/logo\/image\/"}}]}},"_links":{"self":[{"href":"https:\/\/www.allscore.de\/shop\/wp-json\/wp\/v2\/product\/7929","targetHints":{"allow":["GET"]}}],"collection":[{"href":"https:\/\/www.allscore.de\/shop\/wp-json\/wp\/v2\/product"}],"about":[{"href":"https:\/\/www.allscore.de\/shop\/wp-json\/wp\/v2\/types\/product"}],"wp:featuredmedia":[{"embeddable":true,"href":"https:\/\/www.allscore.de\/shop\/wp-json\/wp\/v2\/media\/7957"}],"wp:attachment":[{"href":"https:\/\/www.allscore.de\/shop\/wp-json\/wp\/v2\/media?parent=7929"}],"wp:term":[{"taxonomy":"product_brand","embeddable":true,"href":"https:\/\/www.allscore.de\/shop\/wp-json\/wp\/v2\/product_brand?post=7929"},{"taxonomy":"product_cat","embeddable":true,"href":"https:\/\/www.allscore.de\/shop\/wp-json\/wp\/v2\/product_cat?post=7929"},{"taxonomy":"product_tag","embeddable":true,"href":"https:\/\/www.allscore.de\/shop\/wp-json\/wp\/v2\/product_tag?post=7929"}],"curies":[{"name":"wp","href":"https:\/\/api.w.org\/{rel}","templated":true}]}}