{"id":7920,"date":"2018-09-19T22:34:25","date_gmt":"2018-09-19T20:34:25","guid":{"rendered":"https:\/\/www.allscore.de\/shop\/?post_type=product&#038;p=7920"},"modified":"2022-07-20T22:27:40","modified_gmt":"2022-07-20T20:27:40","slug":"doppelter-lohn-fuer-einen-spion-die-mikrofilm-trilogie-2","status":"publish","type":"product","link":"https:\/\/www.allscore.de\/shop\/produkt\/doppelter-lohn-fuer-einen-spion-die-mikrofilm-trilogie-2\/","title":{"rendered":"Der Lord &#038; die Zwei (2): Doppelter Lohn f\u00fcr einen Spion"},"content":{"rendered":"<p><a href=\"http:\/\/www.hoerspatz.de\/texte_rezis\/lord_02.html\" target=\"blank\" rel=\"noopener noreferrer\">H\u00f6rspatz.de<\/a> [Okt. 2018]: &#8222;Flapsige Dialoge zuhauf, gediegene &#8222;Marple-eske&#8220; Spannung in der Kulisse des Kalten Kriegs, dazu auch etwas mehr Dynamik &#8211; die Hommage an &#8222;Die 2&#8243; gewinnt langsam an Fahrt.&#8220;<\/p>\n<p><a href=\"https:\/\/www.monstersandcritics.de\/der-lord-die-zwei-folge-2-doppelter-lohn-fur-einen-spion-horspielkritik\/\" target=\"blank\" rel=\"noopener noreferrer\">Monsters &amp; Critics<\/a> [Nov. 2018]: &#8222;Die zweite Episode der H\u00f6rspielreihe &#8230; von Autor Harry K\u00fchn und Regisseurin Judith Brandt &#8230; stellt einen direkten Anschluss an ihre erste Geschichte dar. Dieses sorgt daf\u00fcr, dass die Serie nicht nur aus losen Episoden besteht, sondern einen richtigen Staffelcharakter erh\u00e4lt. Dabei kann man als Zuh\u00f6rer immer noch den gleichen Fall verfolgen, der nach der ersten Episode zwar aufgekl\u00e4rt zu sein schien, aber noch viel weitere Kreise gezogen hat, als bisher angenommen. Zum Gl\u00fcck sind aber die schlauen Ermittlerfreunde da, um dem Geheimdienst zu helfen. 10 von 10 Punkten!&#8220;<\/p>\n<p><a href=\"https:\/\/www.hoerbuchjunkies.com\/Der-Lord-%26-die-Zwei--k1-2-k2-.htm\" target=\"blank\" rel=\"noopener noreferrer\">H\u00f6rbuchjunkies.com<\/a> [Okt. 2018]: &#8222;Stimmiger zweiter Teil, der die Spannungskurve noch anzieht. Sprecher und Produktion, sowie das Soundkonzept lassen keine W\u00fcnsche offen. Willkommen zur\u00fcck in den 80ern!&#8220;<\/p>\n","protected":false},"excerpt":{"rendered":"<p>Nach dem H\u00f6ren von Folge 1 mag hier und da die Frage nach weiterer Aufkl\u00e4rung gestellt werden. Nun, hintergr\u00fcndige Antworten finden sich in DOPPELTER LOHN F\u00dcR EINEN SPION, der zweiten Folge von DER LORD &amp; DIE ZWEI, die zugleich den Mittelteil der \u201eMikrofilm-Trilogie&#8220; bildet.<\/p>\n<p>London, 1980er Jahre: Dem MI5-Mann Marc Barlow sind Geheiminformationen \u00fcber Funkverbindungen des Warschauer Paktes angeboten worden. Doch der Deal misslingt und er f\u00e4llt beim Security Service in Ungnade. Um seine Reputation wieder herzustellen, wendet sich Barlow an Lord Leyton Lawlay. Der renommierte Anwalt nimmt die konspirative Spur nach Ost-Berlin auf, unterst\u00fctzt von der feinsinnigen Kunstexpertin July Farrington sowie dem launigen Fernsehproduzenten David Endrews. F\u00fcr sie ist die Forderung des Spions nicht die einzige \u00dcberraschung, der es mit diplomatischem Geschick zu begegnen gilt.<br \/>\nDie fiktionale H\u00f6rspiel-Reihe charakterisiert ein heiterer Grundton, auch wenn auf Realit\u00e4ten zu Zeiten des Eisernen Vorhangs Bezug genommen wird. Sie ist inspiriert von der TV-Serie &gt;&gt; Die 2 &lt;&lt; und ihrer legend\u00e4r-humorvollen Synchronbearbeitung durch Rainer Brandt. Mit ihm sowie Lothar Blumhagen sind die deutschen Stimmen der Die-2-Protagonisten, Tony Curtis bzw. Roger Moore, auch hier zu h\u00f6ren, in DOPPELTER LOHN F\u00dcR EINEN SPION.<\/p>\n<p>Lord Leyton Lawlay: Harry K\u00fchn<br \/>\nJuly Farrington: Judith Brandt<br \/>\nDavid Endrews: Charles Rettinghaus<br \/>\nPeggy Miller: Ilka Teichm\u00fcller<br \/>\nJames Conroy: Rainer Brandt<br \/>\nLyonal Moore: Lothar Blumhagen<br \/>\nMarc Barlow: Finlay K\u00fchn<br \/>\nLinda Blake: Marion Musiol<br \/>\nSusan Conroy alias Miss X-Ray: Sarah M\u00e9ndez Garc\u00eda<br \/>\nAnton Meier: Gerrit Hamann<\/p>\n<p>Regie: Judith Brandt<br \/>\nCo-Regie: Gerd Naumann<br \/>\nBuch und Idee: Harry K\u00fchn<br \/>\nMusik: Finlay K\u00fchn<br \/>\nMischung: Kai Hoffmann<br \/>\nSounddesign: Sonja Geilen<br \/>\nAufnahme und Mischung: Kai Hoffmann<\/p>\n<p>Spieldauer: ca. 67 Minuten<\/p>\n","protected":false},"featured_media":7954,"template":"","meta":[],"product_brand":[],"product_cat":[216,72],"product_tag":[],"class_list":{"0":"post-7920","1":"product","2":"type-product","3":"status-publish","4":"has-post-thumbnail","6":"product_cat-der-lord-die-zwei","7":"product_cat-hoerspiele","8":"product_shipping_class-tontraeger-cd","9":"entry","10":"clearfix","11":"entry-grid","12":"entry-columns-3","13":"entry-product-module-layout-sidebar-right","14":"thumbnail-color-tone-dark","15":"entry-product","17":"entry-product-grid","19":"first","20":"instock","21":"taxable","22":"shipping-taxable","23":"purchasable","24":"product-type-simple"},"yoast_head":"<!-- This site is optimized with the Yoast SEO plugin v27.4 - https:\/\/yoast.com\/product\/yoast-seo-wordpress\/ -->\n<title>Der Lord &amp; die Zwei (2): Doppelter Lohn f\u00fcr einen Spion<\/title>\n<meta name=\"description\" content=\"Nach dem H\u00f6ren von Folge 1 mag hier und da die Frage nach weiterer Aufkl\u00e4rung gestellt werden. Nun, hintergr\u00fcndige Antworten finden sich in DOPPELTER LOHN F\u00dcR EINEN SPION, der zweiten Folge von DER LORD &amp; DIE ZWEI, die zugleich den Mittelteil der \u201eMikrofilm-Trilogie&quot; bildet.  London, 1980er Jahre: Dem MI5-Mann Marc Barlow sind Geheiminformationen \u00fcber Funkverbindungen des Warschauer Paktes angeboten worden. Doch der Deal misslingt und er f\u00e4llt beim Security Service in Ungnade. Um seine Reputation wieder herzustellen, wendet sich Barlow an Lord Leyton Lawlay. Der renommierte Anwalt nimmt die konspirative Spur nach Ost-Berlin auf, unterst\u00fctzt von der feinsinnigen Kunstexpertin July Farrington sowie dem launigen Fernsehproduzenten David Endrews. F\u00fcr sie ist die Forderung des Spions nicht die einzige \u00dcberraschung, der es mit diplomatischem Geschick zu begegnen gilt. Die fiktionale H\u00f6rspiel-Reihe charakterisiert ein heiterer Grundton, auch wenn auf Realit\u00e4ten zu Zeiten des Eisernen Vorhangs Bezug genommen wird. Sie ist inspiriert von der TV-Serie &gt;&gt; Die 2 &lt;&lt; und ihrer legend\u00e4r-humorvollen Synchronbearbeitung durch Rainer Brandt. Mit ihm sowie Lothar Blumhagen sind die deutschen Stimmen der Die-2-Protagonisten, Tony Curtis bzw. Roger Moore, auch hier zu h\u00f6ren, in DOPPELTER LOHN F\u00dcR EINEN SPION.  Lord Leyton Lawlay: Harry K\u00fchn July Farrington: Judith Brandt David Endrews: Charles Rettinghaus Peggy Miller: Ilka Teichm\u00fcller James Conroy: Rainer Brandt Lyonal Moore: Lothar Blumhagen Marc Barlow: Finlay K\u00fchn Linda Blake: Marion Musiol Susan Conroy alias Miss X-Ray: Sarah M\u00e9ndez Garc\u00eda Anton Meier: Gerrit Hamann  Regie: Judith Brandt Co-Regie: Gerd Naumann Buch und Idee: Harry K\u00fchn Musik: Finlay K\u00fchn Mischung: Kai Hoffmann Sounddesign: Sonja Geilen Aufnahme und Mischung: Kai Hoffmann  Spieldauer: ca. 67 Minuten\" \/>\n<meta name=\"robots\" content=\"index, follow, max-snippet:-1, max-image-preview:large, max-video-preview:-1\" \/>\n<link rel=\"canonical\" href=\"https:\/\/www.allscore.de\/shop\/produkt\/doppelter-lohn-fuer-einen-spion-die-mikrofilm-trilogie-2\/\" \/>\n<meta property=\"og:locale\" content=\"de_DE\" \/>\n<meta property=\"og:type\" content=\"article\" \/>\n<meta property=\"og:title\" content=\"Der Lord &amp; die Zwei (2): Doppelter Lohn f\u00fcr einen Spion\" \/>\n<meta property=\"og:description\" content=\"Nach dem H\u00f6ren von Folge 1 mag hier und da die Frage nach weiterer Aufkl\u00e4rung gestellt werden. Nun, hintergr\u00fcndige Antworten finden sich in DOPPELTER LOHN F\u00dcR EINEN SPION, der zweiten Folge von DER LORD &amp; DIE ZWEI, die zugleich den Mittelteil der \u201eMikrofilm-Trilogie&quot; bildet.  London, 1980er Jahre: Dem MI5-Mann Marc Barlow sind Geheiminformationen \u00fcber Funkverbindungen des Warschauer Paktes angeboten worden. Doch der Deal misslingt und er f\u00e4llt beim Security Service in Ungnade. Um seine Reputation wieder herzustellen, wendet sich Barlow an Lord Leyton Lawlay. Der renommierte Anwalt nimmt die konspirative Spur nach Ost-Berlin auf, unterst\u00fctzt von der feinsinnigen Kunstexpertin July Farrington sowie dem launigen Fernsehproduzenten David Endrews. F\u00fcr sie ist die Forderung des Spions nicht die einzige \u00dcberraschung, der es mit diplomatischem Geschick zu begegnen gilt. Die fiktionale H\u00f6rspiel-Reihe charakterisiert ein heiterer Grundton, auch wenn auf Realit\u00e4ten zu Zeiten des Eisernen Vorhangs Bezug genommen wird. Sie ist inspiriert von der TV-Serie &gt;&gt; Die 2 &lt;&lt; und ihrer legend\u00e4r-humorvollen Synchronbearbeitung durch Rainer Brandt. Mit ihm sowie Lothar Blumhagen sind die deutschen Stimmen der Die-2-Protagonisten, Tony Curtis bzw. Roger Moore, auch hier zu h\u00f6ren, in DOPPELTER LOHN F\u00dcR EINEN SPION.  Lord Leyton Lawlay: Harry K\u00fchn July Farrington: Judith Brandt David Endrews: Charles Rettinghaus Peggy Miller: Ilka Teichm\u00fcller James Conroy: Rainer Brandt Lyonal Moore: Lothar Blumhagen Marc Barlow: Finlay K\u00fchn Linda Blake: Marion Musiol Susan Conroy alias Miss X-Ray: Sarah M\u00e9ndez Garc\u00eda Anton Meier: Gerrit Hamann  Regie: Judith Brandt Co-Regie: Gerd Naumann Buch und Idee: Harry K\u00fchn Musik: Finlay K\u00fchn Mischung: Kai Hoffmann Sounddesign: Sonja Geilen Aufnahme und Mischung: Kai Hoffmann  Spieldauer: ca. 67 Minuten\" \/>\n<meta property=\"og:url\" content=\"https:\/\/www.allscore.de\/shop\/produkt\/doppelter-lohn-fuer-einen-spion-die-mikrofilm-trilogie-2\/\" \/>\n<meta property=\"og:site_name\" content=\"Allscore Shop\" \/>\n<meta property=\"article:modified_time\" content=\"2022-07-20T20:27:40+00:00\" \/>\n<meta property=\"og:image\" content=\"https:\/\/www.allscore.de\/shop\/wp-content\/uploads\/2020\/09\/Lord02_1200x1200.jpg\" \/>\n\t<meta property=\"og:image:width\" content=\"1200\" \/>\n\t<meta property=\"og:image:height\" content=\"1200\" \/>\n\t<meta property=\"og:image:type\" content=\"image\/jpeg\" \/>\n<meta name=\"twitter:card\" content=\"summary_large_image\" \/>\n<meta name=\"twitter:label1\" content=\"Gesch\u00e4tzte Lesezeit\" \/>\n\t<meta name=\"twitter:data1\" content=\"1\u00a0Minute\" \/>\n<script type=\"application\/ld+json\" class=\"yoast-schema-graph\">{\"@context\":\"https:\\\/\\\/schema.org\",\"@graph\":[{\"@type\":\"WebPage\",\"@id\":\"https:\\\/\\\/www.allscore.de\\\/shop\\\/produkt\\\/doppelter-lohn-fuer-einen-spion-die-mikrofilm-trilogie-2\\\/\",\"url\":\"https:\\\/\\\/www.allscore.de\\\/shop\\\/produkt\\\/doppelter-lohn-fuer-einen-spion-die-mikrofilm-trilogie-2\\\/\",\"name\":\"Der Lord & die Zwei (2): Doppelter Lohn f\u00fcr einen Spion\",\"isPartOf\":{\"@id\":\"https:\\\/\\\/www.allscore.de\\\/shop\\\/#website\"},\"primaryImageOfPage\":{\"@id\":\"https:\\\/\\\/www.allscore.de\\\/shop\\\/produkt\\\/doppelter-lohn-fuer-einen-spion-die-mikrofilm-trilogie-2\\\/#primaryimage\"},\"image\":{\"@id\":\"https:\\\/\\\/www.allscore.de\\\/shop\\\/produkt\\\/doppelter-lohn-fuer-einen-spion-die-mikrofilm-trilogie-2\\\/#primaryimage\"},\"thumbnailUrl\":\"https:\\\/\\\/www.allscore.de\\\/shop\\\/wp-content\\\/uploads\\\/2020\\\/09\\\/Lord02_1200x1200.jpg\",\"datePublished\":\"2018-09-19T20:34:25+00:00\",\"dateModified\":\"2022-07-20T20:27:40+00:00\",\"description\":\"Nach dem H\u00f6ren von Folge 1 mag hier und da die Frage nach weiterer Aufkl\u00e4rung gestellt werden. Nun, hintergr\u00fcndige Antworten finden sich in DOPPELTER LOHN F\u00dcR EINEN SPION, der zweiten Folge von DER LORD &amp; DIE ZWEI, die zugleich den Mittelteil der \u201eMikrofilm-Trilogie\\\" bildet. London, 1980er Jahre: Dem MI5-Mann Marc Barlow sind Geheiminformationen \u00fcber Funkverbindungen des Warschauer Paktes angeboten worden. Doch der Deal misslingt und er f\u00e4llt beim Security Service in Ungnade. Um seine Reputation wieder herzustellen, wendet sich Barlow an Lord Leyton Lawlay. Der renommierte Anwalt nimmt die konspirative Spur nach Ost-Berlin auf, unterst\u00fctzt von der feinsinnigen Kunstexpertin July Farrington sowie dem launigen Fernsehproduzenten David Endrews. F\u00fcr sie ist die Forderung des Spions nicht die einzige \u00dcberraschung, der es mit diplomatischem Geschick zu begegnen gilt. Die fiktionale H\u00f6rspiel-Reihe charakterisiert ein heiterer Grundton, auch wenn auf Realit\u00e4ten zu Zeiten des Eisernen Vorhangs Bezug genommen wird. Sie ist inspiriert von der TV-Serie &gt;&gt; Die 2 &lt;&lt; und ihrer legend\u00e4r-humorvollen Synchronbearbeitung durch Rainer Brandt. Mit ihm sowie Lothar Blumhagen sind die deutschen Stimmen der Die-2-Protagonisten, Tony Curtis bzw. Roger Moore, auch hier zu h\u00f6ren, in DOPPELTER LOHN F\u00dcR EINEN SPION. Lord Leyton Lawlay: Harry K\u00fchn July Farrington: Judith Brandt David Endrews: Charles Rettinghaus Peggy Miller: Ilka Teichm\u00fcller James Conroy: Rainer Brandt Lyonal Moore: Lothar Blumhagen Marc Barlow: Finlay K\u00fchn Linda Blake: Marion Musiol Susan Conroy alias Miss X-Ray: Sarah M\u00e9ndez Garc\u00eda Anton Meier: Gerrit Hamann Regie: Judith Brandt Co-Regie: Gerd Naumann Buch und Idee: Harry K\u00fchn Musik: Finlay K\u00fchn Mischung: Kai Hoffmann Sounddesign: Sonja Geilen Aufnahme und Mischung: Kai Hoffmann Spieldauer: ca. 67 Minuten\",\"breadcrumb\":{\"@id\":\"https:\\\/\\\/www.allscore.de\\\/shop\\\/produkt\\\/doppelter-lohn-fuer-einen-spion-die-mikrofilm-trilogie-2\\\/#breadcrumb\"},\"inLanguage\":\"de\",\"potentialAction\":[{\"@type\":\"ReadAction\",\"target\":[\"https:\\\/\\\/www.allscore.de\\\/shop\\\/produkt\\\/doppelter-lohn-fuer-einen-spion-die-mikrofilm-trilogie-2\\\/\"]}]},{\"@type\":\"ImageObject\",\"inLanguage\":\"de\",\"@id\":\"https:\\\/\\\/www.allscore.de\\\/shop\\\/produkt\\\/doppelter-lohn-fuer-einen-spion-die-mikrofilm-trilogie-2\\\/#primaryimage\",\"url\":\"https:\\\/\\\/www.allscore.de\\\/shop\\\/wp-content\\\/uploads\\\/2020\\\/09\\\/Lord02_1200x1200.jpg\",\"contentUrl\":\"https:\\\/\\\/www.allscore.de\\\/shop\\\/wp-content\\\/uploads\\\/2020\\\/09\\\/Lord02_1200x1200.jpg\",\"width\":1200,\"height\":1200,\"caption\":\"Doppelter Lohn f\u00fcr einen Spion\"},{\"@type\":\"BreadcrumbList\",\"@id\":\"https:\\\/\\\/www.allscore.de\\\/shop\\\/produkt\\\/doppelter-lohn-fuer-einen-spion-die-mikrofilm-trilogie-2\\\/#breadcrumb\",\"itemListElement\":[{\"@type\":\"ListItem\",\"position\":1,\"name\":\"Startseite\",\"item\":\"https:\\\/\\\/www.allscore.de\\\/shop\\\/\"},{\"@type\":\"ListItem\",\"position\":2,\"name\":\"Produkte\",\"item\":\"https:\\\/\\\/www.allscore.de\\\/shop\\\/shop\\\/\"},{\"@type\":\"ListItem\",\"position\":3,\"name\":\"Der Lord &#038; die Zwei (2): Doppelter Lohn f\u00fcr einen Spion\"}]},{\"@type\":\"WebSite\",\"@id\":\"https:\\\/\\\/www.allscore.de\\\/shop\\\/#website\",\"url\":\"https:\\\/\\\/www.allscore.de\\\/shop\\\/\",\"name\":\"Allscore Shop\",\"description\":\"All Score Media\",\"publisher\":{\"@id\":\"https:\\\/\\\/www.allscore.de\\\/shop\\\/#organization\"},\"potentialAction\":[{\"@type\":\"SearchAction\",\"target\":{\"@type\":\"EntryPoint\",\"urlTemplate\":\"https:\\\/\\\/www.allscore.de\\\/shop\\\/?s={search_term_string}\"},\"query-input\":{\"@type\":\"PropertyValueSpecification\",\"valueRequired\":true,\"valueName\":\"search_term_string\"}}],\"inLanguage\":\"de\"},{\"@type\":\"Organization\",\"@id\":\"https:\\\/\\\/www.allscore.de\\\/shop\\\/#organization\",\"name\":\"All Score Media\",\"alternateName\":\"Allscore\",\"url\":\"https:\\\/\\\/www.allscore.de\\\/shop\\\/\",\"logo\":{\"@type\":\"ImageObject\",\"inLanguage\":\"de\",\"@id\":\"https:\\\/\\\/www.allscore.de\\\/shop\\\/#\\\/schema\\\/logo\\\/image\\\/\",\"url\":\"https:\\\/\\\/www.allscore.de\\\/shop\\\/wp-content\\\/uploads\\\/2026\\\/01\\\/Logo_Yoast_Shop_2026.png\",\"contentUrl\":\"https:\\\/\\\/www.allscore.de\\\/shop\\\/wp-content\\\/uploads\\\/2026\\\/01\\\/Logo_Yoast_Shop_2026.png\",\"width\":696,\"height\":696,\"caption\":\"All Score Media\"},\"image\":{\"@id\":\"https:\\\/\\\/www.allscore.de\\\/shop\\\/#\\\/schema\\\/logo\\\/image\\\/\"}}]}<\/script>\n<!-- \/ Yoast SEO plugin. -->","yoast_head_json":{"title":"Der Lord & die Zwei (2): Doppelter Lohn f\u00fcr einen Spion","description":"Nach dem H\u00f6ren von Folge 1 mag hier und da die Frage nach weiterer Aufkl\u00e4rung gestellt werden. Nun, hintergr\u00fcndige Antworten finden sich in DOPPELTER LOHN F\u00dcR EINEN SPION, der zweiten Folge von DER LORD &amp; DIE ZWEI, die zugleich den Mittelteil der \u201eMikrofilm-Trilogie\" bildet.  London, 1980er Jahre: Dem MI5-Mann Marc Barlow sind Geheiminformationen \u00fcber Funkverbindungen des Warschauer Paktes angeboten worden. Doch der Deal misslingt und er f\u00e4llt beim Security Service in Ungnade. Um seine Reputation wieder herzustellen, wendet sich Barlow an Lord Leyton Lawlay. Der renommierte Anwalt nimmt die konspirative Spur nach Ost-Berlin auf, unterst\u00fctzt von der feinsinnigen Kunstexpertin July Farrington sowie dem launigen Fernsehproduzenten David Endrews. F\u00fcr sie ist die Forderung des Spions nicht die einzige \u00dcberraschung, der es mit diplomatischem Geschick zu begegnen gilt. Die fiktionale H\u00f6rspiel-Reihe charakterisiert ein heiterer Grundton, auch wenn auf Realit\u00e4ten zu Zeiten des Eisernen Vorhangs Bezug genommen wird. Sie ist inspiriert von der TV-Serie &gt;&gt; Die 2 &lt;&lt; und ihrer legend\u00e4r-humorvollen Synchronbearbeitung durch Rainer Brandt. Mit ihm sowie Lothar Blumhagen sind die deutschen Stimmen der Die-2-Protagonisten, Tony Curtis bzw. Roger Moore, auch hier zu h\u00f6ren, in DOPPELTER LOHN F\u00dcR EINEN SPION.  Lord Leyton Lawlay: Harry K\u00fchn July Farrington: Judith Brandt David Endrews: Charles Rettinghaus Peggy Miller: Ilka Teichm\u00fcller James Conroy: Rainer Brandt Lyonal Moore: Lothar Blumhagen Marc Barlow: Finlay K\u00fchn Linda Blake: Marion Musiol Susan Conroy alias Miss X-Ray: Sarah M\u00e9ndez Garc\u00eda Anton Meier: Gerrit Hamann  Regie: Judith Brandt Co-Regie: Gerd Naumann Buch und Idee: Harry K\u00fchn Musik: Finlay K\u00fchn Mischung: Kai Hoffmann Sounddesign: Sonja Geilen Aufnahme und Mischung: Kai Hoffmann  Spieldauer: ca. 67 Minuten","robots":{"index":"index","follow":"follow","max-snippet":"max-snippet:-1","max-image-preview":"max-image-preview:large","max-video-preview":"max-video-preview:-1"},"canonical":"https:\/\/www.allscore.de\/shop\/produkt\/doppelter-lohn-fuer-einen-spion-die-mikrofilm-trilogie-2\/","og_locale":"de_DE","og_type":"article","og_title":"Der Lord & die Zwei (2): Doppelter Lohn f\u00fcr einen Spion","og_description":"Nach dem H\u00f6ren von Folge 1 mag hier und da die Frage nach weiterer Aufkl\u00e4rung gestellt werden. Nun, hintergr\u00fcndige Antworten finden sich in DOPPELTER LOHN F\u00dcR EINEN SPION, der zweiten Folge von DER LORD &amp; DIE ZWEI, die zugleich den Mittelteil der \u201eMikrofilm-Trilogie\" bildet.  London, 1980er Jahre: Dem MI5-Mann Marc Barlow sind Geheiminformationen \u00fcber Funkverbindungen des Warschauer Paktes angeboten worden. Doch der Deal misslingt und er f\u00e4llt beim Security Service in Ungnade. Um seine Reputation wieder herzustellen, wendet sich Barlow an Lord Leyton Lawlay. Der renommierte Anwalt nimmt die konspirative Spur nach Ost-Berlin auf, unterst\u00fctzt von der feinsinnigen Kunstexpertin July Farrington sowie dem launigen Fernsehproduzenten David Endrews. F\u00fcr sie ist die Forderung des Spions nicht die einzige \u00dcberraschung, der es mit diplomatischem Geschick zu begegnen gilt. Die fiktionale H\u00f6rspiel-Reihe charakterisiert ein heiterer Grundton, auch wenn auf Realit\u00e4ten zu Zeiten des Eisernen Vorhangs Bezug genommen wird. Sie ist inspiriert von der TV-Serie &gt;&gt; Die 2 &lt;&lt; und ihrer legend\u00e4r-humorvollen Synchronbearbeitung durch Rainer Brandt. Mit ihm sowie Lothar Blumhagen sind die deutschen Stimmen der Die-2-Protagonisten, Tony Curtis bzw. Roger Moore, auch hier zu h\u00f6ren, in DOPPELTER LOHN F\u00dcR EINEN SPION.  Lord Leyton Lawlay: Harry K\u00fchn July Farrington: Judith Brandt David Endrews: Charles Rettinghaus Peggy Miller: Ilka Teichm\u00fcller James Conroy: Rainer Brandt Lyonal Moore: Lothar Blumhagen Marc Barlow: Finlay K\u00fchn Linda Blake: Marion Musiol Susan Conroy alias Miss X-Ray: Sarah M\u00e9ndez Garc\u00eda Anton Meier: Gerrit Hamann  Regie: Judith Brandt Co-Regie: Gerd Naumann Buch und Idee: Harry K\u00fchn Musik: Finlay K\u00fchn Mischung: Kai Hoffmann Sounddesign: Sonja Geilen Aufnahme und Mischung: Kai Hoffmann  Spieldauer: ca. 67 Minuten","og_url":"https:\/\/www.allscore.de\/shop\/produkt\/doppelter-lohn-fuer-einen-spion-die-mikrofilm-trilogie-2\/","og_site_name":"Allscore Shop","article_modified_time":"2022-07-20T20:27:40+00:00","og_image":[{"width":1200,"height":1200,"url":"https:\/\/www.allscore.de\/shop\/wp-content\/uploads\/2020\/09\/Lord02_1200x1200.jpg","type":"image\/jpeg"}],"twitter_card":"summary_large_image","twitter_misc":{"Gesch\u00e4tzte Lesezeit":"1\u00a0Minute"},"schema":{"@context":"https:\/\/schema.org","@graph":[{"@type":"WebPage","@id":"https:\/\/www.allscore.de\/shop\/produkt\/doppelter-lohn-fuer-einen-spion-die-mikrofilm-trilogie-2\/","url":"https:\/\/www.allscore.de\/shop\/produkt\/doppelter-lohn-fuer-einen-spion-die-mikrofilm-trilogie-2\/","name":"Der Lord & die Zwei (2): Doppelter Lohn f\u00fcr einen Spion","isPartOf":{"@id":"https:\/\/www.allscore.de\/shop\/#website"},"primaryImageOfPage":{"@id":"https:\/\/www.allscore.de\/shop\/produkt\/doppelter-lohn-fuer-einen-spion-die-mikrofilm-trilogie-2\/#primaryimage"},"image":{"@id":"https:\/\/www.allscore.de\/shop\/produkt\/doppelter-lohn-fuer-einen-spion-die-mikrofilm-trilogie-2\/#primaryimage"},"thumbnailUrl":"https:\/\/www.allscore.de\/shop\/wp-content\/uploads\/2020\/09\/Lord02_1200x1200.jpg","datePublished":"2018-09-19T20:34:25+00:00","dateModified":"2022-07-20T20:27:40+00:00","description":"Nach dem H\u00f6ren von Folge 1 mag hier und da die Frage nach weiterer Aufkl\u00e4rung gestellt werden. Nun, hintergr\u00fcndige Antworten finden sich in DOPPELTER LOHN F\u00dcR EINEN SPION, der zweiten Folge von DER LORD &amp; DIE ZWEI, die zugleich den Mittelteil der \u201eMikrofilm-Trilogie\" bildet. London, 1980er Jahre: Dem MI5-Mann Marc Barlow sind Geheiminformationen \u00fcber Funkverbindungen des Warschauer Paktes angeboten worden. Doch der Deal misslingt und er f\u00e4llt beim Security Service in Ungnade. Um seine Reputation wieder herzustellen, wendet sich Barlow an Lord Leyton Lawlay. Der renommierte Anwalt nimmt die konspirative Spur nach Ost-Berlin auf, unterst\u00fctzt von der feinsinnigen Kunstexpertin July Farrington sowie dem launigen Fernsehproduzenten David Endrews. F\u00fcr sie ist die Forderung des Spions nicht die einzige \u00dcberraschung, der es mit diplomatischem Geschick zu begegnen gilt. Die fiktionale H\u00f6rspiel-Reihe charakterisiert ein heiterer Grundton, auch wenn auf Realit\u00e4ten zu Zeiten des Eisernen Vorhangs Bezug genommen wird. Sie ist inspiriert von der TV-Serie &gt;&gt; Die 2 &lt;&lt; und ihrer legend\u00e4r-humorvollen Synchronbearbeitung durch Rainer Brandt. Mit ihm sowie Lothar Blumhagen sind die deutschen Stimmen der Die-2-Protagonisten, Tony Curtis bzw. Roger Moore, auch hier zu h\u00f6ren, in DOPPELTER LOHN F\u00dcR EINEN SPION. Lord Leyton Lawlay: Harry K\u00fchn July Farrington: Judith Brandt David Endrews: Charles Rettinghaus Peggy Miller: Ilka Teichm\u00fcller James Conroy: Rainer Brandt Lyonal Moore: Lothar Blumhagen Marc Barlow: Finlay K\u00fchn Linda Blake: Marion Musiol Susan Conroy alias Miss X-Ray: Sarah M\u00e9ndez Garc\u00eda Anton Meier: Gerrit Hamann Regie: Judith Brandt Co-Regie: Gerd Naumann Buch und Idee: Harry K\u00fchn Musik: Finlay K\u00fchn Mischung: Kai Hoffmann Sounddesign: Sonja Geilen Aufnahme und Mischung: Kai Hoffmann Spieldauer: ca. 67 Minuten","breadcrumb":{"@id":"https:\/\/www.allscore.de\/shop\/produkt\/doppelter-lohn-fuer-einen-spion-die-mikrofilm-trilogie-2\/#breadcrumb"},"inLanguage":"de","potentialAction":[{"@type":"ReadAction","target":["https:\/\/www.allscore.de\/shop\/produkt\/doppelter-lohn-fuer-einen-spion-die-mikrofilm-trilogie-2\/"]}]},{"@type":"ImageObject","inLanguage":"de","@id":"https:\/\/www.allscore.de\/shop\/produkt\/doppelter-lohn-fuer-einen-spion-die-mikrofilm-trilogie-2\/#primaryimage","url":"https:\/\/www.allscore.de\/shop\/wp-content\/uploads\/2020\/09\/Lord02_1200x1200.jpg","contentUrl":"https:\/\/www.allscore.de\/shop\/wp-content\/uploads\/2020\/09\/Lord02_1200x1200.jpg","width":1200,"height":1200,"caption":"Doppelter Lohn f\u00fcr einen Spion"},{"@type":"BreadcrumbList","@id":"https:\/\/www.allscore.de\/shop\/produkt\/doppelter-lohn-fuer-einen-spion-die-mikrofilm-trilogie-2\/#breadcrumb","itemListElement":[{"@type":"ListItem","position":1,"name":"Startseite","item":"https:\/\/www.allscore.de\/shop\/"},{"@type":"ListItem","position":2,"name":"Produkte","item":"https:\/\/www.allscore.de\/shop\/shop\/"},{"@type":"ListItem","position":3,"name":"Der Lord &#038; die Zwei (2): Doppelter Lohn f\u00fcr einen Spion"}]},{"@type":"WebSite","@id":"https:\/\/www.allscore.de\/shop\/#website","url":"https:\/\/www.allscore.de\/shop\/","name":"Allscore Shop","description":"All Score Media","publisher":{"@id":"https:\/\/www.allscore.de\/shop\/#organization"},"potentialAction":[{"@type":"SearchAction","target":{"@type":"EntryPoint","urlTemplate":"https:\/\/www.allscore.de\/shop\/?s={search_term_string}"},"query-input":{"@type":"PropertyValueSpecification","valueRequired":true,"valueName":"search_term_string"}}],"inLanguage":"de"},{"@type":"Organization","@id":"https:\/\/www.allscore.de\/shop\/#organization","name":"All Score Media","alternateName":"Allscore","url":"https:\/\/www.allscore.de\/shop\/","logo":{"@type":"ImageObject","inLanguage":"de","@id":"https:\/\/www.allscore.de\/shop\/#\/schema\/logo\/image\/","url":"https:\/\/www.allscore.de\/shop\/wp-content\/uploads\/2026\/01\/Logo_Yoast_Shop_2026.png","contentUrl":"https:\/\/www.allscore.de\/shop\/wp-content\/uploads\/2026\/01\/Logo_Yoast_Shop_2026.png","width":696,"height":696,"caption":"All Score Media"},"image":{"@id":"https:\/\/www.allscore.de\/shop\/#\/schema\/logo\/image\/"}}]}},"_links":{"self":[{"href":"https:\/\/www.allscore.de\/shop\/wp-json\/wp\/v2\/product\/7920","targetHints":{"allow":["GET"]}}],"collection":[{"href":"https:\/\/www.allscore.de\/shop\/wp-json\/wp\/v2\/product"}],"about":[{"href":"https:\/\/www.allscore.de\/shop\/wp-json\/wp\/v2\/types\/product"}],"wp:featuredmedia":[{"embeddable":true,"href":"https:\/\/www.allscore.de\/shop\/wp-json\/wp\/v2\/media\/7954"}],"wp:attachment":[{"href":"https:\/\/www.allscore.de\/shop\/wp-json\/wp\/v2\/media?parent=7920"}],"wp:term":[{"taxonomy":"product_brand","embeddable":true,"href":"https:\/\/www.allscore.de\/shop\/wp-json\/wp\/v2\/product_brand?post=7920"},{"taxonomy":"product_cat","embeddable":true,"href":"https:\/\/www.allscore.de\/shop\/wp-json\/wp\/v2\/product_cat?post=7920"},{"taxonomy":"product_tag","embeddable":true,"href":"https:\/\/www.allscore.de\/shop\/wp-json\/wp\/v2\/product_tag?post=7920"}],"curies":[{"name":"wp","href":"https:\/\/api.w.org\/{rel}","templated":true}]}}