{"id":7914,"date":"2017-11-19T22:11:38","date_gmt":"2017-11-19T21:11:38","guid":{"rendered":"https:\/\/www.allscore.de\/shop\/?post_type=product&#038;p=7914"},"modified":"2022-06-13T16:21:18","modified_gmt":"2022-06-13T14:21:18","slug":"filmversteck-im-uhreneck-die-mikrofilm-trilogie-1","status":"publish","type":"product","link":"https:\/\/www.allscore.de\/shop\/produkt\/filmversteck-im-uhreneck-die-mikrofilm-trilogie-1\/","title":{"rendered":"Der Lord &#038; die Zwei (1): Filmversteck im Uhreneck"},"content":{"rendered":"<p><a href=\"http:\/\/hoerspiele.de\/hoerspiele\/kommentare\/kommentar_template.asp?kat=hsp&amp;ID=26764&amp;hspID=18371\" target=\"blank\" rel=\"noopener noreferrer\">Hoerspiele.de<\/a> [Nov. 2017]: &#8222;Wortwitz statt Action. Dialogtechnisch ist das hier ganz weit vorne. H\u00f6rspiel des Monats Dezember!&#8220;<\/p>\n<p><a href=\"http:\/\/talker-lounge.de\/tim-rezensiert-der-lord-die-zwei-1-das-filmversteck-im-uhreneck\/\" target=\"blank\" rel=\"noopener noreferrer\">Talker-Lounge<\/a> [Januar 2018]: &#8222;Rein sprachtechnisch gesehen gefallen mir die Stimmen sehr gut und ich kann mir dahinter sehr gut den blaubl\u00fctigen Anwalt, die sch\u00f6ne Kunstexpertin und den TV-Produzenten vorstellen. Jeder verleiht seinem Charakter eine tolle Note. Insbesondere Charles Rettinghaus schafft es dabei mit seiner Art immer wieder, mich zum Lachen zu bringen&#8230; Ilka Teichm\u00fcller bekommen wir als Sekret\u00e4rin Peggy zu h\u00f6ren. Sie ist ph\u00e4nomenal in dieser Rolle&#8230; Rainer Brandt mimt noch den MI5-Mitarbeiter James Conroy und legt einen tollen Auftritt hin. Die Stimmen aller Beteiligten an sich sind wirklich toll.&#8220;<\/p>\n<p><a href=\"http:\/\/www.hoerbuchjunkies.com\/Der-Lord-%26-die-Zwei--k1-01-k2-.htm\" target=\"blank\" rel=\"noopener noreferrer\">Hoerbuchjunkies.com<\/a> [Dez. 2017]: &#8222;Der Fall an sich lebt von seinen sympathischen Protagonisten, die einen hohen Wiedererkennungswert haben und in ihrem Facettenreichtum und Unterschiedlichkeit ihrer Charaktere ein interessantes Team bilden, dem man gern zuh\u00f6rt.&#8220;<\/p>\n","protected":false},"excerpt":{"rendered":"<p>July Farrington, Kunstexpertin im Hause Lady Whitmoore, f\u00e4llt dort ein Mikrofilm in die H\u00e4nde, so dass sie der Verdacht beschleicht, ihre Aufraggeberin k\u00f6nnte in einen Spionagefall verwickelt sein. Um dem auf m\u00f6glichst diplomatische Art nachzugehen, wendet sich July an David Endrews. Der TV-Produzent wird ihrem Vertrauen gerecht, indem er jenen von Londons Advokaten hinzuzieht, welcher mit solch heiklen Angelegenheiten bestens umzugehen wei\u00df: Lord Leyton Lawlay Dem Trio stellen sich nun Fragen, wie: Betreibt Lady Whitmoore dubiose Ost-West-Gesch\u00e4fte? Sind hier Machenschaften f\u00fcr oder gegen den MI5 im Gange? Welche Rolle spielt ein gewisser Antikh\u00e4ndler vom Covent Garden?<\/p>\n<p>Lord Leyton Lawlay: Harry K\u00fchn<br \/>\nJuly Farrington: Judith Brandt<br \/>\nDavid Endrews: Charles Rettinghaus<br \/>\nPeggy Miller: Ilka Teichm\u00fcller<br \/>\nJames Conroy: Rainer Brandt<br \/>\nLyonal Moore: Lothar Blumhagen<br \/>\nChristine Whitmoore: Sabine Walkenbach<br \/>\nMarc Barlow: Finlay K\u00fchn<br \/>\nLinda Blake: Marion Musiol<br \/>\nTom Schneider: Tim Moeseritz<br \/>\nAuktionatorin: Birge Tetzner<br \/>\nAuktionsbesucher: Peter Groeger<\/p>\n<p>Regie: Gerd Naumann \/ All Score Media<br \/>\nBuch: Harry K\u00fchn<br \/>\nMusik: Finlay K\u00fchn<br \/>\nProduktionsleitung und Sounddesign: Sonja Geilen<br \/>\nAufnahme und Mischung: Kai Hoffmann<br \/>\nProduktion: BRANDTFILM und All Score Media<\/p>\n<p>Spieldauer: ca. 70 Minuten<\/p>\n","protected":false},"featured_media":7953,"template":"","meta":[],"product_brand":[],"product_cat":[216,72],"product_tag":[],"class_list":{"0":"post-7914","1":"product","2":"type-product","3":"status-publish","4":"has-post-thumbnail","6":"product_cat-der-lord-die-zwei","7":"product_cat-hoerspiele","8":"product_shipping_class-tontraeger-cd","9":"entry","10":"clearfix","11":"entry-grid","12":"entry-columns-3","13":"entry-product-module-layout-sidebar-right","14":"thumbnail-color-tone-dark","15":"entry-product","17":"entry-product-grid","19":"first","20":"instock","21":"taxable","22":"shipping-taxable","23":"purchasable","24":"product-type-simple"},"yoast_head":"<!-- This site is optimized with the Yoast SEO plugin v27.3 - https:\/\/yoast.com\/product\/yoast-seo-wordpress\/ -->\n<title>Der Lord &amp; die Zwei (1): Filmversteck im Uhreneck<\/title>\n<meta name=\"description\" content=\"July Farrington, Kunstexpertin im Hause Lady Whitmoore, f\u00e4llt dort ein Mikrofilm in die H\u00e4nde, so dass sie der Verdacht beschleicht, ihre Aufraggeberin k\u00f6nnte in einen Spionagefall verwickelt sein. Um dem auf m\u00f6glichst diplomatische Art nachzugehen, wendet sich July an David Endrews. Der TV-Produzent wird ihrem Vertrauen gerecht, indem er jenen von Londons Advokaten hinzuzieht, welcher mit solch heiklen Angelegenheiten bestens umzugehen wei\u00df: Lord Leyton Lawlay Dem Trio stellen sich nun Fragen, wie: Betreibt Lady Whitmoore dubiose Ost-West-Gesch\u00e4fte? Sind hier Machenschaften f\u00fcr oder gegen den MI5 im Gange? Welche Rolle spielt ein gewisser Antikh\u00e4ndler vom Covent Garden?  Lord Leyton Lawlay: Harry K\u00fchn July Farrington: Judith Brandt David Endrews: Charles Rettinghaus Peggy Miller: Ilka Teichm\u00fcller James Conroy: Rainer Brandt Lyonal Moore: Lothar Blumhagen Christine Whitmoore: Sabine Walkenbach Marc Barlow: Finlay K\u00fchn Linda Blake: Marion Musiol Tom Schneider: Tim Moeseritz Auktionatorin: Birge Tetzner Auktionsbesucher: Peter Groeger  Regie: Gerd Naumann \/ All Score Media Buch: Harry K\u00fchn Musik: Finlay K\u00fchn Produktionsleitung und Sounddesign: Sonja Geilen Aufnahme und Mischung: Kai Hoffmann Produktion: BRANDTFILM und All Score Media  Spieldauer: ca. 70 Minuten\" \/>\n<meta name=\"robots\" content=\"index, follow, max-snippet:-1, max-image-preview:large, max-video-preview:-1\" \/>\n<link rel=\"canonical\" href=\"https:\/\/www.allscore.de\/shop\/produkt\/filmversteck-im-uhreneck-die-mikrofilm-trilogie-1\/\" \/>\n<meta property=\"og:locale\" content=\"de_DE\" \/>\n<meta property=\"og:type\" content=\"article\" \/>\n<meta property=\"og:title\" content=\"Der Lord &amp; die Zwei (1): Filmversteck im Uhreneck\" \/>\n<meta property=\"og:description\" content=\"July Farrington, Kunstexpertin im Hause Lady Whitmoore, f\u00e4llt dort ein Mikrofilm in die H\u00e4nde, so dass sie der Verdacht beschleicht, ihre Aufraggeberin k\u00f6nnte in einen Spionagefall verwickelt sein. Um dem auf m\u00f6glichst diplomatische Art nachzugehen, wendet sich July an David Endrews. Der TV-Produzent wird ihrem Vertrauen gerecht, indem er jenen von Londons Advokaten hinzuzieht, welcher mit solch heiklen Angelegenheiten bestens umzugehen wei\u00df: Lord Leyton Lawlay Dem Trio stellen sich nun Fragen, wie: Betreibt Lady Whitmoore dubiose Ost-West-Gesch\u00e4fte? Sind hier Machenschaften f\u00fcr oder gegen den MI5 im Gange? Welche Rolle spielt ein gewisser Antikh\u00e4ndler vom Covent Garden?  Lord Leyton Lawlay: Harry K\u00fchn July Farrington: Judith Brandt David Endrews: Charles Rettinghaus Peggy Miller: Ilka Teichm\u00fcller James Conroy: Rainer Brandt Lyonal Moore: Lothar Blumhagen Christine Whitmoore: Sabine Walkenbach Marc Barlow: Finlay K\u00fchn Linda Blake: Marion Musiol Tom Schneider: Tim Moeseritz Auktionatorin: Birge Tetzner Auktionsbesucher: Peter Groeger  Regie: Gerd Naumann \/ All Score Media Buch: Harry K\u00fchn Musik: Finlay K\u00fchn Produktionsleitung und Sounddesign: Sonja Geilen Aufnahme und Mischung: Kai Hoffmann Produktion: BRANDTFILM und All Score Media  Spieldauer: ca. 70 Minuten\" \/>\n<meta property=\"og:url\" content=\"https:\/\/www.allscore.de\/shop\/produkt\/filmversteck-im-uhreneck-die-mikrofilm-trilogie-1\/\" \/>\n<meta property=\"og:site_name\" content=\"Allscore Shop\" \/>\n<meta property=\"article:modified_time\" content=\"2022-06-13T14:21:18+00:00\" \/>\n<meta property=\"og:image\" content=\"https:\/\/www.allscore.de\/shop\/wp-content\/uploads\/2020\/09\/Lord01_1200x1200.jpg\" \/>\n\t<meta property=\"og:image:width\" content=\"1200\" \/>\n\t<meta property=\"og:image:height\" content=\"1200\" \/>\n\t<meta property=\"og:image:type\" content=\"image\/jpeg\" \/>\n<meta name=\"twitter:card\" content=\"summary_large_image\" \/>\n<meta name=\"twitter:label1\" content=\"Gesch\u00e4tzte Lesezeit\" \/>\n\t<meta name=\"twitter:data1\" content=\"1\u00a0Minute\" \/>\n<script type=\"application\/ld+json\" class=\"yoast-schema-graph\">{\"@context\":\"https:\\\/\\\/schema.org\",\"@graph\":[{\"@type\":\"WebPage\",\"@id\":\"https:\\\/\\\/www.allscore.de\\\/shop\\\/produkt\\\/filmversteck-im-uhreneck-die-mikrofilm-trilogie-1\\\/\",\"url\":\"https:\\\/\\\/www.allscore.de\\\/shop\\\/produkt\\\/filmversteck-im-uhreneck-die-mikrofilm-trilogie-1\\\/\",\"name\":\"Der Lord & die Zwei (1): Filmversteck im Uhreneck\",\"isPartOf\":{\"@id\":\"https:\\\/\\\/www.allscore.de\\\/shop\\\/#website\"},\"primaryImageOfPage\":{\"@id\":\"https:\\\/\\\/www.allscore.de\\\/shop\\\/produkt\\\/filmversteck-im-uhreneck-die-mikrofilm-trilogie-1\\\/#primaryimage\"},\"image\":{\"@id\":\"https:\\\/\\\/www.allscore.de\\\/shop\\\/produkt\\\/filmversteck-im-uhreneck-die-mikrofilm-trilogie-1\\\/#primaryimage\"},\"thumbnailUrl\":\"https:\\\/\\\/www.allscore.de\\\/shop\\\/wp-content\\\/uploads\\\/2020\\\/09\\\/Lord01_1200x1200.jpg\",\"datePublished\":\"2017-11-19T21:11:38+00:00\",\"dateModified\":\"2022-06-13T14:21:18+00:00\",\"description\":\"July Farrington, Kunstexpertin im Hause Lady Whitmoore, f\u00e4llt dort ein Mikrofilm in die H\u00e4nde, so dass sie der Verdacht beschleicht, ihre Aufraggeberin k\u00f6nnte in einen Spionagefall verwickelt sein. Um dem auf m\u00f6glichst diplomatische Art nachzugehen, wendet sich July an David Endrews. Der TV-Produzent wird ihrem Vertrauen gerecht, indem er jenen von Londons Advokaten hinzuzieht, welcher mit solch heiklen Angelegenheiten bestens umzugehen wei\u00df: Lord Leyton Lawlay Dem Trio stellen sich nun Fragen, wie: Betreibt Lady Whitmoore dubiose Ost-West-Gesch\u00e4fte? Sind hier Machenschaften f\u00fcr oder gegen den MI5 im Gange? Welche Rolle spielt ein gewisser Antikh\u00e4ndler vom Covent Garden? Lord Leyton Lawlay: Harry K\u00fchn July Farrington: Judith Brandt David Endrews: Charles Rettinghaus Peggy Miller: Ilka Teichm\u00fcller James Conroy: Rainer Brandt Lyonal Moore: Lothar Blumhagen Christine Whitmoore: Sabine Walkenbach Marc Barlow: Finlay K\u00fchn Linda Blake: Marion Musiol Tom Schneider: Tim Moeseritz Auktionatorin: Birge Tetzner Auktionsbesucher: Peter Groeger Regie: Gerd Naumann \\\/ All Score Media Buch: Harry K\u00fchn Musik: Finlay K\u00fchn Produktionsleitung und Sounddesign: Sonja Geilen Aufnahme und Mischung: Kai Hoffmann Produktion: BRANDTFILM und All Score Media Spieldauer: ca. 70 Minuten\",\"breadcrumb\":{\"@id\":\"https:\\\/\\\/www.allscore.de\\\/shop\\\/produkt\\\/filmversteck-im-uhreneck-die-mikrofilm-trilogie-1\\\/#breadcrumb\"},\"inLanguage\":\"de\",\"potentialAction\":[{\"@type\":\"ReadAction\",\"target\":[\"https:\\\/\\\/www.allscore.de\\\/shop\\\/produkt\\\/filmversteck-im-uhreneck-die-mikrofilm-trilogie-1\\\/\"]}]},{\"@type\":\"ImageObject\",\"inLanguage\":\"de\",\"@id\":\"https:\\\/\\\/www.allscore.de\\\/shop\\\/produkt\\\/filmversteck-im-uhreneck-die-mikrofilm-trilogie-1\\\/#primaryimage\",\"url\":\"https:\\\/\\\/www.allscore.de\\\/shop\\\/wp-content\\\/uploads\\\/2020\\\/09\\\/Lord01_1200x1200.jpg\",\"contentUrl\":\"https:\\\/\\\/www.allscore.de\\\/shop\\\/wp-content\\\/uploads\\\/2020\\\/09\\\/Lord01_1200x1200.jpg\",\"width\":1200,\"height\":1200,\"caption\":\"Filmversteck im Uhreneck\"},{\"@type\":\"BreadcrumbList\",\"@id\":\"https:\\\/\\\/www.allscore.de\\\/shop\\\/produkt\\\/filmversteck-im-uhreneck-die-mikrofilm-trilogie-1\\\/#breadcrumb\",\"itemListElement\":[{\"@type\":\"ListItem\",\"position\":1,\"name\":\"Startseite\",\"item\":\"https:\\\/\\\/www.allscore.de\\\/shop\\\/\"},{\"@type\":\"ListItem\",\"position\":2,\"name\":\"Produkte\",\"item\":\"https:\\\/\\\/www.allscore.de\\\/shop\\\/shop\\\/\"},{\"@type\":\"ListItem\",\"position\":3,\"name\":\"Der Lord &#038; die Zwei (1): Filmversteck im Uhreneck\"}]},{\"@type\":\"WebSite\",\"@id\":\"https:\\\/\\\/www.allscore.de\\\/shop\\\/#website\",\"url\":\"https:\\\/\\\/www.allscore.de\\\/shop\\\/\",\"name\":\"Allscore Shop\",\"description\":\"All Score Media\",\"publisher\":{\"@id\":\"https:\\\/\\\/www.allscore.de\\\/shop\\\/#organization\"},\"potentialAction\":[{\"@type\":\"SearchAction\",\"target\":{\"@type\":\"EntryPoint\",\"urlTemplate\":\"https:\\\/\\\/www.allscore.de\\\/shop\\\/?s={search_term_string}\"},\"query-input\":{\"@type\":\"PropertyValueSpecification\",\"valueRequired\":true,\"valueName\":\"search_term_string\"}}],\"inLanguage\":\"de\"},{\"@type\":\"Organization\",\"@id\":\"https:\\\/\\\/www.allscore.de\\\/shop\\\/#organization\",\"name\":\"All Score Media\",\"alternateName\":\"Allscore\",\"url\":\"https:\\\/\\\/www.allscore.de\\\/shop\\\/\",\"logo\":{\"@type\":\"ImageObject\",\"inLanguage\":\"de\",\"@id\":\"https:\\\/\\\/www.allscore.de\\\/shop\\\/#\\\/schema\\\/logo\\\/image\\\/\",\"url\":\"https:\\\/\\\/www.allscore.de\\\/shop\\\/wp-content\\\/uploads\\\/2026\\\/01\\\/Logo_Yoast_Shop_2026.png\",\"contentUrl\":\"https:\\\/\\\/www.allscore.de\\\/shop\\\/wp-content\\\/uploads\\\/2026\\\/01\\\/Logo_Yoast_Shop_2026.png\",\"width\":696,\"height\":696,\"caption\":\"All Score Media\"},\"image\":{\"@id\":\"https:\\\/\\\/www.allscore.de\\\/shop\\\/#\\\/schema\\\/logo\\\/image\\\/\"}}]}<\/script>\n<!-- \/ Yoast SEO plugin. -->","yoast_head_json":{"title":"Der Lord & die Zwei (1): Filmversteck im Uhreneck","description":"July Farrington, Kunstexpertin im Hause Lady Whitmoore, f\u00e4llt dort ein Mikrofilm in die H\u00e4nde, so dass sie der Verdacht beschleicht, ihre Aufraggeberin k\u00f6nnte in einen Spionagefall verwickelt sein. Um dem auf m\u00f6glichst diplomatische Art nachzugehen, wendet sich July an David Endrews. Der TV-Produzent wird ihrem Vertrauen gerecht, indem er jenen von Londons Advokaten hinzuzieht, welcher mit solch heiklen Angelegenheiten bestens umzugehen wei\u00df: Lord Leyton Lawlay Dem Trio stellen sich nun Fragen, wie: Betreibt Lady Whitmoore dubiose Ost-West-Gesch\u00e4fte? Sind hier Machenschaften f\u00fcr oder gegen den MI5 im Gange? Welche Rolle spielt ein gewisser Antikh\u00e4ndler vom Covent Garden?  Lord Leyton Lawlay: Harry K\u00fchn July Farrington: Judith Brandt David Endrews: Charles Rettinghaus Peggy Miller: Ilka Teichm\u00fcller James Conroy: Rainer Brandt Lyonal Moore: Lothar Blumhagen Christine Whitmoore: Sabine Walkenbach Marc Barlow: Finlay K\u00fchn Linda Blake: Marion Musiol Tom Schneider: Tim Moeseritz Auktionatorin: Birge Tetzner Auktionsbesucher: Peter Groeger  Regie: Gerd Naumann \/ All Score Media Buch: Harry K\u00fchn Musik: Finlay K\u00fchn Produktionsleitung und Sounddesign: Sonja Geilen Aufnahme und Mischung: Kai Hoffmann Produktion: BRANDTFILM und All Score Media  Spieldauer: ca. 70 Minuten","robots":{"index":"index","follow":"follow","max-snippet":"max-snippet:-1","max-image-preview":"max-image-preview:large","max-video-preview":"max-video-preview:-1"},"canonical":"https:\/\/www.allscore.de\/shop\/produkt\/filmversteck-im-uhreneck-die-mikrofilm-trilogie-1\/","og_locale":"de_DE","og_type":"article","og_title":"Der Lord & die Zwei (1): Filmversteck im Uhreneck","og_description":"July Farrington, Kunstexpertin im Hause Lady Whitmoore, f\u00e4llt dort ein Mikrofilm in die H\u00e4nde, so dass sie der Verdacht beschleicht, ihre Aufraggeberin k\u00f6nnte in einen Spionagefall verwickelt sein. Um dem auf m\u00f6glichst diplomatische Art nachzugehen, wendet sich July an David Endrews. Der TV-Produzent wird ihrem Vertrauen gerecht, indem er jenen von Londons Advokaten hinzuzieht, welcher mit solch heiklen Angelegenheiten bestens umzugehen wei\u00df: Lord Leyton Lawlay Dem Trio stellen sich nun Fragen, wie: Betreibt Lady Whitmoore dubiose Ost-West-Gesch\u00e4fte? Sind hier Machenschaften f\u00fcr oder gegen den MI5 im Gange? Welche Rolle spielt ein gewisser Antikh\u00e4ndler vom Covent Garden?  Lord Leyton Lawlay: Harry K\u00fchn July Farrington: Judith Brandt David Endrews: Charles Rettinghaus Peggy Miller: Ilka Teichm\u00fcller James Conroy: Rainer Brandt Lyonal Moore: Lothar Blumhagen Christine Whitmoore: Sabine Walkenbach Marc Barlow: Finlay K\u00fchn Linda Blake: Marion Musiol Tom Schneider: Tim Moeseritz Auktionatorin: Birge Tetzner Auktionsbesucher: Peter Groeger  Regie: Gerd Naumann \/ All Score Media Buch: Harry K\u00fchn Musik: Finlay K\u00fchn Produktionsleitung und Sounddesign: Sonja Geilen Aufnahme und Mischung: Kai Hoffmann Produktion: BRANDTFILM und All Score Media  Spieldauer: ca. 70 Minuten","og_url":"https:\/\/www.allscore.de\/shop\/produkt\/filmversteck-im-uhreneck-die-mikrofilm-trilogie-1\/","og_site_name":"Allscore Shop","article_modified_time":"2022-06-13T14:21:18+00:00","og_image":[{"width":1200,"height":1200,"url":"https:\/\/www.allscore.de\/shop\/wp-content\/uploads\/2020\/09\/Lord01_1200x1200.jpg","type":"image\/jpeg"}],"twitter_card":"summary_large_image","twitter_misc":{"Gesch\u00e4tzte Lesezeit":"1\u00a0Minute"},"schema":{"@context":"https:\/\/schema.org","@graph":[{"@type":"WebPage","@id":"https:\/\/www.allscore.de\/shop\/produkt\/filmversteck-im-uhreneck-die-mikrofilm-trilogie-1\/","url":"https:\/\/www.allscore.de\/shop\/produkt\/filmversteck-im-uhreneck-die-mikrofilm-trilogie-1\/","name":"Der Lord & die Zwei (1): Filmversteck im Uhreneck","isPartOf":{"@id":"https:\/\/www.allscore.de\/shop\/#website"},"primaryImageOfPage":{"@id":"https:\/\/www.allscore.de\/shop\/produkt\/filmversteck-im-uhreneck-die-mikrofilm-trilogie-1\/#primaryimage"},"image":{"@id":"https:\/\/www.allscore.de\/shop\/produkt\/filmversteck-im-uhreneck-die-mikrofilm-trilogie-1\/#primaryimage"},"thumbnailUrl":"https:\/\/www.allscore.de\/shop\/wp-content\/uploads\/2020\/09\/Lord01_1200x1200.jpg","datePublished":"2017-11-19T21:11:38+00:00","dateModified":"2022-06-13T14:21:18+00:00","description":"July Farrington, Kunstexpertin im Hause Lady Whitmoore, f\u00e4llt dort ein Mikrofilm in die H\u00e4nde, so dass sie der Verdacht beschleicht, ihre Aufraggeberin k\u00f6nnte in einen Spionagefall verwickelt sein. Um dem auf m\u00f6glichst diplomatische Art nachzugehen, wendet sich July an David Endrews. Der TV-Produzent wird ihrem Vertrauen gerecht, indem er jenen von Londons Advokaten hinzuzieht, welcher mit solch heiklen Angelegenheiten bestens umzugehen wei\u00df: Lord Leyton Lawlay Dem Trio stellen sich nun Fragen, wie: Betreibt Lady Whitmoore dubiose Ost-West-Gesch\u00e4fte? Sind hier Machenschaften f\u00fcr oder gegen den MI5 im Gange? Welche Rolle spielt ein gewisser Antikh\u00e4ndler vom Covent Garden? Lord Leyton Lawlay: Harry K\u00fchn July Farrington: Judith Brandt David Endrews: Charles Rettinghaus Peggy Miller: Ilka Teichm\u00fcller James Conroy: Rainer Brandt Lyonal Moore: Lothar Blumhagen Christine Whitmoore: Sabine Walkenbach Marc Barlow: Finlay K\u00fchn Linda Blake: Marion Musiol Tom Schneider: Tim Moeseritz Auktionatorin: Birge Tetzner Auktionsbesucher: Peter Groeger Regie: Gerd Naumann \/ All Score Media Buch: Harry K\u00fchn Musik: Finlay K\u00fchn Produktionsleitung und Sounddesign: Sonja Geilen Aufnahme und Mischung: Kai Hoffmann Produktion: BRANDTFILM und All Score Media Spieldauer: ca. 70 Minuten","breadcrumb":{"@id":"https:\/\/www.allscore.de\/shop\/produkt\/filmversteck-im-uhreneck-die-mikrofilm-trilogie-1\/#breadcrumb"},"inLanguage":"de","potentialAction":[{"@type":"ReadAction","target":["https:\/\/www.allscore.de\/shop\/produkt\/filmversteck-im-uhreneck-die-mikrofilm-trilogie-1\/"]}]},{"@type":"ImageObject","inLanguage":"de","@id":"https:\/\/www.allscore.de\/shop\/produkt\/filmversteck-im-uhreneck-die-mikrofilm-trilogie-1\/#primaryimage","url":"https:\/\/www.allscore.de\/shop\/wp-content\/uploads\/2020\/09\/Lord01_1200x1200.jpg","contentUrl":"https:\/\/www.allscore.de\/shop\/wp-content\/uploads\/2020\/09\/Lord01_1200x1200.jpg","width":1200,"height":1200,"caption":"Filmversteck im Uhreneck"},{"@type":"BreadcrumbList","@id":"https:\/\/www.allscore.de\/shop\/produkt\/filmversteck-im-uhreneck-die-mikrofilm-trilogie-1\/#breadcrumb","itemListElement":[{"@type":"ListItem","position":1,"name":"Startseite","item":"https:\/\/www.allscore.de\/shop\/"},{"@type":"ListItem","position":2,"name":"Produkte","item":"https:\/\/www.allscore.de\/shop\/shop\/"},{"@type":"ListItem","position":3,"name":"Der Lord &#038; die Zwei (1): Filmversteck im Uhreneck"}]},{"@type":"WebSite","@id":"https:\/\/www.allscore.de\/shop\/#website","url":"https:\/\/www.allscore.de\/shop\/","name":"Allscore Shop","description":"All Score Media","publisher":{"@id":"https:\/\/www.allscore.de\/shop\/#organization"},"potentialAction":[{"@type":"SearchAction","target":{"@type":"EntryPoint","urlTemplate":"https:\/\/www.allscore.de\/shop\/?s={search_term_string}"},"query-input":{"@type":"PropertyValueSpecification","valueRequired":true,"valueName":"search_term_string"}}],"inLanguage":"de"},{"@type":"Organization","@id":"https:\/\/www.allscore.de\/shop\/#organization","name":"All Score Media","alternateName":"Allscore","url":"https:\/\/www.allscore.de\/shop\/","logo":{"@type":"ImageObject","inLanguage":"de","@id":"https:\/\/www.allscore.de\/shop\/#\/schema\/logo\/image\/","url":"https:\/\/www.allscore.de\/shop\/wp-content\/uploads\/2026\/01\/Logo_Yoast_Shop_2026.png","contentUrl":"https:\/\/www.allscore.de\/shop\/wp-content\/uploads\/2026\/01\/Logo_Yoast_Shop_2026.png","width":696,"height":696,"caption":"All Score Media"},"image":{"@id":"https:\/\/www.allscore.de\/shop\/#\/schema\/logo\/image\/"}}]}},"_links":{"self":[{"href":"https:\/\/www.allscore.de\/shop\/wp-json\/wp\/v2\/product\/7914","targetHints":{"allow":["GET"]}}],"collection":[{"href":"https:\/\/www.allscore.de\/shop\/wp-json\/wp\/v2\/product"}],"about":[{"href":"https:\/\/www.allscore.de\/shop\/wp-json\/wp\/v2\/types\/product"}],"wp:featuredmedia":[{"embeddable":true,"href":"https:\/\/www.allscore.de\/shop\/wp-json\/wp\/v2\/media\/7953"}],"wp:attachment":[{"href":"https:\/\/www.allscore.de\/shop\/wp-json\/wp\/v2\/media?parent=7914"}],"wp:term":[{"taxonomy":"product_brand","embeddable":true,"href":"https:\/\/www.allscore.de\/shop\/wp-json\/wp\/v2\/product_brand?post=7914"},{"taxonomy":"product_cat","embeddable":true,"href":"https:\/\/www.allscore.de\/shop\/wp-json\/wp\/v2\/product_cat?post=7914"},{"taxonomy":"product_tag","embeddable":true,"href":"https:\/\/www.allscore.de\/shop\/wp-json\/wp\/v2\/product_tag?post=7914"}],"curies":[{"name":"wp","href":"https:\/\/api.w.org\/{rel}","templated":true}]}}